{"id":95117,"date":"2024-07-10T14:35:49","date_gmt":"2024-07-10T12:35:49","guid":{"rendered":"https:\/\/clair.si\/izdelek\/marstall-bodyform\/"},"modified":"2025-10-06T23:05:59","modified_gmt":"2025-10-06T21:05:59","slug":"marstall-bodyform","status":"publish","type":"product","link":"https:\/\/clair.si\/hr\/izdelek\/marstall-bodyform\/","title":{"rendered":"Marstall BodyForm"},"content":{"rendered":"<p><strong>Hrana sa smanjenim udjelom \u0161kroba za izgradnju tijela.<\/strong><\/p>\n<p>Gradi tjelesnu masu. Podr\u017eava razvoj mi\u0161i\u0107a. Visoko kalori\u010dan, bez zobi. Sa strukturom koja poti\u010de \u017evakanje.<\/p>\n<p>Marstall BodyForm-M\u00fcsli je <strong>idealan izbor za mr\u0161ave konje<\/strong>, koji moraju dobiti na tjelesnoj te\u017eini. Osigurava visok izvor energije s relativno niskim udjelom \u0161kroba, \u0161to dovodi samo do umjerenog pove\u0107anja \u0161e\u0107era u krvi i ne \u010dini konja pretjerano aktivnim. Uravnote\u017eena receptura BodyForm-M\u00fcsli je <strong>dobra za \u017eeludac i crijeva<\/strong> te sadr\u017ei sve preporu\u010dene minerale i elemente u tragovima u dovoljnim koli\u010dinama.<\/p>\n<p><strong>Marstall BodyForm-M\u00fcsli poma\u017ee mr\u0161avim konjima posti\u0107i harmoni\u010dan tjelesni izgled.<\/strong><\/p>\n<p>Postoje razli\u010diti razlozi za premalu tjelesnu te\u017einu kod konja, kao \u0161to su spora probava, smanjen unos hranjivih tvari ili gubitak tjelesne mase zbog bolesti ili razdoblja odmora. Osim toga, mladi konji u uzbudljivom vremenu uhodavanja mogu izgubiti tjelesnu masu.<\/p>\n<p>BodyForm-M\u00fcsli nudi optimalno rje\u0161enje za sve te situacije sa svojim energetski bogatim sastavom i niskim udjelom \u0161kroba. Macerirane pahuljice kukuruza i lako probavljivo ulje osiguravaju potrebnu energiju, dok prirodni izvori proteina iz soje, lana i uljane repice podupiru mi\u0161i\u0107e. Lucerna, briketi trave i jabu\u010dni pektin pridonose dobrom stanju \u017eeluca i crijeva. Zahvaljuju\u0107i potpunoj mineralizaciji BodyForm-M\u00fcslija, dodatna mineralna hrana nije potrebna ako se hrani preporu\u010dena koli\u010dina.<\/p>\n<p>Sastav: Pahuljice kukuruza, sojina sa\u010dma, su\u0161ena pulpa melase \u0161e\u0107erne repe, trava, su\u0161ena na visokoj temperaturi, su\u0161ena jabu\u010dna pulpa, sojine pahuljice, rafinirano ulje uljane repice, otvoreno laneno sjeme, su\u0161ena lucerna\/ lucerna su\u0161ena na visokoj temperaturi, melasa \u0161e\u0107erne repe, ekstrakcijsko bra\u0161no uljane repice, kalcijev karbonat, natrijev klorid, magnezijev oksid.<\/p>\n<p>Analiza hranjive vrijednosti i energije po kg:<br \/>\nSirove bjelan\u010devine: 15,50 %; Pcd* sirove bjelan\u010devine: 105,00 g; Sirova mast: 8,90 %; Sirova vlakna: 9,90 %; Sirovi pepeo: 6,50 %; Energija (DE)**: 12,40 MJ; Energija (ME)**: 11,30 MJ; Kalcij: 0,70 %, Fosfor: 0,30 %; Natrij: 0,35 %; Magnezij: 0,35 %; \u0160krob: 23,50 %.Amino kiseline:Lizin*: 0,60 %; SAS (metionin + cistein)*: 0,40 %; Treonin*: 0,45 %; Triptofan*: 0,15 %; Valin*: 0,55 %*predcekakalna probavljivost = probavljivo u tankom crijevu = na raspolaganju **po Kuchlerju 2023 Analiza hranjive vrijednosti i energije po kg: U masti topljivi vitamini: Vitamin A: 10.000,00 I.E.; Vitamin D3: 3900,00 I.E.; Vitamin E: 750,00 mg. Vitamini topljivi u vodi: Vitamin C: 70,00 mg; Vitamin B1: 22,00 mg; Vitamin B2: 90,00 mcg; Vitamin B6\/piridoksin hidroklorid: 22,00 mg; Vitamin B12: 90,00 mcg; Biotin: 900,00 mcg; Folna kiselina: 9,00 mg; Holin klorid: 240,00 mg; Kalcijev-D-pantotenat: 28,00 mg; Niacin: 20,00 mg.Elementi u tragovima: \u017deljezo (monohidrat \u017eeljezov (II) sulfat): 135,00 mg; Bakar (bakrov-(II)-sulfat, pentahidrat): 45,00 mg; Cink (cinkov oksid): 250,00 mg; Mangan (manganov-(II)-oksid): 100,00 mg; Kalcijev jodat, bezvodni: 0,85 mg; Selen (natrijev selenit): 0,80 mg.<\/p>\n","protected":false},"excerpt":{"rendered":"<p><strong>Za ovaj proizvod se zbog dimenzija ili te\u017eine obra\u010dunavaju dodatni tro\u0161kovi dostave u iznosu od 15 \u20ac \/ kom.<\/strong><\/p>\n<ul>\n<li>gradi tjelesnu masu<\/li>\n<li>podr\u017eava razvoj mi\u0161i\u0107a<\/li>\n<li>bez zobi<\/li>\n<li>visoko kalori\u010dan<\/li>\n<li>poti\u010de \u017evakanje<\/li>\n<\/ul>\n<p><strong>Koli\u010dina: 20kg<\/strong><\/p>\n<p>&nbsp;<\/p>\n","protected":false},"featured_media":120011,"template":"","meta":{"footnotes":""},"product_brand":[],"product_cat":[5710,6089,6163],"product_tag":[],"class_list":{"0":"post-95117","1":"product","2":"type-product","3":"status-publish","4":"has-post-thumbnail","6":"product_cat-hrana-za-konje-hr","7":"product_cat-marstall-hr","8":"product_cat-univerzalna-linija","9":"product_shipping_class-marstall-hr","11":"first","12":"instock","13":"shipping-taxable","14":"purchasable","15":"product-type-simple"},"yoast_head":"<!-- This site is optimized with the Yoast SEO plugin v27.3 - https:\/\/yoast.com\/product\/yoast-seo-wordpress\/ -->\n<title>Marstall BodyForm - Clair<\/title>\n<meta name=\"description\" content=\"Je li va\u0161 konj premr\u0161av i bez mi\u0161i\u0107a? Imamo rje\u0161enje! Marstall predstavlja BodyForm musli. Osigurajte najbolju hranu za svog konja sada.\" \/>\n<meta name=\"robots\" content=\"index, follow, max-snippet:-1, max-image-preview:large, max-video-preview:-1\" \/>\n<link rel=\"canonical\" href=\"https:\/\/clair.si\/izdelek\/marstall-bodyform-musli\/\" \/>\n<meta property=\"og:locale\" content=\"hr_HR\" \/>\n<meta property=\"og:type\" content=\"article\" \/>\n<meta property=\"og:title\" content=\"Marstall BodyForm - Clair\" \/>\n<meta property=\"og:description\" content=\"Je li va\u0161 konj premr\u0161av i bez mi\u0161i\u0107a? Imamo rje\u0161enje! Marstall predstavlja BodyForm musli. Osigurajte najbolju hranu za svog konja sada.\" \/>\n<meta property=\"og:url\" content=\"https:\/\/clair.si\/izdelek\/marstall-bodyform-musli\/\" \/>\n<meta property=\"og:site_name\" content=\"Clair\" \/>\n<meta property=\"article:publisher\" content=\"https:\/\/www.facebook.com\/TrgovinaClair\/\" \/>\n<meta property=\"article:modified_time\" content=\"2025-10-06T21:05:59+00:00\" \/>\n<meta property=\"og:image\" content=\"https:\/\/clair.si\/wp-content\/uploads\/2024\/07\/bodyfrom-jpg.avif\" \/>\n\t<meta property=\"og:image:width\" content=\"1000\" \/>\n\t<meta property=\"og:image:height\" content=\"1000\" \/>\n\t<meta property=\"og:image:type\" content=\"image\/jpeg\" \/>\n<meta name=\"twitter:card\" content=\"summary_large_image\" \/>\n<meta name=\"twitter:label1\" content=\"Procijenjeno vrijeme \u010ditanja\" \/>\n\t<meta name=\"twitter:data1\" content=\"3 minute\" \/>\n<script type=\"application\/ld+json\" class=\"yoast-schema-graph\">{\"@context\":\"https:\\\/\\\/schema.org\",\"@graph\":[{\"@type\":\"WebPage\",\"@id\":\"https:\\\/\\\/clair.si\\\/izdelek\\\/marstall-bodyform-musli\\\/\",\"url\":\"https:\\\/\\\/clair.si\\\/izdelek\\\/marstall-bodyform-musli\\\/\",\"name\":\"Marstall BodyForm - Clair\",\"isPartOf\":{\"@id\":\"https:\\\/\\\/clair.si\\\/#website\"},\"primaryImageOfPage\":{\"@id\":\"https:\\\/\\\/clair.si\\\/izdelek\\\/marstall-bodyform-musli\\\/#primaryimage\"},\"image\":{\"@id\":\"https:\\\/\\\/clair.si\\\/izdelek\\\/marstall-bodyform-musli\\\/#primaryimage\"},\"thumbnailUrl\":\"https:\\\/\\\/clair.si\\\/wp-content\\\/uploads\\\/2024\\\/07\\\/Bodyform.webp\",\"datePublished\":\"2024-07-10T12:35:49+00:00\",\"dateModified\":\"2025-10-06T21:05:59+00:00\",\"description\":\"Je li va\u0161 konj premr\u0161av i bez mi\u0161i\u0107a? Imamo rje\u0161enje! Marstall predstavlja BodyForm musli. Osigurajte najbolju hranu za svog konja sada.\",\"breadcrumb\":{\"@id\":\"https:\\\/\\\/clair.si\\\/izdelek\\\/marstall-bodyform-musli\\\/#breadcrumb\"},\"inLanguage\":\"hr\",\"potentialAction\":[{\"@type\":\"ReadAction\",\"target\":[\"https:\\\/\\\/clair.si\\\/izdelek\\\/marstall-bodyform-musli\\\/\"]}]},{\"@type\":\"ImageObject\",\"inLanguage\":\"hr\",\"@id\":\"https:\\\/\\\/clair.si\\\/izdelek\\\/marstall-bodyform-musli\\\/#primaryimage\",\"url\":\"https:\\\/\\\/clair.si\\\/wp-content\\\/uploads\\\/2024\\\/07\\\/Bodyform.webp\",\"contentUrl\":\"https:\\\/\\\/clair.si\\\/wp-content\\\/uploads\\\/2024\\\/07\\\/Bodyform.webp\",\"width\":800,\"height\":800},{\"@type\":\"BreadcrumbList\",\"@id\":\"https:\\\/\\\/clair.si\\\/izdelek\\\/marstall-bodyform-musli\\\/#breadcrumb\",\"itemListElement\":[{\"@type\":\"ListItem\",\"position\":1,\"name\":\"Home\",\"item\":\"https:\\\/\\\/clair.si\\\/hr\\\/\"},{\"@type\":\"ListItem\",\"position\":2,\"name\":\"Trgovina\",\"item\":\"https:\\\/\\\/clair.si\\\/trgovina\\\/\"},{\"@type\":\"ListItem\",\"position\":3,\"name\":\"Marstall BodyForm\"}]},{\"@type\":\"WebSite\",\"@id\":\"https:\\\/\\\/clair.si\\\/#website\",\"url\":\"https:\\\/\\\/clair.si\\\/\",\"name\":\"Clair\",\"description\":\"Trgovina s konjeni\u0161ko opremo\",\"publisher\":{\"@id\":\"https:\\\/\\\/clair.si\\\/#organization\"},\"potentialAction\":[{\"@type\":\"SearchAction\",\"target\":{\"@type\":\"EntryPoint\",\"urlTemplate\":\"https:\\\/\\\/clair.si\\\/?s={search_term_string}\"},\"query-input\":{\"@type\":\"PropertyValueSpecification\",\"valueRequired\":true,\"valueName\":\"search_term_string\"}}],\"inLanguage\":\"hr\"},{\"@type\":\"Organization\",\"@id\":\"https:\\\/\\\/clair.si\\\/#organization\",\"name\":\"Clair\",\"url\":\"https:\\\/\\\/clair.si\\\/\",\"logo\":{\"@type\":\"ImageObject\",\"inLanguage\":\"hr\",\"@id\":\"https:\\\/\\\/clair.si\\\/#\\\/schema\\\/logo\\\/image\\\/\",\"url\":\"https:\\\/\\\/clair.si\\\/wp-content\\\/uploads\\\/2022\\\/11\\\/clair_logo_2022.jpg\",\"contentUrl\":\"https:\\\/\\\/clair.si\\\/wp-content\\\/uploads\\\/2022\\\/11\\\/clair_logo_2022.jpg\",\"width\":1920,\"height\":1920,\"caption\":\"Clair\"},\"image\":{\"@id\":\"https:\\\/\\\/clair.si\\\/#\\\/schema\\\/logo\\\/image\\\/\"},\"sameAs\":[\"https:\\\/\\\/www.facebook.com\\\/TrgovinaClair\\\/\"]}]}<\/script>\n<!-- \/ Yoast SEO plugin. -->","yoast_head_json":{"title":"Marstall BodyForm - Clair","description":"Je li va\u0161 konj premr\u0161av i bez mi\u0161i\u0107a? Imamo rje\u0161enje! Marstall predstavlja BodyForm musli. Osigurajte najbolju hranu za svog konja sada.","robots":{"index":"index","follow":"follow","max-snippet":"max-snippet:-1","max-image-preview":"max-image-preview:large","max-video-preview":"max-video-preview:-1"},"canonical":"https:\/\/clair.si\/izdelek\/marstall-bodyform-musli\/","og_locale":"hr_HR","og_type":"article","og_title":"Marstall BodyForm - Clair","og_description":"Je li va\u0161 konj premr\u0161av i bez mi\u0161i\u0107a? Imamo rje\u0161enje! Marstall predstavlja BodyForm musli. Osigurajte najbolju hranu za svog konja sada.","og_url":"https:\/\/clair.si\/izdelek\/marstall-bodyform-musli\/","og_site_name":"Clair","article_publisher":"https:\/\/www.facebook.com\/TrgovinaClair\/","article_modified_time":"2025-10-06T21:05:59+00:00","og_image":[{"width":1000,"height":1000,"url":"https:\/\/clair.si\/wp-content\/uploads\/2024\/07\/bodyfrom-jpg.avif","type":"image\/jpeg"}],"twitter_card":"summary_large_image","twitter_misc":{"Procijenjeno vrijeme \u010ditanja":"3 minute"},"schema":{"@context":"https:\/\/schema.org","@graph":[{"@type":"WebPage","@id":"https:\/\/clair.si\/izdelek\/marstall-bodyform-musli\/","url":"https:\/\/clair.si\/izdelek\/marstall-bodyform-musli\/","name":"Marstall BodyForm - Clair","isPartOf":{"@id":"https:\/\/clair.si\/#website"},"primaryImageOfPage":{"@id":"https:\/\/clair.si\/izdelek\/marstall-bodyform-musli\/#primaryimage"},"image":{"@id":"https:\/\/clair.si\/izdelek\/marstall-bodyform-musli\/#primaryimage"},"thumbnailUrl":"https:\/\/clair.si\/wp-content\/uploads\/2024\/07\/Bodyform.webp","datePublished":"2024-07-10T12:35:49+00:00","dateModified":"2025-10-06T21:05:59+00:00","description":"Je li va\u0161 konj premr\u0161av i bez mi\u0161i\u0107a? Imamo rje\u0161enje! Marstall predstavlja BodyForm musli. Osigurajte najbolju hranu za svog konja sada.","breadcrumb":{"@id":"https:\/\/clair.si\/izdelek\/marstall-bodyform-musli\/#breadcrumb"},"inLanguage":"hr","potentialAction":[{"@type":"ReadAction","target":["https:\/\/clair.si\/izdelek\/marstall-bodyform-musli\/"]}]},{"@type":"ImageObject","inLanguage":"hr","@id":"https:\/\/clair.si\/izdelek\/marstall-bodyform-musli\/#primaryimage","url":"https:\/\/clair.si\/wp-content\/uploads\/2024\/07\/Bodyform.webp","contentUrl":"https:\/\/clair.si\/wp-content\/uploads\/2024\/07\/Bodyform.webp","width":800,"height":800},{"@type":"BreadcrumbList","@id":"https:\/\/clair.si\/izdelek\/marstall-bodyform-musli\/#breadcrumb","itemListElement":[{"@type":"ListItem","position":1,"name":"Home","item":"https:\/\/clair.si\/hr\/"},{"@type":"ListItem","position":2,"name":"Trgovina","item":"https:\/\/clair.si\/trgovina\/"},{"@type":"ListItem","position":3,"name":"Marstall BodyForm"}]},{"@type":"WebSite","@id":"https:\/\/clair.si\/#website","url":"https:\/\/clair.si\/","name":"Clair","description":"Trgovina s konjeni\u0161ko opremo","publisher":{"@id":"https:\/\/clair.si\/#organization"},"potentialAction":[{"@type":"SearchAction","target":{"@type":"EntryPoint","urlTemplate":"https:\/\/clair.si\/?s={search_term_string}"},"query-input":{"@type":"PropertyValueSpecification","valueRequired":true,"valueName":"search_term_string"}}],"inLanguage":"hr"},{"@type":"Organization","@id":"https:\/\/clair.si\/#organization","name":"Clair","url":"https:\/\/clair.si\/","logo":{"@type":"ImageObject","inLanguage":"hr","@id":"https:\/\/clair.si\/#\/schema\/logo\/image\/","url":"https:\/\/clair.si\/wp-content\/uploads\/2022\/11\/clair_logo_2022.jpg","contentUrl":"https:\/\/clair.si\/wp-content\/uploads\/2022\/11\/clair_logo_2022.jpg","width":1920,"height":1920,"caption":"Clair"},"image":{"@id":"https:\/\/clair.si\/#\/schema\/logo\/image\/"},"sameAs":["https:\/\/www.facebook.com\/TrgovinaClair\/"]}]}},"_links":{"self":[{"href":"https:\/\/clair.si\/hr\/wp-json\/wp\/v2\/product\/95117","targetHints":{"allow":["GET"]}}],"collection":[{"href":"https:\/\/clair.si\/hr\/wp-json\/wp\/v2\/product"}],"about":[{"href":"https:\/\/clair.si\/hr\/wp-json\/wp\/v2\/types\/product"}],"version-history":[{"count":0,"href":"https:\/\/clair.si\/hr\/wp-json\/wp\/v2\/product\/95117\/revisions"}],"wp:featuredmedia":[{"embeddable":true,"href":"https:\/\/clair.si\/hr\/wp-json\/wp\/v2\/media\/120011"}],"wp:attachment":[{"href":"https:\/\/clair.si\/hr\/wp-json\/wp\/v2\/media?parent=95117"}],"wp:term":[{"taxonomy":"product_brand","embeddable":true,"href":"https:\/\/clair.si\/hr\/wp-json\/wp\/v2\/product_brand?post=95117"},{"taxonomy":"product_cat","embeddable":true,"href":"https:\/\/clair.si\/hr\/wp-json\/wp\/v2\/product_cat?post=95117"},{"taxonomy":"product_tag","embeddable":true,"href":"https:\/\/clair.si\/hr\/wp-json\/wp\/v2\/product_tag?post=95117"}],"curies":[{"name":"wp","href":"https:\/\/api.w.org\/{rel}","templated":true}]}}