{"id":95127,"date":"2024-07-12T07:57:19","date_gmt":"2024-07-12T05:57:19","guid":{"rendered":"https:\/\/clair.si\/izdelek\/sisac-za-pse-macke-i-konje-heiniger-opal\/"},"modified":"2025-08-28T07:32:17","modified_gmt":"2025-08-28T05:32:17","slug":"sisac-za-pse-macke-i-konje-heiniger-opal","status":"publish","type":"product","link":"https:\/\/clair.si\/hr\/izdelek\/sisac-za-pse-macke-i-konje-heiniger-opal\/","title":{"rendered":"Heiniger Opal trimer za pse, ma\u010dke i konje"},"content":{"rendered":"<p><strong>Baterijski trimer za pse, ma\u010dke i konje Heiniger Opal je nasljednik stroj\u010deka linije Saphir<\/strong>. Odlikuje ga <strong>dvostruka brzina \u0161i\u0161anja, koja s 3100 okretaja u minuti<\/strong> obara sve rekorde me\u0111u stroj\u010dekima za \u0161i\u0161anje pasa. <\/p>\n<p>Sna\u017ena baterija osigurava <strong>do 240 minuta neprekidnog rada<\/strong> stroj\u010deka pri maksimalnom optere\u0107enju motora. Heiniger Opal baterijski stroj\u010dek za \u0161i\u0161anje pasa ima u usporedbi s Heinger Saphir stroj\u010dekima dvostruku brzinu \u0161i\u0161anja i du\u017ee vrijeme \u0161i\u0161anja s baterijom, stoga je primjeren i za \u0161i\u0161anje konja i goveda. <\/p>\n<p><strong><span class=\"VIiyi\" lang=\"sl\"><span class=\"JLqJ4b ChMk0b\" data-language-for-alternatives=\"sl\" data-language-to-translate-into=\"en\" data-phrase-index=\"20\" data-number-of-phrases=\"26\">Za potpuno punjenje baterije potrebno vam je samo jedan sat!<\/span><\/span><\/strong><\/p>\n<p>&#8211; vrlo tihi rad, niske vibracije, ergonomski oblik, vrlo lagan<br \/>\n&#8211; radno vrijeme baterije do 240 min<br \/>\n&#8211; neusporediva snaga motora<br \/>\n&#8211; ergonomski oblik<br \/>\n&#8211; 2 brzine \u0161i\u0161anja (2600 okr\/min odnosno 3100 okr\/min). Druga brzina osigurava uspje\u0161no \u0161i\u0161anje i zamr\u0161ene, prljave i vrlo guste dlake.<br \/>\n&#8211; prikaz napunjenosti baterije<\/p>\n<p><strong><span class=\"VIiyi\" lang=\"sl\"><span class=\"JLqJ4b ChMk0b\" data-language-for-alternatives=\"sl\" data-language-to-translate-into=\"en\" data-phrase-index=\"25\" data-number-of-phrases=\"26\">  Stru\u010dnjaci tako mogu raditi bez truda \u2013 trimer za pse, ma\u010dke i konje Heiniger Opal primjeren je bilo za njegu, veterinarsko brijanje pred aplikaciju ili za oblikovanje krzna pasa, ma\u010daka, konja i goveda.<\/span><\/span><\/strong><\/p>\n<p>Komplet Heiniger Opal sastavlja:<br \/>\n&#8211; Heiniger Opal baterijski stroj\u010dek za \u0161i\u0161anje pasa<br \/>\n&#8211; Heiniger no\u017ei Snap On veli\u010dine 10 (1,5 mm)<br \/>\n&#8211; 1 Heiniger baterija<br \/>\n&#8211; Heiniger ulje za mazanje<br \/>\n&#8211; Heiniger punionica i nosa\u010d za bateriju<br \/>\n&#8211; Heiniger \u010detka za \u010di\u0161\u0107enje nastavaka<br \/>\n&#8211; kabel za punionicu<\/p>\n<p>Tehni\u010dke karakteristike Heiniger Opal elektri\u010dnih \u0161kara za male \u017eivotinje, konje i govedo:<br \/>\n1. brzina: 2600 dvostrukih gibova\/min<br \/>\n2. brzina: 3100 dvostrukih gibova\/min<\/p>\n<p>Mjere visina 204 mm x duljina 50 mm x \u0161irina 44 mm.<\/p>\n<p><iframe loading=\"lazy\" title=\"Heiniger Opal - Cordless battery clipper\" width=\"500\" height=\"281\" src=\"https:\/\/www.youtube.com\/embed\/ov96R3GvmCk?feature=oembed\" frameborder=\"0\" allow=\"accelerometer; autoplay; clipboard-write; encrypted-media; gyroscope; picture-in-picture; web-share\" referrerpolicy=\"strict-origin-when-cross-origin\" allowfullscreen><\/iframe><\/p>\n<p>&nbsp;<\/p>\n","protected":false},"excerpt":{"rendered":"<p><strong>Primjeren za:<\/strong><\/p>\n<p><img loading=\"lazy\" decoding=\"async\" class=\"alignnone size-full wp-image-16717\" src=\"https:\/\/www.agro-clair.si\/wp-content\/uploads\/2020\/05\/Konji.png\" alt=\"\" width=\"46\" height=\"46\"><img loading=\"lazy\" decoding=\"async\" class=\"alignnone size-full wp-image-16718\" src=\"https:\/\/www.agro-clair.si\/wp-content\/uploads\/2020\/05\/Krave.png\" alt=\"\" width=\"46\" height=\"46\"><img loading=\"lazy\" decoding=\"async\" class=\"alignnone size-full wp-image-17001\" src=\"https:\/\/www.agro-clair.si\/wp-content\/uploads\/2020\/05\/pesmacka.png\" alt=\"\" width=\"46\" height=\"46\"><\/p>\n","protected":false},"featured_media":95142,"template":"","meta":{"footnotes":""},"product_brand":[],"product_cat":[6176,6175,5657,5846,5987,5627],"product_tag":[],"class_list":{"0":"post-95127","1":"product","2":"type-product","3":"status-publish","4":"has-post-thumbnail","6":"product_cat-elektricne-skare","7":"product_cat-heiniger-hr","8":"product_cat-kategorije-hr","9":"product_cat-male-zivotinje","10":"product_cat-sisaci-za-male-zivotinje","11":"product_cat-stala-i-pasnjak","13":"first","14":"instock","15":"shipping-taxable","16":"purchasable","17":"product-type-simple"},"yoast_head":"<!-- This site is optimized with the Yoast SEO plugin v27.3 - https:\/\/yoast.com\/product\/yoast-seo-wordpress\/ -->\n<title>Heiniger Opal trimer za pse, ma\u010dke i konje - Clair<\/title>\n<meta name=\"description\" content=\"Trimer za pse, ma\u010dke i konje, krasnog izgleda, ergonomski rukohvat, vrlo lagan i funkcionalan. Provjerite cijelu na\u0161u ponudu i osigurajte si svoj.\" \/>\n<meta name=\"robots\" content=\"index, follow, max-snippet:-1, max-image-preview:large, max-video-preview:-1\" \/>\n<link rel=\"canonical\" href=\"https:\/\/clair.si\/hr\/izdelek\/sisac-za-pse-macke-i-konje-heiniger-opal\/\" \/>\n<meta property=\"og:locale\" content=\"hr_HR\" \/>\n<meta property=\"og:type\" content=\"article\" \/>\n<meta property=\"og:title\" content=\"Heiniger Opal trimer za pse, ma\u010dke i konje - Clair\" \/>\n<meta property=\"og:description\" content=\"Trimer za pse, ma\u010dke i konje, krasnog izgleda, ergonomski rukohvat, vrlo lagan i funkcionalan. Provjerite cijelu na\u0161u ponudu i osigurajte si svoj.\" \/>\n<meta property=\"og:url\" content=\"https:\/\/clair.si\/hr\/izdelek\/sisac-za-pse-macke-i-konje-heiniger-opal\/\" \/>\n<meta property=\"og:site_name\" content=\"Clair\" \/>\n<meta property=\"article:publisher\" content=\"https:\/\/www.facebook.com\/TrgovinaClair\/\" \/>\n<meta property=\"article:modified_time\" content=\"2025-08-28T05:32:17+00:00\" \/>\n<meta property=\"og:image\" content=\"https:\/\/clair.si\/wp-content\/uploads\/2024\/07\/Heiniger-Opal-striznik-za-pse-macke-in-konje-1-1-jpg.avif\" \/>\n\t<meta property=\"og:image:width\" content=\"800\" \/>\n\t<meta property=\"og:image:height\" content=\"800\" \/>\n\t<meta property=\"og:image:type\" content=\"image\/jpeg\" \/>\n<meta name=\"twitter:card\" content=\"summary_large_image\" \/>\n<meta name=\"twitter:label1\" content=\"Procijenjeno vrijeme \u010ditanja\" \/>\n\t<meta name=\"twitter:data1\" content=\"1 minuta\" \/>\n<script type=\"application\/ld+json\" class=\"yoast-schema-graph\">{\"@context\":\"https:\\\/\\\/schema.org\",\"@graph\":[{\"@type\":\"WebPage\",\"@id\":\"https:\\\/\\\/clair.si\\\/hr\\\/izdelek\\\/sisac-za-pse-macke-i-konje-heiniger-opal\\\/\",\"url\":\"https:\\\/\\\/clair.si\\\/hr\\\/izdelek\\\/sisac-za-pse-macke-i-konje-heiniger-opal\\\/\",\"name\":\"Heiniger Opal trimer za pse, ma\u010dke i konje - Clair\",\"isPartOf\":{\"@id\":\"https:\\\/\\\/clair.si\\\/#website\"},\"primaryImageOfPage\":{\"@id\":\"https:\\\/\\\/clair.si\\\/hr\\\/izdelek\\\/sisac-za-pse-macke-i-konje-heiniger-opal\\\/#primaryimage\"},\"image\":{\"@id\":\"https:\\\/\\\/clair.si\\\/hr\\\/izdelek\\\/sisac-za-pse-macke-i-konje-heiniger-opal\\\/#primaryimage\"},\"thumbnailUrl\":\"https:\\\/\\\/clair.si\\\/wp-content\\\/uploads\\\/2024\\\/07\\\/Heiniger-Opal-striznik-za-pse-macke-in-konje-1-1-jpg.avif\",\"datePublished\":\"2024-07-12T05:57:19+00:00\",\"dateModified\":\"2025-08-28T05:32:17+00:00\",\"description\":\"Trimer za pse, ma\u010dke i konje, krasnog izgleda, ergonomski rukohvat, vrlo lagan i funkcionalan. Provjerite cijelu na\u0161u ponudu i osigurajte si svoj.\",\"breadcrumb\":{\"@id\":\"https:\\\/\\\/clair.si\\\/hr\\\/izdelek\\\/sisac-za-pse-macke-i-konje-heiniger-opal\\\/#breadcrumb\"},\"inLanguage\":\"hr\",\"potentialAction\":[{\"@type\":\"ReadAction\",\"target\":[\"https:\\\/\\\/clair.si\\\/hr\\\/izdelek\\\/sisac-za-pse-macke-i-konje-heiniger-opal\\\/\"]}]},{\"@type\":\"ImageObject\",\"inLanguage\":\"hr\",\"@id\":\"https:\\\/\\\/clair.si\\\/hr\\\/izdelek\\\/sisac-za-pse-macke-i-konje-heiniger-opal\\\/#primaryimage\",\"url\":\"https:\\\/\\\/clair.si\\\/wp-content\\\/uploads\\\/2024\\\/07\\\/Heiniger-Opal-striznik-za-pse-macke-in-konje-1-1-jpg.avif\",\"contentUrl\":\"https:\\\/\\\/clair.si\\\/wp-content\\\/uploads\\\/2024\\\/07\\\/Heiniger-Opal-striznik-za-pse-macke-in-konje-1-1-jpg.avif\",\"width\":800,\"height\":800},{\"@type\":\"BreadcrumbList\",\"@id\":\"https:\\\/\\\/clair.si\\\/hr\\\/izdelek\\\/sisac-za-pse-macke-i-konje-heiniger-opal\\\/#breadcrumb\",\"itemListElement\":[{\"@type\":\"ListItem\",\"position\":1,\"name\":\"Home\",\"item\":\"https:\\\/\\\/clair.si\\\/hr\\\/\"},{\"@type\":\"ListItem\",\"position\":2,\"name\":\"Trgovina\",\"item\":\"https:\\\/\\\/clair.si\\\/trgovina\\\/\"},{\"@type\":\"ListItem\",\"position\":3,\"name\":\"Heiniger Opal trimer za pse, ma\u010dke i konje\"}]},{\"@type\":\"WebSite\",\"@id\":\"https:\\\/\\\/clair.si\\\/#website\",\"url\":\"https:\\\/\\\/clair.si\\\/\",\"name\":\"Clair\",\"description\":\"Trgovina s konjeni\u0161ko opremo\",\"publisher\":{\"@id\":\"https:\\\/\\\/clair.si\\\/#organization\"},\"potentialAction\":[{\"@type\":\"SearchAction\",\"target\":{\"@type\":\"EntryPoint\",\"urlTemplate\":\"https:\\\/\\\/clair.si\\\/?s={search_term_string}\"},\"query-input\":{\"@type\":\"PropertyValueSpecification\",\"valueRequired\":true,\"valueName\":\"search_term_string\"}}],\"inLanguage\":\"hr\"},{\"@type\":\"Organization\",\"@id\":\"https:\\\/\\\/clair.si\\\/#organization\",\"name\":\"Clair\",\"url\":\"https:\\\/\\\/clair.si\\\/\",\"logo\":{\"@type\":\"ImageObject\",\"inLanguage\":\"hr\",\"@id\":\"https:\\\/\\\/clair.si\\\/#\\\/schema\\\/logo\\\/image\\\/\",\"url\":\"https:\\\/\\\/clair.si\\\/wp-content\\\/uploads\\\/2022\\\/11\\\/clair_logo_2022.jpg\",\"contentUrl\":\"https:\\\/\\\/clair.si\\\/wp-content\\\/uploads\\\/2022\\\/11\\\/clair_logo_2022.jpg\",\"width\":1920,\"height\":1920,\"caption\":\"Clair\"},\"image\":{\"@id\":\"https:\\\/\\\/clair.si\\\/#\\\/schema\\\/logo\\\/image\\\/\"},\"sameAs\":[\"https:\\\/\\\/www.facebook.com\\\/TrgovinaClair\\\/\"]}]}<\/script>\n<!-- \/ Yoast SEO plugin. -->","yoast_head_json":{"title":"Heiniger Opal trimer za pse, ma\u010dke i konje - Clair","description":"Trimer za pse, ma\u010dke i konje, krasnog izgleda, ergonomski rukohvat, vrlo lagan i funkcionalan. Provjerite cijelu na\u0161u ponudu i osigurajte si svoj.","robots":{"index":"index","follow":"follow","max-snippet":"max-snippet:-1","max-image-preview":"max-image-preview:large","max-video-preview":"max-video-preview:-1"},"canonical":"https:\/\/clair.si\/hr\/izdelek\/sisac-za-pse-macke-i-konje-heiniger-opal\/","og_locale":"hr_HR","og_type":"article","og_title":"Heiniger Opal trimer za pse, ma\u010dke i konje - Clair","og_description":"Trimer za pse, ma\u010dke i konje, krasnog izgleda, ergonomski rukohvat, vrlo lagan i funkcionalan. Provjerite cijelu na\u0161u ponudu i osigurajte si svoj.","og_url":"https:\/\/clair.si\/hr\/izdelek\/sisac-za-pse-macke-i-konje-heiniger-opal\/","og_site_name":"Clair","article_publisher":"https:\/\/www.facebook.com\/TrgovinaClair\/","article_modified_time":"2025-08-28T05:32:17+00:00","og_image":[{"width":800,"height":800,"url":"https:\/\/clair.si\/wp-content\/uploads\/2024\/07\/Heiniger-Opal-striznik-za-pse-macke-in-konje-1-1-jpg.avif","type":"image\/jpeg"}],"twitter_card":"summary_large_image","twitter_misc":{"Procijenjeno vrijeme \u010ditanja":"1 minuta"},"schema":{"@context":"https:\/\/schema.org","@graph":[{"@type":"WebPage","@id":"https:\/\/clair.si\/hr\/izdelek\/sisac-za-pse-macke-i-konje-heiniger-opal\/","url":"https:\/\/clair.si\/hr\/izdelek\/sisac-za-pse-macke-i-konje-heiniger-opal\/","name":"Heiniger Opal trimer za pse, ma\u010dke i konje - Clair","isPartOf":{"@id":"https:\/\/clair.si\/#website"},"primaryImageOfPage":{"@id":"https:\/\/clair.si\/hr\/izdelek\/sisac-za-pse-macke-i-konje-heiniger-opal\/#primaryimage"},"image":{"@id":"https:\/\/clair.si\/hr\/izdelek\/sisac-za-pse-macke-i-konje-heiniger-opal\/#primaryimage"},"thumbnailUrl":"https:\/\/clair.si\/wp-content\/uploads\/2024\/07\/Heiniger-Opal-striznik-za-pse-macke-in-konje-1-1-jpg.avif","datePublished":"2024-07-12T05:57:19+00:00","dateModified":"2025-08-28T05:32:17+00:00","description":"Trimer za pse, ma\u010dke i konje, krasnog izgleda, ergonomski rukohvat, vrlo lagan i funkcionalan. Provjerite cijelu na\u0161u ponudu i osigurajte si svoj.","breadcrumb":{"@id":"https:\/\/clair.si\/hr\/izdelek\/sisac-za-pse-macke-i-konje-heiniger-opal\/#breadcrumb"},"inLanguage":"hr","potentialAction":[{"@type":"ReadAction","target":["https:\/\/clair.si\/hr\/izdelek\/sisac-za-pse-macke-i-konje-heiniger-opal\/"]}]},{"@type":"ImageObject","inLanguage":"hr","@id":"https:\/\/clair.si\/hr\/izdelek\/sisac-za-pse-macke-i-konje-heiniger-opal\/#primaryimage","url":"https:\/\/clair.si\/wp-content\/uploads\/2024\/07\/Heiniger-Opal-striznik-za-pse-macke-in-konje-1-1-jpg.avif","contentUrl":"https:\/\/clair.si\/wp-content\/uploads\/2024\/07\/Heiniger-Opal-striznik-za-pse-macke-in-konje-1-1-jpg.avif","width":800,"height":800},{"@type":"BreadcrumbList","@id":"https:\/\/clair.si\/hr\/izdelek\/sisac-za-pse-macke-i-konje-heiniger-opal\/#breadcrumb","itemListElement":[{"@type":"ListItem","position":1,"name":"Home","item":"https:\/\/clair.si\/hr\/"},{"@type":"ListItem","position":2,"name":"Trgovina","item":"https:\/\/clair.si\/trgovina\/"},{"@type":"ListItem","position":3,"name":"Heiniger Opal trimer za pse, ma\u010dke i konje"}]},{"@type":"WebSite","@id":"https:\/\/clair.si\/#website","url":"https:\/\/clair.si\/","name":"Clair","description":"Trgovina s konjeni\u0161ko opremo","publisher":{"@id":"https:\/\/clair.si\/#organization"},"potentialAction":[{"@type":"SearchAction","target":{"@type":"EntryPoint","urlTemplate":"https:\/\/clair.si\/?s={search_term_string}"},"query-input":{"@type":"PropertyValueSpecification","valueRequired":true,"valueName":"search_term_string"}}],"inLanguage":"hr"},{"@type":"Organization","@id":"https:\/\/clair.si\/#organization","name":"Clair","url":"https:\/\/clair.si\/","logo":{"@type":"ImageObject","inLanguage":"hr","@id":"https:\/\/clair.si\/#\/schema\/logo\/image\/","url":"https:\/\/clair.si\/wp-content\/uploads\/2022\/11\/clair_logo_2022.jpg","contentUrl":"https:\/\/clair.si\/wp-content\/uploads\/2022\/11\/clair_logo_2022.jpg","width":1920,"height":1920,"caption":"Clair"},"image":{"@id":"https:\/\/clair.si\/#\/schema\/logo\/image\/"},"sameAs":["https:\/\/www.facebook.com\/TrgovinaClair\/"]}]}},"_links":{"self":[{"href":"https:\/\/clair.si\/hr\/wp-json\/wp\/v2\/product\/95127","targetHints":{"allow":["GET"]}}],"collection":[{"href":"https:\/\/clair.si\/hr\/wp-json\/wp\/v2\/product"}],"about":[{"href":"https:\/\/clair.si\/hr\/wp-json\/wp\/v2\/types\/product"}],"version-history":[{"count":0,"href":"https:\/\/clair.si\/hr\/wp-json\/wp\/v2\/product\/95127\/revisions"}],"wp:featuredmedia":[{"embeddable":true,"href":"https:\/\/clair.si\/hr\/wp-json\/wp\/v2\/media\/95142"}],"wp:attachment":[{"href":"https:\/\/clair.si\/hr\/wp-json\/wp\/v2\/media?parent=95127"}],"wp:term":[{"taxonomy":"product_brand","embeddable":true,"href":"https:\/\/clair.si\/hr\/wp-json\/wp\/v2\/product_brand?post=95127"},{"taxonomy":"product_cat","embeddable":true,"href":"https:\/\/clair.si\/hr\/wp-json\/wp\/v2\/product_cat?post=95127"},{"taxonomy":"product_tag","embeddable":true,"href":"https:\/\/clair.si\/hr\/wp-json\/wp\/v2\/product_tag?post=95127"}],"curies":[{"name":"wp","href":"https:\/\/api.w.org\/{rel}","templated":true}]}}