{"id":95133,"date":"2024-07-01T23:46:05","date_gmt":"2024-07-01T21:46:05","guid":{"rendered":"https:\/\/clair.si\/izdelek\/raspa-za-kopita-mustad-h-excel-original\/"},"modified":"2025-11-13T05:25:11","modified_gmt":"2025-11-13T04:25:11","slug":"raspa-za-kopita-mustad-h-excel-original","status":"publish","type":"product","link":"https:\/\/clair.si\/hr\/izdelek\/raspa-za-kopita-mustad-h-excel-original\/","title":{"rendered":"Ra\u0161pa za kopita Mustad H.eXceL original"},"content":{"rendered":"<p><span class=\"Y2IQFc\" lang=\"sl\">HELLER EXCEL ORIGINAL je 50 mm \u0161iroka ra\u0161pa. Sa 711 malih i kompaktnih zubaca, ova ra\u0161pa je najbolji prijatelj za svako kopito. Stabilna i izdr\u017eljiva, a potreban je minimalan napor pri guranju ra\u0161pe, a istovremeno uvijek iznova radi s najve\u0107om u\u010dinkovito\u0161\u0107u.   <\/span><\/p>\n<ul>\n<li><span class=\"Y2IQFc\" lang=\"sl\"> Duljina: 356 mm <\/span><\/li>\n<li><span class=\"Y2IQFc\" lang=\"sl\">\u0160irina: 50 mm <\/span><\/li>\n<li><span class=\"Y2IQFc\" lang=\"sl\">Debljina: 4,4 mm <\/span><\/li>\n<li><span class=\"Y2IQFc\" lang=\"sl\">Broj zubaca u redu: 9<br \/>\n<\/span><\/li>\n<\/ul>\n","protected":false},"excerpt":{"rendered":"<ul>\n<li id=\"tw-target-text\" class=\"tw-data-text tw-text-large tw-ta\" dir=\"ltr\" data-placeholder=\"Prevod\" data-ved=\"2ahUKEwiS3dXJ3_WEAxW7XvEDHU5SDG4Q3ewLegQIBRAU\"><span class=\"Y2IQFc\" lang=\"sl\">Originalna ra\u0161pa, \u0161irine 50 mm <\/span><\/li>\n<li class=\"tw-data-text tw-text-large tw-ta\" dir=\"ltr\" data-placeholder=\"Prevod\" data-ved=\"2ahUKEwiS3dXJ3_WEAxW7XvEDHU5SDG4Q3ewLegQIBRAU\"><span class=\"Y2IQFc\" lang=\"sl\">Minimalan napor \u2013 maksimalna u\u010dinkovitost <\/span><\/li>\n<li class=\"tw-data-text tw-text-large tw-ta\" dir=\"ltr\" data-placeholder=\"Prevod\" data-ved=\"2ahUKEwiS3dXJ3_WEAxW7XvEDHU5SDG4Q3ewLegQIBRAU\"><span class=\"Y2IQFc\" lang=\"sl\">Ra\u0161pa za sva stanja kopita<\/span><\/li>\n<\/ul>\n","protected":false},"featured_media":95134,"template":"","meta":{"footnotes":""},"product_brand":[],"product_cat":[5657,5624,5960,6174,5625,5882,5627,6021],"product_tag":[],"class_list":{"0":"post-95133","1":"product","2":"type-product","3":"status-publish","4":"has-post-thumbnail","6":"product_cat-kategorije-hr","7":"product_cat-konj-hr","8":"product_cat-kovacka-oprema","9":"product_cat-kovacke-raspe","10":"product_cat-njega-konja","11":"product_cat-njega-kopita","12":"product_cat-stala-i-pasnjak","13":"product_cat-sve-za-kopita","15":"first","16":"instock","17":"shipping-taxable","18":"purchasable","19":"product-type-simple"},"yoast_head":"<!-- This site is optimized with the Yoast SEO plugin v27.3 - https:\/\/yoast.com\/product\/yoast-seo-wordpress\/ -->\n<title>Ra\u0161pa za kopita Mustad H.eXceL original - Clair<\/title>\n<meta name=\"description\" content=\"Kova\u010dka ra\u0161pa, namijenjena svim vrstama kopita, vrlo \u0161iroka, za ve\u0107u u\u010dinkovitost. Provjerite na\u0161u ponudu u web trgovini i odaberite svoju.\" \/>\n<meta name=\"robots\" content=\"index, follow, max-snippet:-1, max-image-preview:large, max-video-preview:-1\" \/>\n<link rel=\"canonical\" href=\"https:\/\/clair.si\/hr\/izdelek\/raspa-za-kopita-mustad-h-excel-original\/\" \/>\n<meta property=\"og:locale\" content=\"hr_HR\" \/>\n<meta property=\"og:type\" content=\"article\" \/>\n<meta property=\"og:title\" content=\"Ra\u0161pa za kopita Mustad H.eXceL original - Clair\" \/>\n<meta property=\"og:description\" content=\"Kova\u010dka ra\u0161pa, namijenjena svim vrstama kopita, vrlo \u0161iroka, za ve\u0107u u\u010dinkovitost. Provjerite na\u0161u ponudu u web trgovini i odaberite svoju.\" \/>\n<meta property=\"og:url\" content=\"https:\/\/clair.si\/hr\/izdelek\/raspa-za-kopita-mustad-h-excel-original\/\" \/>\n<meta property=\"og:site_name\" content=\"Clair\" \/>\n<meta property=\"article:publisher\" content=\"https:\/\/www.facebook.com\/TrgovinaClair\/\" \/>\n<meta property=\"article:modified_time\" content=\"2025-11-13T04:25:11+00:00\" \/>\n<meta property=\"og:image\" content=\"https:\/\/clair.si\/wp-content\/uploads\/2024\/03\/Heller_ExcelOriginal_front-jpg.webp\" \/>\n\t<meta property=\"og:image:width\" content=\"550\" \/>\n\t<meta property=\"og:image:height\" content=\"550\" \/>\n\t<meta property=\"og:image:type\" content=\"image\/jpeg\" \/>\n<meta name=\"twitter:card\" content=\"summary_large_image\" \/>\n<script type=\"application\/ld+json\" class=\"yoast-schema-graph\">{\"@context\":\"https:\\\/\\\/schema.org\",\"@graph\":[{\"@type\":\"WebPage\",\"@id\":\"https:\\\/\\\/clair.si\\\/hr\\\/izdelek\\\/raspa-za-kopita-mustad-h-excel-original\\\/\",\"url\":\"https:\\\/\\\/clair.si\\\/hr\\\/izdelek\\\/raspa-za-kopita-mustad-h-excel-original\\\/\",\"name\":\"Ra\u0161pa za kopita Mustad H.eXceL original - Clair\",\"isPartOf\":{\"@id\":\"https:\\\/\\\/clair.si\\\/#website\"},\"primaryImageOfPage\":{\"@id\":\"https:\\\/\\\/clair.si\\\/hr\\\/izdelek\\\/raspa-za-kopita-mustad-h-excel-original\\\/#primaryimage\"},\"image\":{\"@id\":\"https:\\\/\\\/clair.si\\\/hr\\\/izdelek\\\/raspa-za-kopita-mustad-h-excel-original\\\/#primaryimage\"},\"thumbnailUrl\":\"https:\\\/\\\/clair.si\\\/wp-content\\\/uploads\\\/2024\\\/03\\\/Heller_ExcelOriginal_front-jpg.webp\",\"datePublished\":\"2024-07-01T21:46:05+00:00\",\"dateModified\":\"2025-11-13T04:25:11+00:00\",\"description\":\"Kova\u010dka ra\u0161pa, namijenjena svim vrstama kopita, vrlo \u0161iroka, za ve\u0107u u\u010dinkovitost. Provjerite na\u0161u ponudu u web trgovini i odaberite svoju.\",\"breadcrumb\":{\"@id\":\"https:\\\/\\\/clair.si\\\/hr\\\/izdelek\\\/raspa-za-kopita-mustad-h-excel-original\\\/#breadcrumb\"},\"inLanguage\":\"hr\",\"potentialAction\":[{\"@type\":\"ReadAction\",\"target\":[\"https:\\\/\\\/clair.si\\\/hr\\\/izdelek\\\/raspa-za-kopita-mustad-h-excel-original\\\/\"]}]},{\"@type\":\"ImageObject\",\"inLanguage\":\"hr\",\"@id\":\"https:\\\/\\\/clair.si\\\/hr\\\/izdelek\\\/raspa-za-kopita-mustad-h-excel-original\\\/#primaryimage\",\"url\":\"https:\\\/\\\/clair.si\\\/wp-content\\\/uploads\\\/2024\\\/03\\\/Heller_ExcelOriginal_front-jpg.webp\",\"contentUrl\":\"https:\\\/\\\/clair.si\\\/wp-content\\\/uploads\\\/2024\\\/03\\\/Heller_ExcelOriginal_front-jpg.webp\",\"width\":550,\"height\":550},{\"@type\":\"BreadcrumbList\",\"@id\":\"https:\\\/\\\/clair.si\\\/hr\\\/izdelek\\\/raspa-za-kopita-mustad-h-excel-original\\\/#breadcrumb\",\"itemListElement\":[{\"@type\":\"ListItem\",\"position\":1,\"name\":\"Home\",\"item\":\"https:\\\/\\\/clair.si\\\/hr\\\/\"},{\"@type\":\"ListItem\",\"position\":2,\"name\":\"Trgovina\",\"item\":\"https:\\\/\\\/clair.si\\\/trgovina\\\/\"},{\"@type\":\"ListItem\",\"position\":3,\"name\":\"Ra\u0161pa za kopita Mustad H.eXceL original\"}]},{\"@type\":\"WebSite\",\"@id\":\"https:\\\/\\\/clair.si\\\/#website\",\"url\":\"https:\\\/\\\/clair.si\\\/\",\"name\":\"Clair\",\"description\":\"Trgovina s konjeni\u0161ko opremo\",\"publisher\":{\"@id\":\"https:\\\/\\\/clair.si\\\/#organization\"},\"potentialAction\":[{\"@type\":\"SearchAction\",\"target\":{\"@type\":\"EntryPoint\",\"urlTemplate\":\"https:\\\/\\\/clair.si\\\/?s={search_term_string}\"},\"query-input\":{\"@type\":\"PropertyValueSpecification\",\"valueRequired\":true,\"valueName\":\"search_term_string\"}}],\"inLanguage\":\"hr\"},{\"@type\":\"Organization\",\"@id\":\"https:\\\/\\\/clair.si\\\/#organization\",\"name\":\"Clair\",\"url\":\"https:\\\/\\\/clair.si\\\/\",\"logo\":{\"@type\":\"ImageObject\",\"inLanguage\":\"hr\",\"@id\":\"https:\\\/\\\/clair.si\\\/#\\\/schema\\\/logo\\\/image\\\/\",\"url\":\"https:\\\/\\\/clair.si\\\/wp-content\\\/uploads\\\/2022\\\/11\\\/clair_logo_2022.jpg\",\"contentUrl\":\"https:\\\/\\\/clair.si\\\/wp-content\\\/uploads\\\/2022\\\/11\\\/clair_logo_2022.jpg\",\"width\":1920,\"height\":1920,\"caption\":\"Clair\"},\"image\":{\"@id\":\"https:\\\/\\\/clair.si\\\/#\\\/schema\\\/logo\\\/image\\\/\"},\"sameAs\":[\"https:\\\/\\\/www.facebook.com\\\/TrgovinaClair\\\/\"]}]}<\/script>\n<!-- \/ Yoast SEO plugin. -->","yoast_head_json":{"title":"Ra\u0161pa za kopita Mustad H.eXceL original - Clair","description":"Kova\u010dka ra\u0161pa, namijenjena svim vrstama kopita, vrlo \u0161iroka, za ve\u0107u u\u010dinkovitost. Provjerite na\u0161u ponudu u web trgovini i odaberite svoju.","robots":{"index":"index","follow":"follow","max-snippet":"max-snippet:-1","max-image-preview":"max-image-preview:large","max-video-preview":"max-video-preview:-1"},"canonical":"https:\/\/clair.si\/hr\/izdelek\/raspa-za-kopita-mustad-h-excel-original\/","og_locale":"hr_HR","og_type":"article","og_title":"Ra\u0161pa za kopita Mustad H.eXceL original - Clair","og_description":"Kova\u010dka ra\u0161pa, namijenjena svim vrstama kopita, vrlo \u0161iroka, za ve\u0107u u\u010dinkovitost. Provjerite na\u0161u ponudu u web trgovini i odaberite svoju.","og_url":"https:\/\/clair.si\/hr\/izdelek\/raspa-za-kopita-mustad-h-excel-original\/","og_site_name":"Clair","article_publisher":"https:\/\/www.facebook.com\/TrgovinaClair\/","article_modified_time":"2025-11-13T04:25:11+00:00","og_image":[{"width":550,"height":550,"url":"https:\/\/clair.si\/wp-content\/uploads\/2024\/03\/Heller_ExcelOriginal_front-jpg.webp","type":"image\/jpeg"}],"twitter_card":"summary_large_image","schema":{"@context":"https:\/\/schema.org","@graph":[{"@type":"WebPage","@id":"https:\/\/clair.si\/hr\/izdelek\/raspa-za-kopita-mustad-h-excel-original\/","url":"https:\/\/clair.si\/hr\/izdelek\/raspa-za-kopita-mustad-h-excel-original\/","name":"Ra\u0161pa za kopita Mustad H.eXceL original - Clair","isPartOf":{"@id":"https:\/\/clair.si\/#website"},"primaryImageOfPage":{"@id":"https:\/\/clair.si\/hr\/izdelek\/raspa-za-kopita-mustad-h-excel-original\/#primaryimage"},"image":{"@id":"https:\/\/clair.si\/hr\/izdelek\/raspa-za-kopita-mustad-h-excel-original\/#primaryimage"},"thumbnailUrl":"https:\/\/clair.si\/wp-content\/uploads\/2024\/03\/Heller_ExcelOriginal_front-jpg.webp","datePublished":"2024-07-01T21:46:05+00:00","dateModified":"2025-11-13T04:25:11+00:00","description":"Kova\u010dka ra\u0161pa, namijenjena svim vrstama kopita, vrlo \u0161iroka, za ve\u0107u u\u010dinkovitost. Provjerite na\u0161u ponudu u web trgovini i odaberite svoju.","breadcrumb":{"@id":"https:\/\/clair.si\/hr\/izdelek\/raspa-za-kopita-mustad-h-excel-original\/#breadcrumb"},"inLanguage":"hr","potentialAction":[{"@type":"ReadAction","target":["https:\/\/clair.si\/hr\/izdelek\/raspa-za-kopita-mustad-h-excel-original\/"]}]},{"@type":"ImageObject","inLanguage":"hr","@id":"https:\/\/clair.si\/hr\/izdelek\/raspa-za-kopita-mustad-h-excel-original\/#primaryimage","url":"https:\/\/clair.si\/wp-content\/uploads\/2024\/03\/Heller_ExcelOriginal_front-jpg.webp","contentUrl":"https:\/\/clair.si\/wp-content\/uploads\/2024\/03\/Heller_ExcelOriginal_front-jpg.webp","width":550,"height":550},{"@type":"BreadcrumbList","@id":"https:\/\/clair.si\/hr\/izdelek\/raspa-za-kopita-mustad-h-excel-original\/#breadcrumb","itemListElement":[{"@type":"ListItem","position":1,"name":"Home","item":"https:\/\/clair.si\/hr\/"},{"@type":"ListItem","position":2,"name":"Trgovina","item":"https:\/\/clair.si\/trgovina\/"},{"@type":"ListItem","position":3,"name":"Ra\u0161pa za kopita Mustad H.eXceL original"}]},{"@type":"WebSite","@id":"https:\/\/clair.si\/#website","url":"https:\/\/clair.si\/","name":"Clair","description":"Trgovina s konjeni\u0161ko opremo","publisher":{"@id":"https:\/\/clair.si\/#organization"},"potentialAction":[{"@type":"SearchAction","target":{"@type":"EntryPoint","urlTemplate":"https:\/\/clair.si\/?s={search_term_string}"},"query-input":{"@type":"PropertyValueSpecification","valueRequired":true,"valueName":"search_term_string"}}],"inLanguage":"hr"},{"@type":"Organization","@id":"https:\/\/clair.si\/#organization","name":"Clair","url":"https:\/\/clair.si\/","logo":{"@type":"ImageObject","inLanguage":"hr","@id":"https:\/\/clair.si\/#\/schema\/logo\/image\/","url":"https:\/\/clair.si\/wp-content\/uploads\/2022\/11\/clair_logo_2022.jpg","contentUrl":"https:\/\/clair.si\/wp-content\/uploads\/2022\/11\/clair_logo_2022.jpg","width":1920,"height":1920,"caption":"Clair"},"image":{"@id":"https:\/\/clair.si\/#\/schema\/logo\/image\/"},"sameAs":["https:\/\/www.facebook.com\/TrgovinaClair\/"]}]}},"_links":{"self":[{"href":"https:\/\/clair.si\/hr\/wp-json\/wp\/v2\/product\/95133","targetHints":{"allow":["GET"]}}],"collection":[{"href":"https:\/\/clair.si\/hr\/wp-json\/wp\/v2\/product"}],"about":[{"href":"https:\/\/clair.si\/hr\/wp-json\/wp\/v2\/types\/product"}],"version-history":[{"count":0,"href":"https:\/\/clair.si\/hr\/wp-json\/wp\/v2\/product\/95133\/revisions"}],"wp:featuredmedia":[{"embeddable":true,"href":"https:\/\/clair.si\/hr\/wp-json\/wp\/v2\/media\/95134"}],"wp:attachment":[{"href":"https:\/\/clair.si\/hr\/wp-json\/wp\/v2\/media?parent=95133"}],"wp:term":[{"taxonomy":"product_brand","embeddable":true,"href":"https:\/\/clair.si\/hr\/wp-json\/wp\/v2\/product_brand?post=95133"},{"taxonomy":"product_cat","embeddable":true,"href":"https:\/\/clair.si\/hr\/wp-json\/wp\/v2\/product_cat?post=95133"},{"taxonomy":"product_tag","embeddable":true,"href":"https:\/\/clair.si\/hr\/wp-json\/wp\/v2\/product_tag?post=95133"}],"curies":[{"name":"wp","href":"https:\/\/api.w.org\/{rel}","templated":true}]}}