{"id":95143,"date":"2024-07-12T08:19:36","date_gmt":"2024-07-12T06:19:36","guid":{"rendered":"https:\/\/clair.si\/izdelek\/sisac-za-pse-heiniger-style-midi\/"},"modified":"2025-08-28T07:32:20","modified_gmt":"2025-08-28T05:32:20","slug":"sisac-za-pse-heiniger-style-midi","status":"publish","type":"product","link":"https:\/\/clair.si\/hr\/izdelek\/sisac-za-pse-heiniger-style-midi\/","title":{"rendered":"\u0160i\u0161a\u010d za pse Heiniger Style Midi"},"content":{"rendered":"<p><strong>\u0160i\u0161a\u010di za pse Heiniger Style Midi<\/strong> imaju bateriju visoke u\u010dinkovitosti. Punjiva baterija osigurava do 100 minuta neprekidnog \u0161i\u0161anja te omogu\u0107uje brzo punjenje iste u manje od 60 minuta. Be\u017ei\u010dne \u0161kare se mogu priklju\u010diti na elektri\u010dnu mre\u017eu 230V.  <\/p>\n<p>Zbog tihog rada i malog broja vibracija, prikladne su za oblikovanje osjetljivijih podru\u010dja (glava, noge, trbuh i rep).<\/p>\n<p><strong>\u0160i\u0161a\u010di Heiniger Style Midi<\/strong> imaju prilagodljivu stri\u017enu glavu, koja omogu\u0107uje jednostavno pode\u0161avanje duljine reza od 0.5 mm do 2.5 mm. Pored toga, tu je 5 \u010de\u0161ljeva koji se namjeste na stri\u017enu glavu. \u010ce\u0161ljevi omogu\u0107uju \u0161i\u0161anje na duljine 4, 8, 12, 16 i 20 mm.  <\/p>\n<p>\u0160kare su kompatibilne s Wahl \u010de\u0161ljevima.<\/p>\n<p><strong>Uklju\u010deno u isporuku:<\/strong><\/p>\n<ul>\n<li><strong>\u0161i\u0161a\u010d za pse ili ma\u010dke Heiniger Style Midi<\/strong><\/li>\n<li>baterija<\/li>\n<li>set za punjenje (adapter, punja\u010d)<\/li>\n<li>5x \u010de\u0161alj<\/li>\n<li>kapaljka za ulje<\/li>\n<li>\u010detka za \u010di\u0161\u0107enje<\/li>\n<li>upute za uporabu<\/li>\n<\/ul>\n","protected":false},"excerpt":{"rendered":"<p><strong>Prikladno za:<\/strong><\/p>\n<p><img loading=\"lazy\" decoding=\"async\" class=\"alignnone size-full wp-image-17001\" src=\"https:\/\/www.agro-clair.si\/wp-content\/uploads\/2020\/05\/pesmacka.png\" alt=\"\" width=\"46\" height=\"46\"><\/p>\n","protected":false},"featured_media":95146,"template":"","meta":{"footnotes":""},"product_brand":[],"product_cat":[6176,6175,5657,5846,5987,5627],"product_tag":[],"class_list":{"0":"post-95143","1":"product","2":"type-product","3":"status-publish","4":"has-post-thumbnail","6":"product_cat-elektricne-skare","7":"product_cat-heiniger-hr","8":"product_cat-kategorije-hr","9":"product_cat-male-zivotinje","10":"product_cat-sisaci-za-male-zivotinje","11":"product_cat-stala-i-pasnjak","13":"first","14":"outofstock","15":"shipping-taxable","16":"purchasable","17":"product-type-simple"},"yoast_head":"<!-- This site is optimized with the Yoast SEO plugin v27.3 - https:\/\/yoast.com\/product\/yoast-seo-wordpress\/ -->\n<title>\u0160i\u0161a\u010d za pse Heiniger Style Midi - Clair<\/title>\n<meta name=\"description\" content=\"Profesionalni brija\u010d za pse, ma\u010dke i druge male \u017eivotinje. Neophodan alat u svim salonima za pse. Osigurajte svoj primjerak jo\u0161 danas.\" \/>\n<meta name=\"robots\" content=\"index, follow, max-snippet:-1, max-image-preview:large, max-video-preview:-1\" \/>\n<link rel=\"canonical\" href=\"https:\/\/clair.si\/hr\/izdelek\/sisac-za-pse-heiniger-style-midi\/\" \/>\n<meta property=\"og:locale\" content=\"hr_HR\" \/>\n<meta property=\"og:type\" content=\"article\" \/>\n<meta property=\"og:title\" content=\"\u0160i\u0161a\u010d za pse Heiniger Style Midi - Clair\" \/>\n<meta property=\"og:description\" content=\"Profesionalni brija\u010d za pse, ma\u010dke i druge male \u017eivotinje. Neophodan alat u svim salonima za pse. Osigurajte svoj primjerak jo\u0161 danas.\" \/>\n<meta property=\"og:url\" content=\"https:\/\/clair.si\/hr\/izdelek\/sisac-za-pse-heiniger-style-midi\/\" \/>\n<meta property=\"og:site_name\" content=\"Clair\" \/>\n<meta property=\"article:publisher\" content=\"https:\/\/www.facebook.com\/TrgovinaClair\/\" \/>\n<meta property=\"article:modified_time\" content=\"2025-08-28T05:32:20+00:00\" \/>\n<meta property=\"og:image\" content=\"https:\/\/clair.si\/wp-content\/uploads\/2024\/07\/Heiniger-za-male-zivali-pse-in-macke-Midi-Style-1-jpg.avif\" \/>\n\t<meta property=\"og:image:width\" content=\"800\" \/>\n\t<meta property=\"og:image:height\" content=\"800\" \/>\n\t<meta property=\"og:image:type\" content=\"image\/jpeg\" \/>\n<meta name=\"twitter:card\" content=\"summary_large_image\" \/>\n<meta name=\"twitter:label1\" content=\"Procijenjeno vrijeme \u010ditanja\" \/>\n\t<meta name=\"twitter:data1\" content=\"1 minuta\" \/>\n<script type=\"application\/ld+json\" class=\"yoast-schema-graph\">{\"@context\":\"https:\\\/\\\/schema.org\",\"@graph\":[{\"@type\":\"WebPage\",\"@id\":\"https:\\\/\\\/clair.si\\\/hr\\\/izdelek\\\/sisac-za-pse-heiniger-style-midi\\\/\",\"url\":\"https:\\\/\\\/clair.si\\\/hr\\\/izdelek\\\/sisac-za-pse-heiniger-style-midi\\\/\",\"name\":\"\u0160i\u0161a\u010d za pse Heiniger Style Midi - Clair\",\"isPartOf\":{\"@id\":\"https:\\\/\\\/clair.si\\\/#website\"},\"primaryImageOfPage\":{\"@id\":\"https:\\\/\\\/clair.si\\\/hr\\\/izdelek\\\/sisac-za-pse-heiniger-style-midi\\\/#primaryimage\"},\"image\":{\"@id\":\"https:\\\/\\\/clair.si\\\/hr\\\/izdelek\\\/sisac-za-pse-heiniger-style-midi\\\/#primaryimage\"},\"thumbnailUrl\":\"https:\\\/\\\/clair.si\\\/wp-content\\\/uploads\\\/2024\\\/07\\\/Heiniger-za-male-zivali-pse-in-macke-Midi-Style-1-jpg.avif\",\"datePublished\":\"2024-07-12T06:19:36+00:00\",\"dateModified\":\"2025-08-28T05:32:20+00:00\",\"description\":\"Profesionalni brija\u010d za pse, ma\u010dke i druge male \u017eivotinje. Neophodan alat u svim salonima za pse. Osigurajte svoj primjerak jo\u0161 danas.\",\"breadcrumb\":{\"@id\":\"https:\\\/\\\/clair.si\\\/hr\\\/izdelek\\\/sisac-za-pse-heiniger-style-midi\\\/#breadcrumb\"},\"inLanguage\":\"hr\",\"potentialAction\":[{\"@type\":\"ReadAction\",\"target\":[\"https:\\\/\\\/clair.si\\\/hr\\\/izdelek\\\/sisac-za-pse-heiniger-style-midi\\\/\"]}]},{\"@type\":\"ImageObject\",\"inLanguage\":\"hr\",\"@id\":\"https:\\\/\\\/clair.si\\\/hr\\\/izdelek\\\/sisac-za-pse-heiniger-style-midi\\\/#primaryimage\",\"url\":\"https:\\\/\\\/clair.si\\\/wp-content\\\/uploads\\\/2024\\\/07\\\/Heiniger-za-male-zivali-pse-in-macke-Midi-Style-1-jpg.avif\",\"contentUrl\":\"https:\\\/\\\/clair.si\\\/wp-content\\\/uploads\\\/2024\\\/07\\\/Heiniger-za-male-zivali-pse-in-macke-Midi-Style-1-jpg.avif\",\"width\":800,\"height\":800},{\"@type\":\"BreadcrumbList\",\"@id\":\"https:\\\/\\\/clair.si\\\/hr\\\/izdelek\\\/sisac-za-pse-heiniger-style-midi\\\/#breadcrumb\",\"itemListElement\":[{\"@type\":\"ListItem\",\"position\":1,\"name\":\"Home\",\"item\":\"https:\\\/\\\/clair.si\\\/hr\\\/\"},{\"@type\":\"ListItem\",\"position\":2,\"name\":\"Trgovina\",\"item\":\"https:\\\/\\\/clair.si\\\/trgovina\\\/\"},{\"@type\":\"ListItem\",\"position\":3,\"name\":\"\u0160i\u0161a\u010d za pse Heiniger Style Midi\"}]},{\"@type\":\"WebSite\",\"@id\":\"https:\\\/\\\/clair.si\\\/#website\",\"url\":\"https:\\\/\\\/clair.si\\\/\",\"name\":\"Clair\",\"description\":\"Trgovina s konjeni\u0161ko opremo\",\"publisher\":{\"@id\":\"https:\\\/\\\/clair.si\\\/#organization\"},\"potentialAction\":[{\"@type\":\"SearchAction\",\"target\":{\"@type\":\"EntryPoint\",\"urlTemplate\":\"https:\\\/\\\/clair.si\\\/?s={search_term_string}\"},\"query-input\":{\"@type\":\"PropertyValueSpecification\",\"valueRequired\":true,\"valueName\":\"search_term_string\"}}],\"inLanguage\":\"hr\"},{\"@type\":\"Organization\",\"@id\":\"https:\\\/\\\/clair.si\\\/#organization\",\"name\":\"Clair\",\"url\":\"https:\\\/\\\/clair.si\\\/\",\"logo\":{\"@type\":\"ImageObject\",\"inLanguage\":\"hr\",\"@id\":\"https:\\\/\\\/clair.si\\\/#\\\/schema\\\/logo\\\/image\\\/\",\"url\":\"https:\\\/\\\/clair.si\\\/wp-content\\\/uploads\\\/2022\\\/11\\\/clair_logo_2022.jpg\",\"contentUrl\":\"https:\\\/\\\/clair.si\\\/wp-content\\\/uploads\\\/2022\\\/11\\\/clair_logo_2022.jpg\",\"width\":1920,\"height\":1920,\"caption\":\"Clair\"},\"image\":{\"@id\":\"https:\\\/\\\/clair.si\\\/#\\\/schema\\\/logo\\\/image\\\/\"},\"sameAs\":[\"https:\\\/\\\/www.facebook.com\\\/TrgovinaClair\\\/\"]}]}<\/script>\n<!-- \/ Yoast SEO plugin. -->","yoast_head_json":{"title":"\u0160i\u0161a\u010d za pse Heiniger Style Midi - Clair","description":"Profesionalni brija\u010d za pse, ma\u010dke i druge male \u017eivotinje. Neophodan alat u svim salonima za pse. Osigurajte svoj primjerak jo\u0161 danas.","robots":{"index":"index","follow":"follow","max-snippet":"max-snippet:-1","max-image-preview":"max-image-preview:large","max-video-preview":"max-video-preview:-1"},"canonical":"https:\/\/clair.si\/hr\/izdelek\/sisac-za-pse-heiniger-style-midi\/","og_locale":"hr_HR","og_type":"article","og_title":"\u0160i\u0161a\u010d za pse Heiniger Style Midi - Clair","og_description":"Profesionalni brija\u010d za pse, ma\u010dke i druge male \u017eivotinje. Neophodan alat u svim salonima za pse. Osigurajte svoj primjerak jo\u0161 danas.","og_url":"https:\/\/clair.si\/hr\/izdelek\/sisac-za-pse-heiniger-style-midi\/","og_site_name":"Clair","article_publisher":"https:\/\/www.facebook.com\/TrgovinaClair\/","article_modified_time":"2025-08-28T05:32:20+00:00","og_image":[{"width":800,"height":800,"url":"https:\/\/clair.si\/wp-content\/uploads\/2024\/07\/Heiniger-za-male-zivali-pse-in-macke-Midi-Style-1-jpg.avif","type":"image\/jpeg"}],"twitter_card":"summary_large_image","twitter_misc":{"Procijenjeno vrijeme \u010ditanja":"1 minuta"},"schema":{"@context":"https:\/\/schema.org","@graph":[{"@type":"WebPage","@id":"https:\/\/clair.si\/hr\/izdelek\/sisac-za-pse-heiniger-style-midi\/","url":"https:\/\/clair.si\/hr\/izdelek\/sisac-za-pse-heiniger-style-midi\/","name":"\u0160i\u0161a\u010d za pse Heiniger Style Midi - Clair","isPartOf":{"@id":"https:\/\/clair.si\/#website"},"primaryImageOfPage":{"@id":"https:\/\/clair.si\/hr\/izdelek\/sisac-za-pse-heiniger-style-midi\/#primaryimage"},"image":{"@id":"https:\/\/clair.si\/hr\/izdelek\/sisac-za-pse-heiniger-style-midi\/#primaryimage"},"thumbnailUrl":"https:\/\/clair.si\/wp-content\/uploads\/2024\/07\/Heiniger-za-male-zivali-pse-in-macke-Midi-Style-1-jpg.avif","datePublished":"2024-07-12T06:19:36+00:00","dateModified":"2025-08-28T05:32:20+00:00","description":"Profesionalni brija\u010d za pse, ma\u010dke i druge male \u017eivotinje. Neophodan alat u svim salonima za pse. Osigurajte svoj primjerak jo\u0161 danas.","breadcrumb":{"@id":"https:\/\/clair.si\/hr\/izdelek\/sisac-za-pse-heiniger-style-midi\/#breadcrumb"},"inLanguage":"hr","potentialAction":[{"@type":"ReadAction","target":["https:\/\/clair.si\/hr\/izdelek\/sisac-za-pse-heiniger-style-midi\/"]}]},{"@type":"ImageObject","inLanguage":"hr","@id":"https:\/\/clair.si\/hr\/izdelek\/sisac-za-pse-heiniger-style-midi\/#primaryimage","url":"https:\/\/clair.si\/wp-content\/uploads\/2024\/07\/Heiniger-za-male-zivali-pse-in-macke-Midi-Style-1-jpg.avif","contentUrl":"https:\/\/clair.si\/wp-content\/uploads\/2024\/07\/Heiniger-za-male-zivali-pse-in-macke-Midi-Style-1-jpg.avif","width":800,"height":800},{"@type":"BreadcrumbList","@id":"https:\/\/clair.si\/hr\/izdelek\/sisac-za-pse-heiniger-style-midi\/#breadcrumb","itemListElement":[{"@type":"ListItem","position":1,"name":"Home","item":"https:\/\/clair.si\/hr\/"},{"@type":"ListItem","position":2,"name":"Trgovina","item":"https:\/\/clair.si\/trgovina\/"},{"@type":"ListItem","position":3,"name":"\u0160i\u0161a\u010d za pse Heiniger Style Midi"}]},{"@type":"WebSite","@id":"https:\/\/clair.si\/#website","url":"https:\/\/clair.si\/","name":"Clair","description":"Trgovina s konjeni\u0161ko opremo","publisher":{"@id":"https:\/\/clair.si\/#organization"},"potentialAction":[{"@type":"SearchAction","target":{"@type":"EntryPoint","urlTemplate":"https:\/\/clair.si\/?s={search_term_string}"},"query-input":{"@type":"PropertyValueSpecification","valueRequired":true,"valueName":"search_term_string"}}],"inLanguage":"hr"},{"@type":"Organization","@id":"https:\/\/clair.si\/#organization","name":"Clair","url":"https:\/\/clair.si\/","logo":{"@type":"ImageObject","inLanguage":"hr","@id":"https:\/\/clair.si\/#\/schema\/logo\/image\/","url":"https:\/\/clair.si\/wp-content\/uploads\/2022\/11\/clair_logo_2022.jpg","contentUrl":"https:\/\/clair.si\/wp-content\/uploads\/2022\/11\/clair_logo_2022.jpg","width":1920,"height":1920,"caption":"Clair"},"image":{"@id":"https:\/\/clair.si\/#\/schema\/logo\/image\/"},"sameAs":["https:\/\/www.facebook.com\/TrgovinaClair\/"]}]}},"_links":{"self":[{"href":"https:\/\/clair.si\/hr\/wp-json\/wp\/v2\/product\/95143","targetHints":{"allow":["GET"]}}],"collection":[{"href":"https:\/\/clair.si\/hr\/wp-json\/wp\/v2\/product"}],"about":[{"href":"https:\/\/clair.si\/hr\/wp-json\/wp\/v2\/types\/product"}],"version-history":[{"count":0,"href":"https:\/\/clair.si\/hr\/wp-json\/wp\/v2\/product\/95143\/revisions"}],"wp:featuredmedia":[{"embeddable":true,"href":"https:\/\/clair.si\/hr\/wp-json\/wp\/v2\/media\/95146"}],"wp:attachment":[{"href":"https:\/\/clair.si\/hr\/wp-json\/wp\/v2\/media?parent=95143"}],"wp:term":[{"taxonomy":"product_brand","embeddable":true,"href":"https:\/\/clair.si\/hr\/wp-json\/wp\/v2\/product_brand?post=95143"},{"taxonomy":"product_cat","embeddable":true,"href":"https:\/\/clair.si\/hr\/wp-json\/wp\/v2\/product_cat?post=95143"},{"taxonomy":"product_tag","embeddable":true,"href":"https:\/\/clair.si\/hr\/wp-json\/wp\/v2\/product_tag?post=95143"}],"curies":[{"name":"wp","href":"https:\/\/api.w.org\/{rel}","templated":true}]}}