{"id":95151,"date":"2024-07-12T08:34:43","date_gmt":"2024-07-12T06:34:43","guid":{"rendered":"https:\/\/clair.si\/izdelek\/sisac-za-pse-heiniger-style-mini\/"},"modified":"2025-08-28T07:32:21","modified_gmt":"2025-08-28T05:32:21","slug":"sisac-za-pse-heiniger-style-mini","status":"publish","type":"product","link":"https:\/\/clair.si\/hr\/izdelek\/sisac-za-pse-heiniger-style-mini\/","title":{"rendered":"\u0160i\u0161a\u010d za pse Heiniger Style Mini"},"content":{"rendered":"<p><strong>\u0160i\u0161a\u010di za pse Heiniger Style Mini<\/strong> imaju bateriju koja osigurava do 80 minuta neprekidnog \u0161i\u0161anja te brzo punjenje iste u manje od 60 minuta.<\/p>\n<p>Zbog tihog djelovanja, malog broja vibracija i iznimne preciznosti, prikladne su za oblikovanje podru\u010dja oko repa, o\u010diju, \u0161apa i izme\u0111u prstiju, odnosno izme\u0111u jastu\u010di\u0107a. <\/p>\n<p><strong>\u0160i\u0161a\u010di za pse Heiniger Style Mini<\/strong> imaju stri\u017enu glavu (metalni nastavak) za \u0161i\u0161anje dlake na du\u017einu 0.3 mm. Prilagodljiv zasko\u010dni \u010de\u0161alj se namjesti na stri\u017enu glavu \u0161i\u0161a\u010da i omogu\u0107uje \u0161i\u0161anje dlake na du\u017eine od 3 do 6 mm. <\/p>\n<p>Nakon uporabe ih je jednostavno o\u010distiti.<\/p>\n<p><strong>Uklju\u010deno u isporuku:<\/strong><\/p>\n<ul>\n<li><strong>\u0161i\u0161a\u010d za pse ili ma\u010dke Heiniger Style Mini<\/strong><\/li>\n<li>baterija<\/li>\n<li>set za punjenje (adapter, punja\u010d)<\/li>\n<li>\u010de\u0161alj<\/li>\n<li>kapaljka za ulje<\/li>\n<li>\u010detka za \u010di\u0161\u0107enje<\/li>\n<li>upute za uporabu<\/li>\n<\/ul>\n","protected":false},"excerpt":{"rendered":"<p>Prikladno za:<\/p>\n","protected":false},"featured_media":95153,"template":"","meta":{"footnotes":""},"product_brand":[],"product_cat":[6176,6175,5657,5846,5987,5627],"product_tag":[],"class_list":{"0":"post-95151","1":"product","2":"type-product","3":"status-publish","4":"has-post-thumbnail","6":"product_cat-elektricne-skare","7":"product_cat-heiniger-hr","8":"product_cat-kategorije-hr","9":"product_cat-male-zivotinje","10":"product_cat-sisaci-za-male-zivotinje","11":"product_cat-stala-i-pasnjak","13":"first","14":"outofstock","15":"shipping-taxable","16":"purchasable","17":"product-type-simple"},"yoast_head":"<!-- This site is optimized with the Yoast SEO plugin v27.3 - https:\/\/yoast.com\/product\/yoast-seo-wordpress\/ -->\n<title>\u0160i\u0161a\u010d za pse Heiniger Style Mini - Clair<\/title>\n<meta name=\"description\" content=\"Mali, tihi, precizan i svejedno mo\u0107an \u0161i\u0161a\u010d. Veliki brija\u010d u malom tijelu. Pregledajte na\u0161u ponudu i osigurajte si svoj super brija\u010d \u0161to prije.\" \/>\n<meta name=\"robots\" content=\"index, follow, max-snippet:-1, max-image-preview:large, max-video-preview:-1\" \/>\n<link rel=\"canonical\" href=\"https:\/\/clair.si\/hr\/izdelek\/sisac-za-pse-heiniger-style-mini\/\" \/>\n<meta property=\"og:locale\" content=\"hr_HR\" \/>\n<meta property=\"og:type\" content=\"article\" \/>\n<meta property=\"og:title\" content=\"\u0160i\u0161a\u010d za pse Heiniger Style Mini - Clair\" \/>\n<meta property=\"og:description\" content=\"Mali, tihi, precizan i svejedno mo\u0107an \u0161i\u0161a\u010d. Veliki brija\u010d u malom tijelu. Pregledajte na\u0161u ponudu i osigurajte si svoj super brija\u010d \u0161to prije.\" \/>\n<meta property=\"og:url\" content=\"https:\/\/clair.si\/hr\/izdelek\/sisac-za-pse-heiniger-style-mini\/\" \/>\n<meta property=\"og:site_name\" content=\"Clair\" \/>\n<meta property=\"article:publisher\" content=\"https:\/\/www.facebook.com\/TrgovinaClair\/\" \/>\n<meta property=\"article:modified_time\" content=\"2025-08-28T05:32:21+00:00\" \/>\n<meta property=\"og:image\" content=\"https:\/\/clair.si\/wp-content\/uploads\/2024\/07\/Heiniger-Mini-Style-1-jpg.avif\" \/>\n\t<meta property=\"og:image:width\" content=\"800\" \/>\n\t<meta property=\"og:image:height\" content=\"800\" \/>\n\t<meta property=\"og:image:type\" content=\"image\/jpeg\" \/>\n<meta name=\"twitter:card\" content=\"summary_large_image\" \/>\n<meta name=\"twitter:label1\" content=\"Procijenjeno vrijeme \u010ditanja\" \/>\n\t<meta name=\"twitter:data1\" content=\"1 minuta\" \/>\n<script type=\"application\/ld+json\" class=\"yoast-schema-graph\">{\"@context\":\"https:\\\/\\\/schema.org\",\"@graph\":[{\"@type\":\"WebPage\",\"@id\":\"https:\\\/\\\/clair.si\\\/hr\\\/izdelek\\\/sisac-za-pse-heiniger-style-mini\\\/\",\"url\":\"https:\\\/\\\/clair.si\\\/hr\\\/izdelek\\\/sisac-za-pse-heiniger-style-mini\\\/\",\"name\":\"\u0160i\u0161a\u010d za pse Heiniger Style Mini - Clair\",\"isPartOf\":{\"@id\":\"https:\\\/\\\/clair.si\\\/#website\"},\"primaryImageOfPage\":{\"@id\":\"https:\\\/\\\/clair.si\\\/hr\\\/izdelek\\\/sisac-za-pse-heiniger-style-mini\\\/#primaryimage\"},\"image\":{\"@id\":\"https:\\\/\\\/clair.si\\\/hr\\\/izdelek\\\/sisac-za-pse-heiniger-style-mini\\\/#primaryimage\"},\"thumbnailUrl\":\"https:\\\/\\\/clair.si\\\/wp-content\\\/uploads\\\/2024\\\/07\\\/Heiniger-Mini-Style-1-jpg.avif\",\"datePublished\":\"2024-07-12T06:34:43+00:00\",\"dateModified\":\"2025-08-28T05:32:21+00:00\",\"description\":\"Mali, tihi, precizan i svejedno mo\u0107an \u0161i\u0161a\u010d. Veliki brija\u010d u malom tijelu. Pregledajte na\u0161u ponudu i osigurajte si svoj super brija\u010d \u0161to prije.\",\"breadcrumb\":{\"@id\":\"https:\\\/\\\/clair.si\\\/hr\\\/izdelek\\\/sisac-za-pse-heiniger-style-mini\\\/#breadcrumb\"},\"inLanguage\":\"hr\",\"potentialAction\":[{\"@type\":\"ReadAction\",\"target\":[\"https:\\\/\\\/clair.si\\\/hr\\\/izdelek\\\/sisac-za-pse-heiniger-style-mini\\\/\"]}]},{\"@type\":\"ImageObject\",\"inLanguage\":\"hr\",\"@id\":\"https:\\\/\\\/clair.si\\\/hr\\\/izdelek\\\/sisac-za-pse-heiniger-style-mini\\\/#primaryimage\",\"url\":\"https:\\\/\\\/clair.si\\\/wp-content\\\/uploads\\\/2024\\\/07\\\/Heiniger-Mini-Style-1-jpg.avif\",\"contentUrl\":\"https:\\\/\\\/clair.si\\\/wp-content\\\/uploads\\\/2024\\\/07\\\/Heiniger-Mini-Style-1-jpg.avif\",\"width\":800,\"height\":800},{\"@type\":\"BreadcrumbList\",\"@id\":\"https:\\\/\\\/clair.si\\\/hr\\\/izdelek\\\/sisac-za-pse-heiniger-style-mini\\\/#breadcrumb\",\"itemListElement\":[{\"@type\":\"ListItem\",\"position\":1,\"name\":\"Home\",\"item\":\"https:\\\/\\\/clair.si\\\/hr\\\/\"},{\"@type\":\"ListItem\",\"position\":2,\"name\":\"Trgovina\",\"item\":\"https:\\\/\\\/clair.si\\\/trgovina\\\/\"},{\"@type\":\"ListItem\",\"position\":3,\"name\":\"\u0160i\u0161a\u010d za pse Heiniger Style Mini\"}]},{\"@type\":\"WebSite\",\"@id\":\"https:\\\/\\\/clair.si\\\/#website\",\"url\":\"https:\\\/\\\/clair.si\\\/\",\"name\":\"Clair\",\"description\":\"Trgovina s konjeni\u0161ko opremo\",\"publisher\":{\"@id\":\"https:\\\/\\\/clair.si\\\/#organization\"},\"potentialAction\":[{\"@type\":\"SearchAction\",\"target\":{\"@type\":\"EntryPoint\",\"urlTemplate\":\"https:\\\/\\\/clair.si\\\/?s={search_term_string}\"},\"query-input\":{\"@type\":\"PropertyValueSpecification\",\"valueRequired\":true,\"valueName\":\"search_term_string\"}}],\"inLanguage\":\"hr\"},{\"@type\":\"Organization\",\"@id\":\"https:\\\/\\\/clair.si\\\/#organization\",\"name\":\"Clair\",\"url\":\"https:\\\/\\\/clair.si\\\/\",\"logo\":{\"@type\":\"ImageObject\",\"inLanguage\":\"hr\",\"@id\":\"https:\\\/\\\/clair.si\\\/#\\\/schema\\\/logo\\\/image\\\/\",\"url\":\"https:\\\/\\\/clair.si\\\/wp-content\\\/uploads\\\/2022\\\/11\\\/clair_logo_2022.jpg\",\"contentUrl\":\"https:\\\/\\\/clair.si\\\/wp-content\\\/uploads\\\/2022\\\/11\\\/clair_logo_2022.jpg\",\"width\":1920,\"height\":1920,\"caption\":\"Clair\"},\"image\":{\"@id\":\"https:\\\/\\\/clair.si\\\/#\\\/schema\\\/logo\\\/image\\\/\"},\"sameAs\":[\"https:\\\/\\\/www.facebook.com\\\/TrgovinaClair\\\/\"]}]}<\/script>\n<!-- \/ Yoast SEO plugin. -->","yoast_head_json":{"title":"\u0160i\u0161a\u010d za pse Heiniger Style Mini - Clair","description":"Mali, tihi, precizan i svejedno mo\u0107an \u0161i\u0161a\u010d. Veliki brija\u010d u malom tijelu. Pregledajte na\u0161u ponudu i osigurajte si svoj super brija\u010d \u0161to prije.","robots":{"index":"index","follow":"follow","max-snippet":"max-snippet:-1","max-image-preview":"max-image-preview:large","max-video-preview":"max-video-preview:-1"},"canonical":"https:\/\/clair.si\/hr\/izdelek\/sisac-za-pse-heiniger-style-mini\/","og_locale":"hr_HR","og_type":"article","og_title":"\u0160i\u0161a\u010d za pse Heiniger Style Mini - Clair","og_description":"Mali, tihi, precizan i svejedno mo\u0107an \u0161i\u0161a\u010d. Veliki brija\u010d u malom tijelu. Pregledajte na\u0161u ponudu i osigurajte si svoj super brija\u010d \u0161to prije.","og_url":"https:\/\/clair.si\/hr\/izdelek\/sisac-za-pse-heiniger-style-mini\/","og_site_name":"Clair","article_publisher":"https:\/\/www.facebook.com\/TrgovinaClair\/","article_modified_time":"2025-08-28T05:32:21+00:00","og_image":[{"width":800,"height":800,"url":"https:\/\/clair.si\/wp-content\/uploads\/2024\/07\/Heiniger-Mini-Style-1-jpg.avif","type":"image\/jpeg"}],"twitter_card":"summary_large_image","twitter_misc":{"Procijenjeno vrijeme \u010ditanja":"1 minuta"},"schema":{"@context":"https:\/\/schema.org","@graph":[{"@type":"WebPage","@id":"https:\/\/clair.si\/hr\/izdelek\/sisac-za-pse-heiniger-style-mini\/","url":"https:\/\/clair.si\/hr\/izdelek\/sisac-za-pse-heiniger-style-mini\/","name":"\u0160i\u0161a\u010d za pse Heiniger Style Mini - Clair","isPartOf":{"@id":"https:\/\/clair.si\/#website"},"primaryImageOfPage":{"@id":"https:\/\/clair.si\/hr\/izdelek\/sisac-za-pse-heiniger-style-mini\/#primaryimage"},"image":{"@id":"https:\/\/clair.si\/hr\/izdelek\/sisac-za-pse-heiniger-style-mini\/#primaryimage"},"thumbnailUrl":"https:\/\/clair.si\/wp-content\/uploads\/2024\/07\/Heiniger-Mini-Style-1-jpg.avif","datePublished":"2024-07-12T06:34:43+00:00","dateModified":"2025-08-28T05:32:21+00:00","description":"Mali, tihi, precizan i svejedno mo\u0107an \u0161i\u0161a\u010d. Veliki brija\u010d u malom tijelu. Pregledajte na\u0161u ponudu i osigurajte si svoj super brija\u010d \u0161to prije.","breadcrumb":{"@id":"https:\/\/clair.si\/hr\/izdelek\/sisac-za-pse-heiniger-style-mini\/#breadcrumb"},"inLanguage":"hr","potentialAction":[{"@type":"ReadAction","target":["https:\/\/clair.si\/hr\/izdelek\/sisac-za-pse-heiniger-style-mini\/"]}]},{"@type":"ImageObject","inLanguage":"hr","@id":"https:\/\/clair.si\/hr\/izdelek\/sisac-za-pse-heiniger-style-mini\/#primaryimage","url":"https:\/\/clair.si\/wp-content\/uploads\/2024\/07\/Heiniger-Mini-Style-1-jpg.avif","contentUrl":"https:\/\/clair.si\/wp-content\/uploads\/2024\/07\/Heiniger-Mini-Style-1-jpg.avif","width":800,"height":800},{"@type":"BreadcrumbList","@id":"https:\/\/clair.si\/hr\/izdelek\/sisac-za-pse-heiniger-style-mini\/#breadcrumb","itemListElement":[{"@type":"ListItem","position":1,"name":"Home","item":"https:\/\/clair.si\/hr\/"},{"@type":"ListItem","position":2,"name":"Trgovina","item":"https:\/\/clair.si\/trgovina\/"},{"@type":"ListItem","position":3,"name":"\u0160i\u0161a\u010d za pse Heiniger Style Mini"}]},{"@type":"WebSite","@id":"https:\/\/clair.si\/#website","url":"https:\/\/clair.si\/","name":"Clair","description":"Trgovina s konjeni\u0161ko opremo","publisher":{"@id":"https:\/\/clair.si\/#organization"},"potentialAction":[{"@type":"SearchAction","target":{"@type":"EntryPoint","urlTemplate":"https:\/\/clair.si\/?s={search_term_string}"},"query-input":{"@type":"PropertyValueSpecification","valueRequired":true,"valueName":"search_term_string"}}],"inLanguage":"hr"},{"@type":"Organization","@id":"https:\/\/clair.si\/#organization","name":"Clair","url":"https:\/\/clair.si\/","logo":{"@type":"ImageObject","inLanguage":"hr","@id":"https:\/\/clair.si\/#\/schema\/logo\/image\/","url":"https:\/\/clair.si\/wp-content\/uploads\/2022\/11\/clair_logo_2022.jpg","contentUrl":"https:\/\/clair.si\/wp-content\/uploads\/2022\/11\/clair_logo_2022.jpg","width":1920,"height":1920,"caption":"Clair"},"image":{"@id":"https:\/\/clair.si\/#\/schema\/logo\/image\/"},"sameAs":["https:\/\/www.facebook.com\/TrgovinaClair\/"]}]}},"_links":{"self":[{"href":"https:\/\/clair.si\/hr\/wp-json\/wp\/v2\/product\/95151","targetHints":{"allow":["GET"]}}],"collection":[{"href":"https:\/\/clair.si\/hr\/wp-json\/wp\/v2\/product"}],"about":[{"href":"https:\/\/clair.si\/hr\/wp-json\/wp\/v2\/types\/product"}],"version-history":[{"count":0,"href":"https:\/\/clair.si\/hr\/wp-json\/wp\/v2\/product\/95151\/revisions"}],"wp:featuredmedia":[{"embeddable":true,"href":"https:\/\/clair.si\/hr\/wp-json\/wp\/v2\/media\/95153"}],"wp:attachment":[{"href":"https:\/\/clair.si\/hr\/wp-json\/wp\/v2\/media?parent=95151"}],"wp:term":[{"taxonomy":"product_brand","embeddable":true,"href":"https:\/\/clair.si\/hr\/wp-json\/wp\/v2\/product_brand?post=95151"},{"taxonomy":"product_cat","embeddable":true,"href":"https:\/\/clair.si\/hr\/wp-json\/wp\/v2\/product_cat?post=95151"},{"taxonomy":"product_tag","embeddable":true,"href":"https:\/\/clair.si\/hr\/wp-json\/wp\/v2\/product_tag?post=95151"}],"curies":[{"name":"wp","href":"https:\/\/api.w.org\/{rel}","templated":true}]}}