{"id":95156,"date":"2024-07-12T10:33:02","date_gmt":"2024-07-12T08:33:02","guid":{"rendered":"https:\/\/clair.si\/izdelek\/cetka-za-pse-i-macke-long-hair-soft\/"},"modified":"2025-08-27T21:14:22","modified_gmt":"2025-08-27T19:14:22","slug":"cetka-za-pse-i-macke-long-hair-soft","status":"publish","type":"product","link":"https:\/\/clair.si\/hr\/izdelek\/cetka-za-pse-i-macke-long-hair-soft\/","title":{"rendered":"\u010cetka za pse i ma\u010dke Long Hair Soft"},"content":{"rendered":"<p><strong>Univerzalna \u010detka za \u017eivotinje &#8211; preporu\u010duju veterinari.<\/strong><\/p>\n<p>Izra\u0111ena od 100% silikona. <strong>\u010ce\u0161lja, masira, \u010disti. <\/strong><\/p>\n<p>Zelena \u010detka za<strong> sve pasmine ma\u010daka i pasa<\/strong>:<\/p>\n<ul>\n<li>Ma\u010dke s kratkom ili dugom, gustom dlakom s puno poddlake.<\/li>\n<li>Psi s opu\u0161tenom dlakom i mekom poddlakom.<\/li>\n<\/ul>\n<p><strong>Dubinsko \u010di\u0161\u0107enje<\/strong>, njega dlake, ja\u010da dlaku, <strong>uklanjanje dlaka<\/strong>, <strong>nje\u017ena masa\u017ea<\/strong>, <strong>uklanja dlake s tekstila<\/strong>, tako\u0111er za upotrebu tijekom tu\u0161iranja.<\/p>\n<p>Mekano ma\u017eenje\/masiranje i optimalno uklanjanje dlaka posti\u017eu se i grubom stranom \u010detke. Uklanja dlake s namje\u0161taja, tepiha, automobilskih sjedala i odje\u0107e. Odba\u010dene dlake \u0107ete ukloniti finom stranom \u010detke. Mogu\u0107nost pranja u vru\u0107oj vodi; prikladno za perilicu rublja i perilicu posu\u0111a. 100% silikon &#8211; potpuno bez \u0161tetnih kemikalija. Kada imate psa, va\u017eno je da mu dlaku \u010distite nekoliko puta tjedno, ina\u010de se \u017elijezde lojnice za\u010depe i dlaka po\u010dne ispu\u0161tati neugodan miris. Kada sna\u017eno pritisnete s \u010detkom, mo\u017ee se razmrsiti i zamr\u0161ena dlaka. S na\u0161om posebno dizajniranom \u010detkom mo\u017eete biti sigurni da \u0107ete imati \u010distog psa sa sjajnom dlakom. Redovito \u010detkanje sprje\u010dava daljnje petljanje dlake. Ma\u010dja dlaka ima puno statike, koju je mogu\u0107e ukloniti mokrom \u010detkom. Tijekom \u010detkanja mo\u017eete dodati pritisak. Va\u0161a ma\u010dka to obo\u017eava i dobit \u0107e sjajnu dlaku.           <\/p>\n","protected":false},"excerpt":{"rendered":"<p><strong>Prikladno za:<\/strong><\/p>\n<p><img loading=\"lazy\" decoding=\"async\" class=\"alignnone size-full wp-image-17001\" src=\"https:\/\/www.agro-clair.si\/wp-content\/uploads\/2020\/05\/pesmacka.png\" alt=\"\" width=\"46\" height=\"46\"><\/p>\n","protected":false},"featured_media":95157,"template":"","meta":{"footnotes":""},"product_brand":[],"product_cat":[5848,5846],"product_tag":[],"class_list":{"0":"post-95156","1":"product","2":"type-product","3":"status-publish","4":"has-post-thumbnail","6":"product_cat-cetke-za-male-zivotinje","7":"product_cat-male-zivotinje","9":"first","10":"instock","11":"sale","12":"shipping-taxable","13":"purchasable","14":"product-type-simple"},"yoast_head":"<!-- This site is optimized with the Yoast SEO plugin v27.4 - https:\/\/yoast.com\/product\/yoast-seo-wordpress\/ -->\n<title>\u010cetka za pse i ma\u010dke Long Hair Soft - Clair<\/title>\n<meta name=\"description\" content=\"Vrhunska linija \u010detki, izra\u0111enih od 100% silikona, prema preporuci veterinara. Zelena, prikladna za dugu dlaku pasa i ma\u010daka. Osigurajte si svoju.\" \/>\n<meta name=\"robots\" content=\"index, follow, max-snippet:-1, max-image-preview:large, max-video-preview:-1\" \/>\n<link rel=\"canonical\" href=\"https:\/\/clair.si\/hr\/izdelek\/cetka-za-pse-i-macke-long-hair-soft\/\" \/>\n<meta property=\"og:locale\" content=\"hr_HR\" \/>\n<meta property=\"og:type\" content=\"article\" \/>\n<meta property=\"og:title\" content=\"\u010cetka za pse i ma\u010dke Long Hair Soft - Clair\" \/>\n<meta property=\"og:description\" content=\"Vrhunska linija \u010detki, izra\u0111enih od 100% silikona, prema preporuci veterinara. Zelena, prikladna za dugu dlaku pasa i ma\u010daka. Osigurajte si svoju.\" \/>\n<meta property=\"og:url\" content=\"https:\/\/clair.si\/hr\/izdelek\/cetka-za-pse-i-macke-long-hair-soft\/\" \/>\n<meta property=\"og:site_name\" content=\"Clair\" \/>\n<meta property=\"article:publisher\" content=\"https:\/\/www.facebook.com\/TrgovinaClair\/\" \/>\n<meta property=\"article:modified_time\" content=\"2025-08-27T19:14:22+00:00\" \/>\n<meta property=\"og:image\" content=\"https:\/\/clair.si\/wp-content\/uploads\/2024\/07\/krtaca-zelena-jpg.avif\" \/>\n\t<meta property=\"og:image:width\" content=\"700\" \/>\n\t<meta property=\"og:image:height\" content=\"700\" \/>\n\t<meta property=\"og:image:type\" content=\"image\/jpeg\" \/>\n<meta name=\"twitter:card\" content=\"summary_large_image\" \/>\n<meta name=\"twitter:label1\" content=\"Procijenjeno vrijeme \u010ditanja\" \/>\n\t<meta name=\"twitter:data1\" content=\"1 minuta\" \/>\n<script type=\"application\/ld+json\" class=\"yoast-schema-graph\">{\"@context\":\"https:\\\/\\\/schema.org\",\"@graph\":[{\"@type\":\"WebPage\",\"@id\":\"https:\\\/\\\/clair.si\\\/hr\\\/izdelek\\\/cetka-za-pse-i-macke-long-hair-soft\\\/\",\"url\":\"https:\\\/\\\/clair.si\\\/hr\\\/izdelek\\\/cetka-za-pse-i-macke-long-hair-soft\\\/\",\"name\":\"\u010cetka za pse i ma\u010dke Long Hair Soft - Clair\",\"isPartOf\":{\"@id\":\"https:\\\/\\\/clair.si\\\/#website\"},\"primaryImageOfPage\":{\"@id\":\"https:\\\/\\\/clair.si\\\/hr\\\/izdelek\\\/cetka-za-pse-i-macke-long-hair-soft\\\/#primaryimage\"},\"image\":{\"@id\":\"https:\\\/\\\/clair.si\\\/hr\\\/izdelek\\\/cetka-za-pse-i-macke-long-hair-soft\\\/#primaryimage\"},\"thumbnailUrl\":\"https:\\\/\\\/clair.si\\\/wp-content\\\/uploads\\\/2024\\\/07\\\/krtaca-zelena-jpg.avif\",\"datePublished\":\"2024-07-12T08:33:02+00:00\",\"dateModified\":\"2025-08-27T19:14:22+00:00\",\"description\":\"Vrhunska linija \u010detki, izra\u0111enih od 100% silikona, prema preporuci veterinara. Zelena, prikladna za dugu dlaku pasa i ma\u010daka. Osigurajte si svoju.\",\"breadcrumb\":{\"@id\":\"https:\\\/\\\/clair.si\\\/hr\\\/izdelek\\\/cetka-za-pse-i-macke-long-hair-soft\\\/#breadcrumb\"},\"inLanguage\":\"hr\",\"potentialAction\":[{\"@type\":\"ReadAction\",\"target\":[\"https:\\\/\\\/clair.si\\\/hr\\\/izdelek\\\/cetka-za-pse-i-macke-long-hair-soft\\\/\"]}]},{\"@type\":\"ImageObject\",\"inLanguage\":\"hr\",\"@id\":\"https:\\\/\\\/clair.si\\\/hr\\\/izdelek\\\/cetka-za-pse-i-macke-long-hair-soft\\\/#primaryimage\",\"url\":\"https:\\\/\\\/clair.si\\\/wp-content\\\/uploads\\\/2024\\\/07\\\/krtaca-zelena-jpg.avif\",\"contentUrl\":\"https:\\\/\\\/clair.si\\\/wp-content\\\/uploads\\\/2024\\\/07\\\/krtaca-zelena-jpg.avif\",\"width\":700,\"height\":700},{\"@type\":\"BreadcrumbList\",\"@id\":\"https:\\\/\\\/clair.si\\\/hr\\\/izdelek\\\/cetka-za-pse-i-macke-long-hair-soft\\\/#breadcrumb\",\"itemListElement\":[{\"@type\":\"ListItem\",\"position\":1,\"name\":\"Home\",\"item\":\"https:\\\/\\\/clair.si\\\/hr\\\/\"},{\"@type\":\"ListItem\",\"position\":2,\"name\":\"Trgovina\",\"item\":\"https:\\\/\\\/clair.si\\\/trgovina\\\/\"},{\"@type\":\"ListItem\",\"position\":3,\"name\":\"\u010cetka za pse i ma\u010dke Long Hair Soft\"}]},{\"@type\":\"WebSite\",\"@id\":\"https:\\\/\\\/clair.si\\\/#website\",\"url\":\"https:\\\/\\\/clair.si\\\/\",\"name\":\"Clair\",\"description\":\"Trgovina s konjeni\u0161ko opremo\",\"publisher\":{\"@id\":\"https:\\\/\\\/clair.si\\\/#organization\"},\"potentialAction\":[{\"@type\":\"SearchAction\",\"target\":{\"@type\":\"EntryPoint\",\"urlTemplate\":\"https:\\\/\\\/clair.si\\\/?s={search_term_string}\"},\"query-input\":{\"@type\":\"PropertyValueSpecification\",\"valueRequired\":true,\"valueName\":\"search_term_string\"}}],\"inLanguage\":\"hr\"},{\"@type\":\"Organization\",\"@id\":\"https:\\\/\\\/clair.si\\\/#organization\",\"name\":\"Clair\",\"url\":\"https:\\\/\\\/clair.si\\\/\",\"logo\":{\"@type\":\"ImageObject\",\"inLanguage\":\"hr\",\"@id\":\"https:\\\/\\\/clair.si\\\/#\\\/schema\\\/logo\\\/image\\\/\",\"url\":\"https:\\\/\\\/clair.si\\\/wp-content\\\/uploads\\\/2022\\\/11\\\/clair_logo_2022.jpg\",\"contentUrl\":\"https:\\\/\\\/clair.si\\\/wp-content\\\/uploads\\\/2022\\\/11\\\/clair_logo_2022.jpg\",\"width\":1920,\"height\":1920,\"caption\":\"Clair\"},\"image\":{\"@id\":\"https:\\\/\\\/clair.si\\\/#\\\/schema\\\/logo\\\/image\\\/\"},\"sameAs\":[\"https:\\\/\\\/www.facebook.com\\\/TrgovinaClair\\\/\"]}]}<\/script>\n<!-- \/ Yoast SEO plugin. -->","yoast_head_json":{"title":"\u010cetka za pse i ma\u010dke Long Hair Soft - Clair","description":"Vrhunska linija \u010detki, izra\u0111enih od 100% silikona, prema preporuci veterinara. Zelena, prikladna za dugu dlaku pasa i ma\u010daka. Osigurajte si svoju.","robots":{"index":"index","follow":"follow","max-snippet":"max-snippet:-1","max-image-preview":"max-image-preview:large","max-video-preview":"max-video-preview:-1"},"canonical":"https:\/\/clair.si\/hr\/izdelek\/cetka-za-pse-i-macke-long-hair-soft\/","og_locale":"hr_HR","og_type":"article","og_title":"\u010cetka za pse i ma\u010dke Long Hair Soft - Clair","og_description":"Vrhunska linija \u010detki, izra\u0111enih od 100% silikona, prema preporuci veterinara. Zelena, prikladna za dugu dlaku pasa i ma\u010daka. Osigurajte si svoju.","og_url":"https:\/\/clair.si\/hr\/izdelek\/cetka-za-pse-i-macke-long-hair-soft\/","og_site_name":"Clair","article_publisher":"https:\/\/www.facebook.com\/TrgovinaClair\/","article_modified_time":"2025-08-27T19:14:22+00:00","og_image":[{"width":700,"height":700,"url":"https:\/\/clair.si\/wp-content\/uploads\/2024\/07\/krtaca-zelena-jpg.avif","type":"image\/jpeg"}],"twitter_card":"summary_large_image","twitter_misc":{"Procijenjeno vrijeme \u010ditanja":"1 minuta"},"schema":{"@context":"https:\/\/schema.org","@graph":[{"@type":"WebPage","@id":"https:\/\/clair.si\/hr\/izdelek\/cetka-za-pse-i-macke-long-hair-soft\/","url":"https:\/\/clair.si\/hr\/izdelek\/cetka-za-pse-i-macke-long-hair-soft\/","name":"\u010cetka za pse i ma\u010dke Long Hair Soft - Clair","isPartOf":{"@id":"https:\/\/clair.si\/#website"},"primaryImageOfPage":{"@id":"https:\/\/clair.si\/hr\/izdelek\/cetka-za-pse-i-macke-long-hair-soft\/#primaryimage"},"image":{"@id":"https:\/\/clair.si\/hr\/izdelek\/cetka-za-pse-i-macke-long-hair-soft\/#primaryimage"},"thumbnailUrl":"https:\/\/clair.si\/wp-content\/uploads\/2024\/07\/krtaca-zelena-jpg.avif","datePublished":"2024-07-12T08:33:02+00:00","dateModified":"2025-08-27T19:14:22+00:00","description":"Vrhunska linija \u010detki, izra\u0111enih od 100% silikona, prema preporuci veterinara. Zelena, prikladna za dugu dlaku pasa i ma\u010daka. Osigurajte si svoju.","breadcrumb":{"@id":"https:\/\/clair.si\/hr\/izdelek\/cetka-za-pse-i-macke-long-hair-soft\/#breadcrumb"},"inLanguage":"hr","potentialAction":[{"@type":"ReadAction","target":["https:\/\/clair.si\/hr\/izdelek\/cetka-za-pse-i-macke-long-hair-soft\/"]}]},{"@type":"ImageObject","inLanguage":"hr","@id":"https:\/\/clair.si\/hr\/izdelek\/cetka-za-pse-i-macke-long-hair-soft\/#primaryimage","url":"https:\/\/clair.si\/wp-content\/uploads\/2024\/07\/krtaca-zelena-jpg.avif","contentUrl":"https:\/\/clair.si\/wp-content\/uploads\/2024\/07\/krtaca-zelena-jpg.avif","width":700,"height":700},{"@type":"BreadcrumbList","@id":"https:\/\/clair.si\/hr\/izdelek\/cetka-za-pse-i-macke-long-hair-soft\/#breadcrumb","itemListElement":[{"@type":"ListItem","position":1,"name":"Home","item":"https:\/\/clair.si\/hr\/"},{"@type":"ListItem","position":2,"name":"Trgovina","item":"https:\/\/clair.si\/trgovina\/"},{"@type":"ListItem","position":3,"name":"\u010cetka za pse i ma\u010dke Long Hair Soft"}]},{"@type":"WebSite","@id":"https:\/\/clair.si\/#website","url":"https:\/\/clair.si\/","name":"Clair","description":"Trgovina s konjeni\u0161ko opremo","publisher":{"@id":"https:\/\/clair.si\/#organization"},"potentialAction":[{"@type":"SearchAction","target":{"@type":"EntryPoint","urlTemplate":"https:\/\/clair.si\/?s={search_term_string}"},"query-input":{"@type":"PropertyValueSpecification","valueRequired":true,"valueName":"search_term_string"}}],"inLanguage":"hr"},{"@type":"Organization","@id":"https:\/\/clair.si\/#organization","name":"Clair","url":"https:\/\/clair.si\/","logo":{"@type":"ImageObject","inLanguage":"hr","@id":"https:\/\/clair.si\/#\/schema\/logo\/image\/","url":"https:\/\/clair.si\/wp-content\/uploads\/2022\/11\/clair_logo_2022.jpg","contentUrl":"https:\/\/clair.si\/wp-content\/uploads\/2022\/11\/clair_logo_2022.jpg","width":1920,"height":1920,"caption":"Clair"},"image":{"@id":"https:\/\/clair.si\/#\/schema\/logo\/image\/"},"sameAs":["https:\/\/www.facebook.com\/TrgovinaClair\/"]}]}},"_links":{"self":[{"href":"https:\/\/clair.si\/hr\/wp-json\/wp\/v2\/product\/95156","targetHints":{"allow":["GET"]}}],"collection":[{"href":"https:\/\/clair.si\/hr\/wp-json\/wp\/v2\/product"}],"about":[{"href":"https:\/\/clair.si\/hr\/wp-json\/wp\/v2\/types\/product"}],"version-history":[{"count":0,"href":"https:\/\/clair.si\/hr\/wp-json\/wp\/v2\/product\/95156\/revisions"}],"wp:featuredmedia":[{"embeddable":true,"href":"https:\/\/clair.si\/hr\/wp-json\/wp\/v2\/media\/95157"}],"wp:attachment":[{"href":"https:\/\/clair.si\/hr\/wp-json\/wp\/v2\/media?parent=95156"}],"wp:term":[{"taxonomy":"product_brand","embeddable":true,"href":"https:\/\/clair.si\/hr\/wp-json\/wp\/v2\/product_brand?post=95156"},{"taxonomy":"product_cat","embeddable":true,"href":"https:\/\/clair.si\/hr\/wp-json\/wp\/v2\/product_cat?post=95156"},{"taxonomy":"product_tag","embeddable":true,"href":"https:\/\/clair.si\/hr\/wp-json\/wp\/v2\/product_tag?post=95156"}],"curies":[{"name":"wp","href":"https:\/\/api.w.org\/{rel}","templated":true}]}}