{"id":95174,"date":"2024-05-16T09:31:11","date_gmt":"2024-05-16T07:31:11","guid":{"rendered":"https:\/\/clair.si\/?post_type=product&#038;p=95174"},"modified":"2026-02-13T11:13:26","modified_gmt":"2026-02-13T10:13:26","slug":"dresurno-sedlo-back-on-track","status":"publish","type":"product","link":"https:\/\/clair.si\/hr\/izdelek\/dresurno-sedlo-back-on-track\/","title":{"rendered":"Dresurna podsedlica Back On Track"},"content":{"rendered":"<p><strong>Dresurna podsedlicaBack On Track<\/strong><\/p>\n<p><span class=\"HwtZe\" lang=\"sl\"><span class=\"jCAhz ChMk0b\"><span class=\"ryNqvb\">Za kori\u0161tenje tijekom treninga i natjecanja.<\/span><\/span> <\/span><\/p>\n<ul>\n<li><span class=\"HwtZe\" lang=\"sl\"><span class=\"jCAhz ChMk0b\"><span class=\"ryNqvb\">Prozra\u010dna, \u010dak i tijekom intenzivnog vje\u017ebanja<\/span><\/span><\/span><\/li>\n<li><span class=\"HwtZe\" lang=\"sl\"><span class=\"jCAhz ChMk0b\"><span class=\"ryNqvb\">Unutarnji Welltex\u00ae poti\u010de protok krvi<\/span><\/span><\/span><\/li>\n<li><span class=\"HwtZe\" lang=\"sl\"><span class=\"jCAhz ChMk0b\"><span class=\"ryNqvb\">Novi dodatni izrezani oblik za dodatno smanjenje pritiska na greben<\/span><\/span><br \/>\n<\/span><\/li>\n<li><span class=\"HwtZe\" lang=\"sl\"><span class=\"jCAhz ChMk0b\"><span class=\"ryNqvb\"> Debelo punjenje<\/span><\/span><br \/>\n<\/span><\/li>\n<li><span class=\"HwtZe\" lang=\"sl\"><span class=\"jCAhz ChMk0b\"><span class=\"ryNqvb\">Anatomski oblikovano za dresurna sedla<\/span><\/span><\/span><\/li>\n<li><span class=\"HwtZe\" lang=\"sl\"><span class=\"jCAhz ChMk0b\"><span class=\"ryNqvb\">\u010cvrste obodne petlje <\/span><\/span><\/span><\/li>\n<li><span class=\"HwtZe\" lang=\"sl\"><span class=\"jCAhz ChMk0b\"><span class=\"ryNqvb\"> Metalni dizajn logotipa na lijevoj strani<\/span><\/span> <\/span><\/li>\n<li><span class=\"HwtZe\" lang=\"sl\"><span class=\"jCAhz ChMk0b\"><span class=\"ryNqvb\">Sastav: Vanjski dio od 100% pamuka, unutarnji od 100% polipropilena i punilo od 100% poliestera.<\/span><\/span><\/span><\/li>\n<\/ul>\n<p><strong> <\/strong><\/p>\n","protected":false},"excerpt":{"rendered":"<p>Dresurna podsedlicaBack On Track Za kori\u0161tenje tijekom treninga i natjecanja. Prozra\u010dna, \u010dak i tijekom intenzivnog vje\u017ebanja Unutarnji Welltex\u00ae poti\u010de protok<\/p>\n","protected":false},"featured_media":95179,"template":"","meta":{"footnotes":""},"product_brand":[],"product_cat":[5727,5624,5726],"product_tag":[],"class_list":{"0":"post-95174","1":"product","2":"type-product","3":"status-publish","4":"has-post-thumbnail","6":"product_cat-dresurne-podsedlice","7":"product_cat-konj-hr","8":"product_cat-podsedlice-i-kapice-za-usi","10":"first","11":"outofstock","12":"shipping-taxable","13":"purchasable","14":"product-type-variable"},"yoast_head":"<!-- This site is optimized with the Yoast SEO plugin v27.3 - https:\/\/yoast.com\/product\/yoast-seo-wordpress\/ -->\n<title>Dresurna podsedlica Back On Track - Clair<\/title>\n<meta name=\"description\" content=\"Dresurna podsedlicaBack On Track Za kori\u0161tenje tijekom treninga i natjecanja. Prozra\u010dna, \u010dak i tijekom intenzivnog vje\u017ebanja Unutarnji Welltex\u00ae poti\u010de\" \/>\n<meta name=\"robots\" content=\"index, follow, max-snippet:-1, max-image-preview:large, max-video-preview:-1\" \/>\n<link rel=\"canonical\" href=\"https:\/\/clair.si\/hr\/izdelek\/dresurno-sedlo-back-on-track\/\" \/>\n<meta property=\"og:locale\" content=\"hr_HR\" \/>\n<meta property=\"og:type\" content=\"article\" \/>\n<meta property=\"og:title\" content=\"Dresurna podsedlica Back On Track - Clair\" \/>\n<meta property=\"og:description\" content=\"Dresurna podsedlicaBack On Track Za kori\u0161tenje tijekom treninga i natjecanja. Prozra\u010dna, \u010dak i tijekom intenzivnog vje\u017ebanja Unutarnji Welltex\u00ae poti\u010de\" \/>\n<meta property=\"og:url\" content=\"https:\/\/clair.si\/hr\/izdelek\/dresurno-sedlo-back-on-track\/\" \/>\n<meta property=\"og:site_name\" content=\"Clair\" \/>\n<meta property=\"article:publisher\" content=\"https:\/\/www.facebook.com\/TrgovinaClair\/\" \/>\n<meta property=\"article:modified_time\" content=\"2026-02-13T10:13:26+00:00\" \/>\n<meta property=\"og:image\" content=\"https:\/\/clair.si\/wp-content\/uploads\/2024\/05\/back-on-track-no1-dresurna-podsedelnica-jpg.webp\" \/>\n\t<meta property=\"og:image:width\" content=\"800\" \/>\n\t<meta property=\"og:image:height\" content=\"800\" \/>\n\t<meta property=\"og:image:type\" content=\"image\/jpeg\" \/>\n<meta name=\"twitter:card\" content=\"summary_large_image\" \/>\n<script type=\"application\/ld+json\" class=\"yoast-schema-graph\">{\"@context\":\"https:\\\/\\\/schema.org\",\"@graph\":[{\"@type\":\"WebPage\",\"@id\":\"https:\\\/\\\/clair.si\\\/hr\\\/izdelek\\\/dresurno-sedlo-back-on-track\\\/\",\"url\":\"https:\\\/\\\/clair.si\\\/hr\\\/izdelek\\\/dresurno-sedlo-back-on-track\\\/\",\"name\":\"Dresurna podsedlica Back On Track - Clair\",\"isPartOf\":{\"@id\":\"https:\\\/\\\/clair.si\\\/#website\"},\"primaryImageOfPage\":{\"@id\":\"https:\\\/\\\/clair.si\\\/hr\\\/izdelek\\\/dresurno-sedlo-back-on-track\\\/#primaryimage\"},\"image\":{\"@id\":\"https:\\\/\\\/clair.si\\\/hr\\\/izdelek\\\/dresurno-sedlo-back-on-track\\\/#primaryimage\"},\"thumbnailUrl\":\"https:\\\/\\\/clair.si\\\/wp-content\\\/uploads\\\/2024\\\/05\\\/back-on-track-no1-dresurna-podsedelnica-jpg.webp\",\"datePublished\":\"2024-05-16T07:31:11+00:00\",\"dateModified\":\"2026-02-13T10:13:26+00:00\",\"description\":\"Dresurna podsedlicaBack On Track Za kori\u0161tenje tijekom treninga i natjecanja. Prozra\u010dna, \u010dak i tijekom intenzivnog vje\u017ebanja Unutarnji Welltex\u00ae poti\u010de\",\"breadcrumb\":{\"@id\":\"https:\\\/\\\/clair.si\\\/hr\\\/izdelek\\\/dresurno-sedlo-back-on-track\\\/#breadcrumb\"},\"inLanguage\":\"hr\",\"potentialAction\":[{\"@type\":\"ReadAction\",\"target\":[\"https:\\\/\\\/clair.si\\\/hr\\\/izdelek\\\/dresurno-sedlo-back-on-track\\\/\"]}]},{\"@type\":\"ImageObject\",\"inLanguage\":\"hr\",\"@id\":\"https:\\\/\\\/clair.si\\\/hr\\\/izdelek\\\/dresurno-sedlo-back-on-track\\\/#primaryimage\",\"url\":\"https:\\\/\\\/clair.si\\\/wp-content\\\/uploads\\\/2024\\\/05\\\/back-on-track-no1-dresurna-podsedelnica-jpg.webp\",\"contentUrl\":\"https:\\\/\\\/clair.si\\\/wp-content\\\/uploads\\\/2024\\\/05\\\/back-on-track-no1-dresurna-podsedelnica-jpg.webp\",\"width\":800,\"height\":800},{\"@type\":\"BreadcrumbList\",\"@id\":\"https:\\\/\\\/clair.si\\\/hr\\\/izdelek\\\/dresurno-sedlo-back-on-track\\\/#breadcrumb\",\"itemListElement\":[{\"@type\":\"ListItem\",\"position\":1,\"name\":\"Home\",\"item\":\"https:\\\/\\\/clair.si\\\/hr\\\/\"},{\"@type\":\"ListItem\",\"position\":2,\"name\":\"Trgovina\",\"item\":\"https:\\\/\\\/clair.si\\\/trgovina\\\/\"},{\"@type\":\"ListItem\",\"position\":3,\"name\":\"Dresurna podsedlica Back On Track\"}]},{\"@type\":\"WebSite\",\"@id\":\"https:\\\/\\\/clair.si\\\/#website\",\"url\":\"https:\\\/\\\/clair.si\\\/\",\"name\":\"Clair\",\"description\":\"Trgovina s konjeni\u0161ko opremo\",\"publisher\":{\"@id\":\"https:\\\/\\\/clair.si\\\/#organization\"},\"potentialAction\":[{\"@type\":\"SearchAction\",\"target\":{\"@type\":\"EntryPoint\",\"urlTemplate\":\"https:\\\/\\\/clair.si\\\/?s={search_term_string}\"},\"query-input\":{\"@type\":\"PropertyValueSpecification\",\"valueRequired\":true,\"valueName\":\"search_term_string\"}}],\"inLanguage\":\"hr\"},{\"@type\":\"Organization\",\"@id\":\"https:\\\/\\\/clair.si\\\/#organization\",\"name\":\"Clair\",\"url\":\"https:\\\/\\\/clair.si\\\/\",\"logo\":{\"@type\":\"ImageObject\",\"inLanguage\":\"hr\",\"@id\":\"https:\\\/\\\/clair.si\\\/#\\\/schema\\\/logo\\\/image\\\/\",\"url\":\"https:\\\/\\\/clair.si\\\/wp-content\\\/uploads\\\/2022\\\/11\\\/clair_logo_2022.jpg\",\"contentUrl\":\"https:\\\/\\\/clair.si\\\/wp-content\\\/uploads\\\/2022\\\/11\\\/clair_logo_2022.jpg\",\"width\":1920,\"height\":1920,\"caption\":\"Clair\"},\"image\":{\"@id\":\"https:\\\/\\\/clair.si\\\/#\\\/schema\\\/logo\\\/image\\\/\"},\"sameAs\":[\"https:\\\/\\\/www.facebook.com\\\/TrgovinaClair\\\/\"]}]}<\/script>\n<!-- \/ Yoast SEO plugin. -->","yoast_head_json":{"title":"Dresurna podsedlica Back On Track - Clair","description":"Dresurna podsedlicaBack On Track Za kori\u0161tenje tijekom treninga i natjecanja. Prozra\u010dna, \u010dak i tijekom intenzivnog vje\u017ebanja Unutarnji Welltex\u00ae poti\u010de","robots":{"index":"index","follow":"follow","max-snippet":"max-snippet:-1","max-image-preview":"max-image-preview:large","max-video-preview":"max-video-preview:-1"},"canonical":"https:\/\/clair.si\/hr\/izdelek\/dresurno-sedlo-back-on-track\/","og_locale":"hr_HR","og_type":"article","og_title":"Dresurna podsedlica Back On Track - Clair","og_description":"Dresurna podsedlicaBack On Track Za kori\u0161tenje tijekom treninga i natjecanja. Prozra\u010dna, \u010dak i tijekom intenzivnog vje\u017ebanja Unutarnji Welltex\u00ae poti\u010de","og_url":"https:\/\/clair.si\/hr\/izdelek\/dresurno-sedlo-back-on-track\/","og_site_name":"Clair","article_publisher":"https:\/\/www.facebook.com\/TrgovinaClair\/","article_modified_time":"2026-02-13T10:13:26+00:00","og_image":[{"width":800,"height":800,"url":"https:\/\/clair.si\/wp-content\/uploads\/2024\/05\/back-on-track-no1-dresurna-podsedelnica-jpg.webp","type":"image\/jpeg"}],"twitter_card":"summary_large_image","schema":{"@context":"https:\/\/schema.org","@graph":[{"@type":"WebPage","@id":"https:\/\/clair.si\/hr\/izdelek\/dresurno-sedlo-back-on-track\/","url":"https:\/\/clair.si\/hr\/izdelek\/dresurno-sedlo-back-on-track\/","name":"Dresurna podsedlica Back On Track - Clair","isPartOf":{"@id":"https:\/\/clair.si\/#website"},"primaryImageOfPage":{"@id":"https:\/\/clair.si\/hr\/izdelek\/dresurno-sedlo-back-on-track\/#primaryimage"},"image":{"@id":"https:\/\/clair.si\/hr\/izdelek\/dresurno-sedlo-back-on-track\/#primaryimage"},"thumbnailUrl":"https:\/\/clair.si\/wp-content\/uploads\/2024\/05\/back-on-track-no1-dresurna-podsedelnica-jpg.webp","datePublished":"2024-05-16T07:31:11+00:00","dateModified":"2026-02-13T10:13:26+00:00","description":"Dresurna podsedlicaBack On Track Za kori\u0161tenje tijekom treninga i natjecanja. Prozra\u010dna, \u010dak i tijekom intenzivnog vje\u017ebanja Unutarnji Welltex\u00ae poti\u010de","breadcrumb":{"@id":"https:\/\/clair.si\/hr\/izdelek\/dresurno-sedlo-back-on-track\/#breadcrumb"},"inLanguage":"hr","potentialAction":[{"@type":"ReadAction","target":["https:\/\/clair.si\/hr\/izdelek\/dresurno-sedlo-back-on-track\/"]}]},{"@type":"ImageObject","inLanguage":"hr","@id":"https:\/\/clair.si\/hr\/izdelek\/dresurno-sedlo-back-on-track\/#primaryimage","url":"https:\/\/clair.si\/wp-content\/uploads\/2024\/05\/back-on-track-no1-dresurna-podsedelnica-jpg.webp","contentUrl":"https:\/\/clair.si\/wp-content\/uploads\/2024\/05\/back-on-track-no1-dresurna-podsedelnica-jpg.webp","width":800,"height":800},{"@type":"BreadcrumbList","@id":"https:\/\/clair.si\/hr\/izdelek\/dresurno-sedlo-back-on-track\/#breadcrumb","itemListElement":[{"@type":"ListItem","position":1,"name":"Home","item":"https:\/\/clair.si\/hr\/"},{"@type":"ListItem","position":2,"name":"Trgovina","item":"https:\/\/clair.si\/trgovina\/"},{"@type":"ListItem","position":3,"name":"Dresurna podsedlica Back On Track"}]},{"@type":"WebSite","@id":"https:\/\/clair.si\/#website","url":"https:\/\/clair.si\/","name":"Clair","description":"Trgovina s konjeni\u0161ko opremo","publisher":{"@id":"https:\/\/clair.si\/#organization"},"potentialAction":[{"@type":"SearchAction","target":{"@type":"EntryPoint","urlTemplate":"https:\/\/clair.si\/?s={search_term_string}"},"query-input":{"@type":"PropertyValueSpecification","valueRequired":true,"valueName":"search_term_string"}}],"inLanguage":"hr"},{"@type":"Organization","@id":"https:\/\/clair.si\/#organization","name":"Clair","url":"https:\/\/clair.si\/","logo":{"@type":"ImageObject","inLanguage":"hr","@id":"https:\/\/clair.si\/#\/schema\/logo\/image\/","url":"https:\/\/clair.si\/wp-content\/uploads\/2022\/11\/clair_logo_2022.jpg","contentUrl":"https:\/\/clair.si\/wp-content\/uploads\/2022\/11\/clair_logo_2022.jpg","width":1920,"height":1920,"caption":"Clair"},"image":{"@id":"https:\/\/clair.si\/#\/schema\/logo\/image\/"},"sameAs":["https:\/\/www.facebook.com\/TrgovinaClair\/"]}]}},"_links":{"self":[{"href":"https:\/\/clair.si\/hr\/wp-json\/wp\/v2\/product\/95174","targetHints":{"allow":["GET"]}}],"collection":[{"href":"https:\/\/clair.si\/hr\/wp-json\/wp\/v2\/product"}],"about":[{"href":"https:\/\/clair.si\/hr\/wp-json\/wp\/v2\/types\/product"}],"version-history":[{"count":1,"href":"https:\/\/clair.si\/hr\/wp-json\/wp\/v2\/product\/95174\/revisions"}],"predecessor-version":[{"id":129830,"href":"https:\/\/clair.si\/hr\/wp-json\/wp\/v2\/product\/95174\/revisions\/129830"}],"wp:featuredmedia":[{"embeddable":true,"href":"https:\/\/clair.si\/hr\/wp-json\/wp\/v2\/media\/95179"}],"wp:attachment":[{"href":"https:\/\/clair.si\/hr\/wp-json\/wp\/v2\/media?parent=95174"}],"wp:term":[{"taxonomy":"product_brand","embeddable":true,"href":"https:\/\/clair.si\/hr\/wp-json\/wp\/v2\/product_brand?post=95174"},{"taxonomy":"product_cat","embeddable":true,"href":"https:\/\/clair.si\/hr\/wp-json\/wp\/v2\/product_cat?post=95174"},{"taxonomy":"product_tag","embeddable":true,"href":"https:\/\/clair.si\/hr\/wp-json\/wp\/v2\/product_tag?post=95174"}],"curies":[{"name":"wp","href":"https:\/\/api.w.org\/{rel}","templated":true}]}}