{"id":95237,"date":"2024-06-05T18:49:51","date_gmt":"2024-06-05T16:49:51","guid":{"rendered":"https:\/\/clair.si\/izdelek\/peletirana-lucerna-hartog\/"},"modified":"2026-04-15T08:18:31","modified_gmt":"2026-04-15T06:18:31","slug":"peletirana-lucerna-hartog","status":"publish","type":"product","link":"https:\/\/clair.si\/hr\/izdelek\/peletirana-lucerna-hartog\/","title":{"rendered":"Peletirana lucerna Hartog"},"content":{"rendered":"<p><strong>Peletirana lucerna Hartog<\/strong><\/p>\n<p><span class=\"HwtZe\" lang=\"sl\"><span class=\"jCAhz JxVs2d\"><span class=\"ryNqvb\">Lucerna se sastoji od stabljika s lisnatim dijelom.<\/span><\/span> <span class=\"jCAhz JxVs2d ChMk0b\"><span class=\"ryNqvb\">Stabljike lucerne osiguravaju strukturu i visok udio vlakana. Lisnata masa pak <\/span><\/span> <span class=\"jCAhz JxVs2d ChMk0b\"><span class=\"ryNqvb\"> je bogata hranjivim tvarima, kao \u0161to su prirodno prisutni proteini, vitamini, minerali i elementi u tragovima.<\/span><\/span> <span class=\"jCAhz JxVs2d\"><span class=\"ryNqvb\">Materijal listova naziva se i \u201ezlato\u201d biljke lucerne.<\/span><\/span> <span class=\"jCAhz JxVs2d ChMk0b\"><span class=\"ryNqvb\"><strong>Peleti Hartog Lucerne<\/strong> su pre\u0161ani od lisnatog materijala lucerne.<\/span><\/span> <strong><span class=\"jCAhz JxVs2d ChMk0b\"><span class=\"ryNqvb\">Tijekom pre\u0161anja koristi se mali postotak melase, ali budu\u0107i da lucerna ima tako nizak postotak \u0161e\u0107era i \u0161kroba, sadr\u017eaj u peletima Hartog Lucerne i dalje je vrlo nizak.<\/span><\/span> <span class=\"jCAhz JxVs2d\"><span class=\"ryNqvb\">\u010cak i ni\u017ei od prosje\u010dnog sijena!<\/span><\/span> <\/strong> <\/span><\/p>\n<p><span class=\"HwtZe\" lang=\"sl\"><strong><span class=\"jCAhz JxVs2d ChMk0b\"><span class=\"ryNqvb\">Zbog prirodno niskog udjela \u0161e\u0107era i \u0161kroba u kombinaciji s visokim udjelom kalcija, peleti Hartog Lucerne vrlo su prikladni za konje s osjetljivim \u017eelucem.<\/span><\/span><\/strong> <span class=\"jCAhz JxVs2d ChMk0b\"><span class=\"ryNqvb\">Peleti Hartog Lucerne bogati su visokokvalitetnim proteinima i odli\u010dan su izvor energije kada konj treba dobiti na te\u017eini ili ako \u017eelite podr\u017eati izgradnju mi\u0161i\u0107a.<\/span><\/span> <\/span><\/p>\n<p><span class=\"HwtZe\" lang=\"sl\"><span class=\"jCAhz JxVs2d ChMk0b\"><span class=\"ryNqvb\"><strong>Prednosti<\/strong>:<\/span><\/span><\/span><\/p>\n<ul>\n<li><span class=\"HwtZe\" lang=\"sl\"><span class=\"jCAhz JxVs2d ChMk0b\"><span class=\"ryNqvb\">jednostavna uporaba jer je lucerna pre\u0161ana u pelete<\/span><\/span><\/span><\/li>\n<li><span class=\"HwtZe\" lang=\"sl\"> <span class=\"jCAhz JxVs2d ChMk0b\"><span class=\"ryNqvb\"> u<\/span><\/span><span class=\"jCAhz JxVs2d ChMk0b\"><span class=\"ryNqvb\">ir visokokvalitetnih proteina za izgradnju i odr\u017eavanje mi\u0161i\u0107a <\/span><\/span> <\/span><\/li>\n<li><span class=\"HwtZe\" lang=\"sl\"><span class=\"jCAhz JxVs2d ChMk0b\"><span class=\"ryNqvb\">bez \u017eitarica<br \/>\n<\/span><\/span><\/span><\/li>\n<\/ul>\n<p><span class=\"HwtZe\" lang=\"sl\"><span class=\"jCAhz JxVs2d ChMk0b\"><span class=\"ryNqvb\">Preporu\u010damo 100 do 600 grama peleta lucerne Hartog na 100 kg tjelesne te\u017eine dnevno. <\/span><\/span><\/span><\/p>\n<p><strong>Nije potrebno namakati!<\/strong><\/p>\n<p>Potrebno je osigurati pristup svje\u017eoj vodi.<\/p>\n<p><strong>Sastav: <\/strong><em><span class=\"HwtZe\" lang=\"sl\"><span class=\"jCAhz JxVs2d ChMk0b\"><span class=\"ryNqvb\">Lucerna (97%), melasa.<\/span><\/span><\/span><\/em><\/p>\n<p>&nbsp;<\/p>\n","protected":false},"excerpt":{"rendered":"<p><strong>Za ovaj proizvod se zbog dimenzija ili te\u017eine obra\u010dunavaju dodatni tro\u0161kovi dostave u iznosu od 15 \u20ac \/ kom.<\/strong><\/p>\n<p><strong><span class=\"HwtZe\" lang=\"sl\"><span class=\"jCAhz JxVs2d ChMk0b\"><span class=\"ryNqvb\">Otkrijte snagu peleta Hartog Lucerne.<\/span><\/span> <span class=\"jCAhz JxVs2d ChMk0b\"><span class=\"ryNqvb\">Ovaj visokokvalitetan proizvod bogat je esencijalnim hranjivim tvarima i odli\u010dan je dodatak obroku va\u0161eg konja.<\/span><\/span><\/span><\/strong><\/p>\n<p><img loading=\"lazy\" decoding=\"async\" class=\"alignnone size-full wp-image-42478\" src=\"https:\/\/clair.si\/wp-content\/uploads\/2024\/06\/rich-protein-1-jpg.webp\" alt=\"\" width=\"150\" height=\"150\" \/><img loading=\"lazy\" decoding=\"async\" class=\"alignnone size-medium wp-image-42479\" src=\"https:\/\/clair.si\/wp-content\/uploads\/2024\/06\/soft-fiber-1-jpg.webp\" alt=\"\" width=\"150\" height=\"150\" \/><\/p>\n","protected":false},"featured_media":95238,"template":"","meta":{"footnotes":""},"product_brand":[],"product_cat":[7045,7043,7045,5710],"product_tag":[],"class_list":{"0":"post-95237","1":"product","2":"type-product","3":"status-publish","4":"has-post-thumbnail","6":"product_cat-hartog","9":"product_cat-hrana-za-konje-hr","10":"product_shipping_class-marstall-hr","12":"first","13":"instock","14":"shipping-taxable","15":"purchasable","16":"product-type-simple"},"yoast_head":"<!-- This site is optimized with the Yoast SEO plugin v27.4 - https:\/\/yoast.com\/product\/yoast-seo-wordpress\/ -->\n<title>Peletirana lucerna Hartog - Clair<\/title>\n<meta name=\"description\" content=\"Za ovaj proizvod se zbog dimenzija ili te\u017eine obra\u010dunavaju dodatni tro\u0161kovi dostave u iznosu od 15 \u20ac \/ kom.  Otkrijte snagu peleta Hartog Lucerne. Ovaj visokokvalitetan proizvod bogat je esencijalnim hranjivim tvarima i odli\u010dan je dodatak obroku va\u0161eg konja.\" \/>\n<meta name=\"robots\" content=\"index, follow, max-snippet:-1, max-image-preview:large, max-video-preview:-1\" \/>\n<link rel=\"canonical\" href=\"https:\/\/clair.si\/hr\/izdelek\/peletirana-lucerna-hartog\/\" \/>\n<meta property=\"og:locale\" content=\"hr_HR\" \/>\n<meta property=\"og:type\" content=\"article\" \/>\n<meta property=\"og:title\" content=\"Peletirana lucerna Hartog - Clair\" \/>\n<meta property=\"og:description\" content=\"Za ovaj proizvod se zbog dimenzija ili te\u017eine obra\u010dunavaju dodatni tro\u0161kovi dostave u iznosu od 15 \u20ac \/ kom.  Otkrijte snagu peleta Hartog Lucerne. Ovaj visokokvalitetan proizvod bogat je esencijalnim hranjivim tvarima i odli\u010dan je dodatak obroku va\u0161eg konja.\" \/>\n<meta property=\"og:url\" content=\"https:\/\/clair.si\/hr\/izdelek\/peletirana-lucerna-hartog\/\" \/>\n<meta property=\"og:site_name\" content=\"Clair\" \/>\n<meta property=\"article:publisher\" content=\"https:\/\/www.facebook.com\/TrgovinaClair\/\" \/>\n<meta property=\"article:modified_time\" content=\"2026-04-15T06:18:31+00:00\" \/>\n<meta property=\"og:image\" content=\"https:\/\/clair.si\/wp-content\/uploads\/2024\/06\/hartog-peleti-lucerna-za-konje-trgovina-clair-jpg.webp\" \/>\n\t<meta property=\"og:image:width\" content=\"1200\" \/>\n\t<meta property=\"og:image:height\" content=\"1200\" \/>\n\t<meta property=\"og:image:type\" content=\"image\/jpeg\" \/>\n<meta name=\"twitter:card\" content=\"summary_large_image\" \/>\n<meta name=\"twitter:label1\" content=\"Procijenjeno vrijeme \u010ditanja\" \/>\n\t<meta name=\"twitter:data1\" content=\"2 minute\" \/>\n<script type=\"application\/ld+json\" class=\"yoast-schema-graph\">{\"@context\":\"https:\\\/\\\/schema.org\",\"@graph\":[{\"@type\":\"WebPage\",\"@id\":\"https:\\\/\\\/clair.si\\\/hr\\\/izdelek\\\/peletirana-lucerna-hartog\\\/\",\"url\":\"https:\\\/\\\/clair.si\\\/hr\\\/izdelek\\\/peletirana-lucerna-hartog\\\/\",\"name\":\"Peletirana lucerna Hartog - Clair\",\"isPartOf\":{\"@id\":\"https:\\\/\\\/clair.si\\\/#website\"},\"primaryImageOfPage\":{\"@id\":\"https:\\\/\\\/clair.si\\\/hr\\\/izdelek\\\/peletirana-lucerna-hartog\\\/#primaryimage\"},\"image\":{\"@id\":\"https:\\\/\\\/clair.si\\\/hr\\\/izdelek\\\/peletirana-lucerna-hartog\\\/#primaryimage\"},\"thumbnailUrl\":\"https:\\\/\\\/clair.si\\\/wp-content\\\/uploads\\\/2024\\\/06\\\/hartog-peleti-lucerna-za-konje-trgovina-clair-jpg.webp\",\"datePublished\":\"2024-06-05T16:49:51+00:00\",\"dateModified\":\"2026-04-15T06:18:31+00:00\",\"description\":\"Za ovaj proizvod se zbog dimenzija ili te\u017eine obra\u010dunavaju dodatni tro\u0161kovi dostave u iznosu od 15 \u20ac \\\/ kom. Otkrijte snagu peleta Hartog Lucerne. Ovaj visokokvalitetan proizvod bogat je esencijalnim hranjivim tvarima i odli\u010dan je dodatak obroku va\u0161eg konja.\",\"breadcrumb\":{\"@id\":\"https:\\\/\\\/clair.si\\\/hr\\\/izdelek\\\/peletirana-lucerna-hartog\\\/#breadcrumb\"},\"inLanguage\":\"hr\",\"potentialAction\":[{\"@type\":\"ReadAction\",\"target\":[\"https:\\\/\\\/clair.si\\\/hr\\\/izdelek\\\/peletirana-lucerna-hartog\\\/\"]}]},{\"@type\":\"ImageObject\",\"inLanguage\":\"hr\",\"@id\":\"https:\\\/\\\/clair.si\\\/hr\\\/izdelek\\\/peletirana-lucerna-hartog\\\/#primaryimage\",\"url\":\"https:\\\/\\\/clair.si\\\/wp-content\\\/uploads\\\/2024\\\/06\\\/hartog-peleti-lucerna-za-konje-trgovina-clair-jpg.webp\",\"contentUrl\":\"https:\\\/\\\/clair.si\\\/wp-content\\\/uploads\\\/2024\\\/06\\\/hartog-peleti-lucerna-za-konje-trgovina-clair-jpg.webp\",\"width\":1200,\"height\":1200},{\"@type\":\"BreadcrumbList\",\"@id\":\"https:\\\/\\\/clair.si\\\/hr\\\/izdelek\\\/peletirana-lucerna-hartog\\\/#breadcrumb\",\"itemListElement\":[{\"@type\":\"ListItem\",\"position\":1,\"name\":\"Home\",\"item\":\"https:\\\/\\\/clair.si\\\/hr\\\/\"},{\"@type\":\"ListItem\",\"position\":2,\"name\":\"Trgovina\",\"item\":\"https:\\\/\\\/clair.si\\\/trgovina\\\/\"},{\"@type\":\"ListItem\",\"position\":3,\"name\":\"Peletirana lucerna Hartog\"}]},{\"@type\":\"WebSite\",\"@id\":\"https:\\\/\\\/clair.si\\\/#website\",\"url\":\"https:\\\/\\\/clair.si\\\/\",\"name\":\"Clair\",\"description\":\"Trgovina s konjeni\u0161ko opremo\",\"publisher\":{\"@id\":\"https:\\\/\\\/clair.si\\\/#organization\"},\"potentialAction\":[{\"@type\":\"SearchAction\",\"target\":{\"@type\":\"EntryPoint\",\"urlTemplate\":\"https:\\\/\\\/clair.si\\\/?s={search_term_string}\"},\"query-input\":{\"@type\":\"PropertyValueSpecification\",\"valueRequired\":true,\"valueName\":\"search_term_string\"}}],\"inLanguage\":\"hr\"},{\"@type\":\"Organization\",\"@id\":\"https:\\\/\\\/clair.si\\\/#organization\",\"name\":\"Clair\",\"url\":\"https:\\\/\\\/clair.si\\\/\",\"logo\":{\"@type\":\"ImageObject\",\"inLanguage\":\"hr\",\"@id\":\"https:\\\/\\\/clair.si\\\/#\\\/schema\\\/logo\\\/image\\\/\",\"url\":\"https:\\\/\\\/clair.si\\\/wp-content\\\/uploads\\\/2022\\\/11\\\/clair_logo_2022.jpg\",\"contentUrl\":\"https:\\\/\\\/clair.si\\\/wp-content\\\/uploads\\\/2022\\\/11\\\/clair_logo_2022.jpg\",\"width\":1920,\"height\":1920,\"caption\":\"Clair\"},\"image\":{\"@id\":\"https:\\\/\\\/clair.si\\\/#\\\/schema\\\/logo\\\/image\\\/\"},\"sameAs\":[\"https:\\\/\\\/www.facebook.com\\\/TrgovinaClair\\\/\"]}]}<\/script>\n<!-- \/ Yoast SEO plugin. -->","yoast_head_json":{"title":"Peletirana lucerna Hartog - Clair","description":"Za ovaj proizvod se zbog dimenzija ili te\u017eine obra\u010dunavaju dodatni tro\u0161kovi dostave u iznosu od 15 \u20ac \/ kom.  Otkrijte snagu peleta Hartog Lucerne. Ovaj visokokvalitetan proizvod bogat je esencijalnim hranjivim tvarima i odli\u010dan je dodatak obroku va\u0161eg konja.","robots":{"index":"index","follow":"follow","max-snippet":"max-snippet:-1","max-image-preview":"max-image-preview:large","max-video-preview":"max-video-preview:-1"},"canonical":"https:\/\/clair.si\/hr\/izdelek\/peletirana-lucerna-hartog\/","og_locale":"hr_HR","og_type":"article","og_title":"Peletirana lucerna Hartog - Clair","og_description":"Za ovaj proizvod se zbog dimenzija ili te\u017eine obra\u010dunavaju dodatni tro\u0161kovi dostave u iznosu od 15 \u20ac \/ kom.  Otkrijte snagu peleta Hartog Lucerne. Ovaj visokokvalitetan proizvod bogat je esencijalnim hranjivim tvarima i odli\u010dan je dodatak obroku va\u0161eg konja.","og_url":"https:\/\/clair.si\/hr\/izdelek\/peletirana-lucerna-hartog\/","og_site_name":"Clair","article_publisher":"https:\/\/www.facebook.com\/TrgovinaClair\/","article_modified_time":"2026-04-15T06:18:31+00:00","og_image":[{"width":1200,"height":1200,"url":"https:\/\/clair.si\/wp-content\/uploads\/2024\/06\/hartog-peleti-lucerna-za-konje-trgovina-clair-jpg.webp","type":"image\/jpeg"}],"twitter_card":"summary_large_image","twitter_misc":{"Procijenjeno vrijeme \u010ditanja":"2 minute"},"schema":{"@context":"https:\/\/schema.org","@graph":[{"@type":"WebPage","@id":"https:\/\/clair.si\/hr\/izdelek\/peletirana-lucerna-hartog\/","url":"https:\/\/clair.si\/hr\/izdelek\/peletirana-lucerna-hartog\/","name":"Peletirana lucerna Hartog - Clair","isPartOf":{"@id":"https:\/\/clair.si\/#website"},"primaryImageOfPage":{"@id":"https:\/\/clair.si\/hr\/izdelek\/peletirana-lucerna-hartog\/#primaryimage"},"image":{"@id":"https:\/\/clair.si\/hr\/izdelek\/peletirana-lucerna-hartog\/#primaryimage"},"thumbnailUrl":"https:\/\/clair.si\/wp-content\/uploads\/2024\/06\/hartog-peleti-lucerna-za-konje-trgovina-clair-jpg.webp","datePublished":"2024-06-05T16:49:51+00:00","dateModified":"2026-04-15T06:18:31+00:00","description":"Za ovaj proizvod se zbog dimenzija ili te\u017eine obra\u010dunavaju dodatni tro\u0161kovi dostave u iznosu od 15 \u20ac \/ kom. Otkrijte snagu peleta Hartog Lucerne. Ovaj visokokvalitetan proizvod bogat je esencijalnim hranjivim tvarima i odli\u010dan je dodatak obroku va\u0161eg konja.","breadcrumb":{"@id":"https:\/\/clair.si\/hr\/izdelek\/peletirana-lucerna-hartog\/#breadcrumb"},"inLanguage":"hr","potentialAction":[{"@type":"ReadAction","target":["https:\/\/clair.si\/hr\/izdelek\/peletirana-lucerna-hartog\/"]}]},{"@type":"ImageObject","inLanguage":"hr","@id":"https:\/\/clair.si\/hr\/izdelek\/peletirana-lucerna-hartog\/#primaryimage","url":"https:\/\/clair.si\/wp-content\/uploads\/2024\/06\/hartog-peleti-lucerna-za-konje-trgovina-clair-jpg.webp","contentUrl":"https:\/\/clair.si\/wp-content\/uploads\/2024\/06\/hartog-peleti-lucerna-za-konje-trgovina-clair-jpg.webp","width":1200,"height":1200},{"@type":"BreadcrumbList","@id":"https:\/\/clair.si\/hr\/izdelek\/peletirana-lucerna-hartog\/#breadcrumb","itemListElement":[{"@type":"ListItem","position":1,"name":"Home","item":"https:\/\/clair.si\/hr\/"},{"@type":"ListItem","position":2,"name":"Trgovina","item":"https:\/\/clair.si\/trgovina\/"},{"@type":"ListItem","position":3,"name":"Peletirana lucerna Hartog"}]},{"@type":"WebSite","@id":"https:\/\/clair.si\/#website","url":"https:\/\/clair.si\/","name":"Clair","description":"Trgovina s konjeni\u0161ko opremo","publisher":{"@id":"https:\/\/clair.si\/#organization"},"potentialAction":[{"@type":"SearchAction","target":{"@type":"EntryPoint","urlTemplate":"https:\/\/clair.si\/?s={search_term_string}"},"query-input":{"@type":"PropertyValueSpecification","valueRequired":true,"valueName":"search_term_string"}}],"inLanguage":"hr"},{"@type":"Organization","@id":"https:\/\/clair.si\/#organization","name":"Clair","url":"https:\/\/clair.si\/","logo":{"@type":"ImageObject","inLanguage":"hr","@id":"https:\/\/clair.si\/#\/schema\/logo\/image\/","url":"https:\/\/clair.si\/wp-content\/uploads\/2022\/11\/clair_logo_2022.jpg","contentUrl":"https:\/\/clair.si\/wp-content\/uploads\/2022\/11\/clair_logo_2022.jpg","width":1920,"height":1920,"caption":"Clair"},"image":{"@id":"https:\/\/clair.si\/#\/schema\/logo\/image\/"},"sameAs":["https:\/\/www.facebook.com\/TrgovinaClair\/"]}]}},"_links":{"self":[{"href":"https:\/\/clair.si\/hr\/wp-json\/wp\/v2\/product\/95237","targetHints":{"allow":["GET"]}}],"collection":[{"href":"https:\/\/clair.si\/hr\/wp-json\/wp\/v2\/product"}],"about":[{"href":"https:\/\/clair.si\/hr\/wp-json\/wp\/v2\/types\/product"}],"version-history":[{"count":2,"href":"https:\/\/clair.si\/hr\/wp-json\/wp\/v2\/product\/95237\/revisions"}],"predecessor-version":[{"id":120755,"href":"https:\/\/clair.si\/hr\/wp-json\/wp\/v2\/product\/95237\/revisions\/120755"}],"wp:featuredmedia":[{"embeddable":true,"href":"https:\/\/clair.si\/hr\/wp-json\/wp\/v2\/media\/95238"}],"wp:attachment":[{"href":"https:\/\/clair.si\/hr\/wp-json\/wp\/v2\/media?parent=95237"}],"wp:term":[{"taxonomy":"product_brand","embeddable":true,"href":"https:\/\/clair.si\/hr\/wp-json\/wp\/v2\/product_brand?post=95237"},{"taxonomy":"product_cat","embeddable":true,"href":"https:\/\/clair.si\/hr\/wp-json\/wp\/v2\/product_cat?post=95237"},{"taxonomy":"product_tag","embeddable":true,"href":"https:\/\/clair.si\/hr\/wp-json\/wp\/v2\/product_tag?post=95237"}],"curies":[{"name":"wp","href":"https:\/\/api.w.org\/{rel}","templated":true}]}}