{"id":95271,"date":"2024-06-06T13:34:13","date_gmt":"2024-06-06T11:34:13","guid":{"rendered":"https:\/\/clair.si\/izdelek\/eskadron-dynamic-besavne-jahace-tajice\/"},"modified":"2025-09-23T09:03:28","modified_gmt":"2025-09-23T07:03:28","slug":"eskadron-dynamic-besavne-jahace-tajice","status":"publish","type":"product","link":"https:\/\/clair.si\/hr\/izdelek\/eskadron-dynamic-besavne-jahace-tajice\/","title":{"rendered":"Be\u0161avne jaha\u0107e tajice Eskadron Dynamic"},"content":{"rendered":"<p><strong>Besprekorno prianjanje jaha\u0107ih tajica<\/strong>. Izuzetno <strong>udobne<\/strong> i <strong>prozra\u010dne<\/strong>, rastezljive u 4 smjera. Rebrasti materijal nudi <strong>dodatnu ventilaciju<\/strong>. Visoki struk, elegantan natpis Eskadron na le\u0111ima. <strong>D\u017eep za mobitel<\/strong> na jednoj strani s tiskom Eskadron. U cijelosti <strong>silikonsko sjedalo<\/strong>.<\/p>\n<p>Sastav: 93% poliamid, 7% elastan<\/p>\n","protected":false},"excerpt":{"rendered":"<p>Besprekorno prianjanje jaha\u0107ih tajica. Izuzetno udobne i prozra\u010dne, rastezljive u 4 smjera. Rebrasti materijal nudi dodatnu ventilaciju. Visoki struk, elegantan<\/p>\n","protected":false},"featured_media":95277,"template":"","meta":{"footnotes":""},"product_brand":[],"product_cat":[6020,5654,5744,5729,5667,5708],"product_tag":[],"class_list":{"0":"post-95271","1":"product","2":"type-product","3":"status-publish","4":"has-post-thumbnail","6":"product_cat-eskadron-dynamic-s-s-24-hr","7":"product_cat-jahac-hr","8":"product_cat-kolekcije-hr","9":"product_cat-pikeur-eskadron-hr","10":"product_cat-zene","11":"product_cat-zenske-jahace-hlace","13":"first","14":"instock","15":"sale","16":"shipping-taxable","17":"purchasable","18":"product-type-variable"},"yoast_head":"<!-- This site is optimized with the Yoast SEO plugin v27.4 - https:\/\/yoast.com\/product\/yoast-seo-wordpress\/ -->\n<title>Be\u0161avne jaha\u0107e tajice Eskadron Dynamic - Clair<\/title>\n<meta name=\"description\" content=\"Be\u0161avne rebraste jaha\u0107e tajice. Udobne i prozra\u010dne, za najmoderniji izgled u ljetnim mjesecima, u prekrasnim bojama. Osigurajte si svoje.\" \/>\n<meta name=\"robots\" content=\"index, follow, max-snippet:-1, max-image-preview:large, max-video-preview:-1\" \/>\n<link rel=\"canonical\" href=\"https:\/\/clair.si\/izdelek\/brezsivne-jahalne-pajkice-eskadron-dynamic\/\" \/>\n<meta property=\"og:locale\" content=\"hr_HR\" \/>\n<meta property=\"og:type\" content=\"article\" \/>\n<meta property=\"og:title\" content=\"Be\u0161avne jaha\u0107e tajice Eskadron Dynamic - Clair\" \/>\n<meta property=\"og:description\" content=\"Be\u0161avne rebraste jaha\u0107e tajice. Udobne i prozra\u010dne, za najmoderniji izgled u ljetnim mjesecima, u prekrasnim bojama. Osigurajte si svoje.\" \/>\n<meta property=\"og:url\" content=\"https:\/\/clair.si\/izdelek\/brezsivne-jahalne-pajkice-eskadron-dynamic\/\" \/>\n<meta property=\"og:site_name\" content=\"Clair\" \/>\n<meta property=\"article:publisher\" content=\"https:\/\/www.facebook.com\/TrgovinaClair\/\" \/>\n<meta property=\"article:modified_time\" content=\"2025-09-23T07:03:28+00:00\" \/>\n<meta property=\"og:image\" content=\"https:\/\/clair.si\/wp-content\/uploads\/2024\/06\/seamless-pajkice-eskadron-jahalne1-jpg.webp\" \/>\n\t<meta property=\"og:image:width\" content=\"950\" \/>\n\t<meta property=\"og:image:height\" content=\"950\" \/>\n\t<meta property=\"og:image:type\" content=\"image\/jpeg\" \/>\n<meta name=\"twitter:card\" content=\"summary_large_image\" \/>\n<meta name=\"twitter:label1\" content=\"Procijenjeno vrijeme \u010ditanja\" \/>\n\t<meta name=\"twitter:data1\" content=\"1 minuta\" \/>\n<script type=\"application\/ld+json\" class=\"yoast-schema-graph\">{\"@context\":\"https:\\\/\\\/schema.org\",\"@graph\":[{\"@type\":\"WebPage\",\"@id\":\"https:\\\/\\\/clair.si\\\/izdelek\\\/brezsivne-jahalne-pajkice-eskadron-dynamic\\\/\",\"url\":\"https:\\\/\\\/clair.si\\\/izdelek\\\/brezsivne-jahalne-pajkice-eskadron-dynamic\\\/\",\"name\":\"Be\u0161avne jaha\u0107e tajice Eskadron Dynamic - Clair\",\"isPartOf\":{\"@id\":\"https:\\\/\\\/clair.si\\\/#website\"},\"primaryImageOfPage\":{\"@id\":\"https:\\\/\\\/clair.si\\\/izdelek\\\/brezsivne-jahalne-pajkice-eskadron-dynamic\\\/#primaryimage\"},\"image\":{\"@id\":\"https:\\\/\\\/clair.si\\\/izdelek\\\/brezsivne-jahalne-pajkice-eskadron-dynamic\\\/#primaryimage\"},\"thumbnailUrl\":\"https:\\\/\\\/clair.si\\\/wp-content\\\/uploads\\\/2024\\\/06\\\/seamless-pajkice-eskadron-jahalne1-jpg.webp\",\"datePublished\":\"2024-06-06T11:34:13+00:00\",\"dateModified\":\"2025-09-23T07:03:28+00:00\",\"description\":\"Be\u0161avne rebraste jaha\u0107e tajice. Udobne i prozra\u010dne, za najmoderniji izgled u ljetnim mjesecima, u prekrasnim bojama. Osigurajte si svoje.\",\"breadcrumb\":{\"@id\":\"https:\\\/\\\/clair.si\\\/izdelek\\\/brezsivne-jahalne-pajkice-eskadron-dynamic\\\/#breadcrumb\"},\"inLanguage\":\"hr\",\"potentialAction\":[{\"@type\":\"ReadAction\",\"target\":[\"https:\\\/\\\/clair.si\\\/izdelek\\\/brezsivne-jahalne-pajkice-eskadron-dynamic\\\/\"]}]},{\"@type\":\"ImageObject\",\"inLanguage\":\"hr\",\"@id\":\"https:\\\/\\\/clair.si\\\/izdelek\\\/brezsivne-jahalne-pajkice-eskadron-dynamic\\\/#primaryimage\",\"url\":\"https:\\\/\\\/clair.si\\\/wp-content\\\/uploads\\\/2024\\\/06\\\/seamless-pajkice-eskadron-jahalne1-jpg.webp\",\"contentUrl\":\"https:\\\/\\\/clair.si\\\/wp-content\\\/uploads\\\/2024\\\/06\\\/seamless-pajkice-eskadron-jahalne1-jpg.webp\",\"width\":950,\"height\":950},{\"@type\":\"BreadcrumbList\",\"@id\":\"https:\\\/\\\/clair.si\\\/izdelek\\\/brezsivne-jahalne-pajkice-eskadron-dynamic\\\/#breadcrumb\",\"itemListElement\":[{\"@type\":\"ListItem\",\"position\":1,\"name\":\"Home\",\"item\":\"https:\\\/\\\/clair.si\\\/hr\\\/\"},{\"@type\":\"ListItem\",\"position\":2,\"name\":\"Trgovina\",\"item\":\"https:\\\/\\\/clair.si\\\/trgovina\\\/\"},{\"@type\":\"ListItem\",\"position\":3,\"name\":\"Be\u0161avne jaha\u0107e tajice Eskadron Dynamic\"}]},{\"@type\":\"WebSite\",\"@id\":\"https:\\\/\\\/clair.si\\\/#website\",\"url\":\"https:\\\/\\\/clair.si\\\/\",\"name\":\"Clair\",\"description\":\"Trgovina s konjeni\u0161ko opremo\",\"publisher\":{\"@id\":\"https:\\\/\\\/clair.si\\\/#organization\"},\"potentialAction\":[{\"@type\":\"SearchAction\",\"target\":{\"@type\":\"EntryPoint\",\"urlTemplate\":\"https:\\\/\\\/clair.si\\\/?s={search_term_string}\"},\"query-input\":{\"@type\":\"PropertyValueSpecification\",\"valueRequired\":true,\"valueName\":\"search_term_string\"}}],\"inLanguage\":\"hr\"},{\"@type\":\"Organization\",\"@id\":\"https:\\\/\\\/clair.si\\\/#organization\",\"name\":\"Clair\",\"url\":\"https:\\\/\\\/clair.si\\\/\",\"logo\":{\"@type\":\"ImageObject\",\"inLanguage\":\"hr\",\"@id\":\"https:\\\/\\\/clair.si\\\/#\\\/schema\\\/logo\\\/image\\\/\",\"url\":\"https:\\\/\\\/clair.si\\\/wp-content\\\/uploads\\\/2022\\\/11\\\/clair_logo_2022.jpg\",\"contentUrl\":\"https:\\\/\\\/clair.si\\\/wp-content\\\/uploads\\\/2022\\\/11\\\/clair_logo_2022.jpg\",\"width\":1920,\"height\":1920,\"caption\":\"Clair\"},\"image\":{\"@id\":\"https:\\\/\\\/clair.si\\\/#\\\/schema\\\/logo\\\/image\\\/\"},\"sameAs\":[\"https:\\\/\\\/www.facebook.com\\\/TrgovinaClair\\\/\"]}]}<\/script>\n<!-- \/ Yoast SEO plugin. -->","yoast_head_json":{"title":"Be\u0161avne jaha\u0107e tajice Eskadron Dynamic - Clair","description":"Be\u0161avne rebraste jaha\u0107e tajice. Udobne i prozra\u010dne, za najmoderniji izgled u ljetnim mjesecima, u prekrasnim bojama. Osigurajte si svoje.","robots":{"index":"index","follow":"follow","max-snippet":"max-snippet:-1","max-image-preview":"max-image-preview:large","max-video-preview":"max-video-preview:-1"},"canonical":"https:\/\/clair.si\/izdelek\/brezsivne-jahalne-pajkice-eskadron-dynamic\/","og_locale":"hr_HR","og_type":"article","og_title":"Be\u0161avne jaha\u0107e tajice Eskadron Dynamic - Clair","og_description":"Be\u0161avne rebraste jaha\u0107e tajice. Udobne i prozra\u010dne, za najmoderniji izgled u ljetnim mjesecima, u prekrasnim bojama. Osigurajte si svoje.","og_url":"https:\/\/clair.si\/izdelek\/brezsivne-jahalne-pajkice-eskadron-dynamic\/","og_site_name":"Clair","article_publisher":"https:\/\/www.facebook.com\/TrgovinaClair\/","article_modified_time":"2025-09-23T07:03:28+00:00","og_image":[{"width":950,"height":950,"url":"https:\/\/clair.si\/wp-content\/uploads\/2024\/06\/seamless-pajkice-eskadron-jahalne1-jpg.webp","type":"image\/jpeg"}],"twitter_card":"summary_large_image","twitter_misc":{"Procijenjeno vrijeme \u010ditanja":"1 minuta"},"schema":{"@context":"https:\/\/schema.org","@graph":[{"@type":"WebPage","@id":"https:\/\/clair.si\/izdelek\/brezsivne-jahalne-pajkice-eskadron-dynamic\/","url":"https:\/\/clair.si\/izdelek\/brezsivne-jahalne-pajkice-eskadron-dynamic\/","name":"Be\u0161avne jaha\u0107e tajice Eskadron Dynamic - Clair","isPartOf":{"@id":"https:\/\/clair.si\/#website"},"primaryImageOfPage":{"@id":"https:\/\/clair.si\/izdelek\/brezsivne-jahalne-pajkice-eskadron-dynamic\/#primaryimage"},"image":{"@id":"https:\/\/clair.si\/izdelek\/brezsivne-jahalne-pajkice-eskadron-dynamic\/#primaryimage"},"thumbnailUrl":"https:\/\/clair.si\/wp-content\/uploads\/2024\/06\/seamless-pajkice-eskadron-jahalne1-jpg.webp","datePublished":"2024-06-06T11:34:13+00:00","dateModified":"2025-09-23T07:03:28+00:00","description":"Be\u0161avne rebraste jaha\u0107e tajice. Udobne i prozra\u010dne, za najmoderniji izgled u ljetnim mjesecima, u prekrasnim bojama. Osigurajte si svoje.","breadcrumb":{"@id":"https:\/\/clair.si\/izdelek\/brezsivne-jahalne-pajkice-eskadron-dynamic\/#breadcrumb"},"inLanguage":"hr","potentialAction":[{"@type":"ReadAction","target":["https:\/\/clair.si\/izdelek\/brezsivne-jahalne-pajkice-eskadron-dynamic\/"]}]},{"@type":"ImageObject","inLanguage":"hr","@id":"https:\/\/clair.si\/izdelek\/brezsivne-jahalne-pajkice-eskadron-dynamic\/#primaryimage","url":"https:\/\/clair.si\/wp-content\/uploads\/2024\/06\/seamless-pajkice-eskadron-jahalne1-jpg.webp","contentUrl":"https:\/\/clair.si\/wp-content\/uploads\/2024\/06\/seamless-pajkice-eskadron-jahalne1-jpg.webp","width":950,"height":950},{"@type":"BreadcrumbList","@id":"https:\/\/clair.si\/izdelek\/brezsivne-jahalne-pajkice-eskadron-dynamic\/#breadcrumb","itemListElement":[{"@type":"ListItem","position":1,"name":"Home","item":"https:\/\/clair.si\/hr\/"},{"@type":"ListItem","position":2,"name":"Trgovina","item":"https:\/\/clair.si\/trgovina\/"},{"@type":"ListItem","position":3,"name":"Be\u0161avne jaha\u0107e tajice Eskadron Dynamic"}]},{"@type":"WebSite","@id":"https:\/\/clair.si\/#website","url":"https:\/\/clair.si\/","name":"Clair","description":"Trgovina s konjeni\u0161ko opremo","publisher":{"@id":"https:\/\/clair.si\/#organization"},"potentialAction":[{"@type":"SearchAction","target":{"@type":"EntryPoint","urlTemplate":"https:\/\/clair.si\/?s={search_term_string}"},"query-input":{"@type":"PropertyValueSpecification","valueRequired":true,"valueName":"search_term_string"}}],"inLanguage":"hr"},{"@type":"Organization","@id":"https:\/\/clair.si\/#organization","name":"Clair","url":"https:\/\/clair.si\/","logo":{"@type":"ImageObject","inLanguage":"hr","@id":"https:\/\/clair.si\/#\/schema\/logo\/image\/","url":"https:\/\/clair.si\/wp-content\/uploads\/2022\/11\/clair_logo_2022.jpg","contentUrl":"https:\/\/clair.si\/wp-content\/uploads\/2022\/11\/clair_logo_2022.jpg","width":1920,"height":1920,"caption":"Clair"},"image":{"@id":"https:\/\/clair.si\/#\/schema\/logo\/image\/"},"sameAs":["https:\/\/www.facebook.com\/TrgovinaClair\/"]}]}},"_links":{"self":[{"href":"https:\/\/clair.si\/hr\/wp-json\/wp\/v2\/product\/95271","targetHints":{"allow":["GET"]}}],"collection":[{"href":"https:\/\/clair.si\/hr\/wp-json\/wp\/v2\/product"}],"about":[{"href":"https:\/\/clair.si\/hr\/wp-json\/wp\/v2\/types\/product"}],"version-history":[{"count":1,"href":"https:\/\/clair.si\/hr\/wp-json\/wp\/v2\/product\/95271\/revisions"}],"predecessor-version":[{"id":113873,"href":"https:\/\/clair.si\/hr\/wp-json\/wp\/v2\/product\/95271\/revisions\/113873"}],"wp:featuredmedia":[{"embeddable":true,"href":"https:\/\/clair.si\/hr\/wp-json\/wp\/v2\/media\/95277"}],"wp:attachment":[{"href":"https:\/\/clair.si\/hr\/wp-json\/wp\/v2\/media?parent=95271"}],"wp:term":[{"taxonomy":"product_brand","embeddable":true,"href":"https:\/\/clair.si\/hr\/wp-json\/wp\/v2\/product_brand?post=95271"},{"taxonomy":"product_cat","embeddable":true,"href":"https:\/\/clair.si\/hr\/wp-json\/wp\/v2\/product_cat?post=95271"},{"taxonomy":"product_tag","embeddable":true,"href":"https:\/\/clair.si\/hr\/wp-json\/wp\/v2\/product_tag?post=95271"}],"curies":[{"name":"wp","href":"https:\/\/api.w.org\/{rel}","templated":true}]}}