{"id":95294,"date":"2024-06-10T11:24:00","date_gmt":"2024-06-10T09:24:00","guid":{"rendered":"https:\/\/clair.si\/izdelek\/cavalor-strucomix-original\/"},"modified":"2025-08-28T19:45:17","modified_gmt":"2025-08-28T17:45:17","slug":"cavalor-strucomix-original","status":"publish","type":"product","link":"https:\/\/clair.si\/hr\/izdelek\/cavalor-strucomix-original\/","title":{"rendered":"Cavalor Strucomix Original"},"content":{"rendered":"<p><strong>Cavalor Strucomix Original<\/strong> je <strong>m\u00fcsli bogat vlaknima<\/strong> za zdrave konje, pune vitalnosti. Sadr\u017ei duga vlakna <strong>lucerne<\/strong> koja <strong>poti\u010du \u017evakanje<\/strong> i <strong>pokretljivost crijeva.<\/strong> Sadr\u017ei <strong>pre-<\/strong> i <strong>probiotike<\/strong> za razvoj zdrave crijevne flore, koja osigurava osnovu za prirodnu otpornost. <strong>Formula bez zobi.<\/strong> S napuhanim \u017eitaricama za dobru apsorpciju i laku probavljivost. Ukusni m\u00fcsli koji sadr\u017ei vlakna, napuhnute \u017eitarice i bilje, stoga je primjeren za izbirljivce.<\/p>\n<p>Cavalor Strucomix Original je hrana 1. stupnja za konje koji primaju rekreativne do lagane treninge ili osjetljive konje.<\/p>\n<p>Analiti\u010dki sastav na kg: prob. energija 11,1 mg, prob. sirovi proteini 7,9 %, sirovi proteini 11 %, sirova vlakna 15,5 %, fosfor 0,55 %, sirova mast 5 %, kalcij 0,95 %, natrij 0,25 %, sirovi pepeo 7 %, magnezij 0,3 %, \u0161e\u0107er 6 %, \u0161krob 23 %<\/p>\n<p>Hranjivo fiziolo\u0161ke dodatne sastojke na kg: vitamin A 12.500 I.U., vitamin D3 1.250 I.U., vitamin E 200 mg, biotin 200 \u00b5g, kolin klorid 160 mg, \u017eeljezo E1 kao \u017eeljezov-(II)-sulfat monohidrat 75 mg, jod kao kalcijev jodat, bezvodni (3b202) 1,25 mg, kobalt kao prevu\u010den kobalt-II-karbonat-granulat 0,3 mg, bakar kao pentahidrat bakrovog sulfatav30 mg, bakar kao glicin-bakrov kelat, hidrat 9 mg, mangan kao manganov-II-sulfat-monohidrat E5 115 mg, mangan kao glicin-manganovkelat, hidrat 9 mg, Cink kao cinkov sulfat monohidrat 115 mg, cink kao cinkov klorid hidroksid monohidrat 12 mg, selen E8 kao natrijev selenit 0,4 mg, L-selenometionin 0,12 mg<\/p>\n","protected":false},"excerpt":{"rendered":"<p><strong>Za ovaj proizvod se zbog dimenzija ili te\u017eine obra\u010dunavaju dodatni tro\u0161kovi slanja u vrijednosti 15 \u20ac \/ kom.<\/strong><\/p>\n<ul>\n<li>Vrlo ukusno<\/li>\n<li>Optimalno zdravlje crijeva i imunitet<\/li>\n<li>Bez zobi<\/li>\n<li>Dodatna vlakna<\/li>\n<\/ul>\n","protected":false},"featured_media":95303,"template":"","meta":{"footnotes":""},"product_brand":[],"product_cat":[5711,5710],"product_tag":[],"class_list":{"0":"post-95294","1":"product","2":"type-product","3":"status-publish","4":"has-post-thumbnail","6":"product_cat-hrana-i-prehrambeni-dodaci-cavalor","7":"product_cat-hrana-za-konje-hr","8":"product_shipping_class-marstall-hr","10":"first","11":"instock","12":"shipping-taxable","13":"purchasable","14":"product-type-simple"},"yoast_head":"<!-- This site is optimized with the Yoast SEO plugin v27.4 - https:\/\/yoast.com\/product\/yoast-seo-wordpress\/ -->\n<title>Cavalor Strucomix Original - Clair<\/title>\n<meta name=\"description\" content=\"Za ovaj proizvod se zbog dimenzija ili te\u017eine obra\u010dunavaju dodatni tro\u0161kovi slanja u vrijednosti 15 \u20ac \/ kom.   Vrlo ukusno  Optimalno zdravlje crijeva i imunitet  Bez zobi  Dodatna vlakna\" \/>\n<meta name=\"robots\" content=\"index, follow, max-snippet:-1, max-image-preview:large, max-video-preview:-1\" \/>\n<link rel=\"canonical\" href=\"https:\/\/clair.si\/izdelek\/cavalor-strucomix-original\/\" \/>\n<meta property=\"og:locale\" content=\"hr_HR\" \/>\n<meta property=\"og:type\" content=\"article\" \/>\n<meta property=\"og:title\" content=\"Cavalor Strucomix Original - Clair\" \/>\n<meta property=\"og:description\" content=\"Za ovaj proizvod se zbog dimenzija ili te\u017eine obra\u010dunavaju dodatni tro\u0161kovi slanja u vrijednosti 15 \u20ac \/ kom.   Vrlo ukusno  Optimalno zdravlje crijeva i imunitet  Bez zobi  Dodatna vlakna\" \/>\n<meta property=\"og:url\" content=\"https:\/\/clair.si\/izdelek\/cavalor-strucomix-original\/\" \/>\n<meta property=\"og:site_name\" content=\"Clair\" \/>\n<meta property=\"article:publisher\" content=\"https:\/\/www.facebook.com\/TrgovinaClair\/\" \/>\n<meta property=\"article:modified_time\" content=\"2025-08-28T17:45:17+00:00\" \/>\n<meta property=\"og:image\" content=\"https:\/\/clair.si\/wp-content\/uploads\/2024\/06\/35461_6ce81d49.768x768-jpg.webp\" \/>\n\t<meta property=\"og:image:width\" content=\"1000\" \/>\n\t<meta property=\"og:image:height\" content=\"1000\" \/>\n\t<meta property=\"og:image:type\" content=\"image\/jpeg\" \/>\n<meta name=\"twitter:card\" content=\"summary_large_image\" \/>\n<meta name=\"twitter:label1\" content=\"Procijenjeno vrijeme \u010ditanja\" \/>\n\t<meta name=\"twitter:data1\" content=\"2 minute\" \/>\n<script type=\"application\/ld+json\" class=\"yoast-schema-graph\">{\"@context\":\"https:\\\/\\\/schema.org\",\"@graph\":[{\"@type\":\"WebPage\",\"@id\":\"https:\\\/\\\/clair.si\\\/izdelek\\\/cavalor-strucomix-original\\\/\",\"url\":\"https:\\\/\\\/clair.si\\\/izdelek\\\/cavalor-strucomix-original\\\/\",\"name\":\"Cavalor Strucomix Original - Clair\",\"isPartOf\":{\"@id\":\"https:\\\/\\\/clair.si\\\/#website\"},\"primaryImageOfPage\":{\"@id\":\"https:\\\/\\\/clair.si\\\/izdelek\\\/cavalor-strucomix-original\\\/#primaryimage\"},\"image\":{\"@id\":\"https:\\\/\\\/clair.si\\\/izdelek\\\/cavalor-strucomix-original\\\/#primaryimage\"},\"thumbnailUrl\":\"https:\\\/\\\/clair.si\\\/wp-content\\\/uploads\\\/2024\\\/06\\\/35461_6ce81d49.768x768-jpg.webp\",\"datePublished\":\"2024-06-10T09:24:00+00:00\",\"dateModified\":\"2025-08-28T17:45:17+00:00\",\"description\":\"Za ovaj proizvod se zbog dimenzija ili te\u017eine obra\u010dunavaju dodatni tro\u0161kovi slanja u vrijednosti 15 \u20ac \\\/ kom. Vrlo ukusno Optimalno zdravlje crijeva i imunitet Bez zobi Dodatna vlakna\",\"breadcrumb\":{\"@id\":\"https:\\\/\\\/clair.si\\\/izdelek\\\/cavalor-strucomix-original\\\/#breadcrumb\"},\"inLanguage\":\"hr\",\"potentialAction\":[{\"@type\":\"ReadAction\",\"target\":[\"https:\\\/\\\/clair.si\\\/izdelek\\\/cavalor-strucomix-original\\\/\"]}]},{\"@type\":\"ImageObject\",\"inLanguage\":\"hr\",\"@id\":\"https:\\\/\\\/clair.si\\\/izdelek\\\/cavalor-strucomix-original\\\/#primaryimage\",\"url\":\"https:\\\/\\\/clair.si\\\/wp-content\\\/uploads\\\/2024\\\/06\\\/35461_6ce81d49.768x768-jpg.webp\",\"contentUrl\":\"https:\\\/\\\/clair.si\\\/wp-content\\\/uploads\\\/2024\\\/06\\\/35461_6ce81d49.768x768-jpg.webp\",\"width\":1000,\"height\":1000},{\"@type\":\"BreadcrumbList\",\"@id\":\"https:\\\/\\\/clair.si\\\/izdelek\\\/cavalor-strucomix-original\\\/#breadcrumb\",\"itemListElement\":[{\"@type\":\"ListItem\",\"position\":1,\"name\":\"Home\",\"item\":\"https:\\\/\\\/clair.si\\\/hr\\\/\"},{\"@type\":\"ListItem\",\"position\":2,\"name\":\"Trgovina\",\"item\":\"https:\\\/\\\/clair.si\\\/trgovina\\\/\"},{\"@type\":\"ListItem\",\"position\":3,\"name\":\"Cavalor Strucomix Original\"}]},{\"@type\":\"WebSite\",\"@id\":\"https:\\\/\\\/clair.si\\\/#website\",\"url\":\"https:\\\/\\\/clair.si\\\/\",\"name\":\"Clair\",\"description\":\"Trgovina s konjeni\u0161ko opremo\",\"publisher\":{\"@id\":\"https:\\\/\\\/clair.si\\\/#organization\"},\"potentialAction\":[{\"@type\":\"SearchAction\",\"target\":{\"@type\":\"EntryPoint\",\"urlTemplate\":\"https:\\\/\\\/clair.si\\\/?s={search_term_string}\"},\"query-input\":{\"@type\":\"PropertyValueSpecification\",\"valueRequired\":true,\"valueName\":\"search_term_string\"}}],\"inLanguage\":\"hr\"},{\"@type\":\"Organization\",\"@id\":\"https:\\\/\\\/clair.si\\\/#organization\",\"name\":\"Clair\",\"url\":\"https:\\\/\\\/clair.si\\\/\",\"logo\":{\"@type\":\"ImageObject\",\"inLanguage\":\"hr\",\"@id\":\"https:\\\/\\\/clair.si\\\/#\\\/schema\\\/logo\\\/image\\\/\",\"url\":\"https:\\\/\\\/clair.si\\\/wp-content\\\/uploads\\\/2022\\\/11\\\/clair_logo_2022.jpg\",\"contentUrl\":\"https:\\\/\\\/clair.si\\\/wp-content\\\/uploads\\\/2022\\\/11\\\/clair_logo_2022.jpg\",\"width\":1920,\"height\":1920,\"caption\":\"Clair\"},\"image\":{\"@id\":\"https:\\\/\\\/clair.si\\\/#\\\/schema\\\/logo\\\/image\\\/\"},\"sameAs\":[\"https:\\\/\\\/www.facebook.com\\\/TrgovinaClair\\\/\"]}]}<\/script>\n<!-- \/ Yoast SEO plugin. -->","yoast_head_json":{"title":"Cavalor Strucomix Original - Clair","description":"Za ovaj proizvod se zbog dimenzija ili te\u017eine obra\u010dunavaju dodatni tro\u0161kovi slanja u vrijednosti 15 \u20ac \/ kom.   Vrlo ukusno  Optimalno zdravlje crijeva i imunitet  Bez zobi  Dodatna vlakna","robots":{"index":"index","follow":"follow","max-snippet":"max-snippet:-1","max-image-preview":"max-image-preview:large","max-video-preview":"max-video-preview:-1"},"canonical":"https:\/\/clair.si\/izdelek\/cavalor-strucomix-original\/","og_locale":"hr_HR","og_type":"article","og_title":"Cavalor Strucomix Original - Clair","og_description":"Za ovaj proizvod se zbog dimenzija ili te\u017eine obra\u010dunavaju dodatni tro\u0161kovi slanja u vrijednosti 15 \u20ac \/ kom.   Vrlo ukusno  Optimalno zdravlje crijeva i imunitet  Bez zobi  Dodatna vlakna","og_url":"https:\/\/clair.si\/izdelek\/cavalor-strucomix-original\/","og_site_name":"Clair","article_publisher":"https:\/\/www.facebook.com\/TrgovinaClair\/","article_modified_time":"2025-08-28T17:45:17+00:00","og_image":[{"width":1000,"height":1000,"url":"https:\/\/clair.si\/wp-content\/uploads\/2024\/06\/35461_6ce81d49.768x768-jpg.webp","type":"image\/jpeg"}],"twitter_card":"summary_large_image","twitter_misc":{"Procijenjeno vrijeme \u010ditanja":"2 minute"},"schema":{"@context":"https:\/\/schema.org","@graph":[{"@type":"WebPage","@id":"https:\/\/clair.si\/izdelek\/cavalor-strucomix-original\/","url":"https:\/\/clair.si\/izdelek\/cavalor-strucomix-original\/","name":"Cavalor Strucomix Original - Clair","isPartOf":{"@id":"https:\/\/clair.si\/#website"},"primaryImageOfPage":{"@id":"https:\/\/clair.si\/izdelek\/cavalor-strucomix-original\/#primaryimage"},"image":{"@id":"https:\/\/clair.si\/izdelek\/cavalor-strucomix-original\/#primaryimage"},"thumbnailUrl":"https:\/\/clair.si\/wp-content\/uploads\/2024\/06\/35461_6ce81d49.768x768-jpg.webp","datePublished":"2024-06-10T09:24:00+00:00","dateModified":"2025-08-28T17:45:17+00:00","description":"Za ovaj proizvod se zbog dimenzija ili te\u017eine obra\u010dunavaju dodatni tro\u0161kovi slanja u vrijednosti 15 \u20ac \/ kom. Vrlo ukusno Optimalno zdravlje crijeva i imunitet Bez zobi Dodatna vlakna","breadcrumb":{"@id":"https:\/\/clair.si\/izdelek\/cavalor-strucomix-original\/#breadcrumb"},"inLanguage":"hr","potentialAction":[{"@type":"ReadAction","target":["https:\/\/clair.si\/izdelek\/cavalor-strucomix-original\/"]}]},{"@type":"ImageObject","inLanguage":"hr","@id":"https:\/\/clair.si\/izdelek\/cavalor-strucomix-original\/#primaryimage","url":"https:\/\/clair.si\/wp-content\/uploads\/2024\/06\/35461_6ce81d49.768x768-jpg.webp","contentUrl":"https:\/\/clair.si\/wp-content\/uploads\/2024\/06\/35461_6ce81d49.768x768-jpg.webp","width":1000,"height":1000},{"@type":"BreadcrumbList","@id":"https:\/\/clair.si\/izdelek\/cavalor-strucomix-original\/#breadcrumb","itemListElement":[{"@type":"ListItem","position":1,"name":"Home","item":"https:\/\/clair.si\/hr\/"},{"@type":"ListItem","position":2,"name":"Trgovina","item":"https:\/\/clair.si\/trgovina\/"},{"@type":"ListItem","position":3,"name":"Cavalor Strucomix Original"}]},{"@type":"WebSite","@id":"https:\/\/clair.si\/#website","url":"https:\/\/clair.si\/","name":"Clair","description":"Trgovina s konjeni\u0161ko opremo","publisher":{"@id":"https:\/\/clair.si\/#organization"},"potentialAction":[{"@type":"SearchAction","target":{"@type":"EntryPoint","urlTemplate":"https:\/\/clair.si\/?s={search_term_string}"},"query-input":{"@type":"PropertyValueSpecification","valueRequired":true,"valueName":"search_term_string"}}],"inLanguage":"hr"},{"@type":"Organization","@id":"https:\/\/clair.si\/#organization","name":"Clair","url":"https:\/\/clair.si\/","logo":{"@type":"ImageObject","inLanguage":"hr","@id":"https:\/\/clair.si\/#\/schema\/logo\/image\/","url":"https:\/\/clair.si\/wp-content\/uploads\/2022\/11\/clair_logo_2022.jpg","contentUrl":"https:\/\/clair.si\/wp-content\/uploads\/2022\/11\/clair_logo_2022.jpg","width":1920,"height":1920,"caption":"Clair"},"image":{"@id":"https:\/\/clair.si\/#\/schema\/logo\/image\/"},"sameAs":["https:\/\/www.facebook.com\/TrgovinaClair\/"]}]}},"_links":{"self":[{"href":"https:\/\/clair.si\/hr\/wp-json\/wp\/v2\/product\/95294","targetHints":{"allow":["GET"]}}],"collection":[{"href":"https:\/\/clair.si\/hr\/wp-json\/wp\/v2\/product"}],"about":[{"href":"https:\/\/clair.si\/hr\/wp-json\/wp\/v2\/types\/product"}],"version-history":[{"count":0,"href":"https:\/\/clair.si\/hr\/wp-json\/wp\/v2\/product\/95294\/revisions"}],"wp:featuredmedia":[{"embeddable":true,"href":"https:\/\/clair.si\/hr\/wp-json\/wp\/v2\/media\/95303"}],"wp:attachment":[{"href":"https:\/\/clair.si\/hr\/wp-json\/wp\/v2\/media?parent=95294"}],"wp:term":[{"taxonomy":"product_brand","embeddable":true,"href":"https:\/\/clair.si\/hr\/wp-json\/wp\/v2\/product_brand?post=95294"},{"taxonomy":"product_cat","embeddable":true,"href":"https:\/\/clair.si\/hr\/wp-json\/wp\/v2\/product_cat?post=95294"},{"taxonomy":"product_tag","embeddable":true,"href":"https:\/\/clair.si\/hr\/wp-json\/wp\/v2\/product_tag?post=95294"}],"curies":[{"name":"wp","href":"https:\/\/api.w.org\/{rel}","templated":true}]}}