{"id":95316,"date":"2024-06-10T12:17:57","date_gmt":"2024-06-10T10:17:57","guid":{"rendered":"https:\/\/clair.si\/izdelek\/cavalor-sportmash-recup\/"},"modified":"2025-08-28T19:45:10","modified_gmt":"2025-08-28T17:45:10","slug":"cavalor-sportmash-recup","status":"publish","type":"product","link":"https:\/\/clair.si\/hr\/izdelek\/cavalor-sportmash-recup\/","title":{"rendered":"Cavalor Sportmash Recup"},"content":{"rendered":"<div class=\"QFw9Te BLojaf\">\n<p><strong><span class=\"jCAhz JxVs2d ChMk0b\"><span class=\"ryNqvb\">C<\/span><\/span><\/strong><span class=\"jCAhz JxVs2d ChMk0b\"><span class=\"ryNqvb\"><strong>avalor Sportmash Recup<\/strong> je ka\u0161a <strong>bogata proteinima za oporavak nakon vje\u017ebanja<\/strong>.<\/span><\/span> <span class=\"jCAhz JxVs2d ChMk0b\"><span class=\"ryNqvb\">Ova ka\u0161a je <strong>izvor visokokvalitetnih proteina<\/strong> koji su lako probavljivi i imaju specifi\u010dan profil aminokiselina, \u0161to <strong>optimalno doprinosi oporavku mi\u0161i\u0107a nakon treninga ili natjecanja.<\/strong><\/span><\/span> <span class=\"jCAhz JxVs2d ChMk0b\"><span class=\"ryNqvb\">Namakanje ka\u0161e osigurava apsorpciju dodatne teku\u0107ine.<\/span><\/span> <span class=\"jCAhz JxVs2d ChMk0b\"><span class=\"ryNqvb\"><strong>S elektrolitima (natrij, kalij i klorid) za nadoknadu gubitka nakon znojenja.<\/strong> <\/span><\/span><\/p>\n<p><span class=\"jCAhz JxVs2d ChMk0b\"><span class=\"ryNqvb\">Visoko probavljivi proteini, uravnote\u017een profil aminokiselina<\/span><\/span> <span class=\"jCAhz JxVs2d ChMk0b\"><span class=\"ryNqvb\">Jo\u0161 va\u017enija od sadr\u017eaja proteina je razina probavljivih proteina.<\/span><\/span> <span class=\"jCAhz JxVs2d ChMk0b\"><span class=\"ryNqvb\">Na primjer, oko 50-80 % proteina soje je probavljivo, dok sijeno ima mnogo ni\u017ee razine probavljivih proteina.<\/span><\/span> <span class=\"jCAhz JxVs2d ChMk0b\"><span class=\"ryNqvb\">\u0160to je protein lak\u0161e probavljiv, potrebno je manje proteina za dobivanje prave razine aminokiselina.<\/span><\/span><\/p>\n<p><span class=\"jCAhz JxVs2d ChMk0b\"><span class=\"ryNqvb\">Sadr\u017ei lako probavljive izvore <strong>proteina,<\/strong> uklju\u010duju\u0107i <strong>sojine, krumpirove proteine, lucernu i p\u0161eni\u010dno bra\u0161no<\/strong>, tako da ukupni sadr\u017eaj proteina mo\u017ee ostati ograni\u010den.<\/span><\/span> <span class=\"jCAhz JxVs2d ChMk0b\"><span class=\"ryNqvb\">Poseban sastav nudi profil aminokiselina koji je vrlo sli\u010dan vlastitim mi\u0161i\u0107nim proteinima konja.<\/span><\/span> <span class=\"jCAhz JxVs2d\"><span class=\"ryNqvb\">Koli\u010dina svake od ovih aminokiselina i relativni udjeli (profil aminokiselina) odre\u0111uju u\u010dinkovit razvoj mi\u0161i\u0107a.<\/span><\/span> <span class=\"jCAhz JxVs2d ChMk0b\"><span class=\"ryNqvb\">Za izgradnju mi\u0161i\u0107a potrebne su sve aminokiseline u pravom omjeru.<\/span><\/span> <span class=\"jCAhz JxVs2d\"><span class=\"ryNqvb\">Ako niti jedna aminokiselina nije prisutna, to \u0107e usporiti proces izgradnje mi\u0161i\u0107a.<\/span><\/span><\/p>\n<p><span class=\"jCAhz JxVs2d\"><span class=\"ryNqvb\">Oporavak mi\u0161i\u0107a<\/span><\/span> <span class=\"jCAhz JxVs2d\"><span class=\"ryNqvb\">Konj je u vrhunskoj formi samo ako su njegovi mi\u0161i\u0107i u optimalnoj formi.<\/span><\/span> <span class=\"jCAhz JxVs2d ChMk0b\"><span class=\"ryNqvb\">Tijelo kopitara ima vi\u0161e od 700 mi\u0161i\u0107a, od kojih svaki ima svoju funkciju.<\/span><\/span> <span class=\"jCAhz JxVs2d ChMk0b\"><span class=\"ryNqvb\">Kada konj trenira, u mi\u0161i\u0107nim vlaknima se pojavljuju sitne pukotine.<\/span><\/span> <span class=\"jCAhz JxVs2d ChMk0b\"><span class=\"ryNqvb\">One nisu \u0161tetne i dio su prirodnog procesa izgradnje mi\u0161i\u0107a, ali ih je potrebno popraviti.<\/span><\/span> <span class=\"jCAhz JxVs2d ChMk0b\"><span class=\"ryNqvb\">Mi\u0161i\u0107i su uglavnom sastavljeni od proteina.<\/span><\/span> <span class=\"jCAhz JxVs2d ChMk0b\"><span class=\"ryNqvb\">Za popravak mi\u0161i\u0107nih vlakana nakon vje\u017ebanja potrebno je da su na raspolaganju prave komponente u pravim koli\u010dinama \u2013 u ovom slu\u010daju proteini.<\/span><\/span><\/p>\n<p><span class=\"jCAhz JxVs2d ChMk0b\"><span class=\"ryNqvb\">Dovoljna koli\u010dina visokokvalitetnih proteina tako osigurava bitne gradivne blokove za optimalnu obnovu mi\u0161i\u0107a.<\/span><\/span> <span class=\"jCAhz JxVs2d ChMk0b\"><span class=\"ryNqvb\">Znojenje je zdravo za konja.<\/span><\/span> <span class=\"jCAhz JxVs2d ChMk0b\"><span class=\"ryNqvb\">Poma\u017ee da se br\u017ee ohladi.<\/span><\/span> <span class=\"jCAhz JxVs2d ChMk0b\"><span class=\"ryNqvb\">Pri intenzivnom radu konj mo\u017ee izgubiti do 15 litara teku\u0107ine na sat.<\/span><\/span> <span class=\"jCAhz JxVs2d ChMk0b\"><span class=\"ryNqvb\">Znoj se ne sastoji samo od teku\u0107ina, ve\u0107 i od minerala i drugih sastojaka.<\/span><\/span> <span class=\"jCAhz JxVs2d ChMk0b\"><span class=\"ryNqvb\">Stoga je velika posljedica znojenja i gubitak velikih koli\u010dina minerala, koji se nazivaju i elektroliti.<\/span><\/span> <span class=\"jCAhz JxVs2d ChMk0b\"><span class=\"ryNqvb\">Ako ne uzimate dodatke kako biste nadoknadili te gubitke, mo\u017eete uzrokovati manju u\u010dinkovitost, bolove u mi\u0161i\u0107ima, pa \u010dak i iscrpljenost.<\/span><\/span> <strong><span class=\"jCAhz JxVs2d ChMk0b\"><span class=\"ryNqvb\">Natrij, kalij i klor kompenziraju elektrolite koje va\u0161 konj gubi tijekom znojenja i doprinose optimalnom oporavku nakon vje\u017ebanja.<\/span><\/span><\/strong><\/p>\n<\/div>\n","protected":false},"excerpt":{"rendered":"<p><strong>Za ovaj proizvod se zbog dimenzija ili te\u017eine napla\u0107uju dodatni tro\u0161kovi dostave u iznosu od 15 \u20ac \/ kom.<\/strong><\/p>\n<ul>\n<li class=\"cEWAef\"><span class=\"jCAhz JxVs2d ChMk0b\"><span class=\"ryNqvb\">Visoko probavljivi proteini<\/span><\/span><\/li>\n<li class=\"cEWAef\"><span class=\"jCAhz JxVs2d ChMk0b\"><span class=\"ryNqvb\">Uravnote\u017een profil aminokiselina <\/span><\/span><\/li>\n<li class=\"cEWAef\"><span class=\"jCAhz JxVs2d ChMk0b\"><span class=\"ryNqvb\">Oporavak mi\u0161i\u0107a<\/span><\/span><span class=\"jCAhz JxVs2d\"><span class=\"ryNqvb\">Elektroliti<\/span><\/span><\/li>\n<\/ul>\n","protected":false},"featured_media":95317,"template":"","meta":{"footnotes":""},"product_brand":[],"product_cat":[5711,5710],"product_tag":[],"class_list":{"0":"post-95316","1":"product","2":"type-product","3":"status-publish","4":"has-post-thumbnail","6":"product_cat-hrana-i-prehrambeni-dodaci-cavalor","7":"product_cat-hrana-za-konje-hr","8":"product_shipping_class-marstall-hr","10":"first","11":"instock","12":"shipping-taxable","13":"purchasable","14":"product-type-simple"},"yoast_head":"<!-- This site is optimized with the Yoast SEO plugin v27.4 - https:\/\/yoast.com\/product\/yoast-seo-wordpress\/ -->\n<title>Cavalor Sportmash Recup - Clair<\/title>\n<meta name=\"description\" content=\"Za ovaj proizvod se zbog dimenzija ili te\u017eine napla\u0107uju dodatni tro\u0161kovi dostave u iznosu od 15 \u20ac \/ kom.   Visoko probavljivi proteini  Uravnote\u017een profil aminokiselina   Oporavak mi\u0161i\u0107aElektroliti\" \/>\n<meta name=\"robots\" content=\"index, follow, max-snippet:-1, max-image-preview:large, max-video-preview:-1\" \/>\n<link rel=\"canonical\" href=\"https:\/\/clair.si\/izdelek\/cavalor-sportmash-recup\/\" \/>\n<meta property=\"og:locale\" content=\"hr_HR\" \/>\n<meta property=\"og:type\" content=\"article\" \/>\n<meta property=\"og:title\" content=\"Cavalor Sportmash Recup - Clair\" \/>\n<meta property=\"og:description\" content=\"Za ovaj proizvod se zbog dimenzija ili te\u017eine napla\u0107uju dodatni tro\u0161kovi dostave u iznosu od 15 \u20ac \/ kom.   Visoko probavljivi proteini  Uravnote\u017een profil aminokiselina   Oporavak mi\u0161i\u0107aElektroliti\" \/>\n<meta property=\"og:url\" content=\"https:\/\/clair.si\/izdelek\/cavalor-sportmash-recup\/\" \/>\n<meta property=\"og:site_name\" content=\"Clair\" \/>\n<meta property=\"article:publisher\" content=\"https:\/\/www.facebook.com\/TrgovinaClair\/\" \/>\n<meta property=\"article:modified_time\" content=\"2025-08-28T17:45:10+00:00\" \/>\n<meta property=\"og:image\" content=\"https:\/\/clair.si\/wp-content\/uploads\/2024\/06\/sportmash-recup_grey-1-2048x1580-1-jpg.webp\" \/>\n\t<meta property=\"og:image:width\" content=\"1000\" \/>\n\t<meta property=\"og:image:height\" content=\"1000\" \/>\n\t<meta property=\"og:image:type\" content=\"image\/jpeg\" \/>\n<meta name=\"twitter:card\" content=\"summary_large_image\" \/>\n<meta name=\"twitter:label1\" content=\"Procijenjeno vrijeme \u010ditanja\" \/>\n\t<meta name=\"twitter:data1\" content=\"3 minute\" \/>\n<script type=\"application\/ld+json\" class=\"yoast-schema-graph\">{\"@context\":\"https:\\\/\\\/schema.org\",\"@graph\":[{\"@type\":\"WebPage\",\"@id\":\"https:\\\/\\\/clair.si\\\/izdelek\\\/cavalor-sportmash-recup\\\/\",\"url\":\"https:\\\/\\\/clair.si\\\/izdelek\\\/cavalor-sportmash-recup\\\/\",\"name\":\"Cavalor Sportmash Recup - Clair\",\"isPartOf\":{\"@id\":\"https:\\\/\\\/clair.si\\\/#website\"},\"primaryImageOfPage\":{\"@id\":\"https:\\\/\\\/clair.si\\\/izdelek\\\/cavalor-sportmash-recup\\\/#primaryimage\"},\"image\":{\"@id\":\"https:\\\/\\\/clair.si\\\/izdelek\\\/cavalor-sportmash-recup\\\/#primaryimage\"},\"thumbnailUrl\":\"https:\\\/\\\/clair.si\\\/wp-content\\\/uploads\\\/2024\\\/06\\\/sportmash-recup_grey-1-2048x1580-1-jpg.webp\",\"datePublished\":\"2024-06-10T10:17:57+00:00\",\"dateModified\":\"2025-08-28T17:45:10+00:00\",\"description\":\"Za ovaj proizvod se zbog dimenzija ili te\u017eine napla\u0107uju dodatni tro\u0161kovi dostave u iznosu od 15 \u20ac \\\/ kom. Visoko probavljivi proteini Uravnote\u017een profil aminokiselina Oporavak mi\u0161i\u0107aElektroliti\",\"breadcrumb\":{\"@id\":\"https:\\\/\\\/clair.si\\\/izdelek\\\/cavalor-sportmash-recup\\\/#breadcrumb\"},\"inLanguage\":\"hr\",\"potentialAction\":[{\"@type\":\"ReadAction\",\"target\":[\"https:\\\/\\\/clair.si\\\/izdelek\\\/cavalor-sportmash-recup\\\/\"]}]},{\"@type\":\"ImageObject\",\"inLanguage\":\"hr\",\"@id\":\"https:\\\/\\\/clair.si\\\/izdelek\\\/cavalor-sportmash-recup\\\/#primaryimage\",\"url\":\"https:\\\/\\\/clair.si\\\/wp-content\\\/uploads\\\/2024\\\/06\\\/sportmash-recup_grey-1-2048x1580-1-jpg.webp\",\"contentUrl\":\"https:\\\/\\\/clair.si\\\/wp-content\\\/uploads\\\/2024\\\/06\\\/sportmash-recup_grey-1-2048x1580-1-jpg.webp\",\"width\":1000,\"height\":1000},{\"@type\":\"BreadcrumbList\",\"@id\":\"https:\\\/\\\/clair.si\\\/izdelek\\\/cavalor-sportmash-recup\\\/#breadcrumb\",\"itemListElement\":[{\"@type\":\"ListItem\",\"position\":1,\"name\":\"Home\",\"item\":\"https:\\\/\\\/clair.si\\\/hr\\\/\"},{\"@type\":\"ListItem\",\"position\":2,\"name\":\"Trgovina\",\"item\":\"https:\\\/\\\/clair.si\\\/trgovina\\\/\"},{\"@type\":\"ListItem\",\"position\":3,\"name\":\"Cavalor Sportmash Recup\"}]},{\"@type\":\"WebSite\",\"@id\":\"https:\\\/\\\/clair.si\\\/#website\",\"url\":\"https:\\\/\\\/clair.si\\\/\",\"name\":\"Clair\",\"description\":\"Trgovina s konjeni\u0161ko opremo\",\"publisher\":{\"@id\":\"https:\\\/\\\/clair.si\\\/#organization\"},\"potentialAction\":[{\"@type\":\"SearchAction\",\"target\":{\"@type\":\"EntryPoint\",\"urlTemplate\":\"https:\\\/\\\/clair.si\\\/?s={search_term_string}\"},\"query-input\":{\"@type\":\"PropertyValueSpecification\",\"valueRequired\":true,\"valueName\":\"search_term_string\"}}],\"inLanguage\":\"hr\"},{\"@type\":\"Organization\",\"@id\":\"https:\\\/\\\/clair.si\\\/#organization\",\"name\":\"Clair\",\"url\":\"https:\\\/\\\/clair.si\\\/\",\"logo\":{\"@type\":\"ImageObject\",\"inLanguage\":\"hr\",\"@id\":\"https:\\\/\\\/clair.si\\\/#\\\/schema\\\/logo\\\/image\\\/\",\"url\":\"https:\\\/\\\/clair.si\\\/wp-content\\\/uploads\\\/2022\\\/11\\\/clair_logo_2022.jpg\",\"contentUrl\":\"https:\\\/\\\/clair.si\\\/wp-content\\\/uploads\\\/2022\\\/11\\\/clair_logo_2022.jpg\",\"width\":1920,\"height\":1920,\"caption\":\"Clair\"},\"image\":{\"@id\":\"https:\\\/\\\/clair.si\\\/#\\\/schema\\\/logo\\\/image\\\/\"},\"sameAs\":[\"https:\\\/\\\/www.facebook.com\\\/TrgovinaClair\\\/\"]}]}<\/script>\n<!-- \/ Yoast SEO plugin. -->","yoast_head_json":{"title":"Cavalor Sportmash Recup - Clair","description":"Za ovaj proizvod se zbog dimenzija ili te\u017eine napla\u0107uju dodatni tro\u0161kovi dostave u iznosu od 15 \u20ac \/ kom.   Visoko probavljivi proteini  Uravnote\u017een profil aminokiselina   Oporavak mi\u0161i\u0107aElektroliti","robots":{"index":"index","follow":"follow","max-snippet":"max-snippet:-1","max-image-preview":"max-image-preview:large","max-video-preview":"max-video-preview:-1"},"canonical":"https:\/\/clair.si\/izdelek\/cavalor-sportmash-recup\/","og_locale":"hr_HR","og_type":"article","og_title":"Cavalor Sportmash Recup - Clair","og_description":"Za ovaj proizvod se zbog dimenzija ili te\u017eine napla\u0107uju dodatni tro\u0161kovi dostave u iznosu od 15 \u20ac \/ kom.   Visoko probavljivi proteini  Uravnote\u017een profil aminokiselina   Oporavak mi\u0161i\u0107aElektroliti","og_url":"https:\/\/clair.si\/izdelek\/cavalor-sportmash-recup\/","og_site_name":"Clair","article_publisher":"https:\/\/www.facebook.com\/TrgovinaClair\/","article_modified_time":"2025-08-28T17:45:10+00:00","og_image":[{"width":1000,"height":1000,"url":"https:\/\/clair.si\/wp-content\/uploads\/2024\/06\/sportmash-recup_grey-1-2048x1580-1-jpg.webp","type":"image\/jpeg"}],"twitter_card":"summary_large_image","twitter_misc":{"Procijenjeno vrijeme \u010ditanja":"3 minute"},"schema":{"@context":"https:\/\/schema.org","@graph":[{"@type":"WebPage","@id":"https:\/\/clair.si\/izdelek\/cavalor-sportmash-recup\/","url":"https:\/\/clair.si\/izdelek\/cavalor-sportmash-recup\/","name":"Cavalor Sportmash Recup - Clair","isPartOf":{"@id":"https:\/\/clair.si\/#website"},"primaryImageOfPage":{"@id":"https:\/\/clair.si\/izdelek\/cavalor-sportmash-recup\/#primaryimage"},"image":{"@id":"https:\/\/clair.si\/izdelek\/cavalor-sportmash-recup\/#primaryimage"},"thumbnailUrl":"https:\/\/clair.si\/wp-content\/uploads\/2024\/06\/sportmash-recup_grey-1-2048x1580-1-jpg.webp","datePublished":"2024-06-10T10:17:57+00:00","dateModified":"2025-08-28T17:45:10+00:00","description":"Za ovaj proizvod se zbog dimenzija ili te\u017eine napla\u0107uju dodatni tro\u0161kovi dostave u iznosu od 15 \u20ac \/ kom. Visoko probavljivi proteini Uravnote\u017een profil aminokiselina Oporavak mi\u0161i\u0107aElektroliti","breadcrumb":{"@id":"https:\/\/clair.si\/izdelek\/cavalor-sportmash-recup\/#breadcrumb"},"inLanguage":"hr","potentialAction":[{"@type":"ReadAction","target":["https:\/\/clair.si\/izdelek\/cavalor-sportmash-recup\/"]}]},{"@type":"ImageObject","inLanguage":"hr","@id":"https:\/\/clair.si\/izdelek\/cavalor-sportmash-recup\/#primaryimage","url":"https:\/\/clair.si\/wp-content\/uploads\/2024\/06\/sportmash-recup_grey-1-2048x1580-1-jpg.webp","contentUrl":"https:\/\/clair.si\/wp-content\/uploads\/2024\/06\/sportmash-recup_grey-1-2048x1580-1-jpg.webp","width":1000,"height":1000},{"@type":"BreadcrumbList","@id":"https:\/\/clair.si\/izdelek\/cavalor-sportmash-recup\/#breadcrumb","itemListElement":[{"@type":"ListItem","position":1,"name":"Home","item":"https:\/\/clair.si\/hr\/"},{"@type":"ListItem","position":2,"name":"Trgovina","item":"https:\/\/clair.si\/trgovina\/"},{"@type":"ListItem","position":3,"name":"Cavalor Sportmash Recup"}]},{"@type":"WebSite","@id":"https:\/\/clair.si\/#website","url":"https:\/\/clair.si\/","name":"Clair","description":"Trgovina s konjeni\u0161ko opremo","publisher":{"@id":"https:\/\/clair.si\/#organization"},"potentialAction":[{"@type":"SearchAction","target":{"@type":"EntryPoint","urlTemplate":"https:\/\/clair.si\/?s={search_term_string}"},"query-input":{"@type":"PropertyValueSpecification","valueRequired":true,"valueName":"search_term_string"}}],"inLanguage":"hr"},{"@type":"Organization","@id":"https:\/\/clair.si\/#organization","name":"Clair","url":"https:\/\/clair.si\/","logo":{"@type":"ImageObject","inLanguage":"hr","@id":"https:\/\/clair.si\/#\/schema\/logo\/image\/","url":"https:\/\/clair.si\/wp-content\/uploads\/2022\/11\/clair_logo_2022.jpg","contentUrl":"https:\/\/clair.si\/wp-content\/uploads\/2022\/11\/clair_logo_2022.jpg","width":1920,"height":1920,"caption":"Clair"},"image":{"@id":"https:\/\/clair.si\/#\/schema\/logo\/image\/"},"sameAs":["https:\/\/www.facebook.com\/TrgovinaClair\/"]}]}},"_links":{"self":[{"href":"https:\/\/clair.si\/hr\/wp-json\/wp\/v2\/product\/95316","targetHints":{"allow":["GET"]}}],"collection":[{"href":"https:\/\/clair.si\/hr\/wp-json\/wp\/v2\/product"}],"about":[{"href":"https:\/\/clair.si\/hr\/wp-json\/wp\/v2\/types\/product"}],"version-history":[{"count":0,"href":"https:\/\/clair.si\/hr\/wp-json\/wp\/v2\/product\/95316\/revisions"}],"wp:featuredmedia":[{"embeddable":true,"href":"https:\/\/clair.si\/hr\/wp-json\/wp\/v2\/media\/95317"}],"wp:attachment":[{"href":"https:\/\/clair.si\/hr\/wp-json\/wp\/v2\/media?parent=95316"}],"wp:term":[{"taxonomy":"product_brand","embeddable":true,"href":"https:\/\/clair.si\/hr\/wp-json\/wp\/v2\/product_brand?post=95316"},{"taxonomy":"product_cat","embeddable":true,"href":"https:\/\/clair.si\/hr\/wp-json\/wp\/v2\/product_cat?post=95316"},{"taxonomy":"product_tag","embeddable":true,"href":"https:\/\/clair.si\/hr\/wp-json\/wp\/v2\/product_tag?post=95316"}],"curies":[{"name":"wp","href":"https:\/\/api.w.org\/{rel}","templated":true}]}}