{"id":95320,"date":"2024-06-24T09:35:55","date_gmt":"2024-06-24T07:35:55","guid":{"rendered":"https:\/\/clair.si\/izdelek\/hrana-za-konje-tisoceri-musli-nova-era\/"},"modified":"2025-11-08T09:11:59","modified_gmt":"2025-11-08T08:11:59","slug":"hrana-za-konje-tisoceri-musli-nova-era","status":"publish","type":"product","link":"https:\/\/clair.si\/hr\/izdelek\/hrana-za-konje-tisoceri-musli-nova-era\/","title":{"rendered":"Hrana za konje Tiso\u010deri Musli Nova Era"},"content":{"rendered":"<p><strong>Hrana za konje Tiso\u010deri Musli<\/strong> <strong>Nova Era<\/strong> kao dopunska krmna smjesa s raznolikim sadr\u017eajem nudi va\u0161em konju potpuno uravnote\u017een dnevni obrok i zasigurno pokriva sve potrebe za bjelan\u010devinama, aminokiselinama, mineralima i vitaminima te mikroelementima.<\/p>\n<p>Sadr\u017ei preporu\u010denu dnevnu dozu konoplje u obliku sjemenki konoplje, poga\u010de od konoplje i hladno pre\u0161anog ulja konoplje.<\/p>\n<div class=\"x11i5rnm xat24cr x1mh8g0r x1vvkbs xtlvy1s x126k92a\">\n<div dir=\"auto\"><span class=\"html-span xexx8yu x4uap5 x18d9i69 xkhd6sd x1hl2dhg x16tdsg8 x1vvkbs x3nfvp2 x1j61x8r x1fcty0u xdj266r xat24cr xgzva0m xhhsvwb xxymvpz xlup9mm x1kky2od\"><img loading=\"lazy\" decoding=\"async\" class=\"xz74otr\" src=\"https:\/\/static.xx.fbcdn.net\/images\/emoji.php\/v9\/t69\/1\/16\/1f331.png\" alt=\"\ud83c\udf31\" width=\"16\" height=\"16\"><\/span> BALZAM ZA \u017dELUDAC<\/div>\n<div dir=\"auto\"><span class=\"html-span xexx8yu x4uap5 x18d9i69 xkhd6sd x1hl2dhg x16tdsg8 x1vvkbs x3nfvp2 x1j61x8r x1fcty0u xdj266r xat24cr xgzva0m xhhsvwb xxymvpz xlup9mm x1kky2od\"><img loading=\"lazy\" decoding=\"async\" class=\"xz74otr\" src=\"https:\/\/static.xx.fbcdn.net\/images\/emoji.php\/v9\/t69\/1\/16\/1f331.png\" alt=\"\ud83c\udf31\" width=\"16\" height=\"16\"><\/span> IZGRADNJA MI\u0160I\u0106A<\/div>\n<div dir=\"auto\"><span class=\"html-span xexx8yu x4uap5 x18d9i69 xkhd6sd x1hl2dhg x16tdsg8 x1vvkbs x3nfvp2 x1j61x8r x1fcty0u xdj266r xat24cr xgzva0m xhhsvwb xxymvpz xlup9mm x1kky2od\"><img loading=\"lazy\" decoding=\"async\" class=\"xz74otr\" src=\"https:\/\/static.xx.fbcdn.net\/images\/emoji.php\/v9\/t69\/1\/16\/1f331.png\" alt=\"\ud83c\udf31\" width=\"16\" height=\"16\"><\/span> PODR\u0160KA IMUNOLO\u0160KOM SUSTAVU<\/div>\n<div dir=\"auto\"><span class=\"html-span xexx8yu x4uap5 x18d9i69 xkhd6sd x1hl2dhg x16tdsg8 x1vvkbs x3nfvp2 x1j61x8r x1fcty0u xdj266r xat24cr xgzva0m xhhsvwb xxymvpz xlup9mm x1kky2od\"><img loading=\"lazy\" decoding=\"async\" class=\"xz74otr\" src=\"https:\/\/static.xx.fbcdn.net\/images\/emoji.php\/v9\/t69\/1\/16\/1f331.png\" alt=\"\ud83c\udf31\" width=\"16\" height=\"16\"><\/span> OMEGA 3&amp;6<\/div>\n<\/div>\n<div dir=\"auto\"><\/div>\n<div dir=\"auto\">Pro\u010ditajte za\u0161to je ovaj musli dobar za va\u0161eg konja <a href=\"https:\/\/clair.si\/hr\/blog\/%f0%9f%8c%b1-konoplja-u-prehrani-konja%f0%9f%8c%b1\/\">https:\/\/clair.si\/blog\/%f0%9f%8c%b1-konoplja-v-prehrani-konj%f0%9f%8c%b1\/<\/a><\/div>\n<div dir=\"auto\"><\/div>\n<div dir=\"auto\">Sastav: suha tvar 86,4%, sirova vlakna 10,2%, sirove bjelan\u010devine 12%, sirove masti 5,6%, sirovi pepeo 4,8%, kalcij 0,26%, fosfor 0,33%, natrij 0,44%, magnezij 0,16%<\/div>\n<div dir=\"auto\"><\/div>\n<div dir=\"auto\">\u010cuvati na suhom, hladnom i zatvorenom mjestu. Za\u0161titite od sunca. <\/div>\n<div dir=\"auto\"><\/div>\n","protected":false},"excerpt":{"rendered":"<div dir=\"auto\"><span class=\"html-span xexx8yu x4uap5 x18d9i69 xkhd6sd x1hl2dhg x16tdsg8 x1vvkbs x3nfvp2 x1j61x8r x1fcty0u xdj266r xat24cr xgzva0m xhhsvwb xxymvpz xlup9mm x1kky2od\"><img loading=\"lazy\" decoding=\"async\" class=\"xz74otr\" src=\"https:\/\/static.xx.fbcdn.net\/images\/emoji.php\/v9\/t69\/1\/16\/1f331.png\" alt=\"\ud83c\udf31\" width=\"16\" height=\"16\"><\/span> BALZAM ZA \u017dELUDAC<\/div>\n<div dir=\"auto\"><span class=\"html-span xexx8yu x4uap5 x18d9i69 xkhd6sd x1hl2dhg x16tdsg8 x1vvkbs x3nfvp2 x1j61x8r x1fcty0u xdj266r xat24cr xgzva0m xhhsvwb xxymvpz xlup9mm x1kky2od\"><img loading=\"lazy\" decoding=\"async\" class=\"xz74otr\" src=\"https:\/\/static.xx.fbcdn.net\/images\/emoji.php\/v9\/t69\/1\/16\/1f331.png\" alt=\"\ud83c\udf31\" width=\"16\" height=\"16\"><\/span> IZGRADNJA MI\u0160I\u0106A<\/div>\n<div dir=\"auto\"><span class=\"html-span xexx8yu x4uap5 x18d9i69 xkhd6sd x1hl2dhg x16tdsg8 x1vvkbs x3nfvp2 x1j61x8r x1fcty0u xdj266r xat24cr xgzva0m xhhsvwb xxymvpz xlup9mm x1kky2od\"><img loading=\"lazy\" decoding=\"async\" class=\"xz74otr\" src=\"https:\/\/static.xx.fbcdn.net\/images\/emoji.php\/v9\/t69\/1\/16\/1f331.png\" alt=\"\ud83c\udf31\" width=\"16\" height=\"16\"><\/span> PODR\u0160KA IMUNOLO\u0160KOM SUSTAVU<\/div>\n<div dir=\"auto\"><span class=\"html-span xexx8yu x4uap5 x18d9i69 xkhd6sd x1hl2dhg x16tdsg8 x1vvkbs x3nfvp2 x1j61x8r x1fcty0u xdj266r xat24cr xgzva0m xhhsvwb xxymvpz xlup9mm x1kky2od\"><img loading=\"lazy\" decoding=\"async\" class=\"xz74otr\" src=\"https:\/\/static.xx.fbcdn.net\/images\/emoji.php\/v9\/t69\/1\/16\/1f331.png\" alt=\"\ud83c\udf31\" width=\"16\" height=\"16\"><\/span> OMEGA 3&amp;6<\/div>\n<div dir=\"auto\"><\/div>\n<div dir=\"auto\"><strong>Koli\u010dina: 15 kg<\/strong><\/div>\n","protected":false},"featured_media":95321,"template":"","meta":{"footnotes":""},"product_brand":[],"product_cat":[5710],"product_tag":[],"class_list":{"0":"post-95320","1":"product","2":"type-product","3":"status-publish","4":"has-post-thumbnail","6":"product_cat-hrana-za-konje-hr","8":"first","9":"outofstock","10":"shipping-taxable","11":"purchasable","12":"product-type-simple"},"yoast_head":"<!-- This site is optimized with the Yoast SEO plugin v27.4 - https:\/\/yoast.com\/product\/yoast-seo-wordpress\/ -->\n<title>Hrana za konje Tiso\u010deri Musli Nova Era - Clair<\/title>\n<meta name=\"description\" content=\"BALZAM ZA \u017dELUDAC IZGRADNJA MI\u0160I\u0106A PODR\u0160KA IMUNOLO\u0160KOM SUSTAVU OMEGA 3&amp;6 Koli\u010dina: 15 kg\" \/>\n<meta name=\"robots\" content=\"index, follow, max-snippet:-1, max-image-preview:large, max-video-preview:-1\" \/>\n<link rel=\"canonical\" href=\"https:\/\/clair.si\/izdelek\/hrana-za-konje-tisoceri-musli-nova-era\/\" \/>\n<meta property=\"og:locale\" content=\"hr_HR\" \/>\n<meta property=\"og:type\" content=\"article\" \/>\n<meta property=\"og:title\" content=\"Hrana za konje Tiso\u010deri Musli Nova Era - Clair\" \/>\n<meta property=\"og:description\" content=\"BALZAM ZA \u017dELUDAC IZGRADNJA MI\u0160I\u0106A PODR\u0160KA IMUNOLO\u0160KOM SUSTAVU OMEGA 3&amp;6 Koli\u010dina: 15 kg\" \/>\n<meta property=\"og:url\" content=\"https:\/\/clair.si\/izdelek\/hrana-za-konje-tisoceri-musli-nova-era\/\" \/>\n<meta property=\"og:site_name\" content=\"Clair\" \/>\n<meta property=\"article:publisher\" content=\"https:\/\/www.facebook.com\/TrgovinaClair\/\" \/>\n<meta property=\"article:modified_time\" content=\"2025-11-08T08:11:59+00:00\" \/>\n<meta property=\"og:image\" content=\"https:\/\/clair.si\/wp-content\/uploads\/2024\/06\/tisoceri-musli.jpg\" \/>\n\t<meta property=\"og:image:width\" content=\"1000\" \/>\n\t<meta property=\"og:image:height\" content=\"1000\" \/>\n\t<meta property=\"og:image:type\" content=\"image\/jpeg\" \/>\n<meta name=\"twitter:card\" content=\"summary_large_image\" \/>\n<meta name=\"twitter:label1\" content=\"Procijenjeno vrijeme \u010ditanja\" \/>\n\t<meta name=\"twitter:data1\" content=\"1 minuta\" \/>\n<script type=\"application\/ld+json\" class=\"yoast-schema-graph\">{\"@context\":\"https:\\\/\\\/schema.org\",\"@graph\":[{\"@type\":\"WebPage\",\"@id\":\"https:\\\/\\\/clair.si\\\/izdelek\\\/hrana-za-konje-tisoceri-musli-nova-era\\\/\",\"url\":\"https:\\\/\\\/clair.si\\\/izdelek\\\/hrana-za-konje-tisoceri-musli-nova-era\\\/\",\"name\":\"Hrana za konje Tiso\u010deri Musli Nova Era - Clair\",\"isPartOf\":{\"@id\":\"https:\\\/\\\/clair.si\\\/#website\"},\"primaryImageOfPage\":{\"@id\":\"https:\\\/\\\/clair.si\\\/izdelek\\\/hrana-za-konje-tisoceri-musli-nova-era\\\/#primaryimage\"},\"image\":{\"@id\":\"https:\\\/\\\/clair.si\\\/izdelek\\\/hrana-za-konje-tisoceri-musli-nova-era\\\/#primaryimage\"},\"thumbnailUrl\":\"https:\\\/\\\/clair.si\\\/wp-content\\\/uploads\\\/2024\\\/06\\\/tisoceri-musli.webp\",\"datePublished\":\"2024-06-24T07:35:55+00:00\",\"dateModified\":\"2025-11-08T08:11:59+00:00\",\"description\":\"BALZAM ZA \u017dELUDAC IZGRADNJA MI\u0160I\u0106A PODR\u0160KA IMUNOLO\u0160KOM SUSTAVU OMEGA 3&amp;6 Koli\u010dina: 15 kg\",\"breadcrumb\":{\"@id\":\"https:\\\/\\\/clair.si\\\/izdelek\\\/hrana-za-konje-tisoceri-musli-nova-era\\\/#breadcrumb\"},\"inLanguage\":\"hr\",\"potentialAction\":[{\"@type\":\"ReadAction\",\"target\":[\"https:\\\/\\\/clair.si\\\/izdelek\\\/hrana-za-konje-tisoceri-musli-nova-era\\\/\"]}]},{\"@type\":\"ImageObject\",\"inLanguage\":\"hr\",\"@id\":\"https:\\\/\\\/clair.si\\\/izdelek\\\/hrana-za-konje-tisoceri-musli-nova-era\\\/#primaryimage\",\"url\":\"https:\\\/\\\/clair.si\\\/wp-content\\\/uploads\\\/2024\\\/06\\\/tisoceri-musli.webp\",\"contentUrl\":\"https:\\\/\\\/clair.si\\\/wp-content\\\/uploads\\\/2024\\\/06\\\/tisoceri-musli.webp\",\"width\":1000,\"height\":1000},{\"@type\":\"BreadcrumbList\",\"@id\":\"https:\\\/\\\/clair.si\\\/izdelek\\\/hrana-za-konje-tisoceri-musli-nova-era\\\/#breadcrumb\",\"itemListElement\":[{\"@type\":\"ListItem\",\"position\":1,\"name\":\"Home\",\"item\":\"https:\\\/\\\/clair.si\\\/hr\\\/\"},{\"@type\":\"ListItem\",\"position\":2,\"name\":\"Trgovina\",\"item\":\"https:\\\/\\\/clair.si\\\/trgovina\\\/\"},{\"@type\":\"ListItem\",\"position\":3,\"name\":\"Hrana za konje Tiso\u010deri Musli Nova Era\"}]},{\"@type\":\"WebSite\",\"@id\":\"https:\\\/\\\/clair.si\\\/#website\",\"url\":\"https:\\\/\\\/clair.si\\\/\",\"name\":\"Clair\",\"description\":\"Trgovina s konjeni\u0161ko opremo\",\"publisher\":{\"@id\":\"https:\\\/\\\/clair.si\\\/#organization\"},\"potentialAction\":[{\"@type\":\"SearchAction\",\"target\":{\"@type\":\"EntryPoint\",\"urlTemplate\":\"https:\\\/\\\/clair.si\\\/?s={search_term_string}\"},\"query-input\":{\"@type\":\"PropertyValueSpecification\",\"valueRequired\":true,\"valueName\":\"search_term_string\"}}],\"inLanguage\":\"hr\"},{\"@type\":\"Organization\",\"@id\":\"https:\\\/\\\/clair.si\\\/#organization\",\"name\":\"Clair\",\"url\":\"https:\\\/\\\/clair.si\\\/\",\"logo\":{\"@type\":\"ImageObject\",\"inLanguage\":\"hr\",\"@id\":\"https:\\\/\\\/clair.si\\\/#\\\/schema\\\/logo\\\/image\\\/\",\"url\":\"https:\\\/\\\/clair.si\\\/wp-content\\\/uploads\\\/2022\\\/11\\\/clair_logo_2022.jpg\",\"contentUrl\":\"https:\\\/\\\/clair.si\\\/wp-content\\\/uploads\\\/2022\\\/11\\\/clair_logo_2022.jpg\",\"width\":1920,\"height\":1920,\"caption\":\"Clair\"},\"image\":{\"@id\":\"https:\\\/\\\/clair.si\\\/#\\\/schema\\\/logo\\\/image\\\/\"},\"sameAs\":[\"https:\\\/\\\/www.facebook.com\\\/TrgovinaClair\\\/\"]}]}<\/script>\n<!-- \/ Yoast SEO plugin. -->","yoast_head_json":{"title":"Hrana za konje Tiso\u010deri Musli Nova Era - Clair","description":"BALZAM ZA \u017dELUDAC IZGRADNJA MI\u0160I\u0106A PODR\u0160KA IMUNOLO\u0160KOM SUSTAVU OMEGA 3&amp;6 Koli\u010dina: 15 kg","robots":{"index":"index","follow":"follow","max-snippet":"max-snippet:-1","max-image-preview":"max-image-preview:large","max-video-preview":"max-video-preview:-1"},"canonical":"https:\/\/clair.si\/izdelek\/hrana-za-konje-tisoceri-musli-nova-era\/","og_locale":"hr_HR","og_type":"article","og_title":"Hrana za konje Tiso\u010deri Musli Nova Era - Clair","og_description":"BALZAM ZA \u017dELUDAC IZGRADNJA MI\u0160I\u0106A PODR\u0160KA IMUNOLO\u0160KOM SUSTAVU OMEGA 3&amp;6 Koli\u010dina: 15 kg","og_url":"https:\/\/clair.si\/izdelek\/hrana-za-konje-tisoceri-musli-nova-era\/","og_site_name":"Clair","article_publisher":"https:\/\/www.facebook.com\/TrgovinaClair\/","article_modified_time":"2025-11-08T08:11:59+00:00","og_image":[{"width":1000,"height":1000,"url":"https:\/\/clair.si\/wp-content\/uploads\/2024\/06\/tisoceri-musli.jpg","type":"image\/jpeg"}],"twitter_card":"summary_large_image","twitter_misc":{"Procijenjeno vrijeme \u010ditanja":"1 minuta"},"schema":{"@context":"https:\/\/schema.org","@graph":[{"@type":"WebPage","@id":"https:\/\/clair.si\/izdelek\/hrana-za-konje-tisoceri-musli-nova-era\/","url":"https:\/\/clair.si\/izdelek\/hrana-za-konje-tisoceri-musli-nova-era\/","name":"Hrana za konje Tiso\u010deri Musli Nova Era - Clair","isPartOf":{"@id":"https:\/\/clair.si\/#website"},"primaryImageOfPage":{"@id":"https:\/\/clair.si\/izdelek\/hrana-za-konje-tisoceri-musli-nova-era\/#primaryimage"},"image":{"@id":"https:\/\/clair.si\/izdelek\/hrana-za-konje-tisoceri-musli-nova-era\/#primaryimage"},"thumbnailUrl":"https:\/\/clair.si\/wp-content\/uploads\/2024\/06\/tisoceri-musli.webp","datePublished":"2024-06-24T07:35:55+00:00","dateModified":"2025-11-08T08:11:59+00:00","description":"BALZAM ZA \u017dELUDAC IZGRADNJA MI\u0160I\u0106A PODR\u0160KA IMUNOLO\u0160KOM SUSTAVU OMEGA 3&amp;6 Koli\u010dina: 15 kg","breadcrumb":{"@id":"https:\/\/clair.si\/izdelek\/hrana-za-konje-tisoceri-musli-nova-era\/#breadcrumb"},"inLanguage":"hr","potentialAction":[{"@type":"ReadAction","target":["https:\/\/clair.si\/izdelek\/hrana-za-konje-tisoceri-musli-nova-era\/"]}]},{"@type":"ImageObject","inLanguage":"hr","@id":"https:\/\/clair.si\/izdelek\/hrana-za-konje-tisoceri-musli-nova-era\/#primaryimage","url":"https:\/\/clair.si\/wp-content\/uploads\/2024\/06\/tisoceri-musli.webp","contentUrl":"https:\/\/clair.si\/wp-content\/uploads\/2024\/06\/tisoceri-musli.webp","width":1000,"height":1000},{"@type":"BreadcrumbList","@id":"https:\/\/clair.si\/izdelek\/hrana-za-konje-tisoceri-musli-nova-era\/#breadcrumb","itemListElement":[{"@type":"ListItem","position":1,"name":"Home","item":"https:\/\/clair.si\/hr\/"},{"@type":"ListItem","position":2,"name":"Trgovina","item":"https:\/\/clair.si\/trgovina\/"},{"@type":"ListItem","position":3,"name":"Hrana za konje Tiso\u010deri Musli Nova Era"}]},{"@type":"WebSite","@id":"https:\/\/clair.si\/#website","url":"https:\/\/clair.si\/","name":"Clair","description":"Trgovina s konjeni\u0161ko opremo","publisher":{"@id":"https:\/\/clair.si\/#organization"},"potentialAction":[{"@type":"SearchAction","target":{"@type":"EntryPoint","urlTemplate":"https:\/\/clair.si\/?s={search_term_string}"},"query-input":{"@type":"PropertyValueSpecification","valueRequired":true,"valueName":"search_term_string"}}],"inLanguage":"hr"},{"@type":"Organization","@id":"https:\/\/clair.si\/#organization","name":"Clair","url":"https:\/\/clair.si\/","logo":{"@type":"ImageObject","inLanguage":"hr","@id":"https:\/\/clair.si\/#\/schema\/logo\/image\/","url":"https:\/\/clair.si\/wp-content\/uploads\/2022\/11\/clair_logo_2022.jpg","contentUrl":"https:\/\/clair.si\/wp-content\/uploads\/2022\/11\/clair_logo_2022.jpg","width":1920,"height":1920,"caption":"Clair"},"image":{"@id":"https:\/\/clair.si\/#\/schema\/logo\/image\/"},"sameAs":["https:\/\/www.facebook.com\/TrgovinaClair\/"]}]}},"_links":{"self":[{"href":"https:\/\/clair.si\/hr\/wp-json\/wp\/v2\/product\/95320","targetHints":{"allow":["GET"]}}],"collection":[{"href":"https:\/\/clair.si\/hr\/wp-json\/wp\/v2\/product"}],"about":[{"href":"https:\/\/clair.si\/hr\/wp-json\/wp\/v2\/types\/product"}],"version-history":[{"count":1,"href":"https:\/\/clair.si\/hr\/wp-json\/wp\/v2\/product\/95320\/revisions"}],"predecessor-version":[{"id":119822,"href":"https:\/\/clair.si\/hr\/wp-json\/wp\/v2\/product\/95320\/revisions\/119822"}],"wp:featuredmedia":[{"embeddable":true,"href":"https:\/\/clair.si\/hr\/wp-json\/wp\/v2\/media\/95321"}],"wp:attachment":[{"href":"https:\/\/clair.si\/hr\/wp-json\/wp\/v2\/media?parent=95320"}],"wp:term":[{"taxonomy":"product_brand","embeddable":true,"href":"https:\/\/clair.si\/hr\/wp-json\/wp\/v2\/product_brand?post=95320"},{"taxonomy":"product_cat","embeddable":true,"href":"https:\/\/clair.si\/hr\/wp-json\/wp\/v2\/product_cat?post=95320"},{"taxonomy":"product_tag","embeddable":true,"href":"https:\/\/clair.si\/hr\/wp-json\/wp\/v2\/product_tag?post=95320"}],"curies":[{"name":"wp","href":"https:\/\/api.w.org\/{rel}","templated":true}]}}