{"id":95768,"date":"2024-05-13T10:22:12","date_gmt":"2024-05-13T08:22:12","guid":{"rendered":"https:\/\/clair.si\/izdelek\/likit-granola-poslastice\/"},"modified":"2025-08-27T15:33:38","modified_gmt":"2025-08-27T13:33:38","slug":"likit-granola-poslastice","status":"publish","type":"product","link":"https:\/\/clair.si\/hr\/izdelek\/likit-granola-poslastice\/","title":{"rendered":"Likit Granola poslastice"},"content":{"rendered":"<p><span class=\"Y2IQFc\" lang=\"sl\">Ovaj Likit punjen je slasnim <strong>cjelovitim \u017eitaricama<\/strong>, a njegova kao stijena <strong>tvrda struktura<\/strong> pobrinut \u0107e se da konji li\u017eu i li\u017eu. Novo pakiranje koje se lako otvara. Koristite s dr\u017ea\u010dem Likit Holder i Likit Boredom Breaker.  <\/span><\/p>\n","protected":false},"excerpt":{"rendered":"<p>Ovaj Likit punjen je slasnim cjelovitim \u017eitaricama, a njegova kao stijena tvrda struktura pobrinut \u0107e se da konji li\u017eu i<\/p>\n","protected":false},"featured_media":95783,"template":"","meta":{"footnotes":""},"product_brand":[],"product_cat":[5782,5710,5712],"product_tag":[],"class_list":{"0":"post-95768","1":"product","2":"type-product","3":"status-publish","4":"has-post-thumbnail","6":"product_cat-kolacici-i-kamenje-soli","7":"product_cat-hrana-za-konje-hr","8":"product_cat-prehrambeni-dodaci","10":"first","11":"outofstock","12":"shipping-taxable","13":"purchasable","14":"product-type-variable"},"yoast_head":"<!-- This site is optimized with the Yoast SEO plugin v27.4 - https:\/\/yoast.com\/product\/yoast-seo-wordpress\/ -->\n<title>Likit Granola poslastice - Clair<\/title>\n<meta name=\"description\" content=\"Likit Granola poslastica odli\u010dna je za skra\u0107ivanje vremena va\u0161em konju. Sadr\u017ei cjelovite \u017eitarice. Odaberite najdra\u017ei okus va\u0161eg \u010detverono\u017enog prijatelja.\" \/>\n<meta name=\"robots\" content=\"index, follow, max-snippet:-1, max-image-preview:large, max-video-preview:-1\" \/>\n<link rel=\"canonical\" href=\"https:\/\/clair.si\/hr\/izdelek\/likit-granola-poslastice\/\" \/>\n<meta property=\"og:locale\" content=\"hr_HR\" \/>\n<meta property=\"og:type\" content=\"article\" \/>\n<meta property=\"og:title\" content=\"Likit Granola poslastice - Clair\" \/>\n<meta property=\"og:description\" content=\"Likit Granola poslastica odli\u010dna je za skra\u0107ivanje vremena va\u0161em konju. Sadr\u017ei cjelovite \u017eitarice. Odaberite najdra\u017ei okus va\u0161eg \u010detverono\u017enog prijatelja.\" \/>\n<meta property=\"og:url\" content=\"https:\/\/clair.si\/hr\/izdelek\/likit-granola-poslastice\/\" \/>\n<meta property=\"og:site_name\" content=\"Clair\" \/>\n<meta property=\"article:publisher\" content=\"https:\/\/www.facebook.com\/TrgovinaClair\/\" \/>\n<meta property=\"article:modified_time\" content=\"2025-08-27T13:33:38+00:00\" \/>\n<meta property=\"og:image\" content=\"https:\/\/clair.si\/wp-content\/uploads\/2024\/05\/likit-granola-treats-jpg.webp\" \/>\n\t<meta property=\"og:image:width\" content=\"800\" \/>\n\t<meta property=\"og:image:height\" content=\"800\" \/>\n\t<meta property=\"og:image:type\" content=\"image\/jpeg\" \/>\n<meta name=\"twitter:card\" content=\"summary_large_image\" \/>\n<script type=\"application\/ld+json\" class=\"yoast-schema-graph\">{\"@context\":\"https:\\\/\\\/schema.org\",\"@graph\":[{\"@type\":\"WebPage\",\"@id\":\"https:\\\/\\\/clair.si\\\/hr\\\/izdelek\\\/likit-granola-poslastice\\\/\",\"url\":\"https:\\\/\\\/clair.si\\\/hr\\\/izdelek\\\/likit-granola-poslastice\\\/\",\"name\":\"Likit Granola poslastice - Clair\",\"isPartOf\":{\"@id\":\"https:\\\/\\\/clair.si\\\/#website\"},\"primaryImageOfPage\":{\"@id\":\"https:\\\/\\\/clair.si\\\/hr\\\/izdelek\\\/likit-granola-poslastice\\\/#primaryimage\"},\"image\":{\"@id\":\"https:\\\/\\\/clair.si\\\/hr\\\/izdelek\\\/likit-granola-poslastice\\\/#primaryimage\"},\"thumbnailUrl\":\"https:\\\/\\\/clair.si\\\/wp-content\\\/uploads\\\/2024\\\/05\\\/likit-granola-treats-jpg.webp\",\"datePublished\":\"2024-05-13T08:22:12+00:00\",\"dateModified\":\"2025-08-27T13:33:38+00:00\",\"description\":\"Likit Granola poslastica odli\u010dna je za skra\u0107ivanje vremena va\u0161em konju. Sadr\u017ei cjelovite \u017eitarice. Odaberite najdra\u017ei okus va\u0161eg \u010detverono\u017enog prijatelja.\",\"breadcrumb\":{\"@id\":\"https:\\\/\\\/clair.si\\\/hr\\\/izdelek\\\/likit-granola-poslastice\\\/#breadcrumb\"},\"inLanguage\":\"hr\",\"potentialAction\":[{\"@type\":\"ReadAction\",\"target\":[\"https:\\\/\\\/clair.si\\\/hr\\\/izdelek\\\/likit-granola-poslastice\\\/\"]}]},{\"@type\":\"ImageObject\",\"inLanguage\":\"hr\",\"@id\":\"https:\\\/\\\/clair.si\\\/hr\\\/izdelek\\\/likit-granola-poslastice\\\/#primaryimage\",\"url\":\"https:\\\/\\\/clair.si\\\/wp-content\\\/uploads\\\/2024\\\/05\\\/likit-granola-treats-jpg.webp\",\"contentUrl\":\"https:\\\/\\\/clair.si\\\/wp-content\\\/uploads\\\/2024\\\/05\\\/likit-granola-treats-jpg.webp\",\"width\":800,\"height\":800},{\"@type\":\"BreadcrumbList\",\"@id\":\"https:\\\/\\\/clair.si\\\/hr\\\/izdelek\\\/likit-granola-poslastice\\\/#breadcrumb\",\"itemListElement\":[{\"@type\":\"ListItem\",\"position\":1,\"name\":\"Home\",\"item\":\"https:\\\/\\\/clair.si\\\/hr\\\/\"},{\"@type\":\"ListItem\",\"position\":2,\"name\":\"Trgovina\",\"item\":\"https:\\\/\\\/clair.si\\\/trgovina\\\/\"},{\"@type\":\"ListItem\",\"position\":3,\"name\":\"Likit Granola poslastice\"}]},{\"@type\":\"WebSite\",\"@id\":\"https:\\\/\\\/clair.si\\\/#website\",\"url\":\"https:\\\/\\\/clair.si\\\/\",\"name\":\"Clair\",\"description\":\"Trgovina s konjeni\u0161ko opremo\",\"publisher\":{\"@id\":\"https:\\\/\\\/clair.si\\\/#organization\"},\"potentialAction\":[{\"@type\":\"SearchAction\",\"target\":{\"@type\":\"EntryPoint\",\"urlTemplate\":\"https:\\\/\\\/clair.si\\\/?s={search_term_string}\"},\"query-input\":{\"@type\":\"PropertyValueSpecification\",\"valueRequired\":true,\"valueName\":\"search_term_string\"}}],\"inLanguage\":\"hr\"},{\"@type\":\"Organization\",\"@id\":\"https:\\\/\\\/clair.si\\\/#organization\",\"name\":\"Clair\",\"url\":\"https:\\\/\\\/clair.si\\\/\",\"logo\":{\"@type\":\"ImageObject\",\"inLanguage\":\"hr\",\"@id\":\"https:\\\/\\\/clair.si\\\/#\\\/schema\\\/logo\\\/image\\\/\",\"url\":\"https:\\\/\\\/clair.si\\\/wp-content\\\/uploads\\\/2022\\\/11\\\/clair_logo_2022.jpg\",\"contentUrl\":\"https:\\\/\\\/clair.si\\\/wp-content\\\/uploads\\\/2022\\\/11\\\/clair_logo_2022.jpg\",\"width\":1920,\"height\":1920,\"caption\":\"Clair\"},\"image\":{\"@id\":\"https:\\\/\\\/clair.si\\\/#\\\/schema\\\/logo\\\/image\\\/\"},\"sameAs\":[\"https:\\\/\\\/www.facebook.com\\\/TrgovinaClair\\\/\"]}]}<\/script>\n<!-- \/ Yoast SEO plugin. -->","yoast_head_json":{"title":"Likit Granola poslastice - Clair","description":"Likit Granola poslastica odli\u010dna je za skra\u0107ivanje vremena va\u0161em konju. Sadr\u017ei cjelovite \u017eitarice. Odaberite najdra\u017ei okus va\u0161eg \u010detverono\u017enog prijatelja.","robots":{"index":"index","follow":"follow","max-snippet":"max-snippet:-1","max-image-preview":"max-image-preview:large","max-video-preview":"max-video-preview:-1"},"canonical":"https:\/\/clair.si\/hr\/izdelek\/likit-granola-poslastice\/","og_locale":"hr_HR","og_type":"article","og_title":"Likit Granola poslastice - Clair","og_description":"Likit Granola poslastica odli\u010dna je za skra\u0107ivanje vremena va\u0161em konju. Sadr\u017ei cjelovite \u017eitarice. Odaberite najdra\u017ei okus va\u0161eg \u010detverono\u017enog prijatelja.","og_url":"https:\/\/clair.si\/hr\/izdelek\/likit-granola-poslastice\/","og_site_name":"Clair","article_publisher":"https:\/\/www.facebook.com\/TrgovinaClair\/","article_modified_time":"2025-08-27T13:33:38+00:00","og_image":[{"width":800,"height":800,"url":"https:\/\/clair.si\/wp-content\/uploads\/2024\/05\/likit-granola-treats-jpg.webp","type":"image\/jpeg"}],"twitter_card":"summary_large_image","schema":{"@context":"https:\/\/schema.org","@graph":[{"@type":"WebPage","@id":"https:\/\/clair.si\/hr\/izdelek\/likit-granola-poslastice\/","url":"https:\/\/clair.si\/hr\/izdelek\/likit-granola-poslastice\/","name":"Likit Granola poslastice - Clair","isPartOf":{"@id":"https:\/\/clair.si\/#website"},"primaryImageOfPage":{"@id":"https:\/\/clair.si\/hr\/izdelek\/likit-granola-poslastice\/#primaryimage"},"image":{"@id":"https:\/\/clair.si\/hr\/izdelek\/likit-granola-poslastice\/#primaryimage"},"thumbnailUrl":"https:\/\/clair.si\/wp-content\/uploads\/2024\/05\/likit-granola-treats-jpg.webp","datePublished":"2024-05-13T08:22:12+00:00","dateModified":"2025-08-27T13:33:38+00:00","description":"Likit Granola poslastica odli\u010dna je za skra\u0107ivanje vremena va\u0161em konju. Sadr\u017ei cjelovite \u017eitarice. Odaberite najdra\u017ei okus va\u0161eg \u010detverono\u017enog prijatelja.","breadcrumb":{"@id":"https:\/\/clair.si\/hr\/izdelek\/likit-granola-poslastice\/#breadcrumb"},"inLanguage":"hr","potentialAction":[{"@type":"ReadAction","target":["https:\/\/clair.si\/hr\/izdelek\/likit-granola-poslastice\/"]}]},{"@type":"ImageObject","inLanguage":"hr","@id":"https:\/\/clair.si\/hr\/izdelek\/likit-granola-poslastice\/#primaryimage","url":"https:\/\/clair.si\/wp-content\/uploads\/2024\/05\/likit-granola-treats-jpg.webp","contentUrl":"https:\/\/clair.si\/wp-content\/uploads\/2024\/05\/likit-granola-treats-jpg.webp","width":800,"height":800},{"@type":"BreadcrumbList","@id":"https:\/\/clair.si\/hr\/izdelek\/likit-granola-poslastice\/#breadcrumb","itemListElement":[{"@type":"ListItem","position":1,"name":"Home","item":"https:\/\/clair.si\/hr\/"},{"@type":"ListItem","position":2,"name":"Trgovina","item":"https:\/\/clair.si\/trgovina\/"},{"@type":"ListItem","position":3,"name":"Likit Granola poslastice"}]},{"@type":"WebSite","@id":"https:\/\/clair.si\/#website","url":"https:\/\/clair.si\/","name":"Clair","description":"Trgovina s konjeni\u0161ko opremo","publisher":{"@id":"https:\/\/clair.si\/#organization"},"potentialAction":[{"@type":"SearchAction","target":{"@type":"EntryPoint","urlTemplate":"https:\/\/clair.si\/?s={search_term_string}"},"query-input":{"@type":"PropertyValueSpecification","valueRequired":true,"valueName":"search_term_string"}}],"inLanguage":"hr"},{"@type":"Organization","@id":"https:\/\/clair.si\/#organization","name":"Clair","url":"https:\/\/clair.si\/","logo":{"@type":"ImageObject","inLanguage":"hr","@id":"https:\/\/clair.si\/#\/schema\/logo\/image\/","url":"https:\/\/clair.si\/wp-content\/uploads\/2022\/11\/clair_logo_2022.jpg","contentUrl":"https:\/\/clair.si\/wp-content\/uploads\/2022\/11\/clair_logo_2022.jpg","width":1920,"height":1920,"caption":"Clair"},"image":{"@id":"https:\/\/clair.si\/#\/schema\/logo\/image\/"},"sameAs":["https:\/\/www.facebook.com\/TrgovinaClair\/"]}]}},"_links":{"self":[{"href":"https:\/\/clair.si\/hr\/wp-json\/wp\/v2\/product\/95768","targetHints":{"allow":["GET"]}}],"collection":[{"href":"https:\/\/clair.si\/hr\/wp-json\/wp\/v2\/product"}],"about":[{"href":"https:\/\/clair.si\/hr\/wp-json\/wp\/v2\/types\/product"}],"version-history":[{"count":0,"href":"https:\/\/clair.si\/hr\/wp-json\/wp\/v2\/product\/95768\/revisions"}],"wp:featuredmedia":[{"embeddable":true,"href":"https:\/\/clair.si\/hr\/wp-json\/wp\/v2\/media\/95783"}],"wp:attachment":[{"href":"https:\/\/clair.si\/hr\/wp-json\/wp\/v2\/media?parent=95768"}],"wp:term":[{"taxonomy":"product_brand","embeddable":true,"href":"https:\/\/clair.si\/hr\/wp-json\/wp\/v2\/product_brand?post=95768"},{"taxonomy":"product_cat","embeddable":true,"href":"https:\/\/clair.si\/hr\/wp-json\/wp\/v2\/product_cat?post=95768"},{"taxonomy":"product_tag","embeddable":true,"href":"https:\/\/clair.si\/hr\/wp-json\/wp\/v2\/product_tag?post=95768"}],"curies":[{"name":"wp","href":"https:\/\/api.w.org\/{rel}","templated":true}]}}