{"id":95875,"date":"2024-05-07T08:22:19","date_gmt":"2024-05-07T06:22:19","guid":{"rendered":"https:\/\/clair.si\/izdelek\/stitnici-za-straznje-noge-lami-cell-elite-high\/"},"modified":"2025-08-28T07:41:31","modified_gmt":"2025-08-28T05:41:31","slug":"stitnici-za-straznje-noge-lami-cell-elite-high","status":"publish","type":"product","link":"https:\/\/clair.si\/hr\/izdelek\/stitnici-za-straznje-noge-lami-cell-elite-high\/","title":{"rendered":"\u0160titnici za stra\u017enje noge Lami-Cell Elite High"},"content":{"rendered":"<p><span class=\"Y2IQFc\" lang=\"sl\">\u0160titnici za stra\u017enje noge Lami-Cell Elite, plasti\u010dna &#8220;\u0161koljka&#8221; s neoprenskom podlogom. Dobro prianjanje oko zgloba, pru\u017ea za\u0161titu od udaraca. Kop\u010danje elasti\u010dnim remen\u010di\u0107ima.  <\/span><\/p>\n","protected":false},"excerpt":{"rendered":"<p>\u0160titnici za stra\u017enje noge Lami-Cell Elite, plasti\u010dna &#8220;\u0161koljka&#8221; s neoprenskom podlogom. Dobro prianjanje oko zgloba, pru\u017ea za\u0161titu od udaraca. Kop\u010danje<\/p>\n","protected":false},"featured_media":95877,"template":"","meta":{"footnotes":""},"product_brand":[],"product_cat":[5624,6492,5898,5773],"product_tag":[],"class_list":{"0":"post-95875","1":"product","2":"type-product","3":"status-publish","4":"has-post-thumbnail","6":"product_cat-konj-hr","7":"product_cat-lami-cell-come-best-hr","8":"product_cat-stitnici","9":"product_cat-zastitnici-i-bandaze","11":"first","12":"instock","13":"sale","14":"shipping-taxable","15":"purchasable","16":"product-type-variable"},"yoast_head":"<!-- This site is optimized with the Yoast SEO plugin v27.4 - https:\/\/yoast.com\/product\/yoast-seo-wordpress\/ -->\n<title>\u0160titnici za stra\u017enje noge Lami-Cell Elite High - Clair<\/title>\n<meta name=\"description\" content=\"Za\u0161titite noge svog konja od udaraca i odaberite svoje Lami-Cell \u0161titnike u na\u0161oj web trgovini. Veliki izbor i super cijene.\" \/>\n<meta name=\"robots\" content=\"index, follow, max-snippet:-1, max-image-preview:large, max-video-preview:-1\" \/>\n<link rel=\"canonical\" href=\"https:\/\/clair.si\/hr\/izdelek\/stitnici-za-straznje-noge-lami-cell-elite-high\/\" \/>\n<meta property=\"og:locale\" content=\"hr_HR\" \/>\n<meta property=\"og:type\" content=\"article\" \/>\n<meta property=\"og:title\" content=\"\u0160titnici za stra\u017enje noge Lami-Cell Elite High - Clair\" \/>\n<meta property=\"og:description\" content=\"Za\u0161titite noge svog konja od udaraca i odaberite svoje Lami-Cell \u0161titnike u na\u0161oj web trgovini. Veliki izbor i super cijene.\" \/>\n<meta property=\"og:url\" content=\"https:\/\/clair.si\/hr\/izdelek\/stitnici-za-straznje-noge-lami-cell-elite-high\/\" \/>\n<meta property=\"og:site_name\" content=\"Clair\" \/>\n<meta property=\"article:publisher\" content=\"https:\/\/www.facebook.com\/TrgovinaClair\/\" \/>\n<meta property=\"article:modified_time\" content=\"2025-08-28T05:41:31+00:00\" \/>\n<meta property=\"og:image\" content=\"https:\/\/clair.si\/wp-content\/uploads\/2024\/05\/lami-cell-elite-high-fetlock-boots-scitniki-zadnji-jpg.webp\" \/>\n\t<meta property=\"og:image:width\" content=\"458\" \/>\n\t<meta property=\"og:image:height\" content=\"458\" \/>\n\t<meta property=\"og:image:type\" content=\"image\/jpeg\" \/>\n<meta name=\"twitter:card\" content=\"summary_large_image\" \/>\n<script type=\"application\/ld+json\" class=\"yoast-schema-graph\">{\"@context\":\"https:\\\/\\\/schema.org\",\"@graph\":[{\"@type\":\"WebPage\",\"@id\":\"https:\\\/\\\/clair.si\\\/hr\\\/izdelek\\\/stitnici-za-straznje-noge-lami-cell-elite-high\\\/\",\"url\":\"https:\\\/\\\/clair.si\\\/hr\\\/izdelek\\\/stitnici-za-straznje-noge-lami-cell-elite-high\\\/\",\"name\":\"\u0160titnici za stra\u017enje noge Lami-Cell Elite High - Clair\",\"isPartOf\":{\"@id\":\"https:\\\/\\\/clair.si\\\/#website\"},\"primaryImageOfPage\":{\"@id\":\"https:\\\/\\\/clair.si\\\/hr\\\/izdelek\\\/stitnici-za-straznje-noge-lami-cell-elite-high\\\/#primaryimage\"},\"image\":{\"@id\":\"https:\\\/\\\/clair.si\\\/hr\\\/izdelek\\\/stitnici-za-straznje-noge-lami-cell-elite-high\\\/#primaryimage\"},\"thumbnailUrl\":\"https:\\\/\\\/clair.si\\\/wp-content\\\/uploads\\\/2024\\\/05\\\/lami-cell-elite-high-fetlock-boots-scitniki-zadnji-jpg.webp\",\"datePublished\":\"2024-05-07T06:22:19+00:00\",\"dateModified\":\"2025-08-28T05:41:31+00:00\",\"description\":\"Za\u0161titite noge svog konja od udaraca i odaberite svoje Lami-Cell \u0161titnike u na\u0161oj web trgovini. Veliki izbor i super cijene.\",\"breadcrumb\":{\"@id\":\"https:\\\/\\\/clair.si\\\/hr\\\/izdelek\\\/stitnici-za-straznje-noge-lami-cell-elite-high\\\/#breadcrumb\"},\"inLanguage\":\"hr\",\"potentialAction\":[{\"@type\":\"ReadAction\",\"target\":[\"https:\\\/\\\/clair.si\\\/hr\\\/izdelek\\\/stitnici-za-straznje-noge-lami-cell-elite-high\\\/\"]}]},{\"@type\":\"ImageObject\",\"inLanguage\":\"hr\",\"@id\":\"https:\\\/\\\/clair.si\\\/hr\\\/izdelek\\\/stitnici-za-straznje-noge-lami-cell-elite-high\\\/#primaryimage\",\"url\":\"https:\\\/\\\/clair.si\\\/wp-content\\\/uploads\\\/2024\\\/05\\\/lami-cell-elite-high-fetlock-boots-scitniki-zadnji-jpg.webp\",\"contentUrl\":\"https:\\\/\\\/clair.si\\\/wp-content\\\/uploads\\\/2024\\\/05\\\/lami-cell-elite-high-fetlock-boots-scitniki-zadnji-jpg.webp\",\"width\":458,\"height\":458},{\"@type\":\"BreadcrumbList\",\"@id\":\"https:\\\/\\\/clair.si\\\/hr\\\/izdelek\\\/stitnici-za-straznje-noge-lami-cell-elite-high\\\/#breadcrumb\",\"itemListElement\":[{\"@type\":\"ListItem\",\"position\":1,\"name\":\"Home\",\"item\":\"https:\\\/\\\/clair.si\\\/hr\\\/\"},{\"@type\":\"ListItem\",\"position\":2,\"name\":\"Trgovina\",\"item\":\"https:\\\/\\\/clair.si\\\/trgovina\\\/\"},{\"@type\":\"ListItem\",\"position\":3,\"name\":\"\u0160titnici za stra\u017enje noge Lami-Cell Elite High\"}]},{\"@type\":\"WebSite\",\"@id\":\"https:\\\/\\\/clair.si\\\/#website\",\"url\":\"https:\\\/\\\/clair.si\\\/\",\"name\":\"Clair\",\"description\":\"Trgovina s konjeni\u0161ko opremo\",\"publisher\":{\"@id\":\"https:\\\/\\\/clair.si\\\/#organization\"},\"potentialAction\":[{\"@type\":\"SearchAction\",\"target\":{\"@type\":\"EntryPoint\",\"urlTemplate\":\"https:\\\/\\\/clair.si\\\/?s={search_term_string}\"},\"query-input\":{\"@type\":\"PropertyValueSpecification\",\"valueRequired\":true,\"valueName\":\"search_term_string\"}}],\"inLanguage\":\"hr\"},{\"@type\":\"Organization\",\"@id\":\"https:\\\/\\\/clair.si\\\/#organization\",\"name\":\"Clair\",\"url\":\"https:\\\/\\\/clair.si\\\/\",\"logo\":{\"@type\":\"ImageObject\",\"inLanguage\":\"hr\",\"@id\":\"https:\\\/\\\/clair.si\\\/#\\\/schema\\\/logo\\\/image\\\/\",\"url\":\"https:\\\/\\\/clair.si\\\/wp-content\\\/uploads\\\/2022\\\/11\\\/clair_logo_2022.jpg\",\"contentUrl\":\"https:\\\/\\\/clair.si\\\/wp-content\\\/uploads\\\/2022\\\/11\\\/clair_logo_2022.jpg\",\"width\":1920,\"height\":1920,\"caption\":\"Clair\"},\"image\":{\"@id\":\"https:\\\/\\\/clair.si\\\/#\\\/schema\\\/logo\\\/image\\\/\"},\"sameAs\":[\"https:\\\/\\\/www.facebook.com\\\/TrgovinaClair\\\/\"]}]}<\/script>\n<!-- \/ Yoast SEO plugin. -->","yoast_head_json":{"title":"\u0160titnici za stra\u017enje noge Lami-Cell Elite High - Clair","description":"Za\u0161titite noge svog konja od udaraca i odaberite svoje Lami-Cell \u0161titnike u na\u0161oj web trgovini. Veliki izbor i super cijene.","robots":{"index":"index","follow":"follow","max-snippet":"max-snippet:-1","max-image-preview":"max-image-preview:large","max-video-preview":"max-video-preview:-1"},"canonical":"https:\/\/clair.si\/hr\/izdelek\/stitnici-za-straznje-noge-lami-cell-elite-high\/","og_locale":"hr_HR","og_type":"article","og_title":"\u0160titnici za stra\u017enje noge Lami-Cell Elite High - Clair","og_description":"Za\u0161titite noge svog konja od udaraca i odaberite svoje Lami-Cell \u0161titnike u na\u0161oj web trgovini. Veliki izbor i super cijene.","og_url":"https:\/\/clair.si\/hr\/izdelek\/stitnici-za-straznje-noge-lami-cell-elite-high\/","og_site_name":"Clair","article_publisher":"https:\/\/www.facebook.com\/TrgovinaClair\/","article_modified_time":"2025-08-28T05:41:31+00:00","og_image":[{"width":458,"height":458,"url":"https:\/\/clair.si\/wp-content\/uploads\/2024\/05\/lami-cell-elite-high-fetlock-boots-scitniki-zadnji-jpg.webp","type":"image\/jpeg"}],"twitter_card":"summary_large_image","schema":{"@context":"https:\/\/schema.org","@graph":[{"@type":"WebPage","@id":"https:\/\/clair.si\/hr\/izdelek\/stitnici-za-straznje-noge-lami-cell-elite-high\/","url":"https:\/\/clair.si\/hr\/izdelek\/stitnici-za-straznje-noge-lami-cell-elite-high\/","name":"\u0160titnici za stra\u017enje noge Lami-Cell Elite High - Clair","isPartOf":{"@id":"https:\/\/clair.si\/#website"},"primaryImageOfPage":{"@id":"https:\/\/clair.si\/hr\/izdelek\/stitnici-za-straznje-noge-lami-cell-elite-high\/#primaryimage"},"image":{"@id":"https:\/\/clair.si\/hr\/izdelek\/stitnici-za-straznje-noge-lami-cell-elite-high\/#primaryimage"},"thumbnailUrl":"https:\/\/clair.si\/wp-content\/uploads\/2024\/05\/lami-cell-elite-high-fetlock-boots-scitniki-zadnji-jpg.webp","datePublished":"2024-05-07T06:22:19+00:00","dateModified":"2025-08-28T05:41:31+00:00","description":"Za\u0161titite noge svog konja od udaraca i odaberite svoje Lami-Cell \u0161titnike u na\u0161oj web trgovini. Veliki izbor i super cijene.","breadcrumb":{"@id":"https:\/\/clair.si\/hr\/izdelek\/stitnici-za-straznje-noge-lami-cell-elite-high\/#breadcrumb"},"inLanguage":"hr","potentialAction":[{"@type":"ReadAction","target":["https:\/\/clair.si\/hr\/izdelek\/stitnici-za-straznje-noge-lami-cell-elite-high\/"]}]},{"@type":"ImageObject","inLanguage":"hr","@id":"https:\/\/clair.si\/hr\/izdelek\/stitnici-za-straznje-noge-lami-cell-elite-high\/#primaryimage","url":"https:\/\/clair.si\/wp-content\/uploads\/2024\/05\/lami-cell-elite-high-fetlock-boots-scitniki-zadnji-jpg.webp","contentUrl":"https:\/\/clair.si\/wp-content\/uploads\/2024\/05\/lami-cell-elite-high-fetlock-boots-scitniki-zadnji-jpg.webp","width":458,"height":458},{"@type":"BreadcrumbList","@id":"https:\/\/clair.si\/hr\/izdelek\/stitnici-za-straznje-noge-lami-cell-elite-high\/#breadcrumb","itemListElement":[{"@type":"ListItem","position":1,"name":"Home","item":"https:\/\/clair.si\/hr\/"},{"@type":"ListItem","position":2,"name":"Trgovina","item":"https:\/\/clair.si\/trgovina\/"},{"@type":"ListItem","position":3,"name":"\u0160titnici za stra\u017enje noge Lami-Cell Elite High"}]},{"@type":"WebSite","@id":"https:\/\/clair.si\/#website","url":"https:\/\/clair.si\/","name":"Clair","description":"Trgovina s konjeni\u0161ko opremo","publisher":{"@id":"https:\/\/clair.si\/#organization"},"potentialAction":[{"@type":"SearchAction","target":{"@type":"EntryPoint","urlTemplate":"https:\/\/clair.si\/?s={search_term_string}"},"query-input":{"@type":"PropertyValueSpecification","valueRequired":true,"valueName":"search_term_string"}}],"inLanguage":"hr"},{"@type":"Organization","@id":"https:\/\/clair.si\/#organization","name":"Clair","url":"https:\/\/clair.si\/","logo":{"@type":"ImageObject","inLanguage":"hr","@id":"https:\/\/clair.si\/#\/schema\/logo\/image\/","url":"https:\/\/clair.si\/wp-content\/uploads\/2022\/11\/clair_logo_2022.jpg","contentUrl":"https:\/\/clair.si\/wp-content\/uploads\/2022\/11\/clair_logo_2022.jpg","width":1920,"height":1920,"caption":"Clair"},"image":{"@id":"https:\/\/clair.si\/#\/schema\/logo\/image\/"},"sameAs":["https:\/\/www.facebook.com\/TrgovinaClair\/"]}]}},"_links":{"self":[{"href":"https:\/\/clair.si\/hr\/wp-json\/wp\/v2\/product\/95875","targetHints":{"allow":["GET"]}}],"collection":[{"href":"https:\/\/clair.si\/hr\/wp-json\/wp\/v2\/product"}],"about":[{"href":"https:\/\/clair.si\/hr\/wp-json\/wp\/v2\/types\/product"}],"version-history":[{"count":0,"href":"https:\/\/clair.si\/hr\/wp-json\/wp\/v2\/product\/95875\/revisions"}],"wp:featuredmedia":[{"embeddable":true,"href":"https:\/\/clair.si\/hr\/wp-json\/wp\/v2\/media\/95877"}],"wp:attachment":[{"href":"https:\/\/clair.si\/hr\/wp-json\/wp\/v2\/media?parent=95875"}],"wp:term":[{"taxonomy":"product_brand","embeddable":true,"href":"https:\/\/clair.si\/hr\/wp-json\/wp\/v2\/product_brand?post=95875"},{"taxonomy":"product_cat","embeddable":true,"href":"https:\/\/clair.si\/hr\/wp-json\/wp\/v2\/product_cat?post=95875"},{"taxonomy":"product_tag","embeddable":true,"href":"https:\/\/clair.si\/hr\/wp-json\/wp\/v2\/product_tag?post=95875"}],"curies":[{"name":"wp","href":"https:\/\/api.w.org\/{rel}","templated":true}]}}