{"id":96087,"date":"2024-04-05T10:21:21","date_gmt":"2024-04-05T08:21:21","guid":{"rendered":"https:\/\/clair.si\/izdelek\/djecje-jahace-rukavice-roeckl-koppl\/"},"modified":"2025-08-27T17:51:40","modified_gmt":"2025-08-27T15:51:40","slug":"djecje-jahace-rukavice-roeckl-koppl","status":"publish","type":"product","link":"https:\/\/clair.si\/hr\/izdelek\/djecje-jahace-rukavice-roeckl-koppl\/","title":{"rendered":"Dje\u010dje jaha\u0107e rukavice Roeckl Koppl"},"content":{"rendered":"<p><span class=\"Y2IQFc\" lang=\"sl\">Jaha\u0107e rukavice su savr\u0161ene rukavice za mlade jaha\u010de. <strong>Raspberry Rose s jednorozima<\/strong> ili <strong>crna s uzorkom potkove<\/strong>, svaki mladi jaha\u010d \u0107e prona\u0107i savr\u0161en dizajn za sebe. Robustan i ugodno mekan sinteti\u010dki materijal DURADERO na dlanu je <strong>rastezljiv<\/strong> i <strong>osigurava slobodu kretanja<\/strong>, <strong>osjetljivost i pouzdan protuklizni oprijem uzde<\/strong>. Stra\u017enji dio je opremljen posebnom rastezljivom <strong>elasti\u010dnom tkaninom<\/strong>, koja osigurava ugodnu <strong>udobnost no\u0161enja<\/strong>. Kop\u010danje na \u010di\u010dak \u010dvrsto pri\u010dvr\u0161\u0107uje rukavicu oko zape\u0161\u0107a. Pametne funkcije za jo\u0161 vi\u0161e zabave s konjem: logotip ruke Roeckl Sports na palcu ravne, stisnute \u0161ake kao vizualni znak za provjeru dr\u017ee li mali\u0161ani pravilno uzde s palcem na vrhu. Ako vidite logotip Roeckl Sports, va\u0161a je ruka u pravilnom polo\u017eaju. Prilago\u0111avanje, funkcionalnost i vizualni dizajn, razvijeni za potrebe i \u017eelje mladih jaha\u010da \u2013 \u010dini jahanje jo\u0161 zabavnijim! KOPPL je dostupan od veli\u010dine 3 i periv u perilici rublja na 30 \u00b0C. Ne sadr\u017ei ko\u017eu.       <\/span><\/p>\n<p>&nbsp;<\/p>\n<p>Sastav: 90 % poliester; 10 % elastan; dlan: 100 % poliamid.<\/p>\n","protected":false},"excerpt":{"rendered":"<p>Jaha\u0107e rukavice su savr\u0161ene rukavice za mlade jaha\u010de. Raspberry Rose s jednorozima ili crna s uzorkom potkove, svaki mladi jaha\u010d<\/p>\n","protected":false},"featured_media":106626,"template":"","meta":{"footnotes":""},"product_brand":[],"product_cat":[5845,5654,5738,5670,5737],"product_tag":[],"class_list":{"0":"post-96087","1":"product","2":"type-product","3":"status-publish","4":"has-post-thumbnail","6":"product_cat-djeca","7":"product_cat-jahac-hr","8":"product_cat-ljetne-rukavice","9":"product_cat-natjecanja","10":"product_cat-rukavice","12":"first","13":"instock","14":"sale","15":"shipping-taxable","16":"purchasable","17":"product-type-variable"},"yoast_head":"<!-- This site is optimized with the Yoast SEO plugin v27.4 - https:\/\/yoast.com\/product\/yoast-seo-wordpress\/ -->\n<title>Dje\u010dje jaha\u0107e rukavice Roeckl Koppl - Clair<\/title>\n<meta name=\"description\" content=\"Dje\u010dje jaha\u0107e rukavice Roeckl Koppl u prekrasnim bojama koje \u0107e odu\u0161eviti va\u0161u djecu. Neka izaberu svoje u na\u0161oj web trgovini.\" \/>\n<meta name=\"robots\" content=\"index, follow, max-snippet:-1, max-image-preview:large, max-video-preview:-1\" \/>\n<link rel=\"canonical\" href=\"https:\/\/clair.si\/hr\/izdelek\/djecje-jahace-rukavice-roeckl-koppl\/\" \/>\n<meta property=\"og:locale\" content=\"hr_HR\" \/>\n<meta property=\"og:type\" content=\"article\" \/>\n<meta property=\"og:title\" content=\"Dje\u010dje jaha\u0107e rukavice Roeckl Koppl - Clair\" \/>\n<meta property=\"og:description\" content=\"Dje\u010dje jaha\u0107e rukavice Roeckl Koppl u prekrasnim bojama koje \u0107e odu\u0161eviti va\u0161u djecu. Neka izaberu svoje u na\u0161oj web trgovini.\" \/>\n<meta property=\"og:url\" content=\"https:\/\/clair.si\/hr\/izdelek\/djecje-jahace-rukavice-roeckl-koppl\/\" \/>\n<meta property=\"og:site_name\" content=\"Clair\" \/>\n<meta property=\"article:publisher\" content=\"https:\/\/www.facebook.com\/TrgovinaClair\/\" \/>\n<meta property=\"article:modified_time\" content=\"2025-08-27T15:51:40+00:00\" \/>\n<meta property=\"og:image\" content=\"https:\/\/clair.si\/wp-content\/uploads\/2024\/04\/roeckl-01-310025-4220_koppl-6f34b3_555x555-jpg.webp\" \/>\n\t<meta property=\"og:image:width\" content=\"800\" \/>\n\t<meta property=\"og:image:height\" content=\"800\" \/>\n\t<meta property=\"og:image:type\" content=\"image\/jpeg\" \/>\n<meta name=\"twitter:card\" content=\"summary_large_image\" \/>\n<meta name=\"twitter:label1\" content=\"Procijenjeno vrijeme \u010ditanja\" \/>\n\t<meta name=\"twitter:data1\" content=\"1 minuta\" \/>\n<script type=\"application\/ld+json\" class=\"yoast-schema-graph\">{\"@context\":\"https:\\\/\\\/schema.org\",\"@graph\":[{\"@type\":\"WebPage\",\"@id\":\"https:\\\/\\\/clair.si\\\/hr\\\/izdelek\\\/djecje-jahace-rukavice-roeckl-koppl\\\/\",\"url\":\"https:\\\/\\\/clair.si\\\/hr\\\/izdelek\\\/djecje-jahace-rukavice-roeckl-koppl\\\/\",\"name\":\"Dje\u010dje jaha\u0107e rukavice Roeckl Koppl - Clair\",\"isPartOf\":{\"@id\":\"https:\\\/\\\/clair.si\\\/#website\"},\"primaryImageOfPage\":{\"@id\":\"https:\\\/\\\/clair.si\\\/hr\\\/izdelek\\\/djecje-jahace-rukavice-roeckl-koppl\\\/#primaryimage\"},\"image\":{\"@id\":\"https:\\\/\\\/clair.si\\\/hr\\\/izdelek\\\/djecje-jahace-rukavice-roeckl-koppl\\\/#primaryimage\"},\"thumbnailUrl\":\"https:\\\/\\\/clair.si\\\/wp-content\\\/uploads\\\/2024\\\/04\\\/roeckl-01-310025-4220_koppl-6f34b3_555x555-jpg.webp\",\"datePublished\":\"2024-04-05T08:21:21+00:00\",\"dateModified\":\"2025-08-27T15:51:40+00:00\",\"description\":\"Dje\u010dje jaha\u0107e rukavice Roeckl Koppl u prekrasnim bojama koje \u0107e odu\u0161eviti va\u0161u djecu. Neka izaberu svoje u na\u0161oj web trgovini.\",\"breadcrumb\":{\"@id\":\"https:\\\/\\\/clair.si\\\/hr\\\/izdelek\\\/djecje-jahace-rukavice-roeckl-koppl\\\/#breadcrumb\"},\"inLanguage\":\"hr\",\"potentialAction\":[{\"@type\":\"ReadAction\",\"target\":[\"https:\\\/\\\/clair.si\\\/hr\\\/izdelek\\\/djecje-jahace-rukavice-roeckl-koppl\\\/\"]}]},{\"@type\":\"ImageObject\",\"inLanguage\":\"hr\",\"@id\":\"https:\\\/\\\/clair.si\\\/hr\\\/izdelek\\\/djecje-jahace-rukavice-roeckl-koppl\\\/#primaryimage\",\"url\":\"https:\\\/\\\/clair.si\\\/wp-content\\\/uploads\\\/2024\\\/04\\\/roeckl-01-310025-4220_koppl-6f34b3_555x555-jpg.webp\",\"contentUrl\":\"https:\\\/\\\/clair.si\\\/wp-content\\\/uploads\\\/2024\\\/04\\\/roeckl-01-310025-4220_koppl-6f34b3_555x555-jpg.webp\",\"width\":800,\"height\":800},{\"@type\":\"BreadcrumbList\",\"@id\":\"https:\\\/\\\/clair.si\\\/hr\\\/izdelek\\\/djecje-jahace-rukavice-roeckl-koppl\\\/#breadcrumb\",\"itemListElement\":[{\"@type\":\"ListItem\",\"position\":1,\"name\":\"Home\",\"item\":\"https:\\\/\\\/clair.si\\\/hr\\\/\"},{\"@type\":\"ListItem\",\"position\":2,\"name\":\"Trgovina\",\"item\":\"https:\\\/\\\/clair.si\\\/trgovina\\\/\"},{\"@type\":\"ListItem\",\"position\":3,\"name\":\"Dje\u010dje jaha\u0107e rukavice Roeckl Koppl\"}]},{\"@type\":\"WebSite\",\"@id\":\"https:\\\/\\\/clair.si\\\/#website\",\"url\":\"https:\\\/\\\/clair.si\\\/\",\"name\":\"Clair\",\"description\":\"Trgovina s konjeni\u0161ko opremo\",\"publisher\":{\"@id\":\"https:\\\/\\\/clair.si\\\/#organization\"},\"potentialAction\":[{\"@type\":\"SearchAction\",\"target\":{\"@type\":\"EntryPoint\",\"urlTemplate\":\"https:\\\/\\\/clair.si\\\/?s={search_term_string}\"},\"query-input\":{\"@type\":\"PropertyValueSpecification\",\"valueRequired\":true,\"valueName\":\"search_term_string\"}}],\"inLanguage\":\"hr\"},{\"@type\":\"Organization\",\"@id\":\"https:\\\/\\\/clair.si\\\/#organization\",\"name\":\"Clair\",\"url\":\"https:\\\/\\\/clair.si\\\/\",\"logo\":{\"@type\":\"ImageObject\",\"inLanguage\":\"hr\",\"@id\":\"https:\\\/\\\/clair.si\\\/#\\\/schema\\\/logo\\\/image\\\/\",\"url\":\"https:\\\/\\\/clair.si\\\/wp-content\\\/uploads\\\/2022\\\/11\\\/clair_logo_2022.jpg\",\"contentUrl\":\"https:\\\/\\\/clair.si\\\/wp-content\\\/uploads\\\/2022\\\/11\\\/clair_logo_2022.jpg\",\"width\":1920,\"height\":1920,\"caption\":\"Clair\"},\"image\":{\"@id\":\"https:\\\/\\\/clair.si\\\/#\\\/schema\\\/logo\\\/image\\\/\"},\"sameAs\":[\"https:\\\/\\\/www.facebook.com\\\/TrgovinaClair\\\/\"]}]}<\/script>\n<!-- \/ Yoast SEO plugin. -->","yoast_head_json":{"title":"Dje\u010dje jaha\u0107e rukavice Roeckl Koppl - Clair","description":"Dje\u010dje jaha\u0107e rukavice Roeckl Koppl u prekrasnim bojama koje \u0107e odu\u0161eviti va\u0161u djecu. Neka izaberu svoje u na\u0161oj web trgovini.","robots":{"index":"index","follow":"follow","max-snippet":"max-snippet:-1","max-image-preview":"max-image-preview:large","max-video-preview":"max-video-preview:-1"},"canonical":"https:\/\/clair.si\/hr\/izdelek\/djecje-jahace-rukavice-roeckl-koppl\/","og_locale":"hr_HR","og_type":"article","og_title":"Dje\u010dje jaha\u0107e rukavice Roeckl Koppl - Clair","og_description":"Dje\u010dje jaha\u0107e rukavice Roeckl Koppl u prekrasnim bojama koje \u0107e odu\u0161eviti va\u0161u djecu. Neka izaberu svoje u na\u0161oj web trgovini.","og_url":"https:\/\/clair.si\/hr\/izdelek\/djecje-jahace-rukavice-roeckl-koppl\/","og_site_name":"Clair","article_publisher":"https:\/\/www.facebook.com\/TrgovinaClair\/","article_modified_time":"2025-08-27T15:51:40+00:00","og_image":[{"width":800,"height":800,"url":"https:\/\/clair.si\/wp-content\/uploads\/2024\/04\/roeckl-01-310025-4220_koppl-6f34b3_555x555-jpg.webp","type":"image\/jpeg"}],"twitter_card":"summary_large_image","twitter_misc":{"Procijenjeno vrijeme \u010ditanja":"1 minuta"},"schema":{"@context":"https:\/\/schema.org","@graph":[{"@type":"WebPage","@id":"https:\/\/clair.si\/hr\/izdelek\/djecje-jahace-rukavice-roeckl-koppl\/","url":"https:\/\/clair.si\/hr\/izdelek\/djecje-jahace-rukavice-roeckl-koppl\/","name":"Dje\u010dje jaha\u0107e rukavice Roeckl Koppl - Clair","isPartOf":{"@id":"https:\/\/clair.si\/#website"},"primaryImageOfPage":{"@id":"https:\/\/clair.si\/hr\/izdelek\/djecje-jahace-rukavice-roeckl-koppl\/#primaryimage"},"image":{"@id":"https:\/\/clair.si\/hr\/izdelek\/djecje-jahace-rukavice-roeckl-koppl\/#primaryimage"},"thumbnailUrl":"https:\/\/clair.si\/wp-content\/uploads\/2024\/04\/roeckl-01-310025-4220_koppl-6f34b3_555x555-jpg.webp","datePublished":"2024-04-05T08:21:21+00:00","dateModified":"2025-08-27T15:51:40+00:00","description":"Dje\u010dje jaha\u0107e rukavice Roeckl Koppl u prekrasnim bojama koje \u0107e odu\u0161eviti va\u0161u djecu. Neka izaberu svoje u na\u0161oj web trgovini.","breadcrumb":{"@id":"https:\/\/clair.si\/hr\/izdelek\/djecje-jahace-rukavice-roeckl-koppl\/#breadcrumb"},"inLanguage":"hr","potentialAction":[{"@type":"ReadAction","target":["https:\/\/clair.si\/hr\/izdelek\/djecje-jahace-rukavice-roeckl-koppl\/"]}]},{"@type":"ImageObject","inLanguage":"hr","@id":"https:\/\/clair.si\/hr\/izdelek\/djecje-jahace-rukavice-roeckl-koppl\/#primaryimage","url":"https:\/\/clair.si\/wp-content\/uploads\/2024\/04\/roeckl-01-310025-4220_koppl-6f34b3_555x555-jpg.webp","contentUrl":"https:\/\/clair.si\/wp-content\/uploads\/2024\/04\/roeckl-01-310025-4220_koppl-6f34b3_555x555-jpg.webp","width":800,"height":800},{"@type":"BreadcrumbList","@id":"https:\/\/clair.si\/hr\/izdelek\/djecje-jahace-rukavice-roeckl-koppl\/#breadcrumb","itemListElement":[{"@type":"ListItem","position":1,"name":"Home","item":"https:\/\/clair.si\/hr\/"},{"@type":"ListItem","position":2,"name":"Trgovina","item":"https:\/\/clair.si\/trgovina\/"},{"@type":"ListItem","position":3,"name":"Dje\u010dje jaha\u0107e rukavice Roeckl Koppl"}]},{"@type":"WebSite","@id":"https:\/\/clair.si\/#website","url":"https:\/\/clair.si\/","name":"Clair","description":"Trgovina s konjeni\u0161ko opremo","publisher":{"@id":"https:\/\/clair.si\/#organization"},"potentialAction":[{"@type":"SearchAction","target":{"@type":"EntryPoint","urlTemplate":"https:\/\/clair.si\/?s={search_term_string}"},"query-input":{"@type":"PropertyValueSpecification","valueRequired":true,"valueName":"search_term_string"}}],"inLanguage":"hr"},{"@type":"Organization","@id":"https:\/\/clair.si\/#organization","name":"Clair","url":"https:\/\/clair.si\/","logo":{"@type":"ImageObject","inLanguage":"hr","@id":"https:\/\/clair.si\/#\/schema\/logo\/image\/","url":"https:\/\/clair.si\/wp-content\/uploads\/2022\/11\/clair_logo_2022.jpg","contentUrl":"https:\/\/clair.si\/wp-content\/uploads\/2022\/11\/clair_logo_2022.jpg","width":1920,"height":1920,"caption":"Clair"},"image":{"@id":"https:\/\/clair.si\/#\/schema\/logo\/image\/"},"sameAs":["https:\/\/www.facebook.com\/TrgovinaClair\/"]}]}},"_links":{"self":[{"href":"https:\/\/clair.si\/hr\/wp-json\/wp\/v2\/product\/96087","targetHints":{"allow":["GET"]}}],"collection":[{"href":"https:\/\/clair.si\/hr\/wp-json\/wp\/v2\/product"}],"about":[{"href":"https:\/\/clair.si\/hr\/wp-json\/wp\/v2\/types\/product"}],"version-history":[{"count":0,"href":"https:\/\/clair.si\/hr\/wp-json\/wp\/v2\/product\/96087\/revisions"}],"wp:featuredmedia":[{"embeddable":true,"href":"https:\/\/clair.si\/hr\/wp-json\/wp\/v2\/media\/106626"}],"wp:attachment":[{"href":"https:\/\/clair.si\/hr\/wp-json\/wp\/v2\/media?parent=96087"}],"wp:term":[{"taxonomy":"product_brand","embeddable":true,"href":"https:\/\/clair.si\/hr\/wp-json\/wp\/v2\/product_brand?post=96087"},{"taxonomy":"product_cat","embeddable":true,"href":"https:\/\/clair.si\/hr\/wp-json\/wp\/v2\/product_cat?post=96087"},{"taxonomy":"product_tag","embeddable":true,"href":"https:\/\/clair.si\/hr\/wp-json\/wp\/v2\/product_tag?post=96087"}],"curies":[{"name":"wp","href":"https:\/\/api.w.org\/{rel}","templated":true}]}}