{"id":96088,"date":"2024-04-16T14:09:13","date_gmt":"2024-04-16T12:09:13","guid":{"rendered":"https:\/\/clair.si\/izdelek\/maska-protiv-muha-hkm-elastic\/"},"modified":"2025-10-20T08:17:42","modified_gmt":"2025-10-20T06:17:42","slug":"maska-protiv-muha-hkm-elastic","status":"publish","type":"product","link":"https:\/\/clair.si\/hr\/izdelek\/maska-protiv-muha-hkm-elastic\/","title":{"rendered":"Maska protiv muha HKM Elastic"},"content":{"rendered":"<p class=\"\" data-start=\"118\" data-end=\"515\"><strong data-start=\"118\" data-end=\"197\">Maska protiv muha HKM Elastic \u2013 Udobna za\u0161tita od insekata za va\u0161eg konja<\/strong><br data-start=\"197\" data-end=\"200\" \/>Elasti\u010dna maska protiv muha HKM Elastic savr\u0161en je izbor za za\u0161titu konja od dosadnih muha i manjih insekata. Izra\u0111ena od prozra\u010dnog i rastezljivog materijala, koji omogu\u0107uje odli\u010dno prianjanje i udobnost tijekom cijelog dana. Maska \u010dvrsto obujmljuje glavu konja, pri tome ostaje nje\u017ena prema ko\u017ei te sprje\u010dava ulazak insekata.<\/p>\n<p class=\"\" data-start=\"517\" data-end=\"751\">Zahvaljuju\u0107i prakti\u010dnom zatvara\u010du na donjoj strani, masku je jednostavno namjestiti i ukloniti. Dostupna je u razli\u010ditim veli\u010dinama i pet elegantnih boja \u2013 prikladna za gotovo svakog konja. Idealna za ljetne dane, ispa\u0161u i svakodnevnu upotrebu.<\/p>\n<p class=\"\" data-start=\"753\" data-end=\"777\"><strong data-start=\"753\" data-end=\"775\">Klju\u010dne prednosti:<\/strong><\/p>\n<ul data-start=\"778\" data-end=\"950\">\n<li class=\"\" data-start=\"778\" data-end=\"831\">\n<p class=\"\" data-start=\"780\" data-end=\"831\">Elasti\u010dan i prozra\u010dan materijal za maksimalnu udobnost<\/p>\n<\/li>\n<li class=\"\" data-start=\"832\" data-end=\"875\">\n<p class=\"\" data-start=\"834\" data-end=\"875\">\u010cvrsto prianjanje sprje\u010dava ulazak insekata<\/p>\n<\/li>\n<li class=\"\" data-start=\"876\" data-end=\"910\">\n<p class=\"\" data-start=\"878\" data-end=\"910\">Zatvara\u010d za jednostavno pri\u010dvr\u0161\u0107ivanje<\/p>\n<\/li>\n<li class=\"\" data-start=\"911\" data-end=\"950\">\n<p class=\"\" data-start=\"913\" data-end=\"950\">Dostupna u vi\u0161e veli\u010dina i boja<\/p>\n<\/li>\n<\/ul>\n<p class=\"\" data-start=\"952\" data-end=\"1025\">Za\u0161titite svojeg konja sa stilom \u2013 izaberite HKM Elastic masku protiv muha!<\/p>\n","protected":false},"excerpt":{"rendered":"<ul>\n<li>\u010dvrsto prianjaju\u0107a<\/li>\n<li>u razli\u010ditim bojama i veli\u010dinama (tako\u0111er shetty)<\/li>\n<\/ul>\n","protected":false},"featured_media":96097,"template":"","meta":{"footnotes":""},"product_brand":[],"product_cat":[5624,5780,5674],"product_tag":[],"class_list":{"0":"post-96088","1":"product","2":"type-product","3":"status-publish","4":"has-post-thumbnail","6":"product_cat-konj-hr","7":"product_cat-maske-protiv-muha","8":"product_cat-zastita-od-insekata","10":"first","11":"instock","12":"sale","13":"featured","14":"shipping-taxable","15":"purchasable","16":"product-type-variable"},"yoast_head":"<!-- This site is optimized with the Yoast SEO plugin v27.4 - https:\/\/yoast.com\/product\/yoast-seo-wordpress\/ -->\n<title>Maska protiv muha HKM Elastic - Clair<\/title>\n<meta name=\"description\" content=\"Maska protiv muha, elasti\u010dna, \u0161to pru\u017ea dodatnu udobnost i sprje\u010dava ulazak muha. Provjerite na\u0161u ponudu i osigurajte si svoju.\" \/>\n<meta name=\"robots\" content=\"index, follow, max-snippet:-1, max-image-preview:large, max-video-preview:-1\" \/>\n<link rel=\"canonical\" href=\"https:\/\/clair.si\/izdelek\/maska-proti-muham-hkm-elastic\/\" \/>\n<meta property=\"og:locale\" content=\"hr_HR\" \/>\n<meta property=\"og:type\" content=\"article\" \/>\n<meta property=\"og:title\" content=\"Maska protiv muha HKM Elastic - Clair\" \/>\n<meta property=\"og:description\" content=\"Maska protiv muha, elasti\u010dna, \u0161to pru\u017ea dodatnu udobnost i sprje\u010dava ulazak muha. Provjerite na\u0161u ponudu i osigurajte si svoju.\" \/>\n<meta property=\"og:url\" content=\"https:\/\/clair.si\/izdelek\/maska-proti-muham-hkm-elastic\/\" \/>\n<meta property=\"og:site_name\" content=\"Clair\" \/>\n<meta property=\"article:publisher\" content=\"https:\/\/www.facebook.com\/TrgovinaClair\/\" \/>\n<meta property=\"article:modified_time\" content=\"2025-10-20T06:17:42+00:00\" \/>\n<meta property=\"og:image\" content=\"https:\/\/clair.si\/wp-content\/uploads\/2024\/04\/14530_1072_2-jpg.webp\" \/>\n\t<meta property=\"og:image:width\" content=\"700\" \/>\n\t<meta property=\"og:image:height\" content=\"700\" \/>\n\t<meta property=\"og:image:type\" content=\"image\/jpeg\" \/>\n<meta name=\"twitter:card\" content=\"summary_large_image\" \/>\n<meta name=\"twitter:label1\" content=\"Procijenjeno vrijeme \u010ditanja\" \/>\n\t<meta name=\"twitter:data1\" content=\"1 minuta\" \/>\n<script type=\"application\/ld+json\" class=\"yoast-schema-graph\">{\"@context\":\"https:\\\/\\\/schema.org\",\"@graph\":[{\"@type\":\"WebPage\",\"@id\":\"https:\\\/\\\/clair.si\\\/izdelek\\\/maska-proti-muham-hkm-elastic\\\/\",\"url\":\"https:\\\/\\\/clair.si\\\/izdelek\\\/maska-proti-muham-hkm-elastic\\\/\",\"name\":\"Maska protiv muha HKM Elastic - Clair\",\"isPartOf\":{\"@id\":\"https:\\\/\\\/clair.si\\\/#website\"},\"primaryImageOfPage\":{\"@id\":\"https:\\\/\\\/clair.si\\\/izdelek\\\/maska-proti-muham-hkm-elastic\\\/#primaryimage\"},\"image\":{\"@id\":\"https:\\\/\\\/clair.si\\\/izdelek\\\/maska-proti-muham-hkm-elastic\\\/#primaryimage\"},\"thumbnailUrl\":\"https:\\\/\\\/clair.si\\\/wp-content\\\/uploads\\\/2024\\\/04\\\/14530_1072_2-jpg.webp\",\"datePublished\":\"2024-04-16T12:09:13+00:00\",\"dateModified\":\"2025-10-20T06:17:42+00:00\",\"description\":\"Maska protiv muha, elasti\u010dna, \u0161to pru\u017ea dodatnu udobnost i sprje\u010dava ulazak muha. Provjerite na\u0161u ponudu i osigurajte si svoju.\",\"breadcrumb\":{\"@id\":\"https:\\\/\\\/clair.si\\\/izdelek\\\/maska-proti-muham-hkm-elastic\\\/#breadcrumb\"},\"inLanguage\":\"hr\",\"potentialAction\":[{\"@type\":\"ReadAction\",\"target\":[\"https:\\\/\\\/clair.si\\\/izdelek\\\/maska-proti-muham-hkm-elastic\\\/\"]}]},{\"@type\":\"ImageObject\",\"inLanguage\":\"hr\",\"@id\":\"https:\\\/\\\/clair.si\\\/izdelek\\\/maska-proti-muham-hkm-elastic\\\/#primaryimage\",\"url\":\"https:\\\/\\\/clair.si\\\/wp-content\\\/uploads\\\/2024\\\/04\\\/14530_1072_2-jpg.webp\",\"contentUrl\":\"https:\\\/\\\/clair.si\\\/wp-content\\\/uploads\\\/2024\\\/04\\\/14530_1072_2-jpg.webp\",\"width\":700,\"height\":700},{\"@type\":\"BreadcrumbList\",\"@id\":\"https:\\\/\\\/clair.si\\\/izdelek\\\/maska-proti-muham-hkm-elastic\\\/#breadcrumb\",\"itemListElement\":[{\"@type\":\"ListItem\",\"position\":1,\"name\":\"Home\",\"item\":\"https:\\\/\\\/clair.si\\\/hr\\\/\"},{\"@type\":\"ListItem\",\"position\":2,\"name\":\"Trgovina\",\"item\":\"https:\\\/\\\/clair.si\\\/trgovina\\\/\"},{\"@type\":\"ListItem\",\"position\":3,\"name\":\"Maska protiv muha HKM Elastic\"}]},{\"@type\":\"WebSite\",\"@id\":\"https:\\\/\\\/clair.si\\\/#website\",\"url\":\"https:\\\/\\\/clair.si\\\/\",\"name\":\"Clair\",\"description\":\"Trgovina s konjeni\u0161ko opremo\",\"publisher\":{\"@id\":\"https:\\\/\\\/clair.si\\\/#organization\"},\"potentialAction\":[{\"@type\":\"SearchAction\",\"target\":{\"@type\":\"EntryPoint\",\"urlTemplate\":\"https:\\\/\\\/clair.si\\\/?s={search_term_string}\"},\"query-input\":{\"@type\":\"PropertyValueSpecification\",\"valueRequired\":true,\"valueName\":\"search_term_string\"}}],\"inLanguage\":\"hr\"},{\"@type\":\"Organization\",\"@id\":\"https:\\\/\\\/clair.si\\\/#organization\",\"name\":\"Clair\",\"url\":\"https:\\\/\\\/clair.si\\\/\",\"logo\":{\"@type\":\"ImageObject\",\"inLanguage\":\"hr\",\"@id\":\"https:\\\/\\\/clair.si\\\/#\\\/schema\\\/logo\\\/image\\\/\",\"url\":\"https:\\\/\\\/clair.si\\\/wp-content\\\/uploads\\\/2022\\\/11\\\/clair_logo_2022.jpg\",\"contentUrl\":\"https:\\\/\\\/clair.si\\\/wp-content\\\/uploads\\\/2022\\\/11\\\/clair_logo_2022.jpg\",\"width\":1920,\"height\":1920,\"caption\":\"Clair\"},\"image\":{\"@id\":\"https:\\\/\\\/clair.si\\\/#\\\/schema\\\/logo\\\/image\\\/\"},\"sameAs\":[\"https:\\\/\\\/www.facebook.com\\\/TrgovinaClair\\\/\"]}]}<\/script>\n<!-- \/ Yoast SEO plugin. -->","yoast_head_json":{"title":"Maska protiv muha HKM Elastic - Clair","description":"Maska protiv muha, elasti\u010dna, \u0161to pru\u017ea dodatnu udobnost i sprje\u010dava ulazak muha. Provjerite na\u0161u ponudu i osigurajte si svoju.","robots":{"index":"index","follow":"follow","max-snippet":"max-snippet:-1","max-image-preview":"max-image-preview:large","max-video-preview":"max-video-preview:-1"},"canonical":"https:\/\/clair.si\/izdelek\/maska-proti-muham-hkm-elastic\/","og_locale":"hr_HR","og_type":"article","og_title":"Maska protiv muha HKM Elastic - Clair","og_description":"Maska protiv muha, elasti\u010dna, \u0161to pru\u017ea dodatnu udobnost i sprje\u010dava ulazak muha. Provjerite na\u0161u ponudu i osigurajte si svoju.","og_url":"https:\/\/clair.si\/izdelek\/maska-proti-muham-hkm-elastic\/","og_site_name":"Clair","article_publisher":"https:\/\/www.facebook.com\/TrgovinaClair\/","article_modified_time":"2025-10-20T06:17:42+00:00","og_image":[{"width":700,"height":700,"url":"https:\/\/clair.si\/wp-content\/uploads\/2024\/04\/14530_1072_2-jpg.webp","type":"image\/jpeg"}],"twitter_card":"summary_large_image","twitter_misc":{"Procijenjeno vrijeme \u010ditanja":"1 minuta"},"schema":{"@context":"https:\/\/schema.org","@graph":[{"@type":"WebPage","@id":"https:\/\/clair.si\/izdelek\/maska-proti-muham-hkm-elastic\/","url":"https:\/\/clair.si\/izdelek\/maska-proti-muham-hkm-elastic\/","name":"Maska protiv muha HKM Elastic - Clair","isPartOf":{"@id":"https:\/\/clair.si\/#website"},"primaryImageOfPage":{"@id":"https:\/\/clair.si\/izdelek\/maska-proti-muham-hkm-elastic\/#primaryimage"},"image":{"@id":"https:\/\/clair.si\/izdelek\/maska-proti-muham-hkm-elastic\/#primaryimage"},"thumbnailUrl":"https:\/\/clair.si\/wp-content\/uploads\/2024\/04\/14530_1072_2-jpg.webp","datePublished":"2024-04-16T12:09:13+00:00","dateModified":"2025-10-20T06:17:42+00:00","description":"Maska protiv muha, elasti\u010dna, \u0161to pru\u017ea dodatnu udobnost i sprje\u010dava ulazak muha. Provjerite na\u0161u ponudu i osigurajte si svoju.","breadcrumb":{"@id":"https:\/\/clair.si\/izdelek\/maska-proti-muham-hkm-elastic\/#breadcrumb"},"inLanguage":"hr","potentialAction":[{"@type":"ReadAction","target":["https:\/\/clair.si\/izdelek\/maska-proti-muham-hkm-elastic\/"]}]},{"@type":"ImageObject","inLanguage":"hr","@id":"https:\/\/clair.si\/izdelek\/maska-proti-muham-hkm-elastic\/#primaryimage","url":"https:\/\/clair.si\/wp-content\/uploads\/2024\/04\/14530_1072_2-jpg.webp","contentUrl":"https:\/\/clair.si\/wp-content\/uploads\/2024\/04\/14530_1072_2-jpg.webp","width":700,"height":700},{"@type":"BreadcrumbList","@id":"https:\/\/clair.si\/izdelek\/maska-proti-muham-hkm-elastic\/#breadcrumb","itemListElement":[{"@type":"ListItem","position":1,"name":"Home","item":"https:\/\/clair.si\/hr\/"},{"@type":"ListItem","position":2,"name":"Trgovina","item":"https:\/\/clair.si\/trgovina\/"},{"@type":"ListItem","position":3,"name":"Maska protiv muha HKM Elastic"}]},{"@type":"WebSite","@id":"https:\/\/clair.si\/#website","url":"https:\/\/clair.si\/","name":"Clair","description":"Trgovina s konjeni\u0161ko opremo","publisher":{"@id":"https:\/\/clair.si\/#organization"},"potentialAction":[{"@type":"SearchAction","target":{"@type":"EntryPoint","urlTemplate":"https:\/\/clair.si\/?s={search_term_string}"},"query-input":{"@type":"PropertyValueSpecification","valueRequired":true,"valueName":"search_term_string"}}],"inLanguage":"hr"},{"@type":"Organization","@id":"https:\/\/clair.si\/#organization","name":"Clair","url":"https:\/\/clair.si\/","logo":{"@type":"ImageObject","inLanguage":"hr","@id":"https:\/\/clair.si\/#\/schema\/logo\/image\/","url":"https:\/\/clair.si\/wp-content\/uploads\/2022\/11\/clair_logo_2022.jpg","contentUrl":"https:\/\/clair.si\/wp-content\/uploads\/2022\/11\/clair_logo_2022.jpg","width":1920,"height":1920,"caption":"Clair"},"image":{"@id":"https:\/\/clair.si\/#\/schema\/logo\/image\/"},"sameAs":["https:\/\/www.facebook.com\/TrgovinaClair\/"]}]}},"_links":{"self":[{"href":"https:\/\/clair.si\/hr\/wp-json\/wp\/v2\/product\/96088","targetHints":{"allow":["GET"]}}],"collection":[{"href":"https:\/\/clair.si\/hr\/wp-json\/wp\/v2\/product"}],"about":[{"href":"https:\/\/clair.si\/hr\/wp-json\/wp\/v2\/types\/product"}],"version-history":[{"count":2,"href":"https:\/\/clair.si\/hr\/wp-json\/wp\/v2\/product\/96088\/revisions"}],"predecessor-version":[{"id":113951,"href":"https:\/\/clair.si\/hr\/wp-json\/wp\/v2\/product\/96088\/revisions\/113951"}],"wp:featuredmedia":[{"embeddable":true,"href":"https:\/\/clair.si\/hr\/wp-json\/wp\/v2\/media\/96097"}],"wp:attachment":[{"href":"https:\/\/clair.si\/hr\/wp-json\/wp\/v2\/media?parent=96088"}],"wp:term":[{"taxonomy":"product_brand","embeddable":true,"href":"https:\/\/clair.si\/hr\/wp-json\/wp\/v2\/product_brand?post=96088"},{"taxonomy":"product_cat","embeddable":true,"href":"https:\/\/clair.si\/hr\/wp-json\/wp\/v2\/product_cat?post=96088"},{"taxonomy":"product_tag","embeddable":true,"href":"https:\/\/clair.si\/hr\/wp-json\/wp\/v2\/product_tag?post=96088"}],"curies":[{"name":"wp","href":"https:\/\/api.w.org\/{rel}","templated":true}]}}