{"id":96191,"date":"2024-04-05T08:55:56","date_gmt":"2024-04-05T06:55:56","guid":{"rendered":"https:\/\/clair.si\/izdelek\/konjicke-rukavice-roeckl-mareno\/"},"modified":"2025-08-27T17:51:43","modified_gmt":"2025-08-27T15:51:43","slug":"konjicke-rukavice-roeckl-mareno","status":"publish","type":"product","link":"https:\/\/clair.si\/hr\/izdelek\/konjicke-rukavice-roeckl-mareno\/","title":{"rendered":"Jaha\u0107e rukavice Roeckl Mareno"},"content":{"rendered":"<p><span class=\"Y2IQFc\" lang=\"sl\"><strong>Jaha\u0107e rukavice Mareno<\/strong> su vi\u0161e od udobnih jaha\u0107ih rukavica s puno funkcionalnosti, one su savr\u0161ene svestrane rukavice za provo\u0111enje dugih ljetnih dana u staji i rad s konjima. Mareno rukavice su dio inovativne i ekolo\u0161ki prihvatljive <strong>ECO.SERIES<\/strong>, \u0161to zna\u010di da su proizvedene uz kori\u0161tenje \u0161to je mogu\u0107e vi\u0161e \u0161tedljivih resursa. To se uistinu o\u010dituje pri izboru materijala, izra\u0111enih u velikoj mjeri od recikliranih vlakana. <strong>Elasti\u010dna, lagana<\/strong> i <strong>prozra\u010dna<\/strong> Micro Mesh Eco, kori\u0161teni su za gornju stranu, jer osiguravaju <strong>odli\u010dnu prozra\u010dnost i veliku slobodu kretanja.<\/strong> Ugodan materijal na dlanu, izra\u0111en od opipljivog i ugodno mekog ECO.SENSE\u00ae. Ovo sinteti\u010dko vlakno sastoji se od 92 % poliestera (od \u010dega je 60 % recikliranog) i 8 % elastana, \u0161to daje va\u0161im rukama <strong>pro\u017enost i opipljivost<\/strong>, koje su vam potrebne pri rukovanju s vodilicama i u\u017eadima. Vrlo <strong>jednostavne za obla\u010denje<\/strong> i <strong>pristaju kao druga ko\u017ea.<\/strong> Na zape\u0161\u0107u ih mo\u017eete pri\u010dvrstiti \u010di\u010dkom. Rukavice Mreno krasi logotip Roeckl, izra\u0111en od ostataka iz drvno prera\u0111iva\u010dke industrije. Ovaj poseban detalj ne samo da poma\u017ee pri u\u0161tedi resursa, ve\u0107 i \u010dini rukavicama uistinu jedinstven dodatak! I budu\u0107i da rukavice rijetko ostaju \u010diste pri rukovanju s konjima i opremom, ovaj model je <strong>periv u perilici rublja na 30 \u00b0C.<\/strong> Ne sadr\u017ei ko\u017eu.       <\/span><\/p>\n","protected":false},"excerpt":{"rendered":"<p>Jaha\u0107e rukavice Mareno su vi\u0161e od udobnih jaha\u0107ih rukavica s puno funkcionalnosti, one su savr\u0161ene svestrane rukavice za provo\u0111enje dugih<\/p>\n","protected":false},"featured_media":96192,"template":"","meta":{"footnotes":""},"product_brand":[],"product_cat":[5654,5738,5670,5737],"product_tag":[],"class_list":{"0":"post-96191","1":"product","2":"type-product","3":"status-publish","4":"has-post-thumbnail","6":"product_cat-jahac-hr","7":"product_cat-ljetne-rukavice","8":"product_cat-natjecanja","9":"product_cat-rukavice","11":"first","12":"instock","13":"sale","14":"shipping-taxable","15":"purchasable","16":"product-type-variable"},"yoast_head":"<!-- This site is optimized with the Yoast SEO plugin v27.4 - https:\/\/yoast.com\/product\/yoast-seo-wordpress\/ -->\n<title>Jaha\u0107e rukavice Roeckl Mareno - Clair<\/title>\n<meta name=\"description\" content=\"Jaha\u0107e rukavice Mareno, izra\u0111ene od recikliranih materijala. Udobne i prozra\u010dne, s dobrim prianjanjem. Pogledajte na\u0161u ponudu i osigurajte si svoje.\" \/>\n<meta name=\"robots\" content=\"index, follow, max-snippet:-1, max-image-preview:large, max-video-preview:-1\" \/>\n<link rel=\"canonical\" href=\"https:\/\/clair.si\/hr\/izdelek\/konjicke-rukavice-roeckl-mareno\/\" \/>\n<meta property=\"og:locale\" content=\"hr_HR\" \/>\n<meta property=\"og:type\" content=\"article\" \/>\n<meta property=\"og:title\" content=\"Jaha\u0107e rukavice Roeckl Mareno - Clair\" \/>\n<meta property=\"og:description\" content=\"Jaha\u0107e rukavice Mareno, izra\u0111ene od recikliranih materijala. Udobne i prozra\u010dne, s dobrim prianjanjem. Pogledajte na\u0161u ponudu i osigurajte si svoje.\" \/>\n<meta property=\"og:url\" content=\"https:\/\/clair.si\/hr\/izdelek\/konjicke-rukavice-roeckl-mareno\/\" \/>\n<meta property=\"og:site_name\" content=\"Clair\" \/>\n<meta property=\"article:publisher\" content=\"https:\/\/www.facebook.com\/TrgovinaClair\/\" \/>\n<meta property=\"article:modified_time\" content=\"2025-08-27T15:51:43+00:00\" \/>\n<meta property=\"og:image\" content=\"https:\/\/clair.si\/wp-content\/uploads\/2024\/04\/MarenoNavy_1024x1024.webp\" \/>\n\t<meta property=\"og:image:width\" content=\"739\" \/>\n\t<meta property=\"og:image:height\" content=\"739\" \/>\n\t<meta property=\"og:image:type\" content=\"image\/webp\" \/>\n<meta name=\"twitter:card\" content=\"summary_large_image\" \/>\n<meta name=\"twitter:label1\" content=\"Procijenjeno vrijeme \u010ditanja\" \/>\n\t<meta name=\"twitter:data1\" content=\"1 minuta\" \/>\n<script type=\"application\/ld+json\" class=\"yoast-schema-graph\">{\"@context\":\"https:\\\/\\\/schema.org\",\"@graph\":[{\"@type\":\"WebPage\",\"@id\":\"https:\\\/\\\/clair.si\\\/hr\\\/izdelek\\\/konjicke-rukavice-roeckl-mareno\\\/\",\"url\":\"https:\\\/\\\/clair.si\\\/hr\\\/izdelek\\\/konjicke-rukavice-roeckl-mareno\\\/\",\"name\":\"Jaha\u0107e rukavice Roeckl Mareno - Clair\",\"isPartOf\":{\"@id\":\"https:\\\/\\\/clair.si\\\/#website\"},\"primaryImageOfPage\":{\"@id\":\"https:\\\/\\\/clair.si\\\/hr\\\/izdelek\\\/konjicke-rukavice-roeckl-mareno\\\/#primaryimage\"},\"image\":{\"@id\":\"https:\\\/\\\/clair.si\\\/hr\\\/izdelek\\\/konjicke-rukavice-roeckl-mareno\\\/#primaryimage\"},\"thumbnailUrl\":\"https:\\\/\\\/clair.si\\\/wp-content\\\/uploads\\\/2024\\\/04\\\/MarenoNavy_1024x1024.webp\",\"datePublished\":\"2024-04-05T06:55:56+00:00\",\"dateModified\":\"2025-08-27T15:51:43+00:00\",\"description\":\"Jaha\u0107e rukavice Mareno, izra\u0111ene od recikliranih materijala. Udobne i prozra\u010dne, s dobrim prianjanjem. Pogledajte na\u0161u ponudu i osigurajte si svoje.\",\"breadcrumb\":{\"@id\":\"https:\\\/\\\/clair.si\\\/hr\\\/izdelek\\\/konjicke-rukavice-roeckl-mareno\\\/#breadcrumb\"},\"inLanguage\":\"hr\",\"potentialAction\":[{\"@type\":\"ReadAction\",\"target\":[\"https:\\\/\\\/clair.si\\\/hr\\\/izdelek\\\/konjicke-rukavice-roeckl-mareno\\\/\"]}]},{\"@type\":\"ImageObject\",\"inLanguage\":\"hr\",\"@id\":\"https:\\\/\\\/clair.si\\\/hr\\\/izdelek\\\/konjicke-rukavice-roeckl-mareno\\\/#primaryimage\",\"url\":\"https:\\\/\\\/clair.si\\\/wp-content\\\/uploads\\\/2024\\\/04\\\/MarenoNavy_1024x1024.webp\",\"contentUrl\":\"https:\\\/\\\/clair.si\\\/wp-content\\\/uploads\\\/2024\\\/04\\\/MarenoNavy_1024x1024.webp\",\"width\":739,\"height\":739},{\"@type\":\"BreadcrumbList\",\"@id\":\"https:\\\/\\\/clair.si\\\/hr\\\/izdelek\\\/konjicke-rukavice-roeckl-mareno\\\/#breadcrumb\",\"itemListElement\":[{\"@type\":\"ListItem\",\"position\":1,\"name\":\"Home\",\"item\":\"https:\\\/\\\/clair.si\\\/hr\\\/\"},{\"@type\":\"ListItem\",\"position\":2,\"name\":\"Trgovina\",\"item\":\"https:\\\/\\\/clair.si\\\/trgovina\\\/\"},{\"@type\":\"ListItem\",\"position\":3,\"name\":\"Jaha\u0107e rukavice Roeckl Mareno\"}]},{\"@type\":\"WebSite\",\"@id\":\"https:\\\/\\\/clair.si\\\/#website\",\"url\":\"https:\\\/\\\/clair.si\\\/\",\"name\":\"Clair\",\"description\":\"Trgovina s konjeni\u0161ko opremo\",\"publisher\":{\"@id\":\"https:\\\/\\\/clair.si\\\/#organization\"},\"potentialAction\":[{\"@type\":\"SearchAction\",\"target\":{\"@type\":\"EntryPoint\",\"urlTemplate\":\"https:\\\/\\\/clair.si\\\/?s={search_term_string}\"},\"query-input\":{\"@type\":\"PropertyValueSpecification\",\"valueRequired\":true,\"valueName\":\"search_term_string\"}}],\"inLanguage\":\"hr\"},{\"@type\":\"Organization\",\"@id\":\"https:\\\/\\\/clair.si\\\/#organization\",\"name\":\"Clair\",\"url\":\"https:\\\/\\\/clair.si\\\/\",\"logo\":{\"@type\":\"ImageObject\",\"inLanguage\":\"hr\",\"@id\":\"https:\\\/\\\/clair.si\\\/#\\\/schema\\\/logo\\\/image\\\/\",\"url\":\"https:\\\/\\\/clair.si\\\/wp-content\\\/uploads\\\/2022\\\/11\\\/clair_logo_2022.jpg\",\"contentUrl\":\"https:\\\/\\\/clair.si\\\/wp-content\\\/uploads\\\/2022\\\/11\\\/clair_logo_2022.jpg\",\"width\":1920,\"height\":1920,\"caption\":\"Clair\"},\"image\":{\"@id\":\"https:\\\/\\\/clair.si\\\/#\\\/schema\\\/logo\\\/image\\\/\"},\"sameAs\":[\"https:\\\/\\\/www.facebook.com\\\/TrgovinaClair\\\/\"]}]}<\/script>\n<!-- \/ Yoast SEO plugin. -->","yoast_head_json":{"title":"Jaha\u0107e rukavice Roeckl Mareno - Clair","description":"Jaha\u0107e rukavice Mareno, izra\u0111ene od recikliranih materijala. Udobne i prozra\u010dne, s dobrim prianjanjem. Pogledajte na\u0161u ponudu i osigurajte si svoje.","robots":{"index":"index","follow":"follow","max-snippet":"max-snippet:-1","max-image-preview":"max-image-preview:large","max-video-preview":"max-video-preview:-1"},"canonical":"https:\/\/clair.si\/hr\/izdelek\/konjicke-rukavice-roeckl-mareno\/","og_locale":"hr_HR","og_type":"article","og_title":"Jaha\u0107e rukavice Roeckl Mareno - Clair","og_description":"Jaha\u0107e rukavice Mareno, izra\u0111ene od recikliranih materijala. Udobne i prozra\u010dne, s dobrim prianjanjem. Pogledajte na\u0161u ponudu i osigurajte si svoje.","og_url":"https:\/\/clair.si\/hr\/izdelek\/konjicke-rukavice-roeckl-mareno\/","og_site_name":"Clair","article_publisher":"https:\/\/www.facebook.com\/TrgovinaClair\/","article_modified_time":"2025-08-27T15:51:43+00:00","og_image":[{"width":739,"height":739,"url":"https:\/\/clair.si\/wp-content\/uploads\/2024\/04\/MarenoNavy_1024x1024.webp","type":"image\/webp"}],"twitter_card":"summary_large_image","twitter_misc":{"Procijenjeno vrijeme \u010ditanja":"1 minuta"},"schema":{"@context":"https:\/\/schema.org","@graph":[{"@type":"WebPage","@id":"https:\/\/clair.si\/hr\/izdelek\/konjicke-rukavice-roeckl-mareno\/","url":"https:\/\/clair.si\/hr\/izdelek\/konjicke-rukavice-roeckl-mareno\/","name":"Jaha\u0107e rukavice Roeckl Mareno - Clair","isPartOf":{"@id":"https:\/\/clair.si\/#website"},"primaryImageOfPage":{"@id":"https:\/\/clair.si\/hr\/izdelek\/konjicke-rukavice-roeckl-mareno\/#primaryimage"},"image":{"@id":"https:\/\/clair.si\/hr\/izdelek\/konjicke-rukavice-roeckl-mareno\/#primaryimage"},"thumbnailUrl":"https:\/\/clair.si\/wp-content\/uploads\/2024\/04\/MarenoNavy_1024x1024.webp","datePublished":"2024-04-05T06:55:56+00:00","dateModified":"2025-08-27T15:51:43+00:00","description":"Jaha\u0107e rukavice Mareno, izra\u0111ene od recikliranih materijala. Udobne i prozra\u010dne, s dobrim prianjanjem. Pogledajte na\u0161u ponudu i osigurajte si svoje.","breadcrumb":{"@id":"https:\/\/clair.si\/hr\/izdelek\/konjicke-rukavice-roeckl-mareno\/#breadcrumb"},"inLanguage":"hr","potentialAction":[{"@type":"ReadAction","target":["https:\/\/clair.si\/hr\/izdelek\/konjicke-rukavice-roeckl-mareno\/"]}]},{"@type":"ImageObject","inLanguage":"hr","@id":"https:\/\/clair.si\/hr\/izdelek\/konjicke-rukavice-roeckl-mareno\/#primaryimage","url":"https:\/\/clair.si\/wp-content\/uploads\/2024\/04\/MarenoNavy_1024x1024.webp","contentUrl":"https:\/\/clair.si\/wp-content\/uploads\/2024\/04\/MarenoNavy_1024x1024.webp","width":739,"height":739},{"@type":"BreadcrumbList","@id":"https:\/\/clair.si\/hr\/izdelek\/konjicke-rukavice-roeckl-mareno\/#breadcrumb","itemListElement":[{"@type":"ListItem","position":1,"name":"Home","item":"https:\/\/clair.si\/hr\/"},{"@type":"ListItem","position":2,"name":"Trgovina","item":"https:\/\/clair.si\/trgovina\/"},{"@type":"ListItem","position":3,"name":"Jaha\u0107e rukavice Roeckl Mareno"}]},{"@type":"WebSite","@id":"https:\/\/clair.si\/#website","url":"https:\/\/clair.si\/","name":"Clair","description":"Trgovina s konjeni\u0161ko opremo","publisher":{"@id":"https:\/\/clair.si\/#organization"},"potentialAction":[{"@type":"SearchAction","target":{"@type":"EntryPoint","urlTemplate":"https:\/\/clair.si\/?s={search_term_string}"},"query-input":{"@type":"PropertyValueSpecification","valueRequired":true,"valueName":"search_term_string"}}],"inLanguage":"hr"},{"@type":"Organization","@id":"https:\/\/clair.si\/#organization","name":"Clair","url":"https:\/\/clair.si\/","logo":{"@type":"ImageObject","inLanguage":"hr","@id":"https:\/\/clair.si\/#\/schema\/logo\/image\/","url":"https:\/\/clair.si\/wp-content\/uploads\/2022\/11\/clair_logo_2022.jpg","contentUrl":"https:\/\/clair.si\/wp-content\/uploads\/2022\/11\/clair_logo_2022.jpg","width":1920,"height":1920,"caption":"Clair"},"image":{"@id":"https:\/\/clair.si\/#\/schema\/logo\/image\/"},"sameAs":["https:\/\/www.facebook.com\/TrgovinaClair\/"]}]}},"_links":{"self":[{"href":"https:\/\/clair.si\/hr\/wp-json\/wp\/v2\/product\/96191","targetHints":{"allow":["GET"]}}],"collection":[{"href":"https:\/\/clair.si\/hr\/wp-json\/wp\/v2\/product"}],"about":[{"href":"https:\/\/clair.si\/hr\/wp-json\/wp\/v2\/types\/product"}],"version-history":[{"count":0,"href":"https:\/\/clair.si\/hr\/wp-json\/wp\/v2\/product\/96191\/revisions"}],"wp:featuredmedia":[{"embeddable":true,"href":"https:\/\/clair.si\/hr\/wp-json\/wp\/v2\/media\/96192"}],"wp:attachment":[{"href":"https:\/\/clair.si\/hr\/wp-json\/wp\/v2\/media?parent=96191"}],"wp:term":[{"taxonomy":"product_brand","embeddable":true,"href":"https:\/\/clair.si\/hr\/wp-json\/wp\/v2\/product_brand?post=96191"},{"taxonomy":"product_cat","embeddable":true,"href":"https:\/\/clair.si\/hr\/wp-json\/wp\/v2\/product_cat?post=96191"},{"taxonomy":"product_tag","embeddable":true,"href":"https:\/\/clair.si\/hr\/wp-json\/wp\/v2\/product_tag?post=96191"}],"curies":[{"name":"wp","href":"https:\/\/api.w.org\/{rel}","templated":true}]}}