{"id":96203,"date":"2024-04-05T09:50:41","date_gmt":"2024-04-05T07:50:41","guid":{"rendered":"https:\/\/clair.si\/izdelek\/jahace-rukavice-roeckl-millero\/"},"modified":"2025-08-27T17:51:48","modified_gmt":"2025-08-27T15:51:48","slug":"jahace-rukavice-roeckl-millero","status":"publish","type":"product","link":"https:\/\/clair.si\/hr\/izdelek\/jahace-rukavice-roeckl-millero\/","title":{"rendered":"Jaha\u0107e rukavice Roeckl Millero"},"content":{"rendered":"<p><span class=\"Y2IQFc\" lang=\"sl\"><strong>Prefinjen dizajn i elegantne boje<\/strong>, vrhunska <strong>funkcionalnost<\/strong> i <strong>vrhunski materijali<\/strong>, Roeckl Sports MILLERO su vrhunske jaha\u0107e rukavice. Gornja strana je izra\u0111ena od kombinacije strukturiranog WaffleFlex i prozra\u010dne, lagane mikro mre\u017eice Eco od 82 % recikliranog poliamida i 18 % recikliranog elastana, \u0161to omogu\u0107uje <strong>odli\u010dnu cirkulaciju zraka<\/strong> i <strong>ugodnu udobnost<\/strong> pri no\u0161enju od zape\u0161\u0107a do vrhova prstiju. \u0160ivane s pre\u0111om ECONYL\u00ae, proizvedenom od najlonskog otpada, kao \u0161to su reciklirane ribarske mre\u017ee, i nosi oznaku \u00bbHigh Recycling Ratio\u00ab zbog posebno visokog udjela recikliranih materijala &#8211; MILLERO su vrhunac svog razreda. Dlan, izra\u0111en od mekog, elasti\u010dnog Sense Gripa, uistinu ispunjava svoje zahtjeve, <strong>optimalno prianjanje<\/strong> i <strong>savr\u0161en osje\u0107aj<\/strong> na vodilicama. Ekskluzivni COMFORT-CUT osigurava <strong>savr\u0161eno prianjanje<\/strong> i osigurava da rukavice tijekom kretanja <strong>ostanu na mjestu.<\/strong> Ka\u017eiprst i palac su <strong>kompatibilni sa zaslonom osjetljivim na dodir<\/strong>, \u0161to vam omogu\u0107uje kori\u0161tenje pametnog telefona bez skidanja rukavica. Osim toga, ovaj model se mo\u017ee prati u perilici rublja na 30\u00b0 Celzija. Ne sadr\u017ei ko\u017eu.      <\/span><\/p>\n","protected":false},"excerpt":{"rendered":"<p>Prefinjen dizajn i elegantne boje, vrhunska funkcionalnost i vrhunski materijali, Roeckl Sports MILLERO su vrhunske jaha\u0107e rukavice. Gornja strana je<\/p>\n","protected":false},"featured_media":106633,"template":"","meta":{"footnotes":""},"product_brand":[],"product_cat":[5654,5738,5670,5737],"product_tag":[],"class_list":{"0":"post-96203","1":"product","2":"type-product","3":"status-publish","4":"has-post-thumbnail","6":"product_cat-jahac-hr","7":"product_cat-ljetne-rukavice","8":"product_cat-natjecanja","9":"product_cat-rukavice","11":"first","12":"instock","13":"sale","14":"featured","15":"shipping-taxable","16":"purchasable","17":"product-type-variable"},"yoast_head":"<!-- This site is optimized with the Yoast SEO plugin v27.4 - https:\/\/yoast.com\/product\/yoast-seo-wordpress\/ -->\n<title>Jaha\u0107e rukavice Roeckl Millero - Clair<\/title>\n<meta name=\"description\" content=\"Udobne, elegantne, kompatibilne sa zaslonima osjetljivim na dodir, jaha\u0107e su rukavice koje jednostavno trebate. Osigurajte svoje u na\u0161im trgovinama.\" \/>\n<meta name=\"robots\" content=\"index, follow, max-snippet:-1, max-image-preview:large, max-video-preview:-1\" \/>\n<link rel=\"canonical\" href=\"https:\/\/clair.si\/hr\/izdelek\/jahace-rukavice-roeckl-millero\/\" \/>\n<meta property=\"og:locale\" content=\"hr_HR\" \/>\n<meta property=\"og:type\" content=\"article\" \/>\n<meta property=\"og:title\" content=\"Jaha\u0107e rukavice Roeckl Millero - Clair\" \/>\n<meta property=\"og:description\" content=\"Udobne, elegantne, kompatibilne sa zaslonima osjetljivim na dodir, jaha\u0107e su rukavice koje jednostavno trebate. Osigurajte svoje u na\u0161im trgovinama.\" \/>\n<meta property=\"og:url\" content=\"https:\/\/clair.si\/hr\/izdelek\/jahace-rukavice-roeckl-millero\/\" \/>\n<meta property=\"og:site_name\" content=\"Clair\" \/>\n<meta property=\"article:publisher\" content=\"https:\/\/www.facebook.com\/TrgovinaClair\/\" \/>\n<meta property=\"article:modified_time\" content=\"2025-08-27T15:51:48+00:00\" \/>\n<meta property=\"og:image\" content=\"https:\/\/clair.si\/wp-content\/uploads\/2024\/04\/roeckl-01-310027-7901_millero.d6700a-jpg.webp\" \/>\n\t<meta property=\"og:image:width\" content=\"600\" \/>\n\t<meta property=\"og:image:height\" content=\"600\" \/>\n\t<meta property=\"og:image:type\" content=\"image\/jpeg\" \/>\n<meta name=\"twitter:card\" content=\"summary_large_image\" \/>\n<meta name=\"twitter:label1\" content=\"Procijenjeno vrijeme \u010ditanja\" \/>\n\t<meta name=\"twitter:data1\" content=\"1 minuta\" \/>\n<script type=\"application\/ld+json\" class=\"yoast-schema-graph\">{\"@context\":\"https:\\\/\\\/schema.org\",\"@graph\":[{\"@type\":\"WebPage\",\"@id\":\"https:\\\/\\\/clair.si\\\/hr\\\/izdelek\\\/jahace-rukavice-roeckl-millero\\\/\",\"url\":\"https:\\\/\\\/clair.si\\\/hr\\\/izdelek\\\/jahace-rukavice-roeckl-millero\\\/\",\"name\":\"Jaha\u0107e rukavice Roeckl Millero - Clair\",\"isPartOf\":{\"@id\":\"https:\\\/\\\/clair.si\\\/#website\"},\"primaryImageOfPage\":{\"@id\":\"https:\\\/\\\/clair.si\\\/hr\\\/izdelek\\\/jahace-rukavice-roeckl-millero\\\/#primaryimage\"},\"image\":{\"@id\":\"https:\\\/\\\/clair.si\\\/hr\\\/izdelek\\\/jahace-rukavice-roeckl-millero\\\/#primaryimage\"},\"thumbnailUrl\":\"https:\\\/\\\/clair.si\\\/wp-content\\\/uploads\\\/2024\\\/04\\\/roeckl-01-310027-7901_millero.d6700a-jpg.webp\",\"datePublished\":\"2024-04-05T07:50:41+00:00\",\"dateModified\":\"2025-08-27T15:51:48+00:00\",\"description\":\"Udobne, elegantne, kompatibilne sa zaslonima osjetljivim na dodir, jaha\u0107e su rukavice koje jednostavno trebate. Osigurajte svoje u na\u0161im trgovinama.\",\"breadcrumb\":{\"@id\":\"https:\\\/\\\/clair.si\\\/hr\\\/izdelek\\\/jahace-rukavice-roeckl-millero\\\/#breadcrumb\"},\"inLanguage\":\"hr\",\"potentialAction\":[{\"@type\":\"ReadAction\",\"target\":[\"https:\\\/\\\/clair.si\\\/hr\\\/izdelek\\\/jahace-rukavice-roeckl-millero\\\/\"]}]},{\"@type\":\"ImageObject\",\"inLanguage\":\"hr\",\"@id\":\"https:\\\/\\\/clair.si\\\/hr\\\/izdelek\\\/jahace-rukavice-roeckl-millero\\\/#primaryimage\",\"url\":\"https:\\\/\\\/clair.si\\\/wp-content\\\/uploads\\\/2024\\\/04\\\/roeckl-01-310027-7901_millero.d6700a-jpg.webp\",\"contentUrl\":\"https:\\\/\\\/clair.si\\\/wp-content\\\/uploads\\\/2024\\\/04\\\/roeckl-01-310027-7901_millero.d6700a-jpg.webp\",\"width\":600,\"height\":600},{\"@type\":\"BreadcrumbList\",\"@id\":\"https:\\\/\\\/clair.si\\\/hr\\\/izdelek\\\/jahace-rukavice-roeckl-millero\\\/#breadcrumb\",\"itemListElement\":[{\"@type\":\"ListItem\",\"position\":1,\"name\":\"Home\",\"item\":\"https:\\\/\\\/clair.si\\\/hr\\\/\"},{\"@type\":\"ListItem\",\"position\":2,\"name\":\"Trgovina\",\"item\":\"https:\\\/\\\/clair.si\\\/trgovina\\\/\"},{\"@type\":\"ListItem\",\"position\":3,\"name\":\"Jaha\u0107e rukavice Roeckl Millero\"}]},{\"@type\":\"WebSite\",\"@id\":\"https:\\\/\\\/clair.si\\\/#website\",\"url\":\"https:\\\/\\\/clair.si\\\/\",\"name\":\"Clair\",\"description\":\"Trgovina s konjeni\u0161ko opremo\",\"publisher\":{\"@id\":\"https:\\\/\\\/clair.si\\\/#organization\"},\"potentialAction\":[{\"@type\":\"SearchAction\",\"target\":{\"@type\":\"EntryPoint\",\"urlTemplate\":\"https:\\\/\\\/clair.si\\\/?s={search_term_string}\"},\"query-input\":{\"@type\":\"PropertyValueSpecification\",\"valueRequired\":true,\"valueName\":\"search_term_string\"}}],\"inLanguage\":\"hr\"},{\"@type\":\"Organization\",\"@id\":\"https:\\\/\\\/clair.si\\\/#organization\",\"name\":\"Clair\",\"url\":\"https:\\\/\\\/clair.si\\\/\",\"logo\":{\"@type\":\"ImageObject\",\"inLanguage\":\"hr\",\"@id\":\"https:\\\/\\\/clair.si\\\/#\\\/schema\\\/logo\\\/image\\\/\",\"url\":\"https:\\\/\\\/clair.si\\\/wp-content\\\/uploads\\\/2022\\\/11\\\/clair_logo_2022.jpg\",\"contentUrl\":\"https:\\\/\\\/clair.si\\\/wp-content\\\/uploads\\\/2022\\\/11\\\/clair_logo_2022.jpg\",\"width\":1920,\"height\":1920,\"caption\":\"Clair\"},\"image\":{\"@id\":\"https:\\\/\\\/clair.si\\\/#\\\/schema\\\/logo\\\/image\\\/\"},\"sameAs\":[\"https:\\\/\\\/www.facebook.com\\\/TrgovinaClair\\\/\"]}]}<\/script>\n<!-- \/ Yoast SEO plugin. -->","yoast_head_json":{"title":"Jaha\u0107e rukavice Roeckl Millero - Clair","description":"Udobne, elegantne, kompatibilne sa zaslonima osjetljivim na dodir, jaha\u0107e su rukavice koje jednostavno trebate. Osigurajte svoje u na\u0161im trgovinama.","robots":{"index":"index","follow":"follow","max-snippet":"max-snippet:-1","max-image-preview":"max-image-preview:large","max-video-preview":"max-video-preview:-1"},"canonical":"https:\/\/clair.si\/hr\/izdelek\/jahace-rukavice-roeckl-millero\/","og_locale":"hr_HR","og_type":"article","og_title":"Jaha\u0107e rukavice Roeckl Millero - Clair","og_description":"Udobne, elegantne, kompatibilne sa zaslonima osjetljivim na dodir, jaha\u0107e su rukavice koje jednostavno trebate. Osigurajte svoje u na\u0161im trgovinama.","og_url":"https:\/\/clair.si\/hr\/izdelek\/jahace-rukavice-roeckl-millero\/","og_site_name":"Clair","article_publisher":"https:\/\/www.facebook.com\/TrgovinaClair\/","article_modified_time":"2025-08-27T15:51:48+00:00","og_image":[{"width":600,"height":600,"url":"https:\/\/clair.si\/wp-content\/uploads\/2024\/04\/roeckl-01-310027-7901_millero.d6700a-jpg.webp","type":"image\/jpeg"}],"twitter_card":"summary_large_image","twitter_misc":{"Procijenjeno vrijeme \u010ditanja":"1 minuta"},"schema":{"@context":"https:\/\/schema.org","@graph":[{"@type":"WebPage","@id":"https:\/\/clair.si\/hr\/izdelek\/jahace-rukavice-roeckl-millero\/","url":"https:\/\/clair.si\/hr\/izdelek\/jahace-rukavice-roeckl-millero\/","name":"Jaha\u0107e rukavice Roeckl Millero - Clair","isPartOf":{"@id":"https:\/\/clair.si\/#website"},"primaryImageOfPage":{"@id":"https:\/\/clair.si\/hr\/izdelek\/jahace-rukavice-roeckl-millero\/#primaryimage"},"image":{"@id":"https:\/\/clair.si\/hr\/izdelek\/jahace-rukavice-roeckl-millero\/#primaryimage"},"thumbnailUrl":"https:\/\/clair.si\/wp-content\/uploads\/2024\/04\/roeckl-01-310027-7901_millero.d6700a-jpg.webp","datePublished":"2024-04-05T07:50:41+00:00","dateModified":"2025-08-27T15:51:48+00:00","description":"Udobne, elegantne, kompatibilne sa zaslonima osjetljivim na dodir, jaha\u0107e su rukavice koje jednostavno trebate. Osigurajte svoje u na\u0161im trgovinama.","breadcrumb":{"@id":"https:\/\/clair.si\/hr\/izdelek\/jahace-rukavice-roeckl-millero\/#breadcrumb"},"inLanguage":"hr","potentialAction":[{"@type":"ReadAction","target":["https:\/\/clair.si\/hr\/izdelek\/jahace-rukavice-roeckl-millero\/"]}]},{"@type":"ImageObject","inLanguage":"hr","@id":"https:\/\/clair.si\/hr\/izdelek\/jahace-rukavice-roeckl-millero\/#primaryimage","url":"https:\/\/clair.si\/wp-content\/uploads\/2024\/04\/roeckl-01-310027-7901_millero.d6700a-jpg.webp","contentUrl":"https:\/\/clair.si\/wp-content\/uploads\/2024\/04\/roeckl-01-310027-7901_millero.d6700a-jpg.webp","width":600,"height":600},{"@type":"BreadcrumbList","@id":"https:\/\/clair.si\/hr\/izdelek\/jahace-rukavice-roeckl-millero\/#breadcrumb","itemListElement":[{"@type":"ListItem","position":1,"name":"Home","item":"https:\/\/clair.si\/hr\/"},{"@type":"ListItem","position":2,"name":"Trgovina","item":"https:\/\/clair.si\/trgovina\/"},{"@type":"ListItem","position":3,"name":"Jaha\u0107e rukavice Roeckl Millero"}]},{"@type":"WebSite","@id":"https:\/\/clair.si\/#website","url":"https:\/\/clair.si\/","name":"Clair","description":"Trgovina s konjeni\u0161ko opremo","publisher":{"@id":"https:\/\/clair.si\/#organization"},"potentialAction":[{"@type":"SearchAction","target":{"@type":"EntryPoint","urlTemplate":"https:\/\/clair.si\/?s={search_term_string}"},"query-input":{"@type":"PropertyValueSpecification","valueRequired":true,"valueName":"search_term_string"}}],"inLanguage":"hr"},{"@type":"Organization","@id":"https:\/\/clair.si\/#organization","name":"Clair","url":"https:\/\/clair.si\/","logo":{"@type":"ImageObject","inLanguage":"hr","@id":"https:\/\/clair.si\/#\/schema\/logo\/image\/","url":"https:\/\/clair.si\/wp-content\/uploads\/2022\/11\/clair_logo_2022.jpg","contentUrl":"https:\/\/clair.si\/wp-content\/uploads\/2022\/11\/clair_logo_2022.jpg","width":1920,"height":1920,"caption":"Clair"},"image":{"@id":"https:\/\/clair.si\/#\/schema\/logo\/image\/"},"sameAs":["https:\/\/www.facebook.com\/TrgovinaClair\/"]}]}},"_links":{"self":[{"href":"https:\/\/clair.si\/hr\/wp-json\/wp\/v2\/product\/96203","targetHints":{"allow":["GET"]}}],"collection":[{"href":"https:\/\/clair.si\/hr\/wp-json\/wp\/v2\/product"}],"about":[{"href":"https:\/\/clair.si\/hr\/wp-json\/wp\/v2\/types\/product"}],"version-history":[{"count":0,"href":"https:\/\/clair.si\/hr\/wp-json\/wp\/v2\/product\/96203\/revisions"}],"wp:featuredmedia":[{"embeddable":true,"href":"https:\/\/clair.si\/hr\/wp-json\/wp\/v2\/media\/106633"}],"wp:attachment":[{"href":"https:\/\/clair.si\/hr\/wp-json\/wp\/v2\/media?parent=96203"}],"wp:term":[{"taxonomy":"product_brand","embeddable":true,"href":"https:\/\/clair.si\/hr\/wp-json\/wp\/v2\/product_brand?post=96203"},{"taxonomy":"product_cat","embeddable":true,"href":"https:\/\/clair.si\/hr\/wp-json\/wp\/v2\/product_cat?post=96203"},{"taxonomy":"product_tag","embeddable":true,"href":"https:\/\/clair.si\/hr\/wp-json\/wp\/v2\/product_tag?post=96203"}],"curies":[{"name":"wp","href":"https:\/\/api.w.org\/{rel}","templated":true}]}}