{"id":96208,"date":"2024-04-08T08:17:16","date_gmt":"2024-04-08T06:17:16","guid":{"rendered":"https:\/\/clair.si\/izdelek\/dresurna-podsedlica-riding-world-girly\/"},"modified":"2025-09-23T10:58:48","modified_gmt":"2025-09-23T08:58:48","slug":"dresurna-podsedlica-riding-world-girly","status":"publish","type":"product","link":"https:\/\/clair.si\/hr\/izdelek\/dresurna-podsedlica-riding-world-girly\/","title":{"rendered":"Dresurna podsedlica za sedlo Riding World Girly"},"content":{"rendered":"<p><span class=\"Y2IQFc\" lang=\"sl\">Elegantni pro\u0161iveni podlo\u017eak za sedlo, s <strong>15 mm pjene<\/strong>. Dodana obodna petlja za podsedelni remen. Ukra\u0161eno lijepim <strong>sjajnim vezom. Izra\u0111en od poliestera. <\/strong><\/span><\/p>\n","protected":false},"excerpt":{"rendered":"<p>Elegantni pro\u0161iveni podlo\u017eak za sedlo, s 15 mm pjene. Dodana obodna petlja za podsedelni remen. Ukra\u0161eno lijepim sjajnim vezom. Izra\u0111en<\/p>\n","protected":false},"featured_media":96226,"template":"","meta":{"footnotes":""},"product_brand":[],"product_cat":[5727,5624,5726],"product_tag":[],"class_list":{"0":"post-96208","1":"product","2":"type-product","3":"status-publish","4":"has-post-thumbnail","6":"product_cat-dresurne-podsedlice","7":"product_cat-konj-hr","8":"product_cat-podsedlice-i-kapice-za-usi","10":"first","11":"instock","12":"shipping-taxable","13":"purchasable","14":"product-type-variable"},"yoast_head":"<!-- This site is optimized with the Yoast SEO plugin v27.3 - https:\/\/yoast.com\/product\/yoast-seo-wordpress\/ -->\n<title>Dresurna podsedlica za sedlo Riding World Girly - Clair<\/title>\n<meta name=\"description\" content=\"Dresurna podsedlica za sedlo elegantnog izgleda. Pro\u0161iven, s 15 mm pjene. Pogledajte na\u0161u ponudu i izaberite podlo\u017eak za sedlo po svom ukusu u na\u0161oj trgovini.\" \/>\n<meta name=\"robots\" content=\"index, follow, max-snippet:-1, max-image-preview:large, max-video-preview:-1\" \/>\n<link rel=\"canonical\" href=\"https:\/\/clair.si\/izdelek\/dresurna-podsedelnica-riding-world-girly\/\" \/>\n<meta property=\"og:locale\" content=\"hr_HR\" \/>\n<meta property=\"og:type\" content=\"article\" \/>\n<meta property=\"og:title\" content=\"Dresurna podsedlica za sedlo Riding World Girly - Clair\" \/>\n<meta property=\"og:description\" content=\"Dresurna podsedlica za sedlo elegantnog izgleda. Pro\u0161iven, s 15 mm pjene. Pogledajte na\u0161u ponudu i izaberite podlo\u017eak za sedlo po svom ukusu u na\u0161oj trgovini.\" \/>\n<meta property=\"og:url\" content=\"https:\/\/clair.si\/izdelek\/dresurna-podsedelnica-riding-world-girly\/\" \/>\n<meta property=\"og:site_name\" content=\"Clair\" \/>\n<meta property=\"article:publisher\" content=\"https:\/\/www.facebook.com\/TrgovinaClair\/\" \/>\n<meta property=\"article:modified_time\" content=\"2025-09-23T08:58:48+00:00\" \/>\n<meta property=\"og:image\" content=\"https:\/\/clair.si\/wp-content\/uploads\/2024\/04\/riding-world-girly-saddle-pad-12-jpg.webp\" \/>\n\t<meta property=\"og:image:width\" content=\"800\" \/>\n\t<meta property=\"og:image:height\" content=\"800\" \/>\n\t<meta property=\"og:image:type\" content=\"image\/jpeg\" \/>\n<meta name=\"twitter:card\" content=\"summary_large_image\" \/>\n<meta name=\"twitter:label1\" content=\"Procijenjeno vrijeme \u010ditanja\" \/>\n\t<meta name=\"twitter:data1\" content=\"1 minuta\" \/>\n<script type=\"application\/ld+json\" class=\"yoast-schema-graph\">{\"@context\":\"https:\\\/\\\/schema.org\",\"@graph\":[{\"@type\":\"WebPage\",\"@id\":\"https:\\\/\\\/clair.si\\\/izdelek\\\/dresurna-podsedelnica-riding-world-girly\\\/\",\"url\":\"https:\\\/\\\/clair.si\\\/izdelek\\\/dresurna-podsedelnica-riding-world-girly\\\/\",\"name\":\"Dresurna podsedlica za sedlo Riding World Girly - Clair\",\"isPartOf\":{\"@id\":\"https:\\\/\\\/clair.si\\\/#website\"},\"primaryImageOfPage\":{\"@id\":\"https:\\\/\\\/clair.si\\\/izdelek\\\/dresurna-podsedelnica-riding-world-girly\\\/#primaryimage\"},\"image\":{\"@id\":\"https:\\\/\\\/clair.si\\\/izdelek\\\/dresurna-podsedelnica-riding-world-girly\\\/#primaryimage\"},\"thumbnailUrl\":\"https:\\\/\\\/clair.si\\\/wp-content\\\/uploads\\\/2024\\\/04\\\/riding-world-girly-saddle-pad-12-jpg.webp\",\"datePublished\":\"2024-04-08T06:17:16+00:00\",\"dateModified\":\"2025-09-23T08:58:48+00:00\",\"description\":\"Dresurna podsedlica za sedlo elegantnog izgleda. Pro\u0161iven, s 15 mm pjene. Pogledajte na\u0161u ponudu i izaberite podlo\u017eak za sedlo po svom ukusu u na\u0161oj trgovini.\",\"breadcrumb\":{\"@id\":\"https:\\\/\\\/clair.si\\\/izdelek\\\/dresurna-podsedelnica-riding-world-girly\\\/#breadcrumb\"},\"inLanguage\":\"hr\",\"potentialAction\":[{\"@type\":\"ReadAction\",\"target\":[\"https:\\\/\\\/clair.si\\\/izdelek\\\/dresurna-podsedelnica-riding-world-girly\\\/\"]}]},{\"@type\":\"ImageObject\",\"inLanguage\":\"hr\",\"@id\":\"https:\\\/\\\/clair.si\\\/izdelek\\\/dresurna-podsedelnica-riding-world-girly\\\/#primaryimage\",\"url\":\"https:\\\/\\\/clair.si\\\/wp-content\\\/uploads\\\/2024\\\/04\\\/riding-world-girly-saddle-pad-12-jpg.webp\",\"contentUrl\":\"https:\\\/\\\/clair.si\\\/wp-content\\\/uploads\\\/2024\\\/04\\\/riding-world-girly-saddle-pad-12-jpg.webp\",\"width\":800,\"height\":800},{\"@type\":\"BreadcrumbList\",\"@id\":\"https:\\\/\\\/clair.si\\\/izdelek\\\/dresurna-podsedelnica-riding-world-girly\\\/#breadcrumb\",\"itemListElement\":[{\"@type\":\"ListItem\",\"position\":1,\"name\":\"Home\",\"item\":\"https:\\\/\\\/clair.si\\\/hr\\\/\"},{\"@type\":\"ListItem\",\"position\":2,\"name\":\"Trgovina\",\"item\":\"https:\\\/\\\/clair.si\\\/trgovina\\\/\"},{\"@type\":\"ListItem\",\"position\":3,\"name\":\"Dresurna podsedlica za sedlo Riding World Girly\"}]},{\"@type\":\"WebSite\",\"@id\":\"https:\\\/\\\/clair.si\\\/#website\",\"url\":\"https:\\\/\\\/clair.si\\\/\",\"name\":\"Clair\",\"description\":\"Trgovina s konjeni\u0161ko opremo\",\"publisher\":{\"@id\":\"https:\\\/\\\/clair.si\\\/#organization\"},\"potentialAction\":[{\"@type\":\"SearchAction\",\"target\":{\"@type\":\"EntryPoint\",\"urlTemplate\":\"https:\\\/\\\/clair.si\\\/?s={search_term_string}\"},\"query-input\":{\"@type\":\"PropertyValueSpecification\",\"valueRequired\":true,\"valueName\":\"search_term_string\"}}],\"inLanguage\":\"hr\"},{\"@type\":\"Organization\",\"@id\":\"https:\\\/\\\/clair.si\\\/#organization\",\"name\":\"Clair\",\"url\":\"https:\\\/\\\/clair.si\\\/\",\"logo\":{\"@type\":\"ImageObject\",\"inLanguage\":\"hr\",\"@id\":\"https:\\\/\\\/clair.si\\\/#\\\/schema\\\/logo\\\/image\\\/\",\"url\":\"https:\\\/\\\/clair.si\\\/wp-content\\\/uploads\\\/2022\\\/11\\\/clair_logo_2022.jpg\",\"contentUrl\":\"https:\\\/\\\/clair.si\\\/wp-content\\\/uploads\\\/2022\\\/11\\\/clair_logo_2022.jpg\",\"width\":1920,\"height\":1920,\"caption\":\"Clair\"},\"image\":{\"@id\":\"https:\\\/\\\/clair.si\\\/#\\\/schema\\\/logo\\\/image\\\/\"},\"sameAs\":[\"https:\\\/\\\/www.facebook.com\\\/TrgovinaClair\\\/\"]}]}<\/script>\n<!-- \/ Yoast SEO plugin. -->","yoast_head_json":{"title":"Dresurna podsedlica za sedlo Riding World Girly - Clair","description":"Dresurna podsedlica za sedlo elegantnog izgleda. Pro\u0161iven, s 15 mm pjene. Pogledajte na\u0161u ponudu i izaberite podlo\u017eak za sedlo po svom ukusu u na\u0161oj trgovini.","robots":{"index":"index","follow":"follow","max-snippet":"max-snippet:-1","max-image-preview":"max-image-preview:large","max-video-preview":"max-video-preview:-1"},"canonical":"https:\/\/clair.si\/izdelek\/dresurna-podsedelnica-riding-world-girly\/","og_locale":"hr_HR","og_type":"article","og_title":"Dresurna podsedlica za sedlo Riding World Girly - Clair","og_description":"Dresurna podsedlica za sedlo elegantnog izgleda. Pro\u0161iven, s 15 mm pjene. Pogledajte na\u0161u ponudu i izaberite podlo\u017eak za sedlo po svom ukusu u na\u0161oj trgovini.","og_url":"https:\/\/clair.si\/izdelek\/dresurna-podsedelnica-riding-world-girly\/","og_site_name":"Clair","article_publisher":"https:\/\/www.facebook.com\/TrgovinaClair\/","article_modified_time":"2025-09-23T08:58:48+00:00","og_image":[{"width":800,"height":800,"url":"https:\/\/clair.si\/wp-content\/uploads\/2024\/04\/riding-world-girly-saddle-pad-12-jpg.webp","type":"image\/jpeg"}],"twitter_card":"summary_large_image","twitter_misc":{"Procijenjeno vrijeme \u010ditanja":"1 minuta"},"schema":{"@context":"https:\/\/schema.org","@graph":[{"@type":"WebPage","@id":"https:\/\/clair.si\/izdelek\/dresurna-podsedelnica-riding-world-girly\/","url":"https:\/\/clair.si\/izdelek\/dresurna-podsedelnica-riding-world-girly\/","name":"Dresurna podsedlica za sedlo Riding World Girly - Clair","isPartOf":{"@id":"https:\/\/clair.si\/#website"},"primaryImageOfPage":{"@id":"https:\/\/clair.si\/izdelek\/dresurna-podsedelnica-riding-world-girly\/#primaryimage"},"image":{"@id":"https:\/\/clair.si\/izdelek\/dresurna-podsedelnica-riding-world-girly\/#primaryimage"},"thumbnailUrl":"https:\/\/clair.si\/wp-content\/uploads\/2024\/04\/riding-world-girly-saddle-pad-12-jpg.webp","datePublished":"2024-04-08T06:17:16+00:00","dateModified":"2025-09-23T08:58:48+00:00","description":"Dresurna podsedlica za sedlo elegantnog izgleda. Pro\u0161iven, s 15 mm pjene. Pogledajte na\u0161u ponudu i izaberite podlo\u017eak za sedlo po svom ukusu u na\u0161oj trgovini.","breadcrumb":{"@id":"https:\/\/clair.si\/izdelek\/dresurna-podsedelnica-riding-world-girly\/#breadcrumb"},"inLanguage":"hr","potentialAction":[{"@type":"ReadAction","target":["https:\/\/clair.si\/izdelek\/dresurna-podsedelnica-riding-world-girly\/"]}]},{"@type":"ImageObject","inLanguage":"hr","@id":"https:\/\/clair.si\/izdelek\/dresurna-podsedelnica-riding-world-girly\/#primaryimage","url":"https:\/\/clair.si\/wp-content\/uploads\/2024\/04\/riding-world-girly-saddle-pad-12-jpg.webp","contentUrl":"https:\/\/clair.si\/wp-content\/uploads\/2024\/04\/riding-world-girly-saddle-pad-12-jpg.webp","width":800,"height":800},{"@type":"BreadcrumbList","@id":"https:\/\/clair.si\/izdelek\/dresurna-podsedelnica-riding-world-girly\/#breadcrumb","itemListElement":[{"@type":"ListItem","position":1,"name":"Home","item":"https:\/\/clair.si\/hr\/"},{"@type":"ListItem","position":2,"name":"Trgovina","item":"https:\/\/clair.si\/trgovina\/"},{"@type":"ListItem","position":3,"name":"Dresurna podsedlica za sedlo Riding World Girly"}]},{"@type":"WebSite","@id":"https:\/\/clair.si\/#website","url":"https:\/\/clair.si\/","name":"Clair","description":"Trgovina s konjeni\u0161ko opremo","publisher":{"@id":"https:\/\/clair.si\/#organization"},"potentialAction":[{"@type":"SearchAction","target":{"@type":"EntryPoint","urlTemplate":"https:\/\/clair.si\/?s={search_term_string}"},"query-input":{"@type":"PropertyValueSpecification","valueRequired":true,"valueName":"search_term_string"}}],"inLanguage":"hr"},{"@type":"Organization","@id":"https:\/\/clair.si\/#organization","name":"Clair","url":"https:\/\/clair.si\/","logo":{"@type":"ImageObject","inLanguage":"hr","@id":"https:\/\/clair.si\/#\/schema\/logo\/image\/","url":"https:\/\/clair.si\/wp-content\/uploads\/2022\/11\/clair_logo_2022.jpg","contentUrl":"https:\/\/clair.si\/wp-content\/uploads\/2022\/11\/clair_logo_2022.jpg","width":1920,"height":1920,"caption":"Clair"},"image":{"@id":"https:\/\/clair.si\/#\/schema\/logo\/image\/"},"sameAs":["https:\/\/www.facebook.com\/TrgovinaClair\/"]}]}},"_links":{"self":[{"href":"https:\/\/clair.si\/hr\/wp-json\/wp\/v2\/product\/96208","targetHints":{"allow":["GET"]}}],"collection":[{"href":"https:\/\/clair.si\/hr\/wp-json\/wp\/v2\/product"}],"about":[{"href":"https:\/\/clair.si\/hr\/wp-json\/wp\/v2\/types\/product"}],"version-history":[{"count":2,"href":"https:\/\/clair.si\/hr\/wp-json\/wp\/v2\/product\/96208\/revisions"}],"predecessor-version":[{"id":113957,"href":"https:\/\/clair.si\/hr\/wp-json\/wp\/v2\/product\/96208\/revisions\/113957"}],"wp:featuredmedia":[{"embeddable":true,"href":"https:\/\/clair.si\/hr\/wp-json\/wp\/v2\/media\/96226"}],"wp:attachment":[{"href":"https:\/\/clair.si\/hr\/wp-json\/wp\/v2\/media?parent=96208"}],"wp:term":[{"taxonomy":"product_brand","embeddable":true,"href":"https:\/\/clair.si\/hr\/wp-json\/wp\/v2\/product_brand?post=96208"},{"taxonomy":"product_cat","embeddable":true,"href":"https:\/\/clair.si\/hr\/wp-json\/wp\/v2\/product_cat?post=96208"},{"taxonomy":"product_tag","embeddable":true,"href":"https:\/\/clair.si\/hr\/wp-json\/wp\/v2\/product_tag?post=96208"}],"curies":[{"name":"wp","href":"https:\/\/api.w.org\/{rel}","templated":true}]}}