{"id":96260,"date":"2024-04-05T10:01:16","date_gmt":"2024-04-05T08:01:16","guid":{"rendered":"https:\/\/clair.si\/izdelek\/djecje-jahace-rukavice-roeckl-roeck-grip-junior\/"},"modified":"2025-12-10T06:17:38","modified_gmt":"2025-12-10T05:17:38","slug":"djecje-jahace-rukavice-roeckl-roeck-grip-junior","status":"publish","type":"product","link":"https:\/\/clair.si\/hr\/izdelek\/djecje-jahace-rukavice-roeckl-roeck-grip-junior\/","title":{"rendered":"Dje\u010dje jaha\u0107e rukavice Roeckl Roeck Grip Junior"},"content":{"rendered":"<p><span class=\"HwtZe\" lang=\"sl\"><span class=\"jCAhz\"><span class=\"ryNqvb\"><strong>Rukavice Roeckl Roeck Grip Junior<\/strong> \u2013 mnogi su ih ve\u0107 \u017eeljeli rekreirati, ali nikada nisu bile usporedive.<\/span><\/span><\/span><\/p>\n<p><span class=\"HwtZe\" lang=\"sl\"><span class=\"jCAhz\"><span class=\"ryNqvb\"><strong>Jaha\u0107e rukavice Roeckl Roeck Grip Junior<\/strong> su neizostavan original u umanjenoj verziji. Zapravo, njihova je jedinstvenost jasno opipljiva. Kao \u0161to se \u010desto doga\u0111a, detalji i, prije svega, materijali su ti koji \u010dine razliku o\u010diglednom.   <strong>ROECK-GRIP je ekskluzivan materijal. Iznimno je prozra\u010dan, elasti\u010dan i fleksibilan <\/strong>.<\/span><\/span><\/span><\/p>\n<p><span class=\"HwtZe\" lang=\"sl\"><span class=\"jCAhz\"><span class=\"ryNqvb\"><strong>Ukratko: pristaje kao druga ko\u017ea<\/strong>. Istovremeno pru\u017ea odli\u010dno prianjanje i taktilnost vodova. Kako bi osigurao idealno pristajanje, Roeckl koristi klasi\u010dne francuske veli\u010dine rukavica. S veli\u010dinama od 6.0 do 11.0, \u0161to zna\u010di jedanaest veli\u010dina po boji \u2013 svaki \u0107e jaha\u010d zasigurno prona\u0107i savr\u0161ene rukavice za svoje potrebe. Velika se va\u017enost pridaje i kvaliteti izrade: pojedina\u010dni komadi ru\u010dno su precizno sa\u0161iveni. Tolerancije \u0161avova do najvi\u0161e 1 milimetar samo su jedan od opipljivih kriterija kvalitete, jer se udobnost ne mo\u017ee izmjeriti. Tajna je u krojevima i proporcijama. Ovdje Roeckl crpi znanje iz vi\u0161e od 180 godina iskustva u umjetnosti krojenja rukavica.       <\/span><\/span><\/span><\/p>\n<p><span class=\"HwtZe\" lang=\"sl\"><span class=\"jCAhz\"><span class=\"ryNqvb\"><strong>Prakti\u010dno:<\/strong> <strong>Jaha\u0107e rukavice Roeckl Roeck Grip Junior<\/strong> mogu se prati u perilici rublja na 30\u00b0 Celzijusa.<\/span><\/span><\/span><\/p>\n<p>Sastav: 100% mje\u0161avina sintetike<\/p>\n","protected":false},"excerpt":{"rendered":"<p>Rukavice Roeckl Roeck Grip Junior \u2013 mnogi su ih ve\u0107 \u017eeljeli rekreirati, ali nikada nisu bile usporedive. Jaha\u0107e rukavice Roeckl<\/p>\n","protected":false},"featured_media":96274,"template":"","meta":{"footnotes":""},"product_brand":[],"product_cat":[5654,5738,5670,5737],"product_tag":[],"class_list":{"0":"post-96260","1":"product","2":"type-product","3":"status-publish","4":"has-post-thumbnail","6":"product_cat-jahac-hr","7":"product_cat-ljetne-rukavice","8":"product_cat-natjecanja","9":"product_cat-rukavice","11":"first","12":"instock","13":"sale","14":"shipping-taxable","15":"purchasable","16":"product-type-variable"},"yoast_head":"<!-- This site is optimized with the Yoast SEO plugin v27.4 - https:\/\/yoast.com\/product\/yoast-seo-wordpress\/ -->\n<title>Dje\u010dje jaha\u0107e rukavice Roeckl Roeck Grip Junior - Clair<\/title>\n<meta name=\"description\" content=\"Originalne i jedinstvene jaha\u0107e rukavice Roeckl Roeck Grip Junior, sa svim svojstvima velikih sestara. Osigurajte si svoje na na\u0161oj web stranici.\" \/>\n<meta name=\"robots\" content=\"index, follow, max-snippet:-1, max-image-preview:large, max-video-preview:-1\" \/>\n<link rel=\"canonical\" href=\"https:\/\/clair.si\/hr\/izdelek\/djecje-jahace-rukavice-roeckl-roeck-grip-junior\/\" \/>\n<meta property=\"og:locale\" content=\"hr_HR\" \/>\n<meta property=\"og:type\" content=\"article\" \/>\n<meta property=\"og:title\" content=\"Dje\u010dje jaha\u0107e rukavice Roeckl Roeck Grip Junior - Clair\" \/>\n<meta property=\"og:description\" content=\"Originalne i jedinstvene jaha\u0107e rukavice Roeckl Roeck Grip Junior, sa svim svojstvima velikih sestara. Osigurajte si svoje na na\u0161oj web stranici.\" \/>\n<meta property=\"og:url\" content=\"https:\/\/clair.si\/hr\/izdelek\/djecje-jahace-rukavice-roeckl-roeck-grip-junior\/\" \/>\n<meta property=\"og:site_name\" content=\"Clair\" \/>\n<meta property=\"article:publisher\" content=\"https:\/\/www.facebook.com\/TrgovinaClair\/\" \/>\n<meta property=\"article:modified_time\" content=\"2025-12-10T05:17:38+00:00\" \/>\n<meta property=\"og:image\" content=\"https:\/\/clair.si\/wp-content\/uploads\/2024\/04\/W-1_304190004-jpg.webp\" \/>\n\t<meta property=\"og:image:width\" content=\"640\" \/>\n\t<meta property=\"og:image:height\" content=\"640\" \/>\n\t<meta property=\"og:image:type\" content=\"image\/jpeg\" \/>\n<meta name=\"twitter:card\" content=\"summary_large_image\" \/>\n<meta name=\"twitter:label1\" content=\"Procijenjeno vrijeme \u010ditanja\" \/>\n\t<meta name=\"twitter:data1\" content=\"1 minuta\" \/>\n<script type=\"application\/ld+json\" class=\"yoast-schema-graph\">{\"@context\":\"https:\\\/\\\/schema.org\",\"@graph\":[{\"@type\":\"WebPage\",\"@id\":\"https:\\\/\\\/clair.si\\\/hr\\\/izdelek\\\/djecje-jahace-rukavice-roeckl-roeck-grip-junior\\\/\",\"url\":\"https:\\\/\\\/clair.si\\\/hr\\\/izdelek\\\/djecje-jahace-rukavice-roeckl-roeck-grip-junior\\\/\",\"name\":\"Dje\u010dje jaha\u0107e rukavice Roeckl Roeck Grip Junior - Clair\",\"isPartOf\":{\"@id\":\"https:\\\/\\\/clair.si\\\/#website\"},\"primaryImageOfPage\":{\"@id\":\"https:\\\/\\\/clair.si\\\/hr\\\/izdelek\\\/djecje-jahace-rukavice-roeckl-roeck-grip-junior\\\/#primaryimage\"},\"image\":{\"@id\":\"https:\\\/\\\/clair.si\\\/hr\\\/izdelek\\\/djecje-jahace-rukavice-roeckl-roeck-grip-junior\\\/#primaryimage\"},\"thumbnailUrl\":\"https:\\\/\\\/clair.si\\\/wp-content\\\/uploads\\\/2024\\\/04\\\/W-1_304190004-jpg.webp\",\"datePublished\":\"2024-04-05T08:01:16+00:00\",\"dateModified\":\"2025-12-10T05:17:38+00:00\",\"description\":\"Originalne i jedinstvene jaha\u0107e rukavice Roeckl Roeck Grip Junior, sa svim svojstvima velikih sestara. Osigurajte si svoje na na\u0161oj web stranici.\",\"breadcrumb\":{\"@id\":\"https:\\\/\\\/clair.si\\\/hr\\\/izdelek\\\/djecje-jahace-rukavice-roeckl-roeck-grip-junior\\\/#breadcrumb\"},\"inLanguage\":\"hr\",\"potentialAction\":[{\"@type\":\"ReadAction\",\"target\":[\"https:\\\/\\\/clair.si\\\/hr\\\/izdelek\\\/djecje-jahace-rukavice-roeckl-roeck-grip-junior\\\/\"]}]},{\"@type\":\"ImageObject\",\"inLanguage\":\"hr\",\"@id\":\"https:\\\/\\\/clair.si\\\/hr\\\/izdelek\\\/djecje-jahace-rukavice-roeckl-roeck-grip-junior\\\/#primaryimage\",\"url\":\"https:\\\/\\\/clair.si\\\/wp-content\\\/uploads\\\/2024\\\/04\\\/W-1_304190004-jpg.webp\",\"contentUrl\":\"https:\\\/\\\/clair.si\\\/wp-content\\\/uploads\\\/2024\\\/04\\\/W-1_304190004-jpg.webp\",\"width\":640,\"height\":640},{\"@type\":\"BreadcrumbList\",\"@id\":\"https:\\\/\\\/clair.si\\\/hr\\\/izdelek\\\/djecje-jahace-rukavice-roeckl-roeck-grip-junior\\\/#breadcrumb\",\"itemListElement\":[{\"@type\":\"ListItem\",\"position\":1,\"name\":\"Home\",\"item\":\"https:\\\/\\\/clair.si\\\/hr\\\/\"},{\"@type\":\"ListItem\",\"position\":2,\"name\":\"Trgovina\",\"item\":\"https:\\\/\\\/clair.si\\\/trgovina\\\/\"},{\"@type\":\"ListItem\",\"position\":3,\"name\":\"Dje\u010dje jaha\u0107e rukavice Roeckl Roeck Grip Junior\"}]},{\"@type\":\"WebSite\",\"@id\":\"https:\\\/\\\/clair.si\\\/#website\",\"url\":\"https:\\\/\\\/clair.si\\\/\",\"name\":\"Clair\",\"description\":\"Trgovina s konjeni\u0161ko opremo\",\"publisher\":{\"@id\":\"https:\\\/\\\/clair.si\\\/#organization\"},\"potentialAction\":[{\"@type\":\"SearchAction\",\"target\":{\"@type\":\"EntryPoint\",\"urlTemplate\":\"https:\\\/\\\/clair.si\\\/?s={search_term_string}\"},\"query-input\":{\"@type\":\"PropertyValueSpecification\",\"valueRequired\":true,\"valueName\":\"search_term_string\"}}],\"inLanguage\":\"hr\"},{\"@type\":\"Organization\",\"@id\":\"https:\\\/\\\/clair.si\\\/#organization\",\"name\":\"Clair\",\"url\":\"https:\\\/\\\/clair.si\\\/\",\"logo\":{\"@type\":\"ImageObject\",\"inLanguage\":\"hr\",\"@id\":\"https:\\\/\\\/clair.si\\\/#\\\/schema\\\/logo\\\/image\\\/\",\"url\":\"https:\\\/\\\/clair.si\\\/wp-content\\\/uploads\\\/2022\\\/11\\\/clair_logo_2022.jpg\",\"contentUrl\":\"https:\\\/\\\/clair.si\\\/wp-content\\\/uploads\\\/2022\\\/11\\\/clair_logo_2022.jpg\",\"width\":1920,\"height\":1920,\"caption\":\"Clair\"},\"image\":{\"@id\":\"https:\\\/\\\/clair.si\\\/#\\\/schema\\\/logo\\\/image\\\/\"},\"sameAs\":[\"https:\\\/\\\/www.facebook.com\\\/TrgovinaClair\\\/\"]}]}<\/script>\n<!-- \/ Yoast SEO plugin. -->","yoast_head_json":{"title":"Dje\u010dje jaha\u0107e rukavice Roeckl Roeck Grip Junior - Clair","description":"Originalne i jedinstvene jaha\u0107e rukavice Roeckl Roeck Grip Junior, sa svim svojstvima velikih sestara. Osigurajte si svoje na na\u0161oj web stranici.","robots":{"index":"index","follow":"follow","max-snippet":"max-snippet:-1","max-image-preview":"max-image-preview:large","max-video-preview":"max-video-preview:-1"},"canonical":"https:\/\/clair.si\/hr\/izdelek\/djecje-jahace-rukavice-roeckl-roeck-grip-junior\/","og_locale":"hr_HR","og_type":"article","og_title":"Dje\u010dje jaha\u0107e rukavice Roeckl Roeck Grip Junior - Clair","og_description":"Originalne i jedinstvene jaha\u0107e rukavice Roeckl Roeck Grip Junior, sa svim svojstvima velikih sestara. Osigurajte si svoje na na\u0161oj web stranici.","og_url":"https:\/\/clair.si\/hr\/izdelek\/djecje-jahace-rukavice-roeckl-roeck-grip-junior\/","og_site_name":"Clair","article_publisher":"https:\/\/www.facebook.com\/TrgovinaClair\/","article_modified_time":"2025-12-10T05:17:38+00:00","og_image":[{"width":640,"height":640,"url":"https:\/\/clair.si\/wp-content\/uploads\/2024\/04\/W-1_304190004-jpg.webp","type":"image\/jpeg"}],"twitter_card":"summary_large_image","twitter_misc":{"Procijenjeno vrijeme \u010ditanja":"1 minuta"},"schema":{"@context":"https:\/\/schema.org","@graph":[{"@type":"WebPage","@id":"https:\/\/clair.si\/hr\/izdelek\/djecje-jahace-rukavice-roeckl-roeck-grip-junior\/","url":"https:\/\/clair.si\/hr\/izdelek\/djecje-jahace-rukavice-roeckl-roeck-grip-junior\/","name":"Dje\u010dje jaha\u0107e rukavice Roeckl Roeck Grip Junior - Clair","isPartOf":{"@id":"https:\/\/clair.si\/#website"},"primaryImageOfPage":{"@id":"https:\/\/clair.si\/hr\/izdelek\/djecje-jahace-rukavice-roeckl-roeck-grip-junior\/#primaryimage"},"image":{"@id":"https:\/\/clair.si\/hr\/izdelek\/djecje-jahace-rukavice-roeckl-roeck-grip-junior\/#primaryimage"},"thumbnailUrl":"https:\/\/clair.si\/wp-content\/uploads\/2024\/04\/W-1_304190004-jpg.webp","datePublished":"2024-04-05T08:01:16+00:00","dateModified":"2025-12-10T05:17:38+00:00","description":"Originalne i jedinstvene jaha\u0107e rukavice Roeckl Roeck Grip Junior, sa svim svojstvima velikih sestara. Osigurajte si svoje na na\u0161oj web stranici.","breadcrumb":{"@id":"https:\/\/clair.si\/hr\/izdelek\/djecje-jahace-rukavice-roeckl-roeck-grip-junior\/#breadcrumb"},"inLanguage":"hr","potentialAction":[{"@type":"ReadAction","target":["https:\/\/clair.si\/hr\/izdelek\/djecje-jahace-rukavice-roeckl-roeck-grip-junior\/"]}]},{"@type":"ImageObject","inLanguage":"hr","@id":"https:\/\/clair.si\/hr\/izdelek\/djecje-jahace-rukavice-roeckl-roeck-grip-junior\/#primaryimage","url":"https:\/\/clair.si\/wp-content\/uploads\/2024\/04\/W-1_304190004-jpg.webp","contentUrl":"https:\/\/clair.si\/wp-content\/uploads\/2024\/04\/W-1_304190004-jpg.webp","width":640,"height":640},{"@type":"BreadcrumbList","@id":"https:\/\/clair.si\/hr\/izdelek\/djecje-jahace-rukavice-roeckl-roeck-grip-junior\/#breadcrumb","itemListElement":[{"@type":"ListItem","position":1,"name":"Home","item":"https:\/\/clair.si\/hr\/"},{"@type":"ListItem","position":2,"name":"Trgovina","item":"https:\/\/clair.si\/trgovina\/"},{"@type":"ListItem","position":3,"name":"Dje\u010dje jaha\u0107e rukavice Roeckl Roeck Grip Junior"}]},{"@type":"WebSite","@id":"https:\/\/clair.si\/#website","url":"https:\/\/clair.si\/","name":"Clair","description":"Trgovina s konjeni\u0161ko opremo","publisher":{"@id":"https:\/\/clair.si\/#organization"},"potentialAction":[{"@type":"SearchAction","target":{"@type":"EntryPoint","urlTemplate":"https:\/\/clair.si\/?s={search_term_string}"},"query-input":{"@type":"PropertyValueSpecification","valueRequired":true,"valueName":"search_term_string"}}],"inLanguage":"hr"},{"@type":"Organization","@id":"https:\/\/clair.si\/#organization","name":"Clair","url":"https:\/\/clair.si\/","logo":{"@type":"ImageObject","inLanguage":"hr","@id":"https:\/\/clair.si\/#\/schema\/logo\/image\/","url":"https:\/\/clair.si\/wp-content\/uploads\/2022\/11\/clair_logo_2022.jpg","contentUrl":"https:\/\/clair.si\/wp-content\/uploads\/2022\/11\/clair_logo_2022.jpg","width":1920,"height":1920,"caption":"Clair"},"image":{"@id":"https:\/\/clair.si\/#\/schema\/logo\/image\/"},"sameAs":["https:\/\/www.facebook.com\/TrgovinaClair\/"]}]}},"_links":{"self":[{"href":"https:\/\/clair.si\/hr\/wp-json\/wp\/v2\/product\/96260","targetHints":{"allow":["GET"]}}],"collection":[{"href":"https:\/\/clair.si\/hr\/wp-json\/wp\/v2\/product"}],"about":[{"href":"https:\/\/clair.si\/hr\/wp-json\/wp\/v2\/types\/product"}],"version-history":[{"count":0,"href":"https:\/\/clair.si\/hr\/wp-json\/wp\/v2\/product\/96260\/revisions"}],"wp:featuredmedia":[{"embeddable":true,"href":"https:\/\/clair.si\/hr\/wp-json\/wp\/v2\/media\/96274"}],"wp:attachment":[{"href":"https:\/\/clair.si\/hr\/wp-json\/wp\/v2\/media?parent=96260"}],"wp:term":[{"taxonomy":"product_brand","embeddable":true,"href":"https:\/\/clair.si\/hr\/wp-json\/wp\/v2\/product_brand?post=96260"},{"taxonomy":"product_cat","embeddable":true,"href":"https:\/\/clair.si\/hr\/wp-json\/wp\/v2\/product_cat?post=96260"},{"taxonomy":"product_tag","embeddable":true,"href":"https:\/\/clair.si\/hr\/wp-json\/wp\/v2\/product_tag?post=96260"}],"curies":[{"name":"wp","href":"https:\/\/api.w.org\/{rel}","templated":true}]}}