{"id":96308,"date":"2024-03-22T10:42:57","date_gmt":"2024-03-22T09:42:57","guid":{"rendered":"https:\/\/clair.si\/izdelek\/marstall-zucht-klassik\/"},"modified":"2025-08-28T19:45:33","modified_gmt":"2025-08-28T17:45:33","slug":"marstall-zucht-klassik","status":"publish","type":"product","link":"https:\/\/clair.si\/hr\/izdelek\/marstall-zucht-klassik\/","title":{"rendered":"Marstall Zucht-Klassik"},"content":{"rendered":"<p><strong>Marstall Zuch-klassik<\/strong> se sastoji od zobi, lako probavljivih hidrotermalno maceriranih \u017eitnih pahuljica, \u010distih aminokiselina i drugih vrhunskih proteinskih sastojaka te omega-3 masnih kiselina. Mje\u0161avina muslija je tako\u0111er oboga\u0107ena va\u017enim mineralima, elementima u tragovima i dodatnim beta-karotenom. Marstall Zuch-klassik je dizajniran za potrebe pastuha i bre\u0111ih ili kobila koje doje.<\/p>\n<p>Marstall Zucht-klassik pokriva pove\u0107ane energetske potrebe bre\u0111ih kobila i onih koje doje s lako probavljivim, hidrotermalno maceriranim \u017eitnim pahuljicama, zobi i uljima koja sadr\u017ee omega-3 masne kiseline. Pored \u010distog, 100 % iskoristivog L-lizina, Marstall Zuch-klassik uklju\u010duje dodatne kvalitetne proteinske sastojke, kao \u0161to su soja i pivski kvasac, koji sadr\u017ee visoku razinu leucina, metionina i drugih \u010distih esencijalnih aminokiselina. Oni su klju\u010dni za rast ploda i proizvodnju mlije\u010dnih proteina.<\/p>\n<p>Krmivo je dopunjeno kalcijem, fosforom, bakrom, cinkom i manganom te osigurava zdrav razvoj zglobova i kostiju \u017edrebeta. Organski selen iz kvasca, oboga\u0107enog selenom, pobolj\u0161ava vitalnost i imunitet nero\u0111enog \u017edrebeta, a kasnije pobolj\u0161ava i kvalitetu kobiljeg mlijeka. U kombinaciji s vitaminom E i beta-karotenom, kvasac oboga\u0107en selenom poma\u017ee i pri odvajanju posteljice i odra\u017eava se i u daljnjoj plodnosti. Odgovaraju\u0107e razine cinka, betakarotena, vitamina A i E klju\u010dno i pozitivno utje\u010du na kvalitetu kolostruma.<\/p>\n<p>I \u017edrebadima koristi hranjenje <strong>Marstall Zuch-klassik<\/strong>. \u010ciste aminokiseline, selen, beta-karoten, vitamin A i vitamin E, koje sadr\u017ei, mogu pobolj\u0161ati koli\u010dinu i kvalitetu sperme. Pored toga, Marstall Zucht-klassik ja\u010da kondicijsko stanje za rasplod i uravnote\u017euje \u017eivce.<\/p>\n<p>Kobile koje moraju dobiti na te\u017eini ili primaju samo sijeno, bez kvalitetne pa\u0161e, vrijedi hraniti s dodatnim beta-karotenom i proteinima najvi\u0161e kvalitete od otprilike \u010detiri tjedna prije oplodnje do 3. tjedna graviditeta. Bre\u0111e kobile tada ne trebaju dodatne prehrambene dopune do 7. mjeseca graviditeta. Od 8. mjeseca graviditeta se \u017edrebe brzo razvija u majci, \u0161to znatno pove\u0107ava potrebe kobile za hranom. Isto vrijedi i za fazu laktacije (sisanja) nakon poroda.<\/p>\n<p><strong>Sastav:<\/strong><\/p>\n<p><em><span class=\"VIiyi\" lang=\"sl\"><span class=\"JLqJ4b ChMk0b\" data-language-for-alternatives=\"sl\" data-language-to-translate-into=\"en\" data-phrase-index=\"0\" data-number-of-phrases=\"2\"><span class=\"Q4iAWc\">Kukuruzne pahuljice (21,00 %), je\u010dmene pahuljice (20,00 %), zob (15,00 %), soja, olju\u0161tena, parno zagrijana (15,00 %), krupica (12,00 %), kukuruzni gluten (6,50 %), ulje uljane repice, rafinirano<\/span><\/span> <span class=\"JLqJ4b ChMk0b\" data-language-for-alternatives=\"sl\" data-language-to-translate-into=\"en\" data-phrase-index=\"1\" data-number-of-phrases=\"2\"><span class=\"Q4iAWc\">(3,00 %), repina melasa (3,00 %), kalcijev karbonat (2,00 %), pivski kvasac (1,50 %), natrijev klorid (0,50 %), magnezijev oksid (0,25 %).<\/span><\/span><\/span><\/em><\/p>\n<p>Analiti\u010dki sastojci: sirovi proteini 16 %, pcv* sirovi proteini 110 g, sirova mast 6 %, sirove vlaknine 5,8 %, sirovi pepeo 6,4 %, energetska vrijednost DE 12,4 mg, energetska vrijednost ME 11,3 mg, kalcij 0,95 %, fosfor 0,45 %, natrij 0,25 %, magnezij 0,3 %, lizin 0,9 %, Lmetionin + cistin 0,4 %, leucin 0,95 %<\/p>\n<p>Vitamini topljivi u mastima na kg: vitamin A 3a672a 20.000 I.U., beta-karoten 50 mg, vitamin D3 E671 3.200 I.U., vitamin e (3a700) 400 mg, vitamin K3 15 mg<\/p>\n<p>Vitamini topljivi u vodi na kg: vitamin C (3a312) 100 mg, vitamin B1 (3a821) 30 mg, vitamin B2 kao riboflavin 18 mg, vitamin B6 kao piridoksinhidroklorid 3a381 10 mg, vitamin B12 cianokobalami 120 \u00b5g, biotin (3a880) 280 \u00b5g, folna kiselina 3a316 8 mg, holin klorid 3a890 400 mg, kalcijev D-pantotenat (3a841) 35 mg niacin (3a314) 70 mg<\/p>\n<p>Elementi u tragovima na kg: \u017eeljezo kao \u017eeljezov sulfat, monohidrat 150 mg, bakar kao bakrov sulfat, pentahidrat 30 mg, bakrov (II) glicin kelat hidrat 3b413 15 mg, cinkov oksid (3b603) 120 mg, cink iz hidrata glicin cinkovog kelata 3b607 60 mg, mangan E5 kao mangan-(II)-oksid 70 mg, mangan kao glicin-manganovkelat, hidrat 30 mg, jod kao kalcijev jodat, bezvodni (3b202) 0,9 mg, selen E8 kao natrijev selenit 0,5 mg, selene u organskoj obliki iz Saccharomyces cerevisiae CNCM I-3060 , eaktiviranega kvasa 0,3 mg<\/p>\n<p>Aminokiselinski profil: L-lizin monohidroklorid 3c322 0,3 %<\/p>\n","protected":false},"excerpt":{"rendered":"<p><strong>Za ovaj proizvod se zbog dimenzija ili te\u017eine napla\u0107uju dodatni tro\u0161kovi dostave u iznosu od 15 \u20ac \/ kom.<\/strong><\/p>\n<p>&nbsp;<\/p>\n<p><strong>Za rasplodne kobile i pastuhe<\/strong><\/p>\n<ul>\n<li>s \u010distim aminokiselinama<\/li>\n<li>s beta karotenom, dodatnim bakrom i organskim selenom<\/li>\n<li>za plodnost, razvoj ploda i proizvodnju mlijeka<\/li>\n<\/ul>\n<p><strong>Koli\u010dina: 20 kg<\/strong><\/p>\n<p>&nbsp;<\/p>\n<p>&nbsp;<\/p>\n","protected":false},"featured_media":96310,"template":"","meta":{"footnotes":""},"product_brand":[],"product_cat":[5710,6089,6249],"product_tag":[],"class_list":{"0":"post-96308","1":"product","2":"type-product","3":"status-publish","4":"has-post-thumbnail","6":"product_cat-hrana-za-konje-hr","7":"product_cat-marstall-hr","8":"product_cat-za-uzgoj","9":"product_shipping_class-marstall-hr","11":"first","12":"instock","13":"sale","14":"shipping-taxable","15":"purchasable","16":"product-type-simple"},"yoast_head":"<!-- This site is optimized with the Yoast SEO plugin v27.4 - https:\/\/yoast.com\/product\/yoast-seo-wordpress\/ -->\n<title>Marstall Zucht-Klassik - Clair<\/title>\n<meta name=\"description\" content=\"Marstall Zuchtm\u00fcsli slu\u017ei kako bre\u0111im kobilama tako i onima koje doje, kao i \u017edrebadima. Hrana visoke kvalitete! Provjerite ponudu u na\u0161oj web trgovini!\" \/>\n<meta name=\"robots\" content=\"index, follow, max-snippet:-1, max-image-preview:large, max-video-preview:-1\" \/>\n<link rel=\"canonical\" href=\"https:\/\/clair.si\/hr\/izdelek\/marstall-zucht-klassik\/\" \/>\n<meta property=\"og:locale\" content=\"hr_HR\" \/>\n<meta property=\"og:type\" content=\"article\" \/>\n<meta property=\"og:title\" content=\"Marstall Zucht-Klassik - Clair\" \/>\n<meta property=\"og:description\" content=\"Marstall Zuchtm\u00fcsli slu\u017ei kako bre\u0111im kobilama tako i onima koje doje, kao i \u017edrebadima. Hrana visoke kvalitete! Provjerite ponudu u na\u0161oj web trgovini!\" \/>\n<meta property=\"og:url\" content=\"https:\/\/clair.si\/hr\/izdelek\/marstall-zucht-klassik\/\" \/>\n<meta property=\"og:site_name\" content=\"Clair\" \/>\n<meta property=\"article:publisher\" content=\"https:\/\/www.facebook.com\/TrgovinaClair\/\" \/>\n<meta property=\"article:modified_time\" content=\"2025-08-28T17:45:33+00:00\" \/>\n<meta property=\"og:image\" content=\"https:\/\/clair.si\/wp-content\/uploads\/2024\/03\/marstall-zucht-klassik-trgovina-clair-2-jpg.webp\" \/>\n\t<meta property=\"og:image:width\" content=\"1200\" \/>\n\t<meta property=\"og:image:height\" content=\"1200\" \/>\n\t<meta property=\"og:image:type\" content=\"image\/jpeg\" \/>\n<meta name=\"twitter:card\" content=\"summary_large_image\" \/>\n<meta name=\"twitter:label1\" content=\"Procijenjeno vrijeme \u010ditanja\" \/>\n\t<meta name=\"twitter:data1\" content=\"4 minute\" \/>\n<script type=\"application\/ld+json\" class=\"yoast-schema-graph\">{\"@context\":\"https:\\\/\\\/schema.org\",\"@graph\":[{\"@type\":\"WebPage\",\"@id\":\"https:\\\/\\\/clair.si\\\/hr\\\/izdelek\\\/marstall-zucht-klassik\\\/\",\"url\":\"https:\\\/\\\/clair.si\\\/hr\\\/izdelek\\\/marstall-zucht-klassik\\\/\",\"name\":\"Marstall Zucht-Klassik - Clair\",\"isPartOf\":{\"@id\":\"https:\\\/\\\/clair.si\\\/#website\"},\"primaryImageOfPage\":{\"@id\":\"https:\\\/\\\/clair.si\\\/hr\\\/izdelek\\\/marstall-zucht-klassik\\\/#primaryimage\"},\"image\":{\"@id\":\"https:\\\/\\\/clair.si\\\/hr\\\/izdelek\\\/marstall-zucht-klassik\\\/#primaryimage\"},\"thumbnailUrl\":\"https:\\\/\\\/clair.si\\\/wp-content\\\/uploads\\\/2024\\\/03\\\/marstall-zucht-klassik-trgovina-clair-2-jpg.webp\",\"datePublished\":\"2024-03-22T09:42:57+00:00\",\"dateModified\":\"2025-08-28T17:45:33+00:00\",\"description\":\"Marstall Zuchtm\u00fcsli slu\u017ei kako bre\u0111im kobilama tako i onima koje doje, kao i \u017edrebadima. Hrana visoke kvalitete! Provjerite ponudu u na\u0161oj web trgovini!\",\"breadcrumb\":{\"@id\":\"https:\\\/\\\/clair.si\\\/hr\\\/izdelek\\\/marstall-zucht-klassik\\\/#breadcrumb\"},\"inLanguage\":\"hr\",\"potentialAction\":[{\"@type\":\"ReadAction\",\"target\":[\"https:\\\/\\\/clair.si\\\/hr\\\/izdelek\\\/marstall-zucht-klassik\\\/\"]}]},{\"@type\":\"ImageObject\",\"inLanguage\":\"hr\",\"@id\":\"https:\\\/\\\/clair.si\\\/hr\\\/izdelek\\\/marstall-zucht-klassik\\\/#primaryimage\",\"url\":\"https:\\\/\\\/clair.si\\\/wp-content\\\/uploads\\\/2024\\\/03\\\/marstall-zucht-klassik-trgovina-clair-2-jpg.webp\",\"contentUrl\":\"https:\\\/\\\/clair.si\\\/wp-content\\\/uploads\\\/2024\\\/03\\\/marstall-zucht-klassik-trgovina-clair-2-jpg.webp\",\"width\":1200,\"height\":1200},{\"@type\":\"BreadcrumbList\",\"@id\":\"https:\\\/\\\/clair.si\\\/hr\\\/izdelek\\\/marstall-zucht-klassik\\\/#breadcrumb\",\"itemListElement\":[{\"@type\":\"ListItem\",\"position\":1,\"name\":\"Home\",\"item\":\"https:\\\/\\\/clair.si\\\/hr\\\/\"},{\"@type\":\"ListItem\",\"position\":2,\"name\":\"Trgovina\",\"item\":\"https:\\\/\\\/clair.si\\\/trgovina\\\/\"},{\"@type\":\"ListItem\",\"position\":3,\"name\":\"Marstall Zucht-Klassik\"}]},{\"@type\":\"WebSite\",\"@id\":\"https:\\\/\\\/clair.si\\\/#website\",\"url\":\"https:\\\/\\\/clair.si\\\/\",\"name\":\"Clair\",\"description\":\"Trgovina s konjeni\u0161ko opremo\",\"publisher\":{\"@id\":\"https:\\\/\\\/clair.si\\\/#organization\"},\"potentialAction\":[{\"@type\":\"SearchAction\",\"target\":{\"@type\":\"EntryPoint\",\"urlTemplate\":\"https:\\\/\\\/clair.si\\\/?s={search_term_string}\"},\"query-input\":{\"@type\":\"PropertyValueSpecification\",\"valueRequired\":true,\"valueName\":\"search_term_string\"}}],\"inLanguage\":\"hr\"},{\"@type\":\"Organization\",\"@id\":\"https:\\\/\\\/clair.si\\\/#organization\",\"name\":\"Clair\",\"url\":\"https:\\\/\\\/clair.si\\\/\",\"logo\":{\"@type\":\"ImageObject\",\"inLanguage\":\"hr\",\"@id\":\"https:\\\/\\\/clair.si\\\/#\\\/schema\\\/logo\\\/image\\\/\",\"url\":\"https:\\\/\\\/clair.si\\\/wp-content\\\/uploads\\\/2022\\\/11\\\/clair_logo_2022.jpg\",\"contentUrl\":\"https:\\\/\\\/clair.si\\\/wp-content\\\/uploads\\\/2022\\\/11\\\/clair_logo_2022.jpg\",\"width\":1920,\"height\":1920,\"caption\":\"Clair\"},\"image\":{\"@id\":\"https:\\\/\\\/clair.si\\\/#\\\/schema\\\/logo\\\/image\\\/\"},\"sameAs\":[\"https:\\\/\\\/www.facebook.com\\\/TrgovinaClair\\\/\"]}]}<\/script>\n<!-- \/ Yoast SEO plugin. -->","yoast_head_json":{"title":"Marstall Zucht-Klassik - Clair","description":"Marstall Zuchtm\u00fcsli slu\u017ei kako bre\u0111im kobilama tako i onima koje doje, kao i \u017edrebadima. Hrana visoke kvalitete! Provjerite ponudu u na\u0161oj web trgovini!","robots":{"index":"index","follow":"follow","max-snippet":"max-snippet:-1","max-image-preview":"max-image-preview:large","max-video-preview":"max-video-preview:-1"},"canonical":"https:\/\/clair.si\/hr\/izdelek\/marstall-zucht-klassik\/","og_locale":"hr_HR","og_type":"article","og_title":"Marstall Zucht-Klassik - Clair","og_description":"Marstall Zuchtm\u00fcsli slu\u017ei kako bre\u0111im kobilama tako i onima koje doje, kao i \u017edrebadima. Hrana visoke kvalitete! Provjerite ponudu u na\u0161oj web trgovini!","og_url":"https:\/\/clair.si\/hr\/izdelek\/marstall-zucht-klassik\/","og_site_name":"Clair","article_publisher":"https:\/\/www.facebook.com\/TrgovinaClair\/","article_modified_time":"2025-08-28T17:45:33+00:00","og_image":[{"width":1200,"height":1200,"url":"https:\/\/clair.si\/wp-content\/uploads\/2024\/03\/marstall-zucht-klassik-trgovina-clair-2-jpg.webp","type":"image\/jpeg"}],"twitter_card":"summary_large_image","twitter_misc":{"Procijenjeno vrijeme \u010ditanja":"4 minute"},"schema":{"@context":"https:\/\/schema.org","@graph":[{"@type":"WebPage","@id":"https:\/\/clair.si\/hr\/izdelek\/marstall-zucht-klassik\/","url":"https:\/\/clair.si\/hr\/izdelek\/marstall-zucht-klassik\/","name":"Marstall Zucht-Klassik - Clair","isPartOf":{"@id":"https:\/\/clair.si\/#website"},"primaryImageOfPage":{"@id":"https:\/\/clair.si\/hr\/izdelek\/marstall-zucht-klassik\/#primaryimage"},"image":{"@id":"https:\/\/clair.si\/hr\/izdelek\/marstall-zucht-klassik\/#primaryimage"},"thumbnailUrl":"https:\/\/clair.si\/wp-content\/uploads\/2024\/03\/marstall-zucht-klassik-trgovina-clair-2-jpg.webp","datePublished":"2024-03-22T09:42:57+00:00","dateModified":"2025-08-28T17:45:33+00:00","description":"Marstall Zuchtm\u00fcsli slu\u017ei kako bre\u0111im kobilama tako i onima koje doje, kao i \u017edrebadima. Hrana visoke kvalitete! Provjerite ponudu u na\u0161oj web trgovini!","breadcrumb":{"@id":"https:\/\/clair.si\/hr\/izdelek\/marstall-zucht-klassik\/#breadcrumb"},"inLanguage":"hr","potentialAction":[{"@type":"ReadAction","target":["https:\/\/clair.si\/hr\/izdelek\/marstall-zucht-klassik\/"]}]},{"@type":"ImageObject","inLanguage":"hr","@id":"https:\/\/clair.si\/hr\/izdelek\/marstall-zucht-klassik\/#primaryimage","url":"https:\/\/clair.si\/wp-content\/uploads\/2024\/03\/marstall-zucht-klassik-trgovina-clair-2-jpg.webp","contentUrl":"https:\/\/clair.si\/wp-content\/uploads\/2024\/03\/marstall-zucht-klassik-trgovina-clair-2-jpg.webp","width":1200,"height":1200},{"@type":"BreadcrumbList","@id":"https:\/\/clair.si\/hr\/izdelek\/marstall-zucht-klassik\/#breadcrumb","itemListElement":[{"@type":"ListItem","position":1,"name":"Home","item":"https:\/\/clair.si\/hr\/"},{"@type":"ListItem","position":2,"name":"Trgovina","item":"https:\/\/clair.si\/trgovina\/"},{"@type":"ListItem","position":3,"name":"Marstall Zucht-Klassik"}]},{"@type":"WebSite","@id":"https:\/\/clair.si\/#website","url":"https:\/\/clair.si\/","name":"Clair","description":"Trgovina s konjeni\u0161ko opremo","publisher":{"@id":"https:\/\/clair.si\/#organization"},"potentialAction":[{"@type":"SearchAction","target":{"@type":"EntryPoint","urlTemplate":"https:\/\/clair.si\/?s={search_term_string}"},"query-input":{"@type":"PropertyValueSpecification","valueRequired":true,"valueName":"search_term_string"}}],"inLanguage":"hr"},{"@type":"Organization","@id":"https:\/\/clair.si\/#organization","name":"Clair","url":"https:\/\/clair.si\/","logo":{"@type":"ImageObject","inLanguage":"hr","@id":"https:\/\/clair.si\/#\/schema\/logo\/image\/","url":"https:\/\/clair.si\/wp-content\/uploads\/2022\/11\/clair_logo_2022.jpg","contentUrl":"https:\/\/clair.si\/wp-content\/uploads\/2022\/11\/clair_logo_2022.jpg","width":1920,"height":1920,"caption":"Clair"},"image":{"@id":"https:\/\/clair.si\/#\/schema\/logo\/image\/"},"sameAs":["https:\/\/www.facebook.com\/TrgovinaClair\/"]}]}},"_links":{"self":[{"href":"https:\/\/clair.si\/hr\/wp-json\/wp\/v2\/product\/96308","targetHints":{"allow":["GET"]}}],"collection":[{"href":"https:\/\/clair.si\/hr\/wp-json\/wp\/v2\/product"}],"about":[{"href":"https:\/\/clair.si\/hr\/wp-json\/wp\/v2\/types\/product"}],"version-history":[{"count":0,"href":"https:\/\/clair.si\/hr\/wp-json\/wp\/v2\/product\/96308\/revisions"}],"wp:featuredmedia":[{"embeddable":true,"href":"https:\/\/clair.si\/hr\/wp-json\/wp\/v2\/media\/96310"}],"wp:attachment":[{"href":"https:\/\/clair.si\/hr\/wp-json\/wp\/v2\/media?parent=96308"}],"wp:term":[{"taxonomy":"product_brand","embeddable":true,"href":"https:\/\/clair.si\/hr\/wp-json\/wp\/v2\/product_brand?post=96308"},{"taxonomy":"product_cat","embeddable":true,"href":"https:\/\/clair.si\/hr\/wp-json\/wp\/v2\/product_cat?post=96308"},{"taxonomy":"product_tag","embeddable":true,"href":"https:\/\/clair.si\/hr\/wp-json\/wp\/v2\/product_tag?post=96308"}],"curies":[{"name":"wp","href":"https:\/\/api.w.org\/{rel}","templated":true}]}}