{"id":96332,"date":"2024-04-22T21:47:27","date_gmt":"2024-04-22T19:47:27","guid":{"rendered":"https:\/\/clair.si\/izdelek\/oglav-za-konja-hkm-gold\/"},"modified":"2025-10-05T10:16:52","modified_gmt":"2025-10-05T08:16:52","slug":"ular-za-konja-hkm-gold","status":"publish","type":"product","link":"https:\/\/clair.si\/hr\/izdelek\/ular-za-konja-hkm-gold\/","title":{"rendered":"Ular za konja HKM Gold"},"content":{"rendered":"<p><strong>Ular za konja HKM Gold izra\u0111en od kvalitetne ko\u017ee.<br \/>\n<\/strong><\/p>\n<ul>\n<li><span class=\"HwtZe\" lang=\"sl\"><span class=\"jCAhz ChMk0b\"><span class=\"ryNqvb\">Dodatne kop\u010de olak\u0161avaju njegu glave<\/span><\/span> <\/span><\/li>\n<li><span class=\"HwtZe\" lang=\"sl\"><span class=\"jCAhz ChMk0b\"><span class=\"ryNqvb\">Potiljak i nosnik imaju mekanu podstavu<\/span><\/span> <\/span><\/li>\n<li><span class=\"HwtZe\" lang=\"sl\"><span class=\"jCAhz ChMk0b\"><span class=\"ryNqvb\">Kvalitetna ko\u017ea<\/span><\/span> <\/span><\/li>\n<li><span class=\"HwtZe\" lang=\"sl\"><span class=\"jCAhz ChMk0b\"><span class=\"ryNqvb\">Ular podesiv s obje strane<\/span><\/span> <\/span><\/li>\n<li><span class=\"HwtZe\" lang=\"sl\"><span class=\"jCAhz ChMk0b\"><span class=\"ryNqvb\">Zlatni okovi<\/span><\/span><\/span><\/li>\n<\/ul>\n","protected":false},"excerpt":{"rendered":"<p>Ular za konja HKM Gold izra\u0111en od kvalitetne ko\u017ee. Dodatne kop\u010de olak\u0161avaju njegu glave Potiljak i nosnik imaju mekanu podstavu<\/p>\n","protected":false},"featured_media":96336,"template":"","meta":{"footnotes":""},"product_brand":[],"product_cat":[5624,5743,5742],"product_tag":[],"class_list":{"0":"post-96332","1":"product","2":"type-product","3":"status-publish","4":"has-post-thumbnail","6":"product_cat-konj-hr","7":"product_cat-uzde-hr","8":"product_cat-uzde-i-ulari","10":"first","11":"instock","12":"shipping-taxable","13":"purchasable","14":"product-type-variable"},"yoast_head":"<!-- This site is optimized with the Yoast SEO plugin v27.3 - https:\/\/yoast.com\/product\/yoast-seo-wordpress\/ -->\n<title>Ular za konja HKM Gold - Clair<\/title>\n<meta name=\"description\" content=\"Ular za konja HKM Gold izra\u0111en od kvalitetne ko\u017ee. Dodatne kop\u010de olak\u0161avaju njegu glave Potiljak i nosnik imaju mekanu podstavu Kvalitetna ko\u017ea Ular\" \/>\n<meta name=\"robots\" content=\"index, follow, max-snippet:-1, max-image-preview:large, max-video-preview:-1\" \/>\n<link rel=\"canonical\" href=\"https:\/\/clair.si\/izdelek\/oglavka-za-konja-hkm-gold\/\" \/>\n<meta property=\"og:locale\" content=\"hr_HR\" \/>\n<meta property=\"og:type\" content=\"article\" \/>\n<meta property=\"og:title\" content=\"Ular za konja HKM Gold - Clair\" \/>\n<meta property=\"og:description\" content=\"Ular za konja HKM Gold izra\u0111en od kvalitetne ko\u017ee. Dodatne kop\u010de olak\u0161avaju njegu glave Potiljak i nosnik imaju mekanu podstavu Kvalitetna ko\u017ea Ular\" \/>\n<meta property=\"og:url\" content=\"https:\/\/clair.si\/izdelek\/oglavka-za-konja-hkm-gold\/\" \/>\n<meta property=\"og:site_name\" content=\"Clair\" \/>\n<meta property=\"article:publisher\" content=\"https:\/\/www.facebook.com\/TrgovinaClair\/\" \/>\n<meta property=\"article:modified_time\" content=\"2025-10-05T08:16:52+00:00\" \/>\n<meta property=\"og:image\" content=\"https:\/\/clair.si\/wp-content\/uploads\/2024\/04\/usnjena-oglavka-za-konja-hkm-gold-trgovina-clair-jpg.webp\" \/>\n\t<meta property=\"og:image:width\" content=\"1200\" \/>\n\t<meta property=\"og:image:height\" content=\"1200\" \/>\n\t<meta property=\"og:image:type\" content=\"image\/jpeg\" \/>\n<meta name=\"twitter:card\" content=\"summary_large_image\" \/>\n<meta name=\"twitter:label1\" content=\"Procijenjeno vrijeme \u010ditanja\" \/>\n\t<meta name=\"twitter:data1\" content=\"1 minuta\" \/>\n<script type=\"application\/ld+json\" class=\"yoast-schema-graph\">{\"@context\":\"https:\\\/\\\/schema.org\",\"@graph\":[{\"@type\":\"WebPage\",\"@id\":\"https:\\\/\\\/clair.si\\\/izdelek\\\/oglavka-za-konja-hkm-gold\\\/\",\"url\":\"https:\\\/\\\/clair.si\\\/izdelek\\\/oglavka-za-konja-hkm-gold\\\/\",\"name\":\"Ular za konja HKM Gold - Clair\",\"isPartOf\":{\"@id\":\"https:\\\/\\\/clair.si\\\/#website\"},\"primaryImageOfPage\":{\"@id\":\"https:\\\/\\\/clair.si\\\/izdelek\\\/oglavka-za-konja-hkm-gold\\\/#primaryimage\"},\"image\":{\"@id\":\"https:\\\/\\\/clair.si\\\/izdelek\\\/oglavka-za-konja-hkm-gold\\\/#primaryimage\"},\"thumbnailUrl\":\"https:\\\/\\\/clair.si\\\/wp-content\\\/uploads\\\/2024\\\/04\\\/usnjena-oglavka-za-konja-hkm-gold-trgovina-clair-jpg.webp\",\"datePublished\":\"2024-04-22T19:47:27+00:00\",\"dateModified\":\"2025-10-05T08:16:52+00:00\",\"description\":\"Ular za konja HKM Gold izra\u0111en od kvalitetne ko\u017ee. Dodatne kop\u010de olak\u0161avaju njegu glave Potiljak i nosnik imaju mekanu podstavu Kvalitetna ko\u017ea Ular\",\"breadcrumb\":{\"@id\":\"https:\\\/\\\/clair.si\\\/izdelek\\\/oglavka-za-konja-hkm-gold\\\/#breadcrumb\"},\"inLanguage\":\"hr\",\"potentialAction\":[{\"@type\":\"ReadAction\",\"target\":[\"https:\\\/\\\/clair.si\\\/izdelek\\\/oglavka-za-konja-hkm-gold\\\/\"]}]},{\"@type\":\"ImageObject\",\"inLanguage\":\"hr\",\"@id\":\"https:\\\/\\\/clair.si\\\/izdelek\\\/oglavka-za-konja-hkm-gold\\\/#primaryimage\",\"url\":\"https:\\\/\\\/clair.si\\\/wp-content\\\/uploads\\\/2024\\\/04\\\/usnjena-oglavka-za-konja-hkm-gold-trgovina-clair-jpg.webp\",\"contentUrl\":\"https:\\\/\\\/clair.si\\\/wp-content\\\/uploads\\\/2024\\\/04\\\/usnjena-oglavka-za-konja-hkm-gold-trgovina-clair-jpg.webp\",\"width\":1200,\"height\":1200},{\"@type\":\"BreadcrumbList\",\"@id\":\"https:\\\/\\\/clair.si\\\/izdelek\\\/oglavka-za-konja-hkm-gold\\\/#breadcrumb\",\"itemListElement\":[{\"@type\":\"ListItem\",\"position\":1,\"name\":\"Home\",\"item\":\"https:\\\/\\\/clair.si\\\/hr\\\/\"},{\"@type\":\"ListItem\",\"position\":2,\"name\":\"Trgovina\",\"item\":\"https:\\\/\\\/clair.si\\\/trgovina\\\/\"},{\"@type\":\"ListItem\",\"position\":3,\"name\":\"Ular za konja HKM Gold\"}]},{\"@type\":\"WebSite\",\"@id\":\"https:\\\/\\\/clair.si\\\/#website\",\"url\":\"https:\\\/\\\/clair.si\\\/\",\"name\":\"Clair\",\"description\":\"Trgovina s konjeni\u0161ko opremo\",\"publisher\":{\"@id\":\"https:\\\/\\\/clair.si\\\/#organization\"},\"potentialAction\":[{\"@type\":\"SearchAction\",\"target\":{\"@type\":\"EntryPoint\",\"urlTemplate\":\"https:\\\/\\\/clair.si\\\/?s={search_term_string}\"},\"query-input\":{\"@type\":\"PropertyValueSpecification\",\"valueRequired\":true,\"valueName\":\"search_term_string\"}}],\"inLanguage\":\"hr\"},{\"@type\":\"Organization\",\"@id\":\"https:\\\/\\\/clair.si\\\/#organization\",\"name\":\"Clair\",\"url\":\"https:\\\/\\\/clair.si\\\/\",\"logo\":{\"@type\":\"ImageObject\",\"inLanguage\":\"hr\",\"@id\":\"https:\\\/\\\/clair.si\\\/#\\\/schema\\\/logo\\\/image\\\/\",\"url\":\"https:\\\/\\\/clair.si\\\/wp-content\\\/uploads\\\/2022\\\/11\\\/clair_logo_2022.jpg\",\"contentUrl\":\"https:\\\/\\\/clair.si\\\/wp-content\\\/uploads\\\/2022\\\/11\\\/clair_logo_2022.jpg\",\"width\":1920,\"height\":1920,\"caption\":\"Clair\"},\"image\":{\"@id\":\"https:\\\/\\\/clair.si\\\/#\\\/schema\\\/logo\\\/image\\\/\"},\"sameAs\":[\"https:\\\/\\\/www.facebook.com\\\/TrgovinaClair\\\/\"]}]}<\/script>\n<!-- \/ Yoast SEO plugin. -->","yoast_head_json":{"title":"Ular za konja HKM Gold - Clair","description":"Ular za konja HKM Gold izra\u0111en od kvalitetne ko\u017ee. Dodatne kop\u010de olak\u0161avaju njegu glave Potiljak i nosnik imaju mekanu podstavu Kvalitetna ko\u017ea Ular","robots":{"index":"index","follow":"follow","max-snippet":"max-snippet:-1","max-image-preview":"max-image-preview:large","max-video-preview":"max-video-preview:-1"},"canonical":"https:\/\/clair.si\/izdelek\/oglavka-za-konja-hkm-gold\/","og_locale":"hr_HR","og_type":"article","og_title":"Ular za konja HKM Gold - Clair","og_description":"Ular za konja HKM Gold izra\u0111en od kvalitetne ko\u017ee. Dodatne kop\u010de olak\u0161avaju njegu glave Potiljak i nosnik imaju mekanu podstavu Kvalitetna ko\u017ea Ular","og_url":"https:\/\/clair.si\/izdelek\/oglavka-za-konja-hkm-gold\/","og_site_name":"Clair","article_publisher":"https:\/\/www.facebook.com\/TrgovinaClair\/","article_modified_time":"2025-10-05T08:16:52+00:00","og_image":[{"width":1200,"height":1200,"url":"https:\/\/clair.si\/wp-content\/uploads\/2024\/04\/usnjena-oglavka-za-konja-hkm-gold-trgovina-clair-jpg.webp","type":"image\/jpeg"}],"twitter_card":"summary_large_image","twitter_misc":{"Procijenjeno vrijeme \u010ditanja":"1 minuta"},"schema":{"@context":"https:\/\/schema.org","@graph":[{"@type":"WebPage","@id":"https:\/\/clair.si\/izdelek\/oglavka-za-konja-hkm-gold\/","url":"https:\/\/clair.si\/izdelek\/oglavka-za-konja-hkm-gold\/","name":"Ular za konja HKM Gold - Clair","isPartOf":{"@id":"https:\/\/clair.si\/#website"},"primaryImageOfPage":{"@id":"https:\/\/clair.si\/izdelek\/oglavka-za-konja-hkm-gold\/#primaryimage"},"image":{"@id":"https:\/\/clair.si\/izdelek\/oglavka-za-konja-hkm-gold\/#primaryimage"},"thumbnailUrl":"https:\/\/clair.si\/wp-content\/uploads\/2024\/04\/usnjena-oglavka-za-konja-hkm-gold-trgovina-clair-jpg.webp","datePublished":"2024-04-22T19:47:27+00:00","dateModified":"2025-10-05T08:16:52+00:00","description":"Ular za konja HKM Gold izra\u0111en od kvalitetne ko\u017ee. Dodatne kop\u010de olak\u0161avaju njegu glave Potiljak i nosnik imaju mekanu podstavu Kvalitetna ko\u017ea Ular","breadcrumb":{"@id":"https:\/\/clair.si\/izdelek\/oglavka-za-konja-hkm-gold\/#breadcrumb"},"inLanguage":"hr","potentialAction":[{"@type":"ReadAction","target":["https:\/\/clair.si\/izdelek\/oglavka-za-konja-hkm-gold\/"]}]},{"@type":"ImageObject","inLanguage":"hr","@id":"https:\/\/clair.si\/izdelek\/oglavka-za-konja-hkm-gold\/#primaryimage","url":"https:\/\/clair.si\/wp-content\/uploads\/2024\/04\/usnjena-oglavka-za-konja-hkm-gold-trgovina-clair-jpg.webp","contentUrl":"https:\/\/clair.si\/wp-content\/uploads\/2024\/04\/usnjena-oglavka-za-konja-hkm-gold-trgovina-clair-jpg.webp","width":1200,"height":1200},{"@type":"BreadcrumbList","@id":"https:\/\/clair.si\/izdelek\/oglavka-za-konja-hkm-gold\/#breadcrumb","itemListElement":[{"@type":"ListItem","position":1,"name":"Home","item":"https:\/\/clair.si\/hr\/"},{"@type":"ListItem","position":2,"name":"Trgovina","item":"https:\/\/clair.si\/trgovina\/"},{"@type":"ListItem","position":3,"name":"Ular za konja HKM Gold"}]},{"@type":"WebSite","@id":"https:\/\/clair.si\/#website","url":"https:\/\/clair.si\/","name":"Clair","description":"Trgovina s konjeni\u0161ko opremo","publisher":{"@id":"https:\/\/clair.si\/#organization"},"potentialAction":[{"@type":"SearchAction","target":{"@type":"EntryPoint","urlTemplate":"https:\/\/clair.si\/?s={search_term_string}"},"query-input":{"@type":"PropertyValueSpecification","valueRequired":true,"valueName":"search_term_string"}}],"inLanguage":"hr"},{"@type":"Organization","@id":"https:\/\/clair.si\/#organization","name":"Clair","url":"https:\/\/clair.si\/","logo":{"@type":"ImageObject","inLanguage":"hr","@id":"https:\/\/clair.si\/#\/schema\/logo\/image\/","url":"https:\/\/clair.si\/wp-content\/uploads\/2022\/11\/clair_logo_2022.jpg","contentUrl":"https:\/\/clair.si\/wp-content\/uploads\/2022\/11\/clair_logo_2022.jpg","width":1920,"height":1920,"caption":"Clair"},"image":{"@id":"https:\/\/clair.si\/#\/schema\/logo\/image\/"},"sameAs":["https:\/\/www.facebook.com\/TrgovinaClair\/"]}]}},"_links":{"self":[{"href":"https:\/\/clair.si\/hr\/wp-json\/wp\/v2\/product\/96332","targetHints":{"allow":["GET"]}}],"collection":[{"href":"https:\/\/clair.si\/hr\/wp-json\/wp\/v2\/product"}],"about":[{"href":"https:\/\/clair.si\/hr\/wp-json\/wp\/v2\/types\/product"}],"version-history":[{"count":1,"href":"https:\/\/clair.si\/hr\/wp-json\/wp\/v2\/product\/96332\/revisions"}],"predecessor-version":[{"id":115987,"href":"https:\/\/clair.si\/hr\/wp-json\/wp\/v2\/product\/96332\/revisions\/115987"}],"wp:featuredmedia":[{"embeddable":true,"href":"https:\/\/clair.si\/hr\/wp-json\/wp\/v2\/media\/96336"}],"wp:attachment":[{"href":"https:\/\/clair.si\/hr\/wp-json\/wp\/v2\/media?parent=96332"}],"wp:term":[{"taxonomy":"product_brand","embeddable":true,"href":"https:\/\/clair.si\/hr\/wp-json\/wp\/v2\/product_brand?post=96332"},{"taxonomy":"product_cat","embeddable":true,"href":"https:\/\/clair.si\/hr\/wp-json\/wp\/v2\/product_cat?post=96332"},{"taxonomy":"product_tag","embeddable":true,"href":"https:\/\/clair.si\/hr\/wp-json\/wp\/v2\/product_tag?post=96332"}],"curies":[{"name":"wp","href":"https:\/\/api.w.org\/{rel}","templated":true}]}}