{"id":96386,"date":"2024-03-18T10:46:34","date_gmt":"2024-03-18T09:46:34","guid":{"rendered":"https:\/\/clair.si\/izdelek\/podloga-za-sedlo-kavalkade-kavalgrip-front-gel\/"},"modified":"2025-08-28T08:07:40","modified_gmt":"2025-08-28T06:07:40","slug":"podloga-za-sedlo-kavalkade-kavalgrip-front-gel","status":"publish","type":"product","link":"https:\/\/clair.si\/hr\/izdelek\/podloga-za-sedlo-kavalkade-kavalgrip-front-gel\/","title":{"rendered":"Podloga za sedlo Kavalkade &#8220;KavalGrip Front Gel&#8221;"},"content":{"rendered":"<p><strong>Podloga za sedlo &#8220;Front&#8221; s prednjim podizanjem.<\/strong><\/p>\n<p>Protuklizna podloga za ubla\u017eavanje udaraca, koja diskretno nudi dodatno podstavljanje za za\u0161titu mekog tkiva. Anatomsko oblikovanje razli\u010ditih debljina nudi potpunu podr\u0161ku za ranjivi greben! Fleksibilan materijal koji osigurava pravilno prianjanje sedla i jam\u010di maksimalnu prozra\u010dnost zbog perforiranog dizajna. Netoksi\u010dan i jednostavan za \u010di\u0161\u0107enje.   <\/p>\n<p>Veli\u010dina: univerzalna<br \/>\nMaterijal: silikon<br \/>\nBoja: crna<br \/>\nTe\u017eina: 1,2 kg<\/p>\n","protected":false},"excerpt":{"rendered":"<p>Veli\u010dina: univerzalna<br \/>\nMaterijal: silikon<br \/>\nBoja: crna<br \/>\nTe\u017eina: 1,2 kg<\/p>\n","protected":false},"featured_media":96387,"template":"","meta":{"footnotes":""},"product_brand":[],"product_cat":[5624,5984,5726],"product_tag":[],"class_list":{"0":"post-96386","1":"product","2":"type-product","3":"status-publish","4":"has-post-thumbnail","6":"product_cat-konj-hr","7":"product_cat-podloge-za-sedlo-i-gelovi","8":"product_cat-podsedlice-i-kapice-za-usi","10":"first","11":"outofstock","12":"sale","13":"shipping-taxable","14":"purchasable","15":"product-type-simple"},"yoast_head":"<!-- This site is optimized with the Yoast SEO plugin v27.4 - https:\/\/yoast.com\/product\/yoast-seo-wordpress\/ -->\n<title>Podloga za sedlo Kavalkade &quot;KavalGrip Front Gel&quot; - Clair<\/title>\n<meta name=\"description\" content=\"Gel podloga za le\u0111a pru\u017eit \u0107e va\u0161em konju udobnost koja mu je potrebna tijekom rada. Omogu\u0107uje bolje prianjanje sedla. Izaberite svoju u na\u0161oj trgovini.\" \/>\n<meta name=\"robots\" content=\"index, follow, max-snippet:-1, max-image-preview:large, max-video-preview:-1\" \/>\n<link rel=\"canonical\" href=\"https:\/\/clair.si\/hr\/izdelek\/podloga-za-sedlo-kavalkade-kavalgrip-front-gel\/\" \/>\n<meta property=\"og:locale\" content=\"hr_HR\" \/>\n<meta property=\"og:type\" content=\"article\" \/>\n<meta property=\"og:title\" content=\"Podloga za sedlo Kavalkade &quot;KavalGrip Front Gel&quot; - Clair\" \/>\n<meta property=\"og:description\" content=\"Gel podloga za le\u0111a pru\u017eit \u0107e va\u0161em konju udobnost koja mu je potrebna tijekom rada. Omogu\u0107uje bolje prianjanje sedla. Izaberite svoju u na\u0161oj trgovini.\" \/>\n<meta property=\"og:url\" content=\"https:\/\/clair.si\/hr\/izdelek\/podloga-za-sedlo-kavalkade-kavalgrip-front-gel\/\" \/>\n<meta property=\"og:site_name\" content=\"Clair\" \/>\n<meta property=\"article:publisher\" content=\"https:\/\/www.facebook.com\/TrgovinaClair\/\" \/>\n<meta property=\"article:modified_time\" content=\"2025-08-28T06:07:40+00:00\" \/>\n<meta property=\"og:image\" content=\"https:\/\/clair.si\/wp-content\/uploads\/2024\/03\/0134100000200.jpg\" \/>\n\t<meta property=\"og:image:width\" content=\"800\" \/>\n\t<meta property=\"og:image:height\" content=\"800\" \/>\n\t<meta property=\"og:image:type\" content=\"image\/jpeg\" \/>\n<meta name=\"twitter:card\" content=\"summary_large_image\" \/>\n<script type=\"application\/ld+json\" class=\"yoast-schema-graph\">{\"@context\":\"https:\\\/\\\/schema.org\",\"@graph\":[{\"@type\":\"WebPage\",\"@id\":\"https:\\\/\\\/clair.si\\\/hr\\\/izdelek\\\/podloga-za-sedlo-kavalkade-kavalgrip-front-gel\\\/\",\"url\":\"https:\\\/\\\/clair.si\\\/hr\\\/izdelek\\\/podloga-za-sedlo-kavalkade-kavalgrip-front-gel\\\/\",\"name\":\"Podloga za sedlo Kavalkade \\\"KavalGrip Front Gel\\\" - Clair\",\"isPartOf\":{\"@id\":\"https:\\\/\\\/clair.si\\\/#website\"},\"primaryImageOfPage\":{\"@id\":\"https:\\\/\\\/clair.si\\\/hr\\\/izdelek\\\/podloga-za-sedlo-kavalkade-kavalgrip-front-gel\\\/#primaryimage\"},\"image\":{\"@id\":\"https:\\\/\\\/clair.si\\\/hr\\\/izdelek\\\/podloga-za-sedlo-kavalkade-kavalgrip-front-gel\\\/#primaryimage\"},\"thumbnailUrl\":\"https:\\\/\\\/clair.si\\\/wp-content\\\/uploads\\\/2024\\\/03\\\/0134100000200.webp\",\"datePublished\":\"2024-03-18T09:46:34+00:00\",\"dateModified\":\"2025-08-28T06:07:40+00:00\",\"description\":\"Gel podloga za le\u0111a pru\u017eit \u0107e va\u0161em konju udobnost koja mu je potrebna tijekom rada. Omogu\u0107uje bolje prianjanje sedla. Izaberite svoju u na\u0161oj trgovini.\",\"breadcrumb\":{\"@id\":\"https:\\\/\\\/clair.si\\\/hr\\\/izdelek\\\/podloga-za-sedlo-kavalkade-kavalgrip-front-gel\\\/#breadcrumb\"},\"inLanguage\":\"hr\",\"potentialAction\":[{\"@type\":\"ReadAction\",\"target\":[\"https:\\\/\\\/clair.si\\\/hr\\\/izdelek\\\/podloga-za-sedlo-kavalkade-kavalgrip-front-gel\\\/\"]}]},{\"@type\":\"ImageObject\",\"inLanguage\":\"hr\",\"@id\":\"https:\\\/\\\/clair.si\\\/hr\\\/izdelek\\\/podloga-za-sedlo-kavalkade-kavalgrip-front-gel\\\/#primaryimage\",\"url\":\"https:\\\/\\\/clair.si\\\/wp-content\\\/uploads\\\/2024\\\/03\\\/0134100000200.webp\",\"contentUrl\":\"https:\\\/\\\/clair.si\\\/wp-content\\\/uploads\\\/2024\\\/03\\\/0134100000200.webp\",\"width\":800,\"height\":800},{\"@type\":\"BreadcrumbList\",\"@id\":\"https:\\\/\\\/clair.si\\\/hr\\\/izdelek\\\/podloga-za-sedlo-kavalkade-kavalgrip-front-gel\\\/#breadcrumb\",\"itemListElement\":[{\"@type\":\"ListItem\",\"position\":1,\"name\":\"Home\",\"item\":\"https:\\\/\\\/clair.si\\\/hr\\\/\"},{\"@type\":\"ListItem\",\"position\":2,\"name\":\"Trgovina\",\"item\":\"https:\\\/\\\/clair.si\\\/trgovina\\\/\"},{\"@type\":\"ListItem\",\"position\":3,\"name\":\"Podloga za sedlo Kavalkade &#8220;KavalGrip Front Gel&#8221;\"}]},{\"@type\":\"WebSite\",\"@id\":\"https:\\\/\\\/clair.si\\\/#website\",\"url\":\"https:\\\/\\\/clair.si\\\/\",\"name\":\"Clair\",\"description\":\"Trgovina s konjeni\u0161ko opremo\",\"publisher\":{\"@id\":\"https:\\\/\\\/clair.si\\\/#organization\"},\"potentialAction\":[{\"@type\":\"SearchAction\",\"target\":{\"@type\":\"EntryPoint\",\"urlTemplate\":\"https:\\\/\\\/clair.si\\\/?s={search_term_string}\"},\"query-input\":{\"@type\":\"PropertyValueSpecification\",\"valueRequired\":true,\"valueName\":\"search_term_string\"}}],\"inLanguage\":\"hr\"},{\"@type\":\"Organization\",\"@id\":\"https:\\\/\\\/clair.si\\\/#organization\",\"name\":\"Clair\",\"url\":\"https:\\\/\\\/clair.si\\\/\",\"logo\":{\"@type\":\"ImageObject\",\"inLanguage\":\"hr\",\"@id\":\"https:\\\/\\\/clair.si\\\/#\\\/schema\\\/logo\\\/image\\\/\",\"url\":\"https:\\\/\\\/clair.si\\\/wp-content\\\/uploads\\\/2022\\\/11\\\/clair_logo_2022.jpg\",\"contentUrl\":\"https:\\\/\\\/clair.si\\\/wp-content\\\/uploads\\\/2022\\\/11\\\/clair_logo_2022.jpg\",\"width\":1920,\"height\":1920,\"caption\":\"Clair\"},\"image\":{\"@id\":\"https:\\\/\\\/clair.si\\\/#\\\/schema\\\/logo\\\/image\\\/\"},\"sameAs\":[\"https:\\\/\\\/www.facebook.com\\\/TrgovinaClair\\\/\"]}]}<\/script>\n<!-- \/ Yoast SEO plugin. -->","yoast_head_json":{"title":"Podloga za sedlo Kavalkade \"KavalGrip Front Gel\" - Clair","description":"Gel podloga za le\u0111a pru\u017eit \u0107e va\u0161em konju udobnost koja mu je potrebna tijekom rada. Omogu\u0107uje bolje prianjanje sedla. Izaberite svoju u na\u0161oj trgovini.","robots":{"index":"index","follow":"follow","max-snippet":"max-snippet:-1","max-image-preview":"max-image-preview:large","max-video-preview":"max-video-preview:-1"},"canonical":"https:\/\/clair.si\/hr\/izdelek\/podloga-za-sedlo-kavalkade-kavalgrip-front-gel\/","og_locale":"hr_HR","og_type":"article","og_title":"Podloga za sedlo Kavalkade \"KavalGrip Front Gel\" - Clair","og_description":"Gel podloga za le\u0111a pru\u017eit \u0107e va\u0161em konju udobnost koja mu je potrebna tijekom rada. Omogu\u0107uje bolje prianjanje sedla. Izaberite svoju u na\u0161oj trgovini.","og_url":"https:\/\/clair.si\/hr\/izdelek\/podloga-za-sedlo-kavalkade-kavalgrip-front-gel\/","og_site_name":"Clair","article_publisher":"https:\/\/www.facebook.com\/TrgovinaClair\/","article_modified_time":"2025-08-28T06:07:40+00:00","og_image":[{"width":800,"height":800,"url":"https:\/\/clair.si\/wp-content\/uploads\/2024\/03\/0134100000200.jpg","type":"image\/jpeg"}],"twitter_card":"summary_large_image","schema":{"@context":"https:\/\/schema.org","@graph":[{"@type":"WebPage","@id":"https:\/\/clair.si\/hr\/izdelek\/podloga-za-sedlo-kavalkade-kavalgrip-front-gel\/","url":"https:\/\/clair.si\/hr\/izdelek\/podloga-za-sedlo-kavalkade-kavalgrip-front-gel\/","name":"Podloga za sedlo Kavalkade \"KavalGrip Front Gel\" - Clair","isPartOf":{"@id":"https:\/\/clair.si\/#website"},"primaryImageOfPage":{"@id":"https:\/\/clair.si\/hr\/izdelek\/podloga-za-sedlo-kavalkade-kavalgrip-front-gel\/#primaryimage"},"image":{"@id":"https:\/\/clair.si\/hr\/izdelek\/podloga-za-sedlo-kavalkade-kavalgrip-front-gel\/#primaryimage"},"thumbnailUrl":"https:\/\/clair.si\/wp-content\/uploads\/2024\/03\/0134100000200.webp","datePublished":"2024-03-18T09:46:34+00:00","dateModified":"2025-08-28T06:07:40+00:00","description":"Gel podloga za le\u0111a pru\u017eit \u0107e va\u0161em konju udobnost koja mu je potrebna tijekom rada. Omogu\u0107uje bolje prianjanje sedla. Izaberite svoju u na\u0161oj trgovini.","breadcrumb":{"@id":"https:\/\/clair.si\/hr\/izdelek\/podloga-za-sedlo-kavalkade-kavalgrip-front-gel\/#breadcrumb"},"inLanguage":"hr","potentialAction":[{"@type":"ReadAction","target":["https:\/\/clair.si\/hr\/izdelek\/podloga-za-sedlo-kavalkade-kavalgrip-front-gel\/"]}]},{"@type":"ImageObject","inLanguage":"hr","@id":"https:\/\/clair.si\/hr\/izdelek\/podloga-za-sedlo-kavalkade-kavalgrip-front-gel\/#primaryimage","url":"https:\/\/clair.si\/wp-content\/uploads\/2024\/03\/0134100000200.webp","contentUrl":"https:\/\/clair.si\/wp-content\/uploads\/2024\/03\/0134100000200.webp","width":800,"height":800},{"@type":"BreadcrumbList","@id":"https:\/\/clair.si\/hr\/izdelek\/podloga-za-sedlo-kavalkade-kavalgrip-front-gel\/#breadcrumb","itemListElement":[{"@type":"ListItem","position":1,"name":"Home","item":"https:\/\/clair.si\/hr\/"},{"@type":"ListItem","position":2,"name":"Trgovina","item":"https:\/\/clair.si\/trgovina\/"},{"@type":"ListItem","position":3,"name":"Podloga za sedlo Kavalkade &#8220;KavalGrip Front Gel&#8221;"}]},{"@type":"WebSite","@id":"https:\/\/clair.si\/#website","url":"https:\/\/clair.si\/","name":"Clair","description":"Trgovina s konjeni\u0161ko opremo","publisher":{"@id":"https:\/\/clair.si\/#organization"},"potentialAction":[{"@type":"SearchAction","target":{"@type":"EntryPoint","urlTemplate":"https:\/\/clair.si\/?s={search_term_string}"},"query-input":{"@type":"PropertyValueSpecification","valueRequired":true,"valueName":"search_term_string"}}],"inLanguage":"hr"},{"@type":"Organization","@id":"https:\/\/clair.si\/#organization","name":"Clair","url":"https:\/\/clair.si\/","logo":{"@type":"ImageObject","inLanguage":"hr","@id":"https:\/\/clair.si\/#\/schema\/logo\/image\/","url":"https:\/\/clair.si\/wp-content\/uploads\/2022\/11\/clair_logo_2022.jpg","contentUrl":"https:\/\/clair.si\/wp-content\/uploads\/2022\/11\/clair_logo_2022.jpg","width":1920,"height":1920,"caption":"Clair"},"image":{"@id":"https:\/\/clair.si\/#\/schema\/logo\/image\/"},"sameAs":["https:\/\/www.facebook.com\/TrgovinaClair\/"]}]}},"_links":{"self":[{"href":"https:\/\/clair.si\/hr\/wp-json\/wp\/v2\/product\/96386","targetHints":{"allow":["GET"]}}],"collection":[{"href":"https:\/\/clair.si\/hr\/wp-json\/wp\/v2\/product"}],"about":[{"href":"https:\/\/clair.si\/hr\/wp-json\/wp\/v2\/types\/product"}],"version-history":[{"count":0,"href":"https:\/\/clair.si\/hr\/wp-json\/wp\/v2\/product\/96386\/revisions"}],"wp:featuredmedia":[{"embeddable":true,"href":"https:\/\/clair.si\/hr\/wp-json\/wp\/v2\/media\/96387"}],"wp:attachment":[{"href":"https:\/\/clair.si\/hr\/wp-json\/wp\/v2\/media?parent=96386"}],"wp:term":[{"taxonomy":"product_brand","embeddable":true,"href":"https:\/\/clair.si\/hr\/wp-json\/wp\/v2\/product_brand?post=96386"},{"taxonomy":"product_cat","embeddable":true,"href":"https:\/\/clair.si\/hr\/wp-json\/wp\/v2\/product_cat?post=96386"},{"taxonomy":"product_tag","embeddable":true,"href":"https:\/\/clair.si\/hr\/wp-json\/wp\/v2\/product_tag?post=96386"}],"curies":[{"name":"wp","href":"https:\/\/api.w.org\/{rel}","templated":true}]}}