{"id":96389,"date":"2024-03-22T09:36:15","date_gmt":"2024-03-22T08:36:15","guid":{"rendered":"https:\/\/clair.si\/izdelek\/elektricni-pastir-horizont-shockstar-s70\/"},"modified":"2025-08-28T06:37:30","modified_gmt":"2025-08-28T04:37:30","slug":"elektricni-pastir-horizont-shockstar-s70","status":"publish","type":"product","link":"https:\/\/clair.si\/hr\/izdelek\/elektricni-pastir-horizont-shockstar-s70\/","title":{"rendered":"Elektri\u010dni pastir Horizont ShockStar S70"},"content":{"rendered":"<p><strong>Pastir ShockStar S70<\/strong> prikladan je za konje, goveda, sitnu stoku, divlja\u010d i perad. Elektri\u010dni pastir S70 mo\u017ee se napajati putem baterije od 9V ili 12V, odnosno putem akumulatora. Solarni nadzor omogu\u0107uje nesmetano napajanje baterija. Pri\u010dvr\u0161\u0107en je na kvalitetno ku\u0107i\u0161te koje je otporno na udarce, vlagu, UV zrake&#8230; ECO Power automatski prilago\u0111ava potro\u0161nju energije stanju ograde, \u0161to utje\u010de na manju potro\u0161nju energije, manji utjecaj na okoli\u0161 i ni\u017ee tro\u0161kove.    <\/p>\n<p><strong>Dodatne informacije:<\/strong><\/p>\n<ul>\n<li>Solarni panel 10W<\/li>\n<li>Idealan za ograde duljine do 12 km (bez vegetacije).<\/li>\n<li>Najve\u0107i napon 11.500V; ulaz 0,72J; izlaz 0,6J<\/li>\n<li>ECO Power: \u0161tednja energije ovisno o potro\u0161nji<\/li>\n<li>3-stupanjski LED prikaziva\u010d<\/li>\n<li>ergonomska ru\u010dka<\/li>\n<li>prekida\u010d za uklju\u010divanje\/isklju\u010divanje<\/li>\n<\/ul>\n","protected":false},"excerpt":{"rendered":"<ul>\n<li><strong>Solarni panel 10W<\/strong><\/li>\n<li>Idealan za <strong>ograde duljine do 12 km<\/strong> (bez vegetacije).<\/li>\n<li>Najve\u0107i napon <strong>11.500V<\/strong>; <strong>ulaz 0,72J<\/strong>; <strong>izlaz 0,6J<\/strong><\/li>\n<li><strong>ECO Power:<\/strong> \u0161tednja energije ovisno o potro\u0161nji<\/li>\n<li><strong>3-stupanjski LED<\/strong> prikaziva\u010d<\/li>\n<li>ergonomska ru\u010dka<\/li>\n<li>prekida\u010d za uklju\u010divanje\/isklju\u010divanje<\/li>\n<\/ul>\n","protected":false},"featured_media":96392,"template":"","meta":{"footnotes":""},"product_brand":[],"product_cat":[5856,5820,5627],"product_tag":[],"class_list":{"0":"post-96389","1":"product","2":"type-product","3":"status-publish","4":"has-post-thumbnail","6":"product_cat-elektricni-pastiri","7":"product_cat-oprema-za-pasnjake","8":"product_cat-stala-i-pasnjak","10":"first","11":"instock","12":"sale","13":"shipping-taxable","14":"purchasable","15":"product-type-simple"},"yoast_head":"<!-- This site is optimized with the Yoast SEO plugin v27.4 - https:\/\/yoast.com\/product\/yoast-seo-wordpress\/ -->\n<title>Elektri\u010dni pastir Horizont ShockStar S70 - Clair<\/title>\n<meta name=\"description\" content=\"Solarni pastir namijenjen mirnim \u017eivotinjama na pa\u0161njacima, vrlo jednostavan za kori\u0161tenje, Horizont marka sinonim je za kvalitetu. Osigurajte si svojeg.\" \/>\n<meta name=\"robots\" content=\"index, follow, max-snippet:-1, max-image-preview:large, max-video-preview:-1\" \/>\n<link rel=\"canonical\" href=\"https:\/\/clair.si\/hr\/izdelek\/elektricni-pastir-horizont-shockstar-s70\/\" \/>\n<meta property=\"og:locale\" content=\"hr_HR\" \/>\n<meta property=\"og:type\" content=\"article\" \/>\n<meta property=\"og:title\" content=\"Elektri\u010dni pastir Horizont ShockStar S70 - Clair\" \/>\n<meta property=\"og:description\" content=\"Solarni pastir namijenjen mirnim \u017eivotinjama na pa\u0161njacima, vrlo jednostavan za kori\u0161tenje, Horizont marka sinonim je za kvalitetu. Osigurajte si svojeg.\" \/>\n<meta property=\"og:url\" content=\"https:\/\/clair.si\/hr\/izdelek\/elektricni-pastir-horizont-shockstar-s70\/\" \/>\n<meta property=\"og:site_name\" content=\"Clair\" \/>\n<meta property=\"article:publisher\" content=\"https:\/\/www.facebook.com\/TrgovinaClair\/\" \/>\n<meta property=\"article:modified_time\" content=\"2025-08-28T04:37:30+00:00\" \/>\n<meta property=\"og:image\" content=\"https:\/\/clair.si\/wp-content\/uploads\/2024\/03\/s701-jpg.webp\" \/>\n\t<meta property=\"og:image:width\" content=\"385\" \/>\n\t<meta property=\"og:image:height\" content=\"385\" \/>\n\t<meta property=\"og:image:type\" content=\"image\/jpeg\" \/>\n<meta name=\"twitter:card\" content=\"summary_large_image\" \/>\n<meta name=\"twitter:label1\" content=\"Procijenjeno vrijeme \u010ditanja\" \/>\n\t<meta name=\"twitter:data1\" content=\"1 minuta\" \/>\n<script type=\"application\/ld+json\" class=\"yoast-schema-graph\">{\"@context\":\"https:\\\/\\\/schema.org\",\"@graph\":[{\"@type\":\"WebPage\",\"@id\":\"https:\\\/\\\/clair.si\\\/hr\\\/izdelek\\\/elektricni-pastir-horizont-shockstar-s70\\\/\",\"url\":\"https:\\\/\\\/clair.si\\\/hr\\\/izdelek\\\/elektricni-pastir-horizont-shockstar-s70\\\/\",\"name\":\"Elektri\u010dni pastir Horizont ShockStar S70 - Clair\",\"isPartOf\":{\"@id\":\"https:\\\/\\\/clair.si\\\/#website\"},\"primaryImageOfPage\":{\"@id\":\"https:\\\/\\\/clair.si\\\/hr\\\/izdelek\\\/elektricni-pastir-horizont-shockstar-s70\\\/#primaryimage\"},\"image\":{\"@id\":\"https:\\\/\\\/clair.si\\\/hr\\\/izdelek\\\/elektricni-pastir-horizont-shockstar-s70\\\/#primaryimage\"},\"thumbnailUrl\":\"https:\\\/\\\/clair.si\\\/wp-content\\\/uploads\\\/2024\\\/03\\\/s701-jpg.webp\",\"datePublished\":\"2024-03-22T08:36:15+00:00\",\"dateModified\":\"2025-08-28T04:37:30+00:00\",\"description\":\"Solarni pastir namijenjen mirnim \u017eivotinjama na pa\u0161njacima, vrlo jednostavan za kori\u0161tenje, Horizont marka sinonim je za kvalitetu. Osigurajte si svojeg.\",\"breadcrumb\":{\"@id\":\"https:\\\/\\\/clair.si\\\/hr\\\/izdelek\\\/elektricni-pastir-horizont-shockstar-s70\\\/#breadcrumb\"},\"inLanguage\":\"hr\",\"potentialAction\":[{\"@type\":\"ReadAction\",\"target\":[\"https:\\\/\\\/clair.si\\\/hr\\\/izdelek\\\/elektricni-pastir-horizont-shockstar-s70\\\/\"]}]},{\"@type\":\"ImageObject\",\"inLanguage\":\"hr\",\"@id\":\"https:\\\/\\\/clair.si\\\/hr\\\/izdelek\\\/elektricni-pastir-horizont-shockstar-s70\\\/#primaryimage\",\"url\":\"https:\\\/\\\/clair.si\\\/wp-content\\\/uploads\\\/2024\\\/03\\\/s701-jpg.webp\",\"contentUrl\":\"https:\\\/\\\/clair.si\\\/wp-content\\\/uploads\\\/2024\\\/03\\\/s701-jpg.webp\",\"width\":385,\"height\":385},{\"@type\":\"BreadcrumbList\",\"@id\":\"https:\\\/\\\/clair.si\\\/hr\\\/izdelek\\\/elektricni-pastir-horizont-shockstar-s70\\\/#breadcrumb\",\"itemListElement\":[{\"@type\":\"ListItem\",\"position\":1,\"name\":\"Home\",\"item\":\"https:\\\/\\\/clair.si\\\/hr\\\/\"},{\"@type\":\"ListItem\",\"position\":2,\"name\":\"Trgovina\",\"item\":\"https:\\\/\\\/clair.si\\\/trgovina\\\/\"},{\"@type\":\"ListItem\",\"position\":3,\"name\":\"Elektri\u010dni pastir Horizont ShockStar S70\"}]},{\"@type\":\"WebSite\",\"@id\":\"https:\\\/\\\/clair.si\\\/#website\",\"url\":\"https:\\\/\\\/clair.si\\\/\",\"name\":\"Clair\",\"description\":\"Trgovina s konjeni\u0161ko opremo\",\"publisher\":{\"@id\":\"https:\\\/\\\/clair.si\\\/#organization\"},\"potentialAction\":[{\"@type\":\"SearchAction\",\"target\":{\"@type\":\"EntryPoint\",\"urlTemplate\":\"https:\\\/\\\/clair.si\\\/?s={search_term_string}\"},\"query-input\":{\"@type\":\"PropertyValueSpecification\",\"valueRequired\":true,\"valueName\":\"search_term_string\"}}],\"inLanguage\":\"hr\"},{\"@type\":\"Organization\",\"@id\":\"https:\\\/\\\/clair.si\\\/#organization\",\"name\":\"Clair\",\"url\":\"https:\\\/\\\/clair.si\\\/\",\"logo\":{\"@type\":\"ImageObject\",\"inLanguage\":\"hr\",\"@id\":\"https:\\\/\\\/clair.si\\\/#\\\/schema\\\/logo\\\/image\\\/\",\"url\":\"https:\\\/\\\/clair.si\\\/wp-content\\\/uploads\\\/2022\\\/11\\\/clair_logo_2022.jpg\",\"contentUrl\":\"https:\\\/\\\/clair.si\\\/wp-content\\\/uploads\\\/2022\\\/11\\\/clair_logo_2022.jpg\",\"width\":1920,\"height\":1920,\"caption\":\"Clair\"},\"image\":{\"@id\":\"https:\\\/\\\/clair.si\\\/#\\\/schema\\\/logo\\\/image\\\/\"},\"sameAs\":[\"https:\\\/\\\/www.facebook.com\\\/TrgovinaClair\\\/\"]}]}<\/script>\n<!-- \/ Yoast SEO plugin. -->","yoast_head_json":{"title":"Elektri\u010dni pastir Horizont ShockStar S70 - Clair","description":"Solarni pastir namijenjen mirnim \u017eivotinjama na pa\u0161njacima, vrlo jednostavan za kori\u0161tenje, Horizont marka sinonim je za kvalitetu. Osigurajte si svojeg.","robots":{"index":"index","follow":"follow","max-snippet":"max-snippet:-1","max-image-preview":"max-image-preview:large","max-video-preview":"max-video-preview:-1"},"canonical":"https:\/\/clair.si\/hr\/izdelek\/elektricni-pastir-horizont-shockstar-s70\/","og_locale":"hr_HR","og_type":"article","og_title":"Elektri\u010dni pastir Horizont ShockStar S70 - Clair","og_description":"Solarni pastir namijenjen mirnim \u017eivotinjama na pa\u0161njacima, vrlo jednostavan za kori\u0161tenje, Horizont marka sinonim je za kvalitetu. Osigurajte si svojeg.","og_url":"https:\/\/clair.si\/hr\/izdelek\/elektricni-pastir-horizont-shockstar-s70\/","og_site_name":"Clair","article_publisher":"https:\/\/www.facebook.com\/TrgovinaClair\/","article_modified_time":"2025-08-28T04:37:30+00:00","og_image":[{"width":385,"height":385,"url":"https:\/\/clair.si\/wp-content\/uploads\/2024\/03\/s701-jpg.webp","type":"image\/jpeg"}],"twitter_card":"summary_large_image","twitter_misc":{"Procijenjeno vrijeme \u010ditanja":"1 minuta"},"schema":{"@context":"https:\/\/schema.org","@graph":[{"@type":"WebPage","@id":"https:\/\/clair.si\/hr\/izdelek\/elektricni-pastir-horizont-shockstar-s70\/","url":"https:\/\/clair.si\/hr\/izdelek\/elektricni-pastir-horizont-shockstar-s70\/","name":"Elektri\u010dni pastir Horizont ShockStar S70 - Clair","isPartOf":{"@id":"https:\/\/clair.si\/#website"},"primaryImageOfPage":{"@id":"https:\/\/clair.si\/hr\/izdelek\/elektricni-pastir-horizont-shockstar-s70\/#primaryimage"},"image":{"@id":"https:\/\/clair.si\/hr\/izdelek\/elektricni-pastir-horizont-shockstar-s70\/#primaryimage"},"thumbnailUrl":"https:\/\/clair.si\/wp-content\/uploads\/2024\/03\/s701-jpg.webp","datePublished":"2024-03-22T08:36:15+00:00","dateModified":"2025-08-28T04:37:30+00:00","description":"Solarni pastir namijenjen mirnim \u017eivotinjama na pa\u0161njacima, vrlo jednostavan za kori\u0161tenje, Horizont marka sinonim je za kvalitetu. Osigurajte si svojeg.","breadcrumb":{"@id":"https:\/\/clair.si\/hr\/izdelek\/elektricni-pastir-horizont-shockstar-s70\/#breadcrumb"},"inLanguage":"hr","potentialAction":[{"@type":"ReadAction","target":["https:\/\/clair.si\/hr\/izdelek\/elektricni-pastir-horizont-shockstar-s70\/"]}]},{"@type":"ImageObject","inLanguage":"hr","@id":"https:\/\/clair.si\/hr\/izdelek\/elektricni-pastir-horizont-shockstar-s70\/#primaryimage","url":"https:\/\/clair.si\/wp-content\/uploads\/2024\/03\/s701-jpg.webp","contentUrl":"https:\/\/clair.si\/wp-content\/uploads\/2024\/03\/s701-jpg.webp","width":385,"height":385},{"@type":"BreadcrumbList","@id":"https:\/\/clair.si\/hr\/izdelek\/elektricni-pastir-horizont-shockstar-s70\/#breadcrumb","itemListElement":[{"@type":"ListItem","position":1,"name":"Home","item":"https:\/\/clair.si\/hr\/"},{"@type":"ListItem","position":2,"name":"Trgovina","item":"https:\/\/clair.si\/trgovina\/"},{"@type":"ListItem","position":3,"name":"Elektri\u010dni pastir Horizont ShockStar S70"}]},{"@type":"WebSite","@id":"https:\/\/clair.si\/#website","url":"https:\/\/clair.si\/","name":"Clair","description":"Trgovina s konjeni\u0161ko opremo","publisher":{"@id":"https:\/\/clair.si\/#organization"},"potentialAction":[{"@type":"SearchAction","target":{"@type":"EntryPoint","urlTemplate":"https:\/\/clair.si\/?s={search_term_string}"},"query-input":{"@type":"PropertyValueSpecification","valueRequired":true,"valueName":"search_term_string"}}],"inLanguage":"hr"},{"@type":"Organization","@id":"https:\/\/clair.si\/#organization","name":"Clair","url":"https:\/\/clair.si\/","logo":{"@type":"ImageObject","inLanguage":"hr","@id":"https:\/\/clair.si\/#\/schema\/logo\/image\/","url":"https:\/\/clair.si\/wp-content\/uploads\/2022\/11\/clair_logo_2022.jpg","contentUrl":"https:\/\/clair.si\/wp-content\/uploads\/2022\/11\/clair_logo_2022.jpg","width":1920,"height":1920,"caption":"Clair"},"image":{"@id":"https:\/\/clair.si\/#\/schema\/logo\/image\/"},"sameAs":["https:\/\/www.facebook.com\/TrgovinaClair\/"]}]}},"_links":{"self":[{"href":"https:\/\/clair.si\/hr\/wp-json\/wp\/v2\/product\/96389","targetHints":{"allow":["GET"]}}],"collection":[{"href":"https:\/\/clair.si\/hr\/wp-json\/wp\/v2\/product"}],"about":[{"href":"https:\/\/clair.si\/hr\/wp-json\/wp\/v2\/types\/product"}],"version-history":[{"count":0,"href":"https:\/\/clair.si\/hr\/wp-json\/wp\/v2\/product\/96389\/revisions"}],"wp:featuredmedia":[{"embeddable":true,"href":"https:\/\/clair.si\/hr\/wp-json\/wp\/v2\/media\/96392"}],"wp:attachment":[{"href":"https:\/\/clair.si\/hr\/wp-json\/wp\/v2\/media?parent=96389"}],"wp:term":[{"taxonomy":"product_brand","embeddable":true,"href":"https:\/\/clair.si\/hr\/wp-json\/wp\/v2\/product_brand?post=96389"},{"taxonomy":"product_cat","embeddable":true,"href":"https:\/\/clair.si\/hr\/wp-json\/wp\/v2\/product_cat?post=96389"},{"taxonomy":"product_tag","embeddable":true,"href":"https:\/\/clair.si\/hr\/wp-json\/wp\/v2\/product_tag?post=96389"}],"curies":[{"name":"wp","href":"https:\/\/api.w.org\/{rel}","templated":true}]}}