{"id":96421,"date":"2024-03-18T09:50:20","date_gmt":"2024-03-18T08:50:20","guid":{"rendered":"https:\/\/clair.si\/izdelek\/zastitni-jahaci-prsluk-3x-sir-lancelot-djecji\/"},"modified":"2025-12-21T10:57:40","modified_gmt":"2025-12-21T09:57:40","slug":"zastitni-jahaci-prsluk-3x-sir-lancelot-djecji","status":"publish","type":"product","link":"https:\/\/clair.si\/hr\/izdelek\/zastitni-jahaci-prsluk-3x-sir-lancelot-djecji\/","title":{"rendered":"Za\u0161titni jaha\u0107i prsluk 3X &#8220;Sir Lancelot&#8221; &#8211; dje\u010dji"},"content":{"rendered":"<p><strong>Za\u0161titni prsluk s najvi\u0161im standardima<\/strong> kvalitete materijala, izrade, udobnosti, dizajna i sigurnosti! <strong>Certificiran je i testiran<\/strong> u skladu s najnovijom zakonskom sigurnosnom normom CE\/EN 1621:2014 razina 2. <\/p>\n<ul>\n<li>4 sloja 5,5 mm Nitrex pjene za ubla\u017eavanje udaraca straga<\/li>\n<li>sprijeda i sa strane 2 sloja 5,5 mm Nitrex pjene za posebnu za\u0161titu; prednji jastu\u010di\u0107i su uklonjivi<\/li>\n<li>visokokvalitetni YKK patentni zatvara\u010d<\/li>\n<li>vanjski materijal od 100 % poliesterske mre\u017ee sprijeda i straga za maksimalnu prozra\u010dnost<\/li>\n<li>podstava: 85 % najlon, 15 % elastan<\/li>\n<li>vrlo udobno prianjanje s elasti\u010dnim umetcima sa strane za udobnost<\/li>\n<li>uski kroj za bolju mobilnost<\/li>\n<li>reflektiraju\u0107i pojas sprijeda za ve\u0107u sigurnost<\/li>\n<\/ul>\n","protected":false},"excerpt":{"rendered":"<ul>\n<li>4 sloja 5,5 mm Nitrex pjene za ubla\u017eavanje udaraca straga<\/li>\n<li>sprijeda i sa strane 2 sloja 5,5 mm Nitrex pjene za posebnu za\u0161titu; prednji jastu\u010di\u0107i su uklonjivi<\/li>\n<li>visokokvalitetni YKK patentni zatvara\u010d<\/li>\n<li>vanjski materijal od 100 % poliesterske mre\u017ee sprijeda i straga za maksimalnu prozra\u010dnost<\/li>\n<li>podstava: 85 % najlon, 15 % elastan<\/li>\n<li>vrlo udobno prianjanje s elasti\u010dnim umetcima sa strane za udobnost<\/li>\n<li>uski kroj za bolju mobilnost<\/li>\n<li>reflektiraju\u0107i pojas sprijeda za ve\u0107u sigurnost<\/li>\n<\/ul>\n","protected":false},"featured_media":96427,"template":"","meta":{"footnotes":""},"product_brand":[],"product_cat":[5654,5766,5844],"product_tag":[],"class_list":{"0":"post-96421","1":"product","2":"type-product","3":"status-publish","4":"has-post-thumbnail","6":"product_cat-jahac-hr","7":"product_cat-zastitna-oprema","8":"product_cat-zastitni-prsluci","10":"first","11":"instock","12":"sale","13":"shipping-taxable","14":"purchasable","15":"product-type-variable"},"yoast_head":"<!-- This site is optimized with the Yoast SEO plugin v27.4 - https:\/\/yoast.com\/product\/yoast-seo-wordpress\/ -->\n<title>Za\u0161titni jaha\u0107i prsluk 3X &quot;Sir Lancelot&quot; - dje\u010dji - Clair<\/title>\n<meta name=\"description\" content=\"Za\u0161titni prsluk ili kornja\u010da, visoke kvalitete, prozra\u010dan i vrlo udoban je sve \u0161to va\u0161e dijete treba za sigurnu vo\u017enju. Izaberite svoj u na\u0161oj trgovini.\" \/>\n<meta name=\"robots\" content=\"index, follow, max-snippet:-1, max-image-preview:large, max-video-preview:-1\" \/>\n<link rel=\"canonical\" href=\"https:\/\/clair.si\/hr\/izdelek\/zastitni-jahaci-prsluk-3x-sir-lancelot-djecji\/\" \/>\n<meta property=\"og:locale\" content=\"hr_HR\" \/>\n<meta property=\"og:type\" content=\"article\" \/>\n<meta property=\"og:title\" content=\"Za\u0161titni jaha\u0107i prsluk 3X &quot;Sir Lancelot&quot; - dje\u010dji - Clair\" \/>\n<meta property=\"og:description\" content=\"Za\u0161titni prsluk ili kornja\u010da, visoke kvalitete, prozra\u010dan i vrlo udoban je sve \u0161to va\u0161e dijete treba za sigurnu vo\u017enju. Izaberite svoj u na\u0161oj trgovini.\" \/>\n<meta property=\"og:url\" content=\"https:\/\/clair.si\/hr\/izdelek\/zastitni-jahaci-prsluk-3x-sir-lancelot-djecji\/\" \/>\n<meta property=\"og:site_name\" content=\"Clair\" \/>\n<meta property=\"article:publisher\" content=\"https:\/\/www.facebook.com\/TrgovinaClair\/\" \/>\n<meta property=\"article:modified_time\" content=\"2025-12-21T09:57:40+00:00\" \/>\n<meta property=\"og:image\" content=\"https:\/\/clair.si\/wp-content\/uploads\/2024\/03\/62201-jpg.webp\" \/>\n\t<meta property=\"og:image:width\" content=\"800\" \/>\n\t<meta property=\"og:image:height\" content=\"800\" \/>\n\t<meta property=\"og:image:type\" content=\"image\/jpeg\" \/>\n<meta name=\"twitter:card\" content=\"summary_large_image\" \/>\n<script type=\"application\/ld+json\" class=\"yoast-schema-graph\">{\"@context\":\"https:\\\/\\\/schema.org\",\"@graph\":[{\"@type\":\"WebPage\",\"@id\":\"https:\\\/\\\/clair.si\\\/hr\\\/izdelek\\\/zastitni-jahaci-prsluk-3x-sir-lancelot-djecji\\\/\",\"url\":\"https:\\\/\\\/clair.si\\\/hr\\\/izdelek\\\/zastitni-jahaci-prsluk-3x-sir-lancelot-djecji\\\/\",\"name\":\"Za\u0161titni jaha\u0107i prsluk 3X \\\"Sir Lancelot\\\" - dje\u010dji - Clair\",\"isPartOf\":{\"@id\":\"https:\\\/\\\/clair.si\\\/#website\"},\"primaryImageOfPage\":{\"@id\":\"https:\\\/\\\/clair.si\\\/hr\\\/izdelek\\\/zastitni-jahaci-prsluk-3x-sir-lancelot-djecji\\\/#primaryimage\"},\"image\":{\"@id\":\"https:\\\/\\\/clair.si\\\/hr\\\/izdelek\\\/zastitni-jahaci-prsluk-3x-sir-lancelot-djecji\\\/#primaryimage\"},\"thumbnailUrl\":\"https:\\\/\\\/clair.si\\\/wp-content\\\/uploads\\\/2024\\\/03\\\/62201-jpg.webp\",\"datePublished\":\"2024-03-18T08:50:20+00:00\",\"dateModified\":\"2025-12-21T09:57:40+00:00\",\"description\":\"Za\u0161titni prsluk ili kornja\u010da, visoke kvalitete, prozra\u010dan i vrlo udoban je sve \u0161to va\u0161e dijete treba za sigurnu vo\u017enju. Izaberite svoj u na\u0161oj trgovini.\",\"breadcrumb\":{\"@id\":\"https:\\\/\\\/clair.si\\\/hr\\\/izdelek\\\/zastitni-jahaci-prsluk-3x-sir-lancelot-djecji\\\/#breadcrumb\"},\"inLanguage\":\"hr\",\"potentialAction\":[{\"@type\":\"ReadAction\",\"target\":[\"https:\\\/\\\/clair.si\\\/hr\\\/izdelek\\\/zastitni-jahaci-prsluk-3x-sir-lancelot-djecji\\\/\"]}]},{\"@type\":\"ImageObject\",\"inLanguage\":\"hr\",\"@id\":\"https:\\\/\\\/clair.si\\\/hr\\\/izdelek\\\/zastitni-jahaci-prsluk-3x-sir-lancelot-djecji\\\/#primaryimage\",\"url\":\"https:\\\/\\\/clair.si\\\/wp-content\\\/uploads\\\/2024\\\/03\\\/62201-jpg.webp\",\"contentUrl\":\"https:\\\/\\\/clair.si\\\/wp-content\\\/uploads\\\/2024\\\/03\\\/62201-jpg.webp\",\"width\":800,\"height\":800},{\"@type\":\"BreadcrumbList\",\"@id\":\"https:\\\/\\\/clair.si\\\/hr\\\/izdelek\\\/zastitni-jahaci-prsluk-3x-sir-lancelot-djecji\\\/#breadcrumb\",\"itemListElement\":[{\"@type\":\"ListItem\",\"position\":1,\"name\":\"Home\",\"item\":\"https:\\\/\\\/clair.si\\\/hr\\\/\"},{\"@type\":\"ListItem\",\"position\":2,\"name\":\"Trgovina\",\"item\":\"https:\\\/\\\/clair.si\\\/trgovina\\\/\"},{\"@type\":\"ListItem\",\"position\":3,\"name\":\"Za\u0161titni jaha\u0107i prsluk 3X &#8220;Sir Lancelot&#8221; &#8211; dje\u010dji\"}]},{\"@type\":\"WebSite\",\"@id\":\"https:\\\/\\\/clair.si\\\/#website\",\"url\":\"https:\\\/\\\/clair.si\\\/\",\"name\":\"Clair\",\"description\":\"Trgovina s konjeni\u0161ko opremo\",\"publisher\":{\"@id\":\"https:\\\/\\\/clair.si\\\/#organization\"},\"potentialAction\":[{\"@type\":\"SearchAction\",\"target\":{\"@type\":\"EntryPoint\",\"urlTemplate\":\"https:\\\/\\\/clair.si\\\/?s={search_term_string}\"},\"query-input\":{\"@type\":\"PropertyValueSpecification\",\"valueRequired\":true,\"valueName\":\"search_term_string\"}}],\"inLanguage\":\"hr\"},{\"@type\":\"Organization\",\"@id\":\"https:\\\/\\\/clair.si\\\/#organization\",\"name\":\"Clair\",\"url\":\"https:\\\/\\\/clair.si\\\/\",\"logo\":{\"@type\":\"ImageObject\",\"inLanguage\":\"hr\",\"@id\":\"https:\\\/\\\/clair.si\\\/#\\\/schema\\\/logo\\\/image\\\/\",\"url\":\"https:\\\/\\\/clair.si\\\/wp-content\\\/uploads\\\/2022\\\/11\\\/clair_logo_2022.jpg\",\"contentUrl\":\"https:\\\/\\\/clair.si\\\/wp-content\\\/uploads\\\/2022\\\/11\\\/clair_logo_2022.jpg\",\"width\":1920,\"height\":1920,\"caption\":\"Clair\"},\"image\":{\"@id\":\"https:\\\/\\\/clair.si\\\/#\\\/schema\\\/logo\\\/image\\\/\"},\"sameAs\":[\"https:\\\/\\\/www.facebook.com\\\/TrgovinaClair\\\/\"]}]}<\/script>\n<!-- \/ Yoast SEO plugin. -->","yoast_head_json":{"title":"Za\u0161titni jaha\u0107i prsluk 3X \"Sir Lancelot\" - dje\u010dji - Clair","description":"Za\u0161titni prsluk ili kornja\u010da, visoke kvalitete, prozra\u010dan i vrlo udoban je sve \u0161to va\u0161e dijete treba za sigurnu vo\u017enju. Izaberite svoj u na\u0161oj trgovini.","robots":{"index":"index","follow":"follow","max-snippet":"max-snippet:-1","max-image-preview":"max-image-preview:large","max-video-preview":"max-video-preview:-1"},"canonical":"https:\/\/clair.si\/hr\/izdelek\/zastitni-jahaci-prsluk-3x-sir-lancelot-djecji\/","og_locale":"hr_HR","og_type":"article","og_title":"Za\u0161titni jaha\u0107i prsluk 3X \"Sir Lancelot\" - dje\u010dji - Clair","og_description":"Za\u0161titni prsluk ili kornja\u010da, visoke kvalitete, prozra\u010dan i vrlo udoban je sve \u0161to va\u0161e dijete treba za sigurnu vo\u017enju. Izaberite svoj u na\u0161oj trgovini.","og_url":"https:\/\/clair.si\/hr\/izdelek\/zastitni-jahaci-prsluk-3x-sir-lancelot-djecji\/","og_site_name":"Clair","article_publisher":"https:\/\/www.facebook.com\/TrgovinaClair\/","article_modified_time":"2025-12-21T09:57:40+00:00","og_image":[{"width":800,"height":800,"url":"https:\/\/clair.si\/wp-content\/uploads\/2024\/03\/62201-jpg.webp","type":"image\/jpeg"}],"twitter_card":"summary_large_image","schema":{"@context":"https:\/\/schema.org","@graph":[{"@type":"WebPage","@id":"https:\/\/clair.si\/hr\/izdelek\/zastitni-jahaci-prsluk-3x-sir-lancelot-djecji\/","url":"https:\/\/clair.si\/hr\/izdelek\/zastitni-jahaci-prsluk-3x-sir-lancelot-djecji\/","name":"Za\u0161titni jaha\u0107i prsluk 3X \"Sir Lancelot\" - dje\u010dji - Clair","isPartOf":{"@id":"https:\/\/clair.si\/#website"},"primaryImageOfPage":{"@id":"https:\/\/clair.si\/hr\/izdelek\/zastitni-jahaci-prsluk-3x-sir-lancelot-djecji\/#primaryimage"},"image":{"@id":"https:\/\/clair.si\/hr\/izdelek\/zastitni-jahaci-prsluk-3x-sir-lancelot-djecji\/#primaryimage"},"thumbnailUrl":"https:\/\/clair.si\/wp-content\/uploads\/2024\/03\/62201-jpg.webp","datePublished":"2024-03-18T08:50:20+00:00","dateModified":"2025-12-21T09:57:40+00:00","description":"Za\u0161titni prsluk ili kornja\u010da, visoke kvalitete, prozra\u010dan i vrlo udoban je sve \u0161to va\u0161e dijete treba za sigurnu vo\u017enju. Izaberite svoj u na\u0161oj trgovini.","breadcrumb":{"@id":"https:\/\/clair.si\/hr\/izdelek\/zastitni-jahaci-prsluk-3x-sir-lancelot-djecji\/#breadcrumb"},"inLanguage":"hr","potentialAction":[{"@type":"ReadAction","target":["https:\/\/clair.si\/hr\/izdelek\/zastitni-jahaci-prsluk-3x-sir-lancelot-djecji\/"]}]},{"@type":"ImageObject","inLanguage":"hr","@id":"https:\/\/clair.si\/hr\/izdelek\/zastitni-jahaci-prsluk-3x-sir-lancelot-djecji\/#primaryimage","url":"https:\/\/clair.si\/wp-content\/uploads\/2024\/03\/62201-jpg.webp","contentUrl":"https:\/\/clair.si\/wp-content\/uploads\/2024\/03\/62201-jpg.webp","width":800,"height":800},{"@type":"BreadcrumbList","@id":"https:\/\/clair.si\/hr\/izdelek\/zastitni-jahaci-prsluk-3x-sir-lancelot-djecji\/#breadcrumb","itemListElement":[{"@type":"ListItem","position":1,"name":"Home","item":"https:\/\/clair.si\/hr\/"},{"@type":"ListItem","position":2,"name":"Trgovina","item":"https:\/\/clair.si\/trgovina\/"},{"@type":"ListItem","position":3,"name":"Za\u0161titni jaha\u0107i prsluk 3X &#8220;Sir Lancelot&#8221; &#8211; dje\u010dji"}]},{"@type":"WebSite","@id":"https:\/\/clair.si\/#website","url":"https:\/\/clair.si\/","name":"Clair","description":"Trgovina s konjeni\u0161ko opremo","publisher":{"@id":"https:\/\/clair.si\/#organization"},"potentialAction":[{"@type":"SearchAction","target":{"@type":"EntryPoint","urlTemplate":"https:\/\/clair.si\/?s={search_term_string}"},"query-input":{"@type":"PropertyValueSpecification","valueRequired":true,"valueName":"search_term_string"}}],"inLanguage":"hr"},{"@type":"Organization","@id":"https:\/\/clair.si\/#organization","name":"Clair","url":"https:\/\/clair.si\/","logo":{"@type":"ImageObject","inLanguage":"hr","@id":"https:\/\/clair.si\/#\/schema\/logo\/image\/","url":"https:\/\/clair.si\/wp-content\/uploads\/2022\/11\/clair_logo_2022.jpg","contentUrl":"https:\/\/clair.si\/wp-content\/uploads\/2022\/11\/clair_logo_2022.jpg","width":1920,"height":1920,"caption":"Clair"},"image":{"@id":"https:\/\/clair.si\/#\/schema\/logo\/image\/"},"sameAs":["https:\/\/www.facebook.com\/TrgovinaClair\/"]}]}},"_links":{"self":[{"href":"https:\/\/clair.si\/hr\/wp-json\/wp\/v2\/product\/96421","targetHints":{"allow":["GET"]}}],"collection":[{"href":"https:\/\/clair.si\/hr\/wp-json\/wp\/v2\/product"}],"about":[{"href":"https:\/\/clair.si\/hr\/wp-json\/wp\/v2\/types\/product"}],"version-history":[{"count":1,"href":"https:\/\/clair.si\/hr\/wp-json\/wp\/v2\/product\/96421\/revisions"}],"predecessor-version":[{"id":115991,"href":"https:\/\/clair.si\/hr\/wp-json\/wp\/v2\/product\/96421\/revisions\/115991"}],"wp:featuredmedia":[{"embeddable":true,"href":"https:\/\/clair.si\/hr\/wp-json\/wp\/v2\/media\/96427"}],"wp:attachment":[{"href":"https:\/\/clair.si\/hr\/wp-json\/wp\/v2\/media?parent=96421"}],"wp:term":[{"taxonomy":"product_brand","embeddable":true,"href":"https:\/\/clair.si\/hr\/wp-json\/wp\/v2\/product_brand?post=96421"},{"taxonomy":"product_cat","embeddable":true,"href":"https:\/\/clair.si\/hr\/wp-json\/wp\/v2\/product_cat?post=96421"},{"taxonomy":"product_tag","embeddable":true,"href":"https:\/\/clair.si\/hr\/wp-json\/wp\/v2\/product_tag?post=96421"}],"curies":[{"name":"wp","href":"https:\/\/api.w.org\/{rel}","templated":true}]}}