{"id":96422,"date":"2024-03-14T12:21:33","date_gmt":"2024-03-14T11:21:33","guid":{"rendered":"https:\/\/clair.si\/izdelek\/tekucina-za-hladenje-equi-n-ice-coolant-500ml\/"},"modified":"2025-08-27T20:48:03","modified_gmt":"2025-08-27T18:48:03","slug":"tekucina-za-hladenje-equi-n-ice-coolant-500ml","status":"publish","type":"product","link":"https:\/\/clair.si\/hr\/izdelek\/tekucina-za-hladenje-equi-n-ice-coolant-500ml\/","title":{"rendered":"Teku\u0107ina za hla\u0111enje Equi&#8217;n&#8217;ice Coolant &#8211; 500ml"},"content":{"rendered":"<p><strong>Equi&#8217;N&#8217;ice \u2013 Coolant recharge rashladna teku\u0107ina.<\/strong> Trenutno rashladno lije\u010denje. Smanjuje upale i udarce. Tretira problemati\u010dna podru\u010dja, koljena i sko\u010dni zglob. Osigurano da \u0107e se va\u0161 konj br\u017ee oporaviti. Preporu\u010duje se za hla\u0111enje nakon rada, dizajniran za izravno nano\u0161enje na konjsku nogu, pru\u017ea mnogo u\u010dinkovitiju i jednostavniju alternativu ledenim oblozima i drugim tehnikama koje omogu\u0107uju da ekstremno niske temperature do\u0111u u kontakt s nogom i potencijalno uzrokuju bol ili o\u0161te\u0107enje tkiva.    <\/p>\n<p><strong>PREDNOSTI:<\/strong> Poma\u017ee ubrzati zacjeljivanje, smanjuje upalu. Hla\u0111enje nije potrebno <\/p>\n<p><strong>UPORABA:<\/strong> Izravno raspr\u0161ite: Raspr\u0161ite rashladnu teku\u0107inu izravno na vru\u0107e podru\u010dje. Napunite povoj za vi\u0161ekratnu upotrebu: ulijte 80 ml u paket za hla\u0111enje povoja za vi\u0161ekratnu upotrebu. Napunite Rapid Cooling Rug pokrivalo: ulijte 250 ml u vre\u0107icu Rapid Cooling Rug. Napunite Icesocks \u010darape: ulijte 50 ml u paket Icesocks \u010darapa. Posebne mjere opreza: Samo za vanjsku uporabu. Ne nanositi na o\u010di ili usta. \u010cuvati izvan dohvata djece. Ako se rashladna teku\u0107ina proguta, odmah potra\u017eite lije\u010dni\u010dku pomo\u0107. Sastojci: pro\u010di\u0161\u0107ena voda, etanol, glicerin, mentil laktat.        <\/p>\n","protected":false},"excerpt":{"rendered":"<p>Equi&#8217;N&#8217;ice \u2013 Coolant recharge rashladna teku\u0107ina. Trenutno rashladno lije\u010denje. Smanjuje upale i udarce. Tretira problemati\u010dna podru\u010dja, koljena i sko\u010dni zglob.<\/p>\n","protected":false},"featured_media":96434,"template":"","meta":{"footnotes":""},"product_brand":[],"product_cat":[5624,5677,5675,5625,5627,5680],"product_tag":[],"class_list":{"0":"post-96422","1":"product","2":"type-product","3":"status-publish","4":"has-post-thumbnail","6":"product_cat-konj-hr","7":"product_cat-kozmetika-za-konje-hr-2","8":"product_cat-kozmetika-za-konje-hr","9":"product_cat-njega-konja","10":"product_cat-stala-i-pasnjak","11":"product_cat-zdravlje-i-dobrobit","13":"first","14":"outofstock","15":"featured","16":"shipping-taxable","17":"purchasable","18":"product-type-simple"},"yoast_head":"<!-- This site is optimized with the Yoast SEO plugin v27.4 - https:\/\/yoast.com\/product\/yoast-seo-wordpress\/ -->\n<title>Teku\u0107ina za hla\u0111enje Equi&#039;n&#039;ice Coolant - 500ml - Clair<\/title>\n<meta name=\"description\" content=\"Teku\u0107ina za hla\u0111enje koja se koristi u kombinaciji s rashladnim banda\u017eama i \u010darapama Equi&#039;n&#039;ice. Osigurajte svoj komplet u na\u0161oj web trgovini.\" \/>\n<meta name=\"robots\" content=\"index, follow, max-snippet:-1, max-image-preview:large, max-video-preview:-1\" \/>\n<link rel=\"canonical\" href=\"https:\/\/clair.si\/hr\/izdelek\/tekucina-za-hladenje-equi-n-ice-coolant-500ml\/\" \/>\n<meta property=\"og:locale\" content=\"hr_HR\" \/>\n<meta property=\"og:type\" content=\"article\" \/>\n<meta property=\"og:title\" content=\"Teku\u0107ina za hla\u0111enje Equi&#039;n&#039;ice Coolant - 500ml - Clair\" \/>\n<meta property=\"og:description\" content=\"Teku\u0107ina za hla\u0111enje koja se koristi u kombinaciji s rashladnim banda\u017eama i \u010darapama Equi&#039;n&#039;ice. Osigurajte svoj komplet u na\u0161oj web trgovini.\" \/>\n<meta property=\"og:url\" content=\"https:\/\/clair.si\/hr\/izdelek\/tekucina-za-hladenje-equi-n-ice-coolant-500ml\/\" \/>\n<meta property=\"og:site_name\" content=\"Clair\" \/>\n<meta property=\"article:publisher\" content=\"https:\/\/www.facebook.com\/TrgovinaClair\/\" \/>\n<meta property=\"article:modified_time\" content=\"2025-08-27T18:48:03+00:00\" \/>\n<meta property=\"og:image\" content=\"https:\/\/clair.si\/wp-content\/uploads\/2024\/03\/coolantrecharge500ml1800x1800_1024x1024@2x-jpg.webp\" \/>\n\t<meta property=\"og:image:width\" content=\"800\" \/>\n\t<meta property=\"og:image:height\" content=\"800\" \/>\n\t<meta property=\"og:image:type\" content=\"image\/jpeg\" \/>\n<meta name=\"twitter:card\" content=\"summary_large_image\" \/>\n<meta name=\"twitter:label1\" content=\"Procijenjeno vrijeme \u010ditanja\" \/>\n\t<meta name=\"twitter:data1\" content=\"1 minuta\" \/>\n<script type=\"application\/ld+json\" class=\"yoast-schema-graph\">{\"@context\":\"https:\\\/\\\/schema.org\",\"@graph\":[{\"@type\":\"WebPage\",\"@id\":\"https:\\\/\\\/clair.si\\\/hr\\\/izdelek\\\/tekucina-za-hladenje-equi-n-ice-coolant-500ml\\\/\",\"url\":\"https:\\\/\\\/clair.si\\\/hr\\\/izdelek\\\/tekucina-za-hladenje-equi-n-ice-coolant-500ml\\\/\",\"name\":\"Teku\u0107ina za hla\u0111enje Equi'n'ice Coolant - 500ml - Clair\",\"isPartOf\":{\"@id\":\"https:\\\/\\\/clair.si\\\/#website\"},\"primaryImageOfPage\":{\"@id\":\"https:\\\/\\\/clair.si\\\/hr\\\/izdelek\\\/tekucina-za-hladenje-equi-n-ice-coolant-500ml\\\/#primaryimage\"},\"image\":{\"@id\":\"https:\\\/\\\/clair.si\\\/hr\\\/izdelek\\\/tekucina-za-hladenje-equi-n-ice-coolant-500ml\\\/#primaryimage\"},\"thumbnailUrl\":\"https:\\\/\\\/clair.si\\\/wp-content\\\/uploads\\\/2024\\\/03\\\/coolantrecharge500ml1800x1800_1024x1024@2x-jpg.webp\",\"datePublished\":\"2024-03-14T11:21:33+00:00\",\"dateModified\":\"2025-08-27T18:48:03+00:00\",\"description\":\"Teku\u0107ina za hla\u0111enje koja se koristi u kombinaciji s rashladnim banda\u017eama i \u010darapama Equi'n'ice. Osigurajte svoj komplet u na\u0161oj web trgovini.\",\"breadcrumb\":{\"@id\":\"https:\\\/\\\/clair.si\\\/hr\\\/izdelek\\\/tekucina-za-hladenje-equi-n-ice-coolant-500ml\\\/#breadcrumb\"},\"inLanguage\":\"hr\",\"potentialAction\":[{\"@type\":\"ReadAction\",\"target\":[\"https:\\\/\\\/clair.si\\\/hr\\\/izdelek\\\/tekucina-za-hladenje-equi-n-ice-coolant-500ml\\\/\"]}]},{\"@type\":\"ImageObject\",\"inLanguage\":\"hr\",\"@id\":\"https:\\\/\\\/clair.si\\\/hr\\\/izdelek\\\/tekucina-za-hladenje-equi-n-ice-coolant-500ml\\\/#primaryimage\",\"url\":\"https:\\\/\\\/clair.si\\\/wp-content\\\/uploads\\\/2024\\\/03\\\/coolantrecharge500ml1800x1800_1024x1024@2x-jpg.webp\",\"contentUrl\":\"https:\\\/\\\/clair.si\\\/wp-content\\\/uploads\\\/2024\\\/03\\\/coolantrecharge500ml1800x1800_1024x1024@2x-jpg.webp\",\"width\":800,\"height\":800},{\"@type\":\"BreadcrumbList\",\"@id\":\"https:\\\/\\\/clair.si\\\/hr\\\/izdelek\\\/tekucina-za-hladenje-equi-n-ice-coolant-500ml\\\/#breadcrumb\",\"itemListElement\":[{\"@type\":\"ListItem\",\"position\":1,\"name\":\"Home\",\"item\":\"https:\\\/\\\/clair.si\\\/hr\\\/\"},{\"@type\":\"ListItem\",\"position\":2,\"name\":\"Trgovina\",\"item\":\"https:\\\/\\\/clair.si\\\/trgovina\\\/\"},{\"@type\":\"ListItem\",\"position\":3,\"name\":\"Teku\u0107ina za hla\u0111enje Equi&#8217;n&#8217;ice Coolant &#8211; 500ml\"}]},{\"@type\":\"WebSite\",\"@id\":\"https:\\\/\\\/clair.si\\\/#website\",\"url\":\"https:\\\/\\\/clair.si\\\/\",\"name\":\"Clair\",\"description\":\"Trgovina s konjeni\u0161ko opremo\",\"publisher\":{\"@id\":\"https:\\\/\\\/clair.si\\\/#organization\"},\"potentialAction\":[{\"@type\":\"SearchAction\",\"target\":{\"@type\":\"EntryPoint\",\"urlTemplate\":\"https:\\\/\\\/clair.si\\\/?s={search_term_string}\"},\"query-input\":{\"@type\":\"PropertyValueSpecification\",\"valueRequired\":true,\"valueName\":\"search_term_string\"}}],\"inLanguage\":\"hr\"},{\"@type\":\"Organization\",\"@id\":\"https:\\\/\\\/clair.si\\\/#organization\",\"name\":\"Clair\",\"url\":\"https:\\\/\\\/clair.si\\\/\",\"logo\":{\"@type\":\"ImageObject\",\"inLanguage\":\"hr\",\"@id\":\"https:\\\/\\\/clair.si\\\/#\\\/schema\\\/logo\\\/image\\\/\",\"url\":\"https:\\\/\\\/clair.si\\\/wp-content\\\/uploads\\\/2022\\\/11\\\/clair_logo_2022.jpg\",\"contentUrl\":\"https:\\\/\\\/clair.si\\\/wp-content\\\/uploads\\\/2022\\\/11\\\/clair_logo_2022.jpg\",\"width\":1920,\"height\":1920,\"caption\":\"Clair\"},\"image\":{\"@id\":\"https:\\\/\\\/clair.si\\\/#\\\/schema\\\/logo\\\/image\\\/\"},\"sameAs\":[\"https:\\\/\\\/www.facebook.com\\\/TrgovinaClair\\\/\"]}]}<\/script>\n<!-- \/ Yoast SEO plugin. -->","yoast_head_json":{"title":"Teku\u0107ina za hla\u0111enje Equi'n'ice Coolant - 500ml - Clair","description":"Teku\u0107ina za hla\u0111enje koja se koristi u kombinaciji s rashladnim banda\u017eama i \u010darapama Equi'n'ice. Osigurajte svoj komplet u na\u0161oj web trgovini.","robots":{"index":"index","follow":"follow","max-snippet":"max-snippet:-1","max-image-preview":"max-image-preview:large","max-video-preview":"max-video-preview:-1"},"canonical":"https:\/\/clair.si\/hr\/izdelek\/tekucina-za-hladenje-equi-n-ice-coolant-500ml\/","og_locale":"hr_HR","og_type":"article","og_title":"Teku\u0107ina za hla\u0111enje Equi'n'ice Coolant - 500ml - Clair","og_description":"Teku\u0107ina za hla\u0111enje koja se koristi u kombinaciji s rashladnim banda\u017eama i \u010darapama Equi'n'ice. Osigurajte svoj komplet u na\u0161oj web trgovini.","og_url":"https:\/\/clair.si\/hr\/izdelek\/tekucina-za-hladenje-equi-n-ice-coolant-500ml\/","og_site_name":"Clair","article_publisher":"https:\/\/www.facebook.com\/TrgovinaClair\/","article_modified_time":"2025-08-27T18:48:03+00:00","og_image":[{"width":800,"height":800,"url":"https:\/\/clair.si\/wp-content\/uploads\/2024\/03\/coolantrecharge500ml1800x1800_1024x1024@2x-jpg.webp","type":"image\/jpeg"}],"twitter_card":"summary_large_image","twitter_misc":{"Procijenjeno vrijeme \u010ditanja":"1 minuta"},"schema":{"@context":"https:\/\/schema.org","@graph":[{"@type":"WebPage","@id":"https:\/\/clair.si\/hr\/izdelek\/tekucina-za-hladenje-equi-n-ice-coolant-500ml\/","url":"https:\/\/clair.si\/hr\/izdelek\/tekucina-za-hladenje-equi-n-ice-coolant-500ml\/","name":"Teku\u0107ina za hla\u0111enje Equi'n'ice Coolant - 500ml - Clair","isPartOf":{"@id":"https:\/\/clair.si\/#website"},"primaryImageOfPage":{"@id":"https:\/\/clair.si\/hr\/izdelek\/tekucina-za-hladenje-equi-n-ice-coolant-500ml\/#primaryimage"},"image":{"@id":"https:\/\/clair.si\/hr\/izdelek\/tekucina-za-hladenje-equi-n-ice-coolant-500ml\/#primaryimage"},"thumbnailUrl":"https:\/\/clair.si\/wp-content\/uploads\/2024\/03\/coolantrecharge500ml1800x1800_1024x1024@2x-jpg.webp","datePublished":"2024-03-14T11:21:33+00:00","dateModified":"2025-08-27T18:48:03+00:00","description":"Teku\u0107ina za hla\u0111enje koja se koristi u kombinaciji s rashladnim banda\u017eama i \u010darapama Equi'n'ice. Osigurajte svoj komplet u na\u0161oj web trgovini.","breadcrumb":{"@id":"https:\/\/clair.si\/hr\/izdelek\/tekucina-za-hladenje-equi-n-ice-coolant-500ml\/#breadcrumb"},"inLanguage":"hr","potentialAction":[{"@type":"ReadAction","target":["https:\/\/clair.si\/hr\/izdelek\/tekucina-za-hladenje-equi-n-ice-coolant-500ml\/"]}]},{"@type":"ImageObject","inLanguage":"hr","@id":"https:\/\/clair.si\/hr\/izdelek\/tekucina-za-hladenje-equi-n-ice-coolant-500ml\/#primaryimage","url":"https:\/\/clair.si\/wp-content\/uploads\/2024\/03\/coolantrecharge500ml1800x1800_1024x1024@2x-jpg.webp","contentUrl":"https:\/\/clair.si\/wp-content\/uploads\/2024\/03\/coolantrecharge500ml1800x1800_1024x1024@2x-jpg.webp","width":800,"height":800},{"@type":"BreadcrumbList","@id":"https:\/\/clair.si\/hr\/izdelek\/tekucina-za-hladenje-equi-n-ice-coolant-500ml\/#breadcrumb","itemListElement":[{"@type":"ListItem","position":1,"name":"Home","item":"https:\/\/clair.si\/hr\/"},{"@type":"ListItem","position":2,"name":"Trgovina","item":"https:\/\/clair.si\/trgovina\/"},{"@type":"ListItem","position":3,"name":"Teku\u0107ina za hla\u0111enje Equi&#8217;n&#8217;ice Coolant &#8211; 500ml"}]},{"@type":"WebSite","@id":"https:\/\/clair.si\/#website","url":"https:\/\/clair.si\/","name":"Clair","description":"Trgovina s konjeni\u0161ko opremo","publisher":{"@id":"https:\/\/clair.si\/#organization"},"potentialAction":[{"@type":"SearchAction","target":{"@type":"EntryPoint","urlTemplate":"https:\/\/clair.si\/?s={search_term_string}"},"query-input":{"@type":"PropertyValueSpecification","valueRequired":true,"valueName":"search_term_string"}}],"inLanguage":"hr"},{"@type":"Organization","@id":"https:\/\/clair.si\/#organization","name":"Clair","url":"https:\/\/clair.si\/","logo":{"@type":"ImageObject","inLanguage":"hr","@id":"https:\/\/clair.si\/#\/schema\/logo\/image\/","url":"https:\/\/clair.si\/wp-content\/uploads\/2022\/11\/clair_logo_2022.jpg","contentUrl":"https:\/\/clair.si\/wp-content\/uploads\/2022\/11\/clair_logo_2022.jpg","width":1920,"height":1920,"caption":"Clair"},"image":{"@id":"https:\/\/clair.si\/#\/schema\/logo\/image\/"},"sameAs":["https:\/\/www.facebook.com\/TrgovinaClair\/"]}]}},"_links":{"self":[{"href":"https:\/\/clair.si\/hr\/wp-json\/wp\/v2\/product\/96422","targetHints":{"allow":["GET"]}}],"collection":[{"href":"https:\/\/clair.si\/hr\/wp-json\/wp\/v2\/product"}],"about":[{"href":"https:\/\/clair.si\/hr\/wp-json\/wp\/v2\/types\/product"}],"version-history":[{"count":0,"href":"https:\/\/clair.si\/hr\/wp-json\/wp\/v2\/product\/96422\/revisions"}],"wp:featuredmedia":[{"embeddable":true,"href":"https:\/\/clair.si\/hr\/wp-json\/wp\/v2\/media\/96434"}],"wp:attachment":[{"href":"https:\/\/clair.si\/hr\/wp-json\/wp\/v2\/media?parent=96422"}],"wp:term":[{"taxonomy":"product_brand","embeddable":true,"href":"https:\/\/clair.si\/hr\/wp-json\/wp\/v2\/product_brand?post=96422"},{"taxonomy":"product_cat","embeddable":true,"href":"https:\/\/clair.si\/hr\/wp-json\/wp\/v2\/product_cat?post=96422"},{"taxonomy":"product_tag","embeddable":true,"href":"https:\/\/clair.si\/hr\/wp-json\/wp\/v2\/product_tag?post=96422"}],"curies":[{"name":"wp","href":"https:\/\/api.w.org\/{rel}","templated":true}]}}