{"id":96442,"date":"2024-03-14T12:59:39","date_gmt":"2024-03-14T11:59:39","guid":{"rendered":"https:\/\/clair.si\/izdelek\/marstall-zucht-aktiv\/"},"modified":"2025-08-28T19:45:50","modified_gmt":"2025-08-28T17:45:50","slug":"marstall-zucht-aktiv","status":"publish","type":"product","link":"https:\/\/clair.si\/hr\/izdelek\/marstall-zucht-aktiv\/","title":{"rendered":"Marstall Zucht-Aktiv"},"content":{"rendered":"<p><strong>Marstall Zucht-Aktiv je inovativna alternativa klasi\u010dnoj hrani za uzgoj bez \u017eitarica.<\/strong> Namijenjen je svim kobilama i pastusima koje je potrebno hraniti na na\u010din koji je nje\u017ean za metabolizam i prijateljski za \u017eeludac, i\/ili za one koji brzo dobivaju na te\u017eini. Ovaj uzgojni m\u00fcsli poti\u010de plodnost. Odr\u017eava tjelesnu kondiciju kobila tijekom graviditeta i laktacije te pastuha tijekom uzgoja. Istovremeno njeguje i \u0161titi (nero\u0111eno) \u017edrijebe. Zahvaljuju\u0107i optimiziranom uzorku aminokiselina i organskih elemenata u tragovima te va\u017enih minerala i omega-3 masnih kiselina, Zucht-Aktiv je u potpunosti prilago\u0111en potrebama kobile, ploda i pastuha.<\/p>\n<p>U zadnjim mjesecima graviditeta i tijekom laktacije, rasplodne kobile trebaju puno energije, aminokiselina, minerala i elemenata u tragovima kako bi sebi i svom (nero\u0111enom) \u017edrebetu osigurale optimalnu prehranu. Me\u0111utim, previ\u0161e \u0161kroba u hrani mo\u017ee uzrokovati prekomjerno izlu\u010divanje inzulina. Zajedno s vi\u0161kom energije, to mo\u017ee uzrokovati prekomjernu tjelesnu te\u017einu kobile i uzrokovati upalu (tako\u0111er posteljice). Oboje mo\u017ee pogor\u0161ati zdravlje \u017edrijebeta, na primjer u obliku poreme\u0107enog sazrijevanja i rasta hrskavice. Posljedica mo\u017ee biti i inzulinska rezistencija i metaboli\u010dki problemi.<\/p>\n<p>Zucht-Aktiv je stoga prva hrana za uzgoj na tr\u017ei\u0161tu koja kao izvor energije umjesto \u017eitarica koristi vlakna i ulje. To sprje\u010dava da se razina inzulina povisi nepotrebno, a osim toga je lako probavljiva. Uz to, \u010disti L-lizin, soja i pivski kvas osiguravaju optimalnu opskrbu bjelan\u010devinama. Ekolo\u0161ki i stoga lako dostupni elementi u tragovima i vitamini prilago\u0111eni su posebnim zahtjevima rasplodnih konja.<\/p>\n<p>Zahvaljuju\u0107i koncentriranoj formuli, rasplodni konji optimalno su opskrbljeni relativno malom koli\u010dinom Zucht-Aktiva.<\/p>\n<p><strong>Sastav Marstall Zucht-Aktiv<\/strong><\/p>\n<p>Trava (su\u0161ena na visokoj temperaturi), sojine tropine, sojine pahuljice, su\u0161ene gro\u017e\u0111ane tropine, su\u0161ene jabu\u010dne tropine, laneno sjeme (hidrotermi\u010dki obra\u0111eno), biljno ulje (uljana repica, rafinirano), uljana repica, monokalcijev fosfat, pivski kvas, kalcijev karbonat, natrijev klorid, magnezijev oksid<\/p>\n<p>Analiti\u010dki sastav: Sirove bjelan\u010devine &#8211; 20,40 %, &#8211; pcd* sirove bjelan\u010devine 140,00 g, Sirova mast 12,20 %, Srove vlaknine 13,00 %, Sirovi pepeo 10,20 %, energija (DE) 12,30 MJ, Energija (ME) (Kuchler 2023) 11,10 MJ, Kalcij 1,40 %, Fosfor 0,95 %, Natrij 0,30 %, Magnezij 0,35 %, \u0160krob 5,90 %, \u0160e\u0107er 6,50 %, Amino kiseline: Lizin* 1,20 %, SAS (metionin + cistein)* &#8211; 0,40 %, Treonin* 0,55 %, Leucin 1,00 %, *pcd = predcekakalna probavljivost = lako se probavlja u tankom crijevu = na raspolaganju konju<\/p>\n<p>Prehrambeni dodaci na kg marstalla Zucht-Aktiv<\/p>\n<p>U masti topljivi vitamini: Vitamin A &#8211; 20.000,00 I.E., Beta-karoten 70,00 mg, Vitamin D3 3.200,00 I.E., Vitamin E 4500,00 mg, Vitamin K3 15,00 mg<\/p>\n<p>Vodotopivi vitamini: Vitamin C 100,00 mg, Vitamin B1 30,00 mg, Vitamin B2 18,00 mg, Vitamin B6\/piridoksin hidroklorid 10,00 mg, Vitamin B12 120,00 mcg, Biotin 280,00 mcg, Folna kiselina 8,00 mg, Holin klorid 400,00 mg, Kalcijev D-pantotenat 35,00 mg, Niacin 70,00 mg<\/p>\n<p>Elementi u tragovima: \u017eeljezo kao monohidrat \u017eeljezovog (II) sulfata 150,00 mg, Bakar kao bakrov (II) sulfat pentahidrat 30,00 mg, Bakrov (II) kelat glicin hidrata 15,00 mg, Cink kao cinkov oksid 120,00 mg, Cinkov kelat glicin hidrata 70,00 mg, Mangan kao manganov (II) oksid 0,90 mg, Glicin manganov kelat hidrat 30,00 mg, Jod kao bezvodni kalcijev jodat 0,90 mg, Selen kao natrijev selenit &#8211; 0,50 mg, Selen u organskom obliku iz Saccharomyces cerevisiae CNCM I-3060 (inaktivirane selenske kvasovke) 0,30 mg, Amino kiseline L-lizin monohidroklorid (tehni\u010dki \u010dist) 0,40 %<\/p>\n","protected":false},"excerpt":{"rendered":"<p><strong>Za ovaj proizvod se zbog dimenzija ili te\u017eine obra\u010dunavaju dodatni tro\u0161kovi slanja u iznosu od 15 \u20ac \/ kom.<\/strong><\/p>\n<p>&nbsp;<\/p>\n<p><strong>ZUCHT &#8211; AKTIV <\/strong><\/p>\n<ul>\n<li>Bez \u017eitarica za kobile i pastuhe<\/li>\n<li>za plodnost, proizvodnju mlijeka i tjelesno stanje<\/li>\n<li>esencijalne aminokiseline<\/li>\n<li>metabolizmu ugodan za kobilu i plod<\/li>\n<li>bez \u017eitarica i nje\u017ean za \u017eeludac<\/li>\n<\/ul>\n<p><strong>Koli\u010dina: 20 kg<\/strong><\/p>\n<p>&nbsp;<\/p>\n","protected":false},"featured_media":96445,"template":"","meta":{"footnotes":""},"product_brand":[],"product_cat":[6090,5710,6089,6249],"product_tag":[],"class_list":{"0":"post-96442","1":"product","2":"type-product","3":"status-publish","4":"has-post-thumbnail","6":"product_cat-bez-zitarica","7":"product_cat-hrana-za-konje-hr","8":"product_cat-marstall-hr","9":"product_cat-za-uzgoj","10":"product_shipping_class-marstall-hr","12":"first","13":"outofstock","14":"sale","15":"shipping-taxable","16":"purchasable","17":"product-type-simple"},"yoast_head":"<!-- This site is optimized with the Yoast SEO plugin v27.4 - https:\/\/yoast.com\/product\/yoast-seo-wordpress\/ -->\n<title>Marstall Zucht-Aktiv - Clair<\/title>\n<meta name=\"description\" content=\"Inovativna hrana za kobile u gravidnom stanju, kobile u laktaciji i pastuhe. Ne sadr\u017ei \u017eitarice. Pogledajte na\u0161u ponudu i odaberite idealnu hranu za svog konja.\" \/>\n<meta name=\"robots\" content=\"index, follow, max-snippet:-1, max-image-preview:large, max-video-preview:-1\" \/>\n<link rel=\"canonical\" href=\"https:\/\/clair.si\/hr\/izdelek\/marstall-zucht-aktiv\/\" \/>\n<meta property=\"og:locale\" content=\"hr_HR\" \/>\n<meta property=\"og:type\" content=\"article\" \/>\n<meta property=\"og:title\" content=\"Marstall Zucht-Aktiv - Clair\" \/>\n<meta property=\"og:description\" content=\"Inovativna hrana za kobile u gravidnom stanju, kobile u laktaciji i pastuhe. Ne sadr\u017ei \u017eitarice. Pogledajte na\u0161u ponudu i odaberite idealnu hranu za svog konja.\" \/>\n<meta property=\"og:url\" content=\"https:\/\/clair.si\/hr\/izdelek\/marstall-zucht-aktiv\/\" \/>\n<meta property=\"og:site_name\" content=\"Clair\" \/>\n<meta property=\"article:publisher\" content=\"https:\/\/www.facebook.com\/TrgovinaClair\/\" \/>\n<meta property=\"article:modified_time\" content=\"2025-08-28T17:45:50+00:00\" \/>\n<meta property=\"og:image\" content=\"https:\/\/clair.si\/wp-content\/uploads\/2024\/03\/zucht_aktiv_shop-jpg.webp\" \/>\n\t<meta property=\"og:image:width\" content=\"800\" \/>\n\t<meta property=\"og:image:height\" content=\"800\" \/>\n\t<meta property=\"og:image:type\" content=\"image\/jpeg\" \/>\n<meta name=\"twitter:card\" content=\"summary_large_image\" \/>\n<meta name=\"twitter:label1\" content=\"Procijenjeno vrijeme \u010ditanja\" \/>\n\t<meta name=\"twitter:data1\" content=\"4 minute\" \/>\n<script type=\"application\/ld+json\" class=\"yoast-schema-graph\">{\"@context\":\"https:\\\/\\\/schema.org\",\"@graph\":[{\"@type\":\"WebPage\",\"@id\":\"https:\\\/\\\/clair.si\\\/hr\\\/izdelek\\\/marstall-zucht-aktiv\\\/\",\"url\":\"https:\\\/\\\/clair.si\\\/hr\\\/izdelek\\\/marstall-zucht-aktiv\\\/\",\"name\":\"Marstall Zucht-Aktiv - Clair\",\"isPartOf\":{\"@id\":\"https:\\\/\\\/clair.si\\\/#website\"},\"primaryImageOfPage\":{\"@id\":\"https:\\\/\\\/clair.si\\\/hr\\\/izdelek\\\/marstall-zucht-aktiv\\\/#primaryimage\"},\"image\":{\"@id\":\"https:\\\/\\\/clair.si\\\/hr\\\/izdelek\\\/marstall-zucht-aktiv\\\/#primaryimage\"},\"thumbnailUrl\":\"https:\\\/\\\/clair.si\\\/wp-content\\\/uploads\\\/2024\\\/03\\\/zucht_aktiv_shop-jpg.webp\",\"datePublished\":\"2024-03-14T11:59:39+00:00\",\"dateModified\":\"2025-08-28T17:45:50+00:00\",\"description\":\"Inovativna hrana za kobile u gravidnom stanju, kobile u laktaciji i pastuhe. Ne sadr\u017ei \u017eitarice. Pogledajte na\u0161u ponudu i odaberite idealnu hranu za svog konja.\",\"breadcrumb\":{\"@id\":\"https:\\\/\\\/clair.si\\\/hr\\\/izdelek\\\/marstall-zucht-aktiv\\\/#breadcrumb\"},\"inLanguage\":\"hr\",\"potentialAction\":[{\"@type\":\"ReadAction\",\"target\":[\"https:\\\/\\\/clair.si\\\/hr\\\/izdelek\\\/marstall-zucht-aktiv\\\/\"]}]},{\"@type\":\"ImageObject\",\"inLanguage\":\"hr\",\"@id\":\"https:\\\/\\\/clair.si\\\/hr\\\/izdelek\\\/marstall-zucht-aktiv\\\/#primaryimage\",\"url\":\"https:\\\/\\\/clair.si\\\/wp-content\\\/uploads\\\/2024\\\/03\\\/zucht_aktiv_shop-jpg.webp\",\"contentUrl\":\"https:\\\/\\\/clair.si\\\/wp-content\\\/uploads\\\/2024\\\/03\\\/zucht_aktiv_shop-jpg.webp\",\"width\":800,\"height\":800},{\"@type\":\"BreadcrumbList\",\"@id\":\"https:\\\/\\\/clair.si\\\/hr\\\/izdelek\\\/marstall-zucht-aktiv\\\/#breadcrumb\",\"itemListElement\":[{\"@type\":\"ListItem\",\"position\":1,\"name\":\"Home\",\"item\":\"https:\\\/\\\/clair.si\\\/hr\\\/\"},{\"@type\":\"ListItem\",\"position\":2,\"name\":\"Trgovina\",\"item\":\"https:\\\/\\\/clair.si\\\/trgovina\\\/\"},{\"@type\":\"ListItem\",\"position\":3,\"name\":\"Marstall Zucht-Aktiv\"}]},{\"@type\":\"WebSite\",\"@id\":\"https:\\\/\\\/clair.si\\\/#website\",\"url\":\"https:\\\/\\\/clair.si\\\/\",\"name\":\"Clair\",\"description\":\"Trgovina s konjeni\u0161ko opremo\",\"publisher\":{\"@id\":\"https:\\\/\\\/clair.si\\\/#organization\"},\"potentialAction\":[{\"@type\":\"SearchAction\",\"target\":{\"@type\":\"EntryPoint\",\"urlTemplate\":\"https:\\\/\\\/clair.si\\\/?s={search_term_string}\"},\"query-input\":{\"@type\":\"PropertyValueSpecification\",\"valueRequired\":true,\"valueName\":\"search_term_string\"}}],\"inLanguage\":\"hr\"},{\"@type\":\"Organization\",\"@id\":\"https:\\\/\\\/clair.si\\\/#organization\",\"name\":\"Clair\",\"url\":\"https:\\\/\\\/clair.si\\\/\",\"logo\":{\"@type\":\"ImageObject\",\"inLanguage\":\"hr\",\"@id\":\"https:\\\/\\\/clair.si\\\/#\\\/schema\\\/logo\\\/image\\\/\",\"url\":\"https:\\\/\\\/clair.si\\\/wp-content\\\/uploads\\\/2022\\\/11\\\/clair_logo_2022.jpg\",\"contentUrl\":\"https:\\\/\\\/clair.si\\\/wp-content\\\/uploads\\\/2022\\\/11\\\/clair_logo_2022.jpg\",\"width\":1920,\"height\":1920,\"caption\":\"Clair\"},\"image\":{\"@id\":\"https:\\\/\\\/clair.si\\\/#\\\/schema\\\/logo\\\/image\\\/\"},\"sameAs\":[\"https:\\\/\\\/www.facebook.com\\\/TrgovinaClair\\\/\"]}]}<\/script>\n<!-- \/ Yoast SEO plugin. -->","yoast_head_json":{"title":"Marstall Zucht-Aktiv - Clair","description":"Inovativna hrana za kobile u gravidnom stanju, kobile u laktaciji i pastuhe. Ne sadr\u017ei \u017eitarice. Pogledajte na\u0161u ponudu i odaberite idealnu hranu za svog konja.","robots":{"index":"index","follow":"follow","max-snippet":"max-snippet:-1","max-image-preview":"max-image-preview:large","max-video-preview":"max-video-preview:-1"},"canonical":"https:\/\/clair.si\/hr\/izdelek\/marstall-zucht-aktiv\/","og_locale":"hr_HR","og_type":"article","og_title":"Marstall Zucht-Aktiv - Clair","og_description":"Inovativna hrana za kobile u gravidnom stanju, kobile u laktaciji i pastuhe. Ne sadr\u017ei \u017eitarice. Pogledajte na\u0161u ponudu i odaberite idealnu hranu za svog konja.","og_url":"https:\/\/clair.si\/hr\/izdelek\/marstall-zucht-aktiv\/","og_site_name":"Clair","article_publisher":"https:\/\/www.facebook.com\/TrgovinaClair\/","article_modified_time":"2025-08-28T17:45:50+00:00","og_image":[{"width":800,"height":800,"url":"https:\/\/clair.si\/wp-content\/uploads\/2024\/03\/zucht_aktiv_shop-jpg.webp","type":"image\/jpeg"}],"twitter_card":"summary_large_image","twitter_misc":{"Procijenjeno vrijeme \u010ditanja":"4 minute"},"schema":{"@context":"https:\/\/schema.org","@graph":[{"@type":"WebPage","@id":"https:\/\/clair.si\/hr\/izdelek\/marstall-zucht-aktiv\/","url":"https:\/\/clair.si\/hr\/izdelek\/marstall-zucht-aktiv\/","name":"Marstall Zucht-Aktiv - Clair","isPartOf":{"@id":"https:\/\/clair.si\/#website"},"primaryImageOfPage":{"@id":"https:\/\/clair.si\/hr\/izdelek\/marstall-zucht-aktiv\/#primaryimage"},"image":{"@id":"https:\/\/clair.si\/hr\/izdelek\/marstall-zucht-aktiv\/#primaryimage"},"thumbnailUrl":"https:\/\/clair.si\/wp-content\/uploads\/2024\/03\/zucht_aktiv_shop-jpg.webp","datePublished":"2024-03-14T11:59:39+00:00","dateModified":"2025-08-28T17:45:50+00:00","description":"Inovativna hrana za kobile u gravidnom stanju, kobile u laktaciji i pastuhe. Ne sadr\u017ei \u017eitarice. Pogledajte na\u0161u ponudu i odaberite idealnu hranu za svog konja.","breadcrumb":{"@id":"https:\/\/clair.si\/hr\/izdelek\/marstall-zucht-aktiv\/#breadcrumb"},"inLanguage":"hr","potentialAction":[{"@type":"ReadAction","target":["https:\/\/clair.si\/hr\/izdelek\/marstall-zucht-aktiv\/"]}]},{"@type":"ImageObject","inLanguage":"hr","@id":"https:\/\/clair.si\/hr\/izdelek\/marstall-zucht-aktiv\/#primaryimage","url":"https:\/\/clair.si\/wp-content\/uploads\/2024\/03\/zucht_aktiv_shop-jpg.webp","contentUrl":"https:\/\/clair.si\/wp-content\/uploads\/2024\/03\/zucht_aktiv_shop-jpg.webp","width":800,"height":800},{"@type":"BreadcrumbList","@id":"https:\/\/clair.si\/hr\/izdelek\/marstall-zucht-aktiv\/#breadcrumb","itemListElement":[{"@type":"ListItem","position":1,"name":"Home","item":"https:\/\/clair.si\/hr\/"},{"@type":"ListItem","position":2,"name":"Trgovina","item":"https:\/\/clair.si\/trgovina\/"},{"@type":"ListItem","position":3,"name":"Marstall Zucht-Aktiv"}]},{"@type":"WebSite","@id":"https:\/\/clair.si\/#website","url":"https:\/\/clair.si\/","name":"Clair","description":"Trgovina s konjeni\u0161ko opremo","publisher":{"@id":"https:\/\/clair.si\/#organization"},"potentialAction":[{"@type":"SearchAction","target":{"@type":"EntryPoint","urlTemplate":"https:\/\/clair.si\/?s={search_term_string}"},"query-input":{"@type":"PropertyValueSpecification","valueRequired":true,"valueName":"search_term_string"}}],"inLanguage":"hr"},{"@type":"Organization","@id":"https:\/\/clair.si\/#organization","name":"Clair","url":"https:\/\/clair.si\/","logo":{"@type":"ImageObject","inLanguage":"hr","@id":"https:\/\/clair.si\/#\/schema\/logo\/image\/","url":"https:\/\/clair.si\/wp-content\/uploads\/2022\/11\/clair_logo_2022.jpg","contentUrl":"https:\/\/clair.si\/wp-content\/uploads\/2022\/11\/clair_logo_2022.jpg","width":1920,"height":1920,"caption":"Clair"},"image":{"@id":"https:\/\/clair.si\/#\/schema\/logo\/image\/"},"sameAs":["https:\/\/www.facebook.com\/TrgovinaClair\/"]}]}},"_links":{"self":[{"href":"https:\/\/clair.si\/hr\/wp-json\/wp\/v2\/product\/96442","targetHints":{"allow":["GET"]}}],"collection":[{"href":"https:\/\/clair.si\/hr\/wp-json\/wp\/v2\/product"}],"about":[{"href":"https:\/\/clair.si\/hr\/wp-json\/wp\/v2\/types\/product"}],"version-history":[{"count":0,"href":"https:\/\/clair.si\/hr\/wp-json\/wp\/v2\/product\/96442\/revisions"}],"wp:featuredmedia":[{"embeddable":true,"href":"https:\/\/clair.si\/hr\/wp-json\/wp\/v2\/media\/96445"}],"wp:attachment":[{"href":"https:\/\/clair.si\/hr\/wp-json\/wp\/v2\/media?parent=96442"}],"wp:term":[{"taxonomy":"product_brand","embeddable":true,"href":"https:\/\/clair.si\/hr\/wp-json\/wp\/v2\/product_brand?post=96442"},{"taxonomy":"product_cat","embeddable":true,"href":"https:\/\/clair.si\/hr\/wp-json\/wp\/v2\/product_cat?post=96442"},{"taxonomy":"product_tag","embeddable":true,"href":"https:\/\/clair.si\/hr\/wp-json\/wp\/v2\/product_tag?post=96442"}],"curies":[{"name":"wp","href":"https:\/\/api.w.org\/{rel}","templated":true}]}}