{"id":96451,"date":"2024-02-26T08:52:44","date_gmt":"2024-02-26T07:52:44","guid":{"rendered":"https:\/\/clair.si\/izdelek\/zvona-za-kopita-back-on-track\/"},"modified":"2025-08-28T08:43:43","modified_gmt":"2025-08-28T06:43:43","slug":"zvona-za-kopita-back-on-track","status":"publish","type":"product","link":"https:\/\/clair.si\/hr\/izdelek\/zvona-za-kopita-back-on-track\/","title":{"rendered":"Zvona za kopita Back On Track"},"content":{"rendered":"<p><strong>Zvona za kopita Back On Track &#8211; <\/strong>i<span class=\"HwtZe\" lang=\"sl\"><span class=\"jCAhz ChMk0b\"><span class=\"ryNqvb\">dealna za kori\u0161tenje tijekom treninga, natjecanja, u ispustu i \u0161etnji.<\/span><\/span> <\/span> <\/p>\n<p><span class=\"HwtZe\" lang=\"sl\"><strong><span class=\"jCAhz ChMk0b\"><span class=\"ryNqvb\">  Unutra\u0161njost je podstavljena Welltex\u00ae materijalom koji poti\u010de protok krvi.<\/span><\/span><\/strong><span class=\"jCAhz ChMk0b\"><span class=\"ryNqvb\">  Vanjski sloj je izra\u0111en od sinteti\u010dke ko\u017ee koja pru\u017ea idealnu za\u0161titu.<\/span><\/span> <span class=\"jCAhz ChMk0b\"><span class=\"ryNqvb\">  Sna\u017ene \u010di\u010dak trake osiguravaju dobro prianjanje i zatvaranje.<\/span><\/span><\/span><\/p>\n<p><span class=\"HwtZe\" lang=\"sl\"><span class=\"jCAhz ChMk0b\"><span class=\"ryNqvb\">Sastav: 100% poliuretanska tkanina, 100% SBR punilo i 100% polipropilen vanjski dio.<\/span><\/span><\/span><\/p>\n<div class=\"lRu31\" dir=\"ltr\">\n<div class=\"OvtS8d\"><\/div>\n<div id=\"ow310\"><\/div>\n<\/div>\n<div class=\"UdTY9 WdefRb\" aria-hidden=\"true\" data-location=\"2\">\n<div class=\"kO6q6e\"><\/div>\n<\/div>\n<p><strong> <\/strong><\/p>\n","protected":false},"excerpt":{"rendered":"<p>Zvona za kopita Back On Track &#8211; idealna za kori\u0161tenje tijekom treninga, natjecanja, u ispustu i \u0161etnji. Unutra\u0161njost je podstavljena<\/p>\n","protected":false},"featured_media":96454,"template":"","meta":{"footnotes":""},"product_brand":[],"product_cat":[5624,5773,5774],"product_tag":[],"class_list":{"0":"post-96451","1":"product","2":"type-product","3":"status-publish","4":"has-post-thumbnail","6":"product_cat-konj-hr","7":"product_cat-zastitnici-i-bandaze","8":"product_cat-zvonci-za-kopita-hr","10":"first","11":"instock","12":"sale","13":"shipping-taxable","14":"purchasable","15":"product-type-variable"},"yoast_head":"<!-- This site is optimized with the Yoast SEO plugin v27.4 - https:\/\/yoast.com\/product\/yoast-seo-wordpress\/ -->\n<title>Zvona za kopita Back On Track - Clair<\/title>\n<meta name=\"description\" content=\"Zvona za kopita Back On Track - idealna za kori\u0161tenje tijekom treninga, natjecanja, u ispustu i \u0161etnji. Unutra\u0161njost je podstavljena Welltex\u00ae materijalom\" \/>\n<meta name=\"robots\" content=\"index, follow, max-snippet:-1, max-image-preview:large, max-video-preview:-1\" \/>\n<link rel=\"canonical\" href=\"https:\/\/clair.si\/hr\/izdelek\/zvona-za-kopita-back-on-track\/\" \/>\n<meta property=\"og:locale\" content=\"hr_HR\" \/>\n<meta property=\"og:type\" content=\"article\" \/>\n<meta property=\"og:title\" content=\"Zvona za kopita Back On Track - Clair\" \/>\n<meta property=\"og:description\" content=\"Zvona za kopita Back On Track - idealna za kori\u0161tenje tijekom treninga, natjecanja, u ispustu i \u0161etnji. Unutra\u0161njost je podstavljena Welltex\u00ae materijalom\" \/>\n<meta property=\"og:url\" content=\"https:\/\/clair.si\/hr\/izdelek\/zvona-za-kopita-back-on-track\/\" \/>\n<meta property=\"og:site_name\" content=\"Clair\" \/>\n<meta property=\"article:publisher\" content=\"https:\/\/www.facebook.com\/TrgovinaClair\/\" \/>\n<meta property=\"article:modified_time\" content=\"2025-08-28T06:43:43+00:00\" \/>\n<meta property=\"og:image\" content=\"https:\/\/clair.si\/wp-content\/uploads\/2024\/02\/back-on-track-zvonci-za-kopita-konj-oprema-trgovina-clair-jpg.webp\" \/>\n\t<meta property=\"og:image:width\" content=\"800\" \/>\n\t<meta property=\"og:image:height\" content=\"800\" \/>\n\t<meta property=\"og:image:type\" content=\"image\/jpeg\" \/>\n<meta name=\"twitter:card\" content=\"summary_large_image\" \/>\n<script type=\"application\/ld+json\" class=\"yoast-schema-graph\">{\"@context\":\"https:\\\/\\\/schema.org\",\"@graph\":[{\"@type\":\"WebPage\",\"@id\":\"https:\\\/\\\/clair.si\\\/hr\\\/izdelek\\\/zvona-za-kopita-back-on-track\\\/\",\"url\":\"https:\\\/\\\/clair.si\\\/hr\\\/izdelek\\\/zvona-za-kopita-back-on-track\\\/\",\"name\":\"Zvona za kopita Back On Track - Clair\",\"isPartOf\":{\"@id\":\"https:\\\/\\\/clair.si\\\/#website\"},\"primaryImageOfPage\":{\"@id\":\"https:\\\/\\\/clair.si\\\/hr\\\/izdelek\\\/zvona-za-kopita-back-on-track\\\/#primaryimage\"},\"image\":{\"@id\":\"https:\\\/\\\/clair.si\\\/hr\\\/izdelek\\\/zvona-za-kopita-back-on-track\\\/#primaryimage\"},\"thumbnailUrl\":\"https:\\\/\\\/clair.si\\\/wp-content\\\/uploads\\\/2024\\\/02\\\/back-on-track-zvonci-za-kopita-konj-oprema-trgovina-clair-jpg.webp\",\"datePublished\":\"2024-02-26T07:52:44+00:00\",\"dateModified\":\"2025-08-28T06:43:43+00:00\",\"description\":\"Zvona za kopita Back On Track - idealna za kori\u0161tenje tijekom treninga, natjecanja, u ispustu i \u0161etnji. Unutra\u0161njost je podstavljena Welltex\u00ae materijalom\",\"breadcrumb\":{\"@id\":\"https:\\\/\\\/clair.si\\\/hr\\\/izdelek\\\/zvona-za-kopita-back-on-track\\\/#breadcrumb\"},\"inLanguage\":\"hr\",\"potentialAction\":[{\"@type\":\"ReadAction\",\"target\":[\"https:\\\/\\\/clair.si\\\/hr\\\/izdelek\\\/zvona-za-kopita-back-on-track\\\/\"]}]},{\"@type\":\"ImageObject\",\"inLanguage\":\"hr\",\"@id\":\"https:\\\/\\\/clair.si\\\/hr\\\/izdelek\\\/zvona-za-kopita-back-on-track\\\/#primaryimage\",\"url\":\"https:\\\/\\\/clair.si\\\/wp-content\\\/uploads\\\/2024\\\/02\\\/back-on-track-zvonci-za-kopita-konj-oprema-trgovina-clair-jpg.webp\",\"contentUrl\":\"https:\\\/\\\/clair.si\\\/wp-content\\\/uploads\\\/2024\\\/02\\\/back-on-track-zvonci-za-kopita-konj-oprema-trgovina-clair-jpg.webp\",\"width\":800,\"height\":800},{\"@type\":\"BreadcrumbList\",\"@id\":\"https:\\\/\\\/clair.si\\\/hr\\\/izdelek\\\/zvona-za-kopita-back-on-track\\\/#breadcrumb\",\"itemListElement\":[{\"@type\":\"ListItem\",\"position\":1,\"name\":\"Home\",\"item\":\"https:\\\/\\\/clair.si\\\/hr\\\/\"},{\"@type\":\"ListItem\",\"position\":2,\"name\":\"Trgovina\",\"item\":\"https:\\\/\\\/clair.si\\\/trgovina\\\/\"},{\"@type\":\"ListItem\",\"position\":3,\"name\":\"Zvona za kopita Back On Track\"}]},{\"@type\":\"WebSite\",\"@id\":\"https:\\\/\\\/clair.si\\\/#website\",\"url\":\"https:\\\/\\\/clair.si\\\/\",\"name\":\"Clair\",\"description\":\"Trgovina s konjeni\u0161ko opremo\",\"publisher\":{\"@id\":\"https:\\\/\\\/clair.si\\\/#organization\"},\"potentialAction\":[{\"@type\":\"SearchAction\",\"target\":{\"@type\":\"EntryPoint\",\"urlTemplate\":\"https:\\\/\\\/clair.si\\\/?s={search_term_string}\"},\"query-input\":{\"@type\":\"PropertyValueSpecification\",\"valueRequired\":true,\"valueName\":\"search_term_string\"}}],\"inLanguage\":\"hr\"},{\"@type\":\"Organization\",\"@id\":\"https:\\\/\\\/clair.si\\\/#organization\",\"name\":\"Clair\",\"url\":\"https:\\\/\\\/clair.si\\\/\",\"logo\":{\"@type\":\"ImageObject\",\"inLanguage\":\"hr\",\"@id\":\"https:\\\/\\\/clair.si\\\/#\\\/schema\\\/logo\\\/image\\\/\",\"url\":\"https:\\\/\\\/clair.si\\\/wp-content\\\/uploads\\\/2022\\\/11\\\/clair_logo_2022.jpg\",\"contentUrl\":\"https:\\\/\\\/clair.si\\\/wp-content\\\/uploads\\\/2022\\\/11\\\/clair_logo_2022.jpg\",\"width\":1920,\"height\":1920,\"caption\":\"Clair\"},\"image\":{\"@id\":\"https:\\\/\\\/clair.si\\\/#\\\/schema\\\/logo\\\/image\\\/\"},\"sameAs\":[\"https:\\\/\\\/www.facebook.com\\\/TrgovinaClair\\\/\"]}]}<\/script>\n<!-- \/ Yoast SEO plugin. -->","yoast_head_json":{"title":"Zvona za kopita Back On Track - Clair","description":"Zvona za kopita Back On Track - idealna za kori\u0161tenje tijekom treninga, natjecanja, u ispustu i \u0161etnji. Unutra\u0161njost je podstavljena Welltex\u00ae materijalom","robots":{"index":"index","follow":"follow","max-snippet":"max-snippet:-1","max-image-preview":"max-image-preview:large","max-video-preview":"max-video-preview:-1"},"canonical":"https:\/\/clair.si\/hr\/izdelek\/zvona-za-kopita-back-on-track\/","og_locale":"hr_HR","og_type":"article","og_title":"Zvona za kopita Back On Track - Clair","og_description":"Zvona za kopita Back On Track - idealna za kori\u0161tenje tijekom treninga, natjecanja, u ispustu i \u0161etnji. Unutra\u0161njost je podstavljena Welltex\u00ae materijalom","og_url":"https:\/\/clair.si\/hr\/izdelek\/zvona-za-kopita-back-on-track\/","og_site_name":"Clair","article_publisher":"https:\/\/www.facebook.com\/TrgovinaClair\/","article_modified_time":"2025-08-28T06:43:43+00:00","og_image":[{"width":800,"height":800,"url":"https:\/\/clair.si\/wp-content\/uploads\/2024\/02\/back-on-track-zvonci-za-kopita-konj-oprema-trgovina-clair-jpg.webp","type":"image\/jpeg"}],"twitter_card":"summary_large_image","schema":{"@context":"https:\/\/schema.org","@graph":[{"@type":"WebPage","@id":"https:\/\/clair.si\/hr\/izdelek\/zvona-za-kopita-back-on-track\/","url":"https:\/\/clair.si\/hr\/izdelek\/zvona-za-kopita-back-on-track\/","name":"Zvona za kopita Back On Track - Clair","isPartOf":{"@id":"https:\/\/clair.si\/#website"},"primaryImageOfPage":{"@id":"https:\/\/clair.si\/hr\/izdelek\/zvona-za-kopita-back-on-track\/#primaryimage"},"image":{"@id":"https:\/\/clair.si\/hr\/izdelek\/zvona-za-kopita-back-on-track\/#primaryimage"},"thumbnailUrl":"https:\/\/clair.si\/wp-content\/uploads\/2024\/02\/back-on-track-zvonci-za-kopita-konj-oprema-trgovina-clair-jpg.webp","datePublished":"2024-02-26T07:52:44+00:00","dateModified":"2025-08-28T06:43:43+00:00","description":"Zvona za kopita Back On Track - idealna za kori\u0161tenje tijekom treninga, natjecanja, u ispustu i \u0161etnji. Unutra\u0161njost je podstavljena Welltex\u00ae materijalom","breadcrumb":{"@id":"https:\/\/clair.si\/hr\/izdelek\/zvona-za-kopita-back-on-track\/#breadcrumb"},"inLanguage":"hr","potentialAction":[{"@type":"ReadAction","target":["https:\/\/clair.si\/hr\/izdelek\/zvona-za-kopita-back-on-track\/"]}]},{"@type":"ImageObject","inLanguage":"hr","@id":"https:\/\/clair.si\/hr\/izdelek\/zvona-za-kopita-back-on-track\/#primaryimage","url":"https:\/\/clair.si\/wp-content\/uploads\/2024\/02\/back-on-track-zvonci-za-kopita-konj-oprema-trgovina-clair-jpg.webp","contentUrl":"https:\/\/clair.si\/wp-content\/uploads\/2024\/02\/back-on-track-zvonci-za-kopita-konj-oprema-trgovina-clair-jpg.webp","width":800,"height":800},{"@type":"BreadcrumbList","@id":"https:\/\/clair.si\/hr\/izdelek\/zvona-za-kopita-back-on-track\/#breadcrumb","itemListElement":[{"@type":"ListItem","position":1,"name":"Home","item":"https:\/\/clair.si\/hr\/"},{"@type":"ListItem","position":2,"name":"Trgovina","item":"https:\/\/clair.si\/trgovina\/"},{"@type":"ListItem","position":3,"name":"Zvona za kopita Back On Track"}]},{"@type":"WebSite","@id":"https:\/\/clair.si\/#website","url":"https:\/\/clair.si\/","name":"Clair","description":"Trgovina s konjeni\u0161ko opremo","publisher":{"@id":"https:\/\/clair.si\/#organization"},"potentialAction":[{"@type":"SearchAction","target":{"@type":"EntryPoint","urlTemplate":"https:\/\/clair.si\/?s={search_term_string}"},"query-input":{"@type":"PropertyValueSpecification","valueRequired":true,"valueName":"search_term_string"}}],"inLanguage":"hr"},{"@type":"Organization","@id":"https:\/\/clair.si\/#organization","name":"Clair","url":"https:\/\/clair.si\/","logo":{"@type":"ImageObject","inLanguage":"hr","@id":"https:\/\/clair.si\/#\/schema\/logo\/image\/","url":"https:\/\/clair.si\/wp-content\/uploads\/2022\/11\/clair_logo_2022.jpg","contentUrl":"https:\/\/clair.si\/wp-content\/uploads\/2022\/11\/clair_logo_2022.jpg","width":1920,"height":1920,"caption":"Clair"},"image":{"@id":"https:\/\/clair.si\/#\/schema\/logo\/image\/"},"sameAs":["https:\/\/www.facebook.com\/TrgovinaClair\/"]}]}},"_links":{"self":[{"href":"https:\/\/clair.si\/hr\/wp-json\/wp\/v2\/product\/96451","targetHints":{"allow":["GET"]}}],"collection":[{"href":"https:\/\/clair.si\/hr\/wp-json\/wp\/v2\/product"}],"about":[{"href":"https:\/\/clair.si\/hr\/wp-json\/wp\/v2\/types\/product"}],"version-history":[{"count":0,"href":"https:\/\/clair.si\/hr\/wp-json\/wp\/v2\/product\/96451\/revisions"}],"wp:featuredmedia":[{"embeddable":true,"href":"https:\/\/clair.si\/hr\/wp-json\/wp\/v2\/media\/96454"}],"wp:attachment":[{"href":"https:\/\/clair.si\/hr\/wp-json\/wp\/v2\/media?parent=96451"}],"wp:term":[{"taxonomy":"product_brand","embeddable":true,"href":"https:\/\/clair.si\/hr\/wp-json\/wp\/v2\/product_brand?post=96451"},{"taxonomy":"product_cat","embeddable":true,"href":"https:\/\/clair.si\/hr\/wp-json\/wp\/v2\/product_cat?post=96451"},{"taxonomy":"product_tag","embeddable":true,"href":"https:\/\/clair.si\/hr\/wp-json\/wp\/v2\/product_tag?post=96451"}],"curies":[{"name":"wp","href":"https:\/\/api.w.org\/{rel}","templated":true}]}}