{"id":96523,"date":"2024-03-12T15:14:57","date_gmt":"2024-03-12T14:14:57","guid":{"rendered":"https:\/\/clair.si\/izdelek\/uzda-feeling-chifney-za-vodenje-pastuha\/"},"modified":"2025-09-29T20:06:01","modified_gmt":"2025-09-29T18:06:01","slug":"zvala-feeling-chifney-za-vodenje-pastuha","status":"publish","type":"product","link":"https:\/\/clair.si\/hr\/izdelek\/zvala-feeling-chifney-za-vodenje-pastuha\/","title":{"rendered":"\u017dvala Feeling Chifney za vo\u0111enje pastuha"},"content":{"rendered":"<p><strong>\u017dvala Feeling Chifney za vo\u0111enje pastuha i lak\u0161u kontrolu,<\/strong> izra\u0111ena od nehr\u0111aju\u0107eg \u010delika.<\/p>\n","protected":false},"excerpt":{"rendered":"<p>\u017dvala Feeling Chifney za vo\u0111enje pastuha i lak\u0161u kontrolu, izra\u0111ena od nehr\u0111aju\u0107eg \u010delika.<\/p>\n","protected":false},"featured_media":96535,"template":"","meta":{"footnotes":""},"product_brand":[],"product_cat":[5690,5624,5687],"product_tag":[],"class_list":{"0":"post-96523","1":"product","2":"type-product","3":"status-publish","4":"has-post-thumbnail","6":"product_cat-engleske-zvale","7":"product_cat-konj-hr","8":"product_cat-zvale","10":"first","11":"instock","12":"sale","13":"shipping-taxable","14":"purchasable","15":"product-type-variable"},"yoast_head":"<!-- This site is optimized with the Yoast SEO plugin v27.4 - https:\/\/yoast.com\/product\/yoast-seo-wordpress\/ -->\n<title>\u017dvala Feeling Chifney za vo\u0111enje pastuha - Clair<\/title>\n<meta name=\"description\" content=\"\u017dvala Feeling Chifney za vo\u0111enje pastuha i lak\u0161u kontrolu, izra\u0111ena od nehr\u0111aju\u0107eg \u010delika.\" \/>\n<meta name=\"robots\" content=\"index, follow, max-snippet:-1, max-image-preview:large, max-video-preview:-1\" \/>\n<link rel=\"canonical\" href=\"https:\/\/clair.si\/hr\/izdelek\/zvala-feeling-chifney-za-vodenje-pastuha\/\" \/>\n<meta property=\"og:locale\" content=\"hr_HR\" \/>\n<meta property=\"og:type\" content=\"article\" \/>\n<meta property=\"og:title\" content=\"\u017dvala Feeling Chifney za vo\u0111enje pastuha - Clair\" \/>\n<meta property=\"og:description\" content=\"\u017dvala Feeling Chifney za vo\u0111enje pastuha i lak\u0161u kontrolu, izra\u0111ena od nehr\u0111aju\u0107eg \u010delika.\" \/>\n<meta property=\"og:url\" content=\"https:\/\/clair.si\/hr\/izdelek\/zvala-feeling-chifney-za-vodenje-pastuha\/\" \/>\n<meta property=\"og:site_name\" content=\"Clair\" \/>\n<meta property=\"article:publisher\" content=\"https:\/\/www.facebook.com\/TrgovinaClair\/\" \/>\n<meta property=\"article:modified_time\" content=\"2025-09-29T18:06:01+00:00\" \/>\n<meta property=\"og:image\" content=\"https:\/\/clair.si\/wp-content\/uploads\/2024\/03\/feeling-chifney-za-vodenje-zrebcev-oprema-za-konje-clair-jpg.webp\" \/>\n\t<meta property=\"og:image:width\" content=\"800\" \/>\n\t<meta property=\"og:image:height\" content=\"800\" \/>\n\t<meta property=\"og:image:type\" content=\"image\/jpeg\" \/>\n<meta name=\"twitter:card\" content=\"summary_large_image\" \/>\n<meta name=\"twitter:label1\" content=\"Procijenjeno vrijeme \u010ditanja\" \/>\n\t<meta name=\"twitter:data1\" content=\"1 minuta\" \/>\n<script type=\"application\/ld+json\" class=\"yoast-schema-graph\">{\"@context\":\"https:\\\/\\\/schema.org\",\"@graph\":[{\"@type\":\"WebPage\",\"@id\":\"https:\\\/\\\/clair.si\\\/hr\\\/izdelek\\\/zvala-feeling-chifney-za-vodenje-pastuha\\\/\",\"url\":\"https:\\\/\\\/clair.si\\\/hr\\\/izdelek\\\/zvala-feeling-chifney-za-vodenje-pastuha\\\/\",\"name\":\"\u017dvala Feeling Chifney za vo\u0111enje pastuha - Clair\",\"isPartOf\":{\"@id\":\"https:\\\/\\\/clair.si\\\/#website\"},\"primaryImageOfPage\":{\"@id\":\"https:\\\/\\\/clair.si\\\/hr\\\/izdelek\\\/zvala-feeling-chifney-za-vodenje-pastuha\\\/#primaryimage\"},\"image\":{\"@id\":\"https:\\\/\\\/clair.si\\\/hr\\\/izdelek\\\/zvala-feeling-chifney-za-vodenje-pastuha\\\/#primaryimage\"},\"thumbnailUrl\":\"https:\\\/\\\/clair.si\\\/wp-content\\\/uploads\\\/2024\\\/03\\\/feeling-chifney-za-vodenje-zrebcev-oprema-za-konje-clair-jpg.webp\",\"datePublished\":\"2024-03-12T14:14:57+00:00\",\"dateModified\":\"2025-09-29T18:06:01+00:00\",\"description\":\"\u017dvala Feeling Chifney za vo\u0111enje pastuha i lak\u0161u kontrolu, izra\u0111ena od nehr\u0111aju\u0107eg \u010delika.\",\"breadcrumb\":{\"@id\":\"https:\\\/\\\/clair.si\\\/hr\\\/izdelek\\\/zvala-feeling-chifney-za-vodenje-pastuha\\\/#breadcrumb\"},\"inLanguage\":\"hr\",\"potentialAction\":[{\"@type\":\"ReadAction\",\"target\":[\"https:\\\/\\\/clair.si\\\/hr\\\/izdelek\\\/zvala-feeling-chifney-za-vodenje-pastuha\\\/\"]}]},{\"@type\":\"ImageObject\",\"inLanguage\":\"hr\",\"@id\":\"https:\\\/\\\/clair.si\\\/hr\\\/izdelek\\\/zvala-feeling-chifney-za-vodenje-pastuha\\\/#primaryimage\",\"url\":\"https:\\\/\\\/clair.si\\\/wp-content\\\/uploads\\\/2024\\\/03\\\/feeling-chifney-za-vodenje-zrebcev-oprema-za-konje-clair-jpg.webp\",\"contentUrl\":\"https:\\\/\\\/clair.si\\\/wp-content\\\/uploads\\\/2024\\\/03\\\/feeling-chifney-za-vodenje-zrebcev-oprema-za-konje-clair-jpg.webp\",\"width\":800,\"height\":800},{\"@type\":\"BreadcrumbList\",\"@id\":\"https:\\\/\\\/clair.si\\\/hr\\\/izdelek\\\/zvala-feeling-chifney-za-vodenje-pastuha\\\/#breadcrumb\",\"itemListElement\":[{\"@type\":\"ListItem\",\"position\":1,\"name\":\"Home\",\"item\":\"https:\\\/\\\/clair.si\\\/hr\\\/\"},{\"@type\":\"ListItem\",\"position\":2,\"name\":\"Trgovina\",\"item\":\"https:\\\/\\\/clair.si\\\/trgovina\\\/\"},{\"@type\":\"ListItem\",\"position\":3,\"name\":\"\u017dvala Feeling Chifney za vo\u0111enje pastuha\"}]},{\"@type\":\"WebSite\",\"@id\":\"https:\\\/\\\/clair.si\\\/#website\",\"url\":\"https:\\\/\\\/clair.si\\\/\",\"name\":\"Clair\",\"description\":\"Trgovina s konjeni\u0161ko opremo\",\"publisher\":{\"@id\":\"https:\\\/\\\/clair.si\\\/#organization\"},\"potentialAction\":[{\"@type\":\"SearchAction\",\"target\":{\"@type\":\"EntryPoint\",\"urlTemplate\":\"https:\\\/\\\/clair.si\\\/?s={search_term_string}\"},\"query-input\":{\"@type\":\"PropertyValueSpecification\",\"valueRequired\":true,\"valueName\":\"search_term_string\"}}],\"inLanguage\":\"hr\"},{\"@type\":\"Organization\",\"@id\":\"https:\\\/\\\/clair.si\\\/#organization\",\"name\":\"Clair\",\"url\":\"https:\\\/\\\/clair.si\\\/\",\"logo\":{\"@type\":\"ImageObject\",\"inLanguage\":\"hr\",\"@id\":\"https:\\\/\\\/clair.si\\\/#\\\/schema\\\/logo\\\/image\\\/\",\"url\":\"https:\\\/\\\/clair.si\\\/wp-content\\\/uploads\\\/2022\\\/11\\\/clair_logo_2022.jpg\",\"contentUrl\":\"https:\\\/\\\/clair.si\\\/wp-content\\\/uploads\\\/2022\\\/11\\\/clair_logo_2022.jpg\",\"width\":1920,\"height\":1920,\"caption\":\"Clair\"},\"image\":{\"@id\":\"https:\\\/\\\/clair.si\\\/#\\\/schema\\\/logo\\\/image\\\/\"},\"sameAs\":[\"https:\\\/\\\/www.facebook.com\\\/TrgovinaClair\\\/\"]}]}<\/script>\n<!-- \/ Yoast SEO plugin. -->","yoast_head_json":{"title":"\u017dvala Feeling Chifney za vo\u0111enje pastuha - Clair","description":"\u017dvala Feeling Chifney za vo\u0111enje pastuha i lak\u0161u kontrolu, izra\u0111ena od nehr\u0111aju\u0107eg \u010delika.","robots":{"index":"index","follow":"follow","max-snippet":"max-snippet:-1","max-image-preview":"max-image-preview:large","max-video-preview":"max-video-preview:-1"},"canonical":"https:\/\/clair.si\/hr\/izdelek\/zvala-feeling-chifney-za-vodenje-pastuha\/","og_locale":"hr_HR","og_type":"article","og_title":"\u017dvala Feeling Chifney za vo\u0111enje pastuha - Clair","og_description":"\u017dvala Feeling Chifney za vo\u0111enje pastuha i lak\u0161u kontrolu, izra\u0111ena od nehr\u0111aju\u0107eg \u010delika.","og_url":"https:\/\/clair.si\/hr\/izdelek\/zvala-feeling-chifney-za-vodenje-pastuha\/","og_site_name":"Clair","article_publisher":"https:\/\/www.facebook.com\/TrgovinaClair\/","article_modified_time":"2025-09-29T18:06:01+00:00","og_image":[{"width":800,"height":800,"url":"https:\/\/clair.si\/wp-content\/uploads\/2024\/03\/feeling-chifney-za-vodenje-zrebcev-oprema-za-konje-clair-jpg.webp","type":"image\/jpeg"}],"twitter_card":"summary_large_image","twitter_misc":{"Procijenjeno vrijeme \u010ditanja":"1 minuta"},"schema":{"@context":"https:\/\/schema.org","@graph":[{"@type":"WebPage","@id":"https:\/\/clair.si\/hr\/izdelek\/zvala-feeling-chifney-za-vodenje-pastuha\/","url":"https:\/\/clair.si\/hr\/izdelek\/zvala-feeling-chifney-za-vodenje-pastuha\/","name":"\u017dvala Feeling Chifney za vo\u0111enje pastuha - Clair","isPartOf":{"@id":"https:\/\/clair.si\/#website"},"primaryImageOfPage":{"@id":"https:\/\/clair.si\/hr\/izdelek\/zvala-feeling-chifney-za-vodenje-pastuha\/#primaryimage"},"image":{"@id":"https:\/\/clair.si\/hr\/izdelek\/zvala-feeling-chifney-za-vodenje-pastuha\/#primaryimage"},"thumbnailUrl":"https:\/\/clair.si\/wp-content\/uploads\/2024\/03\/feeling-chifney-za-vodenje-zrebcev-oprema-za-konje-clair-jpg.webp","datePublished":"2024-03-12T14:14:57+00:00","dateModified":"2025-09-29T18:06:01+00:00","description":"\u017dvala Feeling Chifney za vo\u0111enje pastuha i lak\u0161u kontrolu, izra\u0111ena od nehr\u0111aju\u0107eg \u010delika.","breadcrumb":{"@id":"https:\/\/clair.si\/hr\/izdelek\/zvala-feeling-chifney-za-vodenje-pastuha\/#breadcrumb"},"inLanguage":"hr","potentialAction":[{"@type":"ReadAction","target":["https:\/\/clair.si\/hr\/izdelek\/zvala-feeling-chifney-za-vodenje-pastuha\/"]}]},{"@type":"ImageObject","inLanguage":"hr","@id":"https:\/\/clair.si\/hr\/izdelek\/zvala-feeling-chifney-za-vodenje-pastuha\/#primaryimage","url":"https:\/\/clair.si\/wp-content\/uploads\/2024\/03\/feeling-chifney-za-vodenje-zrebcev-oprema-za-konje-clair-jpg.webp","contentUrl":"https:\/\/clair.si\/wp-content\/uploads\/2024\/03\/feeling-chifney-za-vodenje-zrebcev-oprema-za-konje-clair-jpg.webp","width":800,"height":800},{"@type":"BreadcrumbList","@id":"https:\/\/clair.si\/hr\/izdelek\/zvala-feeling-chifney-za-vodenje-pastuha\/#breadcrumb","itemListElement":[{"@type":"ListItem","position":1,"name":"Home","item":"https:\/\/clair.si\/hr\/"},{"@type":"ListItem","position":2,"name":"Trgovina","item":"https:\/\/clair.si\/trgovina\/"},{"@type":"ListItem","position":3,"name":"\u017dvala Feeling Chifney za vo\u0111enje pastuha"}]},{"@type":"WebSite","@id":"https:\/\/clair.si\/#website","url":"https:\/\/clair.si\/","name":"Clair","description":"Trgovina s konjeni\u0161ko opremo","publisher":{"@id":"https:\/\/clair.si\/#organization"},"potentialAction":[{"@type":"SearchAction","target":{"@type":"EntryPoint","urlTemplate":"https:\/\/clair.si\/?s={search_term_string}"},"query-input":{"@type":"PropertyValueSpecification","valueRequired":true,"valueName":"search_term_string"}}],"inLanguage":"hr"},{"@type":"Organization","@id":"https:\/\/clair.si\/#organization","name":"Clair","url":"https:\/\/clair.si\/","logo":{"@type":"ImageObject","inLanguage":"hr","@id":"https:\/\/clair.si\/#\/schema\/logo\/image\/","url":"https:\/\/clair.si\/wp-content\/uploads\/2022\/11\/clair_logo_2022.jpg","contentUrl":"https:\/\/clair.si\/wp-content\/uploads\/2022\/11\/clair_logo_2022.jpg","width":1920,"height":1920,"caption":"Clair"},"image":{"@id":"https:\/\/clair.si\/#\/schema\/logo\/image\/"},"sameAs":["https:\/\/www.facebook.com\/TrgovinaClair\/"]}]}},"_links":{"self":[{"href":"https:\/\/clair.si\/hr\/wp-json\/wp\/v2\/product\/96523","targetHints":{"allow":["GET"]}}],"collection":[{"href":"https:\/\/clair.si\/hr\/wp-json\/wp\/v2\/product"}],"about":[{"href":"https:\/\/clair.si\/hr\/wp-json\/wp\/v2\/types\/product"}],"version-history":[{"count":4,"href":"https:\/\/clair.si\/hr\/wp-json\/wp\/v2\/product\/96523\/revisions"}],"predecessor-version":[{"id":115364,"href":"https:\/\/clair.si\/hr\/wp-json\/wp\/v2\/product\/96523\/revisions\/115364"}],"wp:featuredmedia":[{"embeddable":true,"href":"https:\/\/clair.si\/hr\/wp-json\/wp\/v2\/media\/96535"}],"wp:attachment":[{"href":"https:\/\/clair.si\/hr\/wp-json\/wp\/v2\/media?parent=96523"}],"wp:term":[{"taxonomy":"product_brand","embeddable":true,"href":"https:\/\/clair.si\/hr\/wp-json\/wp\/v2\/product_brand?post=96523"},{"taxonomy":"product_cat","embeddable":true,"href":"https:\/\/clair.si\/hr\/wp-json\/wp\/v2\/product_cat?post=96523"},{"taxonomy":"product_tag","embeddable":true,"href":"https:\/\/clair.si\/hr\/wp-json\/wp\/v2\/product_tag?post=96523"}],"curies":[{"name":"wp","href":"https:\/\/api.w.org\/{rel}","templated":true}]}}