{"id":96539,"date":"2024-03-10T09:03:48","date_gmt":"2024-03-10T08:03:48","guid":{"rendered":"https:\/\/clair.si\/izdelek\/djecje-jahace-tajice-rw-agadir\/"},"modified":"2026-04-08T18:13:00","modified_gmt":"2026-04-08T16:13:00","slug":"djecje-jahace-tajice-rw-agadir","status":"publish","type":"product","link":"https:\/\/clair.si\/hr\/izdelek\/djecje-jahace-tajice-rw-agadir\/","title":{"rendered":"Dje\u010dje jaha\u0107e tajice RW Agadir"},"content":{"rendered":"<p><strong>Dje\u010dje jaha\u0107e tajice RW Agadir &#8211; <\/strong><span class=\"HwtZe\" lang=\"sl\"><span class=\"jCAhz ChMk0b\"><span class=\"ryNqvb\">najjeftinije, visokou\u010dinkovite dje\u010dje jaha\u0107e tajice bez kompromisa u pogledu stila.<\/span><\/span> <strong>Apsolutni MUST HAVE!<\/strong><br \/>\n<\/span><\/p>\n<ul>\n<li><span class=\"HwtZe\" lang=\"sl\"><span class=\"jCAhz ChMk0b\"><span class=\"ryNqvb\"> U\u010dinkovitost: rastezljive u 4 smjera<\/span><\/span><\/span><\/li>\n<li><span class=\"HwtZe\" lang=\"sl\"><span class=\"jCAhz ChMk0b\"><span class=\"ryNqvb\">Optimalna sloboda kretanja i savr\u0161eno pristajanje<\/span><\/span><\/span><\/li>\n<li><span class=\"HwtZe\" lang=\"sl\"><span class=\"jCAhz ChMk0b\"><span class=\"ryNqvb\">Lagani materijal koji se brzo su\u0161i<\/span><\/span><\/span><\/li>\n<li><span class=\"HwtZe\" lang=\"sl\"><span class=\"jCAhz ChMk0b\"><span class=\"ryNqvb\">Silikonski otisak na cijelom sjedalu<\/span><\/span><\/span><\/li>\n<li><span class=\"HwtZe\" lang=\"sl\"><span class=\"jCAhz ChMk0b\"><span class=\"ryNqvb\">Dva d\u017eepa za telefon<\/span><\/span><\/span><\/li>\n<li><span class=\"HwtZe\" lang=\"sl\"><span class=\"jCAhz ChMk0b\"><span class=\"ryNqvb\">\u0160iroki pojas<\/span><\/span><\/span><\/li>\n<\/ul>\n<p><strong>Sastav:<\/strong><\/p>\n<ul>\n<li>94 % poliester<\/li>\n<li>6 % elastan<\/li>\n<\/ul>\n","protected":false},"excerpt":{"rendered":"<p>Dje\u010dje jaha\u0107e tajice RW Agadir &#8211; najjeftinije, visokou\u010dinkovite dje\u010dje jaha\u0107e tajice bez kompromisa u pogledu stila. Apsolutni MUST HAVE! U\u010dinkovitost:<\/p>\n","protected":false},"featured_media":96547,"template":"","meta":{"footnotes":""},"product_brand":[],"product_cat":[5845,5955,5654,5838,5657,5658],"product_tag":[],"class_list":{"0":"post-96539","1":"product","2":"type-product","3":"status-publish","4":"has-post-thumbnail","6":"product_cat-djeca","7":"product_cat-djecje-hlace-za-jahanje","8":"product_cat-jahac-hr","9":"product_cat-jahace-hlace","10":"product_cat-kategorije-hr","11":"product_cat-pocetci-jahanja","13":"first","14":"instock","15":"featured","16":"shipping-taxable","17":"purchasable","18":"product-type-variable"},"yoast_head":"<!-- This site is optimized with the Yoast SEO plugin v27.3 - https:\/\/yoast.com\/product\/yoast-seo-wordpress\/ -->\n<title>Dje\u010dje jaha\u0107e tajice RW Agadir - Clair<\/title>\n<meta name=\"description\" content=\"Dje\u010dje jaha\u0107e tajice RW Agadir - najjeftinije, visokou\u010dinkovite dje\u010dje jaha\u0107e tajice bez kompromisa u pogledu stila. Apsolutni MUST HAVE! U\u010dinkovitost:\" \/>\n<meta name=\"robots\" content=\"index, follow, max-snippet:-1, max-image-preview:large, max-video-preview:-1\" \/>\n<link rel=\"canonical\" href=\"https:\/\/clair.si\/izdelek\/otroske-jahalne-pajkice-rw-agadir\/\" \/>\n<meta property=\"og:locale\" content=\"hr_HR\" \/>\n<meta property=\"og:type\" content=\"article\" \/>\n<meta property=\"og:title\" content=\"Dje\u010dje jaha\u0107e tajice RW Agadir - Clair\" \/>\n<meta property=\"og:description\" content=\"Dje\u010dje jaha\u0107e tajice RW Agadir - najjeftinije, visokou\u010dinkovite dje\u010dje jaha\u0107e tajice bez kompromisa u pogledu stila. Apsolutni MUST HAVE! U\u010dinkovitost:\" \/>\n<meta property=\"og:url\" content=\"https:\/\/clair.si\/izdelek\/otroske-jahalne-pajkice-rw-agadir\/\" \/>\n<meta property=\"og:site_name\" content=\"Clair\" \/>\n<meta property=\"article:publisher\" content=\"https:\/\/www.facebook.com\/TrgovinaClair\/\" \/>\n<meta property=\"article:modified_time\" content=\"2026-04-08T16:13:00+00:00\" \/>\n<meta property=\"og:image\" content=\"https:\/\/clair.si\/wp-content\/uploads\/2024\/03\/riding-world-agadir-jahalne-pajkice-hlace-otroske-trgovina-clair-modra-zenske-oprema-za-jahaca-1-jpg.webp\" \/>\n\t<meta property=\"og:image:width\" content=\"800\" \/>\n\t<meta property=\"og:image:height\" content=\"800\" \/>\n\t<meta property=\"og:image:type\" content=\"image\/jpeg\" \/>\n<meta name=\"twitter:card\" content=\"summary_large_image\" \/>\n<meta name=\"twitter:label1\" content=\"Procijenjeno vrijeme \u010ditanja\" \/>\n\t<meta name=\"twitter:data1\" content=\"1 minuta\" \/>\n<script type=\"application\/ld+json\" class=\"yoast-schema-graph\">{\"@context\":\"https:\\\/\\\/schema.org\",\"@graph\":[{\"@type\":\"WebPage\",\"@id\":\"https:\\\/\\\/clair.si\\\/izdelek\\\/otroske-jahalne-pajkice-rw-agadir\\\/\",\"url\":\"https:\\\/\\\/clair.si\\\/izdelek\\\/otroske-jahalne-pajkice-rw-agadir\\\/\",\"name\":\"Dje\u010dje jaha\u0107e tajice RW Agadir - Clair\",\"isPartOf\":{\"@id\":\"https:\\\/\\\/clair.si\\\/#website\"},\"primaryImageOfPage\":{\"@id\":\"https:\\\/\\\/clair.si\\\/izdelek\\\/otroske-jahalne-pajkice-rw-agadir\\\/#primaryimage\"},\"image\":{\"@id\":\"https:\\\/\\\/clair.si\\\/izdelek\\\/otroske-jahalne-pajkice-rw-agadir\\\/#primaryimage\"},\"thumbnailUrl\":\"https:\\\/\\\/clair.si\\\/wp-content\\\/uploads\\\/2024\\\/03\\\/riding-world-agadir-jahalne-pajkice-hlace-otroske-trgovina-clair-modra-zenske-oprema-za-jahaca-1-jpg.webp\",\"datePublished\":\"2024-03-10T08:03:48+00:00\",\"dateModified\":\"2026-04-08T16:13:00+00:00\",\"description\":\"Dje\u010dje jaha\u0107e tajice RW Agadir - najjeftinije, visokou\u010dinkovite dje\u010dje jaha\u0107e tajice bez kompromisa u pogledu stila. Apsolutni MUST HAVE! U\u010dinkovitost:\",\"breadcrumb\":{\"@id\":\"https:\\\/\\\/clair.si\\\/izdelek\\\/otroske-jahalne-pajkice-rw-agadir\\\/#breadcrumb\"},\"inLanguage\":\"hr\",\"potentialAction\":[{\"@type\":\"ReadAction\",\"target\":[\"https:\\\/\\\/clair.si\\\/izdelek\\\/otroske-jahalne-pajkice-rw-agadir\\\/\"]}]},{\"@type\":\"ImageObject\",\"inLanguage\":\"hr\",\"@id\":\"https:\\\/\\\/clair.si\\\/izdelek\\\/otroske-jahalne-pajkice-rw-agadir\\\/#primaryimage\",\"url\":\"https:\\\/\\\/clair.si\\\/wp-content\\\/uploads\\\/2024\\\/03\\\/riding-world-agadir-jahalne-pajkice-hlace-otroske-trgovina-clair-modra-zenske-oprema-za-jahaca-1-jpg.webp\",\"contentUrl\":\"https:\\\/\\\/clair.si\\\/wp-content\\\/uploads\\\/2024\\\/03\\\/riding-world-agadir-jahalne-pajkice-hlace-otroske-trgovina-clair-modra-zenske-oprema-za-jahaca-1-jpg.webp\",\"width\":800,\"height\":800},{\"@type\":\"BreadcrumbList\",\"@id\":\"https:\\\/\\\/clair.si\\\/izdelek\\\/otroske-jahalne-pajkice-rw-agadir\\\/#breadcrumb\",\"itemListElement\":[{\"@type\":\"ListItem\",\"position\":1,\"name\":\"Home\",\"item\":\"https:\\\/\\\/clair.si\\\/hr\\\/\"},{\"@type\":\"ListItem\",\"position\":2,\"name\":\"Trgovina\",\"item\":\"https:\\\/\\\/clair.si\\\/trgovina\\\/\"},{\"@type\":\"ListItem\",\"position\":3,\"name\":\"Dje\u010dje jaha\u0107e tajice RW Agadir\"}]},{\"@type\":\"WebSite\",\"@id\":\"https:\\\/\\\/clair.si\\\/#website\",\"url\":\"https:\\\/\\\/clair.si\\\/\",\"name\":\"Clair\",\"description\":\"Trgovina s konjeni\u0161ko opremo\",\"publisher\":{\"@id\":\"https:\\\/\\\/clair.si\\\/#organization\"},\"potentialAction\":[{\"@type\":\"SearchAction\",\"target\":{\"@type\":\"EntryPoint\",\"urlTemplate\":\"https:\\\/\\\/clair.si\\\/?s={search_term_string}\"},\"query-input\":{\"@type\":\"PropertyValueSpecification\",\"valueRequired\":true,\"valueName\":\"search_term_string\"}}],\"inLanguage\":\"hr\"},{\"@type\":\"Organization\",\"@id\":\"https:\\\/\\\/clair.si\\\/#organization\",\"name\":\"Clair\",\"url\":\"https:\\\/\\\/clair.si\\\/\",\"logo\":{\"@type\":\"ImageObject\",\"inLanguage\":\"hr\",\"@id\":\"https:\\\/\\\/clair.si\\\/#\\\/schema\\\/logo\\\/image\\\/\",\"url\":\"https:\\\/\\\/clair.si\\\/wp-content\\\/uploads\\\/2022\\\/11\\\/clair_logo_2022.jpg\",\"contentUrl\":\"https:\\\/\\\/clair.si\\\/wp-content\\\/uploads\\\/2022\\\/11\\\/clair_logo_2022.jpg\",\"width\":1920,\"height\":1920,\"caption\":\"Clair\"},\"image\":{\"@id\":\"https:\\\/\\\/clair.si\\\/#\\\/schema\\\/logo\\\/image\\\/\"},\"sameAs\":[\"https:\\\/\\\/www.facebook.com\\\/TrgovinaClair\\\/\"]}]}<\/script>\n<!-- \/ Yoast SEO plugin. -->","yoast_head_json":{"title":"Dje\u010dje jaha\u0107e tajice RW Agadir - Clair","description":"Dje\u010dje jaha\u0107e tajice RW Agadir - najjeftinije, visokou\u010dinkovite dje\u010dje jaha\u0107e tajice bez kompromisa u pogledu stila. Apsolutni MUST HAVE! U\u010dinkovitost:","robots":{"index":"index","follow":"follow","max-snippet":"max-snippet:-1","max-image-preview":"max-image-preview:large","max-video-preview":"max-video-preview:-1"},"canonical":"https:\/\/clair.si\/izdelek\/otroske-jahalne-pajkice-rw-agadir\/","og_locale":"hr_HR","og_type":"article","og_title":"Dje\u010dje jaha\u0107e tajice RW Agadir - Clair","og_description":"Dje\u010dje jaha\u0107e tajice RW Agadir - najjeftinije, visokou\u010dinkovite dje\u010dje jaha\u0107e tajice bez kompromisa u pogledu stila. Apsolutni MUST HAVE! U\u010dinkovitost:","og_url":"https:\/\/clair.si\/izdelek\/otroske-jahalne-pajkice-rw-agadir\/","og_site_name":"Clair","article_publisher":"https:\/\/www.facebook.com\/TrgovinaClair\/","article_modified_time":"2026-04-08T16:13:00+00:00","og_image":[{"width":800,"height":800,"url":"https:\/\/clair.si\/wp-content\/uploads\/2024\/03\/riding-world-agadir-jahalne-pajkice-hlace-otroske-trgovina-clair-modra-zenske-oprema-za-jahaca-1-jpg.webp","type":"image\/jpeg"}],"twitter_card":"summary_large_image","twitter_misc":{"Procijenjeno vrijeme \u010ditanja":"1 minuta"},"schema":{"@context":"https:\/\/schema.org","@graph":[{"@type":"WebPage","@id":"https:\/\/clair.si\/izdelek\/otroske-jahalne-pajkice-rw-agadir\/","url":"https:\/\/clair.si\/izdelek\/otroske-jahalne-pajkice-rw-agadir\/","name":"Dje\u010dje jaha\u0107e tajice RW Agadir - Clair","isPartOf":{"@id":"https:\/\/clair.si\/#website"},"primaryImageOfPage":{"@id":"https:\/\/clair.si\/izdelek\/otroske-jahalne-pajkice-rw-agadir\/#primaryimage"},"image":{"@id":"https:\/\/clair.si\/izdelek\/otroske-jahalne-pajkice-rw-agadir\/#primaryimage"},"thumbnailUrl":"https:\/\/clair.si\/wp-content\/uploads\/2024\/03\/riding-world-agadir-jahalne-pajkice-hlace-otroske-trgovina-clair-modra-zenske-oprema-za-jahaca-1-jpg.webp","datePublished":"2024-03-10T08:03:48+00:00","dateModified":"2026-04-08T16:13:00+00:00","description":"Dje\u010dje jaha\u0107e tajice RW Agadir - najjeftinije, visokou\u010dinkovite dje\u010dje jaha\u0107e tajice bez kompromisa u pogledu stila. Apsolutni MUST HAVE! U\u010dinkovitost:","breadcrumb":{"@id":"https:\/\/clair.si\/izdelek\/otroske-jahalne-pajkice-rw-agadir\/#breadcrumb"},"inLanguage":"hr","potentialAction":[{"@type":"ReadAction","target":["https:\/\/clair.si\/izdelek\/otroske-jahalne-pajkice-rw-agadir\/"]}]},{"@type":"ImageObject","inLanguage":"hr","@id":"https:\/\/clair.si\/izdelek\/otroske-jahalne-pajkice-rw-agadir\/#primaryimage","url":"https:\/\/clair.si\/wp-content\/uploads\/2024\/03\/riding-world-agadir-jahalne-pajkice-hlace-otroske-trgovina-clair-modra-zenske-oprema-za-jahaca-1-jpg.webp","contentUrl":"https:\/\/clair.si\/wp-content\/uploads\/2024\/03\/riding-world-agadir-jahalne-pajkice-hlace-otroske-trgovina-clair-modra-zenske-oprema-za-jahaca-1-jpg.webp","width":800,"height":800},{"@type":"BreadcrumbList","@id":"https:\/\/clair.si\/izdelek\/otroske-jahalne-pajkice-rw-agadir\/#breadcrumb","itemListElement":[{"@type":"ListItem","position":1,"name":"Home","item":"https:\/\/clair.si\/hr\/"},{"@type":"ListItem","position":2,"name":"Trgovina","item":"https:\/\/clair.si\/trgovina\/"},{"@type":"ListItem","position":3,"name":"Dje\u010dje jaha\u0107e tajice RW Agadir"}]},{"@type":"WebSite","@id":"https:\/\/clair.si\/#website","url":"https:\/\/clair.si\/","name":"Clair","description":"Trgovina s konjeni\u0161ko opremo","publisher":{"@id":"https:\/\/clair.si\/#organization"},"potentialAction":[{"@type":"SearchAction","target":{"@type":"EntryPoint","urlTemplate":"https:\/\/clair.si\/?s={search_term_string}"},"query-input":{"@type":"PropertyValueSpecification","valueRequired":true,"valueName":"search_term_string"}}],"inLanguage":"hr"},{"@type":"Organization","@id":"https:\/\/clair.si\/#organization","name":"Clair","url":"https:\/\/clair.si\/","logo":{"@type":"ImageObject","inLanguage":"hr","@id":"https:\/\/clair.si\/#\/schema\/logo\/image\/","url":"https:\/\/clair.si\/wp-content\/uploads\/2022\/11\/clair_logo_2022.jpg","contentUrl":"https:\/\/clair.si\/wp-content\/uploads\/2022\/11\/clair_logo_2022.jpg","width":1920,"height":1920,"caption":"Clair"},"image":{"@id":"https:\/\/clair.si\/#\/schema\/logo\/image\/"},"sameAs":["https:\/\/www.facebook.com\/TrgovinaClair\/"]}]}},"_links":{"self":[{"href":"https:\/\/clair.si\/hr\/wp-json\/wp\/v2\/product\/96539","targetHints":{"allow":["GET"]}}],"collection":[{"href":"https:\/\/clair.si\/hr\/wp-json\/wp\/v2\/product"}],"about":[{"href":"https:\/\/clair.si\/hr\/wp-json\/wp\/v2\/types\/product"}],"version-history":[{"count":1,"href":"https:\/\/clair.si\/hr\/wp-json\/wp\/v2\/product\/96539\/revisions"}],"predecessor-version":[{"id":113978,"href":"https:\/\/clair.si\/hr\/wp-json\/wp\/v2\/product\/96539\/revisions\/113978"}],"wp:featuredmedia":[{"embeddable":true,"href":"https:\/\/clair.si\/hr\/wp-json\/wp\/v2\/media\/96547"}],"wp:attachment":[{"href":"https:\/\/clair.si\/hr\/wp-json\/wp\/v2\/media?parent=96539"}],"wp:term":[{"taxonomy":"product_brand","embeddable":true,"href":"https:\/\/clair.si\/hr\/wp-json\/wp\/v2\/product_brand?post=96539"},{"taxonomy":"product_cat","embeddable":true,"href":"https:\/\/clair.si\/hr\/wp-json\/wp\/v2\/product_cat?post=96539"},{"taxonomy":"product_tag","embeddable":true,"href":"https:\/\/clair.si\/hr\/wp-json\/wp\/v2\/product_tag?post=96539"}],"curies":[{"name":"wp","href":"https:\/\/api.w.org\/{rel}","templated":true}]}}