{"id":96561,"date":"2024-02-28T10:53:24","date_gmt":"2024-02-28T09:53:24","guid":{"rendered":"https:\/\/clair.si\/izdelek\/lami-cell-basic-fleece-elastic-bandaze\/"},"modified":"2025-09-23T12:11:06","modified_gmt":"2025-09-23T10:11:06","slug":"lami-cell-basic-fleece-elastic-bandaze","status":"publish","type":"product","link":"https:\/\/clair.si\/hr\/izdelek\/lami-cell-basic-fleece-elastic-bandaze\/","title":{"rendered":"Lami-Cell Basic Fleece Elastic banda\u017ee"},"content":{"rendered":"<p><strong>Lami-Cell Basic Fleece Elastic banda\u017ee<\/strong> &#8211; banda\u017ee za konjske noge podstavljene flisom i elasti\u010dnim krajem. Zatvaranje s Velcro \u010di\u010dak trakom. <strong>U paketu su 2 komada.<\/strong><\/p>\n","protected":false},"excerpt":{"rendered":"<p>Lami-Cell Basic Fleece Elastic banda\u017ee &#8211; banda\u017ee za konjske noge podstavljene flisom i elasti\u010dnim krajem. Zatvaranje s Velcro \u010di\u010dak trakom.<\/p>\n","protected":false},"featured_media":105836,"template":"","meta":{"footnotes":""},"product_brand":[],"product_cat":[5892,5624,6492,5773],"product_tag":[],"class_list":{"0":"post-96561","1":"product","2":"type-product","3":"status-publish","4":"has-post-thumbnail","6":"product_cat-bandaze-hr","7":"product_cat-konj-hr","8":"product_cat-lami-cell-come-best-hr","9":"product_cat-zastitnici-i-bandaze","11":"first","12":"instock","13":"sale","14":"shipping-taxable","15":"purchasable","16":"product-type-variable"},"yoast_head":"<!-- This site is optimized with the Yoast SEO plugin v27.4 - https:\/\/yoast.com\/product\/yoast-seo-wordpress\/ -->\n<title>Lami-Cell Basic Fleece Elastic banda\u017ee - Clair<\/title>\n<meta name=\"description\" content=\"Lami-Cell Basic Fleece Elastic banda\u017ee - banda\u017ee za konjske noge podstavljene flisom i elasti\u010dnim krajem. Zatvaranje s Velcro \u010di\u010dak trakom. U paketu su 2\" \/>\n<meta name=\"robots\" content=\"index, follow, max-snippet:-1, max-image-preview:large, max-video-preview:-1\" \/>\n<link rel=\"canonical\" href=\"https:\/\/clair.si\/hr\/izdelek\/lami-cell-basic-fleece-elastic-bandaze\/\" \/>\n<meta property=\"og:locale\" content=\"hr_HR\" \/>\n<meta property=\"og:type\" content=\"article\" \/>\n<meta property=\"og:title\" content=\"Lami-Cell Basic Fleece Elastic banda\u017ee - Clair\" \/>\n<meta property=\"og:description\" content=\"Lami-Cell Basic Fleece Elastic banda\u017ee - banda\u017ee za konjske noge podstavljene flisom i elasti\u010dnim krajem. Zatvaranje s Velcro \u010di\u010dak trakom. U paketu su 2\" \/>\n<meta property=\"og:url\" content=\"https:\/\/clair.si\/hr\/izdelek\/lami-cell-basic-fleece-elastic-bandaze\/\" \/>\n<meta property=\"og:site_name\" content=\"Clair\" \/>\n<meta property=\"article:publisher\" content=\"https:\/\/www.facebook.com\/TrgovinaClair\/\" \/>\n<meta property=\"article:modified_time\" content=\"2025-09-23T10:11:06+00:00\" \/>\n<meta property=\"og:image\" content=\"https:\/\/clair.si\/wp-content\/uploads\/2024\/02\/lami-cell-basic-bandaze-za-konja-oprema-clair-crna-jpg.webp\" \/>\n\t<meta property=\"og:image:width\" content=\"800\" \/>\n\t<meta property=\"og:image:height\" content=\"800\" \/>\n\t<meta property=\"og:image:type\" content=\"image\/jpeg\" \/>\n<meta name=\"twitter:card\" content=\"summary_large_image\" \/>\n<meta name=\"twitter:label1\" content=\"Procijenjeno vrijeme \u010ditanja\" \/>\n\t<meta name=\"twitter:data1\" content=\"1 minuta\" \/>\n<script type=\"application\/ld+json\" class=\"yoast-schema-graph\">{\"@context\":\"https:\\\/\\\/schema.org\",\"@graph\":[{\"@type\":\"WebPage\",\"@id\":\"https:\\\/\\\/clair.si\\\/hr\\\/izdelek\\\/lami-cell-basic-fleece-elastic-bandaze\\\/\",\"url\":\"https:\\\/\\\/clair.si\\\/hr\\\/izdelek\\\/lami-cell-basic-fleece-elastic-bandaze\\\/\",\"name\":\"Lami-Cell Basic Fleece Elastic banda\u017ee - Clair\",\"isPartOf\":{\"@id\":\"https:\\\/\\\/clair.si\\\/#website\"},\"primaryImageOfPage\":{\"@id\":\"https:\\\/\\\/clair.si\\\/hr\\\/izdelek\\\/lami-cell-basic-fleece-elastic-bandaze\\\/#primaryimage\"},\"image\":{\"@id\":\"https:\\\/\\\/clair.si\\\/hr\\\/izdelek\\\/lami-cell-basic-fleece-elastic-bandaze\\\/#primaryimage\"},\"thumbnailUrl\":\"https:\\\/\\\/clair.si\\\/wp-content\\\/uploads\\\/2024\\\/02\\\/lami-cell-basic-bandaze-za-konja-oprema-clair-crna-jpg.webp\",\"datePublished\":\"2024-02-28T09:53:24+00:00\",\"dateModified\":\"2025-09-23T10:11:06+00:00\",\"description\":\"Lami-Cell Basic Fleece Elastic banda\u017ee - banda\u017ee za konjske noge podstavljene flisom i elasti\u010dnim krajem. Zatvaranje s Velcro \u010di\u010dak trakom. U paketu su 2\",\"breadcrumb\":{\"@id\":\"https:\\\/\\\/clair.si\\\/hr\\\/izdelek\\\/lami-cell-basic-fleece-elastic-bandaze\\\/#breadcrumb\"},\"inLanguage\":\"hr\",\"potentialAction\":[{\"@type\":\"ReadAction\",\"target\":[\"https:\\\/\\\/clair.si\\\/hr\\\/izdelek\\\/lami-cell-basic-fleece-elastic-bandaze\\\/\"]}]},{\"@type\":\"ImageObject\",\"inLanguage\":\"hr\",\"@id\":\"https:\\\/\\\/clair.si\\\/hr\\\/izdelek\\\/lami-cell-basic-fleece-elastic-bandaze\\\/#primaryimage\",\"url\":\"https:\\\/\\\/clair.si\\\/wp-content\\\/uploads\\\/2024\\\/02\\\/lami-cell-basic-bandaze-za-konja-oprema-clair-crna-jpg.webp\",\"contentUrl\":\"https:\\\/\\\/clair.si\\\/wp-content\\\/uploads\\\/2024\\\/02\\\/lami-cell-basic-bandaze-za-konja-oprema-clair-crna-jpg.webp\",\"width\":800,\"height\":800},{\"@type\":\"BreadcrumbList\",\"@id\":\"https:\\\/\\\/clair.si\\\/hr\\\/izdelek\\\/lami-cell-basic-fleece-elastic-bandaze\\\/#breadcrumb\",\"itemListElement\":[{\"@type\":\"ListItem\",\"position\":1,\"name\":\"Home\",\"item\":\"https:\\\/\\\/clair.si\\\/hr\\\/\"},{\"@type\":\"ListItem\",\"position\":2,\"name\":\"Trgovina\",\"item\":\"https:\\\/\\\/clair.si\\\/trgovina\\\/\"},{\"@type\":\"ListItem\",\"position\":3,\"name\":\"Lami-Cell Basic Fleece Elastic banda\u017ee\"}]},{\"@type\":\"WebSite\",\"@id\":\"https:\\\/\\\/clair.si\\\/#website\",\"url\":\"https:\\\/\\\/clair.si\\\/\",\"name\":\"Clair\",\"description\":\"Trgovina s konjeni\u0161ko opremo\",\"publisher\":{\"@id\":\"https:\\\/\\\/clair.si\\\/#organization\"},\"potentialAction\":[{\"@type\":\"SearchAction\",\"target\":{\"@type\":\"EntryPoint\",\"urlTemplate\":\"https:\\\/\\\/clair.si\\\/?s={search_term_string}\"},\"query-input\":{\"@type\":\"PropertyValueSpecification\",\"valueRequired\":true,\"valueName\":\"search_term_string\"}}],\"inLanguage\":\"hr\"},{\"@type\":\"Organization\",\"@id\":\"https:\\\/\\\/clair.si\\\/#organization\",\"name\":\"Clair\",\"url\":\"https:\\\/\\\/clair.si\\\/\",\"logo\":{\"@type\":\"ImageObject\",\"inLanguage\":\"hr\",\"@id\":\"https:\\\/\\\/clair.si\\\/#\\\/schema\\\/logo\\\/image\\\/\",\"url\":\"https:\\\/\\\/clair.si\\\/wp-content\\\/uploads\\\/2022\\\/11\\\/clair_logo_2022.jpg\",\"contentUrl\":\"https:\\\/\\\/clair.si\\\/wp-content\\\/uploads\\\/2022\\\/11\\\/clair_logo_2022.jpg\",\"width\":1920,\"height\":1920,\"caption\":\"Clair\"},\"image\":{\"@id\":\"https:\\\/\\\/clair.si\\\/#\\\/schema\\\/logo\\\/image\\\/\"},\"sameAs\":[\"https:\\\/\\\/www.facebook.com\\\/TrgovinaClair\\\/\"]}]}<\/script>\n<!-- \/ Yoast SEO plugin. -->","yoast_head_json":{"title":"Lami-Cell Basic Fleece Elastic banda\u017ee - Clair","description":"Lami-Cell Basic Fleece Elastic banda\u017ee - banda\u017ee za konjske noge podstavljene flisom i elasti\u010dnim krajem. Zatvaranje s Velcro \u010di\u010dak trakom. U paketu su 2","robots":{"index":"index","follow":"follow","max-snippet":"max-snippet:-1","max-image-preview":"max-image-preview:large","max-video-preview":"max-video-preview:-1"},"canonical":"https:\/\/clair.si\/hr\/izdelek\/lami-cell-basic-fleece-elastic-bandaze\/","og_locale":"hr_HR","og_type":"article","og_title":"Lami-Cell Basic Fleece Elastic banda\u017ee - Clair","og_description":"Lami-Cell Basic Fleece Elastic banda\u017ee - banda\u017ee za konjske noge podstavljene flisom i elasti\u010dnim krajem. Zatvaranje s Velcro \u010di\u010dak trakom. U paketu su 2","og_url":"https:\/\/clair.si\/hr\/izdelek\/lami-cell-basic-fleece-elastic-bandaze\/","og_site_name":"Clair","article_publisher":"https:\/\/www.facebook.com\/TrgovinaClair\/","article_modified_time":"2025-09-23T10:11:06+00:00","og_image":[{"width":800,"height":800,"url":"https:\/\/clair.si\/wp-content\/uploads\/2024\/02\/lami-cell-basic-bandaze-za-konja-oprema-clair-crna-jpg.webp","type":"image\/jpeg"}],"twitter_card":"summary_large_image","twitter_misc":{"Procijenjeno vrijeme \u010ditanja":"1 minuta"},"schema":{"@context":"https:\/\/schema.org","@graph":[{"@type":"WebPage","@id":"https:\/\/clair.si\/hr\/izdelek\/lami-cell-basic-fleece-elastic-bandaze\/","url":"https:\/\/clair.si\/hr\/izdelek\/lami-cell-basic-fleece-elastic-bandaze\/","name":"Lami-Cell Basic Fleece Elastic banda\u017ee - Clair","isPartOf":{"@id":"https:\/\/clair.si\/#website"},"primaryImageOfPage":{"@id":"https:\/\/clair.si\/hr\/izdelek\/lami-cell-basic-fleece-elastic-bandaze\/#primaryimage"},"image":{"@id":"https:\/\/clair.si\/hr\/izdelek\/lami-cell-basic-fleece-elastic-bandaze\/#primaryimage"},"thumbnailUrl":"https:\/\/clair.si\/wp-content\/uploads\/2024\/02\/lami-cell-basic-bandaze-za-konja-oprema-clair-crna-jpg.webp","datePublished":"2024-02-28T09:53:24+00:00","dateModified":"2025-09-23T10:11:06+00:00","description":"Lami-Cell Basic Fleece Elastic banda\u017ee - banda\u017ee za konjske noge podstavljene flisom i elasti\u010dnim krajem. Zatvaranje s Velcro \u010di\u010dak trakom. U paketu su 2","breadcrumb":{"@id":"https:\/\/clair.si\/hr\/izdelek\/lami-cell-basic-fleece-elastic-bandaze\/#breadcrumb"},"inLanguage":"hr","potentialAction":[{"@type":"ReadAction","target":["https:\/\/clair.si\/hr\/izdelek\/lami-cell-basic-fleece-elastic-bandaze\/"]}]},{"@type":"ImageObject","inLanguage":"hr","@id":"https:\/\/clair.si\/hr\/izdelek\/lami-cell-basic-fleece-elastic-bandaze\/#primaryimage","url":"https:\/\/clair.si\/wp-content\/uploads\/2024\/02\/lami-cell-basic-bandaze-za-konja-oprema-clair-crna-jpg.webp","contentUrl":"https:\/\/clair.si\/wp-content\/uploads\/2024\/02\/lami-cell-basic-bandaze-za-konja-oprema-clair-crna-jpg.webp","width":800,"height":800},{"@type":"BreadcrumbList","@id":"https:\/\/clair.si\/hr\/izdelek\/lami-cell-basic-fleece-elastic-bandaze\/#breadcrumb","itemListElement":[{"@type":"ListItem","position":1,"name":"Home","item":"https:\/\/clair.si\/hr\/"},{"@type":"ListItem","position":2,"name":"Trgovina","item":"https:\/\/clair.si\/trgovina\/"},{"@type":"ListItem","position":3,"name":"Lami-Cell Basic Fleece Elastic banda\u017ee"}]},{"@type":"WebSite","@id":"https:\/\/clair.si\/#website","url":"https:\/\/clair.si\/","name":"Clair","description":"Trgovina s konjeni\u0161ko opremo","publisher":{"@id":"https:\/\/clair.si\/#organization"},"potentialAction":[{"@type":"SearchAction","target":{"@type":"EntryPoint","urlTemplate":"https:\/\/clair.si\/?s={search_term_string}"},"query-input":{"@type":"PropertyValueSpecification","valueRequired":true,"valueName":"search_term_string"}}],"inLanguage":"hr"},{"@type":"Organization","@id":"https:\/\/clair.si\/#organization","name":"Clair","url":"https:\/\/clair.si\/","logo":{"@type":"ImageObject","inLanguage":"hr","@id":"https:\/\/clair.si\/#\/schema\/logo\/image\/","url":"https:\/\/clair.si\/wp-content\/uploads\/2022\/11\/clair_logo_2022.jpg","contentUrl":"https:\/\/clair.si\/wp-content\/uploads\/2022\/11\/clair_logo_2022.jpg","width":1920,"height":1920,"caption":"Clair"},"image":{"@id":"https:\/\/clair.si\/#\/schema\/logo\/image\/"},"sameAs":["https:\/\/www.facebook.com\/TrgovinaClair\/"]}]}},"_links":{"self":[{"href":"https:\/\/clair.si\/hr\/wp-json\/wp\/v2\/product\/96561","targetHints":{"allow":["GET"]}}],"collection":[{"href":"https:\/\/clair.si\/hr\/wp-json\/wp\/v2\/product"}],"about":[{"href":"https:\/\/clair.si\/hr\/wp-json\/wp\/v2\/types\/product"}],"version-history":[{"count":1,"href":"https:\/\/clair.si\/hr\/wp-json\/wp\/v2\/product\/96561\/revisions"}],"predecessor-version":[{"id":113979,"href":"https:\/\/clair.si\/hr\/wp-json\/wp\/v2\/product\/96561\/revisions\/113979"}],"wp:featuredmedia":[{"embeddable":true,"href":"https:\/\/clair.si\/hr\/wp-json\/wp\/v2\/media\/105836"}],"wp:attachment":[{"href":"https:\/\/clair.si\/hr\/wp-json\/wp\/v2\/media?parent=96561"}],"wp:term":[{"taxonomy":"product_brand","embeddable":true,"href":"https:\/\/clair.si\/hr\/wp-json\/wp\/v2\/product_brand?post=96561"},{"taxonomy":"product_cat","embeddable":true,"href":"https:\/\/clair.si\/hr\/wp-json\/wp\/v2\/product_cat?post=96561"},{"taxonomy":"product_tag","embeddable":true,"href":"https:\/\/clair.si\/hr\/wp-json\/wp\/v2\/product_tag?post=96561"}],"curies":[{"name":"wp","href":"https:\/\/api.w.org\/{rel}","templated":true}]}}