{"id":96585,"date":"2024-03-07T17:18:55","date_gmt":"2024-03-07T16:18:55","guid":{"rendered":"https:\/\/clair.si\/izdelek\/nastavak-za-crijevo-za-tusiranje-i-samponiranje-konja-h-t\/"},"modified":"2026-02-13T00:09:11","modified_gmt":"2026-02-12T23:09:11","slug":"nastavak-za-crijevo-za-tusiranje-i-samponiranje-konja-h-t","status":"publish","type":"product","link":"https:\/\/clair.si\/hr\/izdelek\/nastavak-za-crijevo-za-tusiranje-i-samponiranje-konja-h-t\/","title":{"rendered":"Nastavak za crijevo za tu\u0161iranje i \u0161amponiranje konja H-T"},"content":{"rendered":"<p><strong>Nastavak za crijevo za tu\u0161iranje i \u0161amponiranje konja H-T &#8211; <\/strong>z<span class=\"HwtZe\" lang=\"sl\"><span class=\"jCAhz ChMk0b\"><span class=\"ryNqvb\">a trenutke opu\u0161tanja nakon rada ili za brzo tu\u0161iranje va\u0161eg konja.<\/span><\/span> <span class=\"jCAhz ChMk0b\"><span class=\"ryNqvb\">Idealan dodatak za njegu ili masa\u017eu konja. <\/span><\/span><span class=\"jCAhz ChMk0b\"><span class=\"ryNqvb\">Prilagodljiv pritisak vam omogu\u0107uje pode\u0161avanje doziranja \u0161ampona.<\/span><\/span> <\/span> <\/p>\n<div class=\"lRu31\" dir=\"ltr\"><span class=\"HwtZe\" lang=\"sl\"><span class=\"jCAhz ChMk0b\"><span class=\"ryNqvb\">Hidromasa\u017eni pi\u0161tolj Hippotonic s spremnikom za \u0161ampon vam <strong>sa svojih 8 razli\u010ditih polo\u017eaja omogu\u0107uje mijenjanje intenziteta mlaza<\/strong> tijekom tu\u0161iranja va\u0161eg konja, kako biste ga prilagodili posebnim podru\u010djima ili potrebama.<\/span><\/span> <span class=\"jCAhz ChMk0b\"><span class=\"ryNqvb\">Savr\u0161en za vlasnike konja, profesionalne \u0161tale i konji\u010dke centre, nudi u\u010dinkovito pranje i opu\u0161tanje za va\u0161eg konja.<\/span><\/span><span class=\"jCAhz ChMk0b\"><span class=\"ryNqvb\"> 8 razli\u010ditih mlaznica omogu\u0107uje precizno pode\u0161avanje intenziteta mlaza za dubinsko \u010di\u0161\u0107enje ili opu\u0161taju\u0107u masa\u017eu.<\/span><\/span> <\/span><\/div>\n<div class=\"lRu31\" dir=\"ltr\"><span class=\"HwtZe\" lang=\"sl\"><span class=\"jCAhz ChMk0b\"><span class=\"ryNqvb\">U po\u010detku namijenjen tu\u0161iranju va\u0161eg konja, 8 razli\u010ditih mlaznica hidromasa\u017enog pi\u0161tolja Hippo-Tonic s spremnikom omogu\u0107uje i u\u010dinkovitu upotrebu pri \u010di\u0161\u0107enju kombija, kamiona, automobila ili \u0161tale, kao i za zalijevanje vrta.<\/span><\/span> <span class=\"jCAhz ChMk0b\"><span class=\"ryNqvb\">S ergonomskom ru\u010dkom, idealnom za dugotrajne masa\u017ee, jednostavan je za kori\u0161tenje i osigurava dobar hvat.<\/span><\/span><\/span><\/div>\n<div dir=\"ltr\"><\/div>\n<div dir=\"ltr\">Sastav: plastika<\/div>\n<div class=\"ySES5\"><\/div>\n","protected":false},"excerpt":{"rendered":"<p>Nastavak za crijevo za tu\u0161iranje i \u0161amponiranje konja H-T &#8211; za trenutke opu\u0161tanja nakon rada ili za brzo tu\u0161iranje va\u0161eg<\/p>\n","protected":false},"featured_media":96589,"template":"","meta":{"footnotes":""},"product_brand":[],"product_cat":[5630,5626,5756,5624,5628,5625,5627],"product_tag":[],"class_list":{"0":"post-96585","1":"product","2":"type-product","3":"status-publish","4":"has-post-thumbnail","6":"product_cat-cetke-hr","7":"product_cat-cetke","8":"product_cat-dodaci-za-stalu","9":"product_cat-konj-hr","10":"product_cat-njega-konja-hr","11":"product_cat-njega-konja","12":"product_cat-stala-i-pasnjak","14":"first","15":"instock","16":"shipping-taxable","17":"purchasable","18":"product-type-simple"},"yoast_head":"<!-- This site is optimized with the Yoast SEO plugin v27.3 - https:\/\/yoast.com\/product\/yoast-seo-wordpress\/ -->\n<title>Nastavak za crijevo za tu\u0161iranje i \u0161amponiranje konja H-T - Clair<\/title>\n<meta name=\"description\" content=\"Nastavak za crijevo za tu\u0161iranje i \u0161amponiranje konja H-T - za trenutke opu\u0161tanja nakon rada ili za brzo tu\u0161iranje va\u0161eg konja. Idealan dodatak za njegu\" \/>\n<meta name=\"robots\" content=\"index, follow, max-snippet:-1, max-image-preview:large, max-video-preview:-1\" \/>\n<link rel=\"canonical\" href=\"https:\/\/clair.si\/hr\/izdelek\/nastavak-za-crijevo-za-tusiranje-i-samponiranje-konja-h-t\/\" \/>\n<meta property=\"og:locale\" content=\"hr_HR\" \/>\n<meta property=\"og:type\" content=\"article\" \/>\n<meta property=\"og:title\" content=\"Nastavak za crijevo za tu\u0161iranje i \u0161amponiranje konja H-T - Clair\" \/>\n<meta property=\"og:description\" content=\"Nastavak za crijevo za tu\u0161iranje i \u0161amponiranje konja H-T - za trenutke opu\u0161tanja nakon rada ili za brzo tu\u0161iranje va\u0161eg konja. Idealan dodatak za njegu\" \/>\n<meta property=\"og:url\" content=\"https:\/\/clair.si\/hr\/izdelek\/nastavak-za-crijevo-za-tusiranje-i-samponiranje-konja-h-t\/\" \/>\n<meta property=\"og:site_name\" content=\"Clair\" \/>\n<meta property=\"article:publisher\" content=\"https:\/\/www.facebook.com\/TrgovinaClair\/\" \/>\n<meta property=\"article:modified_time\" content=\"2026-02-12T23:09:11+00:00\" \/>\n<meta property=\"og:image\" content=\"https:\/\/clair.si\/wp-content\/uploads\/2024\/03\/nastavek-za-cev-za-tusiranje-samponiranje-konj-clair-oprema-za-konja-jpg.webp\" \/>\n\t<meta property=\"og:image:width\" content=\"800\" \/>\n\t<meta property=\"og:image:height\" content=\"800\" \/>\n\t<meta property=\"og:image:type\" content=\"image\/jpeg\" \/>\n<meta name=\"twitter:card\" content=\"summary_large_image\" \/>\n<meta name=\"twitter:label1\" content=\"Procijenjeno vrijeme \u010ditanja\" \/>\n\t<meta name=\"twitter:data1\" content=\"1 minuta\" \/>\n<script type=\"application\/ld+json\" class=\"yoast-schema-graph\">{\"@context\":\"https:\\\/\\\/schema.org\",\"@graph\":[{\"@type\":\"WebPage\",\"@id\":\"https:\\\/\\\/clair.si\\\/hr\\\/izdelek\\\/nastavak-za-crijevo-za-tusiranje-i-samponiranje-konja-h-t\\\/\",\"url\":\"https:\\\/\\\/clair.si\\\/hr\\\/izdelek\\\/nastavak-za-crijevo-za-tusiranje-i-samponiranje-konja-h-t\\\/\",\"name\":\"Nastavak za crijevo za tu\u0161iranje i \u0161amponiranje konja H-T - Clair\",\"isPartOf\":{\"@id\":\"https:\\\/\\\/clair.si\\\/#website\"},\"primaryImageOfPage\":{\"@id\":\"https:\\\/\\\/clair.si\\\/hr\\\/izdelek\\\/nastavak-za-crijevo-za-tusiranje-i-samponiranje-konja-h-t\\\/#primaryimage\"},\"image\":{\"@id\":\"https:\\\/\\\/clair.si\\\/hr\\\/izdelek\\\/nastavak-za-crijevo-za-tusiranje-i-samponiranje-konja-h-t\\\/#primaryimage\"},\"thumbnailUrl\":\"https:\\\/\\\/clair.si\\\/wp-content\\\/uploads\\\/2024\\\/03\\\/nastavek-za-cev-za-tusiranje-samponiranje-konj-clair-oprema-za-konja-jpg.webp\",\"datePublished\":\"2024-03-07T16:18:55+00:00\",\"dateModified\":\"2026-02-12T23:09:11+00:00\",\"description\":\"Nastavak za crijevo za tu\u0161iranje i \u0161amponiranje konja H-T - za trenutke opu\u0161tanja nakon rada ili za brzo tu\u0161iranje va\u0161eg konja. Idealan dodatak za njegu\",\"breadcrumb\":{\"@id\":\"https:\\\/\\\/clair.si\\\/hr\\\/izdelek\\\/nastavak-za-crijevo-za-tusiranje-i-samponiranje-konja-h-t\\\/#breadcrumb\"},\"inLanguage\":\"hr\",\"potentialAction\":[{\"@type\":\"ReadAction\",\"target\":[\"https:\\\/\\\/clair.si\\\/hr\\\/izdelek\\\/nastavak-za-crijevo-za-tusiranje-i-samponiranje-konja-h-t\\\/\"]}]},{\"@type\":\"ImageObject\",\"inLanguage\":\"hr\",\"@id\":\"https:\\\/\\\/clair.si\\\/hr\\\/izdelek\\\/nastavak-za-crijevo-za-tusiranje-i-samponiranje-konja-h-t\\\/#primaryimage\",\"url\":\"https:\\\/\\\/clair.si\\\/wp-content\\\/uploads\\\/2024\\\/03\\\/nastavek-za-cev-za-tusiranje-samponiranje-konj-clair-oprema-za-konja-jpg.webp\",\"contentUrl\":\"https:\\\/\\\/clair.si\\\/wp-content\\\/uploads\\\/2024\\\/03\\\/nastavek-za-cev-za-tusiranje-samponiranje-konj-clair-oprema-za-konja-jpg.webp\",\"width\":800,\"height\":800},{\"@type\":\"BreadcrumbList\",\"@id\":\"https:\\\/\\\/clair.si\\\/hr\\\/izdelek\\\/nastavak-za-crijevo-za-tusiranje-i-samponiranje-konja-h-t\\\/#breadcrumb\",\"itemListElement\":[{\"@type\":\"ListItem\",\"position\":1,\"name\":\"Home\",\"item\":\"https:\\\/\\\/clair.si\\\/hr\\\/\"},{\"@type\":\"ListItem\",\"position\":2,\"name\":\"Trgovina\",\"item\":\"https:\\\/\\\/clair.si\\\/trgovina\\\/\"},{\"@type\":\"ListItem\",\"position\":3,\"name\":\"Nastavak za crijevo za tu\u0161iranje i \u0161amponiranje konja H-T\"}]},{\"@type\":\"WebSite\",\"@id\":\"https:\\\/\\\/clair.si\\\/#website\",\"url\":\"https:\\\/\\\/clair.si\\\/\",\"name\":\"Clair\",\"description\":\"Trgovina s konjeni\u0161ko opremo\",\"publisher\":{\"@id\":\"https:\\\/\\\/clair.si\\\/#organization\"},\"potentialAction\":[{\"@type\":\"SearchAction\",\"target\":{\"@type\":\"EntryPoint\",\"urlTemplate\":\"https:\\\/\\\/clair.si\\\/?s={search_term_string}\"},\"query-input\":{\"@type\":\"PropertyValueSpecification\",\"valueRequired\":true,\"valueName\":\"search_term_string\"}}],\"inLanguage\":\"hr\"},{\"@type\":\"Organization\",\"@id\":\"https:\\\/\\\/clair.si\\\/#organization\",\"name\":\"Clair\",\"url\":\"https:\\\/\\\/clair.si\\\/\",\"logo\":{\"@type\":\"ImageObject\",\"inLanguage\":\"hr\",\"@id\":\"https:\\\/\\\/clair.si\\\/#\\\/schema\\\/logo\\\/image\\\/\",\"url\":\"https:\\\/\\\/clair.si\\\/wp-content\\\/uploads\\\/2022\\\/11\\\/clair_logo_2022.jpg\",\"contentUrl\":\"https:\\\/\\\/clair.si\\\/wp-content\\\/uploads\\\/2022\\\/11\\\/clair_logo_2022.jpg\",\"width\":1920,\"height\":1920,\"caption\":\"Clair\"},\"image\":{\"@id\":\"https:\\\/\\\/clair.si\\\/#\\\/schema\\\/logo\\\/image\\\/\"},\"sameAs\":[\"https:\\\/\\\/www.facebook.com\\\/TrgovinaClair\\\/\"]}]}<\/script>\n<!-- \/ Yoast SEO plugin. -->","yoast_head_json":{"title":"Nastavak za crijevo za tu\u0161iranje i \u0161amponiranje konja H-T - Clair","description":"Nastavak za crijevo za tu\u0161iranje i \u0161amponiranje konja H-T - za trenutke opu\u0161tanja nakon rada ili za brzo tu\u0161iranje va\u0161eg konja. Idealan dodatak za njegu","robots":{"index":"index","follow":"follow","max-snippet":"max-snippet:-1","max-image-preview":"max-image-preview:large","max-video-preview":"max-video-preview:-1"},"canonical":"https:\/\/clair.si\/hr\/izdelek\/nastavak-za-crijevo-za-tusiranje-i-samponiranje-konja-h-t\/","og_locale":"hr_HR","og_type":"article","og_title":"Nastavak za crijevo za tu\u0161iranje i \u0161amponiranje konja H-T - Clair","og_description":"Nastavak za crijevo za tu\u0161iranje i \u0161amponiranje konja H-T - za trenutke opu\u0161tanja nakon rada ili za brzo tu\u0161iranje va\u0161eg konja. Idealan dodatak za njegu","og_url":"https:\/\/clair.si\/hr\/izdelek\/nastavak-za-crijevo-za-tusiranje-i-samponiranje-konja-h-t\/","og_site_name":"Clair","article_publisher":"https:\/\/www.facebook.com\/TrgovinaClair\/","article_modified_time":"2026-02-12T23:09:11+00:00","og_image":[{"width":800,"height":800,"url":"https:\/\/clair.si\/wp-content\/uploads\/2024\/03\/nastavek-za-cev-za-tusiranje-samponiranje-konj-clair-oprema-za-konja-jpg.webp","type":"image\/jpeg"}],"twitter_card":"summary_large_image","twitter_misc":{"Procijenjeno vrijeme \u010ditanja":"1 minuta"},"schema":{"@context":"https:\/\/schema.org","@graph":[{"@type":"WebPage","@id":"https:\/\/clair.si\/hr\/izdelek\/nastavak-za-crijevo-za-tusiranje-i-samponiranje-konja-h-t\/","url":"https:\/\/clair.si\/hr\/izdelek\/nastavak-za-crijevo-za-tusiranje-i-samponiranje-konja-h-t\/","name":"Nastavak za crijevo za tu\u0161iranje i \u0161amponiranje konja H-T - Clair","isPartOf":{"@id":"https:\/\/clair.si\/#website"},"primaryImageOfPage":{"@id":"https:\/\/clair.si\/hr\/izdelek\/nastavak-za-crijevo-za-tusiranje-i-samponiranje-konja-h-t\/#primaryimage"},"image":{"@id":"https:\/\/clair.si\/hr\/izdelek\/nastavak-za-crijevo-za-tusiranje-i-samponiranje-konja-h-t\/#primaryimage"},"thumbnailUrl":"https:\/\/clair.si\/wp-content\/uploads\/2024\/03\/nastavek-za-cev-za-tusiranje-samponiranje-konj-clair-oprema-za-konja-jpg.webp","datePublished":"2024-03-07T16:18:55+00:00","dateModified":"2026-02-12T23:09:11+00:00","description":"Nastavak za crijevo za tu\u0161iranje i \u0161amponiranje konja H-T - za trenutke opu\u0161tanja nakon rada ili za brzo tu\u0161iranje va\u0161eg konja. Idealan dodatak za njegu","breadcrumb":{"@id":"https:\/\/clair.si\/hr\/izdelek\/nastavak-za-crijevo-za-tusiranje-i-samponiranje-konja-h-t\/#breadcrumb"},"inLanguage":"hr","potentialAction":[{"@type":"ReadAction","target":["https:\/\/clair.si\/hr\/izdelek\/nastavak-za-crijevo-za-tusiranje-i-samponiranje-konja-h-t\/"]}]},{"@type":"ImageObject","inLanguage":"hr","@id":"https:\/\/clair.si\/hr\/izdelek\/nastavak-za-crijevo-za-tusiranje-i-samponiranje-konja-h-t\/#primaryimage","url":"https:\/\/clair.si\/wp-content\/uploads\/2024\/03\/nastavek-za-cev-za-tusiranje-samponiranje-konj-clair-oprema-za-konja-jpg.webp","contentUrl":"https:\/\/clair.si\/wp-content\/uploads\/2024\/03\/nastavek-za-cev-za-tusiranje-samponiranje-konj-clair-oprema-za-konja-jpg.webp","width":800,"height":800},{"@type":"BreadcrumbList","@id":"https:\/\/clair.si\/hr\/izdelek\/nastavak-za-crijevo-za-tusiranje-i-samponiranje-konja-h-t\/#breadcrumb","itemListElement":[{"@type":"ListItem","position":1,"name":"Home","item":"https:\/\/clair.si\/hr\/"},{"@type":"ListItem","position":2,"name":"Trgovina","item":"https:\/\/clair.si\/trgovina\/"},{"@type":"ListItem","position":3,"name":"Nastavak za crijevo za tu\u0161iranje i \u0161amponiranje konja H-T"}]},{"@type":"WebSite","@id":"https:\/\/clair.si\/#website","url":"https:\/\/clair.si\/","name":"Clair","description":"Trgovina s konjeni\u0161ko opremo","publisher":{"@id":"https:\/\/clair.si\/#organization"},"potentialAction":[{"@type":"SearchAction","target":{"@type":"EntryPoint","urlTemplate":"https:\/\/clair.si\/?s={search_term_string}"},"query-input":{"@type":"PropertyValueSpecification","valueRequired":true,"valueName":"search_term_string"}}],"inLanguage":"hr"},{"@type":"Organization","@id":"https:\/\/clair.si\/#organization","name":"Clair","url":"https:\/\/clair.si\/","logo":{"@type":"ImageObject","inLanguage":"hr","@id":"https:\/\/clair.si\/#\/schema\/logo\/image\/","url":"https:\/\/clair.si\/wp-content\/uploads\/2022\/11\/clair_logo_2022.jpg","contentUrl":"https:\/\/clair.si\/wp-content\/uploads\/2022\/11\/clair_logo_2022.jpg","width":1920,"height":1920,"caption":"Clair"},"image":{"@id":"https:\/\/clair.si\/#\/schema\/logo\/image\/"},"sameAs":["https:\/\/www.facebook.com\/TrgovinaClair\/"]}]}},"_links":{"self":[{"href":"https:\/\/clair.si\/hr\/wp-json\/wp\/v2\/product\/96585","targetHints":{"allow":["GET"]}}],"collection":[{"href":"https:\/\/clair.si\/hr\/wp-json\/wp\/v2\/product"}],"about":[{"href":"https:\/\/clair.si\/hr\/wp-json\/wp\/v2\/types\/product"}],"version-history":[{"count":0,"href":"https:\/\/clair.si\/hr\/wp-json\/wp\/v2\/product\/96585\/revisions"}],"wp:featuredmedia":[{"embeddable":true,"href":"https:\/\/clair.si\/hr\/wp-json\/wp\/v2\/media\/96589"}],"wp:attachment":[{"href":"https:\/\/clair.si\/hr\/wp-json\/wp\/v2\/media?parent=96585"}],"wp:term":[{"taxonomy":"product_brand","embeddable":true,"href":"https:\/\/clair.si\/hr\/wp-json\/wp\/v2\/product_brand?post=96585"},{"taxonomy":"product_cat","embeddable":true,"href":"https:\/\/clair.si\/hr\/wp-json\/wp\/v2\/product_cat?post=96585"},{"taxonomy":"product_tag","embeddable":true,"href":"https:\/\/clair.si\/hr\/wp-json\/wp\/v2\/product_tag?post=96585"}],"curies":[{"name":"wp","href":"https:\/\/api.w.org\/{rel}","templated":true}]}}