{"id":96620,"date":"2024-03-22T10:32:30","date_gmt":"2024-03-22T09:32:30","guid":{"rendered":"https:\/\/clair.si\/izdelek\/marstall-fohlen-aktiv\/"},"modified":"2025-10-06T23:05:58","modified_gmt":"2025-10-06T21:05:58","slug":"marstall-fohlen-aktiv","status":"publish","type":"product","link":"https:\/\/clair.si\/hr\/izdelek\/marstall-fohlen-aktiv\/","title":{"rendered":"Marstall Fohlen-Aktiv"},"content":{"rendered":"<p><strong>FOHLEN \u2013 AKTIV<\/strong><\/p>\n<ul>\n<li>od 2. tjedna \u017eivota<\/li>\n<li>metabolizmu prijateljski rast<\/li>\n<li>podr\u017eava probavu<\/li>\n<li>esencijalne aminokiseline<\/li>\n<li>bez \u017eitarica i nje\u017ean za \u017eeludac<\/li>\n<\/ul>\n<p>&nbsp;<\/p>\n<p>Marstall Fohlen-Aktiv je koncentrirani i vrlo ukusni m\u00fcsli bez \u017eitarica, koji osigurava \u017edrebetima optimalnu prehranu od drugog tjedna \u017eivota nadalje. Sadr\u017ei vrlo malo \u0161kroba i lako je probavljiv. Tako osigurava \u2013 posebno u kombinaciji s hranom za kobile bez \u017eitarica \u2013 metabolizmu prijateljski rast ve\u0107 od samog po\u010detka.<\/p>\n<p>Fohlen-Aktiv je inovativna po\u010detna hrana bez \u017eitarica, koja blagotvorno djeluje na metabolizam i \u017edrebetu osigurava najbolju mogu\u0107u prehranu.<\/p>\n<p>Zahvaljuju\u0107i organskim elementima u tragovima i \u010distim aminokiselinama &#8211; lizinu, metioninu i treoninu, Fohlen-Aktiv poti\u010de optimizirano kori\u0161tenje hranjivih tvari i pobolj\u0161anu apsorpciju hranjivih tvari. Podr\u017eava imunolo\u0161ki sustav i ugodan je za \u017eeludac, posebno u stresnim razdobljima, kao \u0161to su izlo\u017ebe \u017edrebeta, odbijanja i promjene hrane u jesen i prolje\u0107e. Poseban sastav aminokiselina, probavljivih u tankom crijevu, uravnote\u017euje nisku razinu istih u tipi\u010dnom konjskom sijenu, kako je potrebno. Istodobno, uravnote\u017eena opskrba vitaminima, mineralima i elementima u tragovima podr\u017eava zdrav razvoj zglobova i kostura.<\/p>\n<p>Budu\u0107i da recept bez \u017eitarica sadr\u017ei vrlo malo \u0161kroba, Fohlen-Aktiv ne poti\u010de osloba\u0111anje inzulina u velikim koli\u010dinama. To omogu\u0107uje metaboli\u010dki prihvatljiv rast bez nepotrebnog pogor\u0161anja sazrijevanja hrskavice, funkcije \u0161titnja\u010de i osjetljivosti na inzulin. Tako je manje optere\u0107en cijeli organizam \u017edrebeta<\/p>\n<p>&nbsp;<\/p>\n<p><strong>Sastav Marstall Fohlen-Aktiv<\/strong><\/p>\n<p>Trava (su\u0161ena pri visokoj temperaturi), su\u0161eni gro\u017e\u0111ani trop, sojine tropine, sojine pahuljice, laneno (hidrotermi\u010dki obra\u0111eno) biljno ulje (uljana repica, rafinirano), bra\u0161no uljane repice, laneno bra\u0161no, gra\u0161kove pahuljice, stani\u010dna stijenka pivskog kvasca (Saccharomyces cerevisiae), monokalcij fosfat, laneno sjeme, kalcijev karbonat, natrijev klorid, magnezijev oksid<\/p>\n<p>U skladu s ADMR<\/p>\n<p>Analiti\u010dki sastojci: sirovi proteini 20,5 %, pcv* sirovi proteini 140 %, sirova mast 12 %, sirova vlakna 12,1 %, sirovi pepeo 9,9 %, energetska vrijednost DE 12,4 MJ, energetska vrijednost ME 11,30 MJ, kalcij 1,4 %, fosfor 0,8 %, natrij 0,25 %, magnezij 0,45 %, \u0161krob 5,8 %, \u0161e\u0107er 6,2 %, Aminokiselinski profil Sastojci: lizin 1,65 %, SAS ((metionin + cistein) 0,85 %, treonin 1 %, leucin 0,95 %, L-lizin monohidroklorid tehni\u010dki \u010dist 0,95 %, DL-metionin tehni\u010dki \u010dist 0,5 %, L-treonin 0,5 %, vitamin A 20.000 I.U., vitamin D3 3.200 I.U., vitamin E 640 mg, vitamin K3 15 mg, vitamin C 100 mg, vitamin B1 35 mg, vitamin B2 20 mg, vitamin B6 12 mg, vitamin B12 120 \u00b5g, biotin 300 \u00b5g, folna kiselina 8 mg, holin klorid 500 mg, kalcijev D-pantotenat 40 mg, niacin 70 mg,<br \/>\nElementi u tragovima: \u017eeljezov (II) sulfat monohidrat 150 mg, bakar kao pentahidrat bakrovog sulfata 30 mg, bakrov-II-glicinkelat hidrat 15 mg, cink kao cinkov oksid 120 mg, cinkov kelat iz hidrata glicina 60 mg, mangan (kao manganov (II) oksid) 70 mg, mangan glicin hidrat 30 mg, jod kao kalcijev jodat, bezvodni (3b202) 0,9 mg, selen E8 kao natrijev selenit 0,5 mg, selene u organskoj obliki iz Saccharomyces cerevisiae CNCM I-3060 neaktiviranog kvasca 0,3 mg<\/p>\n","protected":false},"excerpt":{"rendered":"<p><strong>Za ovaj proizvod se zbog dimenzija ili te\u017eine napla\u0107uju dodatni tro\u0161kovi dostave u iznosu od 15 \u20ac \/ kom.<\/strong><\/p>\n<p>&nbsp;<\/p>\n<p><strong>FOHLEN \u2013 AKTIV<\/strong><\/p>\n<ul>\n<li>od 2. tjedna \u017eivota<\/li>\n<li>metabolizmu prijateljski rast<\/li>\n<li>podr\u017eava probavu<\/li>\n<li>esencijalne aminokiseline<\/li>\n<li>bez \u017eitarica i nje\u017ean za \u017eeludac<\/li>\n<\/ul>\n<p><strong>Koli\u010dina: 20 kg<\/strong><\/p>\n<p>&nbsp;<\/p>\n<p>&nbsp;<\/p>\n","protected":false},"featured_media":96621,"template":"","meta":{"footnotes":""},"product_brand":[],"product_cat":[6090,5710,6089,6249],"product_tag":[],"class_list":{"0":"post-96620","1":"product","2":"type-product","3":"status-publish","4":"has-post-thumbnail","6":"product_cat-bez-zitarica","7":"product_cat-hrana-za-konje-hr","8":"product_cat-marstall-hr","9":"product_cat-za-uzgoj","10":"product_shipping_class-marstall-hr","12":"first","13":"instock","14":"sale","15":"shipping-taxable","16":"purchasable","17":"product-type-simple"},"yoast_head":"<!-- This site is optimized with the Yoast SEO plugin v27.4 - https:\/\/yoast.com\/product\/yoast-seo-wordpress\/ -->\n<title>Marstall Fohlen-Aktiv - Clair<\/title>\n<meta name=\"description\" content=\"Idealna hrana za \u017edrebad bez \u017eitarica od drugog tjedna starosti nadalje. \u017ddrebadima osigurava sve hranjive tvari koje su im potrebne za razvoj. Naru\u010dite svoju.\" \/>\n<meta name=\"robots\" content=\"index, follow, max-snippet:-1, max-image-preview:large, max-video-preview:-1\" \/>\n<link rel=\"canonical\" href=\"https:\/\/clair.si\/hr\/izdelek\/marstall-fohlen-aktiv\/\" \/>\n<meta property=\"og:locale\" content=\"hr_HR\" \/>\n<meta property=\"og:type\" content=\"article\" \/>\n<meta property=\"og:title\" content=\"Marstall Fohlen-Aktiv - Clair\" \/>\n<meta property=\"og:description\" content=\"Idealna hrana za \u017edrebad bez \u017eitarica od drugog tjedna starosti nadalje. \u017ddrebadima osigurava sve hranjive tvari koje su im potrebne za razvoj. Naru\u010dite svoju.\" \/>\n<meta property=\"og:url\" content=\"https:\/\/clair.si\/hr\/izdelek\/marstall-fohlen-aktiv\/\" \/>\n<meta property=\"og:site_name\" content=\"Clair\" \/>\n<meta property=\"article:publisher\" content=\"https:\/\/www.facebook.com\/TrgovinaClair\/\" \/>\n<meta property=\"article:modified_time\" content=\"2025-10-06T21:05:58+00:00\" \/>\n<meta property=\"og:image\" content=\"https:\/\/clair.si\/wp-content\/uploads\/2024\/03\/fohlen-aktiv-web-jpg.webp\" \/>\n\t<meta property=\"og:image:width\" content=\"440\" \/>\n\t<meta property=\"og:image:height\" content=\"440\" \/>\n\t<meta property=\"og:image:type\" content=\"image\/jpeg\" \/>\n<meta name=\"twitter:card\" content=\"summary_large_image\" \/>\n<meta name=\"twitter:label1\" content=\"Procijenjeno vrijeme \u010ditanja\" \/>\n\t<meta name=\"twitter:data1\" content=\"3 minute\" \/>\n<script type=\"application\/ld+json\" class=\"yoast-schema-graph\">{\"@context\":\"https:\\\/\\\/schema.org\",\"@graph\":[{\"@type\":\"WebPage\",\"@id\":\"https:\\\/\\\/clair.si\\\/hr\\\/izdelek\\\/marstall-fohlen-aktiv\\\/\",\"url\":\"https:\\\/\\\/clair.si\\\/hr\\\/izdelek\\\/marstall-fohlen-aktiv\\\/\",\"name\":\"Marstall Fohlen-Aktiv - Clair\",\"isPartOf\":{\"@id\":\"https:\\\/\\\/clair.si\\\/#website\"},\"primaryImageOfPage\":{\"@id\":\"https:\\\/\\\/clair.si\\\/hr\\\/izdelek\\\/marstall-fohlen-aktiv\\\/#primaryimage\"},\"image\":{\"@id\":\"https:\\\/\\\/clair.si\\\/hr\\\/izdelek\\\/marstall-fohlen-aktiv\\\/#primaryimage\"},\"thumbnailUrl\":\"https:\\\/\\\/clair.si\\\/wp-content\\\/uploads\\\/2024\\\/03\\\/fohlen-aktiv-web-jpg.webp\",\"datePublished\":\"2024-03-22T09:32:30+00:00\",\"dateModified\":\"2025-10-06T21:05:58+00:00\",\"description\":\"Idealna hrana za \u017edrebad bez \u017eitarica od drugog tjedna starosti nadalje. \u017ddrebadima osigurava sve hranjive tvari koje su im potrebne za razvoj. Naru\u010dite svoju.\",\"breadcrumb\":{\"@id\":\"https:\\\/\\\/clair.si\\\/hr\\\/izdelek\\\/marstall-fohlen-aktiv\\\/#breadcrumb\"},\"inLanguage\":\"hr\",\"potentialAction\":[{\"@type\":\"ReadAction\",\"target\":[\"https:\\\/\\\/clair.si\\\/hr\\\/izdelek\\\/marstall-fohlen-aktiv\\\/\"]}]},{\"@type\":\"ImageObject\",\"inLanguage\":\"hr\",\"@id\":\"https:\\\/\\\/clair.si\\\/hr\\\/izdelek\\\/marstall-fohlen-aktiv\\\/#primaryimage\",\"url\":\"https:\\\/\\\/clair.si\\\/wp-content\\\/uploads\\\/2024\\\/03\\\/fohlen-aktiv-web-jpg.webp\",\"contentUrl\":\"https:\\\/\\\/clair.si\\\/wp-content\\\/uploads\\\/2024\\\/03\\\/fohlen-aktiv-web-jpg.webp\",\"width\":440,\"height\":440},{\"@type\":\"BreadcrumbList\",\"@id\":\"https:\\\/\\\/clair.si\\\/hr\\\/izdelek\\\/marstall-fohlen-aktiv\\\/#breadcrumb\",\"itemListElement\":[{\"@type\":\"ListItem\",\"position\":1,\"name\":\"Home\",\"item\":\"https:\\\/\\\/clair.si\\\/hr\\\/\"},{\"@type\":\"ListItem\",\"position\":2,\"name\":\"Trgovina\",\"item\":\"https:\\\/\\\/clair.si\\\/trgovina\\\/\"},{\"@type\":\"ListItem\",\"position\":3,\"name\":\"Marstall Fohlen-Aktiv\"}]},{\"@type\":\"WebSite\",\"@id\":\"https:\\\/\\\/clair.si\\\/#website\",\"url\":\"https:\\\/\\\/clair.si\\\/\",\"name\":\"Clair\",\"description\":\"Trgovina s konjeni\u0161ko opremo\",\"publisher\":{\"@id\":\"https:\\\/\\\/clair.si\\\/#organization\"},\"potentialAction\":[{\"@type\":\"SearchAction\",\"target\":{\"@type\":\"EntryPoint\",\"urlTemplate\":\"https:\\\/\\\/clair.si\\\/?s={search_term_string}\"},\"query-input\":{\"@type\":\"PropertyValueSpecification\",\"valueRequired\":true,\"valueName\":\"search_term_string\"}}],\"inLanguage\":\"hr\"},{\"@type\":\"Organization\",\"@id\":\"https:\\\/\\\/clair.si\\\/#organization\",\"name\":\"Clair\",\"url\":\"https:\\\/\\\/clair.si\\\/\",\"logo\":{\"@type\":\"ImageObject\",\"inLanguage\":\"hr\",\"@id\":\"https:\\\/\\\/clair.si\\\/#\\\/schema\\\/logo\\\/image\\\/\",\"url\":\"https:\\\/\\\/clair.si\\\/wp-content\\\/uploads\\\/2022\\\/11\\\/clair_logo_2022.jpg\",\"contentUrl\":\"https:\\\/\\\/clair.si\\\/wp-content\\\/uploads\\\/2022\\\/11\\\/clair_logo_2022.jpg\",\"width\":1920,\"height\":1920,\"caption\":\"Clair\"},\"image\":{\"@id\":\"https:\\\/\\\/clair.si\\\/#\\\/schema\\\/logo\\\/image\\\/\"},\"sameAs\":[\"https:\\\/\\\/www.facebook.com\\\/TrgovinaClair\\\/\"]}]}<\/script>\n<!-- \/ Yoast SEO plugin. -->","yoast_head_json":{"title":"Marstall Fohlen-Aktiv - Clair","description":"Idealna hrana za \u017edrebad bez \u017eitarica od drugog tjedna starosti nadalje. \u017ddrebadima osigurava sve hranjive tvari koje su im potrebne za razvoj. Naru\u010dite svoju.","robots":{"index":"index","follow":"follow","max-snippet":"max-snippet:-1","max-image-preview":"max-image-preview:large","max-video-preview":"max-video-preview:-1"},"canonical":"https:\/\/clair.si\/hr\/izdelek\/marstall-fohlen-aktiv\/","og_locale":"hr_HR","og_type":"article","og_title":"Marstall Fohlen-Aktiv - Clair","og_description":"Idealna hrana za \u017edrebad bez \u017eitarica od drugog tjedna starosti nadalje. \u017ddrebadima osigurava sve hranjive tvari koje su im potrebne za razvoj. Naru\u010dite svoju.","og_url":"https:\/\/clair.si\/hr\/izdelek\/marstall-fohlen-aktiv\/","og_site_name":"Clair","article_publisher":"https:\/\/www.facebook.com\/TrgovinaClair\/","article_modified_time":"2025-10-06T21:05:58+00:00","og_image":[{"width":440,"height":440,"url":"https:\/\/clair.si\/wp-content\/uploads\/2024\/03\/fohlen-aktiv-web-jpg.webp","type":"image\/jpeg"}],"twitter_card":"summary_large_image","twitter_misc":{"Procijenjeno vrijeme \u010ditanja":"3 minute"},"schema":{"@context":"https:\/\/schema.org","@graph":[{"@type":"WebPage","@id":"https:\/\/clair.si\/hr\/izdelek\/marstall-fohlen-aktiv\/","url":"https:\/\/clair.si\/hr\/izdelek\/marstall-fohlen-aktiv\/","name":"Marstall Fohlen-Aktiv - Clair","isPartOf":{"@id":"https:\/\/clair.si\/#website"},"primaryImageOfPage":{"@id":"https:\/\/clair.si\/hr\/izdelek\/marstall-fohlen-aktiv\/#primaryimage"},"image":{"@id":"https:\/\/clair.si\/hr\/izdelek\/marstall-fohlen-aktiv\/#primaryimage"},"thumbnailUrl":"https:\/\/clair.si\/wp-content\/uploads\/2024\/03\/fohlen-aktiv-web-jpg.webp","datePublished":"2024-03-22T09:32:30+00:00","dateModified":"2025-10-06T21:05:58+00:00","description":"Idealna hrana za \u017edrebad bez \u017eitarica od drugog tjedna starosti nadalje. \u017ddrebadima osigurava sve hranjive tvari koje su im potrebne za razvoj. Naru\u010dite svoju.","breadcrumb":{"@id":"https:\/\/clair.si\/hr\/izdelek\/marstall-fohlen-aktiv\/#breadcrumb"},"inLanguage":"hr","potentialAction":[{"@type":"ReadAction","target":["https:\/\/clair.si\/hr\/izdelek\/marstall-fohlen-aktiv\/"]}]},{"@type":"ImageObject","inLanguage":"hr","@id":"https:\/\/clair.si\/hr\/izdelek\/marstall-fohlen-aktiv\/#primaryimage","url":"https:\/\/clair.si\/wp-content\/uploads\/2024\/03\/fohlen-aktiv-web-jpg.webp","contentUrl":"https:\/\/clair.si\/wp-content\/uploads\/2024\/03\/fohlen-aktiv-web-jpg.webp","width":440,"height":440},{"@type":"BreadcrumbList","@id":"https:\/\/clair.si\/hr\/izdelek\/marstall-fohlen-aktiv\/#breadcrumb","itemListElement":[{"@type":"ListItem","position":1,"name":"Home","item":"https:\/\/clair.si\/hr\/"},{"@type":"ListItem","position":2,"name":"Trgovina","item":"https:\/\/clair.si\/trgovina\/"},{"@type":"ListItem","position":3,"name":"Marstall Fohlen-Aktiv"}]},{"@type":"WebSite","@id":"https:\/\/clair.si\/#website","url":"https:\/\/clair.si\/","name":"Clair","description":"Trgovina s konjeni\u0161ko opremo","publisher":{"@id":"https:\/\/clair.si\/#organization"},"potentialAction":[{"@type":"SearchAction","target":{"@type":"EntryPoint","urlTemplate":"https:\/\/clair.si\/?s={search_term_string}"},"query-input":{"@type":"PropertyValueSpecification","valueRequired":true,"valueName":"search_term_string"}}],"inLanguage":"hr"},{"@type":"Organization","@id":"https:\/\/clair.si\/#organization","name":"Clair","url":"https:\/\/clair.si\/","logo":{"@type":"ImageObject","inLanguage":"hr","@id":"https:\/\/clair.si\/#\/schema\/logo\/image\/","url":"https:\/\/clair.si\/wp-content\/uploads\/2022\/11\/clair_logo_2022.jpg","contentUrl":"https:\/\/clair.si\/wp-content\/uploads\/2022\/11\/clair_logo_2022.jpg","width":1920,"height":1920,"caption":"Clair"},"image":{"@id":"https:\/\/clair.si\/#\/schema\/logo\/image\/"},"sameAs":["https:\/\/www.facebook.com\/TrgovinaClair\/"]}]}},"_links":{"self":[{"href":"https:\/\/clair.si\/hr\/wp-json\/wp\/v2\/product\/96620","targetHints":{"allow":["GET"]}}],"collection":[{"href":"https:\/\/clair.si\/hr\/wp-json\/wp\/v2\/product"}],"about":[{"href":"https:\/\/clair.si\/hr\/wp-json\/wp\/v2\/types\/product"}],"version-history":[{"count":0,"href":"https:\/\/clair.si\/hr\/wp-json\/wp\/v2\/product\/96620\/revisions"}],"wp:featuredmedia":[{"embeddable":true,"href":"https:\/\/clair.si\/hr\/wp-json\/wp\/v2\/media\/96621"}],"wp:attachment":[{"href":"https:\/\/clair.si\/hr\/wp-json\/wp\/v2\/media?parent=96620"}],"wp:term":[{"taxonomy":"product_brand","embeddable":true,"href":"https:\/\/clair.si\/hr\/wp-json\/wp\/v2\/product_brand?post=96620"},{"taxonomy":"product_cat","embeddable":true,"href":"https:\/\/clair.si\/hr\/wp-json\/wp\/v2\/product_cat?post=96620"},{"taxonomy":"product_tag","embeddable":true,"href":"https:\/\/clair.si\/hr\/wp-json\/wp\/v2\/product_tag?post=96620"}],"curies":[{"name":"wp","href":"https:\/\/api.w.org\/{rel}","templated":true}]}}