{"id":96624,"date":"2024-03-14T12:11:14","date_gmt":"2024-03-14T11:11:14","guid":{"rendered":"https:\/\/clair.si\/izdelek\/carape-equi-n-ice-rashladne\/"},"modified":"2025-08-27T20:48:01","modified_gmt":"2025-08-27T18:48:01","slug":"carape-equi-n-ice-rashladne","status":"publish","type":"product","link":"https:\/\/clair.si\/hr\/izdelek\/carape-equi-n-ice-rashladne\/","title":{"rendered":"\u010carape Equi&#8217;n&#8217;ice &#8211; rashladne"},"content":{"rendered":"<p>Rashladne \u010darape Equi&#8217;N&#8217;Ice. <strong>Pakiranje sadr\u017ei 2 x Blue Icesocks \u010darape.<\/strong> Trenutno hladno lije\u010denje, smanjuje upale i udarce. Obra\u0111uje problemati\u010dna podru\u010dja, koljena i sko\u010dni zglob. Osigurano je da \u0107e se va\u0161 konj br\u017ee oporaviti.  <\/p>\n<p>Hla\u0111enje nakon rada Icesocks \u010darape savr\u0161ene su za odvo\u0111enje topline iz tetiva nakon rada ili upale nakon ozljede. Jedinstvena visokotehnolo\u0161ka 4-smjerno rastezljiva tkanina Icesocks \u010darapa omogu\u0107uje potpunu pokretljivost zglobova, a istovremeno savr\u0161eno prianjanje bez opasnosti od zatezanja tijekom su\u0161enja. Icesocks \u010darape mogu se obrezati i koristiti ispod bilo kakvih \u0161titnika koji omogu\u0107uju protok zraka za hla\u0111enje isparavanjem.  <\/p>\n<p><strong>Uporaba:<\/strong> Otvorite pakiranje i iz \u010darapa istisnite eventualnu suvi\u0161nu rashladnu teku\u0107inu. Nanesite tako da \u010darapu rastegnete preko kopita i razvijete po nozi na ozlije\u0111eno mjesto ili preko tetiva, da se ohladi. Icesocks \u010darape hlade 1-2 sata. Mo\u017eete ih oprati i ponovno upotrijebiti. Za ponovnu uporabu vratite ih u pakiranje, dodajte 25 ml rashladne teku\u0107ine Equl-N-lce na \u010darapu i zatvorite paket da bude zrakotesan.    <\/p>\n<p><strong>Posebni previdnostni ukrepi:<\/strong> Samo za vanjsku uporabu. Ne nanositi na o\u010di ili usta. Ne upotrebljavajte na o\u0161te\u0107enoj ko\u017ei. \u010cuvati izvan dohvata djece. Ako rashladnu teku\u0107inu progutate, odmah potra\u017eite lije\u010dni\u010dku pomo\u0107. Uklonite povoj ako se pojave znakovi ili simptomi ko\u017ene reakcije. Proizvedeno u Velikoj Britaniji. Adresa: 12 Milner St., London, SW3 2PU<\/p>\n","protected":false},"excerpt":{"rendered":"<p>Komplet sadr\u017ei dvije rashladne \u010darape.<\/p>\n","protected":false},"featured_media":96631,"template":"","meta":{"footnotes":""},"product_brand":[],"product_cat":[5892,5624,5675,5677,5625,5627,5773],"product_tag":[],"class_list":{"0":"post-96624","1":"product","2":"type-product","3":"status-publish","4":"has-post-thumbnail","6":"product_cat-bandaze-hr","7":"product_cat-konj-hr","8":"product_cat-kozmetika-za-konje-hr","9":"product_cat-kozmetika-za-konje-hr-2","10":"product_cat-njega-konja","11":"product_cat-stala-i-pasnjak","12":"product_cat-zastitnici-i-bandaze","14":"first","15":"instock","16":"featured","17":"shipping-taxable","18":"purchasable","19":"product-type-simple"},"yoast_head":"<!-- This site is optimized with the Yoast SEO plugin v27.4 - https:\/\/yoast.com\/product\/yoast-seo-wordpress\/ -->\n<title>\u010carape Equi&#039;n&#039;ice - rashladne - Clair<\/title>\n<meta name=\"description\" content=\"Rashladne \u010darape odli\u010dan su dodatak za prevenciju i kurativu. Jednostavno ih navu\u010dete na konjevu nogu i ostalo obave same. Provjerite ponudu.\" \/>\n<meta name=\"robots\" content=\"index, follow, max-snippet:-1, max-image-preview:large, max-video-preview:-1\" \/>\n<link rel=\"canonical\" href=\"https:\/\/clair.si\/hr\/izdelek\/carape-equi-n-ice-rashladne\/\" \/>\n<meta property=\"og:locale\" content=\"hr_HR\" \/>\n<meta property=\"og:type\" content=\"article\" \/>\n<meta property=\"og:title\" content=\"\u010carape Equi&#039;n&#039;ice - rashladne - Clair\" \/>\n<meta property=\"og:description\" content=\"Rashladne \u010darape odli\u010dan su dodatak za prevenciju i kurativu. Jednostavno ih navu\u010dete na konjevu nogu i ostalo obave same. Provjerite ponudu.\" \/>\n<meta property=\"og:url\" content=\"https:\/\/clair.si\/hr\/izdelek\/carape-equi-n-ice-rashladne\/\" \/>\n<meta property=\"og:site_name\" content=\"Clair\" \/>\n<meta property=\"article:publisher\" content=\"https:\/\/www.facebook.com\/TrgovinaClair\/\" \/>\n<meta property=\"article:modified_time\" content=\"2025-08-27T18:48:01+00:00\" \/>\n<meta property=\"og:image\" content=\"https:\/\/clair.si\/wp-content\/uploads\/2024\/03\/largeIcesock_540x.webp\" \/>\n\t<meta property=\"og:image:width\" content=\"540\" \/>\n\t<meta property=\"og:image:height\" content=\"540\" \/>\n\t<meta property=\"og:image:type\" content=\"image\/webp\" \/>\n<meta name=\"twitter:card\" content=\"summary_large_image\" \/>\n<meta name=\"twitter:label1\" content=\"Procijenjeno vrijeme \u010ditanja\" \/>\n\t<meta name=\"twitter:data1\" content=\"1 minuta\" \/>\n<script type=\"application\/ld+json\" class=\"yoast-schema-graph\">{\"@context\":\"https:\\\/\\\/schema.org\",\"@graph\":[{\"@type\":\"WebPage\",\"@id\":\"https:\\\/\\\/clair.si\\\/hr\\\/izdelek\\\/carape-equi-n-ice-rashladne\\\/\",\"url\":\"https:\\\/\\\/clair.si\\\/hr\\\/izdelek\\\/carape-equi-n-ice-rashladne\\\/\",\"name\":\"\u010carape Equi'n'ice - rashladne - Clair\",\"isPartOf\":{\"@id\":\"https:\\\/\\\/clair.si\\\/#website\"},\"primaryImageOfPage\":{\"@id\":\"https:\\\/\\\/clair.si\\\/hr\\\/izdelek\\\/carape-equi-n-ice-rashladne\\\/#primaryimage\"},\"image\":{\"@id\":\"https:\\\/\\\/clair.si\\\/hr\\\/izdelek\\\/carape-equi-n-ice-rashladne\\\/#primaryimage\"},\"thumbnailUrl\":\"https:\\\/\\\/clair.si\\\/wp-content\\\/uploads\\\/2024\\\/03\\\/largeIcesock_540x.webp\",\"datePublished\":\"2024-03-14T11:11:14+00:00\",\"dateModified\":\"2025-08-27T18:48:01+00:00\",\"description\":\"Rashladne \u010darape odli\u010dan su dodatak za prevenciju i kurativu. Jednostavno ih navu\u010dete na konjevu nogu i ostalo obave same. Provjerite ponudu.\",\"breadcrumb\":{\"@id\":\"https:\\\/\\\/clair.si\\\/hr\\\/izdelek\\\/carape-equi-n-ice-rashladne\\\/#breadcrumb\"},\"inLanguage\":\"hr\",\"potentialAction\":[{\"@type\":\"ReadAction\",\"target\":[\"https:\\\/\\\/clair.si\\\/hr\\\/izdelek\\\/carape-equi-n-ice-rashladne\\\/\"]}]},{\"@type\":\"ImageObject\",\"inLanguage\":\"hr\",\"@id\":\"https:\\\/\\\/clair.si\\\/hr\\\/izdelek\\\/carape-equi-n-ice-rashladne\\\/#primaryimage\",\"url\":\"https:\\\/\\\/clair.si\\\/wp-content\\\/uploads\\\/2024\\\/03\\\/largeIcesock_540x.webp\",\"contentUrl\":\"https:\\\/\\\/clair.si\\\/wp-content\\\/uploads\\\/2024\\\/03\\\/largeIcesock_540x.webp\",\"width\":540,\"height\":540},{\"@type\":\"BreadcrumbList\",\"@id\":\"https:\\\/\\\/clair.si\\\/hr\\\/izdelek\\\/carape-equi-n-ice-rashladne\\\/#breadcrumb\",\"itemListElement\":[{\"@type\":\"ListItem\",\"position\":1,\"name\":\"Home\",\"item\":\"https:\\\/\\\/clair.si\\\/hr\\\/\"},{\"@type\":\"ListItem\",\"position\":2,\"name\":\"Trgovina\",\"item\":\"https:\\\/\\\/clair.si\\\/trgovina\\\/\"},{\"@type\":\"ListItem\",\"position\":3,\"name\":\"\u010carape Equi&#8217;n&#8217;ice &#8211; rashladne\"}]},{\"@type\":\"WebSite\",\"@id\":\"https:\\\/\\\/clair.si\\\/#website\",\"url\":\"https:\\\/\\\/clair.si\\\/\",\"name\":\"Clair\",\"description\":\"Trgovina s konjeni\u0161ko opremo\",\"publisher\":{\"@id\":\"https:\\\/\\\/clair.si\\\/#organization\"},\"potentialAction\":[{\"@type\":\"SearchAction\",\"target\":{\"@type\":\"EntryPoint\",\"urlTemplate\":\"https:\\\/\\\/clair.si\\\/?s={search_term_string}\"},\"query-input\":{\"@type\":\"PropertyValueSpecification\",\"valueRequired\":true,\"valueName\":\"search_term_string\"}}],\"inLanguage\":\"hr\"},{\"@type\":\"Organization\",\"@id\":\"https:\\\/\\\/clair.si\\\/#organization\",\"name\":\"Clair\",\"url\":\"https:\\\/\\\/clair.si\\\/\",\"logo\":{\"@type\":\"ImageObject\",\"inLanguage\":\"hr\",\"@id\":\"https:\\\/\\\/clair.si\\\/#\\\/schema\\\/logo\\\/image\\\/\",\"url\":\"https:\\\/\\\/clair.si\\\/wp-content\\\/uploads\\\/2022\\\/11\\\/clair_logo_2022.jpg\",\"contentUrl\":\"https:\\\/\\\/clair.si\\\/wp-content\\\/uploads\\\/2022\\\/11\\\/clair_logo_2022.jpg\",\"width\":1920,\"height\":1920,\"caption\":\"Clair\"},\"image\":{\"@id\":\"https:\\\/\\\/clair.si\\\/#\\\/schema\\\/logo\\\/image\\\/\"},\"sameAs\":[\"https:\\\/\\\/www.facebook.com\\\/TrgovinaClair\\\/\"]}]}<\/script>\n<!-- \/ Yoast SEO plugin. -->","yoast_head_json":{"title":"\u010carape Equi'n'ice - rashladne - Clair","description":"Rashladne \u010darape odli\u010dan su dodatak za prevenciju i kurativu. Jednostavno ih navu\u010dete na konjevu nogu i ostalo obave same. Provjerite ponudu.","robots":{"index":"index","follow":"follow","max-snippet":"max-snippet:-1","max-image-preview":"max-image-preview:large","max-video-preview":"max-video-preview:-1"},"canonical":"https:\/\/clair.si\/hr\/izdelek\/carape-equi-n-ice-rashladne\/","og_locale":"hr_HR","og_type":"article","og_title":"\u010carape Equi'n'ice - rashladne - Clair","og_description":"Rashladne \u010darape odli\u010dan su dodatak za prevenciju i kurativu. Jednostavno ih navu\u010dete na konjevu nogu i ostalo obave same. Provjerite ponudu.","og_url":"https:\/\/clair.si\/hr\/izdelek\/carape-equi-n-ice-rashladne\/","og_site_name":"Clair","article_publisher":"https:\/\/www.facebook.com\/TrgovinaClair\/","article_modified_time":"2025-08-27T18:48:01+00:00","og_image":[{"width":540,"height":540,"url":"https:\/\/clair.si\/wp-content\/uploads\/2024\/03\/largeIcesock_540x.webp","type":"image\/webp"}],"twitter_card":"summary_large_image","twitter_misc":{"Procijenjeno vrijeme \u010ditanja":"1 minuta"},"schema":{"@context":"https:\/\/schema.org","@graph":[{"@type":"WebPage","@id":"https:\/\/clair.si\/hr\/izdelek\/carape-equi-n-ice-rashladne\/","url":"https:\/\/clair.si\/hr\/izdelek\/carape-equi-n-ice-rashladne\/","name":"\u010carape Equi'n'ice - rashladne - Clair","isPartOf":{"@id":"https:\/\/clair.si\/#website"},"primaryImageOfPage":{"@id":"https:\/\/clair.si\/hr\/izdelek\/carape-equi-n-ice-rashladne\/#primaryimage"},"image":{"@id":"https:\/\/clair.si\/hr\/izdelek\/carape-equi-n-ice-rashladne\/#primaryimage"},"thumbnailUrl":"https:\/\/clair.si\/wp-content\/uploads\/2024\/03\/largeIcesock_540x.webp","datePublished":"2024-03-14T11:11:14+00:00","dateModified":"2025-08-27T18:48:01+00:00","description":"Rashladne \u010darape odli\u010dan su dodatak za prevenciju i kurativu. Jednostavno ih navu\u010dete na konjevu nogu i ostalo obave same. Provjerite ponudu.","breadcrumb":{"@id":"https:\/\/clair.si\/hr\/izdelek\/carape-equi-n-ice-rashladne\/#breadcrumb"},"inLanguage":"hr","potentialAction":[{"@type":"ReadAction","target":["https:\/\/clair.si\/hr\/izdelek\/carape-equi-n-ice-rashladne\/"]}]},{"@type":"ImageObject","inLanguage":"hr","@id":"https:\/\/clair.si\/hr\/izdelek\/carape-equi-n-ice-rashladne\/#primaryimage","url":"https:\/\/clair.si\/wp-content\/uploads\/2024\/03\/largeIcesock_540x.webp","contentUrl":"https:\/\/clair.si\/wp-content\/uploads\/2024\/03\/largeIcesock_540x.webp","width":540,"height":540},{"@type":"BreadcrumbList","@id":"https:\/\/clair.si\/hr\/izdelek\/carape-equi-n-ice-rashladne\/#breadcrumb","itemListElement":[{"@type":"ListItem","position":1,"name":"Home","item":"https:\/\/clair.si\/hr\/"},{"@type":"ListItem","position":2,"name":"Trgovina","item":"https:\/\/clair.si\/trgovina\/"},{"@type":"ListItem","position":3,"name":"\u010carape Equi&#8217;n&#8217;ice &#8211; rashladne"}]},{"@type":"WebSite","@id":"https:\/\/clair.si\/#website","url":"https:\/\/clair.si\/","name":"Clair","description":"Trgovina s konjeni\u0161ko opremo","publisher":{"@id":"https:\/\/clair.si\/#organization"},"potentialAction":[{"@type":"SearchAction","target":{"@type":"EntryPoint","urlTemplate":"https:\/\/clair.si\/?s={search_term_string}"},"query-input":{"@type":"PropertyValueSpecification","valueRequired":true,"valueName":"search_term_string"}}],"inLanguage":"hr"},{"@type":"Organization","@id":"https:\/\/clair.si\/#organization","name":"Clair","url":"https:\/\/clair.si\/","logo":{"@type":"ImageObject","inLanguage":"hr","@id":"https:\/\/clair.si\/#\/schema\/logo\/image\/","url":"https:\/\/clair.si\/wp-content\/uploads\/2022\/11\/clair_logo_2022.jpg","contentUrl":"https:\/\/clair.si\/wp-content\/uploads\/2022\/11\/clair_logo_2022.jpg","width":1920,"height":1920,"caption":"Clair"},"image":{"@id":"https:\/\/clair.si\/#\/schema\/logo\/image\/"},"sameAs":["https:\/\/www.facebook.com\/TrgovinaClair\/"]}]}},"_links":{"self":[{"href":"https:\/\/clair.si\/hr\/wp-json\/wp\/v2\/product\/96624","targetHints":{"allow":["GET"]}}],"collection":[{"href":"https:\/\/clair.si\/hr\/wp-json\/wp\/v2\/product"}],"about":[{"href":"https:\/\/clair.si\/hr\/wp-json\/wp\/v2\/types\/product"}],"version-history":[{"count":0,"href":"https:\/\/clair.si\/hr\/wp-json\/wp\/v2\/product\/96624\/revisions"}],"wp:featuredmedia":[{"embeddable":true,"href":"https:\/\/clair.si\/hr\/wp-json\/wp\/v2\/media\/96631"}],"wp:attachment":[{"href":"https:\/\/clair.si\/hr\/wp-json\/wp\/v2\/media?parent=96624"}],"wp:term":[{"taxonomy":"product_brand","embeddable":true,"href":"https:\/\/clair.si\/hr\/wp-json\/wp\/v2\/product_brand?post=96624"},{"taxonomy":"product_cat","embeddable":true,"href":"https:\/\/clair.si\/hr\/wp-json\/wp\/v2\/product_cat?post=96624"},{"taxonomy":"product_tag","embeddable":true,"href":"https:\/\/clair.si\/hr\/wp-json\/wp\/v2\/product_tag?post=96624"}],"curies":[{"name":"wp","href":"https:\/\/api.w.org\/{rel}","templated":true}]}}