{"id":96640,"date":"2024-03-14T11:56:47","date_gmt":"2024-03-14T10:56:47","guid":{"rendered":"https:\/\/clair.si\/izdelek\/equi-n-ice-rashladni-zavoji\/"},"modified":"2025-08-27T20:47:58","modified_gmt":"2025-08-27T18:47:58","slug":"equi-n-ice-rashladni-zavoji","status":"publish","type":"product","link":"https:\/\/clair.si\/hr\/izdelek\/equi-n-ice-rashladni-zavoji\/","title":{"rendered":"Equi&#8217;n&#8217;ice rashladni povoji"},"content":{"rendered":"<p><strong>Equi-N-ice rashladni povoj za vi\u0161ekratnu upotrebu. <\/strong><\/p>\n<p>Trenutno hladno lije\u010denje. Smanjuje upale i udarnine. Obra\u0111uje problemati\u010dna podru\u010dja, koljena i sko\u010dni zglob. Zajam\u010deno br\u017ei oporavak va\u0161eg konja. Preporu\u010duje se za hla\u0111enje nakon rada. Equi-N-ice rashladni povoj osigurava hla\u0111enje isparavanjem. <strong>Klini\u010dki dokazano smanjuje temperaturu dvostruko u\u010dinkovitije<\/strong> od ostalih krioterapija, jer odvodi toplinu, umjesto da poku\u0161ava prisiliti hladno\u0107u, stoga osigurava u\u010dinkovitiju i jednostavniju alternativu ledenim oblozima i drugim tehnikama, koje omogu\u0107uju ekstremnim temperaturama da do\u0111u u kontakt s nogom i potencijalno uzrokuju bol ili o\u0161te\u0107enje tkiva.     <\/p>\n<p><strong>Sadr\u017eaj: Jedan pamu\u010dni povoj za vi\u0161ekratnu upotrebu, tretiran rashladnom teku\u0107inom Equi-N-lce. <\/strong><\/p>\n<p> <strong>Njega:<\/strong> Equi-N-ice banda\u017ee \u010duvajte u originalnom pakiranju koje se mo\u017ee ponovno zatvoriti. Ne zahtijeva hla\u0111enje. Ako se povoj osu\u0161i, operite ga u perilici na hladnom ciklusu, osu\u0161ite i vratite u ambala\u017eu, te je napunite s Equl-N-Ice Coolant Recharge teku\u0107inom (prodaje se zasebno).  <\/p>\n<p> <strong>Sastojci:<\/strong> pro\u010di\u0161\u0107ena voda, etanol, glicerin, mentil laktat. Uporaba: &#8211; Otvorite vre\u0107icu iznad crte za ponovno zatvaranje, gdje je ozna\u010deno. &#8211; Izvucite povoj i stisnite ga da uklonite suvi\u0161nu teku\u0107inu. &#8211; Fiksno omotajte povoj oko noge, pri \u010demu slijedite pravilne postupke omatanja. Ako niste iskusni u omatanju konjskih nogu, posavjetujte se s nekim tko ima iskustva. &#8211; Ne preklapajte povoj za vi\u0161e od tre\u0107ine. Time \u0107ete smanjiti sposobnost isparavanja rashladne teku\u0107ine. &#8211; Pri\u010dvrstite povoj samoljepljivom trakom. &#8211; Za najbolje rezultate ostavite povoj da djeluje najmanje 20 minuta. Povoj \u0107e ostati hladan do 2 sata nakon nano\u0161enja. &#8211; Uklonite povoj i smotani povoj vratite u vre\u0107icu koju je mogu\u0107e ponovno zatvoriti i dolijte 80 ml rashladne teku\u0107ine. &#8211; Provjerite je li brtveni rub dobro zatvoren, jer \u0107ete tako sprije\u010diti da se povoj osu\u0161i. Posebni sigurnosni ukrepi: Samo za vanjsku uporabu. Ne nanositi na o\u010di ili usta. \u010cuvati izvan dohvata djece. Ako rashladnu teku\u0107inu progutate, odmah potra\u017eite lije\u010dni\u010dku pomo\u0107. Ne koristiti s bilo kojim drugim omotom ili zavojem                <\/p>\n","protected":false},"excerpt":{"rendered":"<p><strong>U kompletu jedna banda\u017ea.<\/strong><\/p>\n","protected":false},"featured_media":96643,"template":"","meta":{"footnotes":""},"product_brand":[],"product_cat":[5892,5624,5677,5675,5625,5627,5680],"product_tag":[],"class_list":{"0":"post-96640","1":"product","2":"type-product","3":"status-publish","4":"has-post-thumbnail","6":"product_cat-bandaze-hr","7":"product_cat-konj-hr","8":"product_cat-kozmetika-za-konje-hr-2","9":"product_cat-kozmetika-za-konje-hr","10":"product_cat-njega-konja","11":"product_cat-stala-i-pasnjak","12":"product_cat-zdravlje-i-dobrobit","14":"first","15":"instock","16":"featured","17":"shipping-taxable","18":"purchasable","19":"product-type-simple"},"yoast_head":"<!-- This site is optimized with the Yoast SEO plugin v27.4 - https:\/\/yoast.com\/product\/yoast-seo-wordpress\/ -->\n<title>Equi&#039;n&#039;ice rashladni povoji - Clair<\/title>\n<meta name=\"description\" content=\"Odli\u010dan izbor kod ozljeda konjskih nogu kojima je potrebno hla\u0111enje, jer vam \u010darape ili banda\u017ee olak\u0161avaju posao. Izaberite svoje u na\u0161oj web trgovini.\" \/>\n<meta name=\"robots\" content=\"index, follow, max-snippet:-1, max-image-preview:large, max-video-preview:-1\" \/>\n<link rel=\"canonical\" href=\"https:\/\/clair.si\/hr\/izdelek\/equi-n-ice-rashladni-zavoji\/\" \/>\n<meta property=\"og:locale\" content=\"hr_HR\" \/>\n<meta property=\"og:type\" content=\"article\" \/>\n<meta property=\"og:title\" content=\"Equi&#039;n&#039;ice rashladni povoji - Clair\" \/>\n<meta property=\"og:description\" content=\"Odli\u010dan izbor kod ozljeda konjskih nogu kojima je potrebno hla\u0111enje, jer vam \u010darape ili banda\u017ee olak\u0161avaju posao. Izaberite svoje u na\u0161oj web trgovini.\" \/>\n<meta property=\"og:url\" content=\"https:\/\/clair.si\/hr\/izdelek\/equi-n-ice-rashladni-zavoji\/\" \/>\n<meta property=\"og:site_name\" content=\"Clair\" \/>\n<meta property=\"article:publisher\" content=\"https:\/\/www.facebook.com\/TrgovinaClair\/\" \/>\n<meta property=\"article:modified_time\" content=\"2025-08-27T18:47:58+00:00\" \/>\n<meta property=\"og:image\" content=\"https:\/\/clair.si\/wp-content\/uploads\/2024\/03\/bandaza-1-jpg.webp\" \/>\n\t<meta property=\"og:image:width\" content=\"800\" \/>\n\t<meta property=\"og:image:height\" content=\"800\" \/>\n\t<meta property=\"og:image:type\" content=\"image\/jpeg\" \/>\n<meta name=\"twitter:card\" content=\"summary_large_image\" \/>\n<meta name=\"twitter:label1\" content=\"Procijenjeno vrijeme \u010ditanja\" \/>\n\t<meta name=\"twitter:data1\" content=\"2 minute\" \/>\n<script type=\"application\/ld+json\" class=\"yoast-schema-graph\">{\"@context\":\"https:\\\/\\\/schema.org\",\"@graph\":[{\"@type\":\"WebPage\",\"@id\":\"https:\\\/\\\/clair.si\\\/hr\\\/izdelek\\\/equi-n-ice-rashladni-zavoji\\\/\",\"url\":\"https:\\\/\\\/clair.si\\\/hr\\\/izdelek\\\/equi-n-ice-rashladni-zavoji\\\/\",\"name\":\"Equi'n'ice rashladni povoji - Clair\",\"isPartOf\":{\"@id\":\"https:\\\/\\\/clair.si\\\/#website\"},\"primaryImageOfPage\":{\"@id\":\"https:\\\/\\\/clair.si\\\/hr\\\/izdelek\\\/equi-n-ice-rashladni-zavoji\\\/#primaryimage\"},\"image\":{\"@id\":\"https:\\\/\\\/clair.si\\\/hr\\\/izdelek\\\/equi-n-ice-rashladni-zavoji\\\/#primaryimage\"},\"thumbnailUrl\":\"https:\\\/\\\/clair.si\\\/wp-content\\\/uploads\\\/2024\\\/03\\\/bandaza-1-jpg.webp\",\"datePublished\":\"2024-03-14T10:56:47+00:00\",\"dateModified\":\"2025-08-27T18:47:58+00:00\",\"description\":\"Odli\u010dan izbor kod ozljeda konjskih nogu kojima je potrebno hla\u0111enje, jer vam \u010darape ili banda\u017ee olak\u0161avaju posao. Izaberite svoje u na\u0161oj web trgovini.\",\"breadcrumb\":{\"@id\":\"https:\\\/\\\/clair.si\\\/hr\\\/izdelek\\\/equi-n-ice-rashladni-zavoji\\\/#breadcrumb\"},\"inLanguage\":\"hr\",\"potentialAction\":[{\"@type\":\"ReadAction\",\"target\":[\"https:\\\/\\\/clair.si\\\/hr\\\/izdelek\\\/equi-n-ice-rashladni-zavoji\\\/\"]}]},{\"@type\":\"ImageObject\",\"inLanguage\":\"hr\",\"@id\":\"https:\\\/\\\/clair.si\\\/hr\\\/izdelek\\\/equi-n-ice-rashladni-zavoji\\\/#primaryimage\",\"url\":\"https:\\\/\\\/clair.si\\\/wp-content\\\/uploads\\\/2024\\\/03\\\/bandaza-1-jpg.webp\",\"contentUrl\":\"https:\\\/\\\/clair.si\\\/wp-content\\\/uploads\\\/2024\\\/03\\\/bandaza-1-jpg.webp\",\"width\":800,\"height\":800},{\"@type\":\"BreadcrumbList\",\"@id\":\"https:\\\/\\\/clair.si\\\/hr\\\/izdelek\\\/equi-n-ice-rashladni-zavoji\\\/#breadcrumb\",\"itemListElement\":[{\"@type\":\"ListItem\",\"position\":1,\"name\":\"Home\",\"item\":\"https:\\\/\\\/clair.si\\\/hr\\\/\"},{\"@type\":\"ListItem\",\"position\":2,\"name\":\"Trgovina\",\"item\":\"https:\\\/\\\/clair.si\\\/trgovina\\\/\"},{\"@type\":\"ListItem\",\"position\":3,\"name\":\"Equi&#8217;n&#8217;ice rashladni povoji\"}]},{\"@type\":\"WebSite\",\"@id\":\"https:\\\/\\\/clair.si\\\/#website\",\"url\":\"https:\\\/\\\/clair.si\\\/\",\"name\":\"Clair\",\"description\":\"Trgovina s konjeni\u0161ko opremo\",\"publisher\":{\"@id\":\"https:\\\/\\\/clair.si\\\/#organization\"},\"potentialAction\":[{\"@type\":\"SearchAction\",\"target\":{\"@type\":\"EntryPoint\",\"urlTemplate\":\"https:\\\/\\\/clair.si\\\/?s={search_term_string}\"},\"query-input\":{\"@type\":\"PropertyValueSpecification\",\"valueRequired\":true,\"valueName\":\"search_term_string\"}}],\"inLanguage\":\"hr\"},{\"@type\":\"Organization\",\"@id\":\"https:\\\/\\\/clair.si\\\/#organization\",\"name\":\"Clair\",\"url\":\"https:\\\/\\\/clair.si\\\/\",\"logo\":{\"@type\":\"ImageObject\",\"inLanguage\":\"hr\",\"@id\":\"https:\\\/\\\/clair.si\\\/#\\\/schema\\\/logo\\\/image\\\/\",\"url\":\"https:\\\/\\\/clair.si\\\/wp-content\\\/uploads\\\/2022\\\/11\\\/clair_logo_2022.jpg\",\"contentUrl\":\"https:\\\/\\\/clair.si\\\/wp-content\\\/uploads\\\/2022\\\/11\\\/clair_logo_2022.jpg\",\"width\":1920,\"height\":1920,\"caption\":\"Clair\"},\"image\":{\"@id\":\"https:\\\/\\\/clair.si\\\/#\\\/schema\\\/logo\\\/image\\\/\"},\"sameAs\":[\"https:\\\/\\\/www.facebook.com\\\/TrgovinaClair\\\/\"]}]}<\/script>\n<!-- \/ Yoast SEO plugin. -->","yoast_head_json":{"title":"Equi'n'ice rashladni povoji - Clair","description":"Odli\u010dan izbor kod ozljeda konjskih nogu kojima je potrebno hla\u0111enje, jer vam \u010darape ili banda\u017ee olak\u0161avaju posao. Izaberite svoje u na\u0161oj web trgovini.","robots":{"index":"index","follow":"follow","max-snippet":"max-snippet:-1","max-image-preview":"max-image-preview:large","max-video-preview":"max-video-preview:-1"},"canonical":"https:\/\/clair.si\/hr\/izdelek\/equi-n-ice-rashladni-zavoji\/","og_locale":"hr_HR","og_type":"article","og_title":"Equi'n'ice rashladni povoji - Clair","og_description":"Odli\u010dan izbor kod ozljeda konjskih nogu kojima je potrebno hla\u0111enje, jer vam \u010darape ili banda\u017ee olak\u0161avaju posao. Izaberite svoje u na\u0161oj web trgovini.","og_url":"https:\/\/clair.si\/hr\/izdelek\/equi-n-ice-rashladni-zavoji\/","og_site_name":"Clair","article_publisher":"https:\/\/www.facebook.com\/TrgovinaClair\/","article_modified_time":"2025-08-27T18:47:58+00:00","og_image":[{"width":800,"height":800,"url":"https:\/\/clair.si\/wp-content\/uploads\/2024\/03\/bandaza-1-jpg.webp","type":"image\/jpeg"}],"twitter_card":"summary_large_image","twitter_misc":{"Procijenjeno vrijeme \u010ditanja":"2 minute"},"schema":{"@context":"https:\/\/schema.org","@graph":[{"@type":"WebPage","@id":"https:\/\/clair.si\/hr\/izdelek\/equi-n-ice-rashladni-zavoji\/","url":"https:\/\/clair.si\/hr\/izdelek\/equi-n-ice-rashladni-zavoji\/","name":"Equi'n'ice rashladni povoji - Clair","isPartOf":{"@id":"https:\/\/clair.si\/#website"},"primaryImageOfPage":{"@id":"https:\/\/clair.si\/hr\/izdelek\/equi-n-ice-rashladni-zavoji\/#primaryimage"},"image":{"@id":"https:\/\/clair.si\/hr\/izdelek\/equi-n-ice-rashladni-zavoji\/#primaryimage"},"thumbnailUrl":"https:\/\/clair.si\/wp-content\/uploads\/2024\/03\/bandaza-1-jpg.webp","datePublished":"2024-03-14T10:56:47+00:00","dateModified":"2025-08-27T18:47:58+00:00","description":"Odli\u010dan izbor kod ozljeda konjskih nogu kojima je potrebno hla\u0111enje, jer vam \u010darape ili banda\u017ee olak\u0161avaju posao. Izaberite svoje u na\u0161oj web trgovini.","breadcrumb":{"@id":"https:\/\/clair.si\/hr\/izdelek\/equi-n-ice-rashladni-zavoji\/#breadcrumb"},"inLanguage":"hr","potentialAction":[{"@type":"ReadAction","target":["https:\/\/clair.si\/hr\/izdelek\/equi-n-ice-rashladni-zavoji\/"]}]},{"@type":"ImageObject","inLanguage":"hr","@id":"https:\/\/clair.si\/hr\/izdelek\/equi-n-ice-rashladni-zavoji\/#primaryimage","url":"https:\/\/clair.si\/wp-content\/uploads\/2024\/03\/bandaza-1-jpg.webp","contentUrl":"https:\/\/clair.si\/wp-content\/uploads\/2024\/03\/bandaza-1-jpg.webp","width":800,"height":800},{"@type":"BreadcrumbList","@id":"https:\/\/clair.si\/hr\/izdelek\/equi-n-ice-rashladni-zavoji\/#breadcrumb","itemListElement":[{"@type":"ListItem","position":1,"name":"Home","item":"https:\/\/clair.si\/hr\/"},{"@type":"ListItem","position":2,"name":"Trgovina","item":"https:\/\/clair.si\/trgovina\/"},{"@type":"ListItem","position":3,"name":"Equi&#8217;n&#8217;ice rashladni povoji"}]},{"@type":"WebSite","@id":"https:\/\/clair.si\/#website","url":"https:\/\/clair.si\/","name":"Clair","description":"Trgovina s konjeni\u0161ko opremo","publisher":{"@id":"https:\/\/clair.si\/#organization"},"potentialAction":[{"@type":"SearchAction","target":{"@type":"EntryPoint","urlTemplate":"https:\/\/clair.si\/?s={search_term_string}"},"query-input":{"@type":"PropertyValueSpecification","valueRequired":true,"valueName":"search_term_string"}}],"inLanguage":"hr"},{"@type":"Organization","@id":"https:\/\/clair.si\/#organization","name":"Clair","url":"https:\/\/clair.si\/","logo":{"@type":"ImageObject","inLanguage":"hr","@id":"https:\/\/clair.si\/#\/schema\/logo\/image\/","url":"https:\/\/clair.si\/wp-content\/uploads\/2022\/11\/clair_logo_2022.jpg","contentUrl":"https:\/\/clair.si\/wp-content\/uploads\/2022\/11\/clair_logo_2022.jpg","width":1920,"height":1920,"caption":"Clair"},"image":{"@id":"https:\/\/clair.si\/#\/schema\/logo\/image\/"},"sameAs":["https:\/\/www.facebook.com\/TrgovinaClair\/"]}]}},"_links":{"self":[{"href":"https:\/\/clair.si\/hr\/wp-json\/wp\/v2\/product\/96640","targetHints":{"allow":["GET"]}}],"collection":[{"href":"https:\/\/clair.si\/hr\/wp-json\/wp\/v2\/product"}],"about":[{"href":"https:\/\/clair.si\/hr\/wp-json\/wp\/v2\/types\/product"}],"version-history":[{"count":0,"href":"https:\/\/clair.si\/hr\/wp-json\/wp\/v2\/product\/96640\/revisions"}],"wp:featuredmedia":[{"embeddable":true,"href":"https:\/\/clair.si\/hr\/wp-json\/wp\/v2\/media\/96643"}],"wp:attachment":[{"href":"https:\/\/clair.si\/hr\/wp-json\/wp\/v2\/media?parent=96640"}],"wp:term":[{"taxonomy":"product_brand","embeddable":true,"href":"https:\/\/clair.si\/hr\/wp-json\/wp\/v2\/product_brand?post=96640"},{"taxonomy":"product_cat","embeddable":true,"href":"https:\/\/clair.si\/hr\/wp-json\/wp\/v2\/product_cat?post=96640"},{"taxonomy":"product_tag","embeddable":true,"href":"https:\/\/clair.si\/hr\/wp-json\/wp\/v2\/product_tag?post=96640"}],"curies":[{"name":"wp","href":"https:\/\/api.w.org\/{rel}","templated":true}]}}