{"id":96679,"date":"2024-02-21T12:33:38","date_gmt":"2024-02-21T11:33:38","guid":{"rendered":"https:\/\/clair.si\/izdelek\/marstall-fohlen-milchpulver-mlijeko-za-zdrijebe\/"},"modified":"2025-08-28T19:46:11","modified_gmt":"2025-08-28T17:46:11","slug":"marstall-fohlen-milchpulver-mlijeko-za-zdrijebe","status":"publish","type":"product","link":"https:\/\/clair.si\/hr\/izdelek\/marstall-fohlen-milchpulver-mlijeko-za-zdrijebe\/","title":{"rendered":"Marstall Fohlen-Milchpulver mlijeko za \u017edrijebe"},"content":{"rendered":"<p><strong>Marstall Fohlen-Milchpulver mlijeko za \u017edrijebe<\/strong> je mlijeko <span class=\"HwtZe\" lang=\"sl\"><span class=\"jCAhz ChMk0b\"><span class=\"ryNqvb\">u prahu koje savr\u0161eno dopunjuje ili u potpunosti zamjenjuje kobilje mlijeko.<\/span><\/span><\/span><\/p>\n<p><span class=\"HwtZe\" lang=\"sl\"><strong><span class=\"jCAhz ChMk0b\"><span class=\"ryNqvb\">Recept sadr\u017ei dodatne koli\u010dine lizina, vitamina C i bakra.<\/span><\/span><\/strong> <span class=\"jCAhz ChMk0b\"><span class=\"ryNqvb\">Mlijeko u prahu za \u017edrijebe Marstall <strong>osigurava \u017edrebetu koje si\u0161e sva va\u017ena hranjiva.<\/strong><\/span><\/span> <span class=\"jCAhz ChMk0b\"><span class=\"ryNqvb\">Ako mati kobila daje malo ili nimalo mlijeka, ne prihva\u0107a svoje \u017edrijebe ili \u010dak ugine tijekom poroda, mlijeko u prahu Marstall je potpuna zamjena za mlijeko.<\/span><\/span> <\/span><\/p>\n<p><span class=\"HwtZe\" lang=\"sl\"><span class=\"jCAhz ChMk0b\"><span class=\"ryNqvb\">Sastav je prilago\u0111en sastojcima prirodnog kobiljeg mlijeka prema najnovijim znanstvenim spoznajama.<\/span><\/span> <span class=\"jCAhz ChMk0b\"><span class=\"ryNqvb\">Mlijeko u prahu Marstall bogato je laktozom, lizinom i vitaminom C. Zaokru\u017eeno visokim udjelom bakra, koji <strong>podr\u017eava normalan razvoj zglobova<\/strong>, mlijeko u prahu je visokokvalitetna zamjena za mlijeko koju \u017edrijebe lako prihva\u0107a.<\/span><\/span> <\/span><\/p>\n<p><span class=\"HwtZe\" lang=\"sl\"><span class=\"jCAhz ChMk0b\"><span class=\"ryNqvb\"><strong>Sastav Marstall mlijeka u prahu za \u017edrijebe: <\/strong><em>Obrano mlijeko u prahu (48,00%), sirutka u prahu (32,50%), biljna mast (rafinirana palmova, kokosova) (10,50%), glukoza (5,00%), kalcijev format (1,50%), laneno ulje (0,50%), posebna premje\u0161avina lizina, vitamina i elemenata u tragovima (2,00%).<\/em><\/span><\/span><\/span><\/p>\n<p><strong>Upute o koli\u010dini i pripremi zamjene za mlijeko prilo\u017eene su uz vre\u0107u.<\/strong><\/p>\n<p><strong>10 Marstall savjeta za hranjenje i uzgoj \u017edrebeta bez majke:<\/strong><\/p>\n<p>Fohlen-Milchpulver i plan hranjenja prilago\u0111eni su prema najnovijim znanstvenim spoznajama koli\u010dini mlijeka tijekom laktacije i sastavu kobiljeg mlijeka. U usporedbi s prirodnim uzgojem, \u017edrijebe dobiva sve potrebno s Marstall Fohlen-Milchpulver! Fohlen-Milchpulver, bogat laktozom, lizinom i vitaminom C, itd., usporediv je s prirodnom, prvom hranom dojenog \u017edrebeta. Sadr\u017ei visoku zalihu bakra, za koji je dokazano da sprje\u010dava kru\u0161enje\/o\u0161te\u0107enje zglobova. Fohlen-Milchpulver je visokokvalitetan proizvod, koristan nadomjestak mlijeka, koji \u017edrijebe lako prihva\u0107a.<\/p>\n<p>&nbsp;<\/p>\n<ol>\n<li>Koli\u010dina hranjenja: Pri uzgoju bez majke, ukupna koli\u010dina pi\u0107a u 24 sata na po\u010detku ne smije prelaziti 10% tjelesne te\u017eine. Me\u0111utim, u razdoblju aklimatizacije od 10 dana mo\u017ee se konzumirati do 20 &#8211; 25% tjelesne te\u017eine. Plan hranjenja Marstall uzima u obzir ovo pravilo.<\/li>\n<\/ol>\n<p>&nbsp;<\/p>\n<ol start=\"2\">\n<li>U\u010destalost hranjenja: U\u010destalost hranjenja ovisi o dobi i stanju \u017edrebeta. U 1. tjednu \u017eivota \u017edrijebe treba hraniti svaka 2 sata, s najvi\u0161e 4 sata odmora no\u0107u. U 2. tjednu \u017eivota \u017edrijebe treba bo\u010dicu samo svaka 3-4 sata. No\u0107ni odmori ne smiju prelaziti 6 sati. Op\u0107enito: \u0161to je \u017edrijebe slabije, to ga je potrebno \u010de\u0161\u0107e hraniti u malim koli\u010dinama.<\/li>\n<\/ol>\n<p>&nbsp;<\/p>\n<ol start=\"3\">\n<li>Kobilji izmet (vitamini B): Obi\u010dno \u017edrijebe spontano konzumira ne\u0161to svje\u017eeg kobiljeg izmeta kako bi svoju crijevnu floru \u00bbcijepilo\u00ab pravim mikrobima i opskrbilo ih vitaminima B. Kod \u017edrebeta koja se uzgajaju bez majke, mladoj \u017eivotinji treba ponuditi svje\u017ee odvojeni izmet zdravog, odraslog konja. Osim toga, Marstall Fohlen-Milchpulver osigurava \u017edrebetu potrebne B-vitamine.<\/li>\n<\/ol>\n<p>&nbsp;<\/p>\n<ol start=\"4\">\n<li>Dru\u0161tveni kontakti: Posebno kod \u017edrebeta koja se hrane bez majke, treba osigurati da su uklju\u010dena u stado ve\u0107 u ranoj fazi, gdje mogu nau\u010diti socijalno pona\u0161anje i vje\u0161tine.<\/li>\n<\/ol>\n<p>&nbsp;<\/p>\n<ol start=\"5\">\n<li>Kretanje: Bez obzira je li \u017edrijebe bez majke ili ne, slobodno neometano kretanje (\u010dak i u zimskim mjesecima!) najbolji je i najva\u017eniji preduvjet za zdrav razvoj cijelog sustava za potporu dr\u017eanja, odnosno za fleksibilne mi\u0161i\u0107e, ligamente i zglobove!<\/li>\n<\/ol>\n<p>&nbsp;<\/p>\n<ol start=\"6\">\n<li>Odbijanje: Budu\u0107i da se \u017edrijebe koja se hrane bez majke obi\u010dno odbijaju ranije (3. &#8211; 5. mjesec) zbog tro\u0161kova i prakti\u010dnosti, treba ih \u0161to prije naviknuti na koncentriranu hranu. Stoga ih je potrebno naviknuti na visokokvalitetni starter za \u017edrijebe ve\u0107 od 2. tjedna \u017eivota. Sam zdrobljeni zob ne zadovoljava visoke zahtjeve za potrebnom koli\u010dinom i kvalitetom proteina. \u017ddrijebe se op\u0107enito smije odbiti tek kada je dobro razvijeno i apsorbira dovoljne koli\u010dine vlakana i startera\/\u017eitarica. Za normalno rastu\u0107e toplokrvno \u017edrijebe (3. &#8211; 5. mjesec) s cca. 160\u2013240 kg to bi bilo otprilike 1,5\u20132 kg startera\/m\u00fceslija dnevno. Osim toga, odbijanje mora biti sporo i kontinuirano. Stoga nemojte prebrzo smanjivati dnevne koli\u010dine mlijeka\/obroka!<\/li>\n<\/ol>\n<p>&nbsp;<\/p>\n<ol start=\"7\">\n<li>Krma: \u017edrijebe po\u010dinje konzumirati suhu krmu ve\u0107 u prvim danima svog \u017eivota. Travno i mlado lisnato livadno sijeno stoga mora biti dostupno ve\u0107 u 1. tjednu \u017eivota.<\/li>\n<\/ol>\n<p>&nbsp;<\/p>\n<ol start=\"8\">\n<li>Starter za \u017edrijebe: nedavne studije su pokazale da \u017edrijebe konzumira manje dopunske hrane nego \u0161to se prije pretpostavljalo (Mack, 2008). Stoga starter mora biti vrlo koncentriran i visoko probavljiv te sadr\u017eavati kvalitetne proteinske sastojke s visokim udjelom potrebnih aminokiselina.<\/li>\n<\/ol>\n<p>&nbsp;<\/p>\n<ol start=\"9\">\n<li>Minerali: Uravnote\u017eena opskrba kalcijem, fosforom, bakrom, cinkom, manganom i selenom nu\u017ena je za sprje\u010davanje razvojnih poreme\u0107aja! Visokokvalitetni starteri vrlo dobro pokrivaju zahtjeve. Samo pre\u0161ani zob ovdje nije dovoljan! Po svaku cijenu treba izbjegavati nekontrolirani pristup lizalnim kamenima! Mineralnu hranu ne smije se hraniti u slobodnom izboru.<\/li>\n<\/ol>\n<p>&nbsp;<\/p>\n<ol start=\"10\">\n<li>Voda: Za rani razvoj potrebno je davati vodu zajedno s dopunskom hranom od 2. tjedna \u017eivota. Mo\u017ee biti dostupna u slobodnom izboru.<\/li>\n<\/ol>\n","protected":false},"excerpt":{"rendered":"<p><strong>Za ovaj proizvod se zbog dimenzija ili te\u017eine obra\u010dunavaju dodatni tro\u0161kovi slanja u iznosu od 15 \u20ac \/ kom.<\/strong><\/p>\n<p>&nbsp;<\/p>\n<p><strong><span class=\"HwtZe\" lang=\"sl\"><span class=\"jCAhz ChMk0b\"><span class=\"ryNqvb\">Visokokvalitetno mlijeko u prahu<\/span><\/span> za \u017edrijebe<\/span><\/strong><\/p>\n<ul>\n<li><span class=\"HwtZe\" lang=\"sl\"><span class=\"jCAhz ChMk0b\"><span class=\"ryNqvb\">visokokvalitetno nastavak mlijeko u prahu<\/span><\/span> <\/span><\/li>\n<li><span class=\"HwtZe\" lang=\"sl\"><span class=\"jCAhz ChMk0b\"><span class=\"ryNqvb\">s dodatnim lizinom, vitaminom C i bakrom<\/span><\/span> <\/span><\/li>\n<\/ul>\n<p><strong>Koli\u010dina: 20 kg<\/strong><\/p>\n","protected":false},"featured_media":96683,"template":"","meta":{"footnotes":""},"product_brand":[],"product_cat":[5710,6089,5712,6249],"product_tag":[],"class_list":{"0":"post-96679","1":"product","2":"type-product","3":"status-publish","4":"has-post-thumbnail","6":"product_cat-hrana-za-konje-hr","7":"product_cat-marstall-hr","8":"product_cat-prehrambeni-dodaci","9":"product_cat-za-uzgoj","10":"product_shipping_class-marstall-hr","12":"first","13":"outofstock","14":"sale","15":"shipping-taxable","16":"purchasable","17":"product-type-simple"},"yoast_head":"<!-- This site is optimized with the Yoast SEO plugin v27.4 - https:\/\/yoast.com\/product\/yoast-seo-wordpress\/ -->\n<title>Marstall Fohlen-Milchpulver mlijeko za \u017edrijebe - Clair<\/title>\n<meta name=\"description\" content=\"Za ovaj proizvod se zbog dimenzija ili te\u017eine obra\u010dunavaju dodatni tro\u0161kovi slanja u iznosu od 15 \u20ac \/ kom.  &nbsp;  Visokokvalitetno mlijeko u prahu za \u017edrijebe   visokokvalitetno nastavak mlijeko u prahu   s dodatnim lizinom, vitaminom C i bakrom   Koli\u010dina: 20 kg\" \/>\n<meta name=\"robots\" content=\"index, follow, max-snippet:-1, max-image-preview:large, max-video-preview:-1\" \/>\n<link rel=\"canonical\" href=\"https:\/\/clair.si\/hr\/izdelek\/marstall-fohlen-milchpulver-mlijeko-za-zdrijebe\/\" \/>\n<meta property=\"og:locale\" content=\"hr_HR\" \/>\n<meta property=\"og:type\" content=\"article\" \/>\n<meta property=\"og:title\" content=\"Marstall Fohlen-Milchpulver mlijeko za \u017edrijebe - Clair\" \/>\n<meta property=\"og:description\" content=\"Za ovaj proizvod se zbog dimenzija ili te\u017eine obra\u010dunavaju dodatni tro\u0161kovi slanja u iznosu od 15 \u20ac \/ kom.  &nbsp;  Visokokvalitetno mlijeko u prahu za \u017edrijebe   visokokvalitetno nastavak mlijeko u prahu   s dodatnim lizinom, vitaminom C i bakrom   Koli\u010dina: 20 kg\" \/>\n<meta property=\"og:url\" content=\"https:\/\/clair.si\/hr\/izdelek\/marstall-fohlen-milchpulver-mlijeko-za-zdrijebe\/\" \/>\n<meta property=\"og:site_name\" content=\"Clair\" \/>\n<meta property=\"article:publisher\" content=\"https:\/\/www.facebook.com\/TrgovinaClair\/\" \/>\n<meta property=\"article:modified_time\" content=\"2025-08-28T17:46:11+00:00\" \/>\n<meta property=\"og:image\" content=\"https:\/\/clair.si\/wp-content\/uploads\/2024\/02\/zucht-fohlenmilchpulver-20kg-mleko-za-zrebeta-zrebicka-clair-jpg.webp\" \/>\n\t<meta property=\"og:image:width\" content=\"900\" \/>\n\t<meta property=\"og:image:height\" content=\"900\" \/>\n\t<meta property=\"og:image:type\" content=\"image\/jpeg\" \/>\n<meta name=\"twitter:card\" content=\"summary_large_image\" \/>\n<meta name=\"twitter:label1\" content=\"Procijenjeno vrijeme \u010ditanja\" \/>\n\t<meta name=\"twitter:data1\" content=\"5 minuta\" \/>\n<script type=\"application\/ld+json\" class=\"yoast-schema-graph\">{\"@context\":\"https:\\\/\\\/schema.org\",\"@graph\":[{\"@type\":\"WebPage\",\"@id\":\"https:\\\/\\\/clair.si\\\/hr\\\/izdelek\\\/marstall-fohlen-milchpulver-mlijeko-za-zdrijebe\\\/\",\"url\":\"https:\\\/\\\/clair.si\\\/hr\\\/izdelek\\\/marstall-fohlen-milchpulver-mlijeko-za-zdrijebe\\\/\",\"name\":\"Marstall Fohlen-Milchpulver mlijeko za \u017edrijebe - Clair\",\"isPartOf\":{\"@id\":\"https:\\\/\\\/clair.si\\\/#website\"},\"primaryImageOfPage\":{\"@id\":\"https:\\\/\\\/clair.si\\\/hr\\\/izdelek\\\/marstall-fohlen-milchpulver-mlijeko-za-zdrijebe\\\/#primaryimage\"},\"image\":{\"@id\":\"https:\\\/\\\/clair.si\\\/hr\\\/izdelek\\\/marstall-fohlen-milchpulver-mlijeko-za-zdrijebe\\\/#primaryimage\"},\"thumbnailUrl\":\"https:\\\/\\\/clair.si\\\/wp-content\\\/uploads\\\/2024\\\/02\\\/zucht-fohlenmilchpulver-20kg-mleko-za-zrebeta-zrebicka-clair-jpg.webp\",\"datePublished\":\"2024-02-21T11:33:38+00:00\",\"dateModified\":\"2025-08-28T17:46:11+00:00\",\"description\":\"Za ovaj proizvod se zbog dimenzija ili te\u017eine obra\u010dunavaju dodatni tro\u0161kovi slanja u iznosu od 15 \u20ac \\\/ kom. &nbsp; Visokokvalitetno mlijeko u prahu za \u017edrijebe visokokvalitetno nastavak mlijeko u prahu s dodatnim lizinom, vitaminom C i bakrom Koli\u010dina: 20 kg\",\"breadcrumb\":{\"@id\":\"https:\\\/\\\/clair.si\\\/hr\\\/izdelek\\\/marstall-fohlen-milchpulver-mlijeko-za-zdrijebe\\\/#breadcrumb\"},\"inLanguage\":\"hr\",\"potentialAction\":[{\"@type\":\"ReadAction\",\"target\":[\"https:\\\/\\\/clair.si\\\/hr\\\/izdelek\\\/marstall-fohlen-milchpulver-mlijeko-za-zdrijebe\\\/\"]}]},{\"@type\":\"ImageObject\",\"inLanguage\":\"hr\",\"@id\":\"https:\\\/\\\/clair.si\\\/hr\\\/izdelek\\\/marstall-fohlen-milchpulver-mlijeko-za-zdrijebe\\\/#primaryimage\",\"url\":\"https:\\\/\\\/clair.si\\\/wp-content\\\/uploads\\\/2024\\\/02\\\/zucht-fohlenmilchpulver-20kg-mleko-za-zrebeta-zrebicka-clair-jpg.webp\",\"contentUrl\":\"https:\\\/\\\/clair.si\\\/wp-content\\\/uploads\\\/2024\\\/02\\\/zucht-fohlenmilchpulver-20kg-mleko-za-zrebeta-zrebicka-clair-jpg.webp\",\"width\":900,\"height\":900},{\"@type\":\"BreadcrumbList\",\"@id\":\"https:\\\/\\\/clair.si\\\/hr\\\/izdelek\\\/marstall-fohlen-milchpulver-mlijeko-za-zdrijebe\\\/#breadcrumb\",\"itemListElement\":[{\"@type\":\"ListItem\",\"position\":1,\"name\":\"Home\",\"item\":\"https:\\\/\\\/clair.si\\\/hr\\\/\"},{\"@type\":\"ListItem\",\"position\":2,\"name\":\"Trgovina\",\"item\":\"https:\\\/\\\/clair.si\\\/trgovina\\\/\"},{\"@type\":\"ListItem\",\"position\":3,\"name\":\"Marstall Fohlen-Milchpulver mlijeko za \u017edrijebe\"}]},{\"@type\":\"WebSite\",\"@id\":\"https:\\\/\\\/clair.si\\\/#website\",\"url\":\"https:\\\/\\\/clair.si\\\/\",\"name\":\"Clair\",\"description\":\"Trgovina s konjeni\u0161ko opremo\",\"publisher\":{\"@id\":\"https:\\\/\\\/clair.si\\\/#organization\"},\"potentialAction\":[{\"@type\":\"SearchAction\",\"target\":{\"@type\":\"EntryPoint\",\"urlTemplate\":\"https:\\\/\\\/clair.si\\\/?s={search_term_string}\"},\"query-input\":{\"@type\":\"PropertyValueSpecification\",\"valueRequired\":true,\"valueName\":\"search_term_string\"}}],\"inLanguage\":\"hr\"},{\"@type\":\"Organization\",\"@id\":\"https:\\\/\\\/clair.si\\\/#organization\",\"name\":\"Clair\",\"url\":\"https:\\\/\\\/clair.si\\\/\",\"logo\":{\"@type\":\"ImageObject\",\"inLanguage\":\"hr\",\"@id\":\"https:\\\/\\\/clair.si\\\/#\\\/schema\\\/logo\\\/image\\\/\",\"url\":\"https:\\\/\\\/clair.si\\\/wp-content\\\/uploads\\\/2022\\\/11\\\/clair_logo_2022.jpg\",\"contentUrl\":\"https:\\\/\\\/clair.si\\\/wp-content\\\/uploads\\\/2022\\\/11\\\/clair_logo_2022.jpg\",\"width\":1920,\"height\":1920,\"caption\":\"Clair\"},\"image\":{\"@id\":\"https:\\\/\\\/clair.si\\\/#\\\/schema\\\/logo\\\/image\\\/\"},\"sameAs\":[\"https:\\\/\\\/www.facebook.com\\\/TrgovinaClair\\\/\"]}]}<\/script>\n<!-- \/ Yoast SEO plugin. -->","yoast_head_json":{"title":"Marstall Fohlen-Milchpulver mlijeko za \u017edrijebe - Clair","description":"Za ovaj proizvod se zbog dimenzija ili te\u017eine obra\u010dunavaju dodatni tro\u0161kovi slanja u iznosu od 15 \u20ac \/ kom.  &nbsp;  Visokokvalitetno mlijeko u prahu za \u017edrijebe   visokokvalitetno nastavak mlijeko u prahu   s dodatnim lizinom, vitaminom C i bakrom   Koli\u010dina: 20 kg","robots":{"index":"index","follow":"follow","max-snippet":"max-snippet:-1","max-image-preview":"max-image-preview:large","max-video-preview":"max-video-preview:-1"},"canonical":"https:\/\/clair.si\/hr\/izdelek\/marstall-fohlen-milchpulver-mlijeko-za-zdrijebe\/","og_locale":"hr_HR","og_type":"article","og_title":"Marstall Fohlen-Milchpulver mlijeko za \u017edrijebe - Clair","og_description":"Za ovaj proizvod se zbog dimenzija ili te\u017eine obra\u010dunavaju dodatni tro\u0161kovi slanja u iznosu od 15 \u20ac \/ kom.  &nbsp;  Visokokvalitetno mlijeko u prahu za \u017edrijebe   visokokvalitetno nastavak mlijeko u prahu   s dodatnim lizinom, vitaminom C i bakrom   Koli\u010dina: 20 kg","og_url":"https:\/\/clair.si\/hr\/izdelek\/marstall-fohlen-milchpulver-mlijeko-za-zdrijebe\/","og_site_name":"Clair","article_publisher":"https:\/\/www.facebook.com\/TrgovinaClair\/","article_modified_time":"2025-08-28T17:46:11+00:00","og_image":[{"width":900,"height":900,"url":"https:\/\/clair.si\/wp-content\/uploads\/2024\/02\/zucht-fohlenmilchpulver-20kg-mleko-za-zrebeta-zrebicka-clair-jpg.webp","type":"image\/jpeg"}],"twitter_card":"summary_large_image","twitter_misc":{"Procijenjeno vrijeme \u010ditanja":"5 minuta"},"schema":{"@context":"https:\/\/schema.org","@graph":[{"@type":"WebPage","@id":"https:\/\/clair.si\/hr\/izdelek\/marstall-fohlen-milchpulver-mlijeko-za-zdrijebe\/","url":"https:\/\/clair.si\/hr\/izdelek\/marstall-fohlen-milchpulver-mlijeko-za-zdrijebe\/","name":"Marstall Fohlen-Milchpulver mlijeko za \u017edrijebe - Clair","isPartOf":{"@id":"https:\/\/clair.si\/#website"},"primaryImageOfPage":{"@id":"https:\/\/clair.si\/hr\/izdelek\/marstall-fohlen-milchpulver-mlijeko-za-zdrijebe\/#primaryimage"},"image":{"@id":"https:\/\/clair.si\/hr\/izdelek\/marstall-fohlen-milchpulver-mlijeko-za-zdrijebe\/#primaryimage"},"thumbnailUrl":"https:\/\/clair.si\/wp-content\/uploads\/2024\/02\/zucht-fohlenmilchpulver-20kg-mleko-za-zrebeta-zrebicka-clair-jpg.webp","datePublished":"2024-02-21T11:33:38+00:00","dateModified":"2025-08-28T17:46:11+00:00","description":"Za ovaj proizvod se zbog dimenzija ili te\u017eine obra\u010dunavaju dodatni tro\u0161kovi slanja u iznosu od 15 \u20ac \/ kom. &nbsp; Visokokvalitetno mlijeko u prahu za \u017edrijebe visokokvalitetno nastavak mlijeko u prahu s dodatnim lizinom, vitaminom C i bakrom Koli\u010dina: 20 kg","breadcrumb":{"@id":"https:\/\/clair.si\/hr\/izdelek\/marstall-fohlen-milchpulver-mlijeko-za-zdrijebe\/#breadcrumb"},"inLanguage":"hr","potentialAction":[{"@type":"ReadAction","target":["https:\/\/clair.si\/hr\/izdelek\/marstall-fohlen-milchpulver-mlijeko-za-zdrijebe\/"]}]},{"@type":"ImageObject","inLanguage":"hr","@id":"https:\/\/clair.si\/hr\/izdelek\/marstall-fohlen-milchpulver-mlijeko-za-zdrijebe\/#primaryimage","url":"https:\/\/clair.si\/wp-content\/uploads\/2024\/02\/zucht-fohlenmilchpulver-20kg-mleko-za-zrebeta-zrebicka-clair-jpg.webp","contentUrl":"https:\/\/clair.si\/wp-content\/uploads\/2024\/02\/zucht-fohlenmilchpulver-20kg-mleko-za-zrebeta-zrebicka-clair-jpg.webp","width":900,"height":900},{"@type":"BreadcrumbList","@id":"https:\/\/clair.si\/hr\/izdelek\/marstall-fohlen-milchpulver-mlijeko-za-zdrijebe\/#breadcrumb","itemListElement":[{"@type":"ListItem","position":1,"name":"Home","item":"https:\/\/clair.si\/hr\/"},{"@type":"ListItem","position":2,"name":"Trgovina","item":"https:\/\/clair.si\/trgovina\/"},{"@type":"ListItem","position":3,"name":"Marstall Fohlen-Milchpulver mlijeko za \u017edrijebe"}]},{"@type":"WebSite","@id":"https:\/\/clair.si\/#website","url":"https:\/\/clair.si\/","name":"Clair","description":"Trgovina s konjeni\u0161ko opremo","publisher":{"@id":"https:\/\/clair.si\/#organization"},"potentialAction":[{"@type":"SearchAction","target":{"@type":"EntryPoint","urlTemplate":"https:\/\/clair.si\/?s={search_term_string}"},"query-input":{"@type":"PropertyValueSpecification","valueRequired":true,"valueName":"search_term_string"}}],"inLanguage":"hr"},{"@type":"Organization","@id":"https:\/\/clair.si\/#organization","name":"Clair","url":"https:\/\/clair.si\/","logo":{"@type":"ImageObject","inLanguage":"hr","@id":"https:\/\/clair.si\/#\/schema\/logo\/image\/","url":"https:\/\/clair.si\/wp-content\/uploads\/2022\/11\/clair_logo_2022.jpg","contentUrl":"https:\/\/clair.si\/wp-content\/uploads\/2022\/11\/clair_logo_2022.jpg","width":1920,"height":1920,"caption":"Clair"},"image":{"@id":"https:\/\/clair.si\/#\/schema\/logo\/image\/"},"sameAs":["https:\/\/www.facebook.com\/TrgovinaClair\/"]}]}},"_links":{"self":[{"href":"https:\/\/clair.si\/hr\/wp-json\/wp\/v2\/product\/96679","targetHints":{"allow":["GET"]}}],"collection":[{"href":"https:\/\/clair.si\/hr\/wp-json\/wp\/v2\/product"}],"about":[{"href":"https:\/\/clair.si\/hr\/wp-json\/wp\/v2\/types\/product"}],"version-history":[{"count":0,"href":"https:\/\/clair.si\/hr\/wp-json\/wp\/v2\/product\/96679\/revisions"}],"wp:featuredmedia":[{"embeddable":true,"href":"https:\/\/clair.si\/hr\/wp-json\/wp\/v2\/media\/96683"}],"wp:attachment":[{"href":"https:\/\/clair.si\/hr\/wp-json\/wp\/v2\/media?parent=96679"}],"wp:term":[{"taxonomy":"product_brand","embeddable":true,"href":"https:\/\/clair.si\/hr\/wp-json\/wp\/v2\/product_brand?post=96679"},{"taxonomy":"product_cat","embeddable":true,"href":"https:\/\/clair.si\/hr\/wp-json\/wp\/v2\/product_cat?post=96679"},{"taxonomy":"product_tag","embeddable":true,"href":"https:\/\/clair.si\/hr\/wp-json\/wp\/v2\/product_tag?post=96679"}],"curies":[{"name":"wp","href":"https:\/\/api.w.org\/{rel}","templated":true}]}}