{"id":96730,"date":"2024-02-01T08:21:02","date_gmt":"2024-02-01T07:21:02","guid":{"rendered":"https:\/\/clair.si\/izdelek\/cavalor-colostra\/"},"modified":"2025-08-06T10:30:10","modified_gmt":"2025-08-06T08:30:10","slug":"cavalor-colostra","status":"publish","type":"product","link":"https:\/\/clair.si\/hr\/izdelek\/cavalor-colostra\/","title":{"rendered":"Cavalor Colostra"},"content":{"rendered":"<p><strong>Cavalor Colostra opskrbljuje novoro\u0111eno \u017edrijebe<\/strong> vitalnim kolostrumom kada ga kobila ne mo\u017ee proizvesti ili ga nema dovoljno.<\/p>\n<p>\u017ddrebad se ra\u0111aju bez antitijela i moraju ih primiti iz prvog mlijeka kobile u prvih 24 sata \u017eivota.<\/p>\n<p>Ako \u017edrijebe, bez obzira na razlog, primi malo ili nimalo prvog mlijeka, nadomjestak je nu\u017eno potreban. Cavalor Colostra pove\u0107ava razinu imunoglobulina u krvi. <\/p>\n<p>U prvom tjednu \u017eivota \u017edrebetu pru\u017ea bolju obranu od mikroba, kao \u0161to su virusi i bakterije. Sna\u017ean po\u010detak je nu\u017ean za zdrav rast i razvoj \u017edrebeta. <\/p>\n<p>&nbsp;<\/p>\n<p><strong>Sastav:<\/strong><\/p>\n<p>Cavalor Colostra sadr\u017ei prirodne tvari (liofilizirani kolostrum) koje su bitne za zdrav rast \u017edrebeta. Cavalor Colostra je sigurna za svu \u017edrebad i sadr\u017ei najmanje 30 % imunoglobulina. <\/p>\n<p>&nbsp;<\/p>\n<p><strong>Upute za uporabu:<\/strong><\/p>\n<p>Sadr\u017eaj 1 paketa (100 g) Cavalor Colostre dodajte u 0,2 L Cavalor Hyppolaca ili vode. Dobro promije\u0161ajte pra\u0161ak dok se potpuno ne otopi. Hranite Cavalor Colostra hranite pomo\u0107u bo\u010dice i nastavka.  <\/p>\n<p>Pozor: ne zagrijavajte u mikrovalnoj pe\u0107nici jer \u0107ete time uni\u0161titi imunoglobuline.<\/p>\n<p>Ako \u017edrijebe ne dobije kolostrum od kobile: hranite \u017edrijebe Cavalor Colostrom u prvih 6 sati nakon ro\u0111enja i ponovno nakon 12\u201316 sati.<\/p>\n<p>Ako \u017edrijebe dobije premalo kolostruma od kobile: Hranite \u017edrijebe s Cavalor Colostrom u prvih 24 sata nakon ro\u0111enja.<\/p>\n","protected":false},"excerpt":{"rendered":"<ul>\n<li>Mlijeko u prahu s primarnim izvorom antitijela (kolostrum) za hranjenje ubrzo nakon ro\u0111enja \u017edrebeta<\/li>\n<li>Upotrijebite u roku od 24 sata nakon poroda<\/li>\n<li>Va\u0161em \u017edrebetu osigurava vitalna antitijela<\/li>\n<\/ul>\n<p><strong>Koli\u010dina: 100 g<\/strong><\/p>\n","protected":false},"featured_media":96734,"template":"","meta":{"footnotes":""},"product_brand":[],"product_cat":[5711,5710,5712],"product_tag":[],"class_list":{"0":"post-96730","1":"product","2":"type-product","3":"status-publish","4":"has-post-thumbnail","6":"product_cat-hrana-i-prehrambeni-dodaci-cavalor","7":"product_cat-hrana-za-konje-hr","8":"product_cat-prehrambeni-dodaci","10":"first","11":"instock","12":"shipping-taxable","13":"purchasable","14":"product-type-simple"},"yoast_head":"<!-- This site is optimized with the Yoast SEO plugin v27.4 - https:\/\/yoast.com\/product\/yoast-seo-wordpress\/ -->\n<title>Cavalor Colostra - Clair<\/title>\n<meta name=\"description\" content=\"Mlijeko u prahu s primarnim izvorom antitijela (kolostrum) za hranjenje ubrzo nakon ro\u0111enja \u017edrebeta  Upotrijebite u roku od 24 sata nakon poroda  Va\u0161em \u017edrebetu osigurava vitalna antitijela Koli\u010dina: 100 g\" \/>\n<meta name=\"robots\" content=\"index, follow, max-snippet:-1, max-image-preview:large, max-video-preview:-1\" \/>\n<link rel=\"canonical\" href=\"https:\/\/clair.si\/hr\/izdelek\/cavalor-colostra\/\" \/>\n<meta property=\"og:locale\" content=\"hr_HR\" \/>\n<meta property=\"og:type\" content=\"article\" \/>\n<meta property=\"og:title\" content=\"Cavalor Colostra - Clair\" \/>\n<meta property=\"og:description\" content=\"Mlijeko u prahu s primarnim izvorom antitijela (kolostrum) za hranjenje ubrzo nakon ro\u0111enja \u017edrebeta  Upotrijebite u roku od 24 sata nakon poroda  Va\u0161em \u017edrebetu osigurava vitalna antitijela Koli\u010dina: 100 g\" \/>\n<meta property=\"og:url\" content=\"https:\/\/clair.si\/hr\/izdelek\/cavalor-colostra\/\" \/>\n<meta property=\"og:site_name\" content=\"Clair\" \/>\n<meta property=\"article:publisher\" content=\"https:\/\/www.facebook.com\/TrgovinaClair\/\" \/>\n<meta property=\"article:modified_time\" content=\"2025-08-06T08:30:10+00:00\" \/>\n<meta property=\"og:image\" content=\"https:\/\/clair.si\/wp-content\/uploads\/2024\/02\/Colostra1-jpg.webp\" \/>\n\t<meta property=\"og:image:width\" content=\"550\" \/>\n\t<meta property=\"og:image:height\" content=\"550\" \/>\n\t<meta property=\"og:image:type\" content=\"image\/jpeg\" \/>\n<meta name=\"twitter:card\" content=\"summary_large_image\" \/>\n<meta name=\"twitter:label1\" content=\"Procijenjeno vrijeme \u010ditanja\" \/>\n\t<meta name=\"twitter:data1\" content=\"1 minuta\" \/>\n<script type=\"application\/ld+json\" class=\"yoast-schema-graph\">{\"@context\":\"https:\\\/\\\/schema.org\",\"@graph\":[{\"@type\":\"WebPage\",\"@id\":\"https:\\\/\\\/clair.si\\\/hr\\\/izdelek\\\/cavalor-colostra\\\/\",\"url\":\"https:\\\/\\\/clair.si\\\/hr\\\/izdelek\\\/cavalor-colostra\\\/\",\"name\":\"Cavalor Colostra - Clair\",\"isPartOf\":{\"@id\":\"https:\\\/\\\/clair.si\\\/#website\"},\"primaryImageOfPage\":{\"@id\":\"https:\\\/\\\/clair.si\\\/hr\\\/izdelek\\\/cavalor-colostra\\\/#primaryimage\"},\"image\":{\"@id\":\"https:\\\/\\\/clair.si\\\/hr\\\/izdelek\\\/cavalor-colostra\\\/#primaryimage\"},\"thumbnailUrl\":\"https:\\\/\\\/clair.si\\\/wp-content\\\/uploads\\\/2024\\\/02\\\/Colostra1-jpg.webp\",\"datePublished\":\"2024-02-01T07:21:02+00:00\",\"dateModified\":\"2025-08-06T08:30:10+00:00\",\"description\":\"Mlijeko u prahu s primarnim izvorom antitijela (kolostrum) za hranjenje ubrzo nakon ro\u0111enja \u017edrebeta Upotrijebite u roku od 24 sata nakon poroda Va\u0161em \u017edrebetu osigurava vitalna antitijela Koli\u010dina: 100 g\",\"breadcrumb\":{\"@id\":\"https:\\\/\\\/clair.si\\\/hr\\\/izdelek\\\/cavalor-colostra\\\/#breadcrumb\"},\"inLanguage\":\"hr\",\"potentialAction\":[{\"@type\":\"ReadAction\",\"target\":[\"https:\\\/\\\/clair.si\\\/hr\\\/izdelek\\\/cavalor-colostra\\\/\"]}]},{\"@type\":\"ImageObject\",\"inLanguage\":\"hr\",\"@id\":\"https:\\\/\\\/clair.si\\\/hr\\\/izdelek\\\/cavalor-colostra\\\/#primaryimage\",\"url\":\"https:\\\/\\\/clair.si\\\/wp-content\\\/uploads\\\/2024\\\/02\\\/Colostra1-jpg.webp\",\"contentUrl\":\"https:\\\/\\\/clair.si\\\/wp-content\\\/uploads\\\/2024\\\/02\\\/Colostra1-jpg.webp\",\"width\":550,\"height\":550},{\"@type\":\"BreadcrumbList\",\"@id\":\"https:\\\/\\\/clair.si\\\/hr\\\/izdelek\\\/cavalor-colostra\\\/#breadcrumb\",\"itemListElement\":[{\"@type\":\"ListItem\",\"position\":1,\"name\":\"Home\",\"item\":\"https:\\\/\\\/clair.si\\\/hr\\\/\"},{\"@type\":\"ListItem\",\"position\":2,\"name\":\"Trgovina\",\"item\":\"https:\\\/\\\/clair.si\\\/trgovina\\\/\"},{\"@type\":\"ListItem\",\"position\":3,\"name\":\"Cavalor Colostra\"}]},{\"@type\":\"WebSite\",\"@id\":\"https:\\\/\\\/clair.si\\\/#website\",\"url\":\"https:\\\/\\\/clair.si\\\/\",\"name\":\"Clair\",\"description\":\"Trgovina s konjeni\u0161ko opremo\",\"publisher\":{\"@id\":\"https:\\\/\\\/clair.si\\\/#organization\"},\"potentialAction\":[{\"@type\":\"SearchAction\",\"target\":{\"@type\":\"EntryPoint\",\"urlTemplate\":\"https:\\\/\\\/clair.si\\\/?s={search_term_string}\"},\"query-input\":{\"@type\":\"PropertyValueSpecification\",\"valueRequired\":true,\"valueName\":\"search_term_string\"}}],\"inLanguage\":\"hr\"},{\"@type\":\"Organization\",\"@id\":\"https:\\\/\\\/clair.si\\\/#organization\",\"name\":\"Clair\",\"url\":\"https:\\\/\\\/clair.si\\\/\",\"logo\":{\"@type\":\"ImageObject\",\"inLanguage\":\"hr\",\"@id\":\"https:\\\/\\\/clair.si\\\/#\\\/schema\\\/logo\\\/image\\\/\",\"url\":\"https:\\\/\\\/clair.si\\\/wp-content\\\/uploads\\\/2022\\\/11\\\/clair_logo_2022.jpg\",\"contentUrl\":\"https:\\\/\\\/clair.si\\\/wp-content\\\/uploads\\\/2022\\\/11\\\/clair_logo_2022.jpg\",\"width\":1920,\"height\":1920,\"caption\":\"Clair\"},\"image\":{\"@id\":\"https:\\\/\\\/clair.si\\\/#\\\/schema\\\/logo\\\/image\\\/\"},\"sameAs\":[\"https:\\\/\\\/www.facebook.com\\\/TrgovinaClair\\\/\"]}]}<\/script>\n<!-- \/ Yoast SEO plugin. -->","yoast_head_json":{"title":"Cavalor Colostra - Clair","description":"Mlijeko u prahu s primarnim izvorom antitijela (kolostrum) za hranjenje ubrzo nakon ro\u0111enja \u017edrebeta  Upotrijebite u roku od 24 sata nakon poroda  Va\u0161em \u017edrebetu osigurava vitalna antitijela Koli\u010dina: 100 g","robots":{"index":"index","follow":"follow","max-snippet":"max-snippet:-1","max-image-preview":"max-image-preview:large","max-video-preview":"max-video-preview:-1"},"canonical":"https:\/\/clair.si\/hr\/izdelek\/cavalor-colostra\/","og_locale":"hr_HR","og_type":"article","og_title":"Cavalor Colostra - Clair","og_description":"Mlijeko u prahu s primarnim izvorom antitijela (kolostrum) za hranjenje ubrzo nakon ro\u0111enja \u017edrebeta  Upotrijebite u roku od 24 sata nakon poroda  Va\u0161em \u017edrebetu osigurava vitalna antitijela Koli\u010dina: 100 g","og_url":"https:\/\/clair.si\/hr\/izdelek\/cavalor-colostra\/","og_site_name":"Clair","article_publisher":"https:\/\/www.facebook.com\/TrgovinaClair\/","article_modified_time":"2025-08-06T08:30:10+00:00","og_image":[{"width":550,"height":550,"url":"https:\/\/clair.si\/wp-content\/uploads\/2024\/02\/Colostra1-jpg.webp","type":"image\/jpeg"}],"twitter_card":"summary_large_image","twitter_misc":{"Procijenjeno vrijeme \u010ditanja":"1 minuta"},"schema":{"@context":"https:\/\/schema.org","@graph":[{"@type":"WebPage","@id":"https:\/\/clair.si\/hr\/izdelek\/cavalor-colostra\/","url":"https:\/\/clair.si\/hr\/izdelek\/cavalor-colostra\/","name":"Cavalor Colostra - Clair","isPartOf":{"@id":"https:\/\/clair.si\/#website"},"primaryImageOfPage":{"@id":"https:\/\/clair.si\/hr\/izdelek\/cavalor-colostra\/#primaryimage"},"image":{"@id":"https:\/\/clair.si\/hr\/izdelek\/cavalor-colostra\/#primaryimage"},"thumbnailUrl":"https:\/\/clair.si\/wp-content\/uploads\/2024\/02\/Colostra1-jpg.webp","datePublished":"2024-02-01T07:21:02+00:00","dateModified":"2025-08-06T08:30:10+00:00","description":"Mlijeko u prahu s primarnim izvorom antitijela (kolostrum) za hranjenje ubrzo nakon ro\u0111enja \u017edrebeta Upotrijebite u roku od 24 sata nakon poroda Va\u0161em \u017edrebetu osigurava vitalna antitijela Koli\u010dina: 100 g","breadcrumb":{"@id":"https:\/\/clair.si\/hr\/izdelek\/cavalor-colostra\/#breadcrumb"},"inLanguage":"hr","potentialAction":[{"@type":"ReadAction","target":["https:\/\/clair.si\/hr\/izdelek\/cavalor-colostra\/"]}]},{"@type":"ImageObject","inLanguage":"hr","@id":"https:\/\/clair.si\/hr\/izdelek\/cavalor-colostra\/#primaryimage","url":"https:\/\/clair.si\/wp-content\/uploads\/2024\/02\/Colostra1-jpg.webp","contentUrl":"https:\/\/clair.si\/wp-content\/uploads\/2024\/02\/Colostra1-jpg.webp","width":550,"height":550},{"@type":"BreadcrumbList","@id":"https:\/\/clair.si\/hr\/izdelek\/cavalor-colostra\/#breadcrumb","itemListElement":[{"@type":"ListItem","position":1,"name":"Home","item":"https:\/\/clair.si\/hr\/"},{"@type":"ListItem","position":2,"name":"Trgovina","item":"https:\/\/clair.si\/trgovina\/"},{"@type":"ListItem","position":3,"name":"Cavalor Colostra"}]},{"@type":"WebSite","@id":"https:\/\/clair.si\/#website","url":"https:\/\/clair.si\/","name":"Clair","description":"Trgovina s konjeni\u0161ko opremo","publisher":{"@id":"https:\/\/clair.si\/#organization"},"potentialAction":[{"@type":"SearchAction","target":{"@type":"EntryPoint","urlTemplate":"https:\/\/clair.si\/?s={search_term_string}"},"query-input":{"@type":"PropertyValueSpecification","valueRequired":true,"valueName":"search_term_string"}}],"inLanguage":"hr"},{"@type":"Organization","@id":"https:\/\/clair.si\/#organization","name":"Clair","url":"https:\/\/clair.si\/","logo":{"@type":"ImageObject","inLanguage":"hr","@id":"https:\/\/clair.si\/#\/schema\/logo\/image\/","url":"https:\/\/clair.si\/wp-content\/uploads\/2022\/11\/clair_logo_2022.jpg","contentUrl":"https:\/\/clair.si\/wp-content\/uploads\/2022\/11\/clair_logo_2022.jpg","width":1920,"height":1920,"caption":"Clair"},"image":{"@id":"https:\/\/clair.si\/#\/schema\/logo\/image\/"},"sameAs":["https:\/\/www.facebook.com\/TrgovinaClair\/"]}]}},"_links":{"self":[{"href":"https:\/\/clair.si\/hr\/wp-json\/wp\/v2\/product\/96730","targetHints":{"allow":["GET"]}}],"collection":[{"href":"https:\/\/clair.si\/hr\/wp-json\/wp\/v2\/product"}],"about":[{"href":"https:\/\/clair.si\/hr\/wp-json\/wp\/v2\/types\/product"}],"version-history":[{"count":0,"href":"https:\/\/clair.si\/hr\/wp-json\/wp\/v2\/product\/96730\/revisions"}],"wp:featuredmedia":[{"embeddable":true,"href":"https:\/\/clair.si\/hr\/wp-json\/wp\/v2\/media\/96734"}],"wp:attachment":[{"href":"https:\/\/clair.si\/hr\/wp-json\/wp\/v2\/media?parent=96730"}],"wp:term":[{"taxonomy":"product_brand","embeddable":true,"href":"https:\/\/clair.si\/hr\/wp-json\/wp\/v2\/product_brand?post=96730"},{"taxonomy":"product_cat","embeddable":true,"href":"https:\/\/clair.si\/hr\/wp-json\/wp\/v2\/product_cat?post=96730"},{"taxonomy":"product_tag","embeddable":true,"href":"https:\/\/clair.si\/hr\/wp-json\/wp\/v2\/product_tag?post=96730"}],"curies":[{"name":"wp","href":"https:\/\/api.w.org\/{rel}","templated":true}]}}