{"id":96735,"date":"2024-02-01T08:38:07","date_gmt":"2024-02-01T07:38:07","guid":{"rendered":"https:\/\/clair.si\/izdelek\/cavalor-vitaflora\/"},"modified":"2025-08-06T10:30:21","modified_gmt":"2025-08-06T08:30:21","slug":"cavalor-vitaflora","status":"publish","type":"product","link":"https:\/\/clair.si\/hr\/izdelek\/cavalor-vitaflora\/","title":{"rendered":"Cavalor VitaFlora"},"content":{"rendered":"<p><strong>Cavalor VitaFlora sadr\u017ei prebiotike i probiotike<\/strong> za ponovno uspostavljanje ravnote\u017ee mikroflore u crijevima i poticanje zdravlja iznutra prema van. Preporu\u010duje se nakon natjecateljske sezone za pobolj\u0161anje zdravlja crijeva. <\/p>\n<p>Cavalor Vitaflora je tako\u0111er dizajniran za konje koji pate od neobja\u0161njivog mr\u0161avljenja ili nedosljednog izlu\u010divanja. Vitaflora se tako\u0111er preporu\u010duje nakon upotrebe antibiotika. Antibiotici ne ubijaju samo \u201elo\u0161e\u201d bakterije, ve\u0107 uklanjaju i neke \u201edobre\u201d bakterije iz mikrobioma.  <\/p>\n<p>Cavalor Vitaflora sadr\u017ei prebiotike (inulin) i probiotike (kvasce) koji podr\u017eavaju mikrofloru. \u017divi kvasci podr\u017eavaju bakterije u stra\u017enjem crijevu i poma\u017eu u sprje\u010davanju zakiseljavanja. <\/p>\n<p>Pobolj\u0161avaju probavu vlakana, apsorpciju minerala i proizvodnju vitamina B. Inulin je prebiotik koji poti\u010de pravilan razvoj mikroflore. \u0160to je bolji razvoj dobrih bakterija, manja je mogu\u0107nost rasta lo\u0161ih bakterija. <\/p>\n<p>&nbsp;<\/p>\n<p><strong>Upute za uporabu:<\/strong><\/p>\n<p>\u017ddrijebe: 15 g dnevno<br \/>\nKobile u graviditetu ili laktaciji: 45 g dnevno<br \/>\nPoniji i konji: 30 g dnevno<br \/>\nMaksimalno 100 g dnevno po konju<\/p>\n","protected":false},"excerpt":{"rendered":"<ul>\n<li>Dodatak za dobro zdravlje crijeva i dobru pretvorbu hrane<\/li>\n<li>Sprje\u010dava prekomjernu kiselinu u crijevima i poti\u010de uravnote\u017eenu crijevnu floru<\/li>\n<\/ul>\n<p><strong>Koli\u010dina: 2 kg<\/strong><\/p>\n","protected":false},"featured_media":96741,"template":"","meta":{"footnotes":""},"product_brand":[],"product_cat":[5711,5710,5712],"product_tag":[],"class_list":{"0":"post-96735","1":"product","2":"type-product","3":"status-publish","4":"has-post-thumbnail","6":"product_cat-hrana-i-prehrambeni-dodaci-cavalor","7":"product_cat-hrana-za-konje-hr","8":"product_cat-prehrambeni-dodaci","10":"first","11":"instock","12":"shipping-taxable","13":"purchasable","14":"product-type-simple"},"yoast_head":"<!-- This site is optimized with the Yoast SEO plugin v27.4 - https:\/\/yoast.com\/product\/yoast-seo-wordpress\/ -->\n<title>Cavalor VitaFlora - Clair<\/title>\n<meta name=\"description\" content=\"Dodatak za dobro zdravlje crijeva i dobru pretvorbu hrane  Sprje\u010dava prekomjernu kiselinu u crijevima i poti\u010de uravnote\u017eenu crijevnu floru Koli\u010dina: 2 kg\" \/>\n<meta name=\"robots\" content=\"index, follow, max-snippet:-1, max-image-preview:large, max-video-preview:-1\" \/>\n<link rel=\"canonical\" href=\"https:\/\/clair.si\/hr\/izdelek\/cavalor-vitaflora\/\" \/>\n<meta property=\"og:locale\" content=\"hr_HR\" \/>\n<meta property=\"og:type\" content=\"article\" \/>\n<meta property=\"og:title\" content=\"Cavalor VitaFlora - Clair\" \/>\n<meta property=\"og:description\" content=\"Dodatak za dobro zdravlje crijeva i dobru pretvorbu hrane  Sprje\u010dava prekomjernu kiselinu u crijevima i poti\u010de uravnote\u017eenu crijevnu floru Koli\u010dina: 2 kg\" \/>\n<meta property=\"og:url\" content=\"https:\/\/clair.si\/hr\/izdelek\/cavalor-vitaflora\/\" \/>\n<meta property=\"og:site_name\" content=\"Clair\" \/>\n<meta property=\"article:publisher\" content=\"https:\/\/www.facebook.com\/TrgovinaClair\/\" \/>\n<meta property=\"article:modified_time\" content=\"2025-08-06T08:30:21+00:00\" \/>\n<meta property=\"og:image\" content=\"https:\/\/clair.si\/wp-content\/uploads\/2024\/02\/Vitaflora1-jpg.webp\" \/>\n\t<meta property=\"og:image:width\" content=\"550\" \/>\n\t<meta property=\"og:image:height\" content=\"550\" \/>\n\t<meta property=\"og:image:type\" content=\"image\/jpeg\" \/>\n<meta name=\"twitter:card\" content=\"summary_large_image\" \/>\n<meta name=\"twitter:label1\" content=\"Procijenjeno vrijeme \u010ditanja\" \/>\n\t<meta name=\"twitter:data1\" content=\"1 minuta\" \/>\n<script type=\"application\/ld+json\" class=\"yoast-schema-graph\">{\"@context\":\"https:\\\/\\\/schema.org\",\"@graph\":[{\"@type\":\"WebPage\",\"@id\":\"https:\\\/\\\/clair.si\\\/hr\\\/izdelek\\\/cavalor-vitaflora\\\/\",\"url\":\"https:\\\/\\\/clair.si\\\/hr\\\/izdelek\\\/cavalor-vitaflora\\\/\",\"name\":\"Cavalor VitaFlora - Clair\",\"isPartOf\":{\"@id\":\"https:\\\/\\\/clair.si\\\/#website\"},\"primaryImageOfPage\":{\"@id\":\"https:\\\/\\\/clair.si\\\/hr\\\/izdelek\\\/cavalor-vitaflora\\\/#primaryimage\"},\"image\":{\"@id\":\"https:\\\/\\\/clair.si\\\/hr\\\/izdelek\\\/cavalor-vitaflora\\\/#primaryimage\"},\"thumbnailUrl\":\"https:\\\/\\\/clair.si\\\/wp-content\\\/uploads\\\/2024\\\/02\\\/Vitaflora1-jpg.webp\",\"datePublished\":\"2024-02-01T07:38:07+00:00\",\"dateModified\":\"2025-08-06T08:30:21+00:00\",\"description\":\"Dodatak za dobro zdravlje crijeva i dobru pretvorbu hrane Sprje\u010dava prekomjernu kiselinu u crijevima i poti\u010de uravnote\u017eenu crijevnu floru Koli\u010dina: 2 kg\",\"breadcrumb\":{\"@id\":\"https:\\\/\\\/clair.si\\\/hr\\\/izdelek\\\/cavalor-vitaflora\\\/#breadcrumb\"},\"inLanguage\":\"hr\",\"potentialAction\":[{\"@type\":\"ReadAction\",\"target\":[\"https:\\\/\\\/clair.si\\\/hr\\\/izdelek\\\/cavalor-vitaflora\\\/\"]}]},{\"@type\":\"ImageObject\",\"inLanguage\":\"hr\",\"@id\":\"https:\\\/\\\/clair.si\\\/hr\\\/izdelek\\\/cavalor-vitaflora\\\/#primaryimage\",\"url\":\"https:\\\/\\\/clair.si\\\/wp-content\\\/uploads\\\/2024\\\/02\\\/Vitaflora1-jpg.webp\",\"contentUrl\":\"https:\\\/\\\/clair.si\\\/wp-content\\\/uploads\\\/2024\\\/02\\\/Vitaflora1-jpg.webp\",\"width\":550,\"height\":550},{\"@type\":\"BreadcrumbList\",\"@id\":\"https:\\\/\\\/clair.si\\\/hr\\\/izdelek\\\/cavalor-vitaflora\\\/#breadcrumb\",\"itemListElement\":[{\"@type\":\"ListItem\",\"position\":1,\"name\":\"Home\",\"item\":\"https:\\\/\\\/clair.si\\\/hr\\\/\"},{\"@type\":\"ListItem\",\"position\":2,\"name\":\"Trgovina\",\"item\":\"https:\\\/\\\/clair.si\\\/trgovina\\\/\"},{\"@type\":\"ListItem\",\"position\":3,\"name\":\"Cavalor VitaFlora\"}]},{\"@type\":\"WebSite\",\"@id\":\"https:\\\/\\\/clair.si\\\/#website\",\"url\":\"https:\\\/\\\/clair.si\\\/\",\"name\":\"Clair\",\"description\":\"Trgovina s konjeni\u0161ko opremo\",\"publisher\":{\"@id\":\"https:\\\/\\\/clair.si\\\/#organization\"},\"potentialAction\":[{\"@type\":\"SearchAction\",\"target\":{\"@type\":\"EntryPoint\",\"urlTemplate\":\"https:\\\/\\\/clair.si\\\/?s={search_term_string}\"},\"query-input\":{\"@type\":\"PropertyValueSpecification\",\"valueRequired\":true,\"valueName\":\"search_term_string\"}}],\"inLanguage\":\"hr\"},{\"@type\":\"Organization\",\"@id\":\"https:\\\/\\\/clair.si\\\/#organization\",\"name\":\"Clair\",\"url\":\"https:\\\/\\\/clair.si\\\/\",\"logo\":{\"@type\":\"ImageObject\",\"inLanguage\":\"hr\",\"@id\":\"https:\\\/\\\/clair.si\\\/#\\\/schema\\\/logo\\\/image\\\/\",\"url\":\"https:\\\/\\\/clair.si\\\/wp-content\\\/uploads\\\/2022\\\/11\\\/clair_logo_2022.jpg\",\"contentUrl\":\"https:\\\/\\\/clair.si\\\/wp-content\\\/uploads\\\/2022\\\/11\\\/clair_logo_2022.jpg\",\"width\":1920,\"height\":1920,\"caption\":\"Clair\"},\"image\":{\"@id\":\"https:\\\/\\\/clair.si\\\/#\\\/schema\\\/logo\\\/image\\\/\"},\"sameAs\":[\"https:\\\/\\\/www.facebook.com\\\/TrgovinaClair\\\/\"]}]}<\/script>\n<!-- \/ Yoast SEO plugin. -->","yoast_head_json":{"title":"Cavalor VitaFlora - Clair","description":"Dodatak za dobro zdravlje crijeva i dobru pretvorbu hrane  Sprje\u010dava prekomjernu kiselinu u crijevima i poti\u010de uravnote\u017eenu crijevnu floru Koli\u010dina: 2 kg","robots":{"index":"index","follow":"follow","max-snippet":"max-snippet:-1","max-image-preview":"max-image-preview:large","max-video-preview":"max-video-preview:-1"},"canonical":"https:\/\/clair.si\/hr\/izdelek\/cavalor-vitaflora\/","og_locale":"hr_HR","og_type":"article","og_title":"Cavalor VitaFlora - Clair","og_description":"Dodatak za dobro zdravlje crijeva i dobru pretvorbu hrane  Sprje\u010dava prekomjernu kiselinu u crijevima i poti\u010de uravnote\u017eenu crijevnu floru Koli\u010dina: 2 kg","og_url":"https:\/\/clair.si\/hr\/izdelek\/cavalor-vitaflora\/","og_site_name":"Clair","article_publisher":"https:\/\/www.facebook.com\/TrgovinaClair\/","article_modified_time":"2025-08-06T08:30:21+00:00","og_image":[{"width":550,"height":550,"url":"https:\/\/clair.si\/wp-content\/uploads\/2024\/02\/Vitaflora1-jpg.webp","type":"image\/jpeg"}],"twitter_card":"summary_large_image","twitter_misc":{"Procijenjeno vrijeme \u010ditanja":"1 minuta"},"schema":{"@context":"https:\/\/schema.org","@graph":[{"@type":"WebPage","@id":"https:\/\/clair.si\/hr\/izdelek\/cavalor-vitaflora\/","url":"https:\/\/clair.si\/hr\/izdelek\/cavalor-vitaflora\/","name":"Cavalor VitaFlora - Clair","isPartOf":{"@id":"https:\/\/clair.si\/#website"},"primaryImageOfPage":{"@id":"https:\/\/clair.si\/hr\/izdelek\/cavalor-vitaflora\/#primaryimage"},"image":{"@id":"https:\/\/clair.si\/hr\/izdelek\/cavalor-vitaflora\/#primaryimage"},"thumbnailUrl":"https:\/\/clair.si\/wp-content\/uploads\/2024\/02\/Vitaflora1-jpg.webp","datePublished":"2024-02-01T07:38:07+00:00","dateModified":"2025-08-06T08:30:21+00:00","description":"Dodatak za dobro zdravlje crijeva i dobru pretvorbu hrane Sprje\u010dava prekomjernu kiselinu u crijevima i poti\u010de uravnote\u017eenu crijevnu floru Koli\u010dina: 2 kg","breadcrumb":{"@id":"https:\/\/clair.si\/hr\/izdelek\/cavalor-vitaflora\/#breadcrumb"},"inLanguage":"hr","potentialAction":[{"@type":"ReadAction","target":["https:\/\/clair.si\/hr\/izdelek\/cavalor-vitaflora\/"]}]},{"@type":"ImageObject","inLanguage":"hr","@id":"https:\/\/clair.si\/hr\/izdelek\/cavalor-vitaflora\/#primaryimage","url":"https:\/\/clair.si\/wp-content\/uploads\/2024\/02\/Vitaflora1-jpg.webp","contentUrl":"https:\/\/clair.si\/wp-content\/uploads\/2024\/02\/Vitaflora1-jpg.webp","width":550,"height":550},{"@type":"BreadcrumbList","@id":"https:\/\/clair.si\/hr\/izdelek\/cavalor-vitaflora\/#breadcrumb","itemListElement":[{"@type":"ListItem","position":1,"name":"Home","item":"https:\/\/clair.si\/hr\/"},{"@type":"ListItem","position":2,"name":"Trgovina","item":"https:\/\/clair.si\/trgovina\/"},{"@type":"ListItem","position":3,"name":"Cavalor VitaFlora"}]},{"@type":"WebSite","@id":"https:\/\/clair.si\/#website","url":"https:\/\/clair.si\/","name":"Clair","description":"Trgovina s konjeni\u0161ko opremo","publisher":{"@id":"https:\/\/clair.si\/#organization"},"potentialAction":[{"@type":"SearchAction","target":{"@type":"EntryPoint","urlTemplate":"https:\/\/clair.si\/?s={search_term_string}"},"query-input":{"@type":"PropertyValueSpecification","valueRequired":true,"valueName":"search_term_string"}}],"inLanguage":"hr"},{"@type":"Organization","@id":"https:\/\/clair.si\/#organization","name":"Clair","url":"https:\/\/clair.si\/","logo":{"@type":"ImageObject","inLanguage":"hr","@id":"https:\/\/clair.si\/#\/schema\/logo\/image\/","url":"https:\/\/clair.si\/wp-content\/uploads\/2022\/11\/clair_logo_2022.jpg","contentUrl":"https:\/\/clair.si\/wp-content\/uploads\/2022\/11\/clair_logo_2022.jpg","width":1920,"height":1920,"caption":"Clair"},"image":{"@id":"https:\/\/clair.si\/#\/schema\/logo\/image\/"},"sameAs":["https:\/\/www.facebook.com\/TrgovinaClair\/"]}]}},"_links":{"self":[{"href":"https:\/\/clair.si\/hr\/wp-json\/wp\/v2\/product\/96735","targetHints":{"allow":["GET"]}}],"collection":[{"href":"https:\/\/clair.si\/hr\/wp-json\/wp\/v2\/product"}],"about":[{"href":"https:\/\/clair.si\/hr\/wp-json\/wp\/v2\/types\/product"}],"version-history":[{"count":0,"href":"https:\/\/clair.si\/hr\/wp-json\/wp\/v2\/product\/96735\/revisions"}],"wp:featuredmedia":[{"embeddable":true,"href":"https:\/\/clair.si\/hr\/wp-json\/wp\/v2\/media\/96741"}],"wp:attachment":[{"href":"https:\/\/clair.si\/hr\/wp-json\/wp\/v2\/media?parent=96735"}],"wp:term":[{"taxonomy":"product_brand","embeddable":true,"href":"https:\/\/clair.si\/hr\/wp-json\/wp\/v2\/product_brand?post=96735"},{"taxonomy":"product_cat","embeddable":true,"href":"https:\/\/clair.si\/hr\/wp-json\/wp\/v2\/product_cat?post=96735"},{"taxonomy":"product_tag","embeddable":true,"href":"https:\/\/clair.si\/hr\/wp-json\/wp\/v2\/product_tag?post=96735"}],"curies":[{"name":"wp","href":"https:\/\/api.w.org\/{rel}","templated":true}]}}