{"id":96767,"date":"2024-02-01T07:51:31","date_gmt":"2024-02-01T06:51:31","guid":{"rendered":"https:\/\/clair.si\/izdelek\/cavalor-calm\/"},"modified":"2025-08-06T10:31:29","modified_gmt":"2025-08-06T08:31:29","slug":"cavalor-calm","status":"publish","type":"product","link":"https:\/\/clair.si\/hr\/izdelek\/cavalor-calm\/","title":{"rendered":"Cavalor Calm"},"content":{"rendered":"<p><strong>Cavalor Calm smanjuje stres kod nervoznih konja<\/strong> koji imaju preosjetljive i pla\u0161ljive reakcije na promjenjive situacije ili neobi\u010dne okolnosti (transport, buka, boje, svjetlo, nemir, nepoznato okru\u017eenje, ljudi i \u017eivotinje).<\/p>\n<p>Konji koji se dobro pona\u0161aju na treningu mogu biti manje pa\u017eljivi na natjecanjima ili se mogu povu\u0107i zbog stresa uzrokovanog prijevozom, drugim konjima ili pritiskom okoline, \u0161to rezultira lo\u0161ijim rezultatima.<\/p>\n<p><strong>Cavalor Calm je razvijen za mlade, introvertirane, \u017eivahne konje<\/strong> i <strong>pastuhe<\/strong>. Poma\u017ee konju <strong>odr\u017eavati sabranost<\/strong> i <strong>koncentraciju<\/strong>. Stres ne utje\u010de samo na performanse, ve\u0107 utje\u010de i na op\u0107e dobro stanje konja i mo\u017ee ote\u017eati odr\u017eavanje kondicije.  <\/p>\n<p><strong>Sastav:<\/strong><\/p>\n<p>Magnezijev sulfat i magnezijev acetat: dobri, upijaju\u0107i izvori magnezija. Magnezij poma\u017ee opu\u0161tanju mi\u0161i\u0107a. L-triptofan: triptofan stimulira serotonin, antistresni hormon, koji tijelo proizvodi prirodno.  <\/p>\n<p>Vitamini B1, B6 i B12: B-vitamini imaju va\u017enu ulogu u funkcioniranju \u017eiv\u010danog sustava. U odre\u0111enim koli\u010dinama, ovi vitamini imaju umiruju\u0107i u\u010dinak. Cavalor Calmix: umiruju\u0107a biljna mje\u0161avina s lipom.  <\/p>\n<p>Ako je va\u0161 konj op\u0107enito malo nervozan, ali vi\u0161e na natjecanjima, poku\u0161ajte Cavalor Calm prvo kod ku\u0107e.<\/p>\n<p>Analiti\u010dki sastav: sirovi proteini 4,2 %, sirovi pepeo 14,6 %, kalcij 0,5 %, fosfor 0,01 %, triptofan 5 %, magnezij 7,1 %<\/p>\n<p><strong>Upute za upotrebu:<\/strong><br \/>\nKonji i poniji: 45 g\/dan.<br \/>\n1 mjerica = 15 g<br \/>\nMaksimalno\/dan = 100 g<\/p>\n","protected":false},"excerpt":{"rendered":"<ul>\n<li>Prah s umiruju\u0107im i opu\u0161taju\u0107im u\u010dinkom<\/li>\n<li>Poma\u017ee odr\u017eavati sabranost i koncentraciju te smanjiti stres iz okoline<\/li>\n<li>S magnezijem, triptofanom i biljem za smirenijeg konja.<\/li>\n<li>Za introvertirane i nepovjerljive mlade konje<\/li>\n<\/ul>\n<p><strong>Koli\u010dina: 800 g<\/strong><\/p>\n","protected":false},"featured_media":96774,"template":"","meta":{"footnotes":""},"product_brand":[],"product_cat":[5711,5710,5712],"product_tag":[],"class_list":{"0":"post-96767","1":"product","2":"type-product","3":"status-publish","4":"has-post-thumbnail","6":"product_cat-hrana-i-prehrambeni-dodaci-cavalor","7":"product_cat-hrana-za-konje-hr","8":"product_cat-prehrambeni-dodaci","10":"first","11":"instock","12":"shipping-taxable","13":"purchasable","14":"product-type-simple"},"yoast_head":"<!-- This site is optimized with the Yoast SEO plugin v27.4 - https:\/\/yoast.com\/product\/yoast-seo-wordpress\/ -->\n<title>Cavalor Calm - Clair<\/title>\n<meta name=\"description\" content=\"Prah s umiruju\u0107im i opu\u0161taju\u0107im u\u010dinkom  Poma\u017ee odr\u017eavati sabranost i koncentraciju te smanjiti stres iz okoline  S magnezijem, triptofanom i biljem za smirenijeg konja.  Za introvertirane i nepovjerljive mlade konje Koli\u010dina: 800 g\" \/>\n<meta name=\"robots\" content=\"index, follow, max-snippet:-1, max-image-preview:large, max-video-preview:-1\" \/>\n<link rel=\"canonical\" href=\"https:\/\/clair.si\/hr\/izdelek\/cavalor-calm\/\" \/>\n<meta property=\"og:locale\" content=\"hr_HR\" \/>\n<meta property=\"og:type\" content=\"article\" \/>\n<meta property=\"og:title\" content=\"Cavalor Calm - Clair\" \/>\n<meta property=\"og:description\" content=\"Prah s umiruju\u0107im i opu\u0161taju\u0107im u\u010dinkom  Poma\u017ee odr\u017eavati sabranost i koncentraciju te smanjiti stres iz okoline  S magnezijem, triptofanom i biljem za smirenijeg konja.  Za introvertirane i nepovjerljive mlade konje Koli\u010dina: 800 g\" \/>\n<meta property=\"og:url\" content=\"https:\/\/clair.si\/hr\/izdelek\/cavalor-calm\/\" \/>\n<meta property=\"og:site_name\" content=\"Clair\" \/>\n<meta property=\"article:publisher\" content=\"https:\/\/www.facebook.com\/TrgovinaClair\/\" \/>\n<meta property=\"article:modified_time\" content=\"2025-08-06T08:31:29+00:00\" \/>\n<meta property=\"og:image\" content=\"https:\/\/clair.si\/wp-content\/uploads\/2024\/02\/Calm1-jpg.webp\" \/>\n\t<meta property=\"og:image:width\" content=\"550\" \/>\n\t<meta property=\"og:image:height\" content=\"550\" \/>\n\t<meta property=\"og:image:type\" content=\"image\/jpeg\" \/>\n<meta name=\"twitter:card\" content=\"summary_large_image\" \/>\n<meta name=\"twitter:label1\" content=\"Procijenjeno vrijeme \u010ditanja\" \/>\n\t<meta name=\"twitter:data1\" content=\"1 minuta\" \/>\n<script type=\"application\/ld+json\" class=\"yoast-schema-graph\">{\"@context\":\"https:\\\/\\\/schema.org\",\"@graph\":[{\"@type\":\"WebPage\",\"@id\":\"https:\\\/\\\/clair.si\\\/hr\\\/izdelek\\\/cavalor-calm\\\/\",\"url\":\"https:\\\/\\\/clair.si\\\/hr\\\/izdelek\\\/cavalor-calm\\\/\",\"name\":\"Cavalor Calm - Clair\",\"isPartOf\":{\"@id\":\"https:\\\/\\\/clair.si\\\/#website\"},\"primaryImageOfPage\":{\"@id\":\"https:\\\/\\\/clair.si\\\/hr\\\/izdelek\\\/cavalor-calm\\\/#primaryimage\"},\"image\":{\"@id\":\"https:\\\/\\\/clair.si\\\/hr\\\/izdelek\\\/cavalor-calm\\\/#primaryimage\"},\"thumbnailUrl\":\"https:\\\/\\\/clair.si\\\/wp-content\\\/uploads\\\/2024\\\/02\\\/Calm1-jpg.webp\",\"datePublished\":\"2024-02-01T06:51:31+00:00\",\"dateModified\":\"2025-08-06T08:31:29+00:00\",\"description\":\"Prah s umiruju\u0107im i opu\u0161taju\u0107im u\u010dinkom Poma\u017ee odr\u017eavati sabranost i koncentraciju te smanjiti stres iz okoline S magnezijem, triptofanom i biljem za smirenijeg konja. Za introvertirane i nepovjerljive mlade konje Koli\u010dina: 800 g\",\"breadcrumb\":{\"@id\":\"https:\\\/\\\/clair.si\\\/hr\\\/izdelek\\\/cavalor-calm\\\/#breadcrumb\"},\"inLanguage\":\"hr\",\"potentialAction\":[{\"@type\":\"ReadAction\",\"target\":[\"https:\\\/\\\/clair.si\\\/hr\\\/izdelek\\\/cavalor-calm\\\/\"]}]},{\"@type\":\"ImageObject\",\"inLanguage\":\"hr\",\"@id\":\"https:\\\/\\\/clair.si\\\/hr\\\/izdelek\\\/cavalor-calm\\\/#primaryimage\",\"url\":\"https:\\\/\\\/clair.si\\\/wp-content\\\/uploads\\\/2024\\\/02\\\/Calm1-jpg.webp\",\"contentUrl\":\"https:\\\/\\\/clair.si\\\/wp-content\\\/uploads\\\/2024\\\/02\\\/Calm1-jpg.webp\",\"width\":550,\"height\":550},{\"@type\":\"BreadcrumbList\",\"@id\":\"https:\\\/\\\/clair.si\\\/hr\\\/izdelek\\\/cavalor-calm\\\/#breadcrumb\",\"itemListElement\":[{\"@type\":\"ListItem\",\"position\":1,\"name\":\"Home\",\"item\":\"https:\\\/\\\/clair.si\\\/hr\\\/\"},{\"@type\":\"ListItem\",\"position\":2,\"name\":\"Trgovina\",\"item\":\"https:\\\/\\\/clair.si\\\/trgovina\\\/\"},{\"@type\":\"ListItem\",\"position\":3,\"name\":\"Cavalor Calm\"}]},{\"@type\":\"WebSite\",\"@id\":\"https:\\\/\\\/clair.si\\\/#website\",\"url\":\"https:\\\/\\\/clair.si\\\/\",\"name\":\"Clair\",\"description\":\"Trgovina s konjeni\u0161ko opremo\",\"publisher\":{\"@id\":\"https:\\\/\\\/clair.si\\\/#organization\"},\"potentialAction\":[{\"@type\":\"SearchAction\",\"target\":{\"@type\":\"EntryPoint\",\"urlTemplate\":\"https:\\\/\\\/clair.si\\\/?s={search_term_string}\"},\"query-input\":{\"@type\":\"PropertyValueSpecification\",\"valueRequired\":true,\"valueName\":\"search_term_string\"}}],\"inLanguage\":\"hr\"},{\"@type\":\"Organization\",\"@id\":\"https:\\\/\\\/clair.si\\\/#organization\",\"name\":\"Clair\",\"url\":\"https:\\\/\\\/clair.si\\\/\",\"logo\":{\"@type\":\"ImageObject\",\"inLanguage\":\"hr\",\"@id\":\"https:\\\/\\\/clair.si\\\/#\\\/schema\\\/logo\\\/image\\\/\",\"url\":\"https:\\\/\\\/clair.si\\\/wp-content\\\/uploads\\\/2022\\\/11\\\/clair_logo_2022.jpg\",\"contentUrl\":\"https:\\\/\\\/clair.si\\\/wp-content\\\/uploads\\\/2022\\\/11\\\/clair_logo_2022.jpg\",\"width\":1920,\"height\":1920,\"caption\":\"Clair\"},\"image\":{\"@id\":\"https:\\\/\\\/clair.si\\\/#\\\/schema\\\/logo\\\/image\\\/\"},\"sameAs\":[\"https:\\\/\\\/www.facebook.com\\\/TrgovinaClair\\\/\"]}]}<\/script>\n<!-- \/ Yoast SEO plugin. -->","yoast_head_json":{"title":"Cavalor Calm - Clair","description":"Prah s umiruju\u0107im i opu\u0161taju\u0107im u\u010dinkom  Poma\u017ee odr\u017eavati sabranost i koncentraciju te smanjiti stres iz okoline  S magnezijem, triptofanom i biljem za smirenijeg konja.  Za introvertirane i nepovjerljive mlade konje Koli\u010dina: 800 g","robots":{"index":"index","follow":"follow","max-snippet":"max-snippet:-1","max-image-preview":"max-image-preview:large","max-video-preview":"max-video-preview:-1"},"canonical":"https:\/\/clair.si\/hr\/izdelek\/cavalor-calm\/","og_locale":"hr_HR","og_type":"article","og_title":"Cavalor Calm - Clair","og_description":"Prah s umiruju\u0107im i opu\u0161taju\u0107im u\u010dinkom  Poma\u017ee odr\u017eavati sabranost i koncentraciju te smanjiti stres iz okoline  S magnezijem, triptofanom i biljem za smirenijeg konja.  Za introvertirane i nepovjerljive mlade konje Koli\u010dina: 800 g","og_url":"https:\/\/clair.si\/hr\/izdelek\/cavalor-calm\/","og_site_name":"Clair","article_publisher":"https:\/\/www.facebook.com\/TrgovinaClair\/","article_modified_time":"2025-08-06T08:31:29+00:00","og_image":[{"width":550,"height":550,"url":"https:\/\/clair.si\/wp-content\/uploads\/2024\/02\/Calm1-jpg.webp","type":"image\/jpeg"}],"twitter_card":"summary_large_image","twitter_misc":{"Procijenjeno vrijeme \u010ditanja":"1 minuta"},"schema":{"@context":"https:\/\/schema.org","@graph":[{"@type":"WebPage","@id":"https:\/\/clair.si\/hr\/izdelek\/cavalor-calm\/","url":"https:\/\/clair.si\/hr\/izdelek\/cavalor-calm\/","name":"Cavalor Calm - Clair","isPartOf":{"@id":"https:\/\/clair.si\/#website"},"primaryImageOfPage":{"@id":"https:\/\/clair.si\/hr\/izdelek\/cavalor-calm\/#primaryimage"},"image":{"@id":"https:\/\/clair.si\/hr\/izdelek\/cavalor-calm\/#primaryimage"},"thumbnailUrl":"https:\/\/clair.si\/wp-content\/uploads\/2024\/02\/Calm1-jpg.webp","datePublished":"2024-02-01T06:51:31+00:00","dateModified":"2025-08-06T08:31:29+00:00","description":"Prah s umiruju\u0107im i opu\u0161taju\u0107im u\u010dinkom Poma\u017ee odr\u017eavati sabranost i koncentraciju te smanjiti stres iz okoline S magnezijem, triptofanom i biljem za smirenijeg konja. Za introvertirane i nepovjerljive mlade konje Koli\u010dina: 800 g","breadcrumb":{"@id":"https:\/\/clair.si\/hr\/izdelek\/cavalor-calm\/#breadcrumb"},"inLanguage":"hr","potentialAction":[{"@type":"ReadAction","target":["https:\/\/clair.si\/hr\/izdelek\/cavalor-calm\/"]}]},{"@type":"ImageObject","inLanguage":"hr","@id":"https:\/\/clair.si\/hr\/izdelek\/cavalor-calm\/#primaryimage","url":"https:\/\/clair.si\/wp-content\/uploads\/2024\/02\/Calm1-jpg.webp","contentUrl":"https:\/\/clair.si\/wp-content\/uploads\/2024\/02\/Calm1-jpg.webp","width":550,"height":550},{"@type":"BreadcrumbList","@id":"https:\/\/clair.si\/hr\/izdelek\/cavalor-calm\/#breadcrumb","itemListElement":[{"@type":"ListItem","position":1,"name":"Home","item":"https:\/\/clair.si\/hr\/"},{"@type":"ListItem","position":2,"name":"Trgovina","item":"https:\/\/clair.si\/trgovina\/"},{"@type":"ListItem","position":3,"name":"Cavalor Calm"}]},{"@type":"WebSite","@id":"https:\/\/clair.si\/#website","url":"https:\/\/clair.si\/","name":"Clair","description":"Trgovina s konjeni\u0161ko opremo","publisher":{"@id":"https:\/\/clair.si\/#organization"},"potentialAction":[{"@type":"SearchAction","target":{"@type":"EntryPoint","urlTemplate":"https:\/\/clair.si\/?s={search_term_string}"},"query-input":{"@type":"PropertyValueSpecification","valueRequired":true,"valueName":"search_term_string"}}],"inLanguage":"hr"},{"@type":"Organization","@id":"https:\/\/clair.si\/#organization","name":"Clair","url":"https:\/\/clair.si\/","logo":{"@type":"ImageObject","inLanguage":"hr","@id":"https:\/\/clair.si\/#\/schema\/logo\/image\/","url":"https:\/\/clair.si\/wp-content\/uploads\/2022\/11\/clair_logo_2022.jpg","contentUrl":"https:\/\/clair.si\/wp-content\/uploads\/2022\/11\/clair_logo_2022.jpg","width":1920,"height":1920,"caption":"Clair"},"image":{"@id":"https:\/\/clair.si\/#\/schema\/logo\/image\/"},"sameAs":["https:\/\/www.facebook.com\/TrgovinaClair\/"]}]}},"_links":{"self":[{"href":"https:\/\/clair.si\/hr\/wp-json\/wp\/v2\/product\/96767","targetHints":{"allow":["GET"]}}],"collection":[{"href":"https:\/\/clair.si\/hr\/wp-json\/wp\/v2\/product"}],"about":[{"href":"https:\/\/clair.si\/hr\/wp-json\/wp\/v2\/types\/product"}],"version-history":[{"count":0,"href":"https:\/\/clair.si\/hr\/wp-json\/wp\/v2\/product\/96767\/revisions"}],"wp:featuredmedia":[{"embeddable":true,"href":"https:\/\/clair.si\/hr\/wp-json\/wp\/v2\/media\/96774"}],"wp:attachment":[{"href":"https:\/\/clair.si\/hr\/wp-json\/wp\/v2\/media?parent=96767"}],"wp:term":[{"taxonomy":"product_brand","embeddable":true,"href":"https:\/\/clair.si\/hr\/wp-json\/wp\/v2\/product_brand?post=96767"},{"taxonomy":"product_cat","embeddable":true,"href":"https:\/\/clair.si\/hr\/wp-json\/wp\/v2\/product_cat?post=96767"},{"taxonomy":"product_tag","embeddable":true,"href":"https:\/\/clair.si\/hr\/wp-json\/wp\/v2\/product_tag?post=96767"}],"curies":[{"name":"wp","href":"https:\/\/api.w.org\/{rel}","templated":true}]}}