{"id":96788,"date":"2024-02-05T13:00:31","date_gmt":"2024-02-05T12:00:31","guid":{"rendered":"https:\/\/clair.si\/izdelek\/cavalor-sweeties\/"},"modified":"2025-08-06T10:32:24","modified_gmt":"2025-08-06T08:32:24","slug":"cavalor-sweeties","status":"publish","type":"product","link":"https:\/\/clair.si\/hr\/izdelek\/cavalor-sweeties\/","title":{"rendered":"Cavalor Sweeties"},"content":{"rendered":"<p><strong>Cavalor Sweeties<\/strong> su zdravi <strong>konjski slatki\u0161i<\/strong> s okusom kokosa i vanilije, <strong>oboga\u0107eni vitaminom A, D i E.<\/strong><\/p>\n<p><strong>Sastav:<\/strong> P\u0161enica, kukuruzna krma iz ekstrakta kukuruznih klica, je\u010dam, zdrobljena krma s ekstraktom suncokreta, roga\u010d zdrobljenac ekstrakta soje, sojino ulje, kalcijev karbonat i natrijev klorid.<\/p>\n<p><strong>Analiti\u010dki sastojci: Sastojci po kg:<\/strong> sirovi proteini 12,9 %, sirova vlakna 5 %, fosfor 0,7 %, sirova mast 4 %, kalcij 1,25 %, natrij 0,35 %, sirovi pepeo 7 %, vitamin A 20.000 I.U., vitamin D3 3.000 I.U., vitamin E 400 mg, biotin 0,4 mg, kolin klorid 460 mg, \u017eeljezo E1 kao \u017eeljezov-(II)-sulfat monohidrat 100 mg, jod kao kalcijev jodat, bezvodni (3b202) 2,5 mg, kobalt kao oblo\u017een kobalt-II-karbonat-granulat 0,6 mg, bakar kao pentahidrat bakrovog sulfata 38 mg, bakar kao dibakrov klorid trihidroksid 12 mg, mangan kao manganov-II-sulfat-monohidrat E5 225 mg, mangan E5 kao aminokiselinski-manganov kelat, hidrat 30 mg, Cink kao cinkov sulfat monohidrat 185 mg, cink kao cinkov klorid hidroksid monohidrat 30 mg, selen E8 kao natrijev selenit 0,4 mg, selene u organskoj obliki iz Saccharomyces cerevisiae CNCM I-3060 neaktiviranog kvasca 0,42 mg<\/p>\n<p>Za dobru prehranu va\u0161 konj treba voluminoznu krmu i stalnu opskrbu svje\u017eom pitkom vodom. Tu podlogu mo\u017eete po potrebi dopuniti uravnote\u017eenjem ili koncentratom. I prilagodite prehranu svojeg konja dodacima.  <\/p>\n<p><strong>Preporuke za hranjenje Cavalor Sweeties:<\/strong><br \/>\nPreporu\u010deno najvi\u0161e 50 slatki\u0161a dnevno po konju. Idealno za na izlet ili kao nagrada. <\/p>\n","protected":false},"excerpt":{"rendered":"<ul>\n<li>Idealno za nagrade<\/li>\n<li>Dobra apsorpcija<\/li>\n<li>Okus kokos-vanilija<\/li>\n<\/ul>\n<p><strong>Koli\u010dina: 750 g<\/strong><\/p>\n","protected":false},"featured_media":96792,"template":"","meta":{"footnotes":""},"product_brand":[],"product_cat":[5711,5782,5710,5712],"product_tag":[],"class_list":{"0":"post-96788","1":"product","2":"type-product","3":"status-publish","4":"has-post-thumbnail","6":"product_cat-hrana-i-prehrambeni-dodaci-cavalor","7":"product_cat-kolacici-i-kamenje-soli","8":"product_cat-hrana-za-konje-hr","9":"product_cat-prehrambeni-dodaci","11":"first","12":"instock","13":"shipping-taxable","14":"purchasable","15":"product-type-simple"},"yoast_head":"<!-- This site is optimized with the Yoast SEO plugin v27.4 - https:\/\/yoast.com\/product\/yoast-seo-wordpress\/ -->\n<title>Cavalor Sweeties - Clair<\/title>\n<meta name=\"description\" content=\"Idealno za nagrade  Dobra apsorpcija  Okus kokos-vanilija Koli\u010dina: 750 g\" \/>\n<meta name=\"robots\" content=\"index, follow, max-snippet:-1, max-image-preview:large, max-video-preview:-1\" \/>\n<link rel=\"canonical\" href=\"https:\/\/clair.si\/hr\/izdelek\/cavalor-sweeties\/\" \/>\n<meta property=\"og:locale\" content=\"hr_HR\" \/>\n<meta property=\"og:type\" content=\"article\" \/>\n<meta property=\"og:title\" content=\"Cavalor Sweeties - Clair\" \/>\n<meta property=\"og:description\" content=\"Idealno za nagrade  Dobra apsorpcija  Okus kokos-vanilija Koli\u010dina: 750 g\" \/>\n<meta property=\"og:url\" content=\"https:\/\/clair.si\/hr\/izdelek\/cavalor-sweeties\/\" \/>\n<meta property=\"og:site_name\" content=\"Clair\" \/>\n<meta property=\"article:publisher\" content=\"https:\/\/www.facebook.com\/TrgovinaClair\/\" \/>\n<meta property=\"article:modified_time\" content=\"2025-08-06T08:32:24+00:00\" \/>\n<meta property=\"og:image\" content=\"https:\/\/clair.si\/wp-content\/uploads\/2024\/02\/Sweeties1-jpg.webp\" \/>\n\t<meta property=\"og:image:width\" content=\"800\" \/>\n\t<meta property=\"og:image:height\" content=\"800\" \/>\n\t<meta property=\"og:image:type\" content=\"image\/jpeg\" \/>\n<meta name=\"twitter:card\" content=\"summary_large_image\" \/>\n<meta name=\"twitter:label1\" content=\"Procijenjeno vrijeme \u010ditanja\" \/>\n\t<meta name=\"twitter:data1\" content=\"1 minuta\" \/>\n<script type=\"application\/ld+json\" class=\"yoast-schema-graph\">{\"@context\":\"https:\\\/\\\/schema.org\",\"@graph\":[{\"@type\":\"WebPage\",\"@id\":\"https:\\\/\\\/clair.si\\\/hr\\\/izdelek\\\/cavalor-sweeties\\\/\",\"url\":\"https:\\\/\\\/clair.si\\\/hr\\\/izdelek\\\/cavalor-sweeties\\\/\",\"name\":\"Cavalor Sweeties - Clair\",\"isPartOf\":{\"@id\":\"https:\\\/\\\/clair.si\\\/#website\"},\"primaryImageOfPage\":{\"@id\":\"https:\\\/\\\/clair.si\\\/hr\\\/izdelek\\\/cavalor-sweeties\\\/#primaryimage\"},\"image\":{\"@id\":\"https:\\\/\\\/clair.si\\\/hr\\\/izdelek\\\/cavalor-sweeties\\\/#primaryimage\"},\"thumbnailUrl\":\"https:\\\/\\\/clair.si\\\/wp-content\\\/uploads\\\/2024\\\/02\\\/Sweeties1-jpg.webp\",\"datePublished\":\"2024-02-05T12:00:31+00:00\",\"dateModified\":\"2025-08-06T08:32:24+00:00\",\"description\":\"Idealno za nagrade Dobra apsorpcija Okus kokos-vanilija Koli\u010dina: 750 g\",\"breadcrumb\":{\"@id\":\"https:\\\/\\\/clair.si\\\/hr\\\/izdelek\\\/cavalor-sweeties\\\/#breadcrumb\"},\"inLanguage\":\"hr\",\"potentialAction\":[{\"@type\":\"ReadAction\",\"target\":[\"https:\\\/\\\/clair.si\\\/hr\\\/izdelek\\\/cavalor-sweeties\\\/\"]}]},{\"@type\":\"ImageObject\",\"inLanguage\":\"hr\",\"@id\":\"https:\\\/\\\/clair.si\\\/hr\\\/izdelek\\\/cavalor-sweeties\\\/#primaryimage\",\"url\":\"https:\\\/\\\/clair.si\\\/wp-content\\\/uploads\\\/2024\\\/02\\\/Sweeties1-jpg.webp\",\"contentUrl\":\"https:\\\/\\\/clair.si\\\/wp-content\\\/uploads\\\/2024\\\/02\\\/Sweeties1-jpg.webp\",\"width\":800,\"height\":800},{\"@type\":\"BreadcrumbList\",\"@id\":\"https:\\\/\\\/clair.si\\\/hr\\\/izdelek\\\/cavalor-sweeties\\\/#breadcrumb\",\"itemListElement\":[{\"@type\":\"ListItem\",\"position\":1,\"name\":\"Home\",\"item\":\"https:\\\/\\\/clair.si\\\/hr\\\/\"},{\"@type\":\"ListItem\",\"position\":2,\"name\":\"Trgovina\",\"item\":\"https:\\\/\\\/clair.si\\\/trgovina\\\/\"},{\"@type\":\"ListItem\",\"position\":3,\"name\":\"Cavalor Sweeties\"}]},{\"@type\":\"WebSite\",\"@id\":\"https:\\\/\\\/clair.si\\\/#website\",\"url\":\"https:\\\/\\\/clair.si\\\/\",\"name\":\"Clair\",\"description\":\"Trgovina s konjeni\u0161ko opremo\",\"publisher\":{\"@id\":\"https:\\\/\\\/clair.si\\\/#organization\"},\"potentialAction\":[{\"@type\":\"SearchAction\",\"target\":{\"@type\":\"EntryPoint\",\"urlTemplate\":\"https:\\\/\\\/clair.si\\\/?s={search_term_string}\"},\"query-input\":{\"@type\":\"PropertyValueSpecification\",\"valueRequired\":true,\"valueName\":\"search_term_string\"}}],\"inLanguage\":\"hr\"},{\"@type\":\"Organization\",\"@id\":\"https:\\\/\\\/clair.si\\\/#organization\",\"name\":\"Clair\",\"url\":\"https:\\\/\\\/clair.si\\\/\",\"logo\":{\"@type\":\"ImageObject\",\"inLanguage\":\"hr\",\"@id\":\"https:\\\/\\\/clair.si\\\/#\\\/schema\\\/logo\\\/image\\\/\",\"url\":\"https:\\\/\\\/clair.si\\\/wp-content\\\/uploads\\\/2022\\\/11\\\/clair_logo_2022.jpg\",\"contentUrl\":\"https:\\\/\\\/clair.si\\\/wp-content\\\/uploads\\\/2022\\\/11\\\/clair_logo_2022.jpg\",\"width\":1920,\"height\":1920,\"caption\":\"Clair\"},\"image\":{\"@id\":\"https:\\\/\\\/clair.si\\\/#\\\/schema\\\/logo\\\/image\\\/\"},\"sameAs\":[\"https:\\\/\\\/www.facebook.com\\\/TrgovinaClair\\\/\"]}]}<\/script>\n<!-- \/ Yoast SEO plugin. -->","yoast_head_json":{"title":"Cavalor Sweeties - Clair","description":"Idealno za nagrade  Dobra apsorpcija  Okus kokos-vanilija Koli\u010dina: 750 g","robots":{"index":"index","follow":"follow","max-snippet":"max-snippet:-1","max-image-preview":"max-image-preview:large","max-video-preview":"max-video-preview:-1"},"canonical":"https:\/\/clair.si\/hr\/izdelek\/cavalor-sweeties\/","og_locale":"hr_HR","og_type":"article","og_title":"Cavalor Sweeties - Clair","og_description":"Idealno za nagrade  Dobra apsorpcija  Okus kokos-vanilija Koli\u010dina: 750 g","og_url":"https:\/\/clair.si\/hr\/izdelek\/cavalor-sweeties\/","og_site_name":"Clair","article_publisher":"https:\/\/www.facebook.com\/TrgovinaClair\/","article_modified_time":"2025-08-06T08:32:24+00:00","og_image":[{"width":800,"height":800,"url":"https:\/\/clair.si\/wp-content\/uploads\/2024\/02\/Sweeties1-jpg.webp","type":"image\/jpeg"}],"twitter_card":"summary_large_image","twitter_misc":{"Procijenjeno vrijeme \u010ditanja":"1 minuta"},"schema":{"@context":"https:\/\/schema.org","@graph":[{"@type":"WebPage","@id":"https:\/\/clair.si\/hr\/izdelek\/cavalor-sweeties\/","url":"https:\/\/clair.si\/hr\/izdelek\/cavalor-sweeties\/","name":"Cavalor Sweeties - Clair","isPartOf":{"@id":"https:\/\/clair.si\/#website"},"primaryImageOfPage":{"@id":"https:\/\/clair.si\/hr\/izdelek\/cavalor-sweeties\/#primaryimage"},"image":{"@id":"https:\/\/clair.si\/hr\/izdelek\/cavalor-sweeties\/#primaryimage"},"thumbnailUrl":"https:\/\/clair.si\/wp-content\/uploads\/2024\/02\/Sweeties1-jpg.webp","datePublished":"2024-02-05T12:00:31+00:00","dateModified":"2025-08-06T08:32:24+00:00","description":"Idealno za nagrade Dobra apsorpcija Okus kokos-vanilija Koli\u010dina: 750 g","breadcrumb":{"@id":"https:\/\/clair.si\/hr\/izdelek\/cavalor-sweeties\/#breadcrumb"},"inLanguage":"hr","potentialAction":[{"@type":"ReadAction","target":["https:\/\/clair.si\/hr\/izdelek\/cavalor-sweeties\/"]}]},{"@type":"ImageObject","inLanguage":"hr","@id":"https:\/\/clair.si\/hr\/izdelek\/cavalor-sweeties\/#primaryimage","url":"https:\/\/clair.si\/wp-content\/uploads\/2024\/02\/Sweeties1-jpg.webp","contentUrl":"https:\/\/clair.si\/wp-content\/uploads\/2024\/02\/Sweeties1-jpg.webp","width":800,"height":800},{"@type":"BreadcrumbList","@id":"https:\/\/clair.si\/hr\/izdelek\/cavalor-sweeties\/#breadcrumb","itemListElement":[{"@type":"ListItem","position":1,"name":"Home","item":"https:\/\/clair.si\/hr\/"},{"@type":"ListItem","position":2,"name":"Trgovina","item":"https:\/\/clair.si\/trgovina\/"},{"@type":"ListItem","position":3,"name":"Cavalor Sweeties"}]},{"@type":"WebSite","@id":"https:\/\/clair.si\/#website","url":"https:\/\/clair.si\/","name":"Clair","description":"Trgovina s konjeni\u0161ko opremo","publisher":{"@id":"https:\/\/clair.si\/#organization"},"potentialAction":[{"@type":"SearchAction","target":{"@type":"EntryPoint","urlTemplate":"https:\/\/clair.si\/?s={search_term_string}"},"query-input":{"@type":"PropertyValueSpecification","valueRequired":true,"valueName":"search_term_string"}}],"inLanguage":"hr"},{"@type":"Organization","@id":"https:\/\/clair.si\/#organization","name":"Clair","url":"https:\/\/clair.si\/","logo":{"@type":"ImageObject","inLanguage":"hr","@id":"https:\/\/clair.si\/#\/schema\/logo\/image\/","url":"https:\/\/clair.si\/wp-content\/uploads\/2022\/11\/clair_logo_2022.jpg","contentUrl":"https:\/\/clair.si\/wp-content\/uploads\/2022\/11\/clair_logo_2022.jpg","width":1920,"height":1920,"caption":"Clair"},"image":{"@id":"https:\/\/clair.si\/#\/schema\/logo\/image\/"},"sameAs":["https:\/\/www.facebook.com\/TrgovinaClair\/"]}]}},"_links":{"self":[{"href":"https:\/\/clair.si\/hr\/wp-json\/wp\/v2\/product\/96788","targetHints":{"allow":["GET"]}}],"collection":[{"href":"https:\/\/clair.si\/hr\/wp-json\/wp\/v2\/product"}],"about":[{"href":"https:\/\/clair.si\/hr\/wp-json\/wp\/v2\/types\/product"}],"version-history":[{"count":0,"href":"https:\/\/clair.si\/hr\/wp-json\/wp\/v2\/product\/96788\/revisions"}],"wp:featuredmedia":[{"embeddable":true,"href":"https:\/\/clair.si\/hr\/wp-json\/wp\/v2\/media\/96792"}],"wp:attachment":[{"href":"https:\/\/clair.si\/hr\/wp-json\/wp\/v2\/media?parent=96788"}],"wp:term":[{"taxonomy":"product_brand","embeddable":true,"href":"https:\/\/clair.si\/hr\/wp-json\/wp\/v2\/product_brand?post=96788"},{"taxonomy":"product_cat","embeddable":true,"href":"https:\/\/clair.si\/hr\/wp-json\/wp\/v2\/product_cat?post=96788"},{"taxonomy":"product_tag","embeddable":true,"href":"https:\/\/clair.si\/hr\/wp-json\/wp\/v2\/product_tag?post=96788"}],"curies":[{"name":"wp","href":"https:\/\/api.w.org\/{rel}","templated":true}]}}