{"id":96793,"date":"2024-02-05T12:32:20","date_gmt":"2024-02-05T11:32:20","guid":{"rendered":"https:\/\/clair.si\/izdelek\/cavalor-hyppolac\/"},"modified":"2025-08-28T19:46:53","modified_gmt":"2025-08-28T17:46:53","slug":"cavalor-hyppolac","status":"publish","type":"product","link":"https:\/\/clair.si\/hr\/izdelek\/cavalor-hyppolac\/","title":{"rendered":"Cavalor Hyppolac"},"content":{"rendered":"<p><strong>Cavalor Hyppolac je lako<\/strong> <strong>probavljivo topljivo mlijeko<\/strong> sa sli\u010dnim hranjivim vrijednostima kao prirodno kobilje mlijeko. U prvim tjednima \u017eivota \u017edrijebe je potpuno ovisno o kobiljem mlijeku.<\/p>\n<p>Dovoljna opskrba hranjivim mlijekom nu\u017ena je za <strong>ravnomjeran rast i pravilan razvoj<\/strong>. Cavalor Hyppolac je topljivo mlijeko visoke vrijednosti za \u017edrebad bez majke ili \u017edrebad koja ne mogu dobiti dovoljno kvalitetnog mlijeka od kobile.<\/p>\n<p>Cavalor Hyppolac sadr\u017ei <strong>visokokvalitetne minerale i vitamine<\/strong> koji se lako apsorbiraju. Ova visokoenergetska zamjena za mlijeko sadr\u017ei <strong>vitamin A<\/strong>, <strong>D3<\/strong> i <strong>E<\/strong> te <strong>kalcij, bakar, \u017eeljezo, mangan, cink, selen, lizin, metionin<\/strong> i <strong>druge esencijalne aminokiseline<\/strong> za zadovoljavanje potreba \u017edrebeta.<\/p>\n<p>Analiti\u010dki sastav po kg: sirovi proteini 23 %, sirova mast 15,5 %, sirovi pepeo 8 %, sirova vlakna 0,1 %, lizin 17,6 g, L-metionin 8 g, treonin 12 g, triptofan 3,2 g, natrij 0,8 %, kalcij 1 %, fosfor 0,7 %, vitamin A 65.000 I.U.<\/p>\n<p><strong>Upute za upotrebu:<\/strong><br \/>\nPotrebnu koli\u010dinu Cavalor Hyppolaca otopite u polovici dane koli\u010dine vode temperature 60 \u00b0C. Pra\u0161ak dobro promije\u0161ajte dok se potpuno ne otopi.<\/p>\n<p>Zatim razrijedite mlakom vodom dok smjesa ne postigne \u017eeljenu temperaturu od 40 \u00b0C. Ako se pojavi proljev, dozu mo\u017eete prilagoditi na 65 g Cavalor Hyppolaca po litri vode.<\/p>\n<p>Kada se proljev smiri, pove\u0107ajte koncentraciju na uobi\u010dajenu preporu\u010denu razinu.<\/p>\n<p>Va\u017eno: Cavalor Hyppolac uvijek otopite u vodi. Raspr\u0161ivanje po krmi mo\u017ee uzrokovati opstrukciju jednjaka. Pojedinosti potra\u017eite na etiketi.<\/p>\n","protected":false},"excerpt":{"rendered":"<p><strong>Za ovaj proizvod se zbog dimenzija ili te\u017eine napla\u0107uju dodatni tro\u0161kovi dostave u iznosu od 15 \u20ac \/ kom.<\/strong><\/p>\n<ul>\n<li>Lako probavljiva topljiva zamjena za mlijeko<\/li>\n<li>Za \u017edrebad bez majke ili premalo kobiljeg mlijeka<\/li>\n<li>Hranjivo istovjetno prirodnom kobiljem mlijeku<\/li>\n<li>Prikladno za \u017edrebad bez majke<\/li>\n<\/ul>\n<p><strong>Koli\u010dina: 10 kg<\/strong><\/p>\n","protected":false},"featured_media":96801,"template":"","meta":{"footnotes":""},"product_brand":[],"product_cat":[5711,5710,5712],"product_tag":[],"class_list":{"0":"post-96793","1":"product","2":"type-product","3":"status-publish","4":"has-post-thumbnail","6":"product_cat-hrana-i-prehrambeni-dodaci-cavalor","7":"product_cat-hrana-za-konje-hr","8":"product_cat-prehrambeni-dodaci","9":"product_shipping_class-marstall-hr","11":"first","12":"instock","13":"shipping-taxable","14":"purchasable","15":"product-type-simple"},"yoast_head":"<!-- This site is optimized with the Yoast SEO plugin v27.4 - https:\/\/yoast.com\/product\/yoast-seo-wordpress\/ -->\n<title>Cavalor Hyppolac - Clair<\/title>\n<meta name=\"description\" content=\"Za ovaj proizvod se zbog dimenzija ili te\u017eine napla\u0107uju dodatni tro\u0161kovi dostave u iznosu od 15 \u20ac \/ kom.   Lako probavljiva topljiva zamjena za mlijeko  Za \u017edrebad bez majke ili premalo kobiljeg mlijeka  Hranjivo istovjetno prirodnom kobiljem mlijeku  Prikladno za \u017edrebad bez majke  Koli\u010dina: 10 kg\" \/>\n<meta name=\"robots\" content=\"index, follow, max-snippet:-1, max-image-preview:large, max-video-preview:-1\" \/>\n<link rel=\"canonical\" href=\"https:\/\/clair.si\/izdelek\/cavalor-hyppolac\/\" \/>\n<meta property=\"og:locale\" content=\"hr_HR\" \/>\n<meta property=\"og:type\" content=\"article\" \/>\n<meta property=\"og:title\" content=\"Cavalor Hyppolac - Clair\" \/>\n<meta property=\"og:description\" content=\"Za ovaj proizvod se zbog dimenzija ili te\u017eine napla\u0107uju dodatni tro\u0161kovi dostave u iznosu od 15 \u20ac \/ kom.   Lako probavljiva topljiva zamjena za mlijeko  Za \u017edrebad bez majke ili premalo kobiljeg mlijeka  Hranjivo istovjetno prirodnom kobiljem mlijeku  Prikladno za \u017edrebad bez majke  Koli\u010dina: 10 kg\" \/>\n<meta property=\"og:url\" content=\"https:\/\/clair.si\/izdelek\/cavalor-hyppolac\/\" \/>\n<meta property=\"og:site_name\" content=\"Clair\" \/>\n<meta property=\"article:publisher\" content=\"https:\/\/www.facebook.com\/TrgovinaClair\/\" \/>\n<meta property=\"article:modified_time\" content=\"2025-08-28T17:46:53+00:00\" \/>\n<meta property=\"og:image\" content=\"https:\/\/clair.si\/wp-content\/uploads\/2024\/02\/Hyppolac1-1-jpg.webp\" \/>\n\t<meta property=\"og:image:width\" content=\"550\" \/>\n\t<meta property=\"og:image:height\" content=\"550\" \/>\n\t<meta property=\"og:image:type\" content=\"image\/jpeg\" \/>\n<meta name=\"twitter:card\" content=\"summary_large_image\" \/>\n<meta name=\"twitter:label1\" content=\"Procijenjeno vrijeme \u010ditanja\" \/>\n\t<meta name=\"twitter:data1\" content=\"2 minute\" \/>\n<script type=\"application\/ld+json\" class=\"yoast-schema-graph\">{\"@context\":\"https:\\\/\\\/schema.org\",\"@graph\":[{\"@type\":\"WebPage\",\"@id\":\"https:\\\/\\\/clair.si\\\/izdelek\\\/cavalor-hyppolac\\\/\",\"url\":\"https:\\\/\\\/clair.si\\\/izdelek\\\/cavalor-hyppolac\\\/\",\"name\":\"Cavalor Hyppolac - Clair\",\"isPartOf\":{\"@id\":\"https:\\\/\\\/clair.si\\\/#website\"},\"primaryImageOfPage\":{\"@id\":\"https:\\\/\\\/clair.si\\\/izdelek\\\/cavalor-hyppolac\\\/#primaryimage\"},\"image\":{\"@id\":\"https:\\\/\\\/clair.si\\\/izdelek\\\/cavalor-hyppolac\\\/#primaryimage\"},\"thumbnailUrl\":\"https:\\\/\\\/clair.si\\\/wp-content\\\/uploads\\\/2024\\\/02\\\/Hyppolac1-1-jpg.webp\",\"datePublished\":\"2024-02-05T11:32:20+00:00\",\"dateModified\":\"2025-08-28T17:46:53+00:00\",\"description\":\"Za ovaj proizvod se zbog dimenzija ili te\u017eine napla\u0107uju dodatni tro\u0161kovi dostave u iznosu od 15 \u20ac \\\/ kom. Lako probavljiva topljiva zamjena za mlijeko Za \u017edrebad bez majke ili premalo kobiljeg mlijeka Hranjivo istovjetno prirodnom kobiljem mlijeku Prikladno za \u017edrebad bez majke Koli\u010dina: 10 kg\",\"breadcrumb\":{\"@id\":\"https:\\\/\\\/clair.si\\\/izdelek\\\/cavalor-hyppolac\\\/#breadcrumb\"},\"inLanguage\":\"hr\",\"potentialAction\":[{\"@type\":\"ReadAction\",\"target\":[\"https:\\\/\\\/clair.si\\\/izdelek\\\/cavalor-hyppolac\\\/\"]}]},{\"@type\":\"ImageObject\",\"inLanguage\":\"hr\",\"@id\":\"https:\\\/\\\/clair.si\\\/izdelek\\\/cavalor-hyppolac\\\/#primaryimage\",\"url\":\"https:\\\/\\\/clair.si\\\/wp-content\\\/uploads\\\/2024\\\/02\\\/Hyppolac1-1-jpg.webp\",\"contentUrl\":\"https:\\\/\\\/clair.si\\\/wp-content\\\/uploads\\\/2024\\\/02\\\/Hyppolac1-1-jpg.webp\",\"width\":550,\"height\":550},{\"@type\":\"BreadcrumbList\",\"@id\":\"https:\\\/\\\/clair.si\\\/izdelek\\\/cavalor-hyppolac\\\/#breadcrumb\",\"itemListElement\":[{\"@type\":\"ListItem\",\"position\":1,\"name\":\"Home\",\"item\":\"https:\\\/\\\/clair.si\\\/hr\\\/\"},{\"@type\":\"ListItem\",\"position\":2,\"name\":\"Trgovina\",\"item\":\"https:\\\/\\\/clair.si\\\/trgovina\\\/\"},{\"@type\":\"ListItem\",\"position\":3,\"name\":\"Cavalor Hyppolac\"}]},{\"@type\":\"WebSite\",\"@id\":\"https:\\\/\\\/clair.si\\\/#website\",\"url\":\"https:\\\/\\\/clair.si\\\/\",\"name\":\"Clair\",\"description\":\"Trgovina s konjeni\u0161ko opremo\",\"publisher\":{\"@id\":\"https:\\\/\\\/clair.si\\\/#organization\"},\"potentialAction\":[{\"@type\":\"SearchAction\",\"target\":{\"@type\":\"EntryPoint\",\"urlTemplate\":\"https:\\\/\\\/clair.si\\\/?s={search_term_string}\"},\"query-input\":{\"@type\":\"PropertyValueSpecification\",\"valueRequired\":true,\"valueName\":\"search_term_string\"}}],\"inLanguage\":\"hr\"},{\"@type\":\"Organization\",\"@id\":\"https:\\\/\\\/clair.si\\\/#organization\",\"name\":\"Clair\",\"url\":\"https:\\\/\\\/clair.si\\\/\",\"logo\":{\"@type\":\"ImageObject\",\"inLanguage\":\"hr\",\"@id\":\"https:\\\/\\\/clair.si\\\/#\\\/schema\\\/logo\\\/image\\\/\",\"url\":\"https:\\\/\\\/clair.si\\\/wp-content\\\/uploads\\\/2022\\\/11\\\/clair_logo_2022.jpg\",\"contentUrl\":\"https:\\\/\\\/clair.si\\\/wp-content\\\/uploads\\\/2022\\\/11\\\/clair_logo_2022.jpg\",\"width\":1920,\"height\":1920,\"caption\":\"Clair\"},\"image\":{\"@id\":\"https:\\\/\\\/clair.si\\\/#\\\/schema\\\/logo\\\/image\\\/\"},\"sameAs\":[\"https:\\\/\\\/www.facebook.com\\\/TrgovinaClair\\\/\"]}]}<\/script>\n<!-- \/ Yoast SEO plugin. -->","yoast_head_json":{"title":"Cavalor Hyppolac - Clair","description":"Za ovaj proizvod se zbog dimenzija ili te\u017eine napla\u0107uju dodatni tro\u0161kovi dostave u iznosu od 15 \u20ac \/ kom.   Lako probavljiva topljiva zamjena za mlijeko  Za \u017edrebad bez majke ili premalo kobiljeg mlijeka  Hranjivo istovjetno prirodnom kobiljem mlijeku  Prikladno za \u017edrebad bez majke  Koli\u010dina: 10 kg","robots":{"index":"index","follow":"follow","max-snippet":"max-snippet:-1","max-image-preview":"max-image-preview:large","max-video-preview":"max-video-preview:-1"},"canonical":"https:\/\/clair.si\/izdelek\/cavalor-hyppolac\/","og_locale":"hr_HR","og_type":"article","og_title":"Cavalor Hyppolac - Clair","og_description":"Za ovaj proizvod se zbog dimenzija ili te\u017eine napla\u0107uju dodatni tro\u0161kovi dostave u iznosu od 15 \u20ac \/ kom.   Lako probavljiva topljiva zamjena za mlijeko  Za \u017edrebad bez majke ili premalo kobiljeg mlijeka  Hranjivo istovjetno prirodnom kobiljem mlijeku  Prikladno za \u017edrebad bez majke  Koli\u010dina: 10 kg","og_url":"https:\/\/clair.si\/izdelek\/cavalor-hyppolac\/","og_site_name":"Clair","article_publisher":"https:\/\/www.facebook.com\/TrgovinaClair\/","article_modified_time":"2025-08-28T17:46:53+00:00","og_image":[{"width":550,"height":550,"url":"https:\/\/clair.si\/wp-content\/uploads\/2024\/02\/Hyppolac1-1-jpg.webp","type":"image\/jpeg"}],"twitter_card":"summary_large_image","twitter_misc":{"Procijenjeno vrijeme \u010ditanja":"2 minute"},"schema":{"@context":"https:\/\/schema.org","@graph":[{"@type":"WebPage","@id":"https:\/\/clair.si\/izdelek\/cavalor-hyppolac\/","url":"https:\/\/clair.si\/izdelek\/cavalor-hyppolac\/","name":"Cavalor Hyppolac - Clair","isPartOf":{"@id":"https:\/\/clair.si\/#website"},"primaryImageOfPage":{"@id":"https:\/\/clair.si\/izdelek\/cavalor-hyppolac\/#primaryimage"},"image":{"@id":"https:\/\/clair.si\/izdelek\/cavalor-hyppolac\/#primaryimage"},"thumbnailUrl":"https:\/\/clair.si\/wp-content\/uploads\/2024\/02\/Hyppolac1-1-jpg.webp","datePublished":"2024-02-05T11:32:20+00:00","dateModified":"2025-08-28T17:46:53+00:00","description":"Za ovaj proizvod se zbog dimenzija ili te\u017eine napla\u0107uju dodatni tro\u0161kovi dostave u iznosu od 15 \u20ac \/ kom. Lako probavljiva topljiva zamjena za mlijeko Za \u017edrebad bez majke ili premalo kobiljeg mlijeka Hranjivo istovjetno prirodnom kobiljem mlijeku Prikladno za \u017edrebad bez majke Koli\u010dina: 10 kg","breadcrumb":{"@id":"https:\/\/clair.si\/izdelek\/cavalor-hyppolac\/#breadcrumb"},"inLanguage":"hr","potentialAction":[{"@type":"ReadAction","target":["https:\/\/clair.si\/izdelek\/cavalor-hyppolac\/"]}]},{"@type":"ImageObject","inLanguage":"hr","@id":"https:\/\/clair.si\/izdelek\/cavalor-hyppolac\/#primaryimage","url":"https:\/\/clair.si\/wp-content\/uploads\/2024\/02\/Hyppolac1-1-jpg.webp","contentUrl":"https:\/\/clair.si\/wp-content\/uploads\/2024\/02\/Hyppolac1-1-jpg.webp","width":550,"height":550},{"@type":"BreadcrumbList","@id":"https:\/\/clair.si\/izdelek\/cavalor-hyppolac\/#breadcrumb","itemListElement":[{"@type":"ListItem","position":1,"name":"Home","item":"https:\/\/clair.si\/hr\/"},{"@type":"ListItem","position":2,"name":"Trgovina","item":"https:\/\/clair.si\/trgovina\/"},{"@type":"ListItem","position":3,"name":"Cavalor Hyppolac"}]},{"@type":"WebSite","@id":"https:\/\/clair.si\/#website","url":"https:\/\/clair.si\/","name":"Clair","description":"Trgovina s konjeni\u0161ko opremo","publisher":{"@id":"https:\/\/clair.si\/#organization"},"potentialAction":[{"@type":"SearchAction","target":{"@type":"EntryPoint","urlTemplate":"https:\/\/clair.si\/?s={search_term_string}"},"query-input":{"@type":"PropertyValueSpecification","valueRequired":true,"valueName":"search_term_string"}}],"inLanguage":"hr"},{"@type":"Organization","@id":"https:\/\/clair.si\/#organization","name":"Clair","url":"https:\/\/clair.si\/","logo":{"@type":"ImageObject","inLanguage":"hr","@id":"https:\/\/clair.si\/#\/schema\/logo\/image\/","url":"https:\/\/clair.si\/wp-content\/uploads\/2022\/11\/clair_logo_2022.jpg","contentUrl":"https:\/\/clair.si\/wp-content\/uploads\/2022\/11\/clair_logo_2022.jpg","width":1920,"height":1920,"caption":"Clair"},"image":{"@id":"https:\/\/clair.si\/#\/schema\/logo\/image\/"},"sameAs":["https:\/\/www.facebook.com\/TrgovinaClair\/"]}]}},"_links":{"self":[{"href":"https:\/\/clair.si\/hr\/wp-json\/wp\/v2\/product\/96793","targetHints":{"allow":["GET"]}}],"collection":[{"href":"https:\/\/clair.si\/hr\/wp-json\/wp\/v2\/product"}],"about":[{"href":"https:\/\/clair.si\/hr\/wp-json\/wp\/v2\/types\/product"}],"version-history":[{"count":0,"href":"https:\/\/clair.si\/hr\/wp-json\/wp\/v2\/product\/96793\/revisions"}],"wp:featuredmedia":[{"embeddable":true,"href":"https:\/\/clair.si\/hr\/wp-json\/wp\/v2\/media\/96801"}],"wp:attachment":[{"href":"https:\/\/clair.si\/hr\/wp-json\/wp\/v2\/media?parent=96793"}],"wp:term":[{"taxonomy":"product_brand","embeddable":true,"href":"https:\/\/clair.si\/hr\/wp-json\/wp\/v2\/product_brand?post=96793"},{"taxonomy":"product_cat","embeddable":true,"href":"https:\/\/clair.si\/hr\/wp-json\/wp\/v2\/product_cat?post=96793"},{"taxonomy":"product_tag","embeddable":true,"href":"https:\/\/clair.si\/hr\/wp-json\/wp\/v2\/product_tag?post=96793"}],"curies":[{"name":"wp","href":"https:\/\/api.w.org\/{rel}","templated":true}]}}