{"id":96802,"date":"2024-02-05T12:49:15","date_gmt":"2024-02-05T11:49:15","guid":{"rendered":"https:\/\/clair.si\/izdelek\/cavalor-nutri-support\/"},"modified":"2024-02-05T12:49:15","modified_gmt":"2024-02-05T11:49:15","slug":"cavalor-nutri-support","status":"publish","type":"product","link":"https:\/\/clair.si\/hr\/izdelek\/cavalor-nutri-support\/","title":{"rendered":"Cavalor Nutri Support"},"content":{"rendered":"<p><strong>Cavalor Nutri Support<\/strong> sadr\u017ei sve hranjive tvari koje su potrebne konjima za rekreaciju kako bi ostali zdravi. Cavalor Nutri Support je formuliran kako bi osigurao <strong>idealan dodatak prehrani<\/strong> koja se sastoji samo ili prete\u017eno od vlaknastih krmiva s malo koncentrirane hrane. <\/p>\n<p><strong>Ne sadr\u017ei dodatnu energiju<\/strong> <strong>i proteine<\/strong>, stoga ne\u0107e ugrijati konje ili ponije niti uzrokovati prekomjernu te\u017einu.<\/p>\n<p>Cavalor Nutri Support <strong>sadr\u017ei sve vitamine<\/strong>, <strong>minerale<\/strong> i <strong>elemente u tragovima<\/strong> koji su potrebni konjima za rekreaciju za odr\u017eavanje dobrog zdravlja. Uzima u obzir hranjive tvari koje su prisutne u vlaknima. <\/p>\n<p>Tako, na primjer, ne dodajemo dodatno \u017eeljezo, jer vlakna ve\u0107 sadr\u017ee velike koli\u010dine \u017eeljeza. Vitamini i minerali u Cavalor Nutri Support uklju\u010duju kovalentno vezane hidroksi minerale i kelirane elemente u tragovima. Oni su stabilniji i lak\u0161e se apsorbiraju od anorganskih minerala.  <\/p>\n<p><strong>Upute za hranjenje:<\/strong><br \/>\nDnevno: poniji i konji za rekreaciju: 50 \u2013 100 g. Sportski konji: 100 g dnevno. <\/p>\n","protected":false},"excerpt":{"rendered":"<ul>\n<li>Mineralno-vitaminska mje\u0161avina za konje za rekreaciju<\/li>\n<li>Za prehranu s premalo vitamina i minerala<\/li>\n<li>Posebno za konje za rekreaciju<\/li>\n<\/ul>\n<p><strong>Koli\u010dina: 5 kg<\/strong><\/p>\n","protected":false},"featured_media":96807,"template":"","meta":{"footnotes":""},"product_brand":[],"product_cat":[5711,5710,5712],"product_tag":[],"class_list":{"0":"post-96802","1":"product","2":"type-product","3":"status-publish","4":"has-post-thumbnail","6":"product_cat-hrana-i-prehrambeni-dodaci-cavalor","7":"product_cat-hrana-za-konje-hr","8":"product_cat-prehrambeni-dodaci","10":"first","11":"instock","12":"shipping-taxable","13":"purchasable","14":"product-type-simple"},"yoast_head":"<!-- This site is optimized with the Yoast SEO plugin v27.4 - https:\/\/yoast.com\/product\/yoast-seo-wordpress\/ -->\n<title>Cavalor Nutri Support - Clair<\/title>\n<meta name=\"description\" content=\"Mineralno-vitaminska mje\u0161avina za konje za rekreaciju  Za prehranu s premalo vitamina i minerala  Posebno za konje za rekreaciju Koli\u010dina: 5 kg\" \/>\n<meta name=\"robots\" content=\"index, follow, max-snippet:-1, max-image-preview:large, max-video-preview:-1\" \/>\n<link rel=\"canonical\" href=\"https:\/\/clair.si\/hr\/izdelek\/cavalor-nutri-support\/\" \/>\n<meta property=\"og:locale\" content=\"hr_HR\" \/>\n<meta property=\"og:type\" content=\"article\" \/>\n<meta property=\"og:title\" content=\"Cavalor Nutri Support - Clair\" \/>\n<meta property=\"og:description\" content=\"Mineralno-vitaminska mje\u0161avina za konje za rekreaciju  Za prehranu s premalo vitamina i minerala  Posebno za konje za rekreaciju Koli\u010dina: 5 kg\" \/>\n<meta property=\"og:url\" content=\"https:\/\/clair.si\/hr\/izdelek\/cavalor-nutri-support\/\" \/>\n<meta property=\"og:site_name\" content=\"Clair\" \/>\n<meta property=\"article:publisher\" content=\"https:\/\/www.facebook.com\/TrgovinaClair\/\" \/>\n<meta property=\"og:image\" content=\"https:\/\/clair.si\/wp-content\/uploads\/2024\/02\/NutriSupport1-1-jpg.webp\" \/>\n\t<meta property=\"og:image:width\" content=\"550\" \/>\n\t<meta property=\"og:image:height\" content=\"550\" \/>\n\t<meta property=\"og:image:type\" content=\"image\/jpeg\" \/>\n<meta name=\"twitter:card\" content=\"summary_large_image\" \/>\n<meta name=\"twitter:label1\" content=\"Procijenjeno vrijeme \u010ditanja\" \/>\n\t<meta name=\"twitter:data1\" content=\"1 minuta\" \/>\n<script type=\"application\/ld+json\" class=\"yoast-schema-graph\">{\"@context\":\"https:\\\/\\\/schema.org\",\"@graph\":[{\"@type\":\"WebPage\",\"@id\":\"https:\\\/\\\/clair.si\\\/hr\\\/izdelek\\\/cavalor-nutri-support\\\/\",\"url\":\"https:\\\/\\\/clair.si\\\/hr\\\/izdelek\\\/cavalor-nutri-support\\\/\",\"name\":\"Cavalor Nutri Support - Clair\",\"isPartOf\":{\"@id\":\"https:\\\/\\\/clair.si\\\/#website\"},\"primaryImageOfPage\":{\"@id\":\"https:\\\/\\\/clair.si\\\/hr\\\/izdelek\\\/cavalor-nutri-support\\\/#primaryimage\"},\"image\":{\"@id\":\"https:\\\/\\\/clair.si\\\/hr\\\/izdelek\\\/cavalor-nutri-support\\\/#primaryimage\"},\"thumbnailUrl\":\"https:\\\/\\\/clair.si\\\/wp-content\\\/uploads\\\/2024\\\/02\\\/NutriSupport1-1-jpg.webp\",\"datePublished\":\"2024-02-05T11:49:15+00:00\",\"description\":\"Mineralno-vitaminska mje\u0161avina za konje za rekreaciju Za prehranu s premalo vitamina i minerala Posebno za konje za rekreaciju Koli\u010dina: 5 kg\",\"breadcrumb\":{\"@id\":\"https:\\\/\\\/clair.si\\\/hr\\\/izdelek\\\/cavalor-nutri-support\\\/#breadcrumb\"},\"inLanguage\":\"hr\",\"potentialAction\":[{\"@type\":\"ReadAction\",\"target\":[\"https:\\\/\\\/clair.si\\\/hr\\\/izdelek\\\/cavalor-nutri-support\\\/\"]}]},{\"@type\":\"ImageObject\",\"inLanguage\":\"hr\",\"@id\":\"https:\\\/\\\/clair.si\\\/hr\\\/izdelek\\\/cavalor-nutri-support\\\/#primaryimage\",\"url\":\"https:\\\/\\\/clair.si\\\/wp-content\\\/uploads\\\/2024\\\/02\\\/NutriSupport1-1-jpg.webp\",\"contentUrl\":\"https:\\\/\\\/clair.si\\\/wp-content\\\/uploads\\\/2024\\\/02\\\/NutriSupport1-1-jpg.webp\",\"width\":550,\"height\":550},{\"@type\":\"BreadcrumbList\",\"@id\":\"https:\\\/\\\/clair.si\\\/hr\\\/izdelek\\\/cavalor-nutri-support\\\/#breadcrumb\",\"itemListElement\":[{\"@type\":\"ListItem\",\"position\":1,\"name\":\"Home\",\"item\":\"https:\\\/\\\/clair.si\\\/hr\\\/\"},{\"@type\":\"ListItem\",\"position\":2,\"name\":\"Trgovina\",\"item\":\"https:\\\/\\\/clair.si\\\/trgovina\\\/\"},{\"@type\":\"ListItem\",\"position\":3,\"name\":\"Cavalor Nutri Support\"}]},{\"@type\":\"WebSite\",\"@id\":\"https:\\\/\\\/clair.si\\\/#website\",\"url\":\"https:\\\/\\\/clair.si\\\/\",\"name\":\"Clair\",\"description\":\"Trgovina s konjeni\u0161ko opremo\",\"publisher\":{\"@id\":\"https:\\\/\\\/clair.si\\\/#organization\"},\"potentialAction\":[{\"@type\":\"SearchAction\",\"target\":{\"@type\":\"EntryPoint\",\"urlTemplate\":\"https:\\\/\\\/clair.si\\\/?s={search_term_string}\"},\"query-input\":{\"@type\":\"PropertyValueSpecification\",\"valueRequired\":true,\"valueName\":\"search_term_string\"}}],\"inLanguage\":\"hr\"},{\"@type\":\"Organization\",\"@id\":\"https:\\\/\\\/clair.si\\\/#organization\",\"name\":\"Clair\",\"url\":\"https:\\\/\\\/clair.si\\\/\",\"logo\":{\"@type\":\"ImageObject\",\"inLanguage\":\"hr\",\"@id\":\"https:\\\/\\\/clair.si\\\/#\\\/schema\\\/logo\\\/image\\\/\",\"url\":\"https:\\\/\\\/clair.si\\\/wp-content\\\/uploads\\\/2022\\\/11\\\/clair_logo_2022.jpg\",\"contentUrl\":\"https:\\\/\\\/clair.si\\\/wp-content\\\/uploads\\\/2022\\\/11\\\/clair_logo_2022.jpg\",\"width\":1920,\"height\":1920,\"caption\":\"Clair\"},\"image\":{\"@id\":\"https:\\\/\\\/clair.si\\\/#\\\/schema\\\/logo\\\/image\\\/\"},\"sameAs\":[\"https:\\\/\\\/www.facebook.com\\\/TrgovinaClair\\\/\"]}]}<\/script>\n<!-- \/ Yoast SEO plugin. -->","yoast_head_json":{"title":"Cavalor Nutri Support - Clair","description":"Mineralno-vitaminska mje\u0161avina za konje za rekreaciju  Za prehranu s premalo vitamina i minerala  Posebno za konje za rekreaciju Koli\u010dina: 5 kg","robots":{"index":"index","follow":"follow","max-snippet":"max-snippet:-1","max-image-preview":"max-image-preview:large","max-video-preview":"max-video-preview:-1"},"canonical":"https:\/\/clair.si\/hr\/izdelek\/cavalor-nutri-support\/","og_locale":"hr_HR","og_type":"article","og_title":"Cavalor Nutri Support - Clair","og_description":"Mineralno-vitaminska mje\u0161avina za konje za rekreaciju  Za prehranu s premalo vitamina i minerala  Posebno za konje za rekreaciju Koli\u010dina: 5 kg","og_url":"https:\/\/clair.si\/hr\/izdelek\/cavalor-nutri-support\/","og_site_name":"Clair","article_publisher":"https:\/\/www.facebook.com\/TrgovinaClair\/","og_image":[{"width":550,"height":550,"url":"https:\/\/clair.si\/wp-content\/uploads\/2024\/02\/NutriSupport1-1-jpg.webp","type":"image\/jpeg"}],"twitter_card":"summary_large_image","twitter_misc":{"Procijenjeno vrijeme \u010ditanja":"1 minuta"},"schema":{"@context":"https:\/\/schema.org","@graph":[{"@type":"WebPage","@id":"https:\/\/clair.si\/hr\/izdelek\/cavalor-nutri-support\/","url":"https:\/\/clair.si\/hr\/izdelek\/cavalor-nutri-support\/","name":"Cavalor Nutri Support - Clair","isPartOf":{"@id":"https:\/\/clair.si\/#website"},"primaryImageOfPage":{"@id":"https:\/\/clair.si\/hr\/izdelek\/cavalor-nutri-support\/#primaryimage"},"image":{"@id":"https:\/\/clair.si\/hr\/izdelek\/cavalor-nutri-support\/#primaryimage"},"thumbnailUrl":"https:\/\/clair.si\/wp-content\/uploads\/2024\/02\/NutriSupport1-1-jpg.webp","datePublished":"2024-02-05T11:49:15+00:00","description":"Mineralno-vitaminska mje\u0161avina za konje za rekreaciju Za prehranu s premalo vitamina i minerala Posebno za konje za rekreaciju Koli\u010dina: 5 kg","breadcrumb":{"@id":"https:\/\/clair.si\/hr\/izdelek\/cavalor-nutri-support\/#breadcrumb"},"inLanguage":"hr","potentialAction":[{"@type":"ReadAction","target":["https:\/\/clair.si\/hr\/izdelek\/cavalor-nutri-support\/"]}]},{"@type":"ImageObject","inLanguage":"hr","@id":"https:\/\/clair.si\/hr\/izdelek\/cavalor-nutri-support\/#primaryimage","url":"https:\/\/clair.si\/wp-content\/uploads\/2024\/02\/NutriSupport1-1-jpg.webp","contentUrl":"https:\/\/clair.si\/wp-content\/uploads\/2024\/02\/NutriSupport1-1-jpg.webp","width":550,"height":550},{"@type":"BreadcrumbList","@id":"https:\/\/clair.si\/hr\/izdelek\/cavalor-nutri-support\/#breadcrumb","itemListElement":[{"@type":"ListItem","position":1,"name":"Home","item":"https:\/\/clair.si\/hr\/"},{"@type":"ListItem","position":2,"name":"Trgovina","item":"https:\/\/clair.si\/trgovina\/"},{"@type":"ListItem","position":3,"name":"Cavalor Nutri Support"}]},{"@type":"WebSite","@id":"https:\/\/clair.si\/#website","url":"https:\/\/clair.si\/","name":"Clair","description":"Trgovina s konjeni\u0161ko opremo","publisher":{"@id":"https:\/\/clair.si\/#organization"},"potentialAction":[{"@type":"SearchAction","target":{"@type":"EntryPoint","urlTemplate":"https:\/\/clair.si\/?s={search_term_string}"},"query-input":{"@type":"PropertyValueSpecification","valueRequired":true,"valueName":"search_term_string"}}],"inLanguage":"hr"},{"@type":"Organization","@id":"https:\/\/clair.si\/#organization","name":"Clair","url":"https:\/\/clair.si\/","logo":{"@type":"ImageObject","inLanguage":"hr","@id":"https:\/\/clair.si\/#\/schema\/logo\/image\/","url":"https:\/\/clair.si\/wp-content\/uploads\/2022\/11\/clair_logo_2022.jpg","contentUrl":"https:\/\/clair.si\/wp-content\/uploads\/2022\/11\/clair_logo_2022.jpg","width":1920,"height":1920,"caption":"Clair"},"image":{"@id":"https:\/\/clair.si\/#\/schema\/logo\/image\/"},"sameAs":["https:\/\/www.facebook.com\/TrgovinaClair\/"]}]}},"_links":{"self":[{"href":"https:\/\/clair.si\/hr\/wp-json\/wp\/v2\/product\/96802","targetHints":{"allow":["GET"]}}],"collection":[{"href":"https:\/\/clair.si\/hr\/wp-json\/wp\/v2\/product"}],"about":[{"href":"https:\/\/clair.si\/hr\/wp-json\/wp\/v2\/types\/product"}],"version-history":[{"count":0,"href":"https:\/\/clair.si\/hr\/wp-json\/wp\/v2\/product\/96802\/revisions"}],"wp:featuredmedia":[{"embeddable":true,"href":"https:\/\/clair.si\/hr\/wp-json\/wp\/v2\/media\/96807"}],"wp:attachment":[{"href":"https:\/\/clair.si\/hr\/wp-json\/wp\/v2\/media?parent=96802"}],"wp:term":[{"taxonomy":"product_brand","embeddable":true,"href":"https:\/\/clair.si\/hr\/wp-json\/wp\/v2\/product_brand?post=96802"},{"taxonomy":"product_cat","embeddable":true,"href":"https:\/\/clair.si\/hr\/wp-json\/wp\/v2\/product_cat?post=96802"},{"taxonomy":"product_tag","embeddable":true,"href":"https:\/\/clair.si\/hr\/wp-json\/wp\/v2\/product_tag?post=96802"}],"curies":[{"name":"wp","href":"https:\/\/api.w.org\/{rel}","templated":true}]}}