{"id":96809,"date":"2024-02-12T12:48:48","date_gmt":"2024-02-12T11:48:48","guid":{"rendered":"https:\/\/clair.si\/izdelek\/cavalor-take-it-easy-forte\/"},"modified":"2025-08-27T14:59:25","modified_gmt":"2025-08-27T12:59:25","slug":"cavalor-take-it-easy-forte","status":"publish","type":"product","link":"https:\/\/clair.si\/hr\/izdelek\/cavalor-take-it-easy-forte\/","title":{"rendered":"Cavalor Take it easy forte"},"content":{"rendered":"<p><strong>Cavalor Take It Easy Forte<\/strong>, <strong>brzo djeluju\u0107i<\/strong>, <strong>iznimno sna\u017ean umiruju\u0107i dodatak u obliku paste<\/strong>. Cavalor Take It Easy Forte smanjuje utjecaj stresnih \u010dimbenika, a istovremeno poma\u017ee pri koncentraciji. <\/p>\n<p>Take It Easy Forte u obliku paste idealan je za upotrebu prije stresnih situacija, kao \u0161to su natjecanje i prijevoz.<\/p>\n<p>&nbsp;<\/p>\n<p><strong>Sastav:<\/strong><\/p>\n<p>Sadr\u017ei <strong>visoku dozu L-triptofana<\/strong>, koju u kombinaciji s vitaminom B1 tijelo brzo i u\u010dinkovito apsorbira. Triptofan poti\u010de stvaranje serotonina, tvari koja je prirodno prisutna u tijelu i djeluje kao prirodna obrana od stresa. Vitamin B1 poma\u017ee pri prijenosu impulsa do \u017eivaca, podr\u017eava nadbubre\u017ene \u017elijezde i ima umiruju\u0107e u\u010dinke.  <\/p>\n<p>Cavalor Take it Easy tako\u0111er sadr\u017ei magnezij, koji poma\u017ee pri opu\u0161tanju mi\u0161i\u0107a. Cavalor Take It Easy Forte sadr\u017ei i dodatnu mje\u0161avinu eteri\u010dnih ulja. Svaki od njih djeluje na svoj na\u010din pri uklanjanju u\u010dinaka stresa (disanje, cirkulacija, anksioznost itd.).  <\/p>\n<p>Svaki se konj druga\u010dije nosi sa stresom. Ova mje\u0161avina razli\u010ditih ulja stvara formulu za smanjivanje stresa, koja je u\u010dinkovita kod razli\u010ditih konja i u razli\u010ditim situacijama. Cavalor Take It Easy Forte sadr\u017ei sljede\u0107a eteri\u010dna ulja: Humulus Lupulus, Citrus Reticulata blanco, Cananga odorata, Juniperus mexicana i Vetiveria zizanoides.  <\/p>\n<p>Analiti\u010dki sastav: sirovi proteini 28,4 %, sirova mast 0,14 %, sirovi pepeo 0,33 %, magnezij 0,01 %, kalcij 0,06 %, fosfor 0,01, natrij 0,3 %<\/p>\n<p>&nbsp;<\/p>\n<p><strong>Upute za hranjenje:<\/strong><\/p>\n<p>Ovisno o stupnju stresa: 1\/2 do 1 injekcijska \u0161prica, 24 sata prije doga\u0111aja koji uzrokuje stres. Za najbolje rezultate: 1\/3 ve\u010der prije, 1\/3 ujutro i 1\/3 1 sat prije doga\u0111aja koji uzrokuje stres. Najvi\u0161e 3 injekcijske \u0161price na dan.  <\/p>\n","protected":false},"excerpt":{"rendered":"<ul>\n<li>Poma\u017ee pri brzom osloba\u0111anju od stresa, tako da je va\u0161 konj tijekom natjecanja mirniji i usredoto\u010deniji<\/li>\n<li>Prirodno u\u010dinkovito: sinergijski u\u010dinci eteri\u010dnih ulja.<\/li>\n<li>Podr\u017eava di\u0161ni i krvo\u017eilni sustav za optimalno ubla\u017eavanje stresa<\/li>\n<\/ul>\n<p><strong>Koli\u010dina: 60 g<\/strong><\/p>\n","protected":false},"featured_media":96811,"template":"","meta":{"footnotes":""},"product_brand":[],"product_cat":[5711,5624,5710,5712],"product_tag":[],"class_list":{"0":"post-96809","1":"product","2":"type-product","3":"status-publish","4":"has-post-thumbnail","6":"product_cat-hrana-i-prehrambeni-dodaci-cavalor","7":"product_cat-konj-hr","8":"product_cat-hrana-za-konje-hr","9":"product_cat-prehrambeni-dodaci","11":"first","12":"instock","13":"shipping-taxable","14":"purchasable","15":"product-type-simple"},"yoast_head":"<!-- This site is optimized with the Yoast SEO plugin v27.4 - https:\/\/yoast.com\/product\/yoast-seo-wordpress\/ -->\n<title>Cavalor Take it easy forte - Clair<\/title>\n<meta name=\"description\" content=\"Poma\u017ee pri brzom osloba\u0111anju od stresa, tako da je va\u0161 konj tijekom natjecanja mirniji i usredoto\u010deniji  Prirodno u\u010dinkovito: sinergijski u\u010dinci eteri\u010dnih ulja.  Podr\u017eava di\u0161ni i krvo\u017eilni sustav za optimalno ubla\u017eavanje stresa Koli\u010dina: 60 g\" \/>\n<meta name=\"robots\" content=\"index, follow, max-snippet:-1, max-image-preview:large, max-video-preview:-1\" \/>\n<link rel=\"canonical\" href=\"https:\/\/clair.si\/hr\/izdelek\/cavalor-take-it-easy-forte\/\" \/>\n<meta property=\"og:locale\" content=\"hr_HR\" \/>\n<meta property=\"og:type\" content=\"article\" \/>\n<meta property=\"og:title\" content=\"Cavalor Take it easy forte - Clair\" \/>\n<meta property=\"og:description\" content=\"Poma\u017ee pri brzom osloba\u0111anju od stresa, tako da je va\u0161 konj tijekom natjecanja mirniji i usredoto\u010deniji  Prirodno u\u010dinkovito: sinergijski u\u010dinci eteri\u010dnih ulja.  Podr\u017eava di\u0161ni i krvo\u017eilni sustav za optimalno ubla\u017eavanje stresa Koli\u010dina: 60 g\" \/>\n<meta property=\"og:url\" content=\"https:\/\/clair.si\/hr\/izdelek\/cavalor-take-it-easy-forte\/\" \/>\n<meta property=\"og:site_name\" content=\"Clair\" \/>\n<meta property=\"article:publisher\" content=\"https:\/\/www.facebook.com\/TrgovinaClair\/\" \/>\n<meta property=\"article:modified_time\" content=\"2025-08-27T12:59:25+00:00\" \/>\n<meta property=\"og:image\" content=\"https:\/\/clair.si\/wp-content\/uploads\/2024\/02\/TakeItEasyForteN1-jpg.webp\" \/>\n\t<meta property=\"og:image:width\" content=\"550\" \/>\n\t<meta property=\"og:image:height\" content=\"550\" \/>\n\t<meta property=\"og:image:type\" content=\"image\/jpeg\" \/>\n<meta name=\"twitter:card\" content=\"summary_large_image\" \/>\n<meta name=\"twitter:label1\" content=\"Procijenjeno vrijeme \u010ditanja\" \/>\n\t<meta name=\"twitter:data1\" content=\"1 minuta\" \/>\n<script type=\"application\/ld+json\" class=\"yoast-schema-graph\">{\"@context\":\"https:\\\/\\\/schema.org\",\"@graph\":[{\"@type\":\"WebPage\",\"@id\":\"https:\\\/\\\/clair.si\\\/hr\\\/izdelek\\\/cavalor-take-it-easy-forte\\\/\",\"url\":\"https:\\\/\\\/clair.si\\\/hr\\\/izdelek\\\/cavalor-take-it-easy-forte\\\/\",\"name\":\"Cavalor Take it easy forte - Clair\",\"isPartOf\":{\"@id\":\"https:\\\/\\\/clair.si\\\/#website\"},\"primaryImageOfPage\":{\"@id\":\"https:\\\/\\\/clair.si\\\/hr\\\/izdelek\\\/cavalor-take-it-easy-forte\\\/#primaryimage\"},\"image\":{\"@id\":\"https:\\\/\\\/clair.si\\\/hr\\\/izdelek\\\/cavalor-take-it-easy-forte\\\/#primaryimage\"},\"thumbnailUrl\":\"https:\\\/\\\/clair.si\\\/wp-content\\\/uploads\\\/2024\\\/02\\\/TakeItEasyForteN1-jpg.webp\",\"datePublished\":\"2024-02-12T11:48:48+00:00\",\"dateModified\":\"2025-08-27T12:59:25+00:00\",\"description\":\"Poma\u017ee pri brzom osloba\u0111anju od stresa, tako da je va\u0161 konj tijekom natjecanja mirniji i usredoto\u010deniji Prirodno u\u010dinkovito: sinergijski u\u010dinci eteri\u010dnih ulja. Podr\u017eava di\u0161ni i krvo\u017eilni sustav za optimalno ubla\u017eavanje stresa Koli\u010dina: 60 g\",\"breadcrumb\":{\"@id\":\"https:\\\/\\\/clair.si\\\/hr\\\/izdelek\\\/cavalor-take-it-easy-forte\\\/#breadcrumb\"},\"inLanguage\":\"hr\",\"potentialAction\":[{\"@type\":\"ReadAction\",\"target\":[\"https:\\\/\\\/clair.si\\\/hr\\\/izdelek\\\/cavalor-take-it-easy-forte\\\/\"]}]},{\"@type\":\"ImageObject\",\"inLanguage\":\"hr\",\"@id\":\"https:\\\/\\\/clair.si\\\/hr\\\/izdelek\\\/cavalor-take-it-easy-forte\\\/#primaryimage\",\"url\":\"https:\\\/\\\/clair.si\\\/wp-content\\\/uploads\\\/2024\\\/02\\\/TakeItEasyForteN1-jpg.webp\",\"contentUrl\":\"https:\\\/\\\/clair.si\\\/wp-content\\\/uploads\\\/2024\\\/02\\\/TakeItEasyForteN1-jpg.webp\",\"width\":550,\"height\":550},{\"@type\":\"BreadcrumbList\",\"@id\":\"https:\\\/\\\/clair.si\\\/hr\\\/izdelek\\\/cavalor-take-it-easy-forte\\\/#breadcrumb\",\"itemListElement\":[{\"@type\":\"ListItem\",\"position\":1,\"name\":\"Home\",\"item\":\"https:\\\/\\\/clair.si\\\/hr\\\/\"},{\"@type\":\"ListItem\",\"position\":2,\"name\":\"Trgovina\",\"item\":\"https:\\\/\\\/clair.si\\\/trgovina\\\/\"},{\"@type\":\"ListItem\",\"position\":3,\"name\":\"Cavalor Take it easy forte\"}]},{\"@type\":\"WebSite\",\"@id\":\"https:\\\/\\\/clair.si\\\/#website\",\"url\":\"https:\\\/\\\/clair.si\\\/\",\"name\":\"Clair\",\"description\":\"Trgovina s konjeni\u0161ko opremo\",\"publisher\":{\"@id\":\"https:\\\/\\\/clair.si\\\/#organization\"},\"potentialAction\":[{\"@type\":\"SearchAction\",\"target\":{\"@type\":\"EntryPoint\",\"urlTemplate\":\"https:\\\/\\\/clair.si\\\/?s={search_term_string}\"},\"query-input\":{\"@type\":\"PropertyValueSpecification\",\"valueRequired\":true,\"valueName\":\"search_term_string\"}}],\"inLanguage\":\"hr\"},{\"@type\":\"Organization\",\"@id\":\"https:\\\/\\\/clair.si\\\/#organization\",\"name\":\"Clair\",\"url\":\"https:\\\/\\\/clair.si\\\/\",\"logo\":{\"@type\":\"ImageObject\",\"inLanguage\":\"hr\",\"@id\":\"https:\\\/\\\/clair.si\\\/#\\\/schema\\\/logo\\\/image\\\/\",\"url\":\"https:\\\/\\\/clair.si\\\/wp-content\\\/uploads\\\/2022\\\/11\\\/clair_logo_2022.jpg\",\"contentUrl\":\"https:\\\/\\\/clair.si\\\/wp-content\\\/uploads\\\/2022\\\/11\\\/clair_logo_2022.jpg\",\"width\":1920,\"height\":1920,\"caption\":\"Clair\"},\"image\":{\"@id\":\"https:\\\/\\\/clair.si\\\/#\\\/schema\\\/logo\\\/image\\\/\"},\"sameAs\":[\"https:\\\/\\\/www.facebook.com\\\/TrgovinaClair\\\/\"]}]}<\/script>\n<!-- \/ Yoast SEO plugin. -->","yoast_head_json":{"title":"Cavalor Take it easy forte - Clair","description":"Poma\u017ee pri brzom osloba\u0111anju od stresa, tako da je va\u0161 konj tijekom natjecanja mirniji i usredoto\u010deniji  Prirodno u\u010dinkovito: sinergijski u\u010dinci eteri\u010dnih ulja.  Podr\u017eava di\u0161ni i krvo\u017eilni sustav za optimalno ubla\u017eavanje stresa Koli\u010dina: 60 g","robots":{"index":"index","follow":"follow","max-snippet":"max-snippet:-1","max-image-preview":"max-image-preview:large","max-video-preview":"max-video-preview:-1"},"canonical":"https:\/\/clair.si\/hr\/izdelek\/cavalor-take-it-easy-forte\/","og_locale":"hr_HR","og_type":"article","og_title":"Cavalor Take it easy forte - Clair","og_description":"Poma\u017ee pri brzom osloba\u0111anju od stresa, tako da je va\u0161 konj tijekom natjecanja mirniji i usredoto\u010deniji  Prirodno u\u010dinkovito: sinergijski u\u010dinci eteri\u010dnih ulja.  Podr\u017eava di\u0161ni i krvo\u017eilni sustav za optimalno ubla\u017eavanje stresa Koli\u010dina: 60 g","og_url":"https:\/\/clair.si\/hr\/izdelek\/cavalor-take-it-easy-forte\/","og_site_name":"Clair","article_publisher":"https:\/\/www.facebook.com\/TrgovinaClair\/","article_modified_time":"2025-08-27T12:59:25+00:00","og_image":[{"width":550,"height":550,"url":"https:\/\/clair.si\/wp-content\/uploads\/2024\/02\/TakeItEasyForteN1-jpg.webp","type":"image\/jpeg"}],"twitter_card":"summary_large_image","twitter_misc":{"Procijenjeno vrijeme \u010ditanja":"1 minuta"},"schema":{"@context":"https:\/\/schema.org","@graph":[{"@type":"WebPage","@id":"https:\/\/clair.si\/hr\/izdelek\/cavalor-take-it-easy-forte\/","url":"https:\/\/clair.si\/hr\/izdelek\/cavalor-take-it-easy-forte\/","name":"Cavalor Take it easy forte - Clair","isPartOf":{"@id":"https:\/\/clair.si\/#website"},"primaryImageOfPage":{"@id":"https:\/\/clair.si\/hr\/izdelek\/cavalor-take-it-easy-forte\/#primaryimage"},"image":{"@id":"https:\/\/clair.si\/hr\/izdelek\/cavalor-take-it-easy-forte\/#primaryimage"},"thumbnailUrl":"https:\/\/clair.si\/wp-content\/uploads\/2024\/02\/TakeItEasyForteN1-jpg.webp","datePublished":"2024-02-12T11:48:48+00:00","dateModified":"2025-08-27T12:59:25+00:00","description":"Poma\u017ee pri brzom osloba\u0111anju od stresa, tako da je va\u0161 konj tijekom natjecanja mirniji i usredoto\u010deniji Prirodno u\u010dinkovito: sinergijski u\u010dinci eteri\u010dnih ulja. Podr\u017eava di\u0161ni i krvo\u017eilni sustav za optimalno ubla\u017eavanje stresa Koli\u010dina: 60 g","breadcrumb":{"@id":"https:\/\/clair.si\/hr\/izdelek\/cavalor-take-it-easy-forte\/#breadcrumb"},"inLanguage":"hr","potentialAction":[{"@type":"ReadAction","target":["https:\/\/clair.si\/hr\/izdelek\/cavalor-take-it-easy-forte\/"]}]},{"@type":"ImageObject","inLanguage":"hr","@id":"https:\/\/clair.si\/hr\/izdelek\/cavalor-take-it-easy-forte\/#primaryimage","url":"https:\/\/clair.si\/wp-content\/uploads\/2024\/02\/TakeItEasyForteN1-jpg.webp","contentUrl":"https:\/\/clair.si\/wp-content\/uploads\/2024\/02\/TakeItEasyForteN1-jpg.webp","width":550,"height":550},{"@type":"BreadcrumbList","@id":"https:\/\/clair.si\/hr\/izdelek\/cavalor-take-it-easy-forte\/#breadcrumb","itemListElement":[{"@type":"ListItem","position":1,"name":"Home","item":"https:\/\/clair.si\/hr\/"},{"@type":"ListItem","position":2,"name":"Trgovina","item":"https:\/\/clair.si\/trgovina\/"},{"@type":"ListItem","position":3,"name":"Cavalor Take it easy forte"}]},{"@type":"WebSite","@id":"https:\/\/clair.si\/#website","url":"https:\/\/clair.si\/","name":"Clair","description":"Trgovina s konjeni\u0161ko opremo","publisher":{"@id":"https:\/\/clair.si\/#organization"},"potentialAction":[{"@type":"SearchAction","target":{"@type":"EntryPoint","urlTemplate":"https:\/\/clair.si\/?s={search_term_string}"},"query-input":{"@type":"PropertyValueSpecification","valueRequired":true,"valueName":"search_term_string"}}],"inLanguage":"hr"},{"@type":"Organization","@id":"https:\/\/clair.si\/#organization","name":"Clair","url":"https:\/\/clair.si\/","logo":{"@type":"ImageObject","inLanguage":"hr","@id":"https:\/\/clair.si\/#\/schema\/logo\/image\/","url":"https:\/\/clair.si\/wp-content\/uploads\/2022\/11\/clair_logo_2022.jpg","contentUrl":"https:\/\/clair.si\/wp-content\/uploads\/2022\/11\/clair_logo_2022.jpg","width":1920,"height":1920,"caption":"Clair"},"image":{"@id":"https:\/\/clair.si\/#\/schema\/logo\/image\/"},"sameAs":["https:\/\/www.facebook.com\/TrgovinaClair\/"]}]}},"_links":{"self":[{"href":"https:\/\/clair.si\/hr\/wp-json\/wp\/v2\/product\/96809","targetHints":{"allow":["GET"]}}],"collection":[{"href":"https:\/\/clair.si\/hr\/wp-json\/wp\/v2\/product"}],"about":[{"href":"https:\/\/clair.si\/hr\/wp-json\/wp\/v2\/types\/product"}],"version-history":[{"count":0,"href":"https:\/\/clair.si\/hr\/wp-json\/wp\/v2\/product\/96809\/revisions"}],"wp:featuredmedia":[{"embeddable":true,"href":"https:\/\/clair.si\/hr\/wp-json\/wp\/v2\/media\/96811"}],"wp:attachment":[{"href":"https:\/\/clair.si\/hr\/wp-json\/wp\/v2\/media?parent=96809"}],"wp:term":[{"taxonomy":"product_brand","embeddable":true,"href":"https:\/\/clair.si\/hr\/wp-json\/wp\/v2\/product_brand?post=96809"},{"taxonomy":"product_cat","embeddable":true,"href":"https:\/\/clair.si\/hr\/wp-json\/wp\/v2\/product_cat?post=96809"},{"taxonomy":"product_tag","embeddable":true,"href":"https:\/\/clair.si\/hr\/wp-json\/wp\/v2\/product_tag?post=96809"}],"curies":[{"name":"wp","href":"https:\/\/api.w.org\/{rel}","templated":true}]}}