{"id":96814,"date":"2024-02-12T12:57:14","date_gmt":"2024-02-12T11:57:14","guid":{"rendered":"https:\/\/clair.si\/izdelek\/cavalor-muscle-motion\/"},"modified":"2025-08-27T14:59:31","modified_gmt":"2025-08-27T12:59:31","slug":"cavalor-muscle-motion","status":"publish","type":"product","link":"https:\/\/clair.si\/hr\/izdelek\/cavalor-muscle-motion\/","title":{"rendered":"Cavalor Muscle Motion"},"content":{"rendered":"<p><strong>Cavalor Muscle Motion podr\u017eava zdravo funkcioniranje mi\u0161i\u0107a.<\/strong> Napor tijekom treninga i natjecanja uzrokuje nastanak nusproizvoda, kao \u0161to su mlije\u010dna kiselina i slobodni radikali. Oni mogu o\u0161tetiti mi\u0161i\u0107ne stanice. <\/p>\n<p>Poma\u017ee ograni\u010diti \u0161tetu koju uzrokuju i tako sprije\u010diti acidozu. To odr\u017eava konjeve mi\u0161i\u0107e fleksibilnima. Cavalor Muscle Motion sadr\u017ei vitamin E i selen zajedno sa sna\u017enom kombinacijom antioksidansa i pufera za magnezij i MSM. Cavalor Muscle Motion podr\u017eava i \u0161titi mi\u0161i\u0107e tijekom rada.   <\/p>\n<p><strong>Sastav:<\/strong><\/p>\n<p>Cavalor Muscle Motion je <strong>sna\u017ena mje\u0161avina antioksidansa sa sinergisti\u010dkim u\u010dincima<\/strong>. <strong>Vitamin E<\/strong> i <strong>selen<\/strong> su najpoznatiji sastojci dodataka za mi\u0161i\u0107e.<\/p>\n<p>Osim ovih antioksidansa, ova mje\u0161avina sadr\u017ei i <strong>vitamin C<\/strong>, <strong>betakaroten<\/strong> i <strong>bioflavonoide<\/strong>, koji \u0161tite stanice od slobodnih radikala. Ova kombinacija razli\u010ditih antioksidansa ne samo da djeluje u\u010dinkovitije, ve\u0107 zna\u010di i da nam treba manje selena. <\/p>\n<p>Analiti\u010dki sastav po kg: metilsulfonilmetan (MSM) 3 %, magnezij 1,5 %, mangan 1,65 mg, vitamin B1 5.000 mg, vitamin B2 1.600 mg, vitamin B12 20 mg, betain hidroklorid \/ dimetilglicin 104.811 mg, cink 1.031 mg, natrijev hidrogenkarbonat 10 %, vitamin E 41,902 I.U., selen 10 mg, vitamin C 260.005 mg<\/p>\n<p><strong>Upute za hranjenje:<\/strong><\/p>\n<p>Svaki konj ne treba istu razinu podr\u0161ke. Ako se intenzitet treninga promijeni, imamo druge dodatke koji mo\u017eda bolje odgovaraju potrebama va\u0161eg konja. <\/p>\n<p>Cavalor LactaTec pru\u017ea ja\u010de u\u010dinke od Cavalor Muscle Motion s najvi\u0161om razinom podr\u0161ke mi\u0161i\u0107nim funkcijama tijekom ve\u0107ih doga\u0111aja ili razdoblja intenzivnog rada. Osim \u0161to \u0161titi mi\u0161i\u0107ne stanice od o\u0161te\u0107enja, Cavalor LactaTec pobolj\u0161ava mi\u0161i\u0107ni metabolizam i podr\u017eava opskrbu mi\u0161i\u0107a kisikom i krvlju za vrhunske performanse. <\/p>\n<p>Cavalor Muscle Motion je mo\u017eda prikladniji za va\u0161eg konja ako mi\u0161i\u0107i nisu jako optere\u0107eni i \u017eelite samo dodatnu podr\u0161ku. Cavalor Muscle Motion odr\u017eava mi\u0161i\u0107e zdravima i poma\u017ee ih za\u0161tititi od \u0161tetnih u\u010dinaka mlije\u010dne kiseline i slobodnih radikala. <\/p>\n<p>Preporu\u010deno hranjenje Cavalor Muscle Motion: 15 grama dva puta dnevno, najvi\u0161e 120 grama po konju dnevno.<\/p>\n","protected":false},"excerpt":{"rendered":"<ul>\n<li>Odr\u017eava mi\u0161i\u0107e fleksibilnima i zdravima<\/li>\n<li>\u0160titi mi\u0161i\u0107ne stanice<\/li>\n<li>Sprje\u010dava acidozu i o\u0161te\u0107enja mi\u0161i\u0107a<\/li>\n<\/ul>\n<p><strong>Koli\u010dina: 1 kg<\/strong><\/p>\n","protected":false},"featured_media":96816,"template":"","meta":{"footnotes":""},"product_brand":[],"product_cat":[5711,5624,5710,5712],"product_tag":[],"class_list":{"0":"post-96814","1":"product","2":"type-product","3":"status-publish","4":"has-post-thumbnail","6":"product_cat-hrana-i-prehrambeni-dodaci-cavalor","7":"product_cat-konj-hr","8":"product_cat-hrana-za-konje-hr","9":"product_cat-prehrambeni-dodaci","11":"first","12":"instock","13":"shipping-taxable","14":"purchasable","15":"product-type-simple"},"yoast_head":"<!-- This site is optimized with the Yoast SEO plugin v27.4 - https:\/\/yoast.com\/product\/yoast-seo-wordpress\/ -->\n<title>Cavalor Muscle Motion - Clair<\/title>\n<meta name=\"description\" content=\"Odr\u017eava mi\u0161i\u0107e fleksibilnima i zdravima  \u0160titi mi\u0161i\u0107ne stanice  Sprje\u010dava acidozu i o\u0161te\u0107enja mi\u0161i\u0107a Koli\u010dina: 1 kg\" \/>\n<meta name=\"robots\" content=\"index, follow, max-snippet:-1, max-image-preview:large, max-video-preview:-1\" \/>\n<link rel=\"canonical\" href=\"https:\/\/clair.si\/hr\/izdelek\/cavalor-muscle-motion\/\" \/>\n<meta property=\"og:locale\" content=\"hr_HR\" \/>\n<meta property=\"og:type\" content=\"article\" \/>\n<meta property=\"og:title\" content=\"Cavalor Muscle Motion - Clair\" \/>\n<meta property=\"og:description\" content=\"Odr\u017eava mi\u0161i\u0107e fleksibilnima i zdravima  \u0160titi mi\u0161i\u0107ne stanice  Sprje\u010dava acidozu i o\u0161te\u0107enja mi\u0161i\u0107a Koli\u010dina: 1 kg\" \/>\n<meta property=\"og:url\" content=\"https:\/\/clair.si\/hr\/izdelek\/cavalor-muscle-motion\/\" \/>\n<meta property=\"og:site_name\" content=\"Clair\" \/>\n<meta property=\"article:publisher\" content=\"https:\/\/www.facebook.com\/TrgovinaClair\/\" \/>\n<meta property=\"article:modified_time\" content=\"2025-08-27T12:59:31+00:00\" \/>\n<meta property=\"og:image\" content=\"https:\/\/clair.si\/wp-content\/uploads\/2024\/02\/MuscleMotion1-jpg.webp\" \/>\n\t<meta property=\"og:image:width\" content=\"550\" \/>\n\t<meta property=\"og:image:height\" content=\"550\" \/>\n\t<meta property=\"og:image:type\" content=\"image\/jpeg\" \/>\n<meta name=\"twitter:card\" content=\"summary_large_image\" \/>\n<meta name=\"twitter:label1\" content=\"Procijenjeno vrijeme \u010ditanja\" \/>\n\t<meta name=\"twitter:data1\" content=\"2 minute\" \/>\n<script type=\"application\/ld+json\" class=\"yoast-schema-graph\">{\"@context\":\"https:\\\/\\\/schema.org\",\"@graph\":[{\"@type\":\"WebPage\",\"@id\":\"https:\\\/\\\/clair.si\\\/hr\\\/izdelek\\\/cavalor-muscle-motion\\\/\",\"url\":\"https:\\\/\\\/clair.si\\\/hr\\\/izdelek\\\/cavalor-muscle-motion\\\/\",\"name\":\"Cavalor Muscle Motion - Clair\",\"isPartOf\":{\"@id\":\"https:\\\/\\\/clair.si\\\/#website\"},\"primaryImageOfPage\":{\"@id\":\"https:\\\/\\\/clair.si\\\/hr\\\/izdelek\\\/cavalor-muscle-motion\\\/#primaryimage\"},\"image\":{\"@id\":\"https:\\\/\\\/clair.si\\\/hr\\\/izdelek\\\/cavalor-muscle-motion\\\/#primaryimage\"},\"thumbnailUrl\":\"https:\\\/\\\/clair.si\\\/wp-content\\\/uploads\\\/2024\\\/02\\\/MuscleMotion1-jpg.webp\",\"datePublished\":\"2024-02-12T11:57:14+00:00\",\"dateModified\":\"2025-08-27T12:59:31+00:00\",\"description\":\"Odr\u017eava mi\u0161i\u0107e fleksibilnima i zdravima \u0160titi mi\u0161i\u0107ne stanice Sprje\u010dava acidozu i o\u0161te\u0107enja mi\u0161i\u0107a Koli\u010dina: 1 kg\",\"breadcrumb\":{\"@id\":\"https:\\\/\\\/clair.si\\\/hr\\\/izdelek\\\/cavalor-muscle-motion\\\/#breadcrumb\"},\"inLanguage\":\"hr\",\"potentialAction\":[{\"@type\":\"ReadAction\",\"target\":[\"https:\\\/\\\/clair.si\\\/hr\\\/izdelek\\\/cavalor-muscle-motion\\\/\"]}]},{\"@type\":\"ImageObject\",\"inLanguage\":\"hr\",\"@id\":\"https:\\\/\\\/clair.si\\\/hr\\\/izdelek\\\/cavalor-muscle-motion\\\/#primaryimage\",\"url\":\"https:\\\/\\\/clair.si\\\/wp-content\\\/uploads\\\/2024\\\/02\\\/MuscleMotion1-jpg.webp\",\"contentUrl\":\"https:\\\/\\\/clair.si\\\/wp-content\\\/uploads\\\/2024\\\/02\\\/MuscleMotion1-jpg.webp\",\"width\":550,\"height\":550},{\"@type\":\"BreadcrumbList\",\"@id\":\"https:\\\/\\\/clair.si\\\/hr\\\/izdelek\\\/cavalor-muscle-motion\\\/#breadcrumb\",\"itemListElement\":[{\"@type\":\"ListItem\",\"position\":1,\"name\":\"Home\",\"item\":\"https:\\\/\\\/clair.si\\\/hr\\\/\"},{\"@type\":\"ListItem\",\"position\":2,\"name\":\"Trgovina\",\"item\":\"https:\\\/\\\/clair.si\\\/trgovina\\\/\"},{\"@type\":\"ListItem\",\"position\":3,\"name\":\"Cavalor Muscle Motion\"}]},{\"@type\":\"WebSite\",\"@id\":\"https:\\\/\\\/clair.si\\\/#website\",\"url\":\"https:\\\/\\\/clair.si\\\/\",\"name\":\"Clair\",\"description\":\"Trgovina s konjeni\u0161ko opremo\",\"publisher\":{\"@id\":\"https:\\\/\\\/clair.si\\\/#organization\"},\"potentialAction\":[{\"@type\":\"SearchAction\",\"target\":{\"@type\":\"EntryPoint\",\"urlTemplate\":\"https:\\\/\\\/clair.si\\\/?s={search_term_string}\"},\"query-input\":{\"@type\":\"PropertyValueSpecification\",\"valueRequired\":true,\"valueName\":\"search_term_string\"}}],\"inLanguage\":\"hr\"},{\"@type\":\"Organization\",\"@id\":\"https:\\\/\\\/clair.si\\\/#organization\",\"name\":\"Clair\",\"url\":\"https:\\\/\\\/clair.si\\\/\",\"logo\":{\"@type\":\"ImageObject\",\"inLanguage\":\"hr\",\"@id\":\"https:\\\/\\\/clair.si\\\/#\\\/schema\\\/logo\\\/image\\\/\",\"url\":\"https:\\\/\\\/clair.si\\\/wp-content\\\/uploads\\\/2022\\\/11\\\/clair_logo_2022.jpg\",\"contentUrl\":\"https:\\\/\\\/clair.si\\\/wp-content\\\/uploads\\\/2022\\\/11\\\/clair_logo_2022.jpg\",\"width\":1920,\"height\":1920,\"caption\":\"Clair\"},\"image\":{\"@id\":\"https:\\\/\\\/clair.si\\\/#\\\/schema\\\/logo\\\/image\\\/\"},\"sameAs\":[\"https:\\\/\\\/www.facebook.com\\\/TrgovinaClair\\\/\"]}]}<\/script>\n<!-- \/ Yoast SEO plugin. -->","yoast_head_json":{"title":"Cavalor Muscle Motion - Clair","description":"Odr\u017eava mi\u0161i\u0107e fleksibilnima i zdravima  \u0160titi mi\u0161i\u0107ne stanice  Sprje\u010dava acidozu i o\u0161te\u0107enja mi\u0161i\u0107a Koli\u010dina: 1 kg","robots":{"index":"index","follow":"follow","max-snippet":"max-snippet:-1","max-image-preview":"max-image-preview:large","max-video-preview":"max-video-preview:-1"},"canonical":"https:\/\/clair.si\/hr\/izdelek\/cavalor-muscle-motion\/","og_locale":"hr_HR","og_type":"article","og_title":"Cavalor Muscle Motion - Clair","og_description":"Odr\u017eava mi\u0161i\u0107e fleksibilnima i zdravima  \u0160titi mi\u0161i\u0107ne stanice  Sprje\u010dava acidozu i o\u0161te\u0107enja mi\u0161i\u0107a Koli\u010dina: 1 kg","og_url":"https:\/\/clair.si\/hr\/izdelek\/cavalor-muscle-motion\/","og_site_name":"Clair","article_publisher":"https:\/\/www.facebook.com\/TrgovinaClair\/","article_modified_time":"2025-08-27T12:59:31+00:00","og_image":[{"width":550,"height":550,"url":"https:\/\/clair.si\/wp-content\/uploads\/2024\/02\/MuscleMotion1-jpg.webp","type":"image\/jpeg"}],"twitter_card":"summary_large_image","twitter_misc":{"Procijenjeno vrijeme \u010ditanja":"2 minute"},"schema":{"@context":"https:\/\/schema.org","@graph":[{"@type":"WebPage","@id":"https:\/\/clair.si\/hr\/izdelek\/cavalor-muscle-motion\/","url":"https:\/\/clair.si\/hr\/izdelek\/cavalor-muscle-motion\/","name":"Cavalor Muscle Motion - Clair","isPartOf":{"@id":"https:\/\/clair.si\/#website"},"primaryImageOfPage":{"@id":"https:\/\/clair.si\/hr\/izdelek\/cavalor-muscle-motion\/#primaryimage"},"image":{"@id":"https:\/\/clair.si\/hr\/izdelek\/cavalor-muscle-motion\/#primaryimage"},"thumbnailUrl":"https:\/\/clair.si\/wp-content\/uploads\/2024\/02\/MuscleMotion1-jpg.webp","datePublished":"2024-02-12T11:57:14+00:00","dateModified":"2025-08-27T12:59:31+00:00","description":"Odr\u017eava mi\u0161i\u0107e fleksibilnima i zdravima \u0160titi mi\u0161i\u0107ne stanice Sprje\u010dava acidozu i o\u0161te\u0107enja mi\u0161i\u0107a Koli\u010dina: 1 kg","breadcrumb":{"@id":"https:\/\/clair.si\/hr\/izdelek\/cavalor-muscle-motion\/#breadcrumb"},"inLanguage":"hr","potentialAction":[{"@type":"ReadAction","target":["https:\/\/clair.si\/hr\/izdelek\/cavalor-muscle-motion\/"]}]},{"@type":"ImageObject","inLanguage":"hr","@id":"https:\/\/clair.si\/hr\/izdelek\/cavalor-muscle-motion\/#primaryimage","url":"https:\/\/clair.si\/wp-content\/uploads\/2024\/02\/MuscleMotion1-jpg.webp","contentUrl":"https:\/\/clair.si\/wp-content\/uploads\/2024\/02\/MuscleMotion1-jpg.webp","width":550,"height":550},{"@type":"BreadcrumbList","@id":"https:\/\/clair.si\/hr\/izdelek\/cavalor-muscle-motion\/#breadcrumb","itemListElement":[{"@type":"ListItem","position":1,"name":"Home","item":"https:\/\/clair.si\/hr\/"},{"@type":"ListItem","position":2,"name":"Trgovina","item":"https:\/\/clair.si\/trgovina\/"},{"@type":"ListItem","position":3,"name":"Cavalor Muscle Motion"}]},{"@type":"WebSite","@id":"https:\/\/clair.si\/#website","url":"https:\/\/clair.si\/","name":"Clair","description":"Trgovina s konjeni\u0161ko opremo","publisher":{"@id":"https:\/\/clair.si\/#organization"},"potentialAction":[{"@type":"SearchAction","target":{"@type":"EntryPoint","urlTemplate":"https:\/\/clair.si\/?s={search_term_string}"},"query-input":{"@type":"PropertyValueSpecification","valueRequired":true,"valueName":"search_term_string"}}],"inLanguage":"hr"},{"@type":"Organization","@id":"https:\/\/clair.si\/#organization","name":"Clair","url":"https:\/\/clair.si\/","logo":{"@type":"ImageObject","inLanguage":"hr","@id":"https:\/\/clair.si\/#\/schema\/logo\/image\/","url":"https:\/\/clair.si\/wp-content\/uploads\/2022\/11\/clair_logo_2022.jpg","contentUrl":"https:\/\/clair.si\/wp-content\/uploads\/2022\/11\/clair_logo_2022.jpg","width":1920,"height":1920,"caption":"Clair"},"image":{"@id":"https:\/\/clair.si\/#\/schema\/logo\/image\/"},"sameAs":["https:\/\/www.facebook.com\/TrgovinaClair\/"]}]}},"_links":{"self":[{"href":"https:\/\/clair.si\/hr\/wp-json\/wp\/v2\/product\/96814","targetHints":{"allow":["GET"]}}],"collection":[{"href":"https:\/\/clair.si\/hr\/wp-json\/wp\/v2\/product"}],"about":[{"href":"https:\/\/clair.si\/hr\/wp-json\/wp\/v2\/types\/product"}],"version-history":[{"count":0,"href":"https:\/\/clair.si\/hr\/wp-json\/wp\/v2\/product\/96814\/revisions"}],"wp:featuredmedia":[{"embeddable":true,"href":"https:\/\/clair.si\/hr\/wp-json\/wp\/v2\/media\/96816"}],"wp:attachment":[{"href":"https:\/\/clair.si\/hr\/wp-json\/wp\/v2\/media?parent=96814"}],"wp:term":[{"taxonomy":"product_brand","embeddable":true,"href":"https:\/\/clair.si\/hr\/wp-json\/wp\/v2\/product_brand?post=96814"},{"taxonomy":"product_cat","embeddable":true,"href":"https:\/\/clair.si\/hr\/wp-json\/wp\/v2\/product_cat?post=96814"},{"taxonomy":"product_tag","embeddable":true,"href":"https:\/\/clair.si\/hr\/wp-json\/wp\/v2\/product_tag?post=96814"}],"curies":[{"name":"wp","href":"https:\/\/api.w.org\/{rel}","templated":true}]}}