{"id":96822,"date":"2024-02-12T13:37:16","date_gmt":"2024-02-12T12:37:16","guid":{"rendered":"https:\/\/clair.si\/izdelek\/cavalor-arti-motion\/"},"modified":"2025-09-01T00:47:27","modified_gmt":"2025-08-31T22:47:27","slug":"cavalor-arti-motion","status":"publish","type":"product","link":"https:\/\/clair.si\/hr\/izdelek\/cavalor-arti-motion\/","title":{"rendered":"Cavalor Arti Motion"},"content":{"rendered":"<p><strong>Cavalor Arti Motion pru\u017ea optimalnu podr\u0161ku za zdrave zglobove i tetive.<\/strong> Sadr\u017ei hranjive tvari, uklju\u010duju\u0107i kolagen, metilsulfonilmetan (MSM), glukozamin i hondroitin sulfat, koji su poznati po svojim pozitivnim u\u010dincima na zglobove.<\/p>\n<p>Cavalor Arti Motion poma\u017ee u odr\u017eavanju jakih kostiju i fleksibilnih zglobova kod konja, kod konja u razvoju, onih koji tek po\u010dinju raditi i starijih konja. <strong>Pogodan i za sportske konje.<\/strong><\/p>\n<p>&nbsp;<\/p>\n<p><strong>Sastav:<\/strong><\/p>\n<p>Sve je u mje\u0161avini \u2212 profinjena mje\u0161avina biljnih sastojaka. Linija Cavalor Arti sadr\u017ei posebnu <strong>mje\u0161avinu bilja i eteri\u010dnih ulja<\/strong>, uklju\u010duju\u0107i Ananasus comosus, Curcuma longa, Boswellia serrata, Equisetum arvensis, Echinacea purpurea i Citrus aurantifolia. <\/p>\n<p>Sastojci u ovoj mje\u0161avini imaju aditivne i sinergijske u\u010dinke, koje su znanstveno dokazali na\u0161i istra\u017eiva\u010di. Ova mje\u0161avina bilja i eteri\u010dnih ulja osigurava brzu u\u010dinkovitost u oporavku zglobova i smanjuje uko\u010denost. <\/p>\n<p>Tako\u0111er, veliku pozornost posve\u0107ujemo kvaliteti sirovina, \u0161to kod bilja zaista zna\u010di razliku u zajam\u010denoj koncentraciji i u\u010dinku. Na primjer, oblik kurkume koji koristimo sadr\u017ei 95 % kurkuminoida, aktivnog sastojka. <\/p>\n<p>Analiti\u010dki sastav po kg: sirovi proteini 24,3 %, sirova mast 0,03 %, sirovi pepeo 18,2 %, sirove vlaknine 0,1 %, kalcij 3,9 %, fosfor 1,8 %, vitamin C 20.000 mg, cink 11.113,2 mg, mangan 11.113,2 mg, bakar 1.250,1 mg<\/p>\n<p>&nbsp;<\/p>\n<p><strong>Upute za hranjenje:<\/strong><\/p>\n<p>Svaki konj ne treba istu razinu za\u0161tite. Cavalor Arti Motion podr\u017eava zdrave tetive i zglobove i idealna je hrana za konje u razvoju i one koji tek po\u010dinju raditi ili nisu u te\u0161kom radu. S pove\u0107anjem intenziteta rada pove\u0107ava se i optere\u0107enje tetiva i zglobova, \u0161to posljedi\u010dno pove\u0107ava rizik od ozljeda.  <\/p>\n<p>Cavalor Arti Matrix ispunjava pove\u0107ane mi\u0161i\u0107no-ko\u0161tane potrebe sportskih konja i pru\u017ea dodatnu podr\u0161ku. Cavalor ArtiTec nudi isprobanu za\u0161titu u \u0161picama i poma\u017ee u ubla\u017eavanju negativnih u\u010dinaka preoptere\u0107enja. <\/p>\n<p><strong>Preporu\u010dena prehrana Cavalor Arti Motion: Poniji i konji za slobodno vrijeme: 30 g\/dan | Sportski konji: 45 g\/dan.<\/strong><\/p>\n","protected":false},"excerpt":{"rendered":"<ul>\n<li>Poma\u017ee u odr\u017eavanju jakih kostiju i fleksibilnih zglobova<\/li>\n<li>Sadr\u017ei kolagen, MSM i glukozamin<\/li>\n<li>Za konje koji se uvode u rad i za starije konje kojima je potrebna dodatna podr\u0161ka<\/li>\n<\/ul>\n<p><strong>Koli\u010dina: 2 kg<\/strong><\/p>\n","protected":false},"featured_media":96826,"template":"","meta":{"footnotes":""},"product_brand":[],"product_cat":[5711,5710,5712],"product_tag":[],"class_list":{"0":"post-96822","1":"product","2":"type-product","3":"status-publish","4":"has-post-thumbnail","6":"product_cat-hrana-i-prehrambeni-dodaci-cavalor","7":"product_cat-hrana-za-konje-hr","8":"product_cat-prehrambeni-dodaci","10":"first","11":"instock","12":"shipping-taxable","13":"purchasable","14":"product-type-simple"},"yoast_head":"<!-- This site is optimized with the Yoast SEO plugin v27.4 - https:\/\/yoast.com\/product\/yoast-seo-wordpress\/ -->\n<title>Cavalor Arti Motion - Clair<\/title>\n<meta name=\"description\" content=\"Poma\u017ee u odr\u017eavanju jakih kostiju i fleksibilnih zglobova  Sadr\u017ei kolagen, MSM i glukozamin  Za konje koji se uvode u rad i za starije konje kojima je potrebna dodatna podr\u0161ka Koli\u010dina: 2 kg\" \/>\n<meta name=\"robots\" content=\"index, follow, max-snippet:-1, max-image-preview:large, max-video-preview:-1\" \/>\n<link rel=\"canonical\" href=\"https:\/\/clair.si\/hr\/izdelek\/cavalor-arti-motion\/\" \/>\n<meta property=\"og:locale\" content=\"hr_HR\" \/>\n<meta property=\"og:type\" content=\"article\" \/>\n<meta property=\"og:title\" content=\"Cavalor Arti Motion - Clair\" \/>\n<meta property=\"og:description\" content=\"Poma\u017ee u odr\u017eavanju jakih kostiju i fleksibilnih zglobova  Sadr\u017ei kolagen, MSM i glukozamin  Za konje koji se uvode u rad i za starije konje kojima je potrebna dodatna podr\u0161ka Koli\u010dina: 2 kg\" \/>\n<meta property=\"og:url\" content=\"https:\/\/clair.si\/hr\/izdelek\/cavalor-arti-motion\/\" \/>\n<meta property=\"og:site_name\" content=\"Clair\" \/>\n<meta property=\"article:publisher\" content=\"https:\/\/www.facebook.com\/TrgovinaClair\/\" \/>\n<meta property=\"article:modified_time\" content=\"2025-08-31T22:47:27+00:00\" \/>\n<meta property=\"og:image\" content=\"https:\/\/clair.si\/wp-content\/uploads\/2024\/02\/ArtiMotion1-jpg.webp\" \/>\n\t<meta property=\"og:image:width\" content=\"550\" \/>\n\t<meta property=\"og:image:height\" content=\"550\" \/>\n\t<meta property=\"og:image:type\" content=\"image\/jpeg\" \/>\n<meta name=\"twitter:card\" content=\"summary_large_image\" \/>\n<meta name=\"twitter:label1\" content=\"Procijenjeno vrijeme \u010ditanja\" \/>\n\t<meta name=\"twitter:data1\" content=\"2 minute\" \/>\n<script type=\"application\/ld+json\" class=\"yoast-schema-graph\">{\"@context\":\"https:\\\/\\\/schema.org\",\"@graph\":[{\"@type\":\"WebPage\",\"@id\":\"https:\\\/\\\/clair.si\\\/hr\\\/izdelek\\\/cavalor-arti-motion\\\/\",\"url\":\"https:\\\/\\\/clair.si\\\/hr\\\/izdelek\\\/cavalor-arti-motion\\\/\",\"name\":\"Cavalor Arti Motion - Clair\",\"isPartOf\":{\"@id\":\"https:\\\/\\\/clair.si\\\/#website\"},\"primaryImageOfPage\":{\"@id\":\"https:\\\/\\\/clair.si\\\/hr\\\/izdelek\\\/cavalor-arti-motion\\\/#primaryimage\"},\"image\":{\"@id\":\"https:\\\/\\\/clair.si\\\/hr\\\/izdelek\\\/cavalor-arti-motion\\\/#primaryimage\"},\"thumbnailUrl\":\"https:\\\/\\\/clair.si\\\/wp-content\\\/uploads\\\/2024\\\/02\\\/ArtiMotion1-jpg.webp\",\"datePublished\":\"2024-02-12T12:37:16+00:00\",\"dateModified\":\"2025-08-31T22:47:27+00:00\",\"description\":\"Poma\u017ee u odr\u017eavanju jakih kostiju i fleksibilnih zglobova Sadr\u017ei kolagen, MSM i glukozamin Za konje koji se uvode u rad i za starije konje kojima je potrebna dodatna podr\u0161ka Koli\u010dina: 2 kg\",\"breadcrumb\":{\"@id\":\"https:\\\/\\\/clair.si\\\/hr\\\/izdelek\\\/cavalor-arti-motion\\\/#breadcrumb\"},\"inLanguage\":\"hr\",\"potentialAction\":[{\"@type\":\"ReadAction\",\"target\":[\"https:\\\/\\\/clair.si\\\/hr\\\/izdelek\\\/cavalor-arti-motion\\\/\"]}]},{\"@type\":\"ImageObject\",\"inLanguage\":\"hr\",\"@id\":\"https:\\\/\\\/clair.si\\\/hr\\\/izdelek\\\/cavalor-arti-motion\\\/#primaryimage\",\"url\":\"https:\\\/\\\/clair.si\\\/wp-content\\\/uploads\\\/2024\\\/02\\\/ArtiMotion1-jpg.webp\",\"contentUrl\":\"https:\\\/\\\/clair.si\\\/wp-content\\\/uploads\\\/2024\\\/02\\\/ArtiMotion1-jpg.webp\",\"width\":550,\"height\":550},{\"@type\":\"BreadcrumbList\",\"@id\":\"https:\\\/\\\/clair.si\\\/hr\\\/izdelek\\\/cavalor-arti-motion\\\/#breadcrumb\",\"itemListElement\":[{\"@type\":\"ListItem\",\"position\":1,\"name\":\"Home\",\"item\":\"https:\\\/\\\/clair.si\\\/hr\\\/\"},{\"@type\":\"ListItem\",\"position\":2,\"name\":\"Trgovina\",\"item\":\"https:\\\/\\\/clair.si\\\/trgovina\\\/\"},{\"@type\":\"ListItem\",\"position\":3,\"name\":\"Cavalor Arti Motion\"}]},{\"@type\":\"WebSite\",\"@id\":\"https:\\\/\\\/clair.si\\\/#website\",\"url\":\"https:\\\/\\\/clair.si\\\/\",\"name\":\"Clair\",\"description\":\"Trgovina s konjeni\u0161ko opremo\",\"publisher\":{\"@id\":\"https:\\\/\\\/clair.si\\\/#organization\"},\"potentialAction\":[{\"@type\":\"SearchAction\",\"target\":{\"@type\":\"EntryPoint\",\"urlTemplate\":\"https:\\\/\\\/clair.si\\\/?s={search_term_string}\"},\"query-input\":{\"@type\":\"PropertyValueSpecification\",\"valueRequired\":true,\"valueName\":\"search_term_string\"}}],\"inLanguage\":\"hr\"},{\"@type\":\"Organization\",\"@id\":\"https:\\\/\\\/clair.si\\\/#organization\",\"name\":\"Clair\",\"url\":\"https:\\\/\\\/clair.si\\\/\",\"logo\":{\"@type\":\"ImageObject\",\"inLanguage\":\"hr\",\"@id\":\"https:\\\/\\\/clair.si\\\/#\\\/schema\\\/logo\\\/image\\\/\",\"url\":\"https:\\\/\\\/clair.si\\\/wp-content\\\/uploads\\\/2022\\\/11\\\/clair_logo_2022.jpg\",\"contentUrl\":\"https:\\\/\\\/clair.si\\\/wp-content\\\/uploads\\\/2022\\\/11\\\/clair_logo_2022.jpg\",\"width\":1920,\"height\":1920,\"caption\":\"Clair\"},\"image\":{\"@id\":\"https:\\\/\\\/clair.si\\\/#\\\/schema\\\/logo\\\/image\\\/\"},\"sameAs\":[\"https:\\\/\\\/www.facebook.com\\\/TrgovinaClair\\\/\"]}]}<\/script>\n<!-- \/ Yoast SEO plugin. -->","yoast_head_json":{"title":"Cavalor Arti Motion - Clair","description":"Poma\u017ee u odr\u017eavanju jakih kostiju i fleksibilnih zglobova  Sadr\u017ei kolagen, MSM i glukozamin  Za konje koji se uvode u rad i za starije konje kojima je potrebna dodatna podr\u0161ka Koli\u010dina: 2 kg","robots":{"index":"index","follow":"follow","max-snippet":"max-snippet:-1","max-image-preview":"max-image-preview:large","max-video-preview":"max-video-preview:-1"},"canonical":"https:\/\/clair.si\/hr\/izdelek\/cavalor-arti-motion\/","og_locale":"hr_HR","og_type":"article","og_title":"Cavalor Arti Motion - Clair","og_description":"Poma\u017ee u odr\u017eavanju jakih kostiju i fleksibilnih zglobova  Sadr\u017ei kolagen, MSM i glukozamin  Za konje koji se uvode u rad i za starije konje kojima je potrebna dodatna podr\u0161ka Koli\u010dina: 2 kg","og_url":"https:\/\/clair.si\/hr\/izdelek\/cavalor-arti-motion\/","og_site_name":"Clair","article_publisher":"https:\/\/www.facebook.com\/TrgovinaClair\/","article_modified_time":"2025-08-31T22:47:27+00:00","og_image":[{"width":550,"height":550,"url":"https:\/\/clair.si\/wp-content\/uploads\/2024\/02\/ArtiMotion1-jpg.webp","type":"image\/jpeg"}],"twitter_card":"summary_large_image","twitter_misc":{"Procijenjeno vrijeme \u010ditanja":"2 minute"},"schema":{"@context":"https:\/\/schema.org","@graph":[{"@type":"WebPage","@id":"https:\/\/clair.si\/hr\/izdelek\/cavalor-arti-motion\/","url":"https:\/\/clair.si\/hr\/izdelek\/cavalor-arti-motion\/","name":"Cavalor Arti Motion - Clair","isPartOf":{"@id":"https:\/\/clair.si\/#website"},"primaryImageOfPage":{"@id":"https:\/\/clair.si\/hr\/izdelek\/cavalor-arti-motion\/#primaryimage"},"image":{"@id":"https:\/\/clair.si\/hr\/izdelek\/cavalor-arti-motion\/#primaryimage"},"thumbnailUrl":"https:\/\/clair.si\/wp-content\/uploads\/2024\/02\/ArtiMotion1-jpg.webp","datePublished":"2024-02-12T12:37:16+00:00","dateModified":"2025-08-31T22:47:27+00:00","description":"Poma\u017ee u odr\u017eavanju jakih kostiju i fleksibilnih zglobova Sadr\u017ei kolagen, MSM i glukozamin Za konje koji se uvode u rad i za starije konje kojima je potrebna dodatna podr\u0161ka Koli\u010dina: 2 kg","breadcrumb":{"@id":"https:\/\/clair.si\/hr\/izdelek\/cavalor-arti-motion\/#breadcrumb"},"inLanguage":"hr","potentialAction":[{"@type":"ReadAction","target":["https:\/\/clair.si\/hr\/izdelek\/cavalor-arti-motion\/"]}]},{"@type":"ImageObject","inLanguage":"hr","@id":"https:\/\/clair.si\/hr\/izdelek\/cavalor-arti-motion\/#primaryimage","url":"https:\/\/clair.si\/wp-content\/uploads\/2024\/02\/ArtiMotion1-jpg.webp","contentUrl":"https:\/\/clair.si\/wp-content\/uploads\/2024\/02\/ArtiMotion1-jpg.webp","width":550,"height":550},{"@type":"BreadcrumbList","@id":"https:\/\/clair.si\/hr\/izdelek\/cavalor-arti-motion\/#breadcrumb","itemListElement":[{"@type":"ListItem","position":1,"name":"Home","item":"https:\/\/clair.si\/hr\/"},{"@type":"ListItem","position":2,"name":"Trgovina","item":"https:\/\/clair.si\/trgovina\/"},{"@type":"ListItem","position":3,"name":"Cavalor Arti Motion"}]},{"@type":"WebSite","@id":"https:\/\/clair.si\/#website","url":"https:\/\/clair.si\/","name":"Clair","description":"Trgovina s konjeni\u0161ko opremo","publisher":{"@id":"https:\/\/clair.si\/#organization"},"potentialAction":[{"@type":"SearchAction","target":{"@type":"EntryPoint","urlTemplate":"https:\/\/clair.si\/?s={search_term_string}"},"query-input":{"@type":"PropertyValueSpecification","valueRequired":true,"valueName":"search_term_string"}}],"inLanguage":"hr"},{"@type":"Organization","@id":"https:\/\/clair.si\/#organization","name":"Clair","url":"https:\/\/clair.si\/","logo":{"@type":"ImageObject","inLanguage":"hr","@id":"https:\/\/clair.si\/#\/schema\/logo\/image\/","url":"https:\/\/clair.si\/wp-content\/uploads\/2022\/11\/clair_logo_2022.jpg","contentUrl":"https:\/\/clair.si\/wp-content\/uploads\/2022\/11\/clair_logo_2022.jpg","width":1920,"height":1920,"caption":"Clair"},"image":{"@id":"https:\/\/clair.si\/#\/schema\/logo\/image\/"},"sameAs":["https:\/\/www.facebook.com\/TrgovinaClair\/"]}]}},"_links":{"self":[{"href":"https:\/\/clair.si\/hr\/wp-json\/wp\/v2\/product\/96822","targetHints":{"allow":["GET"]}}],"collection":[{"href":"https:\/\/clair.si\/hr\/wp-json\/wp\/v2\/product"}],"about":[{"href":"https:\/\/clair.si\/hr\/wp-json\/wp\/v2\/types\/product"}],"version-history":[{"count":0,"href":"https:\/\/clair.si\/hr\/wp-json\/wp\/v2\/product\/96822\/revisions"}],"wp:featuredmedia":[{"embeddable":true,"href":"https:\/\/clair.si\/hr\/wp-json\/wp\/v2\/media\/96826"}],"wp:attachment":[{"href":"https:\/\/clair.si\/hr\/wp-json\/wp\/v2\/media?parent=96822"}],"wp:term":[{"taxonomy":"product_brand","embeddable":true,"href":"https:\/\/clair.si\/hr\/wp-json\/wp\/v2\/product_brand?post=96822"},{"taxonomy":"product_cat","embeddable":true,"href":"https:\/\/clair.si\/hr\/wp-json\/wp\/v2\/product_cat?post=96822"},{"taxonomy":"product_tag","embeddable":true,"href":"https:\/\/clair.si\/hr\/wp-json\/wp\/v2\/product_tag?post=96822"}],"curies":[{"name":"wp","href":"https:\/\/api.w.org\/{rel}","templated":true}]}}