{"id":96833,"date":"2024-02-07T13:32:51","date_gmt":"2024-02-07T12:32:51","guid":{"rendered":"https:\/\/clair.si\/izdelek\/hkm-keksi-za-konje-s-bananom\/"},"modified":"2026-04-12T09:31:02","modified_gmt":"2026-04-12T07:31:02","slug":"hkm-keksi-za-konje-s-bananom","status":"publish","type":"product","link":"https:\/\/clair.si\/hr\/izdelek\/hkm-keksi-za-konje-s-bananom\/","title":{"rendered":"HKM keksi za konje banana"},"content":{"rendered":"<p><strong>HKM keksi za konje banana<\/strong> &#8211; ukusna nagrada za va\u0161eg konja s okusom banane. Pakirano u vre\u0107ici. <\/p>\n<p><strong>Te\u017eina: 750 g<\/strong><\/p>\n<p><strong>Sadr\u017eaj sastojaka:<\/strong> 9,20% sir.proteina, 2,9% sir.masti, 14,5% sir.vlakana, 13,8% sir.pepela, 3,4% kalcija, 0,60% fosfora. Sastav: p\u0161eni\u010dne mekinje (42%), zobene mekinje (38,4%), kalcijev karbonat (7,2%), \u0161e\u0107erna melasa (5%), je\u010dam (4%), tropine banana (0,2%). Razlika do 100% je udio u premiksima recepta. <strong>Dodaci po kg:<\/strong> 20.000 E.I. vitamin A, 1.500 E.I. vitamin D3, 150mg vitamin E (alfafotoferolacetat-ekvivalentan), 20mg bakar (bakar &#8211; II-sulfat pentahidrat), 0,40mg selen (natrijev selenit), kalcijev propionat.  <\/p>\n","protected":false},"excerpt":{"rendered":"<p><strong>Te\u017eina: 750 g<\/strong><\/p>\n","protected":false},"featured_media":99812,"template":"","meta":{"footnotes":""},"product_brand":[],"product_cat":[5782,5710,5712],"product_tag":[],"class_list":{"0":"post-96833","1":"product","2":"type-product","3":"status-publish","4":"has-post-thumbnail","6":"product_cat-kolacici-i-kamenje-soli","7":"product_cat-hrana-za-konje-hr","8":"product_cat-prehrambeni-dodaci","10":"first","11":"instock","12":"sale","13":"shipping-taxable","14":"purchasable","15":"product-type-simple"},"yoast_head":"<!-- This site is optimized with the Yoast SEO plugin v27.4 - https:\/\/yoast.com\/product\/yoast-seo-wordpress\/ -->\n<title>HKM keksi za konje banana - Clair<\/title>\n<meta name=\"description\" content=\"Te\u017eina: 750 g\" \/>\n<meta name=\"robots\" content=\"index, follow, max-snippet:-1, max-image-preview:large, max-video-preview:-1\" \/>\n<link rel=\"canonical\" href=\"https:\/\/clair.si\/hr\/izdelek\/hkm-keksi-za-konje-s-bananom\/\" \/>\n<meta property=\"og:locale\" content=\"hr_HR\" \/>\n<meta property=\"og:type\" content=\"article\" \/>\n<meta property=\"og:title\" content=\"HKM keksi za konje banana - Clair\" \/>\n<meta property=\"og:description\" content=\"Te\u017eina: 750 g\" \/>\n<meta property=\"og:url\" content=\"https:\/\/clair.si\/hr\/izdelek\/hkm-keksi-za-konje-s-bananom\/\" \/>\n<meta property=\"og:site_name\" content=\"Clair\" \/>\n<meta property=\"article:publisher\" content=\"https:\/\/www.facebook.com\/TrgovinaClair\/\" \/>\n<meta property=\"article:modified_time\" content=\"2026-04-12T07:31:02+00:00\" \/>\n<meta property=\"og:image\" content=\"https:\/\/clair.si\/wp-content\/uploads\/2024\/02\/piskotki-za-konje-hkm-banana1.webp\" \/>\n\t<meta property=\"og:image:width\" content=\"1200\" \/>\n\t<meta property=\"og:image:height\" content=\"1200\" \/>\n\t<meta property=\"og:image:type\" content=\"image\/jpeg\" \/>\n<meta name=\"twitter:card\" content=\"summary_large_image\" \/>\n<script type=\"application\/ld+json\" class=\"yoast-schema-graph\">{\"@context\":\"https:\\\/\\\/schema.org\",\"@graph\":[{\"@type\":\"WebPage\",\"@id\":\"https:\\\/\\\/clair.si\\\/hr\\\/izdelek\\\/hkm-keksi-za-konje-s-bananom\\\/\",\"url\":\"https:\\\/\\\/clair.si\\\/hr\\\/izdelek\\\/hkm-keksi-za-konje-s-bananom\\\/\",\"name\":\"HKM keksi za konje banana - Clair\",\"isPartOf\":{\"@id\":\"https:\\\/\\\/clair.si\\\/#website\"},\"primaryImageOfPage\":{\"@id\":\"https:\\\/\\\/clair.si\\\/hr\\\/izdelek\\\/hkm-keksi-za-konje-s-bananom\\\/#primaryimage\"},\"image\":{\"@id\":\"https:\\\/\\\/clair.si\\\/hr\\\/izdelek\\\/hkm-keksi-za-konje-s-bananom\\\/#primaryimage\"},\"thumbnailUrl\":\"https:\\\/\\\/clair.si\\\/wp-content\\\/uploads\\\/2024\\\/02\\\/piskotki-za-konje-hkm-banana1.webp\",\"datePublished\":\"2024-02-07T12:32:51+00:00\",\"dateModified\":\"2026-04-12T07:31:02+00:00\",\"description\":\"Te\u017eina: 750 g\",\"breadcrumb\":{\"@id\":\"https:\\\/\\\/clair.si\\\/hr\\\/izdelek\\\/hkm-keksi-za-konje-s-bananom\\\/#breadcrumb\"},\"inLanguage\":\"hr\",\"potentialAction\":[{\"@type\":\"ReadAction\",\"target\":[\"https:\\\/\\\/clair.si\\\/hr\\\/izdelek\\\/hkm-keksi-za-konje-s-bananom\\\/\"]}]},{\"@type\":\"ImageObject\",\"inLanguage\":\"hr\",\"@id\":\"https:\\\/\\\/clair.si\\\/hr\\\/izdelek\\\/hkm-keksi-za-konje-s-bananom\\\/#primaryimage\",\"url\":\"https:\\\/\\\/clair.si\\\/wp-content\\\/uploads\\\/2024\\\/02\\\/piskotki-za-konje-hkm-banana1.webp\",\"contentUrl\":\"https:\\\/\\\/clair.si\\\/wp-content\\\/uploads\\\/2024\\\/02\\\/piskotki-za-konje-hkm-banana1.webp\",\"width\":1200,\"height\":1200},{\"@type\":\"BreadcrumbList\",\"@id\":\"https:\\\/\\\/clair.si\\\/hr\\\/izdelek\\\/hkm-keksi-za-konje-s-bananom\\\/#breadcrumb\",\"itemListElement\":[{\"@type\":\"ListItem\",\"position\":1,\"name\":\"Home\",\"item\":\"https:\\\/\\\/clair.si\\\/hr\\\/\"},{\"@type\":\"ListItem\",\"position\":2,\"name\":\"Trgovina\",\"item\":\"https:\\\/\\\/clair.si\\\/trgovina\\\/\"},{\"@type\":\"ListItem\",\"position\":3,\"name\":\"HKM keksi za konje banana\"}]},{\"@type\":\"WebSite\",\"@id\":\"https:\\\/\\\/clair.si\\\/#website\",\"url\":\"https:\\\/\\\/clair.si\\\/\",\"name\":\"Clair\",\"description\":\"Trgovina s konjeni\u0161ko opremo\",\"publisher\":{\"@id\":\"https:\\\/\\\/clair.si\\\/#organization\"},\"potentialAction\":[{\"@type\":\"SearchAction\",\"target\":{\"@type\":\"EntryPoint\",\"urlTemplate\":\"https:\\\/\\\/clair.si\\\/?s={search_term_string}\"},\"query-input\":{\"@type\":\"PropertyValueSpecification\",\"valueRequired\":true,\"valueName\":\"search_term_string\"}}],\"inLanguage\":\"hr\"},{\"@type\":\"Organization\",\"@id\":\"https:\\\/\\\/clair.si\\\/#organization\",\"name\":\"Clair\",\"url\":\"https:\\\/\\\/clair.si\\\/\",\"logo\":{\"@type\":\"ImageObject\",\"inLanguage\":\"hr\",\"@id\":\"https:\\\/\\\/clair.si\\\/#\\\/schema\\\/logo\\\/image\\\/\",\"url\":\"https:\\\/\\\/clair.si\\\/wp-content\\\/uploads\\\/2022\\\/11\\\/clair_logo_2022.jpg\",\"contentUrl\":\"https:\\\/\\\/clair.si\\\/wp-content\\\/uploads\\\/2022\\\/11\\\/clair_logo_2022.jpg\",\"width\":1920,\"height\":1920,\"caption\":\"Clair\"},\"image\":{\"@id\":\"https:\\\/\\\/clair.si\\\/#\\\/schema\\\/logo\\\/image\\\/\"},\"sameAs\":[\"https:\\\/\\\/www.facebook.com\\\/TrgovinaClair\\\/\"]}]}<\/script>\n<!-- \/ Yoast SEO plugin. -->","yoast_head_json":{"title":"HKM keksi za konje banana - Clair","description":"Te\u017eina: 750 g","robots":{"index":"index","follow":"follow","max-snippet":"max-snippet:-1","max-image-preview":"max-image-preview:large","max-video-preview":"max-video-preview:-1"},"canonical":"https:\/\/clair.si\/hr\/izdelek\/hkm-keksi-za-konje-s-bananom\/","og_locale":"hr_HR","og_type":"article","og_title":"HKM keksi za konje banana - Clair","og_description":"Te\u017eina: 750 g","og_url":"https:\/\/clair.si\/hr\/izdelek\/hkm-keksi-za-konje-s-bananom\/","og_site_name":"Clair","article_publisher":"https:\/\/www.facebook.com\/TrgovinaClair\/","article_modified_time":"2026-04-12T07:31:02+00:00","og_image":[{"width":1200,"height":1200,"url":"https:\/\/clair.si\/wp-content\/uploads\/2024\/02\/piskotki-za-konje-hkm-banana1.webp","type":"image\/jpeg"}],"twitter_card":"summary_large_image","schema":{"@context":"https:\/\/schema.org","@graph":[{"@type":"WebPage","@id":"https:\/\/clair.si\/hr\/izdelek\/hkm-keksi-za-konje-s-bananom\/","url":"https:\/\/clair.si\/hr\/izdelek\/hkm-keksi-za-konje-s-bananom\/","name":"HKM keksi za konje banana - Clair","isPartOf":{"@id":"https:\/\/clair.si\/#website"},"primaryImageOfPage":{"@id":"https:\/\/clair.si\/hr\/izdelek\/hkm-keksi-za-konje-s-bananom\/#primaryimage"},"image":{"@id":"https:\/\/clair.si\/hr\/izdelek\/hkm-keksi-za-konje-s-bananom\/#primaryimage"},"thumbnailUrl":"https:\/\/clair.si\/wp-content\/uploads\/2024\/02\/piskotki-za-konje-hkm-banana1.webp","datePublished":"2024-02-07T12:32:51+00:00","dateModified":"2026-04-12T07:31:02+00:00","description":"Te\u017eina: 750 g","breadcrumb":{"@id":"https:\/\/clair.si\/hr\/izdelek\/hkm-keksi-za-konje-s-bananom\/#breadcrumb"},"inLanguage":"hr","potentialAction":[{"@type":"ReadAction","target":["https:\/\/clair.si\/hr\/izdelek\/hkm-keksi-za-konje-s-bananom\/"]}]},{"@type":"ImageObject","inLanguage":"hr","@id":"https:\/\/clair.si\/hr\/izdelek\/hkm-keksi-za-konje-s-bananom\/#primaryimage","url":"https:\/\/clair.si\/wp-content\/uploads\/2024\/02\/piskotki-za-konje-hkm-banana1.webp","contentUrl":"https:\/\/clair.si\/wp-content\/uploads\/2024\/02\/piskotki-za-konje-hkm-banana1.webp","width":1200,"height":1200},{"@type":"BreadcrumbList","@id":"https:\/\/clair.si\/hr\/izdelek\/hkm-keksi-za-konje-s-bananom\/#breadcrumb","itemListElement":[{"@type":"ListItem","position":1,"name":"Home","item":"https:\/\/clair.si\/hr\/"},{"@type":"ListItem","position":2,"name":"Trgovina","item":"https:\/\/clair.si\/trgovina\/"},{"@type":"ListItem","position":3,"name":"HKM keksi za konje banana"}]},{"@type":"WebSite","@id":"https:\/\/clair.si\/#website","url":"https:\/\/clair.si\/","name":"Clair","description":"Trgovina s konjeni\u0161ko opremo","publisher":{"@id":"https:\/\/clair.si\/#organization"},"potentialAction":[{"@type":"SearchAction","target":{"@type":"EntryPoint","urlTemplate":"https:\/\/clair.si\/?s={search_term_string}"},"query-input":{"@type":"PropertyValueSpecification","valueRequired":true,"valueName":"search_term_string"}}],"inLanguage":"hr"},{"@type":"Organization","@id":"https:\/\/clair.si\/#organization","name":"Clair","url":"https:\/\/clair.si\/","logo":{"@type":"ImageObject","inLanguage":"hr","@id":"https:\/\/clair.si\/#\/schema\/logo\/image\/","url":"https:\/\/clair.si\/wp-content\/uploads\/2022\/11\/clair_logo_2022.jpg","contentUrl":"https:\/\/clair.si\/wp-content\/uploads\/2022\/11\/clair_logo_2022.jpg","width":1920,"height":1920,"caption":"Clair"},"image":{"@id":"https:\/\/clair.si\/#\/schema\/logo\/image\/"},"sameAs":["https:\/\/www.facebook.com\/TrgovinaClair\/"]}]}},"_links":{"self":[{"href":"https:\/\/clair.si\/hr\/wp-json\/wp\/v2\/product\/96833","targetHints":{"allow":["GET"]}}],"collection":[{"href":"https:\/\/clair.si\/hr\/wp-json\/wp\/v2\/product"}],"about":[{"href":"https:\/\/clair.si\/hr\/wp-json\/wp\/v2\/types\/product"}],"version-history":[{"count":0,"href":"https:\/\/clair.si\/hr\/wp-json\/wp\/v2\/product\/96833\/revisions"}],"wp:featuredmedia":[{"embeddable":true,"href":"https:\/\/clair.si\/hr\/wp-json\/wp\/v2\/media\/99812"}],"wp:attachment":[{"href":"https:\/\/clair.si\/hr\/wp-json\/wp\/v2\/media?parent=96833"}],"wp:term":[{"taxonomy":"product_brand","embeddable":true,"href":"https:\/\/clair.si\/hr\/wp-json\/wp\/v2\/product_brand?post=96833"},{"taxonomy":"product_cat","embeddable":true,"href":"https:\/\/clair.si\/hr\/wp-json\/wp\/v2\/product_cat?post=96833"},{"taxonomy":"product_tag","embeddable":true,"href":"https:\/\/clair.si\/hr\/wp-json\/wp\/v2\/product_tag?post=96833"}],"curies":[{"name":"wp","href":"https:\/\/api.w.org\/{rel}","templated":true}]}}