{"id":96835,"date":"2024-02-07T13:53:53","date_gmt":"2024-02-07T12:53:53","guid":{"rendered":"https:\/\/clair.si\/izdelek\/pokrivac-za-konja-hkm-eco-light-100g\/"},"modified":"2025-11-14T22:34:03","modified_gmt":"2025-11-14T21:34:03","slug":"deka-za-konja-hkm-eco-light-100g","status":"publish","type":"product","link":"https:\/\/clair.si\/hr\/izdelek\/deka-za-konja-hkm-eco-light-100g\/","title":{"rendered":"Deka za konja HKM Eco Light 100g"},"content":{"rendered":"<p><strong>Deka za konja HKM Eco Light sa 100g punjenja:<br \/>\n<\/strong><\/p>\n<ul>\n<li class=\"lRu31\" dir=\"ltr\"><span class=\"HwtZe\" lang=\"sl\"><span class=\"jCAhz ChMk0b\"><span class=\"ryNqvb\">vodootporno<\/span><\/span> <\/span><\/li>\n<li class=\"lRu31\" dir=\"ltr\"><span class=\"HwtZe\" lang=\"sl\"><span class=\"jCAhz ChMk0b\"><span class=\"ryNqvb\">prozra\u010dno<\/span><\/span> <\/span><\/li>\n<li class=\"lRu31\" dir=\"ltr\"><span class=\"HwtZe\" lang=\"sl\"><span class=\"jCAhz ChMk0b\"><span class=\"ryNqvb\">visoko izolirano<\/span><\/span><\/span><\/li>\n<li class=\"lRu31\" dir=\"ltr\"><span class=\"HwtZe\" lang=\"sl\"> <span class=\"jCAhz ChMk0b\"><span class=\"ryNqvb\">otporno na vjetar<\/span><\/span> <\/span><\/li>\n<li class=\"lRu31\" dir=\"ltr\"><span class=\"HwtZe\" lang=\"sl\"><span class=\"jCAhz ChMk0b\"><span class=\"ryNqvb\">zajam\u010dena prozra\u010dnost: 3.000 ml m\u00b2\/24 h<\/span><\/span> <\/span><\/li>\n<li class=\"lRu31\" dir=\"ltr\"><span class=\"HwtZe\" lang=\"sl\"><span class=\"jCAhz ChMk0b\"><span class=\"ryNqvb\">vodootporan do 3.000 mm<\/span><\/span> <\/span><\/li>\n<li class=\"lRu31\" dir=\"ltr\"><span class=\"HwtZe\" lang=\"sl\"><span class=\"jCAhz ChMk0b\"><span class=\"ryNqvb\">jednostavno za \u010di\u0161\u0107enje<\/span><\/span> <\/span><\/li>\n<li class=\"lRu31\" dir=\"ltr\"><span class=\"HwtZe\" lang=\"sl\"><span class=\"jCAhz ChMk0b\"><span class=\"ryNqvb\">prilagodljivi umetci na prednjim nogama koji omogu\u0107uju slobodu kretanja<\/span><\/span> <\/span><\/li>\n<li class=\"lRu31\" dir=\"ltr\"><span class=\"HwtZe\" lang=\"sl\"><span class=\"jCAhz ChMk0b\"><span class=\"ryNqvb\"> podstavljen greben<\/span><\/span> <\/span><\/li>\n<li class=\"lRu31\" dir=\"ltr\"><span class=\"HwtZe\" lang=\"sl\"> <span class=\"jCAhz ChMk0b\"><span class=\"ryNqvb\">\u0161titnik za rep<\/span><\/span> <\/span><\/li>\n<li class=\"lRu31\" dir=\"ltr\"><span class=\"HwtZe\" lang=\"sl\"><span class=\"jCAhz ChMk0b\"><span class=\"ryNqvb\">kri\u017eni trbu\u0161ni remeni s metalnim kop\u010dama<\/span><\/span> <\/span><\/li>\n<li class=\"lRu31\" dir=\"ltr\"><span class=\"HwtZe\" lang=\"sl\"><span class=\"jCAhz ChMk0b\"><span class=\"ryNqvb\">lijepljeni \u0161avovi<\/span><\/span> <\/span><\/li>\n<li class=\"lRu31\" dir=\"ltr\"><span class=\"HwtZe\" lang=\"sl\"><span class=\"jCAhz ChMk0b\"><span class=\"ryNqvb\">punjenje sa 100 g vate<\/span><\/span> <\/span><\/li>\n<li dir=\"ltr\">100% poliester<\/li>\n<\/ul>\n<div class=\"UdTY9 WdefRb\" aria-hidden=\"true\" data-location=\"2\">\n<div class=\"kO6q6e\"><\/div>\n<\/div>\n","protected":false},"excerpt":{"rendered":"<p>Deka za konja HKM Eco Light sa 100g punjenja: vodootporno prozra\u010dno visoko izolirano otporno na vjetar zajam\u010dena prozra\u010dnost: 3.000 ml<\/p>\n","protected":false},"featured_media":96837,"template":"","meta":{"footnotes":""},"product_brand":[],"product_cat":[5692,5803,5624,5770,5802],"product_tag":[],"class_list":{"0":"post-96835","1":"product","2":"type-product","3":"status-publish","4":"has-post-thumbnail","6":"product_cat-pokrivaci","7":"product_cat-kisni-deke","8":"product_cat-konj-hr","9":"product_cat-ljetne-deke","10":"product_cat-zimski-deke","12":"first","13":"instock","14":"sale","15":"shipping-taxable","16":"purchasable","17":"product-type-variable"},"yoast_head":"<!-- This site is optimized with the Yoast SEO plugin v27.4 - https:\/\/yoast.com\/product\/yoast-seo-wordpress\/ -->\n<title>Deka za konja HKM Eco Light 100g - Clair<\/title>\n<meta name=\"description\" content=\"Deka za konja HKM Eco Light sa 100g punjenja: vodootporno prozra\u010dno visoko izolirano otporno na vjetar zajam\u010dena prozra\u010dnost: 3.000 ml m\u00b2\/24 h vodootporan\" \/>\n<meta name=\"robots\" content=\"index, follow, max-snippet:-1, max-image-preview:large, max-video-preview:-1\" \/>\n<link rel=\"canonical\" href=\"https:\/\/clair.si\/izdelek\/pregrinjalo-za-konja-hkm-eco-light-100g\/\" \/>\n<meta property=\"og:locale\" content=\"hr_HR\" \/>\n<meta property=\"og:type\" content=\"article\" \/>\n<meta property=\"og:title\" content=\"Deka za konja HKM Eco Light 100g - Clair\" \/>\n<meta property=\"og:description\" content=\"Deka za konja HKM Eco Light sa 100g punjenja: vodootporno prozra\u010dno visoko izolirano otporno na vjetar zajam\u010dena prozra\u010dnost: 3.000 ml m\u00b2\/24 h vodootporan\" \/>\n<meta property=\"og:url\" content=\"https:\/\/clair.si\/izdelek\/pregrinjalo-za-konja-hkm-eco-light-100g\/\" \/>\n<meta property=\"og:site_name\" content=\"Clair\" \/>\n<meta property=\"article:publisher\" content=\"https:\/\/www.facebook.com\/TrgovinaClair\/\" \/>\n<meta property=\"article:modified_time\" content=\"2025-11-14T21:34:03+00:00\" \/>\n<meta property=\"og:image\" content=\"https:\/\/clair.si\/wp-content\/uploads\/2024\/02\/pregrinjalo-za-konja-eco-light-hkm-100-3-jpg.webp\" \/>\n\t<meta property=\"og:image:width\" content=\"800\" \/>\n\t<meta property=\"og:image:height\" content=\"800\" \/>\n\t<meta property=\"og:image:type\" content=\"image\/jpeg\" \/>\n<meta name=\"twitter:card\" content=\"summary_large_image\" \/>\n<meta name=\"twitter:label1\" content=\"Procijenjeno vrijeme \u010ditanja\" \/>\n\t<meta name=\"twitter:data1\" content=\"1 minuta\" \/>\n<script type=\"application\/ld+json\" class=\"yoast-schema-graph\">{\"@context\":\"https:\\\/\\\/schema.org\",\"@graph\":[{\"@type\":\"WebPage\",\"@id\":\"https:\\\/\\\/clair.si\\\/izdelek\\\/pregrinjalo-za-konja-hkm-eco-light-100g\\\/\",\"url\":\"https:\\\/\\\/clair.si\\\/izdelek\\\/pregrinjalo-za-konja-hkm-eco-light-100g\\\/\",\"name\":\"Deka za konja HKM Eco Light 100g - Clair\",\"isPartOf\":{\"@id\":\"https:\\\/\\\/clair.si\\\/#website\"},\"primaryImageOfPage\":{\"@id\":\"https:\\\/\\\/clair.si\\\/izdelek\\\/pregrinjalo-za-konja-hkm-eco-light-100g\\\/#primaryimage\"},\"image\":{\"@id\":\"https:\\\/\\\/clair.si\\\/izdelek\\\/pregrinjalo-za-konja-hkm-eco-light-100g\\\/#primaryimage\"},\"thumbnailUrl\":\"https:\\\/\\\/clair.si\\\/wp-content\\\/uploads\\\/2024\\\/02\\\/pregrinjalo-za-konja-eco-light-hkm-100-3-jpg.webp\",\"datePublished\":\"2024-02-07T12:53:53+00:00\",\"dateModified\":\"2025-11-14T21:34:03+00:00\",\"description\":\"Deka za konja HKM Eco Light sa 100g punjenja: vodootporno prozra\u010dno visoko izolirano otporno na vjetar zajam\u010dena prozra\u010dnost: 3.000 ml m\u00b2\\\/24 h vodootporan\",\"breadcrumb\":{\"@id\":\"https:\\\/\\\/clair.si\\\/izdelek\\\/pregrinjalo-za-konja-hkm-eco-light-100g\\\/#breadcrumb\"},\"inLanguage\":\"hr\",\"potentialAction\":[{\"@type\":\"ReadAction\",\"target\":[\"https:\\\/\\\/clair.si\\\/izdelek\\\/pregrinjalo-za-konja-hkm-eco-light-100g\\\/\"]}]},{\"@type\":\"ImageObject\",\"inLanguage\":\"hr\",\"@id\":\"https:\\\/\\\/clair.si\\\/izdelek\\\/pregrinjalo-za-konja-hkm-eco-light-100g\\\/#primaryimage\",\"url\":\"https:\\\/\\\/clair.si\\\/wp-content\\\/uploads\\\/2024\\\/02\\\/pregrinjalo-za-konja-eco-light-hkm-100-3-jpg.webp\",\"contentUrl\":\"https:\\\/\\\/clair.si\\\/wp-content\\\/uploads\\\/2024\\\/02\\\/pregrinjalo-za-konja-eco-light-hkm-100-3-jpg.webp\",\"width\":800,\"height\":800},{\"@type\":\"BreadcrumbList\",\"@id\":\"https:\\\/\\\/clair.si\\\/izdelek\\\/pregrinjalo-za-konja-hkm-eco-light-100g\\\/#breadcrumb\",\"itemListElement\":[{\"@type\":\"ListItem\",\"position\":1,\"name\":\"Home\",\"item\":\"https:\\\/\\\/clair.si\\\/hr\\\/\"},{\"@type\":\"ListItem\",\"position\":2,\"name\":\"Trgovina\",\"item\":\"https:\\\/\\\/clair.si\\\/trgovina\\\/\"},{\"@type\":\"ListItem\",\"position\":3,\"name\":\"Deka za konja HKM Eco Light 100g\"}]},{\"@type\":\"WebSite\",\"@id\":\"https:\\\/\\\/clair.si\\\/#website\",\"url\":\"https:\\\/\\\/clair.si\\\/\",\"name\":\"Clair\",\"description\":\"Trgovina s konjeni\u0161ko opremo\",\"publisher\":{\"@id\":\"https:\\\/\\\/clair.si\\\/#organization\"},\"potentialAction\":[{\"@type\":\"SearchAction\",\"target\":{\"@type\":\"EntryPoint\",\"urlTemplate\":\"https:\\\/\\\/clair.si\\\/?s={search_term_string}\"},\"query-input\":{\"@type\":\"PropertyValueSpecification\",\"valueRequired\":true,\"valueName\":\"search_term_string\"}}],\"inLanguage\":\"hr\"},{\"@type\":\"Organization\",\"@id\":\"https:\\\/\\\/clair.si\\\/#organization\",\"name\":\"Clair\",\"url\":\"https:\\\/\\\/clair.si\\\/\",\"logo\":{\"@type\":\"ImageObject\",\"inLanguage\":\"hr\",\"@id\":\"https:\\\/\\\/clair.si\\\/#\\\/schema\\\/logo\\\/image\\\/\",\"url\":\"https:\\\/\\\/clair.si\\\/wp-content\\\/uploads\\\/2022\\\/11\\\/clair_logo_2022.jpg\",\"contentUrl\":\"https:\\\/\\\/clair.si\\\/wp-content\\\/uploads\\\/2022\\\/11\\\/clair_logo_2022.jpg\",\"width\":1920,\"height\":1920,\"caption\":\"Clair\"},\"image\":{\"@id\":\"https:\\\/\\\/clair.si\\\/#\\\/schema\\\/logo\\\/image\\\/\"},\"sameAs\":[\"https:\\\/\\\/www.facebook.com\\\/TrgovinaClair\\\/\"]}]}<\/script>\n<!-- \/ Yoast SEO plugin. -->","yoast_head_json":{"title":"Deka za konja HKM Eco Light 100g - Clair","description":"Deka za konja HKM Eco Light sa 100g punjenja: vodootporno prozra\u010dno visoko izolirano otporno na vjetar zajam\u010dena prozra\u010dnost: 3.000 ml m\u00b2\/24 h vodootporan","robots":{"index":"index","follow":"follow","max-snippet":"max-snippet:-1","max-image-preview":"max-image-preview:large","max-video-preview":"max-video-preview:-1"},"canonical":"https:\/\/clair.si\/izdelek\/pregrinjalo-za-konja-hkm-eco-light-100g\/","og_locale":"hr_HR","og_type":"article","og_title":"Deka za konja HKM Eco Light 100g - Clair","og_description":"Deka za konja HKM Eco Light sa 100g punjenja: vodootporno prozra\u010dno visoko izolirano otporno na vjetar zajam\u010dena prozra\u010dnost: 3.000 ml m\u00b2\/24 h vodootporan","og_url":"https:\/\/clair.si\/izdelek\/pregrinjalo-za-konja-hkm-eco-light-100g\/","og_site_name":"Clair","article_publisher":"https:\/\/www.facebook.com\/TrgovinaClair\/","article_modified_time":"2025-11-14T21:34:03+00:00","og_image":[{"width":800,"height":800,"url":"https:\/\/clair.si\/wp-content\/uploads\/2024\/02\/pregrinjalo-za-konja-eco-light-hkm-100-3-jpg.webp","type":"image\/jpeg"}],"twitter_card":"summary_large_image","twitter_misc":{"Procijenjeno vrijeme \u010ditanja":"1 minuta"},"schema":{"@context":"https:\/\/schema.org","@graph":[{"@type":"WebPage","@id":"https:\/\/clair.si\/izdelek\/pregrinjalo-za-konja-hkm-eco-light-100g\/","url":"https:\/\/clair.si\/izdelek\/pregrinjalo-za-konja-hkm-eco-light-100g\/","name":"Deka za konja HKM Eco Light 100g - Clair","isPartOf":{"@id":"https:\/\/clair.si\/#website"},"primaryImageOfPage":{"@id":"https:\/\/clair.si\/izdelek\/pregrinjalo-za-konja-hkm-eco-light-100g\/#primaryimage"},"image":{"@id":"https:\/\/clair.si\/izdelek\/pregrinjalo-za-konja-hkm-eco-light-100g\/#primaryimage"},"thumbnailUrl":"https:\/\/clair.si\/wp-content\/uploads\/2024\/02\/pregrinjalo-za-konja-eco-light-hkm-100-3-jpg.webp","datePublished":"2024-02-07T12:53:53+00:00","dateModified":"2025-11-14T21:34:03+00:00","description":"Deka za konja HKM Eco Light sa 100g punjenja: vodootporno prozra\u010dno visoko izolirano otporno na vjetar zajam\u010dena prozra\u010dnost: 3.000 ml m\u00b2\/24 h vodootporan","breadcrumb":{"@id":"https:\/\/clair.si\/izdelek\/pregrinjalo-za-konja-hkm-eco-light-100g\/#breadcrumb"},"inLanguage":"hr","potentialAction":[{"@type":"ReadAction","target":["https:\/\/clair.si\/izdelek\/pregrinjalo-za-konja-hkm-eco-light-100g\/"]}]},{"@type":"ImageObject","inLanguage":"hr","@id":"https:\/\/clair.si\/izdelek\/pregrinjalo-za-konja-hkm-eco-light-100g\/#primaryimage","url":"https:\/\/clair.si\/wp-content\/uploads\/2024\/02\/pregrinjalo-za-konja-eco-light-hkm-100-3-jpg.webp","contentUrl":"https:\/\/clair.si\/wp-content\/uploads\/2024\/02\/pregrinjalo-za-konja-eco-light-hkm-100-3-jpg.webp","width":800,"height":800},{"@type":"BreadcrumbList","@id":"https:\/\/clair.si\/izdelek\/pregrinjalo-za-konja-hkm-eco-light-100g\/#breadcrumb","itemListElement":[{"@type":"ListItem","position":1,"name":"Home","item":"https:\/\/clair.si\/hr\/"},{"@type":"ListItem","position":2,"name":"Trgovina","item":"https:\/\/clair.si\/trgovina\/"},{"@type":"ListItem","position":3,"name":"Deka za konja HKM Eco Light 100g"}]},{"@type":"WebSite","@id":"https:\/\/clair.si\/#website","url":"https:\/\/clair.si\/","name":"Clair","description":"Trgovina s konjeni\u0161ko opremo","publisher":{"@id":"https:\/\/clair.si\/#organization"},"potentialAction":[{"@type":"SearchAction","target":{"@type":"EntryPoint","urlTemplate":"https:\/\/clair.si\/?s={search_term_string}"},"query-input":{"@type":"PropertyValueSpecification","valueRequired":true,"valueName":"search_term_string"}}],"inLanguage":"hr"},{"@type":"Organization","@id":"https:\/\/clair.si\/#organization","name":"Clair","url":"https:\/\/clair.si\/","logo":{"@type":"ImageObject","inLanguage":"hr","@id":"https:\/\/clair.si\/#\/schema\/logo\/image\/","url":"https:\/\/clair.si\/wp-content\/uploads\/2022\/11\/clair_logo_2022.jpg","contentUrl":"https:\/\/clair.si\/wp-content\/uploads\/2022\/11\/clair_logo_2022.jpg","width":1920,"height":1920,"caption":"Clair"},"image":{"@id":"https:\/\/clair.si\/#\/schema\/logo\/image\/"},"sameAs":["https:\/\/www.facebook.com\/TrgovinaClair\/"]}]}},"_links":{"self":[{"href":"https:\/\/clair.si\/hr\/wp-json\/wp\/v2\/product\/96835","targetHints":{"allow":["GET"]}}],"collection":[{"href":"https:\/\/clair.si\/hr\/wp-json\/wp\/v2\/product"}],"about":[{"href":"https:\/\/clair.si\/hr\/wp-json\/wp\/v2\/types\/product"}],"version-history":[{"count":0,"href":"https:\/\/clair.si\/hr\/wp-json\/wp\/v2\/product\/96835\/revisions"}],"wp:featuredmedia":[{"embeddable":true,"href":"https:\/\/clair.si\/hr\/wp-json\/wp\/v2\/media\/96837"}],"wp:attachment":[{"href":"https:\/\/clair.si\/hr\/wp-json\/wp\/v2\/media?parent=96835"}],"wp:term":[{"taxonomy":"product_brand","embeddable":true,"href":"https:\/\/clair.si\/hr\/wp-json\/wp\/v2\/product_brand?post=96835"},{"taxonomy":"product_cat","embeddable":true,"href":"https:\/\/clair.si\/hr\/wp-json\/wp\/v2\/product_cat?post=96835"},{"taxonomy":"product_tag","embeddable":true,"href":"https:\/\/clair.si\/hr\/wp-json\/wp\/v2\/product_tag?post=96835"}],"curies":[{"name":"wp","href":"https:\/\/api.w.org\/{rel}","templated":true}]}}