{"id":96849,"date":"2024-02-13T07:57:37","date_gmt":"2024-02-13T06:57:37","guid":{"rendered":"https:\/\/clair.si\/izdelek\/cavalor-gastro-aid\/"},"modified":"2025-11-18T08:01:21","modified_gmt":"2025-11-18T07:01:21","slug":"cavalor-gastro-aid","status":"publish","type":"product","link":"https:\/\/clair.si\/hr\/izdelek\/cavalor-gastro-aid\/","title":{"rendered":"Cavalor Gastro Aid"},"content":{"rendered":"<p><strong>Cavalor Gastro Aid<\/strong> stvara zdravo okru\u017eenje u \u017eelucu <strong>neutralizacijom \u017eelu\u010dane kiseline i za\u0161titom \u017eelu\u010dane stijenke.<\/strong><\/p>\n<p>Konjski \u017eeludac neprestano proizvodi kiselinu, \u0161to ga \u010dini vrlo osjetljivim na nastanak rana ili \u010direva. Bilje u Cavalor Gastro Aidu poma\u017ee <strong>za\u0161tititi \u017eelu\u010danu stijenku<\/strong> od suvi\u0161ne kiseline. <\/p>\n<p>Pru\u017eaju <strong>dodatnu potporu \u017eelucu<\/strong> poticanjem proizvodnje sline i ubrzavanjem zacjeljivanja \u010direva.<\/p>\n<p>&nbsp;<\/p>\n<p><strong>Sastav:<\/strong><\/p>\n<p>Cavalor Gastro Aid <strong>sadr\u017ei bilje i kulture kvasca<\/strong> koje \u0161tite \u017eelu\u010danu stijenku i poma\u017eu neutralizirati \u017eelu\u010danu kiselinu te sprje\u010davaju da bi napala \u017eelu\u010danu stijenku. Cavalor Gastro Aid tako\u0111er ubrzava proces zacjeljivanja, kada ve\u0107 do\u0111e do o\u0161te\u0107enja \u017eelu\u010dane stijenke. <\/p>\n<ul>\n<li>kulture kvasca<\/li>\n<li>Gentiana Lutea<\/li>\n<li>Melissa officinalis<\/li>\n<li>Glycyrrhiza glabra<\/li>\n<li>Zingiber Officinale<\/li>\n<li>Centaurium Erythrea<\/li>\n<li>mastica<\/li>\n<\/ul>\n<p><strong>Upute za hranjenje:<\/strong><\/p>\n<p>Kada se konj oporavi i bolje se hrani, mo\u017eete prije\u0107i s paste na pra\u0161kastu ili teku\u0107u verziju.<\/p>\n<p>Verzije u obliku teku\u0107ine i praha mogu se koristiti i kao dnevna preventiva kod konja sklonih \u017eelu\u010danim \u010direvima.<\/p>\n<p>Za razliku od omeprazola, ne zatvara proizvodnju \u017eelu\u010dane kiseline, ve\u0107 djeluje tako da \u0161titi \u017eeludac od kiselinskih o\u0161te\u0107enja.<\/p>\n<p>Preporu\u010dena uporaba Gastro Aida: 30 g umije\u0161ajte u hranu dnevno najmanje 4\u20136 tjedana.<br \/>\n1 mjerica = 10 g.<br \/>\nNajvi\u0161e 100 g na dan<\/p>\n","protected":false},"excerpt":{"rendered":"<ul>\n<li>Pra\u0161ak koji stvara zdravo okru\u017eenje u \u017eelucu i neutralizira \u017eelu\u010danu kiselinu<\/li>\n<li>\u0160titi \u017eelu\u010danu stijenku od iritacije<\/li>\n<li>S biljem za za\u0161titu \u017eelu\u010dane sluznice i pomo\u0107 pri neutralizaciji \u017eelu\u010dane kiseline<\/li>\n<li>Za konje s osjetljivim \u017eelucem<\/li>\n<\/ul>\n<p><strong>Koli\u010dina: 1,8 kg<\/strong><\/p>\n","protected":false},"featured_media":96850,"template":"","meta":{"footnotes":""},"product_brand":[],"product_cat":[5711,5710,5712],"product_tag":[],"class_list":{"0":"post-96849","1":"product","2":"type-product","3":"status-publish","4":"has-post-thumbnail","6":"product_cat-hrana-i-prehrambeni-dodaci-cavalor","7":"product_cat-hrana-za-konje-hr","8":"product_cat-prehrambeni-dodaci","10":"first","11":"instock","12":"shipping-taxable","13":"purchasable","14":"product-type-simple"},"yoast_head":"<!-- This site is optimized with the Yoast SEO plugin v27.4 - https:\/\/yoast.com\/product\/yoast-seo-wordpress\/ -->\n<title>Cavalor Gastro Aid - Clair<\/title>\n<meta name=\"description\" content=\"Pra\u0161ak koji stvara zdravo okru\u017eenje u \u017eelucu i neutralizira \u017eelu\u010danu kiselinu  \u0160titi \u017eelu\u010danu stijenku od iritacije  S biljem za za\u0161titu \u017eelu\u010dane sluznice i pomo\u0107 pri neutralizaciji \u017eelu\u010dane kiseline  Za konje s osjetljivim \u017eelucem Koli\u010dina: 1,8 kg\" \/>\n<meta name=\"robots\" content=\"index, follow, max-snippet:-1, max-image-preview:large, max-video-preview:-1\" \/>\n<link rel=\"canonical\" href=\"https:\/\/clair.si\/izdelek\/cavalor-gastro-aid\/\" \/>\n<meta property=\"og:locale\" content=\"hr_HR\" \/>\n<meta property=\"og:type\" content=\"article\" \/>\n<meta property=\"og:title\" content=\"Cavalor Gastro Aid - Clair\" \/>\n<meta property=\"og:description\" content=\"Pra\u0161ak koji stvara zdravo okru\u017eenje u \u017eelucu i neutralizira \u017eelu\u010danu kiselinu  \u0160titi \u017eelu\u010danu stijenku od iritacije  S biljem za za\u0161titu \u017eelu\u010dane sluznice i pomo\u0107 pri neutralizaciji \u017eelu\u010dane kiseline  Za konje s osjetljivim \u017eelucem Koli\u010dina: 1,8 kg\" \/>\n<meta property=\"og:url\" content=\"https:\/\/clair.si\/izdelek\/cavalor-gastro-aid\/\" \/>\n<meta property=\"og:site_name\" content=\"Clair\" \/>\n<meta property=\"article:publisher\" content=\"https:\/\/www.facebook.com\/TrgovinaClair\/\" \/>\n<meta property=\"article:modified_time\" content=\"2025-11-18T07:01:21+00:00\" \/>\n<meta property=\"og:image\" content=\"https:\/\/clair.si\/wp-content\/uploads\/2024\/02\/GastroAidprasek-jpg.webp\" \/>\n\t<meta property=\"og:image:width\" content=\"550\" \/>\n\t<meta property=\"og:image:height\" content=\"550\" \/>\n\t<meta property=\"og:image:type\" content=\"image\/jpeg\" \/>\n<meta name=\"twitter:card\" content=\"summary_large_image\" \/>\n<meta name=\"twitter:label1\" content=\"Procijenjeno vrijeme \u010ditanja\" \/>\n\t<meta name=\"twitter:data1\" content=\"1 minuta\" \/>\n<script type=\"application\/ld+json\" class=\"yoast-schema-graph\">{\"@context\":\"https:\\\/\\\/schema.org\",\"@graph\":[{\"@type\":\"WebPage\",\"@id\":\"https:\\\/\\\/clair.si\\\/izdelek\\\/cavalor-gastro-aid\\\/\",\"url\":\"https:\\\/\\\/clair.si\\\/izdelek\\\/cavalor-gastro-aid\\\/\",\"name\":\"Cavalor Gastro Aid - Clair\",\"isPartOf\":{\"@id\":\"https:\\\/\\\/clair.si\\\/#website\"},\"primaryImageOfPage\":{\"@id\":\"https:\\\/\\\/clair.si\\\/izdelek\\\/cavalor-gastro-aid\\\/#primaryimage\"},\"image\":{\"@id\":\"https:\\\/\\\/clair.si\\\/izdelek\\\/cavalor-gastro-aid\\\/#primaryimage\"},\"thumbnailUrl\":\"https:\\\/\\\/clair.si\\\/wp-content\\\/uploads\\\/2024\\\/02\\\/GastroAidprasek-jpg.webp\",\"datePublished\":\"2024-02-13T06:57:37+00:00\",\"dateModified\":\"2025-11-18T07:01:21+00:00\",\"description\":\"Pra\u0161ak koji stvara zdravo okru\u017eenje u \u017eelucu i neutralizira \u017eelu\u010danu kiselinu \u0160titi \u017eelu\u010danu stijenku od iritacije S biljem za za\u0161titu \u017eelu\u010dane sluznice i pomo\u0107 pri neutralizaciji \u017eelu\u010dane kiseline Za konje s osjetljivim \u017eelucem Koli\u010dina: 1,8 kg\",\"breadcrumb\":{\"@id\":\"https:\\\/\\\/clair.si\\\/izdelek\\\/cavalor-gastro-aid\\\/#breadcrumb\"},\"inLanguage\":\"hr\",\"potentialAction\":[{\"@type\":\"ReadAction\",\"target\":[\"https:\\\/\\\/clair.si\\\/izdelek\\\/cavalor-gastro-aid\\\/\"]}]},{\"@type\":\"ImageObject\",\"inLanguage\":\"hr\",\"@id\":\"https:\\\/\\\/clair.si\\\/izdelek\\\/cavalor-gastro-aid\\\/#primaryimage\",\"url\":\"https:\\\/\\\/clair.si\\\/wp-content\\\/uploads\\\/2024\\\/02\\\/GastroAidprasek-jpg.webp\",\"contentUrl\":\"https:\\\/\\\/clair.si\\\/wp-content\\\/uploads\\\/2024\\\/02\\\/GastroAidprasek-jpg.webp\",\"width\":550,\"height\":550},{\"@type\":\"BreadcrumbList\",\"@id\":\"https:\\\/\\\/clair.si\\\/izdelek\\\/cavalor-gastro-aid\\\/#breadcrumb\",\"itemListElement\":[{\"@type\":\"ListItem\",\"position\":1,\"name\":\"Home\",\"item\":\"https:\\\/\\\/clair.si\\\/hr\\\/\"},{\"@type\":\"ListItem\",\"position\":2,\"name\":\"Trgovina\",\"item\":\"https:\\\/\\\/clair.si\\\/trgovina\\\/\"},{\"@type\":\"ListItem\",\"position\":3,\"name\":\"Cavalor Gastro Aid\"}]},{\"@type\":\"WebSite\",\"@id\":\"https:\\\/\\\/clair.si\\\/#website\",\"url\":\"https:\\\/\\\/clair.si\\\/\",\"name\":\"Clair\",\"description\":\"Trgovina s konjeni\u0161ko opremo\",\"publisher\":{\"@id\":\"https:\\\/\\\/clair.si\\\/#organization\"},\"potentialAction\":[{\"@type\":\"SearchAction\",\"target\":{\"@type\":\"EntryPoint\",\"urlTemplate\":\"https:\\\/\\\/clair.si\\\/?s={search_term_string}\"},\"query-input\":{\"@type\":\"PropertyValueSpecification\",\"valueRequired\":true,\"valueName\":\"search_term_string\"}}],\"inLanguage\":\"hr\"},{\"@type\":\"Organization\",\"@id\":\"https:\\\/\\\/clair.si\\\/#organization\",\"name\":\"Clair\",\"url\":\"https:\\\/\\\/clair.si\\\/\",\"logo\":{\"@type\":\"ImageObject\",\"inLanguage\":\"hr\",\"@id\":\"https:\\\/\\\/clair.si\\\/#\\\/schema\\\/logo\\\/image\\\/\",\"url\":\"https:\\\/\\\/clair.si\\\/wp-content\\\/uploads\\\/2022\\\/11\\\/clair_logo_2022.jpg\",\"contentUrl\":\"https:\\\/\\\/clair.si\\\/wp-content\\\/uploads\\\/2022\\\/11\\\/clair_logo_2022.jpg\",\"width\":1920,\"height\":1920,\"caption\":\"Clair\"},\"image\":{\"@id\":\"https:\\\/\\\/clair.si\\\/#\\\/schema\\\/logo\\\/image\\\/\"},\"sameAs\":[\"https:\\\/\\\/www.facebook.com\\\/TrgovinaClair\\\/\"]}]}<\/script>\n<!-- \/ Yoast SEO plugin. -->","yoast_head_json":{"title":"Cavalor Gastro Aid - Clair","description":"Pra\u0161ak koji stvara zdravo okru\u017eenje u \u017eelucu i neutralizira \u017eelu\u010danu kiselinu  \u0160titi \u017eelu\u010danu stijenku od iritacije  S biljem za za\u0161titu \u017eelu\u010dane sluznice i pomo\u0107 pri neutralizaciji \u017eelu\u010dane kiseline  Za konje s osjetljivim \u017eelucem Koli\u010dina: 1,8 kg","robots":{"index":"index","follow":"follow","max-snippet":"max-snippet:-1","max-image-preview":"max-image-preview:large","max-video-preview":"max-video-preview:-1"},"canonical":"https:\/\/clair.si\/izdelek\/cavalor-gastro-aid\/","og_locale":"hr_HR","og_type":"article","og_title":"Cavalor Gastro Aid - Clair","og_description":"Pra\u0161ak koji stvara zdravo okru\u017eenje u \u017eelucu i neutralizira \u017eelu\u010danu kiselinu  \u0160titi \u017eelu\u010danu stijenku od iritacije  S biljem za za\u0161titu \u017eelu\u010dane sluznice i pomo\u0107 pri neutralizaciji \u017eelu\u010dane kiseline  Za konje s osjetljivim \u017eelucem Koli\u010dina: 1,8 kg","og_url":"https:\/\/clair.si\/izdelek\/cavalor-gastro-aid\/","og_site_name":"Clair","article_publisher":"https:\/\/www.facebook.com\/TrgovinaClair\/","article_modified_time":"2025-11-18T07:01:21+00:00","og_image":[{"width":550,"height":550,"url":"https:\/\/clair.si\/wp-content\/uploads\/2024\/02\/GastroAidprasek-jpg.webp","type":"image\/jpeg"}],"twitter_card":"summary_large_image","twitter_misc":{"Procijenjeno vrijeme \u010ditanja":"1 minuta"},"schema":{"@context":"https:\/\/schema.org","@graph":[{"@type":"WebPage","@id":"https:\/\/clair.si\/izdelek\/cavalor-gastro-aid\/","url":"https:\/\/clair.si\/izdelek\/cavalor-gastro-aid\/","name":"Cavalor Gastro Aid - Clair","isPartOf":{"@id":"https:\/\/clair.si\/#website"},"primaryImageOfPage":{"@id":"https:\/\/clair.si\/izdelek\/cavalor-gastro-aid\/#primaryimage"},"image":{"@id":"https:\/\/clair.si\/izdelek\/cavalor-gastro-aid\/#primaryimage"},"thumbnailUrl":"https:\/\/clair.si\/wp-content\/uploads\/2024\/02\/GastroAidprasek-jpg.webp","datePublished":"2024-02-13T06:57:37+00:00","dateModified":"2025-11-18T07:01:21+00:00","description":"Pra\u0161ak koji stvara zdravo okru\u017eenje u \u017eelucu i neutralizira \u017eelu\u010danu kiselinu \u0160titi \u017eelu\u010danu stijenku od iritacije S biljem za za\u0161titu \u017eelu\u010dane sluznice i pomo\u0107 pri neutralizaciji \u017eelu\u010dane kiseline Za konje s osjetljivim \u017eelucem Koli\u010dina: 1,8 kg","breadcrumb":{"@id":"https:\/\/clair.si\/izdelek\/cavalor-gastro-aid\/#breadcrumb"},"inLanguage":"hr","potentialAction":[{"@type":"ReadAction","target":["https:\/\/clair.si\/izdelek\/cavalor-gastro-aid\/"]}]},{"@type":"ImageObject","inLanguage":"hr","@id":"https:\/\/clair.si\/izdelek\/cavalor-gastro-aid\/#primaryimage","url":"https:\/\/clair.si\/wp-content\/uploads\/2024\/02\/GastroAidprasek-jpg.webp","contentUrl":"https:\/\/clair.si\/wp-content\/uploads\/2024\/02\/GastroAidprasek-jpg.webp","width":550,"height":550},{"@type":"BreadcrumbList","@id":"https:\/\/clair.si\/izdelek\/cavalor-gastro-aid\/#breadcrumb","itemListElement":[{"@type":"ListItem","position":1,"name":"Home","item":"https:\/\/clair.si\/hr\/"},{"@type":"ListItem","position":2,"name":"Trgovina","item":"https:\/\/clair.si\/trgovina\/"},{"@type":"ListItem","position":3,"name":"Cavalor Gastro Aid"}]},{"@type":"WebSite","@id":"https:\/\/clair.si\/#website","url":"https:\/\/clair.si\/","name":"Clair","description":"Trgovina s konjeni\u0161ko opremo","publisher":{"@id":"https:\/\/clair.si\/#organization"},"potentialAction":[{"@type":"SearchAction","target":{"@type":"EntryPoint","urlTemplate":"https:\/\/clair.si\/?s={search_term_string}"},"query-input":{"@type":"PropertyValueSpecification","valueRequired":true,"valueName":"search_term_string"}}],"inLanguage":"hr"},{"@type":"Organization","@id":"https:\/\/clair.si\/#organization","name":"Clair","url":"https:\/\/clair.si\/","logo":{"@type":"ImageObject","inLanguage":"hr","@id":"https:\/\/clair.si\/#\/schema\/logo\/image\/","url":"https:\/\/clair.si\/wp-content\/uploads\/2022\/11\/clair_logo_2022.jpg","contentUrl":"https:\/\/clair.si\/wp-content\/uploads\/2022\/11\/clair_logo_2022.jpg","width":1920,"height":1920,"caption":"Clair"},"image":{"@id":"https:\/\/clair.si\/#\/schema\/logo\/image\/"},"sameAs":["https:\/\/www.facebook.com\/TrgovinaClair\/"]}]}},"_links":{"self":[{"href":"https:\/\/clair.si\/hr\/wp-json\/wp\/v2\/product\/96849","targetHints":{"allow":["GET"]}}],"collection":[{"href":"https:\/\/clair.si\/hr\/wp-json\/wp\/v2\/product"}],"about":[{"href":"https:\/\/clair.si\/hr\/wp-json\/wp\/v2\/types\/product"}],"version-history":[{"count":1,"href":"https:\/\/clair.si\/hr\/wp-json\/wp\/v2\/product\/96849\/revisions"}],"predecessor-version":[{"id":115993,"href":"https:\/\/clair.si\/hr\/wp-json\/wp\/v2\/product\/96849\/revisions\/115993"}],"wp:featuredmedia":[{"embeddable":true,"href":"https:\/\/clair.si\/hr\/wp-json\/wp\/v2\/media\/96850"}],"wp:attachment":[{"href":"https:\/\/clair.si\/hr\/wp-json\/wp\/v2\/media?parent=96849"}],"wp:term":[{"taxonomy":"product_brand","embeddable":true,"href":"https:\/\/clair.si\/hr\/wp-json\/wp\/v2\/product_brand?post=96849"},{"taxonomy":"product_cat","embeddable":true,"href":"https:\/\/clair.si\/hr\/wp-json\/wp\/v2\/product_cat?post=96849"},{"taxonomy":"product_tag","embeddable":true,"href":"https:\/\/clair.si\/hr\/wp-json\/wp\/v2\/product_tag?post=96849"}],"curies":[{"name":"wp","href":"https:\/\/api.w.org\/{rel}","templated":true}]}}