{"id":96851,"date":"2024-02-12T12:40:07","date_gmt":"2024-02-12T11:40:07","guid":{"rendered":"https:\/\/clair.si\/izdelek\/cavalor-startgo\/"},"modified":"2025-08-28T19:46:45","modified_gmt":"2025-08-28T17:46:45","slug":"cavalor-startgo","status":"publish","type":"product","link":"https:\/\/clair.si\/hr\/izdelek\/cavalor-startgo\/","title":{"rendered":"Cavalor Start&amp;Go"},"content":{"rendered":"<p><strong>Cavalor Start &amp; Go Soft<\/strong> je hrana prikladna za <strong>tek odbijenu \u017edrebad<\/strong>. Hranjivi, ukusni i lako probavljivi peleti savr\u0161eni su za u\u010denje \u017edrebeta da u\u017eivaju u koncentriranoj hrani i sprje\u010davaju zastoje u rastu. Peleti se lako apsorbiraju, lako probavljaju i ukusni su te omogu\u0107uju gladak prijelaz nakon laktacije. <strong>Pravilan omjer kalcija\/fosfora\/magnezija osigurava dobar razvoj i gusto\u0107u kostiju<\/strong>. <strong>Idealna kombinacija<\/strong> organskog bakra, cinka i mangana osigurava dobar razvoj kostiju, zglobova i tetiva.<\/p>\n<p><strong>Sastav:<\/strong><\/p>\n<p>Mje\u0161avina p\u0161enice<br \/>\nP\u0161enica<br \/>\nSlomljeni kukuruz<br \/>\nSojino bra\u0161no<br \/>\nGlicerol<br \/>\nHrana za sjemenke suncokreta<br \/>\nSirutka u prahu<br \/>\nObrano mlijeko u prahu 4%<br \/>\nRogoz<br \/>\nlaneno sjeme<br \/>\nKokosova mast<br \/>\nPr\u017eena zrna soje<br \/>\nKalcijev karbonat<br \/>\nPivski kvasac<br \/>\nFruktooligosaharidi<br \/>\nNatrijev klorid<\/p>\n<p>Analiti\u010dki sastojci: sirovi proteini 17 %, sirova mast 6 %, sirovi pepeo 7 %, sirova vlakna 4,5 %, \u0161e\u0107er 6 %, \u0161krob 23 %, kalcij 1,3 %, magnezij 0,25 %, fosfor 0,8 %, natrij 0,3 %, Dodatni sastojci po kg: vitamin A kao vitamin A preparat 3a67a 18.125 I.U., vitamin D3 (3a671) 1.875 I.U., vitamin e (3a700) 350 mg, vitamin B1 (3a821) 14 mg, vitamin B2 15 mg, kalcijev D-pantotenat (3a841) 25 mg, vitamin B6 kao piridoksinhidroklorid 3a381 2,4 mg, vitamin B12 0,03 mg, biotin (3a880) 250 \u00b5g, kolin klorid 3a890 310 mg, \u017eeljezo kao \u017eeljezov sulfat, monohidrat 70 mg, jod kao kalcijev jodat, bezvodni (3b202) 1,35 mg, kobalt kao oblo\u017een kobalt-II-karbonat-granulat 0,35 mg, bakar kao bakrov sulfat, pentahidrat 55 mg, bakar kao dibakrov klorid trihidroksid 6 mg, mangan kao mangan sulfat, monohidrat 163 mg, mangan kao glicin-manganovkelat, hidrat 15 mg, Cink kao cinkov sulfat monohidrat 145 mg, cink kao cinkov klorid hidroksid monohidrat 15 mg, selen E8 kao natrijev selenit 0,45 mg, Selen kao L-selen metionin 0,2 mg<\/p>\n<p>&nbsp;<\/p>\n<p><strong>Upute za hranjenje:<\/strong><\/p>\n<p>Hranite po potrebi<br \/>\nOsnova dobre prehrane za va\u0161eg konja su odgovaraju\u0107a vlakna i pristup svje\u017eoj pitkoj vodi. Ovu osnovu nadopunite koncentratima ili balanserom, ovisno o individualnim prehrambenim potrebama konja. Koristite dodatke za fino pode\u0161avanje.<\/p>\n<p>Preporuke za hranjenje za Cavalor Start &amp; Go Soft<br \/>\nPreporu\u010dujemo najmanje 250 g do najvi\u0161e 450 g na 100 kg tjelesne te\u017eine\/dan. Za konja te\u0161kog 600 kg to zna\u010di najmanje 1,5 kg i najvi\u0161e 2,7 kg dnevno. Koncentriranu hranu podijelite na nekoliko obroka dnevno, po mogu\u0107nosti nakon hranjenja vlaknima.<\/p>\n","protected":false},"excerpt":{"rendered":"<p><strong>Za ovaj proizvod se zbog dimenzija ili te\u017eine napla\u0107uju dodatni tro\u0161kovi dostave u iznosu od 15 \u20ac \/ kom.<\/strong><\/p>\n<ul>\n<li>Spremno za hranjenje<\/li>\n<li>Ravnomjeran rast<\/li>\n<li>Uzgoj esencijalnih multiminerala<\/li>\n<\/ul>\n<p><strong>Koli\u010dina: 15 kg<\/strong><\/p>\n","protected":false},"featured_media":96856,"template":"","meta":{"footnotes":""},"product_brand":[],"product_cat":[5711,5710],"product_tag":[],"class_list":{"0":"post-96851","1":"product","2":"type-product","3":"status-publish","4":"has-post-thumbnail","6":"product_cat-hrana-i-prehrambeni-dodaci-cavalor","7":"product_cat-hrana-za-konje-hr","8":"product_shipping_class-marstall-hr","10":"first","11":"instock","12":"shipping-taxable","13":"purchasable","14":"product-type-simple"},"yoast_head":"<!-- This site is optimized with the Yoast SEO plugin v27.4 - https:\/\/yoast.com\/product\/yoast-seo-wordpress\/ -->\n<title>Cavalor Start&amp;Go - Clair<\/title>\n<meta name=\"description\" content=\"Za ovaj proizvod se zbog dimenzija ili te\u017eine napla\u0107uju dodatni tro\u0161kovi dostave u iznosu od 15 \u20ac \/ kom.   Spremno za hranjenje  Ravnomjeran rast  Uzgoj esencijalnih multiminerala  Koli\u010dina: 15 kg\" \/>\n<meta name=\"robots\" content=\"index, follow, max-snippet:-1, max-image-preview:large, max-video-preview:-1\" \/>\n<link rel=\"canonical\" href=\"https:\/\/clair.si\/izdelek\/cavalor-startgo\/\" \/>\n<meta property=\"og:locale\" content=\"hr_HR\" \/>\n<meta property=\"og:type\" content=\"article\" \/>\n<meta property=\"og:title\" content=\"Cavalor Start&amp;Go - Clair\" \/>\n<meta property=\"og:description\" content=\"Za ovaj proizvod se zbog dimenzija ili te\u017eine napla\u0107uju dodatni tro\u0161kovi dostave u iznosu od 15 \u20ac \/ kom.   Spremno za hranjenje  Ravnomjeran rast  Uzgoj esencijalnih multiminerala  Koli\u010dina: 15 kg\" \/>\n<meta property=\"og:url\" content=\"https:\/\/clair.si\/izdelek\/cavalor-startgo\/\" \/>\n<meta property=\"og:site_name\" content=\"Clair\" \/>\n<meta property=\"article:publisher\" content=\"https:\/\/www.facebook.com\/TrgovinaClair\/\" \/>\n<meta property=\"article:modified_time\" content=\"2025-08-28T17:46:45+00:00\" \/>\n<meta property=\"og:image\" content=\"https:\/\/clair.si\/wp-content\/uploads\/2024\/02\/startgo1-jpg.webp\" \/>\n\t<meta property=\"og:image:width\" content=\"800\" \/>\n\t<meta property=\"og:image:height\" content=\"800\" \/>\n\t<meta property=\"og:image:type\" content=\"image\/jpeg\" \/>\n<meta name=\"twitter:card\" content=\"summary_large_image\" \/>\n<meta name=\"twitter:label1\" content=\"Procijenjeno vrijeme \u010ditanja\" \/>\n\t<meta name=\"twitter:data1\" content=\"3 minute\" \/>\n<script type=\"application\/ld+json\" class=\"yoast-schema-graph\">{\"@context\":\"https:\\\/\\\/schema.org\",\"@graph\":[{\"@type\":\"WebPage\",\"@id\":\"https:\\\/\\\/clair.si\\\/izdelek\\\/cavalor-startgo\\\/\",\"url\":\"https:\\\/\\\/clair.si\\\/izdelek\\\/cavalor-startgo\\\/\",\"name\":\"Cavalor Start&amp;Go - Clair\",\"isPartOf\":{\"@id\":\"https:\\\/\\\/clair.si\\\/#website\"},\"primaryImageOfPage\":{\"@id\":\"https:\\\/\\\/clair.si\\\/izdelek\\\/cavalor-startgo\\\/#primaryimage\"},\"image\":{\"@id\":\"https:\\\/\\\/clair.si\\\/izdelek\\\/cavalor-startgo\\\/#primaryimage\"},\"thumbnailUrl\":\"https:\\\/\\\/clair.si\\\/wp-content\\\/uploads\\\/2024\\\/02\\\/startgo1-jpg.webp\",\"datePublished\":\"2024-02-12T11:40:07+00:00\",\"dateModified\":\"2025-08-28T17:46:45+00:00\",\"description\":\"Za ovaj proizvod se zbog dimenzija ili te\u017eine napla\u0107uju dodatni tro\u0161kovi dostave u iznosu od 15 \u20ac \\\/ kom. Spremno za hranjenje Ravnomjeran rast Uzgoj esencijalnih multiminerala Koli\u010dina: 15 kg\",\"breadcrumb\":{\"@id\":\"https:\\\/\\\/clair.si\\\/izdelek\\\/cavalor-startgo\\\/#breadcrumb\"},\"inLanguage\":\"hr\",\"potentialAction\":[{\"@type\":\"ReadAction\",\"target\":[\"https:\\\/\\\/clair.si\\\/izdelek\\\/cavalor-startgo\\\/\"]}]},{\"@type\":\"ImageObject\",\"inLanguage\":\"hr\",\"@id\":\"https:\\\/\\\/clair.si\\\/izdelek\\\/cavalor-startgo\\\/#primaryimage\",\"url\":\"https:\\\/\\\/clair.si\\\/wp-content\\\/uploads\\\/2024\\\/02\\\/startgo1-jpg.webp\",\"contentUrl\":\"https:\\\/\\\/clair.si\\\/wp-content\\\/uploads\\\/2024\\\/02\\\/startgo1-jpg.webp\",\"width\":800,\"height\":800},{\"@type\":\"BreadcrumbList\",\"@id\":\"https:\\\/\\\/clair.si\\\/izdelek\\\/cavalor-startgo\\\/#breadcrumb\",\"itemListElement\":[{\"@type\":\"ListItem\",\"position\":1,\"name\":\"Home\",\"item\":\"https:\\\/\\\/clair.si\\\/hr\\\/\"},{\"@type\":\"ListItem\",\"position\":2,\"name\":\"Trgovina\",\"item\":\"https:\\\/\\\/clair.si\\\/trgovina\\\/\"},{\"@type\":\"ListItem\",\"position\":3,\"name\":\"Cavalor Start&amp;Go\"}]},{\"@type\":\"WebSite\",\"@id\":\"https:\\\/\\\/clair.si\\\/#website\",\"url\":\"https:\\\/\\\/clair.si\\\/\",\"name\":\"Clair\",\"description\":\"Trgovina s konjeni\u0161ko opremo\",\"publisher\":{\"@id\":\"https:\\\/\\\/clair.si\\\/#organization\"},\"potentialAction\":[{\"@type\":\"SearchAction\",\"target\":{\"@type\":\"EntryPoint\",\"urlTemplate\":\"https:\\\/\\\/clair.si\\\/?s={search_term_string}\"},\"query-input\":{\"@type\":\"PropertyValueSpecification\",\"valueRequired\":true,\"valueName\":\"search_term_string\"}}],\"inLanguage\":\"hr\"},{\"@type\":\"Organization\",\"@id\":\"https:\\\/\\\/clair.si\\\/#organization\",\"name\":\"Clair\",\"url\":\"https:\\\/\\\/clair.si\\\/\",\"logo\":{\"@type\":\"ImageObject\",\"inLanguage\":\"hr\",\"@id\":\"https:\\\/\\\/clair.si\\\/#\\\/schema\\\/logo\\\/image\\\/\",\"url\":\"https:\\\/\\\/clair.si\\\/wp-content\\\/uploads\\\/2022\\\/11\\\/clair_logo_2022.jpg\",\"contentUrl\":\"https:\\\/\\\/clair.si\\\/wp-content\\\/uploads\\\/2022\\\/11\\\/clair_logo_2022.jpg\",\"width\":1920,\"height\":1920,\"caption\":\"Clair\"},\"image\":{\"@id\":\"https:\\\/\\\/clair.si\\\/#\\\/schema\\\/logo\\\/image\\\/\"},\"sameAs\":[\"https:\\\/\\\/www.facebook.com\\\/TrgovinaClair\\\/\"]}]}<\/script>\n<!-- \/ Yoast SEO plugin. -->","yoast_head_json":{"title":"Cavalor Start&amp;Go - Clair","description":"Za ovaj proizvod se zbog dimenzija ili te\u017eine napla\u0107uju dodatni tro\u0161kovi dostave u iznosu od 15 \u20ac \/ kom.   Spremno za hranjenje  Ravnomjeran rast  Uzgoj esencijalnih multiminerala  Koli\u010dina: 15 kg","robots":{"index":"index","follow":"follow","max-snippet":"max-snippet:-1","max-image-preview":"max-image-preview:large","max-video-preview":"max-video-preview:-1"},"canonical":"https:\/\/clair.si\/izdelek\/cavalor-startgo\/","og_locale":"hr_HR","og_type":"article","og_title":"Cavalor Start&amp;Go - Clair","og_description":"Za ovaj proizvod se zbog dimenzija ili te\u017eine napla\u0107uju dodatni tro\u0161kovi dostave u iznosu od 15 \u20ac \/ kom.   Spremno za hranjenje  Ravnomjeran rast  Uzgoj esencijalnih multiminerala  Koli\u010dina: 15 kg","og_url":"https:\/\/clair.si\/izdelek\/cavalor-startgo\/","og_site_name":"Clair","article_publisher":"https:\/\/www.facebook.com\/TrgovinaClair\/","article_modified_time":"2025-08-28T17:46:45+00:00","og_image":[{"width":800,"height":800,"url":"https:\/\/clair.si\/wp-content\/uploads\/2024\/02\/startgo1-jpg.webp","type":"image\/jpeg"}],"twitter_card":"summary_large_image","twitter_misc":{"Procijenjeno vrijeme \u010ditanja":"3 minute"},"schema":{"@context":"https:\/\/schema.org","@graph":[{"@type":"WebPage","@id":"https:\/\/clair.si\/izdelek\/cavalor-startgo\/","url":"https:\/\/clair.si\/izdelek\/cavalor-startgo\/","name":"Cavalor Start&amp;Go - Clair","isPartOf":{"@id":"https:\/\/clair.si\/#website"},"primaryImageOfPage":{"@id":"https:\/\/clair.si\/izdelek\/cavalor-startgo\/#primaryimage"},"image":{"@id":"https:\/\/clair.si\/izdelek\/cavalor-startgo\/#primaryimage"},"thumbnailUrl":"https:\/\/clair.si\/wp-content\/uploads\/2024\/02\/startgo1-jpg.webp","datePublished":"2024-02-12T11:40:07+00:00","dateModified":"2025-08-28T17:46:45+00:00","description":"Za ovaj proizvod se zbog dimenzija ili te\u017eine napla\u0107uju dodatni tro\u0161kovi dostave u iznosu od 15 \u20ac \/ kom. Spremno za hranjenje Ravnomjeran rast Uzgoj esencijalnih multiminerala Koli\u010dina: 15 kg","breadcrumb":{"@id":"https:\/\/clair.si\/izdelek\/cavalor-startgo\/#breadcrumb"},"inLanguage":"hr","potentialAction":[{"@type":"ReadAction","target":["https:\/\/clair.si\/izdelek\/cavalor-startgo\/"]}]},{"@type":"ImageObject","inLanguage":"hr","@id":"https:\/\/clair.si\/izdelek\/cavalor-startgo\/#primaryimage","url":"https:\/\/clair.si\/wp-content\/uploads\/2024\/02\/startgo1-jpg.webp","contentUrl":"https:\/\/clair.si\/wp-content\/uploads\/2024\/02\/startgo1-jpg.webp","width":800,"height":800},{"@type":"BreadcrumbList","@id":"https:\/\/clair.si\/izdelek\/cavalor-startgo\/#breadcrumb","itemListElement":[{"@type":"ListItem","position":1,"name":"Home","item":"https:\/\/clair.si\/hr\/"},{"@type":"ListItem","position":2,"name":"Trgovina","item":"https:\/\/clair.si\/trgovina\/"},{"@type":"ListItem","position":3,"name":"Cavalor Start&amp;Go"}]},{"@type":"WebSite","@id":"https:\/\/clair.si\/#website","url":"https:\/\/clair.si\/","name":"Clair","description":"Trgovina s konjeni\u0161ko opremo","publisher":{"@id":"https:\/\/clair.si\/#organization"},"potentialAction":[{"@type":"SearchAction","target":{"@type":"EntryPoint","urlTemplate":"https:\/\/clair.si\/?s={search_term_string}"},"query-input":{"@type":"PropertyValueSpecification","valueRequired":true,"valueName":"search_term_string"}}],"inLanguage":"hr"},{"@type":"Organization","@id":"https:\/\/clair.si\/#organization","name":"Clair","url":"https:\/\/clair.si\/","logo":{"@type":"ImageObject","inLanguage":"hr","@id":"https:\/\/clair.si\/#\/schema\/logo\/image\/","url":"https:\/\/clair.si\/wp-content\/uploads\/2022\/11\/clair_logo_2022.jpg","contentUrl":"https:\/\/clair.si\/wp-content\/uploads\/2022\/11\/clair_logo_2022.jpg","width":1920,"height":1920,"caption":"Clair"},"image":{"@id":"https:\/\/clair.si\/#\/schema\/logo\/image\/"},"sameAs":["https:\/\/www.facebook.com\/TrgovinaClair\/"]}]}},"_links":{"self":[{"href":"https:\/\/clair.si\/hr\/wp-json\/wp\/v2\/product\/96851","targetHints":{"allow":["GET"]}}],"collection":[{"href":"https:\/\/clair.si\/hr\/wp-json\/wp\/v2\/product"}],"about":[{"href":"https:\/\/clair.si\/hr\/wp-json\/wp\/v2\/types\/product"}],"version-history":[{"count":0,"href":"https:\/\/clair.si\/hr\/wp-json\/wp\/v2\/product\/96851\/revisions"}],"wp:featuredmedia":[{"embeddable":true,"href":"https:\/\/clair.si\/hr\/wp-json\/wp\/v2\/media\/96856"}],"wp:attachment":[{"href":"https:\/\/clair.si\/hr\/wp-json\/wp\/v2\/media?parent=96851"}],"wp:term":[{"taxonomy":"product_brand","embeddable":true,"href":"https:\/\/clair.si\/hr\/wp-json\/wp\/v2\/product_brand?post=96851"},{"taxonomy":"product_cat","embeddable":true,"href":"https:\/\/clair.si\/hr\/wp-json\/wp\/v2\/product_cat?post=96851"},{"taxonomy":"product_tag","embeddable":true,"href":"https:\/\/clair.si\/hr\/wp-json\/wp\/v2\/product_tag?post=96851"}],"curies":[{"name":"wp","href":"https:\/\/api.w.org\/{rel}","templated":true}]}}