{"id":96858,"date":"2024-01-30T16:08:53","date_gmt":"2024-01-30T15:08:53","guid":{"rendered":"https:\/\/clair.si\/izdelek\/cavalor-derma-spray\/"},"modified":"2025-08-27T20:47:57","modified_gmt":"2025-08-27T18:47:57","slug":"cavalor-derma-spray","status":"publish","type":"product","link":"https:\/\/clair.si\/hr\/izdelek\/cavalor-derma-spray\/","title":{"rendered":"Cavalor Derma Spray"},"content":{"rendered":"<p>\u010cistilni probioti\u010dki sprej, ja\u010da prirodnu obranu ko\u017ee<br \/>\n<strong>Pospe\u0161uje zacjeljivanje<\/strong> jer je i ko\u017ena flora va\u017ean dio prirodne obrane tijela. Aktivni <strong>prebiotici i probiotici u spreju Cavalor Derma Spray<\/strong> ja\u010daju vojsku dobrih bakterija kako bi podr\u017eali prirodne obrambene mehanizme. <\/p>\n<p>Prirodni \u010distilni sprej koristite na ko\u017ei, dlaci, grivi i repu. Idealno za lije\u010denje <strong>\u010destih rana, svrbe\u017ea, nadra\u017eenosti<\/strong> i <strong>drugih problema s ko\u017eom.<\/strong> <\/p>\n<p>Njegova pH neutralna formula napravljena je posebno za ja\u010danje prirodne obrane konjske ko\u017ee i osiguravanje zdrave mikroflore. \u00bbDobre\u00ab bakterije prekriju obra\u0111enu povr\u0161inu i brzo se razmno\u017eavaju te tvore barijeru i sprje\u010davaju naseljavanje drugih organizama. To poma\u017ee sprije\u010diti i ubla\u017eiti ozbiljne probleme s ko\u017eom.  <\/p>\n<p>Cavalor Derma Spray se mo\u017ee koristiti i za <strong>\u010di\u0161\u0107enje rana i podr\u017eava prirodni proces zacjeljivanja tijela.<\/strong><\/p>\n<p>&nbsp;<\/p>\n<p><strong>Uporaba: <\/strong>Za lije\u010denje neravnote\u017ee ko\u017ene mikroflore (svrbe\u017e, pasterni dermatitis, rane, problemi s ko\u017eom): dvaput na dan nanesite na zahva\u0107eno mjesto ili upotrebljavajte svaki dan preventivno, da o\u010duvate ko\u017eu zdravom.<\/p>\n<p>Upozorenje: Samo za vanjsku uporabu. Koli\u010dina 250 ml, u dozirnoj posudi s prskalicom. <\/p>\n<p>&nbsp;<\/p>\n<p>&nbsp;<\/p>\n","protected":false},"excerpt":{"rendered":"<ul>\n<li>\u010cistilni probioti\u010dki sprej<\/li>\n<li>Ja\u010da prirodnu obranu ko\u017ee<\/li>\n<li>Poti\u010de zacjeljivanje<\/li>\n<\/ul>\n<p><strong>Koli\u010dina: 250 ml<\/strong><\/p>\n","protected":false},"featured_media":96866,"template":"","meta":{"footnotes":""},"product_brand":[],"product_cat":[5624,5675,5677,5625,5678,5627,5680],"product_tag":[],"class_list":{"0":"post-96858","1":"product","2":"type-product","3":"status-publish","4":"has-post-thumbnail","6":"product_cat-konj-hr","7":"product_cat-kozmetika-za-konje-hr","8":"product_cat-kozmetika-za-konje-hr-2","9":"product_cat-njega-konja","10":"product_cat-problemi-s-kozom","11":"product_cat-stala-i-pasnjak","12":"product_cat-zdravlje-i-dobrobit","14":"first","15":"instock","16":"shipping-taxable","17":"purchasable","18":"product-type-simple"},"yoast_head":"<!-- This site is optimized with the Yoast SEO plugin v27.3 - https:\/\/yoast.com\/product\/yoast-seo-wordpress\/ -->\n<title>Cavalor Derma Spray - Clair<\/title>\n<meta name=\"description\" content=\"\u010cistilni probioti\u010dki sprej  Ja\u010da prirodnu obranu ko\u017ee  Poti\u010de zacjeljivanje Koli\u010dina: 250 ml\" \/>\n<meta name=\"robots\" content=\"index, follow, max-snippet:-1, max-image-preview:large, max-video-preview:-1\" \/>\n<link rel=\"canonical\" href=\"https:\/\/clair.si\/hr\/izdelek\/cavalor-derma-spray\/\" \/>\n<meta property=\"og:locale\" content=\"hr_HR\" \/>\n<meta property=\"og:type\" content=\"article\" \/>\n<meta property=\"og:title\" content=\"Cavalor Derma Spray - Clair\" \/>\n<meta property=\"og:description\" content=\"\u010cistilni probioti\u010dki sprej  Ja\u010da prirodnu obranu ko\u017ee  Poti\u010de zacjeljivanje Koli\u010dina: 250 ml\" \/>\n<meta property=\"og:url\" content=\"https:\/\/clair.si\/hr\/izdelek\/cavalor-derma-spray\/\" \/>\n<meta property=\"og:site_name\" content=\"Clair\" \/>\n<meta property=\"article:publisher\" content=\"https:\/\/www.facebook.com\/TrgovinaClair\/\" \/>\n<meta property=\"article:modified_time\" content=\"2025-08-27T18:47:57+00:00\" \/>\n<meta property=\"og:image\" content=\"https:\/\/clair.si\/wp-content\/uploads\/2024\/01\/dermapsray1-jpg.webp\" \/>\n\t<meta property=\"og:image:width\" content=\"550\" \/>\n\t<meta property=\"og:image:height\" content=\"550\" \/>\n\t<meta property=\"og:image:type\" content=\"image\/jpeg\" \/>\n<meta name=\"twitter:card\" content=\"summary_large_image\" \/>\n<meta name=\"twitter:label1\" content=\"Procijenjeno vrijeme \u010ditanja\" \/>\n\t<meta name=\"twitter:data1\" content=\"1 minuta\" \/>\n<script type=\"application\/ld+json\" class=\"yoast-schema-graph\">{\"@context\":\"https:\\\/\\\/schema.org\",\"@graph\":[{\"@type\":\"WebPage\",\"@id\":\"https:\\\/\\\/clair.si\\\/hr\\\/izdelek\\\/cavalor-derma-spray\\\/\",\"url\":\"https:\\\/\\\/clair.si\\\/hr\\\/izdelek\\\/cavalor-derma-spray\\\/\",\"name\":\"Cavalor Derma Spray - Clair\",\"isPartOf\":{\"@id\":\"https:\\\/\\\/clair.si\\\/#website\"},\"primaryImageOfPage\":{\"@id\":\"https:\\\/\\\/clair.si\\\/hr\\\/izdelek\\\/cavalor-derma-spray\\\/#primaryimage\"},\"image\":{\"@id\":\"https:\\\/\\\/clair.si\\\/hr\\\/izdelek\\\/cavalor-derma-spray\\\/#primaryimage\"},\"thumbnailUrl\":\"https:\\\/\\\/clair.si\\\/wp-content\\\/uploads\\\/2024\\\/01\\\/dermapsray1-jpg.webp\",\"datePublished\":\"2024-01-30T15:08:53+00:00\",\"dateModified\":\"2025-08-27T18:47:57+00:00\",\"description\":\"\u010cistilni probioti\u010dki sprej Ja\u010da prirodnu obranu ko\u017ee Poti\u010de zacjeljivanje Koli\u010dina: 250 ml\",\"breadcrumb\":{\"@id\":\"https:\\\/\\\/clair.si\\\/hr\\\/izdelek\\\/cavalor-derma-spray\\\/#breadcrumb\"},\"inLanguage\":\"hr\",\"potentialAction\":[{\"@type\":\"ReadAction\",\"target\":[\"https:\\\/\\\/clair.si\\\/hr\\\/izdelek\\\/cavalor-derma-spray\\\/\"]}]},{\"@type\":\"ImageObject\",\"inLanguage\":\"hr\",\"@id\":\"https:\\\/\\\/clair.si\\\/hr\\\/izdelek\\\/cavalor-derma-spray\\\/#primaryimage\",\"url\":\"https:\\\/\\\/clair.si\\\/wp-content\\\/uploads\\\/2024\\\/01\\\/dermapsray1-jpg.webp\",\"contentUrl\":\"https:\\\/\\\/clair.si\\\/wp-content\\\/uploads\\\/2024\\\/01\\\/dermapsray1-jpg.webp\",\"width\":550,\"height\":550},{\"@type\":\"BreadcrumbList\",\"@id\":\"https:\\\/\\\/clair.si\\\/hr\\\/izdelek\\\/cavalor-derma-spray\\\/#breadcrumb\",\"itemListElement\":[{\"@type\":\"ListItem\",\"position\":1,\"name\":\"Home\",\"item\":\"https:\\\/\\\/clair.si\\\/hr\\\/\"},{\"@type\":\"ListItem\",\"position\":2,\"name\":\"Trgovina\",\"item\":\"https:\\\/\\\/clair.si\\\/trgovina\\\/\"},{\"@type\":\"ListItem\",\"position\":3,\"name\":\"Cavalor Derma Spray\"}]},{\"@type\":\"WebSite\",\"@id\":\"https:\\\/\\\/clair.si\\\/#website\",\"url\":\"https:\\\/\\\/clair.si\\\/\",\"name\":\"Clair\",\"description\":\"Trgovina s konjeni\u0161ko opremo\",\"publisher\":{\"@id\":\"https:\\\/\\\/clair.si\\\/#organization\"},\"potentialAction\":[{\"@type\":\"SearchAction\",\"target\":{\"@type\":\"EntryPoint\",\"urlTemplate\":\"https:\\\/\\\/clair.si\\\/?s={search_term_string}\"},\"query-input\":{\"@type\":\"PropertyValueSpecification\",\"valueRequired\":true,\"valueName\":\"search_term_string\"}}],\"inLanguage\":\"hr\"},{\"@type\":\"Organization\",\"@id\":\"https:\\\/\\\/clair.si\\\/#organization\",\"name\":\"Clair\",\"url\":\"https:\\\/\\\/clair.si\\\/\",\"logo\":{\"@type\":\"ImageObject\",\"inLanguage\":\"hr\",\"@id\":\"https:\\\/\\\/clair.si\\\/#\\\/schema\\\/logo\\\/image\\\/\",\"url\":\"https:\\\/\\\/clair.si\\\/wp-content\\\/uploads\\\/2022\\\/11\\\/clair_logo_2022.jpg\",\"contentUrl\":\"https:\\\/\\\/clair.si\\\/wp-content\\\/uploads\\\/2022\\\/11\\\/clair_logo_2022.jpg\",\"width\":1920,\"height\":1920,\"caption\":\"Clair\"},\"image\":{\"@id\":\"https:\\\/\\\/clair.si\\\/#\\\/schema\\\/logo\\\/image\\\/\"},\"sameAs\":[\"https:\\\/\\\/www.facebook.com\\\/TrgovinaClair\\\/\"]}]}<\/script>\n<!-- \/ Yoast SEO plugin. -->","yoast_head_json":{"title":"Cavalor Derma Spray - Clair","description":"\u010cistilni probioti\u010dki sprej  Ja\u010da prirodnu obranu ko\u017ee  Poti\u010de zacjeljivanje Koli\u010dina: 250 ml","robots":{"index":"index","follow":"follow","max-snippet":"max-snippet:-1","max-image-preview":"max-image-preview:large","max-video-preview":"max-video-preview:-1"},"canonical":"https:\/\/clair.si\/hr\/izdelek\/cavalor-derma-spray\/","og_locale":"hr_HR","og_type":"article","og_title":"Cavalor Derma Spray - Clair","og_description":"\u010cistilni probioti\u010dki sprej  Ja\u010da prirodnu obranu ko\u017ee  Poti\u010de zacjeljivanje Koli\u010dina: 250 ml","og_url":"https:\/\/clair.si\/hr\/izdelek\/cavalor-derma-spray\/","og_site_name":"Clair","article_publisher":"https:\/\/www.facebook.com\/TrgovinaClair\/","article_modified_time":"2025-08-27T18:47:57+00:00","og_image":[{"width":550,"height":550,"url":"https:\/\/clair.si\/wp-content\/uploads\/2024\/01\/dermapsray1-jpg.webp","type":"image\/jpeg"}],"twitter_card":"summary_large_image","twitter_misc":{"Procijenjeno vrijeme \u010ditanja":"1 minuta"},"schema":{"@context":"https:\/\/schema.org","@graph":[{"@type":"WebPage","@id":"https:\/\/clair.si\/hr\/izdelek\/cavalor-derma-spray\/","url":"https:\/\/clair.si\/hr\/izdelek\/cavalor-derma-spray\/","name":"Cavalor Derma Spray - Clair","isPartOf":{"@id":"https:\/\/clair.si\/#website"},"primaryImageOfPage":{"@id":"https:\/\/clair.si\/hr\/izdelek\/cavalor-derma-spray\/#primaryimage"},"image":{"@id":"https:\/\/clair.si\/hr\/izdelek\/cavalor-derma-spray\/#primaryimage"},"thumbnailUrl":"https:\/\/clair.si\/wp-content\/uploads\/2024\/01\/dermapsray1-jpg.webp","datePublished":"2024-01-30T15:08:53+00:00","dateModified":"2025-08-27T18:47:57+00:00","description":"\u010cistilni probioti\u010dki sprej Ja\u010da prirodnu obranu ko\u017ee Poti\u010de zacjeljivanje Koli\u010dina: 250 ml","breadcrumb":{"@id":"https:\/\/clair.si\/hr\/izdelek\/cavalor-derma-spray\/#breadcrumb"},"inLanguage":"hr","potentialAction":[{"@type":"ReadAction","target":["https:\/\/clair.si\/hr\/izdelek\/cavalor-derma-spray\/"]}]},{"@type":"ImageObject","inLanguage":"hr","@id":"https:\/\/clair.si\/hr\/izdelek\/cavalor-derma-spray\/#primaryimage","url":"https:\/\/clair.si\/wp-content\/uploads\/2024\/01\/dermapsray1-jpg.webp","contentUrl":"https:\/\/clair.si\/wp-content\/uploads\/2024\/01\/dermapsray1-jpg.webp","width":550,"height":550},{"@type":"BreadcrumbList","@id":"https:\/\/clair.si\/hr\/izdelek\/cavalor-derma-spray\/#breadcrumb","itemListElement":[{"@type":"ListItem","position":1,"name":"Home","item":"https:\/\/clair.si\/hr\/"},{"@type":"ListItem","position":2,"name":"Trgovina","item":"https:\/\/clair.si\/trgovina\/"},{"@type":"ListItem","position":3,"name":"Cavalor Derma Spray"}]},{"@type":"WebSite","@id":"https:\/\/clair.si\/#website","url":"https:\/\/clair.si\/","name":"Clair","description":"Trgovina s konjeni\u0161ko opremo","publisher":{"@id":"https:\/\/clair.si\/#organization"},"potentialAction":[{"@type":"SearchAction","target":{"@type":"EntryPoint","urlTemplate":"https:\/\/clair.si\/?s={search_term_string}"},"query-input":{"@type":"PropertyValueSpecification","valueRequired":true,"valueName":"search_term_string"}}],"inLanguage":"hr"},{"@type":"Organization","@id":"https:\/\/clair.si\/#organization","name":"Clair","url":"https:\/\/clair.si\/","logo":{"@type":"ImageObject","inLanguage":"hr","@id":"https:\/\/clair.si\/#\/schema\/logo\/image\/","url":"https:\/\/clair.si\/wp-content\/uploads\/2022\/11\/clair_logo_2022.jpg","contentUrl":"https:\/\/clair.si\/wp-content\/uploads\/2022\/11\/clair_logo_2022.jpg","width":1920,"height":1920,"caption":"Clair"},"image":{"@id":"https:\/\/clair.si\/#\/schema\/logo\/image\/"},"sameAs":["https:\/\/www.facebook.com\/TrgovinaClair\/"]}]}},"_links":{"self":[{"href":"https:\/\/clair.si\/hr\/wp-json\/wp\/v2\/product\/96858","targetHints":{"allow":["GET"]}}],"collection":[{"href":"https:\/\/clair.si\/hr\/wp-json\/wp\/v2\/product"}],"about":[{"href":"https:\/\/clair.si\/hr\/wp-json\/wp\/v2\/types\/product"}],"version-history":[{"count":0,"href":"https:\/\/clair.si\/hr\/wp-json\/wp\/v2\/product\/96858\/revisions"}],"wp:featuredmedia":[{"embeddable":true,"href":"https:\/\/clair.si\/hr\/wp-json\/wp\/v2\/media\/96866"}],"wp:attachment":[{"href":"https:\/\/clair.si\/hr\/wp-json\/wp\/v2\/media?parent=96858"}],"wp:term":[{"taxonomy":"product_brand","embeddable":true,"href":"https:\/\/clair.si\/hr\/wp-json\/wp\/v2\/product_brand?post=96858"},{"taxonomy":"product_cat","embeddable":true,"href":"https:\/\/clair.si\/hr\/wp-json\/wp\/v2\/product_cat?post=96858"},{"taxonomy":"product_tag","embeddable":true,"href":"https:\/\/clair.si\/hr\/wp-json\/wp\/v2\/product_tag?post=96858"}],"curies":[{"name":"wp","href":"https:\/\/api.w.org\/{rel}","templated":true}]}}